{"id":393317,"date":"2024-10-23T10:16:32","date_gmt":"2024-10-23T10:16:32","guid":{"rendered":"https:\/\/gr-100.com\/?post_type=product&#038;p=393317"},"modified":"2025-12-05T14:15:40","modified_gmt":"2025-12-05T12:15:40","slug":"specialized-guantes-body-geometry-grail","status":"publish","type":"product","link":"https:\/\/gr-100.com\/en\/producto\/specialized-guantes-body-geometry-grail\/","title":{"rendered":"Specialized Guantes Body Geometry Grail"},"content":{"rendered":"<ul>\n<li>Palma en piel sint\u00e9tica Clarino\u2122 que proporciona durabilidad sin sacrificar tacto.<\/li>\n<li>La almohadilla Body Geometry Equalizer \u2122 fue desarrollada por el Dr. Kyle Bickel M.D. para llenar los huecos de la palma y crear una superficie uniforme sobre la mano. El resultado positivo es un mejor flujo sangu\u00edneo, lo que reducir\u00e1 en gran medida el entumecimiento y mejorar\u00e1 enormemente la comodidad general.<\/li>\n<li>El pu\u00f1o c\u00f3nico y deslizante le brinda un dise\u00f1o limpio, n\u00edtida y minimalista para una comodidad sin restricciones.<\/li>\n<li>La parte superior de malla transpirable es suave, c\u00f3moda y est\u00e1 hecha de materiales de alta elasticidad.<\/li>\n<li>El pulgar Microwipe \u2122 suave y absorbente elimina el sudor con facilidad.<\/li>\n<li>Compatible con pantallas t\u00e1ctiles.<\/li>\n<li>PRINCIPAL: 92% poli\u00e9ster, 8% PU &#8211; PALMA: 60% nailon, 40% PU<\/li>\n<\/ul>\n","protected":false},"excerpt":{"rendered":"<p>Con un sistema patentado de almohadillas dise\u00f1ado por el Dr. Kyle Bickel M.D., nuestros guantes de dedos largos Grail est\u00e1n dise\u00f1ados ergon\u00f3micamente para brindar el mejor ajuste y protecci\u00f3n posibles. Est\u00e1n cient\u00edficamente probados para ayudar a reducir el entumecimiento de las manos al mejorar la circulaci\u00f3n y equilibrar la presi\u00f3n en los tejidos blandos de la mano. Adem\u00e1s, encontrar\u00e1 una palma de cuero sint\u00e9tico duradero, malla transpirable en la parte superior de la mano, tecnolog\u00eda Wiretap\u2122 compatible con pantalla t\u00e1ctil y nuestro aclamado acolchado de gel Equalizer\u2122 en la palma.<\/p>\n","protected":false},"featured_media":393687,"comment_status":"open","ping_status":"closed","template":"","meta":{"_acf_changed":false,"_et_pb_use_builder":"","_et_pb_old_content":"","_et_gb_content_width":"","inline_featured_image":false},"product_brand":[],"product_cat":[50,52],"product_tag":[],"class_list":{"0":"post-393317","1":"product","2":"type-product","3":"status-publish","4":"has-post-thumbnail","6":"product_cat-equipaciones","7":"product_cat-guantes","9":"first","10":"instock","11":"taxable","12":"shipping-taxable","13":"purchasable","14":"product-type-variable","15":"has-default-attributes","16":"wvs-archive-product-wrapper"},"acf":[],"yoast_head":"<!-- This site is optimized with the Yoast SEO Premium plugin v26.7 (Yoast SEO v26.7) - https:\/\/yoast.com\/wordpress\/plugins\/seo\/ -->\n<title>Specialized Guantes Body Geometry Grail GR-100<\/title>\n<meta name=\"description\" content=\"Con un sistema patentado de almohadillas dise\u00f1ado por el Dr. Kyle Bickel M.D., nuestros guantes de dedos largos Grail est\u00e1n dise\u00f1ados ergon\u00f3micamente\" \/>\n<meta name=\"robots\" content=\"index, follow, max-snippet:-1, max-image-preview:large, max-video-preview:-1\" \/>\n<link rel=\"canonical\" href=\"https:\/\/gr-100.com\/producto\/specialized-guantes-body-geometry-grail\/\" \/>\n<meta property=\"og:locale\" content=\"en_US\" \/>\n<meta property=\"og:type\" content=\"article\" \/>\n<meta property=\"og:title\" content=\"Specialized Guantes Body Geometry Grail\" \/>\n<meta property=\"og:description\" content=\"Con un sistema patentado de almohadillas dise\u00f1ado por el Dr. Kyle Bickel M.D., nuestros guantes de dedos largos Grail est\u00e1n dise\u00f1ados ergon\u00f3micamente\" \/>\n<meta property=\"og:url\" content=\"https:\/\/gr-100.com\/producto\/specialized-guantes-body-geometry-grail\/\" \/>\n<meta property=\"og:site_name\" content=\"Gr-100 Tienda de ciclismo Specialized\" \/>\n<meta property=\"article:publisher\" content=\"https:\/\/www.facebook.com\/Gr100Bikes\" \/>\n<meta property=\"article:modified_time\" content=\"2025-12-05T12:15:40+00:00\" \/>\n<meta property=\"og:image\" content=\"https:\/\/gr-100.com\/wp-content\/uploads\/2024\/10\/Screenshot-of-Guantes-de-de-4.jpg\" \/>\n\t<meta property=\"og:image:width\" content=\"1000\" \/>\n\t<meta property=\"og:image:height\" content=\"1000\" \/>\n\t<meta property=\"og:image:type\" content=\"image\/jpeg\" \/>\n<meta name=\"twitter:card\" content=\"summary_large_image\" \/>\n<meta name=\"twitter:label1\" content=\"Est. reading time\" \/>\n\t<meta name=\"twitter:data1\" content=\"1 minute\" \/>\n<script type=\"application\/ld+json\" class=\"yoast-schema-graph\">{\"@context\":\"https:\/\/schema.org\",\"@graph\":[{\"@type\":\"WebPage\",\"@id\":\"https:\/\/gr-100.com\/producto\/specialized-guantes-body-geometry-grail\/\",\"url\":\"https:\/\/gr-100.com\/producto\/specialized-guantes-body-geometry-grail\/\",\"name\":\"Specialized Guantes Body Geometry Grail GR-100\",\"isPartOf\":{\"@id\":\"https:\/\/gr-100.com\/#website\"},\"primaryImageOfPage\":{\"@id\":\"https:\/\/gr-100.com\/producto\/specialized-guantes-body-geometry-grail\/#primaryimage\"},\"image\":{\"@id\":\"https:\/\/gr-100.com\/producto\/specialized-guantes-body-geometry-grail\/#primaryimage\"},\"thumbnailUrl\":\"https:\/\/gr-100.com\/wp-content\/uploads\/2024\/10\/Screenshot-of-Guantes-de-de-4.jpg\",\"datePublished\":\"2024-10-23T10:16:32+00:00\",\"dateModified\":\"2025-12-05T12:15:40+00:00\",\"description\":\"Con un sistema patentado de almohadillas dise\u00f1ado por el Dr. Kyle Bickel M.D., nuestros guantes de dedos largos Grail est\u00e1n dise\u00f1ados ergon\u00f3micamente\",\"breadcrumb\":{\"@id\":\"https:\/\/gr-100.com\/producto\/specialized-guantes-body-geometry-grail\/#breadcrumb\"},\"inLanguage\":\"en-US\",\"potentialAction\":[{\"@type\":\"ReadAction\",\"target\":[\"https:\/\/gr-100.com\/producto\/specialized-guantes-body-geometry-grail\/\"]}]},{\"@type\":\"ImageObject\",\"inLanguage\":\"en-US\",\"@id\":\"https:\/\/gr-100.com\/producto\/specialized-guantes-body-geometry-grail\/#primaryimage\",\"url\":\"https:\/\/gr-100.com\/wp-content\/uploads\/2024\/10\/Screenshot-of-Guantes-de-de-4.jpg\",\"contentUrl\":\"https:\/\/gr-100.com\/wp-content\/uploads\/2024\/10\/Screenshot-of-Guantes-de-de-4.jpg\",\"width\":1000,\"height\":1000},{\"@type\":\"BreadcrumbList\",\"@id\":\"https:\/\/gr-100.com\/producto\/specialized-guantes-body-geometry-grail\/#breadcrumb\",\"itemListElement\":[{\"@type\":\"ListItem\",\"position\":1,\"name\":\"Portada\",\"item\":\"https:\/\/gr-100.com\/pt-pt\/\"},{\"@type\":\"ListItem\",\"position\":2,\"name\":\"Productos\",\"item\":\"https:\/\/gr-100.com\/?post_type=product\"},{\"@type\":\"ListItem\",\"position\":3,\"name\":\"Specialized Guantes Body Geometry Grail\"}]},{\"@type\":\"WebSite\",\"@id\":\"https:\/\/gr-100.com\/#website\",\"url\":\"https:\/\/gr-100.com\/\",\"name\":\"Gr-100 Tienda de ciclismo Specialized\",\"description\":\"GR-100 tenemos todas las gamas de bicicletas Specialized al mejor precio.\",\"publisher\":{\"@id\":\"https:\/\/gr-100.com\/#organization\"},\"alternateName\":\"Gr-100 Bikes\",\"potentialAction\":[{\"@type\":\"SearchAction\",\"target\":{\"@type\":\"EntryPoint\",\"urlTemplate\":\"https:\/\/gr-100.com\/?s={search_term_string}\"},\"query-input\":{\"@type\":\"PropertyValueSpecification\",\"valueRequired\":true,\"valueName\":\"search_term_string\"}}],\"inLanguage\":\"en-US\"},{\"@type\":\"Organization\",\"@id\":\"https:\/\/gr-100.com\/#organization\",\"name\":\"Gr-100\",\"url\":\"https:\/\/gr-100.com\/\",\"logo\":{\"@type\":\"ImageObject\",\"inLanguage\":\"en-US\",\"@id\":\"https:\/\/gr-100.com\/#\/schema\/logo\/image\/\",\"url\":\"https:\/\/gr-100.com\/wp-content\/uploads\/2023\/08\/logo-gr-100-bikes.png\",\"contentUrl\":\"https:\/\/gr-100.com\/wp-content\/uploads\/2023\/08\/logo-gr-100-bikes.png\",\"width\":707,\"height\":284,\"caption\":\"Gr-100\"},\"image\":{\"@id\":\"https:\/\/gr-100.com\/#\/schema\/logo\/image\/\"},\"sameAs\":[\"https:\/\/www.facebook.com\/Gr100Bikes\",\"https:\/\/www.instagram.com\/gr100bikes\/\",\"https:\/\/www.tiktok.com\/@gr100bikes\",\"https:\/\/twitter.com\/gr100mtbteam\",\"https:\/\/www.youtube.com\/c\/GR100Specialized\"]}]}<\/script>\n<!-- \/ Yoast SEO Premium plugin. -->","yoast_head_json":{"title":"Specialized Guantes Body Geometry Grail GR-100","description":"Con un sistema patentado de almohadillas dise\u00f1ado por el Dr. Kyle Bickel M.D., nuestros guantes de dedos largos Grail est\u00e1n dise\u00f1ados ergon\u00f3micamente","robots":{"index":"index","follow":"follow","max-snippet":"max-snippet:-1","max-image-preview":"max-image-preview:large","max-video-preview":"max-video-preview:-1"},"canonical":"https:\/\/gr-100.com\/producto\/specialized-guantes-body-geometry-grail\/","og_locale":"en_US","og_type":"article","og_title":"Specialized Guantes Body Geometry Grail","og_description":"Con un sistema patentado de almohadillas dise\u00f1ado por el Dr. Kyle Bickel M.D., nuestros guantes de dedos largos Grail est\u00e1n dise\u00f1ados ergon\u00f3micamente","og_url":"https:\/\/gr-100.com\/producto\/specialized-guantes-body-geometry-grail\/","og_site_name":"Gr-100 Tienda de ciclismo Specialized","article_publisher":"https:\/\/www.facebook.com\/Gr100Bikes","article_modified_time":"2025-12-05T12:15:40+00:00","og_image":[{"width":1000,"height":1000,"url":"https:\/\/gr-100.com\/wp-content\/uploads\/2024\/10\/Screenshot-of-Guantes-de-de-4.jpg","type":"image\/jpeg"}],"twitter_card":"summary_large_image","twitter_misc":{"Est. reading time":"1 minute"},"schema":{"@context":"https:\/\/schema.org","@graph":[{"@type":"WebPage","@id":"https:\/\/gr-100.com\/producto\/specialized-guantes-body-geometry-grail\/","url":"https:\/\/gr-100.com\/producto\/specialized-guantes-body-geometry-grail\/","name":"Specialized Guantes Body Geometry Grail GR-100","isPartOf":{"@id":"https:\/\/gr-100.com\/#website"},"primaryImageOfPage":{"@id":"https:\/\/gr-100.com\/producto\/specialized-guantes-body-geometry-grail\/#primaryimage"},"image":{"@id":"https:\/\/gr-100.com\/producto\/specialized-guantes-body-geometry-grail\/#primaryimage"},"thumbnailUrl":"https:\/\/gr-100.com\/wp-content\/uploads\/2024\/10\/Screenshot-of-Guantes-de-de-4.jpg","datePublished":"2024-10-23T10:16:32+00:00","dateModified":"2025-12-05T12:15:40+00:00","description":"Con un sistema patentado de almohadillas dise\u00f1ado por el Dr. Kyle Bickel M.D., nuestros guantes de dedos largos Grail est\u00e1n dise\u00f1ados ergon\u00f3micamente","breadcrumb":{"@id":"https:\/\/gr-100.com\/producto\/specialized-guantes-body-geometry-grail\/#breadcrumb"},"inLanguage":"en-US","potentialAction":[{"@type":"ReadAction","target":["https:\/\/gr-100.com\/producto\/specialized-guantes-body-geometry-grail\/"]}]},{"@type":"ImageObject","inLanguage":"en-US","@id":"https:\/\/gr-100.com\/producto\/specialized-guantes-body-geometry-grail\/#primaryimage","url":"https:\/\/gr-100.com\/wp-content\/uploads\/2024\/10\/Screenshot-of-Guantes-de-de-4.jpg","contentUrl":"https:\/\/gr-100.com\/wp-content\/uploads\/2024\/10\/Screenshot-of-Guantes-de-de-4.jpg","width":1000,"height":1000},{"@type":"BreadcrumbList","@id":"https:\/\/gr-100.com\/producto\/specialized-guantes-body-geometry-grail\/#breadcrumb","itemListElement":[{"@type":"ListItem","position":1,"name":"Portada","item":"https:\/\/gr-100.com\/pt-pt\/"},{"@type":"ListItem","position":2,"name":"Productos","item":"https:\/\/gr-100.com\/?post_type=product"},{"@type":"ListItem","position":3,"name":"Specialized Guantes Body Geometry Grail"}]},{"@type":"WebSite","@id":"https:\/\/gr-100.com\/#website","url":"https:\/\/gr-100.com\/","name":"Gr-100 Tienda de ciclismo Specialized","description":"GR-100 tenemos todas las gamas de bicicletas Specialized al mejor precio.","publisher":{"@id":"https:\/\/gr-100.com\/#organization"},"alternateName":"Gr-100 Bikes","potentialAction":[{"@type":"SearchAction","target":{"@type":"EntryPoint","urlTemplate":"https:\/\/gr-100.com\/?s={search_term_string}"},"query-input":{"@type":"PropertyValueSpecification","valueRequired":true,"valueName":"search_term_string"}}],"inLanguage":"en-US"},{"@type":"Organization","@id":"https:\/\/gr-100.com\/#organization","name":"Gr-100","url":"https:\/\/gr-100.com\/","logo":{"@type":"ImageObject","inLanguage":"en-US","@id":"https:\/\/gr-100.com\/#\/schema\/logo\/image\/","url":"https:\/\/gr-100.com\/wp-content\/uploads\/2023\/08\/logo-gr-100-bikes.png","contentUrl":"https:\/\/gr-100.com\/wp-content\/uploads\/2023\/08\/logo-gr-100-bikes.png","width":707,"height":284,"caption":"Gr-100"},"image":{"@id":"https:\/\/gr-100.com\/#\/schema\/logo\/image\/"},"sameAs":["https:\/\/www.facebook.com\/Gr100Bikes","https:\/\/www.instagram.com\/gr100bikes\/","https:\/\/www.tiktok.com\/@gr100bikes","https:\/\/twitter.com\/gr100mtbteam","https:\/\/www.youtube.com\/c\/GR100Specialized"]}]}},"_links":{"self":[{"href":"https:\/\/gr-100.com\/en\/wp-json\/wp\/v2\/product\/393317","targetHints":{"allow":["GET"]}}],"collection":[{"href":"https:\/\/gr-100.com\/en\/wp-json\/wp\/v2\/product"}],"about":[{"href":"https:\/\/gr-100.com\/en\/wp-json\/wp\/v2\/types\/product"}],"replies":[{"embeddable":true,"href":"https:\/\/gr-100.com\/en\/wp-json\/wp\/v2\/comments?post=393317"}],"wp:featuredmedia":[{"embeddable":true,"href":"https:\/\/gr-100.com\/en\/wp-json\/wp\/v2\/media\/393687"}],"wp:attachment":[{"href":"https:\/\/gr-100.com\/en\/wp-json\/wp\/v2\/media?parent=393317"}],"wp:term":[{"taxonomy":"product_brand","embeddable":true,"href":"https:\/\/gr-100.com\/en\/wp-json\/wp\/v2\/product_brand?post=393317"},{"taxonomy":"product_cat","embeddable":true,"href":"https:\/\/gr-100.com\/en\/wp-json\/wp\/v2\/product_cat?post=393317"},{"taxonomy":"product_tag","embeddable":true,"href":"https:\/\/gr-100.com\/en\/wp-json\/wp\/v2\/product_tag?post=393317"}],"curies":[{"name":"wp","href":"https:\/\/api.w.org\/{rel}","templated":true}]}}