{"id":395281,"date":"2024-11-07T18:07:14","date_gmt":"2024-11-07T18:07:14","guid":{"rendered":"https:\/\/gr-100.com\/?post_type=product&#038;p=395281"},"modified":"2025-11-27T11:04:07","modified_gmt":"2025-11-27T09:04:07","slug":"specialized-ambush-2-bf","status":"publish","type":"product","link":"https:\/\/gr-100.com\/en\/producto\/specialized-ambush-2-bf\/","title":{"rendered":"Specialized Ambush II"},"content":{"rendered":"<ul>\n<li>Con un ajuste a un altamente personalizable y de precisi\u00f3n. El Ambush 2 cuenta con nuestro sistema de ajuste integrado SBC con hebillas Tri-Fix ajustables para proporcionar un ajuste perfecto.<\/li>\n<li>Ajusta el casco con el ajuste de la base occipital Ambush 2 para ajustar con precisi\u00f3n el casco en la frente para tener una integraci\u00f3n perfecta con gafas y m\u00e1scaras y tener una visi\u00f3n sin restricciones en los senderos.<\/li>\n<li>El innovador soporte con solapas de goma, mantienen las gafas en su lugar de una manera segura y sin traqueteos, cuando necesitas quit\u00e1rtelas en subidas largas o durante tus descansos.<\/li>\n<li>El dise\u00f1o Computational Fluid Dynamic integra el volumen m\u00e1ximo de canalizaci\u00f3n interna para un flujo de aire \u00f3ptimo a trav\u00e9s del casco, alejando el calor de la cabeza. El enfriamiento de frente 4D, proporciona un espacio extra entre el casco y la frente, y conduce el flujo de aire hacia los canales internos seg\u00fan la velocidad.<\/li>\n<li>La visera integrada fija con funci\u00f3n de ruptura proporciona una mejor visi\u00f3n en el sendero y una interfaz perfecta con las gafas mientras canaliza de manera efectiva el flujo de aire a trav\u00e9s del casco para una ventilaci\u00f3n excelente.<\/li>\n<li>La espuma EPS de doble densidad optimizada estrat\u00e9gicamente elimina volumen y reduce peso.<\/li>\n<li>El Ambush 2 obtuvo la calificaci\u00f3n m\u00e1s alta de 5 estrellas Virginia Tech\u00ae Helmet Rating \u2122 del Instituto<\/li>\n<li>Polit\u00e9cnico de Virginia y la Universidad Estatal, de renombre internacional.<\/li>\n<li>Cuenta con la soluci\u00f3n MIPS SL con nuestro exclusivo soporte perforado. La integraci\u00f3n de la tecnolog\u00eda MIPS dentro del acolchado del casco reduce la retenci\u00f3n de humedad al tiempo que aumenta la transpirabilidad.<\/li>\n<li>Este casco es ANGi ready, con un soporte de sistema de ajuste dise\u00f1ado para una f\u00e1cil integraci\u00f3n con nuestro sensor de impacto ANGi.<\/li>\n<li>Peso: 360 gramos (talla M).<\/li>\n<\/ul>\n","protected":false},"excerpt":{"rendered":"<p>Atr\u00e9vete a a todo con el nuevo Ambush 2. Totalmente redise\u00f1ado desde dentro hacia fuera con caracter\u00edsticas esenciales para los senderos y MTB de hoy en d\u00eda. El Ambush 2 ofrece una gran ventilaci\u00f3n, con un estilo moderno, un excelente ajuste y la integraci\u00f3n de un sistema para sujetar las gafas cuando no las necesitamos.<\/p>\n","protected":false},"featured_media":279778,"comment_status":"closed","ping_status":"closed","template":"","meta":{"_acf_changed":false,"_et_pb_use_builder":"","_et_pb_old_content":"","_et_gb_content_width":"","inline_featured_image":false},"product_brand":[],"product_cat":[26,46,2409],"product_tag":[],"class_list":{"0":"post-395281","1":"product","2":"type-product","3":"status-publish","4":"has-post-thumbnail","6":"product_cat-accesorios","7":"product_cat-cascos","8":"product_cat-ofertas-specialized","9":"product_shipping_class-accesorios","11":"first","12":"outofstock","13":"taxable","14":"shipping-taxable","15":"product-type-variable","16":"wvs-archive-product-wrapper"},"acf":[],"yoast_head":"<!-- This site is optimized with the Yoast SEO Premium plugin v26.7 (Yoast SEO v26.7) - https:\/\/yoast.com\/wordpress\/plugins\/seo\/ -->\n<title>Specialized Ambush II<\/title>\n<meta name=\"description\" content=\"Protege tu cabeza con el casco Specialized Ambush II. Dise\u00f1o aerodin\u00e1mico y tecnolog\u00eda de seguridad avanzada. \u00a1Cons\u00edguelo en GR-100!\" \/>\n<meta name=\"robots\" content=\"index, follow, max-snippet:-1, max-image-preview:large, max-video-preview:-1\" \/>\n<link rel=\"canonical\" href=\"https:\/\/gr-100.com\/producto\/specialized-ambush-2-bf\/\" \/>\n<meta property=\"og:locale\" content=\"en_US\" \/>\n<meta property=\"og:type\" content=\"article\" \/>\n<meta property=\"og:title\" content=\"Specialized Ambush II\" \/>\n<meta property=\"og:description\" content=\"Protege tu cabeza con el casco Specialized Ambush II. Dise\u00f1o aerodin\u00e1mico y tecnolog\u00eda de seguridad avanzada. \u00a1Cons\u00edguelo en GR-100!\" \/>\n<meta property=\"og:url\" content=\"https:\/\/gr-100.com\/producto\/specialized-ambush-2-bf\/\" \/>\n<meta property=\"og:site_name\" content=\"Gr-100 Tienda de ciclismo Specialized\" \/>\n<meta property=\"article:publisher\" content=\"https:\/\/www.facebook.com\/Gr100Bikes\" \/>\n<meta property=\"article:modified_time\" content=\"2025-11-27T09:04:07+00:00\" \/>\n<meta property=\"og:image\" content=\"https:\/\/gr-100.com\/wp-content\/uploads\/2024\/05\/5CASCO-APERTO-SPECIALIZED-A.jpg\" \/>\n\t<meta property=\"og:image:width\" content=\"1000\" \/>\n\t<meta property=\"og:image:height\" content=\"1000\" \/>\n\t<meta property=\"og:image:type\" content=\"image\/jpeg\" \/>\n<meta name=\"twitter:card\" content=\"summary_large_image\" \/>\n<meta name=\"twitter:label1\" content=\"Est. reading time\" \/>\n\t<meta name=\"twitter:data1\" content=\"2 minutes\" \/>\n<script type=\"application\/ld+json\" class=\"yoast-schema-graph\">{\"@context\":\"https:\/\/schema.org\",\"@graph\":[{\"@type\":\"WebPage\",\"@id\":\"https:\/\/gr-100.com\/producto\/specialized-ambush-2-bf\/\",\"url\":\"https:\/\/gr-100.com\/producto\/specialized-ambush-2-bf\/\",\"name\":\"Specialized Ambush II\",\"isPartOf\":{\"@id\":\"https:\/\/gr-100.com\/#website\"},\"primaryImageOfPage\":{\"@id\":\"https:\/\/gr-100.com\/producto\/specialized-ambush-2-bf\/#primaryimage\"},\"image\":{\"@id\":\"https:\/\/gr-100.com\/producto\/specialized-ambush-2-bf\/#primaryimage\"},\"thumbnailUrl\":\"https:\/\/gr-100.com\/wp-content\/uploads\/2024\/05\/5CASCO-APERTO-SPECIALIZED-A.jpg\",\"datePublished\":\"2024-11-07T18:07:14+00:00\",\"dateModified\":\"2025-11-27T09:04:07+00:00\",\"description\":\"Protege tu cabeza con el casco Specialized Ambush II. Dise\u00f1o aerodin\u00e1mico y tecnolog\u00eda de seguridad avanzada. \u00a1Cons\u00edguelo en GR-100!\",\"breadcrumb\":{\"@id\":\"https:\/\/gr-100.com\/producto\/specialized-ambush-2-bf\/#breadcrumb\"},\"inLanguage\":\"en-US\",\"potentialAction\":[{\"@type\":\"ReadAction\",\"target\":[\"https:\/\/gr-100.com\/producto\/specialized-ambush-2-bf\/\"]}]},{\"@type\":\"ImageObject\",\"inLanguage\":\"en-US\",\"@id\":\"https:\/\/gr-100.com\/producto\/specialized-ambush-2-bf\/#primaryimage\",\"url\":\"https:\/\/gr-100.com\/wp-content\/uploads\/2024\/05\/5CASCO-APERTO-SPECIALIZED-A.jpg\",\"contentUrl\":\"https:\/\/gr-100.com\/wp-content\/uploads\/2024\/05\/5CASCO-APERTO-SPECIALIZED-A.jpg\",\"width\":1000,\"height\":1000},{\"@type\":\"BreadcrumbList\",\"@id\":\"https:\/\/gr-100.com\/producto\/specialized-ambush-2-bf\/#breadcrumb\",\"itemListElement\":[{\"@type\":\"ListItem\",\"position\":1,\"name\":\"Portada\",\"item\":\"https:\/\/gr-100.com\/pt-pt\/\"},{\"@type\":\"ListItem\",\"position\":2,\"name\":\"Productos\",\"item\":\"https:\/\/gr-100.com\/?post_type=product\"},{\"@type\":\"ListItem\",\"position\":3,\"name\":\"Specialized Ambush II\"}]},{\"@type\":\"WebSite\",\"@id\":\"https:\/\/gr-100.com\/#website\",\"url\":\"https:\/\/gr-100.com\/\",\"name\":\"Gr-100 Tienda de ciclismo Specialized\",\"description\":\"GR-100 tenemos todas las gamas de bicicletas Specialized al mejor precio.\",\"publisher\":{\"@id\":\"https:\/\/gr-100.com\/#organization\"},\"alternateName\":\"Gr-100 Bikes\",\"potentialAction\":[{\"@type\":\"SearchAction\",\"target\":{\"@type\":\"EntryPoint\",\"urlTemplate\":\"https:\/\/gr-100.com\/?s={search_term_string}\"},\"query-input\":{\"@type\":\"PropertyValueSpecification\",\"valueRequired\":true,\"valueName\":\"search_term_string\"}}],\"inLanguage\":\"en-US\"},{\"@type\":\"Organization\",\"@id\":\"https:\/\/gr-100.com\/#organization\",\"name\":\"Gr-100\",\"url\":\"https:\/\/gr-100.com\/\",\"logo\":{\"@type\":\"ImageObject\",\"inLanguage\":\"en-US\",\"@id\":\"https:\/\/gr-100.com\/#\/schema\/logo\/image\/\",\"url\":\"https:\/\/gr-100.com\/wp-content\/uploads\/2023\/08\/logo-gr-100-bikes.png\",\"contentUrl\":\"https:\/\/gr-100.com\/wp-content\/uploads\/2023\/08\/logo-gr-100-bikes.png\",\"width\":707,\"height\":284,\"caption\":\"Gr-100\"},\"image\":{\"@id\":\"https:\/\/gr-100.com\/#\/schema\/logo\/image\/\"},\"sameAs\":[\"https:\/\/www.facebook.com\/Gr100Bikes\",\"https:\/\/www.instagram.com\/gr100bikes\/\",\"https:\/\/www.tiktok.com\/@gr100bikes\",\"https:\/\/twitter.com\/gr100mtbteam\",\"https:\/\/www.youtube.com\/c\/GR100Specialized\"]}]}<\/script>\n<!-- \/ Yoast SEO Premium plugin. -->","yoast_head_json":{"title":"Specialized Ambush II","description":"Protege tu cabeza con el casco Specialized Ambush II. Dise\u00f1o aerodin\u00e1mico y tecnolog\u00eda de seguridad avanzada. \u00a1Cons\u00edguelo en GR-100!","robots":{"index":"index","follow":"follow","max-snippet":"max-snippet:-1","max-image-preview":"max-image-preview:large","max-video-preview":"max-video-preview:-1"},"canonical":"https:\/\/gr-100.com\/producto\/specialized-ambush-2-bf\/","og_locale":"en_US","og_type":"article","og_title":"Specialized Ambush II","og_description":"Protege tu cabeza con el casco Specialized Ambush II. Dise\u00f1o aerodin\u00e1mico y tecnolog\u00eda de seguridad avanzada. \u00a1Cons\u00edguelo en GR-100!","og_url":"https:\/\/gr-100.com\/producto\/specialized-ambush-2-bf\/","og_site_name":"Gr-100 Tienda de ciclismo Specialized","article_publisher":"https:\/\/www.facebook.com\/Gr100Bikes","article_modified_time":"2025-11-27T09:04:07+00:00","og_image":[{"width":1000,"height":1000,"url":"https:\/\/gr-100.com\/wp-content\/uploads\/2024\/05\/5CASCO-APERTO-SPECIALIZED-A.jpg","type":"image\/jpeg"}],"twitter_card":"summary_large_image","twitter_misc":{"Est. reading time":"2 minutes"},"schema":{"@context":"https:\/\/schema.org","@graph":[{"@type":"WebPage","@id":"https:\/\/gr-100.com\/producto\/specialized-ambush-2-bf\/","url":"https:\/\/gr-100.com\/producto\/specialized-ambush-2-bf\/","name":"Specialized Ambush II","isPartOf":{"@id":"https:\/\/gr-100.com\/#website"},"primaryImageOfPage":{"@id":"https:\/\/gr-100.com\/producto\/specialized-ambush-2-bf\/#primaryimage"},"image":{"@id":"https:\/\/gr-100.com\/producto\/specialized-ambush-2-bf\/#primaryimage"},"thumbnailUrl":"https:\/\/gr-100.com\/wp-content\/uploads\/2024\/05\/5CASCO-APERTO-SPECIALIZED-A.jpg","datePublished":"2024-11-07T18:07:14+00:00","dateModified":"2025-11-27T09:04:07+00:00","description":"Protege tu cabeza con el casco Specialized Ambush II. Dise\u00f1o aerodin\u00e1mico y tecnolog\u00eda de seguridad avanzada. \u00a1Cons\u00edguelo en GR-100!","breadcrumb":{"@id":"https:\/\/gr-100.com\/producto\/specialized-ambush-2-bf\/#breadcrumb"},"inLanguage":"en-US","potentialAction":[{"@type":"ReadAction","target":["https:\/\/gr-100.com\/producto\/specialized-ambush-2-bf\/"]}]},{"@type":"ImageObject","inLanguage":"en-US","@id":"https:\/\/gr-100.com\/producto\/specialized-ambush-2-bf\/#primaryimage","url":"https:\/\/gr-100.com\/wp-content\/uploads\/2024\/05\/5CASCO-APERTO-SPECIALIZED-A.jpg","contentUrl":"https:\/\/gr-100.com\/wp-content\/uploads\/2024\/05\/5CASCO-APERTO-SPECIALIZED-A.jpg","width":1000,"height":1000},{"@type":"BreadcrumbList","@id":"https:\/\/gr-100.com\/producto\/specialized-ambush-2-bf\/#breadcrumb","itemListElement":[{"@type":"ListItem","position":1,"name":"Portada","item":"https:\/\/gr-100.com\/pt-pt\/"},{"@type":"ListItem","position":2,"name":"Productos","item":"https:\/\/gr-100.com\/?post_type=product"},{"@type":"ListItem","position":3,"name":"Specialized Ambush II"}]},{"@type":"WebSite","@id":"https:\/\/gr-100.com\/#website","url":"https:\/\/gr-100.com\/","name":"Gr-100 Tienda de ciclismo Specialized","description":"GR-100 tenemos todas las gamas de bicicletas Specialized al mejor precio.","publisher":{"@id":"https:\/\/gr-100.com\/#organization"},"alternateName":"Gr-100 Bikes","potentialAction":[{"@type":"SearchAction","target":{"@type":"EntryPoint","urlTemplate":"https:\/\/gr-100.com\/?s={search_term_string}"},"query-input":{"@type":"PropertyValueSpecification","valueRequired":true,"valueName":"search_term_string"}}],"inLanguage":"en-US"},{"@type":"Organization","@id":"https:\/\/gr-100.com\/#organization","name":"Gr-100","url":"https:\/\/gr-100.com\/","logo":{"@type":"ImageObject","inLanguage":"en-US","@id":"https:\/\/gr-100.com\/#\/schema\/logo\/image\/","url":"https:\/\/gr-100.com\/wp-content\/uploads\/2023\/08\/logo-gr-100-bikes.png","contentUrl":"https:\/\/gr-100.com\/wp-content\/uploads\/2023\/08\/logo-gr-100-bikes.png","width":707,"height":284,"caption":"Gr-100"},"image":{"@id":"https:\/\/gr-100.com\/#\/schema\/logo\/image\/"},"sameAs":["https:\/\/www.facebook.com\/Gr100Bikes","https:\/\/www.instagram.com\/gr100bikes\/","https:\/\/www.tiktok.com\/@gr100bikes","https:\/\/twitter.com\/gr100mtbteam","https:\/\/www.youtube.com\/c\/GR100Specialized"]}]}},"_links":{"self":[{"href":"https:\/\/gr-100.com\/en\/wp-json\/wp\/v2\/product\/395281","targetHints":{"allow":["GET"]}}],"collection":[{"href":"https:\/\/gr-100.com\/en\/wp-json\/wp\/v2\/product"}],"about":[{"href":"https:\/\/gr-100.com\/en\/wp-json\/wp\/v2\/types\/product"}],"replies":[{"embeddable":true,"href":"https:\/\/gr-100.com\/en\/wp-json\/wp\/v2\/comments?post=395281"}],"wp:featuredmedia":[{"embeddable":true,"href":"https:\/\/gr-100.com\/en\/wp-json\/wp\/v2\/media\/279778"}],"wp:attachment":[{"href":"https:\/\/gr-100.com\/en\/wp-json\/wp\/v2\/media?parent=395281"}],"wp:term":[{"taxonomy":"product_brand","embeddable":true,"href":"https:\/\/gr-100.com\/en\/wp-json\/wp\/v2\/product_brand?post=395281"},{"taxonomy":"product_cat","embeddable":true,"href":"https:\/\/gr-100.com\/en\/wp-json\/wp\/v2\/product_cat?post=395281"},{"taxonomy":"product_tag","embeddable":true,"href":"https:\/\/gr-100.com\/en\/wp-json\/wp\/v2\/product_tag?post=395281"}],"curies":[{"name":"wp","href":"https:\/\/api.w.org\/{rel}","templated":true}]}}