{"id":396160,"date":"2024-11-15T11:28:20","date_gmt":"2024-11-15T11:28:20","guid":{"rendered":"https:\/\/gr-100.com\/?post_type=product&#038;p=396160"},"modified":"2026-04-08T12:46:22","modified_gmt":"2026-04-08T11:46:22","slug":"specialized-vado-4-0-igh-step-through-nb-2025","status":"publish","type":"product","link":"https:\/\/gr-100.com\/en\/producto\/specialized-vado-4-0-igh-step-through-nb-2025\/","title":{"rendered":"Specialized VADO 4.0 IGH Step Through NB 2025"},"content":{"rendered":"<div class=\"n4sEPd\">\n<div class=\"QFw9Te BLojaf\">\n<div id=\"ow6\">\n<div class=\"n4sEPd\">\n<div class=\"QFw9Te BLojaf\">\n<ul>\n<li id=\"ow6\"><span class=\"jCAhz ChMk0b\"><span class=\"ryNqvb\">El motor Turbo Full Power 2.0 y la bater\u00eda de 710 Wh ofrecen una experiencia de conducci\u00f3n incomparable, proporcionando una amplificaci\u00f3n suave, fluida e incre\u00edblemente silenciosa de tus esfuerzos, hasta 28 mph.<\/span><\/span> <span class=\"jCAhz ChMk0b\"><span class=\"ryNqvb\">El controlador integrado responde a las entradas de tu pedal, lo que da como resultado una amplificaci\u00f3n intuitiva de tus esfuerzos con una sensaci\u00f3n incre\u00edblemente natural.<\/span><\/span><\/li>\n<li><span class=\"jCAhz\"><span class=\"ryNqvb\">Aplicaci\u00f3n MasterMind y Specialized: la pantalla<\/span><\/span><span class=\"jCAhz\"><span class=\"ryNqvb\">MasterMind revela toda la informaci\u00f3n relevante sobre tu recorrido y permite ajustar en tiempo real los niveles de asistencia.<\/span><\/span> <span class=\"jCAhz\"><span class=\"ryNqvb\">MasterMind se integra perfectamente con la aplicaci\u00f3n Specialized para herramientas de optimizaci\u00f3n de rango, ajustes avanzados, diagn\u00f3sticos en el camino y m\u00e1s.<\/span><\/span><\/li>\n<li><span class=\"jCAhz\"><span class=\"ryNqvb\">El buje de engranaje interno (IGH) enviolo City con cambios continuos cuenta con un buje de engranaje interno espec\u00edficamente dise\u00f1ado y un controlador correspondiente.<\/span><\/span> <span class=\"jCAhz\"><span class=\"ryNqvb\">La tecnolog\u00eda manual continua es tan simple como ajustar el volumen de una radio.<\/span><\/span> <span class=\"jCAhz\"><span class=\"ryNqvb\">Esto permite a los ciclistas concentrarse en los aspectos importantes de un paseo en bicicleta, como el tr\u00e1fico o el paisaje.<\/span><\/span><span class=\"jCAhz\"><span class=\"ryNqvb\"> Eficiencia suave comprobada: dise\u00f1amos un mecanismo de prueba personalizado para analizar los baches incluso en la frecuencia m\u00e1s peque\u00f1a para aumentar la comodidad y la visi\u00f3n.<\/span><\/span><\/li>\n<li><span class=\"jCAhz\"><span class=\"ryNqvb\">Esa precisi\u00f3n, combinada con neum\u00e1ticos de mayor volumen y una horquilla de suspensi\u00f3n de 80 mm, allanar\u00e1 las carreteras ante tus ojos.<\/span><\/span><\/li>\n<li><span class=\"jCAhz\"><span class=\"ryNqvb\">Bloqueo del sistema Turbo: usa la aplicaci\u00f3n Specialized para desactivar el motor de tu bicicleta y activar la alarma del sensor de movimiento.<\/span><\/span> <span class=\"jCAhz\"><span class=\"ryNqvb\">Una vez bloqueado, el motor no se puede volver a activar excepto por el propietario.<\/span><\/span><\/li>\n<li><span class=\"jCAhz ChMk0b\"><span class=\"ryNqvb\">Bater\u00eda de tubo inferior totalmente integrada, extra\u00edble y bloqueable: f\u00e1cil de cargar, f\u00e1cil de asegurar.<\/span><\/span><\/li>\n<li><span class=\"jCAhz\"><span class=\"ryNqvb\">Equipada con guardabarros DRYTECH, luces LED delanteras y traseras y portaequipaje trasero HD con capacidad de 27 kg.<\/span><\/span> <span class=\"jCAhz ChMk0b\"><span class=\"ryNqvb\">El portaequipaje trasero es compatible con asientos de bicicleta para ni\u00f1os y la bicicleta tambi\u00e9n est\u00e1 clasificada para tirar de un remolque de eje pasante.<\/span><\/span><\/li>\n<li><span class=\"jCAhz ChMk0b\"><span class=\"jCAhz ChMk0b\"><span class=\"ryNqvb\">Autonom\u00eda prolongada: con una autonom\u00eda que te permite viajar en cualquier lugar, recorre hasta 56 millas (90 km) o 4 horas con una sola carga (modo ecol\u00f3gico).<\/span><\/span><\/span><\/li>\n<li><span class=\"jCAhz ChMk0b\"><span class=\"jCAhz ChMk0b\"><span class=\"ryNqvb\"><span class=\"Collapsible__ExpandItem open\" role=\"button\">ESPECIFICACIONES<\/span><\/span><\/span><\/span>\n<div class=\"spec-section\">\n<div class=\"product-specification\">\n<p>E-bike<\/p>\n<dl>\n<dt>MOTOR<\/dt>\n<dd>Specialized 2.0, 70Nm torque, custom tuned motor, 250W nominal<\/dd>\n<\/dl>\n<dl>\n<dt>UI\/REMOTE<\/dt>\n<dd>MasterMind TCD, w\/handlebar remote, built-in anti-theft feature, Bluetooth\u00ae connectivity, customizable display pages<\/dd>\n<\/dl>\n<dl>\n<dt>BATER\u00cdA<\/dt>\n<dd>Specialized U2-710, alloy casing, state of charge display, 710Wh<\/dd>\n<\/dl>\n<dl>\n<dt>CARGADOR<\/dt>\n<dd>Custom charger, 42V4A w\/ Rosenberger plug, 100-240V<\/dd>\n<\/dl>\n<dl>\n<dt>CABLEADO<\/dt>\n<dd>Custom wire harness<\/dd>\n<\/dl>\n<\/div>\n<div class=\"product-specification\">\n<p>Cockpit<\/p>\n<dl>\n<dt>POTENCIA<\/dt>\n<dd>Specialized Flowset, 3D-forged alloy, 20-degree rise, 31.8mm clamp<\/dd>\n<\/dl>\n<dl>\n<dt>MANILLAR<\/dt>\n<dd>Specialized, alloy, 15-degree backsweep, 46mm rise, 31.8mm<\/dd>\n<\/dl>\n<dl>\n<dt>PU\u00d1OS<\/dt>\n<dd>Specialized Body Geometry Contour, lock-on<\/dd>\n<\/dl>\n<dl>\n<dt>SILL\u00cdN<\/dt>\n<dd>Bridge Sport, Steel rails, 155mm<\/dd>\n<\/dl>\n<dl>\n<dt>TIJA DE SILL\u00cdN<\/dt>\n<dd>Spring suspension, alloy, 40mm travel, 30.9mm, 2-bolt clamp, 34.9mm sleeve<\/dd>\n<\/dl>\n<\/div>\n<div class=\"product-specification\">\n<p>Cuadro<\/p>\n<dl>\n<dt>CUADRO<\/dt>\n<dd>E5 Aluminum, bottom bracket motor mount, fully integrated &amp;lockable downtube battery, internal cable routing, lock and front rack mount, sliding dropout<\/dd>\n<\/dl>\n<dl>\n<dt>ABRAZ. SILL\u00cdN<\/dt>\n<dd>Alloy, bolt-type, 34.9mm<\/dd>\n<\/dl>\n<\/div>\n<div class=\"product-specification\">\n<p>Suspension<\/p>\n<dl>\n<dt>HORQUILLA<\/dt>\n<dd>SR Suntour MobieA32, 80mm travel, lockout, fender-mounts, integrated light mount<\/dd>\n<\/dl>\n<\/div>\n<div class=\"product-specification\">\n<p>Brakes<\/p>\n<dl>\n<dt>FRENO DELANTERO<\/dt>\n<dd>SRAM Level, 2-piston caliper, hydraulic disc, 180mm<\/dd>\n<\/dl>\n<dl>\n<dt>FRENO TRASERO<\/dt>\n<dd>SRAM Level, 2-piston caliper, hydraulic disc, 180mm<\/dd>\n<\/dl>\n<\/div>\n<div class=\"product-specification\">\n<p>Drivetrain<\/p>\n<dl>\n<dt>CAMBIO<\/dt>\n<dd>enviolo CVP Multi-Turn<\/dd>\n<\/dl>\n<dl>\n<dt>MANDOS DE CAMBIO<\/dt>\n<dd>enviolo Twist Display Pure<\/dd>\n<\/dl>\n<dl>\n<dt>CASETE<\/dt>\n<dd>Gates Carbon Drive CDX 22t sprocket, silver<\/dd>\n<\/dl>\n<dl>\n<dt>CADENA<\/dt>\n<dd>Gates Carbon Drive CDX 122t belt, black<\/dd>\n<\/dl>\n<dl>\n<dt>PEDALIER<\/dt>\n<dd>Custom alloy forged crankarms, 170mm<\/dd>\n<\/dl>\n<dl>\n<dt>PLATOS<\/dt>\n<dd>Gates Carbon Drive CDX 50T chainring, black<\/dd>\n<\/dl>\n<dl>\n<dt>PROTECTOR DE CADENA<\/dt>\n<dd>Custom chaincover<\/dd>\n<\/dl>\n<\/div>\n<div class=\"product-specification\">\n<p>Wheels &amp; tires<\/p>\n<dl>\n<dt>LLANTAS<\/dt>\n<dd>650b disc, double-wall alloy, pinned, 32h<\/dd>\n<\/dl>\n<dl>\n<dt>BUJE DELANTERO<\/dt>\n<dd>Specialized alloy front hub disc, sealed cardridge bearings, 6-bolt, 15x110mm thru-axle, 32h<\/dd>\n<\/dl>\n<dl>\n<dt>BUJE TRASERO<\/dt>\n<dd>enviolo Trekking, 380% range, 6-bolt, 10x135mm, 32h<\/dd>\n<\/dl>\n<dl>\n<dt>RADIOS<\/dt>\n<dd>DT Swiss Industry<\/dd>\n<\/dl>\n<dl>\n<dt>NEUM\u00c1TICO DEL.<\/dt>\n<dd>Pathfinder Sport Reflect, 650Bx2.3<\/dd>\n<\/dl>\n<dl>\n<dt>NEUM\u00c1TICO TRASERO<\/dt>\n<dd>Pathfinder Sport Reflect, 650Bx2.3<\/dd>\n<\/dl>\n<dl>\n<dt>C\u00c1MARAS<\/dt>\n<dd>Standard 40mm SV 650Bx1.75-2.4<\/dd>\n<\/dl>\n<\/div>\n<div class=\"product-specification\">\n<p>Accessories<\/p>\n<dl>\n<dt>PEDALES<\/dt>\n<dd>Specialized Commuter w\/ grip tape &amp; reflectors<\/dd>\n<\/dl>\n<dl>\n<dt>SWAT<\/dt>\n<dd>Handlebar rear view mirror, aluminum<\/dd>\n<\/dl>\n<dl>\n<dt>LUZ FRONTAL<\/dt>\n<dd>Lezyne, Ebike Hecto Stvzo E350+, 350 Lumen, 160Cm Wire, With Reflector<\/dd>\n<\/dl>\n<dl>\n<dt>LUZ TRASERA<\/dt>\n<dd>Spanninga, Stvzo, Commuter Glow With Brake XEr<\/dd>\n<\/dl>\n<dl>\n<dt>PATA DE CABRA<\/dt>\n<dd>Specialized kickstand, 40mm mount<\/dd>\n<\/dl>\n<dl>\n<dt>PORTABULTOS<\/dt>\n<dd>Specialized rack, MIK HD interface, built-in pannier mounts, 27kg max load<\/dd>\n<\/dl>\n<dl>\n<dt>GUARDABARROS<\/dt>\n<dd>Specialized DRYTECH fenders, 65mm width, aluminum fenderstay<\/dd>\n<\/dl>\n<dl>\n<dt>CANDADO<\/dt>\n<dd>Turbo System Lock<\/dd>\n<\/dl>\n<dl>\n<dt>TIMBRE<\/dt>\n<dd>Specialized bell<\/dd>\n<\/dl>\n<\/div>\n<\/div>\n<\/li>\n<\/ul>\n<\/div>\n<\/div>\n<div class=\"QcsUad BDJ8fb BLojaf sMVRZe hCXDsb wneUed\">\n<div class=\"usGWQd\">\n<div class=\"KkbLmb\">\n<div class=\"lRu31\" dir=\"ltr\">\n<div class=\"OvtS8d\"><\/div>\n<div id=\"ow15\"><\/div>\n<\/div>\n<div class=\"UdTY9 WdefRb\" aria-hidden=\"true\" data-location=\"2\"><\/div>\n<\/div>\n<\/div>\n<\/div>\n<\/div>\n<\/div>\n<div class=\"DVHrxd\">\n<div class=\"VfPpkd-Bz112c-Jh9lGc\"><\/div>\n<div class=\"VfPpkd-Bz112c-RLmnJb\"><\/div>\n<div id=\"tt-c50\" class=\"EY8ABd-OWXEXe-TAWMXe\" role=\"tooltip\" aria-hidden=\"true\"><\/div>\n<\/div>\n<div class=\"UdTY9 BwTYAc leDWne\" aria-hidden=\"true\" data-location=\"1\">\n<div class=\"kO6q6e\"><\/div>\n<\/div>\n<div><\/div>\n<div class=\"ebT7ne sMVRZe\">\n<div class=\"F0pQVc\"><\/div>\n<\/div>\n<div class=\"FFpbKc\">\n<div class=\"xMmqsf\">\n<div>\n<div class=\"VfPpkd-Bz112c-Jh9lGc\"><\/div>\n<div class=\"VfPpkd-Bz112c-RLmnJb\"><\/div>\n<div id=\"tt-i23\" class=\"EY8ABd-OWXEXe-TAWMXe\" role=\"tooltip\" aria-hidden=\"true\"><\/div>\n<\/div>\n<div class=\"r375lc\">\n<div class=\"aJIq1d\" dir=\"ltr\" data-language-code=\"auto\" data-language-name=\"Detectar idioma\" data-text=\"Especificaciones E-bike MOTOR Specialized 2.2, 90Nm torque, custom tuned motor, 250W nominal UI\/REMOTE MasterMind TCD, w\/handlebar remote, built-in anti-theft feature, Bluetooth\u00ae connectivity, customizable display pages BATER\u00cdA Specialized U2-710, alloy casing, state of charge display, 710Wh CARGADOR Custom charger, 42V4A w\/ Rosenberger plug, 100-240V Frameset CUADRO E5 Aluminum, bottom bracket motor mount, fully integrated &amp;lockable downtube battery, internal cable routing, lock and front rack mount, sliding dropout ABRAZ. SILL\u00cdN Specialized Alloy 34.9, Steel Bolt Suspension HORQUILLA Rockshox Recon Silver RL, 80mm travel, Motion-Control, fender-mounts Brakes FRENO DELANTERO Shimano 4 pistons, CUES, BL-U8000, Br-U8020, Sm-Ma-F180P\/P2 FRENO TRASERO Shimano 4 pistons, CUES,BL-U8000, Br-U8020 Drivetrain CAMBIO Shimano, RD-U8000, CUES, Gs 11-Speed, Top Normal, Shadow Plus Design, Direct Attachment MANDOS DE CAMBIO Shimano, SL-U8000-11IR, CUES, Right, 11-Speed Rapidfire, W\/O Optical Gear Display, I-Spec Ii CASETE Shimano, CS-LG400-11, CUES, 11-Speed, 11-50T CADENA Shimano LG500 PEDALIER Custom alloy forged crankarms, 170mm PLATOS 48T PROTECTOR DE CADENA Custom chaincover Wheels &amp; tires LLANTAS 650b disc, double-wall alloy, pinned, 32h BUJE DELANTERO Specialized alloy front hub disc, sealed cardridge bearings, 6-bolt, 15x110mm thru-axle, 32h BUJE TRASERO Specialized Alloy Rear Hub Disc, Sealed Cardridge Bearings, 6-Bolt, 12X148mm Thru-Axle, 32H, Hd Steel Fhb RADIOS DT Swiss Industry NEUM\u00c1TICO DEL. Pathfinder Sport Reflect, 650Bx2.3 NEUM\u00c1TICO TRASERO Pathfinder Sport Reflect, 650Bx2.3 C\u00c1MARAS Standard 40mm SV 650Bx1.75-2.4 Cockpit POTENCIA Specialized Flowset, 3D-forged alloy, 20-degree rise, 31.8mm clamp MANILLAR Specialized, alloy, 15-degree backsweep, 46mm rise, 31.8mm PU\u00d1OS ERGON, GA30-S Custom, 134.8mm Length SILL\u00cdN Bridge Sport, Steel rails, 155mm TIJA DE SILL\u00cdN Cane Creek, Thudbuster St 30.9 mm Accessories PEDALES Specialized Commuter w\/ grip tape &amp; reflectors Radar Integrated Garmin Radar, with custom information displayed directly on the Mastermind TCD LUZ FRONTAL LEZYNE Power StVZO E500+, 500 Lumens LUZ TRASERA Spanninga, Stvzo, Commuter Glow With Brake XEr PATA DE CABRA Specialized kickstand, 40mm mount PORTABULTOS Specialized rack, MIK HD interface, built-in pannier mounts, 27kg max load GUARDABARROS Specialized DRYTECH fenders, 65mm width, aluminum fenderstay CANDADO Turbo System Lock TIMBRE Specialized brass bell\" data-crosslingual-hint=\"undefined\" data-location=\"1\" data-enable-toggle-playback-speed=\"true\">\n<div class=\"m0Qfkd\">\n<div class=\"VfPpkd-Bz112c-Jh9lGc\"><\/div>\n<div class=\"VfPpkd-Bz112c-RLmnJb\"><\/div>\n<div id=\"ucj-11\" class=\"EY8ABd-OWXEXe-TAWMXe\" role=\"tooltip\" aria-hidden=\"true\"><\/div>\n<\/div>\n<\/div>\n<\/div>\n<\/div>\n<\/div>\n<\/div>\n<div class=\"QcsUad BDJ8fb BLojaf sMVRZe hCXDsb wneUed\">\n<div class=\"usGWQd\">\n<div class=\"KkbLmb\">\n<div class=\"UdTY9 WdefRb\" aria-hidden=\"true\" data-location=\"2\"><\/div>\n<\/div>\n<\/div>\n<\/div>\n","protected":false},"excerpt":{"rendered":"<p>Considera a Vado como tu bicicleta de transporte de alto rendimiento, que te llevar\u00e1 a donde quieras con una combinaci\u00f3n inigualable de velocidad, confiabilidad y confianza. Ya sea que la cargues con tus cosas, te subas y te vayas, vayas al trabajo o al gimnasio, la potencia total y la gran autonom\u00eda de Vado te llevar\u00e1n del &#8220;punto A&#8221; al &#8220;punto B&#8221; lo antes posible.<\/p>\n","protected":false},"featured_media":396164,"comment_status":"open","ping_status":"closed","template":"","meta":{"_acf_changed":false,"_et_pb_use_builder":"","_et_pb_old_content":"","_et_gb_content_width":"","inline_featured_image":false},"product_brand":[],"product_cat":[5254,23,5212,5216,5219,5208,5220,5215],"product_tag":[],"class_list":{"0":"post-396160","1":"product","2":"type-product","3":"status-publish","4":"has-post-thumbnail","6":"product_cat-bicicletas-urbanas","7":"product_cat-bicicletas-electricas","8":"product_cat-bicicletas-electricas-aluminio","9":"product_cat-bicicletas-electricas-carretera","10":"product_cat-bicicletas-electricas-paseo","11":"product_cat-bicicletas-electricas-specialized","12":"product_cat-bicicletas-electricas-trekking","13":"product_cat-bicicletas-electricas-urbanas","14":"product_shipping_class-bicicletas","16":"first","17":"instock","18":"sale","19":"taxable","20":"shipping-taxable","21":"purchasable","22":"product-type-variable","23":"wvs-archive-product-wrapper"},"acf":[],"yoast_head":"<!-- This site is optimized with the Yoast SEO Premium plugin v26.7 (Yoast SEO v26.7) - https:\/\/yoast.com\/wordpress\/plugins\/seo\/ -->\n<title>Specialized VADO 4.0 IGH Step Through NB 2025 GR-100<\/title>\n<meta name=\"description\" content=\"Considera a Vado como tu bicicleta de transporte de alto rendimiento, que te llevar\u00e1 a donde quieras con una combinaci\u00f3n inigualable de velocidad, confiabilidad y confianza. Ya sea que la cargues con tus cosas, te subas y te vayas, vayas al trabajo o al gimnasio, la potencia total y la gran autonom\u00eda de Vado te llevar\u00e1n del &quot;punto A&quot; al &quot;punto B&quot; lo antes posible.\" \/>\n<meta name=\"robots\" content=\"index, follow, max-snippet:-1, max-image-preview:large, max-video-preview:-1\" \/>\n<link rel=\"canonical\" href=\"https:\/\/gr-100.com\/producto\/specialized-vado-4-0-igh-step-through-nb-2025\/\" \/>\n<meta property=\"og:locale\" content=\"en_US\" \/>\n<meta property=\"og:type\" content=\"article\" \/>\n<meta property=\"og:title\" content=\"Specialized VADO 4.0 IGH Step Through NB 2025\" \/>\n<meta property=\"og:description\" content=\"Considera a Vado como tu bicicleta de transporte de alto rendimiento, que te llevar\u00e1 a donde quieras con una combinaci\u00f3n inigualable de velocidad, confiabilidad y confianza. Ya sea que la cargues con tus cosas, te subas y te vayas, vayas al trabajo o al gimnasio, la potencia total y la gran autonom\u00eda de Vado te llevar\u00e1n del &quot;punto A&quot; al &quot;punto B&quot; lo antes posible.\" \/>\n<meta property=\"og:url\" content=\"https:\/\/gr-100.com\/producto\/specialized-vado-4-0-igh-step-through-nb-2025\/\" \/>\n<meta property=\"og:site_name\" content=\"Gr-100 Tienda de ciclismo Specialized\" \/>\n<meta property=\"article:publisher\" content=\"https:\/\/www.facebook.com\/Gr100Bikes\" \/>\n<meta property=\"article:modified_time\" content=\"2026-04-08T11:46:22+00:00\" \/>\n<meta property=\"og:image\" content=\"https:\/\/gr-100.com\/wp-content\/uploads\/2024\/11\/My-project-1-33.jpeg\" \/>\n\t<meta property=\"og:image:width\" content=\"1000\" \/>\n\t<meta property=\"og:image:height\" content=\"1000\" \/>\n\t<meta property=\"og:image:type\" content=\"image\/jpeg\" \/>\n<meta name=\"twitter:card\" content=\"summary_large_image\" \/>\n<meta name=\"twitter:label1\" content=\"Est. reading time\" \/>\n\t<meta name=\"twitter:data1\" content=\"4 minutes\" \/>\n<script type=\"application\/ld+json\" class=\"yoast-schema-graph\">{\"@context\":\"https:\/\/schema.org\",\"@graph\":[{\"@type\":\"WebPage\",\"@id\":\"https:\/\/gr-100.com\/producto\/specialized-vado-4-0-igh-step-through-nb-2025\/\",\"url\":\"https:\/\/gr-100.com\/producto\/specialized-vado-4-0-igh-step-through-nb-2025\/\",\"name\":\"Specialized VADO 4.0 IGH Step Through NB 2025 GR-100\",\"isPartOf\":{\"@id\":\"https:\/\/gr-100.com\/#website\"},\"primaryImageOfPage\":{\"@id\":\"https:\/\/gr-100.com\/producto\/specialized-vado-4-0-igh-step-through-nb-2025\/#primaryimage\"},\"image\":{\"@id\":\"https:\/\/gr-100.com\/producto\/specialized-vado-4-0-igh-step-through-nb-2025\/#primaryimage\"},\"thumbnailUrl\":\"https:\/\/gr-100.com\/wp-content\/uploads\/2024\/11\/My-project-1-33.jpeg\",\"datePublished\":\"2024-11-15T11:28:20+00:00\",\"dateModified\":\"2026-04-08T11:46:22+00:00\",\"description\":\"Considera a Vado como tu bicicleta de transporte de alto rendimiento, que te llevar\u00e1 a donde quieras con una combinaci\u00f3n inigualable de velocidad, confiabilidad y confianza. Ya sea que la cargues con tus cosas, te subas y te vayas, vayas al trabajo o al gimnasio, la potencia total y la gran autonom\u00eda de Vado te llevar\u00e1n del \\\"punto A\\\" al \\\"punto B\\\" lo antes posible.\",\"breadcrumb\":{\"@id\":\"https:\/\/gr-100.com\/producto\/specialized-vado-4-0-igh-step-through-nb-2025\/#breadcrumb\"},\"inLanguage\":\"en-US\",\"potentialAction\":[{\"@type\":\"ReadAction\",\"target\":[\"https:\/\/gr-100.com\/producto\/specialized-vado-4-0-igh-step-through-nb-2025\/\"]}]},{\"@type\":\"ImageObject\",\"inLanguage\":\"en-US\",\"@id\":\"https:\/\/gr-100.com\/producto\/specialized-vado-4-0-igh-step-through-nb-2025\/#primaryimage\",\"url\":\"https:\/\/gr-100.com\/wp-content\/uploads\/2024\/11\/My-project-1-33.jpeg\",\"contentUrl\":\"https:\/\/gr-100.com\/wp-content\/uploads\/2024\/11\/My-project-1-33.jpeg\",\"width\":1000,\"height\":1000},{\"@type\":\"BreadcrumbList\",\"@id\":\"https:\/\/gr-100.com\/producto\/specialized-vado-4-0-igh-step-through-nb-2025\/#breadcrumb\",\"itemListElement\":[{\"@type\":\"ListItem\",\"position\":1,\"name\":\"Portada\",\"item\":\"https:\/\/gr-100.com\/pt-pt\/\"},{\"@type\":\"ListItem\",\"position\":2,\"name\":\"Productos\",\"item\":\"https:\/\/gr-100.com\/?post_type=product\"},{\"@type\":\"ListItem\",\"position\":3,\"name\":\"Specialized VADO 4.0 IGH Step Through NB 2025\"}]},{\"@type\":\"WebSite\",\"@id\":\"https:\/\/gr-100.com\/#website\",\"url\":\"https:\/\/gr-100.com\/\",\"name\":\"Gr-100 Tienda de ciclismo Specialized\",\"description\":\"GR-100 tenemos todas las gamas de bicicletas Specialized al mejor precio.\",\"publisher\":{\"@id\":\"https:\/\/gr-100.com\/#organization\"},\"alternateName\":\"Gr-100 Bikes\",\"potentialAction\":[{\"@type\":\"SearchAction\",\"target\":{\"@type\":\"EntryPoint\",\"urlTemplate\":\"https:\/\/gr-100.com\/?s={search_term_string}\"},\"query-input\":{\"@type\":\"PropertyValueSpecification\",\"valueRequired\":true,\"valueName\":\"search_term_string\"}}],\"inLanguage\":\"en-US\"},{\"@type\":\"Organization\",\"@id\":\"https:\/\/gr-100.com\/#organization\",\"name\":\"Gr-100\",\"url\":\"https:\/\/gr-100.com\/\",\"logo\":{\"@type\":\"ImageObject\",\"inLanguage\":\"en-US\",\"@id\":\"https:\/\/gr-100.com\/#\/schema\/logo\/image\/\",\"url\":\"https:\/\/gr-100.com\/wp-content\/uploads\/2023\/08\/logo-gr-100-bikes.png\",\"contentUrl\":\"https:\/\/gr-100.com\/wp-content\/uploads\/2023\/08\/logo-gr-100-bikes.png\",\"width\":707,\"height\":284,\"caption\":\"Gr-100\"},\"image\":{\"@id\":\"https:\/\/gr-100.com\/#\/schema\/logo\/image\/\"},\"sameAs\":[\"https:\/\/www.facebook.com\/Gr100Bikes\",\"https:\/\/www.instagram.com\/gr100bikes\/\",\"https:\/\/www.tiktok.com\/@gr100bikes\",\"https:\/\/twitter.com\/gr100mtbteam\",\"https:\/\/www.youtube.com\/c\/GR100Specialized\"]}]}<\/script>\n<!-- \/ Yoast SEO Premium plugin. -->","yoast_head_json":{"title":"Specialized VADO 4.0 IGH Step Through NB 2025 GR-100","description":"Considera a Vado como tu bicicleta de transporte de alto rendimiento, que te llevar\u00e1 a donde quieras con una combinaci\u00f3n inigualable de velocidad, confiabilidad y confianza. Ya sea que la cargues con tus cosas, te subas y te vayas, vayas al trabajo o al gimnasio, la potencia total y la gran autonom\u00eda de Vado te llevar\u00e1n del \"punto A\" al \"punto B\" lo antes posible.","robots":{"index":"index","follow":"follow","max-snippet":"max-snippet:-1","max-image-preview":"max-image-preview:large","max-video-preview":"max-video-preview:-1"},"canonical":"https:\/\/gr-100.com\/producto\/specialized-vado-4-0-igh-step-through-nb-2025\/","og_locale":"en_US","og_type":"article","og_title":"Specialized VADO 4.0 IGH Step Through NB 2025","og_description":"Considera a Vado como tu bicicleta de transporte de alto rendimiento, que te llevar\u00e1 a donde quieras con una combinaci\u00f3n inigualable de velocidad, confiabilidad y confianza. Ya sea que la cargues con tus cosas, te subas y te vayas, vayas al trabajo o al gimnasio, la potencia total y la gran autonom\u00eda de Vado te llevar\u00e1n del \"punto A\" al \"punto B\" lo antes posible.","og_url":"https:\/\/gr-100.com\/producto\/specialized-vado-4-0-igh-step-through-nb-2025\/","og_site_name":"Gr-100 Tienda de ciclismo Specialized","article_publisher":"https:\/\/www.facebook.com\/Gr100Bikes","article_modified_time":"2026-04-08T11:46:22+00:00","og_image":[{"width":1000,"height":1000,"url":"https:\/\/gr-100.com\/wp-content\/uploads\/2024\/11\/My-project-1-33.jpeg","type":"image\/jpeg"}],"twitter_card":"summary_large_image","twitter_misc":{"Est. reading time":"4 minutes"},"schema":{"@context":"https:\/\/schema.org","@graph":[{"@type":"WebPage","@id":"https:\/\/gr-100.com\/producto\/specialized-vado-4-0-igh-step-through-nb-2025\/","url":"https:\/\/gr-100.com\/producto\/specialized-vado-4-0-igh-step-through-nb-2025\/","name":"Specialized VADO 4.0 IGH Step Through NB 2025 GR-100","isPartOf":{"@id":"https:\/\/gr-100.com\/#website"},"primaryImageOfPage":{"@id":"https:\/\/gr-100.com\/producto\/specialized-vado-4-0-igh-step-through-nb-2025\/#primaryimage"},"image":{"@id":"https:\/\/gr-100.com\/producto\/specialized-vado-4-0-igh-step-through-nb-2025\/#primaryimage"},"thumbnailUrl":"https:\/\/gr-100.com\/wp-content\/uploads\/2024\/11\/My-project-1-33.jpeg","datePublished":"2024-11-15T11:28:20+00:00","dateModified":"2026-04-08T11:46:22+00:00","description":"Considera a Vado como tu bicicleta de transporte de alto rendimiento, que te llevar\u00e1 a donde quieras con una combinaci\u00f3n inigualable de velocidad, confiabilidad y confianza. Ya sea que la cargues con tus cosas, te subas y te vayas, vayas al trabajo o al gimnasio, la potencia total y la gran autonom\u00eda de Vado te llevar\u00e1n del \"punto A\" al \"punto B\" lo antes posible.","breadcrumb":{"@id":"https:\/\/gr-100.com\/producto\/specialized-vado-4-0-igh-step-through-nb-2025\/#breadcrumb"},"inLanguage":"en-US","potentialAction":[{"@type":"ReadAction","target":["https:\/\/gr-100.com\/producto\/specialized-vado-4-0-igh-step-through-nb-2025\/"]}]},{"@type":"ImageObject","inLanguage":"en-US","@id":"https:\/\/gr-100.com\/producto\/specialized-vado-4-0-igh-step-through-nb-2025\/#primaryimage","url":"https:\/\/gr-100.com\/wp-content\/uploads\/2024\/11\/My-project-1-33.jpeg","contentUrl":"https:\/\/gr-100.com\/wp-content\/uploads\/2024\/11\/My-project-1-33.jpeg","width":1000,"height":1000},{"@type":"BreadcrumbList","@id":"https:\/\/gr-100.com\/producto\/specialized-vado-4-0-igh-step-through-nb-2025\/#breadcrumb","itemListElement":[{"@type":"ListItem","position":1,"name":"Portada","item":"https:\/\/gr-100.com\/pt-pt\/"},{"@type":"ListItem","position":2,"name":"Productos","item":"https:\/\/gr-100.com\/?post_type=product"},{"@type":"ListItem","position":3,"name":"Specialized VADO 4.0 IGH Step Through NB 2025"}]},{"@type":"WebSite","@id":"https:\/\/gr-100.com\/#website","url":"https:\/\/gr-100.com\/","name":"Gr-100 Tienda de ciclismo Specialized","description":"GR-100 tenemos todas las gamas de bicicletas Specialized al mejor precio.","publisher":{"@id":"https:\/\/gr-100.com\/#organization"},"alternateName":"Gr-100 Bikes","potentialAction":[{"@type":"SearchAction","target":{"@type":"EntryPoint","urlTemplate":"https:\/\/gr-100.com\/?s={search_term_string}"},"query-input":{"@type":"PropertyValueSpecification","valueRequired":true,"valueName":"search_term_string"}}],"inLanguage":"en-US"},{"@type":"Organization","@id":"https:\/\/gr-100.com\/#organization","name":"Gr-100","url":"https:\/\/gr-100.com\/","logo":{"@type":"ImageObject","inLanguage":"en-US","@id":"https:\/\/gr-100.com\/#\/schema\/logo\/image\/","url":"https:\/\/gr-100.com\/wp-content\/uploads\/2023\/08\/logo-gr-100-bikes.png","contentUrl":"https:\/\/gr-100.com\/wp-content\/uploads\/2023\/08\/logo-gr-100-bikes.png","width":707,"height":284,"caption":"Gr-100"},"image":{"@id":"https:\/\/gr-100.com\/#\/schema\/logo\/image\/"},"sameAs":["https:\/\/www.facebook.com\/Gr100Bikes","https:\/\/www.instagram.com\/gr100bikes\/","https:\/\/www.tiktok.com\/@gr100bikes","https:\/\/twitter.com\/gr100mtbteam","https:\/\/www.youtube.com\/c\/GR100Specialized"]}]}},"_links":{"self":[{"href":"https:\/\/gr-100.com\/en\/wp-json\/wp\/v2\/product\/396160","targetHints":{"allow":["GET"]}}],"collection":[{"href":"https:\/\/gr-100.com\/en\/wp-json\/wp\/v2\/product"}],"about":[{"href":"https:\/\/gr-100.com\/en\/wp-json\/wp\/v2\/types\/product"}],"replies":[{"embeddable":true,"href":"https:\/\/gr-100.com\/en\/wp-json\/wp\/v2\/comments?post=396160"}],"wp:featuredmedia":[{"embeddable":true,"href":"https:\/\/gr-100.com\/en\/wp-json\/wp\/v2\/media\/396164"}],"wp:attachment":[{"href":"https:\/\/gr-100.com\/en\/wp-json\/wp\/v2\/media?parent=396160"}],"wp:term":[{"taxonomy":"product_brand","embeddable":true,"href":"https:\/\/gr-100.com\/en\/wp-json\/wp\/v2\/product_brand?post=396160"},{"taxonomy":"product_cat","embeddable":true,"href":"https:\/\/gr-100.com\/en\/wp-json\/wp\/v2\/product_cat?post=396160"},{"taxonomy":"product_tag","embeddable":true,"href":"https:\/\/gr-100.com\/en\/wp-json\/wp\/v2\/product_tag?post=396160"}],"curies":[{"name":"wp","href":"https:\/\/api.w.org\/{rel}","templated":true}]}}