{"id":396312,"date":"2024-11-18T11:43:01","date_gmt":"2024-11-18T11:43:01","guid":{"rendered":"https:\/\/gr-100.com\/?post_type=product&#038;p=396312"},"modified":"2026-04-08T12:43:36","modified_gmt":"2026-04-08T11:43:36","slug":"specialized-vado-sl-6-0-carbon-2-2025","status":"publish","type":"product","link":"https:\/\/gr-100.com\/en\/producto\/specialized-vado-sl-6-0-carbon-2-2025\/","title":{"rendered":"Specialized Vado SL 6.0 Carbon 2 2025"},"content":{"rendered":"<ul>\n<li>Uso: desplazamientos r\u00e1pidos, fitness y exploraci\u00f3n<\/li>\n<li>Sistema de bicicleta el\u00e9ctrica: Specialized SL 1.2 \/ 320 vatios \/ hasta 5 horas de autonom\u00eda<\/li>\n<li>Cuadro: cuadro y horquilla de carbono FACT ultraligeros<\/li>\n<li>Suspensi\u00f3n: Future Shock 3.2<\/li>\n<li>Peso de la bicicleta: tan solo 15,9 kg \/ 35,2 lb<\/li>\n<li>Personalizaci\u00f3n y seguridad: m\u00e9tricas de fitness, Apple Find My, sistema de bloqueo Turbo, luces<\/li>\n<li>ESPECIFICACIONES<br \/>\nE-bike<br \/>\nCABLEADO<br \/>\nArn\u00e9s de cableado Specialized personalizado con puerto de carga<br \/>\nCARGADOR<br \/>\nCargador personalizado, sistema de 48 V con enchufe de cargador del sistema SL<br \/>\nUI\/REMOTE<br \/>\nMastermind H3, con control remoto del manillar, Ant+\/Bluetooth\u00ae, funci\u00f3n de bloqueo del sistema integrado, Apple Find My integrado, p\u00e1ginas de visualizaci\u00f3n personalizables en color, 2,1&#8243;<br \/>\nMOTOR<br \/>\nMotor Specialized 1.2 SL Custom Rx Trail Tuned<br \/>\nBATER\u00cdA<br \/>\nSpecialized SL2-520, totalmente integrado, 520 Wh<br \/>\nCuadro<br \/>\nCUADRO<br \/>\n2024 Vado SL<br \/>\nABRAZ. SILL\u00cdN<br \/>\nSpecialized integrado<br \/>\nSuspensi\u00f3n<br \/>\nHORQUILLA<br \/>\nSpecialized Vado SL2 Carbon, soportes para portabultos delantero Tubus de hasta 14 kg<br \/>\nFrenos<br \/>\nFRENO DELANTERO<br \/>\nTRP HD-R803, disco hidr\u00e1ulico<br \/>\nFRENO TRASERO<br \/>\nTRP HD-R803, hidr\u00e1ulico disco<br \/>\nTransmisi\u00f3n<br \/>\nPLATOS<br \/>\nPraxis, Cl 49.8mm, NW, 44T, Bcd 104mm<br \/>\nPEDALES<br \/>\nSRAM FC S996 Carbon, S-165mm \/ M-L-170mm \/ XL-175mm<br \/>\nMANDOS DE CAMBIO<br \/>\nShimano Deore XT, SL-M8100-IR, , Derecha, 12-Speed \u200b\u200bRapidfire, W\/O Optical Gear Display, I-Spec<br \/>\nCAMBIO<br \/>\nShimano Deore XT 8100, 12-speed<br \/>\nCASETE<br \/>\nShimano SLX, CS-M7100, 12-speed, 10-51t<br \/>\nCADENA<br \/>\nShimano SLX, M7100, 12-speed<br \/>\nRuedas y neum\u00e1ticos<br \/>\nRUEDA DELANTERA<br \/>\nDT SWISS G540 Disc 24h &#8211; 700c X 24mm<br \/>\nRUEDA TRASERA<br \/>\nDT SWISS G540 Disco 24h &#8211; 700c X 24mm NEUM\u00c1TICO DEL.<br \/>\nProtecci\u00f3n antipinchazos Specialized Hemisphere, paredes laterales reflectantes, alambre dentado, neum\u00e1tico todoterreno, 700x47c<br \/>\nNEUM\u00c1TICO TRASERO<br \/>\nProtecci\u00f3n antipinchazos Specialized Hemisphere, paredes laterales reflectantes, alambre dentado, neum\u00e1tico todoterreno, 700x47c<br \/>\nC\u00c1MARAS<br \/>\nSpecialized Turbo Tube 29X1.75-2.4<br \/>\nCockpit<br \/>\nSILL\u00cdN<br \/>\nBridge Sport, rieles huecos de cr-mo, 155 mm<br \/>\nTIJA DE SILL\u00cdN<br \/>\nFibra de carbono, 30,9 mm, desplazamiento de 21 mm<br \/>\nPU\u00d1OS<br \/>\nERGON, GA30-S Custom, longitud de 134,8 mm<br \/>\nPOTENCIA<br \/>\nV\u00e1stago Specialized Stealth, aleaci\u00f3n, 31,8 mm, soporte de luz y pantalla integrado, tama\u00f1o S: 60 mm 17 grados, M\/L\/Xl: 75 mm 15,5 grados<br \/>\nMANILLAR<br \/>\nSpecialized aleaci\u00f3n, elevaci\u00f3n, 31,8 mm, B-SWP de 9 grados, elevaci\u00f3n de 15 mm, U-SWP de 5 grados, 680 mm.<br \/>\nAccesorios<br \/>\nLUZ FRONTAL<br \/>\nLezyne, Ebike Fusion Stvzo E500+, 500 l\u00famenes, cable de 50 cm, con reflector<br \/>\nPEDALES<br \/>\nSpecialized Commuter con cinta de agarre y reflectores<br \/>\nTIMBRE<br \/>\nTimbre de lat\u00f3n Specialized<br \/>\nLUZ TRASERA<br \/>\nSoporte de sill\u00edn integrado Specialized, tecnolog\u00eda LED, 12 V<\/li>\n<\/ul>\n","protected":false},"excerpt":{"rendered":"<p>Nada ofrece m\u00e1s potencia, velocidad y autonom\u00eda con un peso tan ligero que la Turbo Vado SL 2 Carbon. Es una m\u00e1quina de alto rendimiento de primera calidad dise\u00f1ada cuidadosamente para que el ejercicio sea divertido y tus desplazamientos diarios sean el\u00e9ctricos.<\/p>\n","protected":false},"featured_media":396316,"comment_status":"open","ping_status":"closed","template":"","meta":{"_acf_changed":false,"_et_pb_use_builder":"","_et_pb_old_content":"","_et_gb_content_width":"","inline_featured_image":false},"product_brand":[],"product_cat":[4330,5254,23,5211,5216,5219,5208,5220,5215,2367],"product_tag":[],"class_list":{"0":"post-396312","1":"product","2":"type-product","3":"status-publish","4":"has-post-thumbnail","6":"product_cat-black-friday-2","7":"product_cat-bicicletas-urbanas","8":"product_cat-bicicletas-electricas","9":"product_cat-bicicletas-electricas-carbono","10":"product_cat-bicicletas-electricas-carretera","11":"product_cat-bicicletas-electricas-paseo","12":"product_cat-bicicletas-electricas-specialized","13":"product_cat-bicicletas-electricas-trekking","14":"product_cat-bicicletas-electricas-urbanas","15":"product_cat-bicicletas-specialized","16":"product_shipping_class-bicicletas","18":"first","19":"instock","20":"sale","21":"taxable","22":"shipping-taxable","23":"purchasable","24":"product-type-variable","25":"wvs-archive-product-wrapper"},"acf":[],"yoast_head":"<!-- This site is optimized with the Yoast SEO Premium plugin v26.7 (Yoast SEO v26.7) - https:\/\/yoast.com\/wordpress\/plugins\/seo\/ -->\n<title>Specialized Vado SL 6.0 Carbon 2 2025 GR-100<\/title>\n<meta name=\"description\" content=\"Nada ofrece m\u00e1s potencia, velocidad y autonom\u00eda con un peso tan ligero que la Turbo Vado SL 2 Carbon. Es una m\u00e1quina de alto rendimiento de primera calidad dise\u00f1ada cuidadosamente para que el ejercicio sea divertido y tus desplazamientos diarios sean el\u00e9ctricos.\" \/>\n<meta name=\"robots\" content=\"index, follow, max-snippet:-1, max-image-preview:large, max-video-preview:-1\" \/>\n<link rel=\"canonical\" href=\"https:\/\/gr-100.com\/producto\/specialized-vado-sl-6-0-carbon-2-2025\/\" \/>\n<meta property=\"og:locale\" content=\"en_US\" \/>\n<meta property=\"og:type\" content=\"article\" \/>\n<meta property=\"og:title\" content=\"Specialized Vado SL 6.0 Carbon 2 2025\" \/>\n<meta property=\"og:description\" content=\"Nada ofrece m\u00e1s potencia, velocidad y autonom\u00eda con un peso tan ligero que la Turbo Vado SL 2 Carbon. Es una m\u00e1quina de alto rendimiento de primera calidad dise\u00f1ada cuidadosamente para que el ejercicio sea divertido y tus desplazamientos diarios sean el\u00e9ctricos.\" \/>\n<meta property=\"og:url\" content=\"https:\/\/gr-100.com\/producto\/specialized-vado-sl-6-0-carbon-2-2025\/\" \/>\n<meta property=\"og:site_name\" content=\"Gr-100 Tienda de ciclismo Specialized\" \/>\n<meta property=\"article:publisher\" content=\"https:\/\/www.facebook.com\/Gr100Bikes\" \/>\n<meta property=\"article:modified_time\" content=\"2026-04-08T11:43:36+00:00\" \/>\n<meta property=\"og:image\" content=\"https:\/\/gr-100.com\/wp-content\/uploads\/2024\/11\/Sin-titulo-40.jpeg\" \/>\n\t<meta property=\"og:image:width\" content=\"1000\" \/>\n\t<meta property=\"og:image:height\" content=\"1000\" \/>\n\t<meta property=\"og:image:type\" content=\"image\/jpeg\" \/>\n<meta name=\"twitter:card\" content=\"summary_large_image\" \/>\n<meta name=\"twitter:label1\" content=\"Est. reading time\" \/>\n\t<meta name=\"twitter:data1\" content=\"2 minutes\" \/>\n<script type=\"application\/ld+json\" class=\"yoast-schema-graph\">{\"@context\":\"https:\/\/schema.org\",\"@graph\":[{\"@type\":\"WebPage\",\"@id\":\"https:\/\/gr-100.com\/producto\/specialized-vado-sl-6-0-carbon-2-2025\/\",\"url\":\"https:\/\/gr-100.com\/producto\/specialized-vado-sl-6-0-carbon-2-2025\/\",\"name\":\"Specialized Vado SL 6.0 Carbon 2 2025 GR-100\",\"isPartOf\":{\"@id\":\"https:\/\/gr-100.com\/#website\"},\"primaryImageOfPage\":{\"@id\":\"https:\/\/gr-100.com\/producto\/specialized-vado-sl-6-0-carbon-2-2025\/#primaryimage\"},\"image\":{\"@id\":\"https:\/\/gr-100.com\/producto\/specialized-vado-sl-6-0-carbon-2-2025\/#primaryimage\"},\"thumbnailUrl\":\"https:\/\/gr-100.com\/wp-content\/uploads\/2024\/11\/Sin-titulo-40.jpeg\",\"datePublished\":\"2024-11-18T11:43:01+00:00\",\"dateModified\":\"2026-04-08T11:43:36+00:00\",\"description\":\"Nada ofrece m\u00e1s potencia, velocidad y autonom\u00eda con un peso tan ligero que la Turbo Vado SL 2 Carbon. Es una m\u00e1quina de alto rendimiento de primera calidad dise\u00f1ada cuidadosamente para que el ejercicio sea divertido y tus desplazamientos diarios sean el\u00e9ctricos.\",\"breadcrumb\":{\"@id\":\"https:\/\/gr-100.com\/producto\/specialized-vado-sl-6-0-carbon-2-2025\/#breadcrumb\"},\"inLanguage\":\"en-US\",\"potentialAction\":[{\"@type\":\"ReadAction\",\"target\":[\"https:\/\/gr-100.com\/producto\/specialized-vado-sl-6-0-carbon-2-2025\/\"]}]},{\"@type\":\"ImageObject\",\"inLanguage\":\"en-US\",\"@id\":\"https:\/\/gr-100.com\/producto\/specialized-vado-sl-6-0-carbon-2-2025\/#primaryimage\",\"url\":\"https:\/\/gr-100.com\/wp-content\/uploads\/2024\/11\/Sin-titulo-40.jpeg\",\"contentUrl\":\"https:\/\/gr-100.com\/wp-content\/uploads\/2024\/11\/Sin-titulo-40.jpeg\",\"width\":1000,\"height\":1000},{\"@type\":\"BreadcrumbList\",\"@id\":\"https:\/\/gr-100.com\/producto\/specialized-vado-sl-6-0-carbon-2-2025\/#breadcrumb\",\"itemListElement\":[{\"@type\":\"ListItem\",\"position\":1,\"name\":\"Portada\",\"item\":\"https:\/\/gr-100.com\/pt-pt\/\"},{\"@type\":\"ListItem\",\"position\":2,\"name\":\"Productos\",\"item\":\"https:\/\/gr-100.com\/?post_type=product\"},{\"@type\":\"ListItem\",\"position\":3,\"name\":\"Specialized Vado SL 6.0 Carbon 2 2025\"}]},{\"@type\":\"WebSite\",\"@id\":\"https:\/\/gr-100.com\/#website\",\"url\":\"https:\/\/gr-100.com\/\",\"name\":\"Gr-100 Tienda de ciclismo Specialized\",\"description\":\"GR-100 tenemos todas las gamas de bicicletas Specialized al mejor precio.\",\"publisher\":{\"@id\":\"https:\/\/gr-100.com\/#organization\"},\"alternateName\":\"Gr-100 Bikes\",\"potentialAction\":[{\"@type\":\"SearchAction\",\"target\":{\"@type\":\"EntryPoint\",\"urlTemplate\":\"https:\/\/gr-100.com\/?s={search_term_string}\"},\"query-input\":{\"@type\":\"PropertyValueSpecification\",\"valueRequired\":true,\"valueName\":\"search_term_string\"}}],\"inLanguage\":\"en-US\"},{\"@type\":\"Organization\",\"@id\":\"https:\/\/gr-100.com\/#organization\",\"name\":\"Gr-100\",\"url\":\"https:\/\/gr-100.com\/\",\"logo\":{\"@type\":\"ImageObject\",\"inLanguage\":\"en-US\",\"@id\":\"https:\/\/gr-100.com\/#\/schema\/logo\/image\/\",\"url\":\"https:\/\/gr-100.com\/wp-content\/uploads\/2023\/08\/logo-gr-100-bikes.png\",\"contentUrl\":\"https:\/\/gr-100.com\/wp-content\/uploads\/2023\/08\/logo-gr-100-bikes.png\",\"width\":707,\"height\":284,\"caption\":\"Gr-100\"},\"image\":{\"@id\":\"https:\/\/gr-100.com\/#\/schema\/logo\/image\/\"},\"sameAs\":[\"https:\/\/www.facebook.com\/Gr100Bikes\",\"https:\/\/www.instagram.com\/gr100bikes\/\",\"https:\/\/www.tiktok.com\/@gr100bikes\",\"https:\/\/twitter.com\/gr100mtbteam\",\"https:\/\/www.youtube.com\/c\/GR100Specialized\"]}]}<\/script>\n<!-- \/ Yoast SEO Premium plugin. -->","yoast_head_json":{"title":"Specialized Vado SL 6.0 Carbon 2 2025 GR-100","description":"Nada ofrece m\u00e1s potencia, velocidad y autonom\u00eda con un peso tan ligero que la Turbo Vado SL 2 Carbon. Es una m\u00e1quina de alto rendimiento de primera calidad dise\u00f1ada cuidadosamente para que el ejercicio sea divertido y tus desplazamientos diarios sean el\u00e9ctricos.","robots":{"index":"index","follow":"follow","max-snippet":"max-snippet:-1","max-image-preview":"max-image-preview:large","max-video-preview":"max-video-preview:-1"},"canonical":"https:\/\/gr-100.com\/producto\/specialized-vado-sl-6-0-carbon-2-2025\/","og_locale":"en_US","og_type":"article","og_title":"Specialized Vado SL 6.0 Carbon 2 2025","og_description":"Nada ofrece m\u00e1s potencia, velocidad y autonom\u00eda con un peso tan ligero que la Turbo Vado SL 2 Carbon. Es una m\u00e1quina de alto rendimiento de primera calidad dise\u00f1ada cuidadosamente para que el ejercicio sea divertido y tus desplazamientos diarios sean el\u00e9ctricos.","og_url":"https:\/\/gr-100.com\/producto\/specialized-vado-sl-6-0-carbon-2-2025\/","og_site_name":"Gr-100 Tienda de ciclismo Specialized","article_publisher":"https:\/\/www.facebook.com\/Gr100Bikes","article_modified_time":"2026-04-08T11:43:36+00:00","og_image":[{"width":1000,"height":1000,"url":"https:\/\/gr-100.com\/wp-content\/uploads\/2024\/11\/Sin-titulo-40.jpeg","type":"image\/jpeg"}],"twitter_card":"summary_large_image","twitter_misc":{"Est. reading time":"2 minutes"},"schema":{"@context":"https:\/\/schema.org","@graph":[{"@type":"WebPage","@id":"https:\/\/gr-100.com\/producto\/specialized-vado-sl-6-0-carbon-2-2025\/","url":"https:\/\/gr-100.com\/producto\/specialized-vado-sl-6-0-carbon-2-2025\/","name":"Specialized Vado SL 6.0 Carbon 2 2025 GR-100","isPartOf":{"@id":"https:\/\/gr-100.com\/#website"},"primaryImageOfPage":{"@id":"https:\/\/gr-100.com\/producto\/specialized-vado-sl-6-0-carbon-2-2025\/#primaryimage"},"image":{"@id":"https:\/\/gr-100.com\/producto\/specialized-vado-sl-6-0-carbon-2-2025\/#primaryimage"},"thumbnailUrl":"https:\/\/gr-100.com\/wp-content\/uploads\/2024\/11\/Sin-titulo-40.jpeg","datePublished":"2024-11-18T11:43:01+00:00","dateModified":"2026-04-08T11:43:36+00:00","description":"Nada ofrece m\u00e1s potencia, velocidad y autonom\u00eda con un peso tan ligero que la Turbo Vado SL 2 Carbon. Es una m\u00e1quina de alto rendimiento de primera calidad dise\u00f1ada cuidadosamente para que el ejercicio sea divertido y tus desplazamientos diarios sean el\u00e9ctricos.","breadcrumb":{"@id":"https:\/\/gr-100.com\/producto\/specialized-vado-sl-6-0-carbon-2-2025\/#breadcrumb"},"inLanguage":"en-US","potentialAction":[{"@type":"ReadAction","target":["https:\/\/gr-100.com\/producto\/specialized-vado-sl-6-0-carbon-2-2025\/"]}]},{"@type":"ImageObject","inLanguage":"en-US","@id":"https:\/\/gr-100.com\/producto\/specialized-vado-sl-6-0-carbon-2-2025\/#primaryimage","url":"https:\/\/gr-100.com\/wp-content\/uploads\/2024\/11\/Sin-titulo-40.jpeg","contentUrl":"https:\/\/gr-100.com\/wp-content\/uploads\/2024\/11\/Sin-titulo-40.jpeg","width":1000,"height":1000},{"@type":"BreadcrumbList","@id":"https:\/\/gr-100.com\/producto\/specialized-vado-sl-6-0-carbon-2-2025\/#breadcrumb","itemListElement":[{"@type":"ListItem","position":1,"name":"Portada","item":"https:\/\/gr-100.com\/pt-pt\/"},{"@type":"ListItem","position":2,"name":"Productos","item":"https:\/\/gr-100.com\/?post_type=product"},{"@type":"ListItem","position":3,"name":"Specialized Vado SL 6.0 Carbon 2 2025"}]},{"@type":"WebSite","@id":"https:\/\/gr-100.com\/#website","url":"https:\/\/gr-100.com\/","name":"Gr-100 Tienda de ciclismo Specialized","description":"GR-100 tenemos todas las gamas de bicicletas Specialized al mejor precio.","publisher":{"@id":"https:\/\/gr-100.com\/#organization"},"alternateName":"Gr-100 Bikes","potentialAction":[{"@type":"SearchAction","target":{"@type":"EntryPoint","urlTemplate":"https:\/\/gr-100.com\/?s={search_term_string}"},"query-input":{"@type":"PropertyValueSpecification","valueRequired":true,"valueName":"search_term_string"}}],"inLanguage":"en-US"},{"@type":"Organization","@id":"https:\/\/gr-100.com\/#organization","name":"Gr-100","url":"https:\/\/gr-100.com\/","logo":{"@type":"ImageObject","inLanguage":"en-US","@id":"https:\/\/gr-100.com\/#\/schema\/logo\/image\/","url":"https:\/\/gr-100.com\/wp-content\/uploads\/2023\/08\/logo-gr-100-bikes.png","contentUrl":"https:\/\/gr-100.com\/wp-content\/uploads\/2023\/08\/logo-gr-100-bikes.png","width":707,"height":284,"caption":"Gr-100"},"image":{"@id":"https:\/\/gr-100.com\/#\/schema\/logo\/image\/"},"sameAs":["https:\/\/www.facebook.com\/Gr100Bikes","https:\/\/www.instagram.com\/gr100bikes\/","https:\/\/www.tiktok.com\/@gr100bikes","https:\/\/twitter.com\/gr100mtbteam","https:\/\/www.youtube.com\/c\/GR100Specialized"]}]}},"_links":{"self":[{"href":"https:\/\/gr-100.com\/en\/wp-json\/wp\/v2\/product\/396312","targetHints":{"allow":["GET"]}}],"collection":[{"href":"https:\/\/gr-100.com\/en\/wp-json\/wp\/v2\/product"}],"about":[{"href":"https:\/\/gr-100.com\/en\/wp-json\/wp\/v2\/types\/product"}],"replies":[{"embeddable":true,"href":"https:\/\/gr-100.com\/en\/wp-json\/wp\/v2\/comments?post=396312"}],"wp:featuredmedia":[{"embeddable":true,"href":"https:\/\/gr-100.com\/en\/wp-json\/wp\/v2\/media\/396316"}],"wp:attachment":[{"href":"https:\/\/gr-100.com\/en\/wp-json\/wp\/v2\/media?parent=396312"}],"wp:term":[{"taxonomy":"product_brand","embeddable":true,"href":"https:\/\/gr-100.com\/en\/wp-json\/wp\/v2\/product_brand?post=396312"},{"taxonomy":"product_cat","embeddable":true,"href":"https:\/\/gr-100.com\/en\/wp-json\/wp\/v2\/product_cat?post=396312"},{"taxonomy":"product_tag","embeddable":true,"href":"https:\/\/gr-100.com\/en\/wp-json\/wp\/v2\/product_tag?post=396312"}],"curies":[{"name":"wp","href":"https:\/\/api.w.org\/{rel}","templated":true}]}}