{"id":396860,"date":"2024-11-21T11:31:02","date_gmt":"2024-11-21T11:31:02","guid":{"rendered":"https:\/\/gr-100.com\/?post_type=product&#038;p=396860"},"modified":"2025-12-19T11:59:04","modified_gmt":"2025-12-19T09:59:04","slug":"specialized-tero-4-0-step-through-eq-nb-2025","status":"publish","type":"product","link":"https:\/\/gr-100.com\/en\/producto\/specialized-tero-4-0-step-through-eq-nb-2025\/","title":{"rendered":"Specialized Tero 4.0 Step Through EQ NB 2025"},"content":{"rendered":"<ul>\n<li>Motor Turbo Full Power 2.0 y bater\u00eda de 710 Wh: integrados en el cuadro de aluminio de la Tero 4.0, cuadriplican eficazmente tu propia potencia, generando una potencia suficiente para superar r\u00e1pidamente las subidas m\u00e1s empinadas y proporcionando suficiente potencia adicional para permitirte llevar una monta\u00f1a de equipo de aventura, comestibles, ni\u00f1os y sue\u00f1os despiertos sin sudar. Eres t\u00fa, solo que m\u00e1s r\u00e1pido. Pero lo que realmente distingue a este motor del resto es la eficiencia y la fluidez con la que se combina con tus propios esfuerzos.<\/li>\n<li>Aplicaci\u00f3n Specialized y MasterMind: la aplicaci\u00f3n Specialized te permite adaptar los niveles de potencia de salida de la Tero a tus preferencias deseadas: los tres modos de potencia est\u00e1ndar se pueden ajustar casi infinitamente para adaptarse a tus necesidades de potencia y autonom\u00eda. La funci\u00f3n MicroTune de MasterMind puede ajustar los niveles de potencia de salida en incrementos del 10 % para que puedas ajustar la autonom\u00eda a tus necesidades.<\/li>\n<li>ADN de bicicleta de monta\u00f1a: los componentes de la Tero est\u00e1n dise\u00f1ados para mejorar el control y la confianza. Las ruedas de 29\u201d agresivas pero de rodadura suave con neum\u00e1ticos Ground<\/li>\n<li>Control de 2,3\u201d ofrecen una amplia tracci\u00f3n en cada situaci\u00f3n, los frenos de disco SRAM ofrecen un agarre de frenado sustancial, 110 mm de recorrido de la suspensi\u00f3n delantera suavizan el camino y una tija de sill\u00edn telesc\u00f3pica est\u00e1 ah\u00ed para cuando necesites realmente bajar en situaciones t\u00e9cnicas todoterreno.<\/li>\n<li>Bloqueo del sistema Turbo: usa la aplicaci\u00f3n Specialized para desactivar el motor de tu bicicleta y activar la alarma del sensor de movimiento. Una vez bloqueado, el motor no se puede volver a activar excepto por el propietario.<\/li>\n<li>Soportes para guardabarros, portabultos y pata de cabra. Clasificado para tirar de un remolque de eje pasante. Compatible con asiento para ni\u00f1os.<\/li>\n<li>Autonom\u00eda prolongada: con una autonom\u00eda para andar en cualquier lugar, recorre hasta 86 millas (140 km) o 6,5 horas con una sola carga (modo ecol\u00f3gico).<\/li>\n<li>ESPECIFICACIONES<br \/>\nE-bike<br \/>\nCARGADOR<br \/>\nCargador personalizado, 42 V 4 A con enchufe Rosenberger, 100-240 V<br \/>\nUI\/REMOTE<br \/>\nMasterMind TCD, con control remoto en el manillar, funci\u00f3n antirrobo incorporada, conectividad Bluetooth\u00ae, p\u00e1ginas de visualizaci\u00f3n personalizables<br \/>\nMOTOR<br \/>\nSpecialized 2.0, par de 70 Nm, motor personalizado, 250 W nominales<br \/>\nBATER\u00cdA<br \/>\nSpecialized U2-710, carcasa de aleaci\u00f3n, indicador de estado de carga, 710 Wh<br \/>\nCockpit<br \/>\nPU\u00d1OS<br \/>\nPu\u00f1os Body Geometry<br \/>\nSILL\u00cdN<br \/>\nBridge Sport, rieles de acero, 155 mm<br \/>\nPOTENCIA<br \/>\nV\u00e1stago Specialized Stealth, aleaci\u00f3n, 14 grados, 31,8 mm, montaje TCD integrado S-M 60 mm, L-XL 75 mm<br \/>\nMANILLAR<br \/>\nSpecialized Trail, aleaci\u00f3n 6061, retroceso de 8 grados, 6 grados de inclinaci\u00f3n, 27 mm de elevaci\u00f3n, abrazadera de 31,8 mm, S 720 mm, M-XL 750 mm<br \/>\nTIJA DE SILL\u00cdN<br \/>\nTranzX Dropper, 30,9 mm, S: 100 mm, M-XL: 120 mm<br \/>\nRuedas y neum\u00e1ticos<br \/>\nBUJE DELANTERO<br \/>\nMaza delantera de aleaci\u00f3n Specialized, disco, rodamientos de cartucho sellados, 6 tornillos, eje pasante de 15 x 110 mm, 32 radios<br \/>\nRADIOS<br \/>\nDT Swiss Industry<br \/>\nNEUM\u00c1TICO DEL.<br \/>\nGround Control, 2Bliss Ready, 29&#215;2.35&#8243;<br \/>\nNEUM\u00c1TICO TRASERO<br \/>\nGround Control, 2Bliss Ready, 29&#215;2.35&#8243;<br \/>\nBUJE TRASERO<br \/>\nMaza trasera Specialized Alloy Disc, rodamientos sellados Cardridge, 6 pernos, eje pasante 12X148 mm, 32H, Hd Steel Fhb<br \/>\nC\u00c1MARAS<br \/>\nSpecialized Turbo Tube 29X1.75-2.4<br \/>\nLLANTAS<br \/>\nStout XC 29, ancho interno de 25 mm, espec\u00edfico para disco<br \/>\nCuadro<br \/>\nABRAZ. SILL\u00cdN<br \/>\nAleaci\u00f3n, tipo perno, 34,9 mm<br \/>\nCUADRO<br \/>\nAluminio E5, montaje de motor en pedalier, bater\u00eda de tubo inferior totalmente integrada y bloqueable, enrutamiento interno de cables, bloqueo y montaje en portabultos delantero<br \/>\nSuspensi\u00f3n<br \/>\nHORQUILLA<br \/>\nSR SUNTOUR, Sf25-Xcr34X-Boost-Coil-2Cr, recorrido de 100 mm, di\u00e1metro exterior de corona de 58 mm, eje pasante de 15 mm, 29Er, desplazamiento de 51 mm<br \/>\nFrenos<br \/>\nFRENO TRASERO<br \/>\nTektro HD-M520 180 mm<br \/>\nFRENO DELANTERO<br \/>\nTektro HD-M520 180 mm<br \/>\nTransmisi\u00f3n<br \/>\nPLATOS<br \/>\n40T<br \/>\nPEDALIER<br \/>\nBrazos de biela forjados de aleaci\u00f3n personalizados, Isis, 170 mm, Cl 50,73 mm, BCD 104 mm<br \/>\nPROTECTOR DE CADENA<br \/>\nProtector de cadena personalizado<br \/>\nCADENA<br \/>\nShimano LG500<br \/>\nCASETE<br \/>\nShimano, CS-LG300-9, CUES, 9-Speed, 11-41T<br \/>\nCAMBIO<br \/>\nShimano, RD-U4000, CUES, Gs 9-Speed, Top Normal, Shadow Design, Direct Attachment<br \/>\nMANDOS DE CAMBIO<br \/>\nShimano, SL-U4000-9R, CUES, Derecha, 9-Speed \u200b\u200bRapidfire, W\/ Optical Gear Display<br \/>\nAccesorios<br \/>\nGUARDABARROS<br \/>\nGuardabarros Specialized DRYTECH, 65mm width, aluminum fenderstays<br \/>\nLUZ FRONTAL<br \/>\nLezyne, Ebike Mini Stvzo E300+, 300 Lumen, 160Cm Wire, With Reflector<br \/>\nTIMBRE<br \/>\nBell<br \/>\nLUZ TRASERA<br \/>\nSpanninga, Stvzo, Commuter Glow With Brake XEr<br \/>\nPEDALES<br \/>\nSpecialized Body Geometry Fitness, Plataforma, Pl\u00e1stico<br \/>\nPATA DE CABRA<br \/>\nSpecialized pata de cabra, montaje de 40 mm<br \/>\nPORTABULTOS<br \/>\nPortaequipajes Specialized, interfaz MIK HD, soportes para alforjas integrados, carga m\u00e1xima de 27 kg<br \/>\nCANDADO<br \/>\nTurbo System Lock<\/li>\n<\/ul>\n","protected":false},"excerpt":{"rendered":"<p>La Turbo Tero significa una cosa: vas a necesitar un mapa m\u00e1s grande. Con una autonom\u00eda que te permite ir a cualquier parte, esta bicicleta el\u00e9ctrica con suspensi\u00f3n lista para la aventura es nuestro veh\u00edculo para ir a cualquier parte, sobre cualquier cosa, con todo. Adem\u00e1s, con suficiente espacio de almacenamiento.<\/p>\n","protected":false},"featured_media":396873,"comment_status":"open","ping_status":"closed","template":"","meta":{"_acf_changed":false,"_et_pb_use_builder":"","_et_pb_old_content":"","_et_gb_content_width":"","inline_featured_image":false},"product_brand":[],"product_cat":[23,2367],"product_tag":[],"class_list":{"0":"post-396860","1":"product","2":"type-product","3":"status-publish","4":"has-post-thumbnail","6":"product_cat-bicicletas-electricas","7":"product_cat-bicicletas-specialized","8":"product_shipping_class-bicicletas","10":"first","11":"outofstock","12":"taxable","13":"shipping-taxable","14":"product-type-variable","15":"wvs-archive-product-wrapper"},"acf":[],"yoast_head":"<!-- This site is optimized with the Yoast SEO Premium plugin v26.7 (Yoast SEO v26.7) - https:\/\/yoast.com\/wordpress\/plugins\/seo\/ -->\n<title>Specialized Tero 4.0 Step Through EQ NB 2025 GR-100<\/title>\n<meta name=\"description\" content=\"La Turbo Tero significa una cosa: vas a necesitar un mapa m\u00e1s grande. Con una autonom\u00eda que te permite ir a cualquier parte, esta bicicleta el\u00e9ctrica con suspensi\u00f3n lista para la aventura es nuestro veh\u00edculo para ir a cualquier parte, sobre cualquier cosa, con todo. Adem\u00e1s, con suficiente espacio de almacenamiento.\" \/>\n<meta name=\"robots\" content=\"index, follow, max-snippet:-1, max-image-preview:large, max-video-preview:-1\" \/>\n<link rel=\"canonical\" href=\"https:\/\/gr-100.com\/producto\/specialized-tero-4-0-step-through-eq-nb-2025\/\" \/>\n<meta property=\"og:locale\" content=\"en_US\" \/>\n<meta property=\"og:type\" content=\"article\" \/>\n<meta property=\"og:title\" content=\"Specialized Tero 4.0 Step Through EQ NB 2025\" \/>\n<meta property=\"og:description\" content=\"La Turbo Tero significa una cosa: vas a necesitar un mapa m\u00e1s grande. Con una autonom\u00eda que te permite ir a cualquier parte, esta bicicleta el\u00e9ctrica con suspensi\u00f3n lista para la aventura es nuestro veh\u00edculo para ir a cualquier parte, sobre cualquier cosa, con todo. Adem\u00e1s, con suficiente espacio de almacenamiento.\" \/>\n<meta property=\"og:url\" content=\"https:\/\/gr-100.com\/producto\/specialized-tero-4-0-step-through-eq-nb-2025\/\" \/>\n<meta property=\"og:site_name\" content=\"Gr-100 Tienda de ciclismo Specialized\" \/>\n<meta property=\"article:publisher\" content=\"https:\/\/www.facebook.com\/Gr100Bikes\" \/>\n<meta property=\"article:modified_time\" content=\"2025-12-19T09:59:04+00:00\" \/>\n<meta property=\"og:image\" content=\"https:\/\/gr-100.com\/wp-content\/uploads\/2024\/11\/Sin-titulo-78.jpeg\" \/>\n\t<meta property=\"og:image:width\" content=\"1000\" \/>\n\t<meta property=\"og:image:height\" content=\"1000\" \/>\n\t<meta property=\"og:image:type\" content=\"image\/jpeg\" \/>\n<meta name=\"twitter:card\" content=\"summary_large_image\" \/>\n<meta name=\"twitter:label1\" content=\"Est. reading time\" \/>\n\t<meta name=\"twitter:data1\" content=\"4 minutes\" \/>\n<script type=\"application\/ld+json\" class=\"yoast-schema-graph\">{\"@context\":\"https:\/\/schema.org\",\"@graph\":[{\"@type\":\"WebPage\",\"@id\":\"https:\/\/gr-100.com\/producto\/specialized-tero-4-0-step-through-eq-nb-2025\/\",\"url\":\"https:\/\/gr-100.com\/producto\/specialized-tero-4-0-step-through-eq-nb-2025\/\",\"name\":\"Specialized Tero 4.0 Step Through EQ NB 2025 GR-100\",\"isPartOf\":{\"@id\":\"https:\/\/gr-100.com\/#website\"},\"primaryImageOfPage\":{\"@id\":\"https:\/\/gr-100.com\/producto\/specialized-tero-4-0-step-through-eq-nb-2025\/#primaryimage\"},\"image\":{\"@id\":\"https:\/\/gr-100.com\/producto\/specialized-tero-4-0-step-through-eq-nb-2025\/#primaryimage\"},\"thumbnailUrl\":\"https:\/\/gr-100.com\/wp-content\/uploads\/2024\/11\/Sin-titulo-78.jpeg\",\"datePublished\":\"2024-11-21T11:31:02+00:00\",\"dateModified\":\"2025-12-19T09:59:04+00:00\",\"description\":\"La Turbo Tero significa una cosa: vas a necesitar un mapa m\u00e1s grande. Con una autonom\u00eda que te permite ir a cualquier parte, esta bicicleta el\u00e9ctrica con suspensi\u00f3n lista para la aventura es nuestro veh\u00edculo para ir a cualquier parte, sobre cualquier cosa, con todo. Adem\u00e1s, con suficiente espacio de almacenamiento.\",\"breadcrumb\":{\"@id\":\"https:\/\/gr-100.com\/producto\/specialized-tero-4-0-step-through-eq-nb-2025\/#breadcrumb\"},\"inLanguage\":\"en-US\",\"potentialAction\":[{\"@type\":\"ReadAction\",\"target\":[\"https:\/\/gr-100.com\/producto\/specialized-tero-4-0-step-through-eq-nb-2025\/\"]}]},{\"@type\":\"ImageObject\",\"inLanguage\":\"en-US\",\"@id\":\"https:\/\/gr-100.com\/producto\/specialized-tero-4-0-step-through-eq-nb-2025\/#primaryimage\",\"url\":\"https:\/\/gr-100.com\/wp-content\/uploads\/2024\/11\/Sin-titulo-78.jpeg\",\"contentUrl\":\"https:\/\/gr-100.com\/wp-content\/uploads\/2024\/11\/Sin-titulo-78.jpeg\",\"width\":1000,\"height\":1000},{\"@type\":\"BreadcrumbList\",\"@id\":\"https:\/\/gr-100.com\/producto\/specialized-tero-4-0-step-through-eq-nb-2025\/#breadcrumb\",\"itemListElement\":[{\"@type\":\"ListItem\",\"position\":1,\"name\":\"Portada\",\"item\":\"https:\/\/gr-100.com\/pt-pt\/\"},{\"@type\":\"ListItem\",\"position\":2,\"name\":\"Productos\",\"item\":\"https:\/\/gr-100.com\/?post_type=product\"},{\"@type\":\"ListItem\",\"position\":3,\"name\":\"Specialized Tero 4.0 Step Through EQ NB 2025\"}]},{\"@type\":\"WebSite\",\"@id\":\"https:\/\/gr-100.com\/#website\",\"url\":\"https:\/\/gr-100.com\/\",\"name\":\"Gr-100 Tienda de ciclismo Specialized\",\"description\":\"GR-100 tenemos todas las gamas de bicicletas Specialized al mejor precio.\",\"publisher\":{\"@id\":\"https:\/\/gr-100.com\/#organization\"},\"alternateName\":\"Gr-100 Bikes\",\"potentialAction\":[{\"@type\":\"SearchAction\",\"target\":{\"@type\":\"EntryPoint\",\"urlTemplate\":\"https:\/\/gr-100.com\/?s={search_term_string}\"},\"query-input\":{\"@type\":\"PropertyValueSpecification\",\"valueRequired\":true,\"valueName\":\"search_term_string\"}}],\"inLanguage\":\"en-US\"},{\"@type\":\"Organization\",\"@id\":\"https:\/\/gr-100.com\/#organization\",\"name\":\"Gr-100\",\"url\":\"https:\/\/gr-100.com\/\",\"logo\":{\"@type\":\"ImageObject\",\"inLanguage\":\"en-US\",\"@id\":\"https:\/\/gr-100.com\/#\/schema\/logo\/image\/\",\"url\":\"https:\/\/gr-100.com\/wp-content\/uploads\/2023\/08\/logo-gr-100-bikes.png\",\"contentUrl\":\"https:\/\/gr-100.com\/wp-content\/uploads\/2023\/08\/logo-gr-100-bikes.png\",\"width\":707,\"height\":284,\"caption\":\"Gr-100\"},\"image\":{\"@id\":\"https:\/\/gr-100.com\/#\/schema\/logo\/image\/\"},\"sameAs\":[\"https:\/\/www.facebook.com\/Gr100Bikes\",\"https:\/\/www.instagram.com\/gr100bikes\/\",\"https:\/\/www.tiktok.com\/@gr100bikes\",\"https:\/\/twitter.com\/gr100mtbteam\",\"https:\/\/www.youtube.com\/c\/GR100Specialized\"]}]}<\/script>\n<!-- \/ Yoast SEO Premium plugin. -->","yoast_head_json":{"title":"Specialized Tero 4.0 Step Through EQ NB 2025 GR-100","description":"La Turbo Tero significa una cosa: vas a necesitar un mapa m\u00e1s grande. Con una autonom\u00eda que te permite ir a cualquier parte, esta bicicleta el\u00e9ctrica con suspensi\u00f3n lista para la aventura es nuestro veh\u00edculo para ir a cualquier parte, sobre cualquier cosa, con todo. Adem\u00e1s, con suficiente espacio de almacenamiento.","robots":{"index":"index","follow":"follow","max-snippet":"max-snippet:-1","max-image-preview":"max-image-preview:large","max-video-preview":"max-video-preview:-1"},"canonical":"https:\/\/gr-100.com\/producto\/specialized-tero-4-0-step-through-eq-nb-2025\/","og_locale":"en_US","og_type":"article","og_title":"Specialized Tero 4.0 Step Through EQ NB 2025","og_description":"La Turbo Tero significa una cosa: vas a necesitar un mapa m\u00e1s grande. Con una autonom\u00eda que te permite ir a cualquier parte, esta bicicleta el\u00e9ctrica con suspensi\u00f3n lista para la aventura es nuestro veh\u00edculo para ir a cualquier parte, sobre cualquier cosa, con todo. Adem\u00e1s, con suficiente espacio de almacenamiento.","og_url":"https:\/\/gr-100.com\/producto\/specialized-tero-4-0-step-through-eq-nb-2025\/","og_site_name":"Gr-100 Tienda de ciclismo Specialized","article_publisher":"https:\/\/www.facebook.com\/Gr100Bikes","article_modified_time":"2025-12-19T09:59:04+00:00","og_image":[{"width":1000,"height":1000,"url":"https:\/\/gr-100.com\/wp-content\/uploads\/2024\/11\/Sin-titulo-78.jpeg","type":"image\/jpeg"}],"twitter_card":"summary_large_image","twitter_misc":{"Est. reading time":"4 minutes"},"schema":{"@context":"https:\/\/schema.org","@graph":[{"@type":"WebPage","@id":"https:\/\/gr-100.com\/producto\/specialized-tero-4-0-step-through-eq-nb-2025\/","url":"https:\/\/gr-100.com\/producto\/specialized-tero-4-0-step-through-eq-nb-2025\/","name":"Specialized Tero 4.0 Step Through EQ NB 2025 GR-100","isPartOf":{"@id":"https:\/\/gr-100.com\/#website"},"primaryImageOfPage":{"@id":"https:\/\/gr-100.com\/producto\/specialized-tero-4-0-step-through-eq-nb-2025\/#primaryimage"},"image":{"@id":"https:\/\/gr-100.com\/producto\/specialized-tero-4-0-step-through-eq-nb-2025\/#primaryimage"},"thumbnailUrl":"https:\/\/gr-100.com\/wp-content\/uploads\/2024\/11\/Sin-titulo-78.jpeg","datePublished":"2024-11-21T11:31:02+00:00","dateModified":"2025-12-19T09:59:04+00:00","description":"La Turbo Tero significa una cosa: vas a necesitar un mapa m\u00e1s grande. Con una autonom\u00eda que te permite ir a cualquier parte, esta bicicleta el\u00e9ctrica con suspensi\u00f3n lista para la aventura es nuestro veh\u00edculo para ir a cualquier parte, sobre cualquier cosa, con todo. Adem\u00e1s, con suficiente espacio de almacenamiento.","breadcrumb":{"@id":"https:\/\/gr-100.com\/producto\/specialized-tero-4-0-step-through-eq-nb-2025\/#breadcrumb"},"inLanguage":"en-US","potentialAction":[{"@type":"ReadAction","target":["https:\/\/gr-100.com\/producto\/specialized-tero-4-0-step-through-eq-nb-2025\/"]}]},{"@type":"ImageObject","inLanguage":"en-US","@id":"https:\/\/gr-100.com\/producto\/specialized-tero-4-0-step-through-eq-nb-2025\/#primaryimage","url":"https:\/\/gr-100.com\/wp-content\/uploads\/2024\/11\/Sin-titulo-78.jpeg","contentUrl":"https:\/\/gr-100.com\/wp-content\/uploads\/2024\/11\/Sin-titulo-78.jpeg","width":1000,"height":1000},{"@type":"BreadcrumbList","@id":"https:\/\/gr-100.com\/producto\/specialized-tero-4-0-step-through-eq-nb-2025\/#breadcrumb","itemListElement":[{"@type":"ListItem","position":1,"name":"Portada","item":"https:\/\/gr-100.com\/pt-pt\/"},{"@type":"ListItem","position":2,"name":"Productos","item":"https:\/\/gr-100.com\/?post_type=product"},{"@type":"ListItem","position":3,"name":"Specialized Tero 4.0 Step Through EQ NB 2025"}]},{"@type":"WebSite","@id":"https:\/\/gr-100.com\/#website","url":"https:\/\/gr-100.com\/","name":"Gr-100 Tienda de ciclismo Specialized","description":"GR-100 tenemos todas las gamas de bicicletas Specialized al mejor precio.","publisher":{"@id":"https:\/\/gr-100.com\/#organization"},"alternateName":"Gr-100 Bikes","potentialAction":[{"@type":"SearchAction","target":{"@type":"EntryPoint","urlTemplate":"https:\/\/gr-100.com\/?s={search_term_string}"},"query-input":{"@type":"PropertyValueSpecification","valueRequired":true,"valueName":"search_term_string"}}],"inLanguage":"en-US"},{"@type":"Organization","@id":"https:\/\/gr-100.com\/#organization","name":"Gr-100","url":"https:\/\/gr-100.com\/","logo":{"@type":"ImageObject","inLanguage":"en-US","@id":"https:\/\/gr-100.com\/#\/schema\/logo\/image\/","url":"https:\/\/gr-100.com\/wp-content\/uploads\/2023\/08\/logo-gr-100-bikes.png","contentUrl":"https:\/\/gr-100.com\/wp-content\/uploads\/2023\/08\/logo-gr-100-bikes.png","width":707,"height":284,"caption":"Gr-100"},"image":{"@id":"https:\/\/gr-100.com\/#\/schema\/logo\/image\/"},"sameAs":["https:\/\/www.facebook.com\/Gr100Bikes","https:\/\/www.instagram.com\/gr100bikes\/","https:\/\/www.tiktok.com\/@gr100bikes","https:\/\/twitter.com\/gr100mtbteam","https:\/\/www.youtube.com\/c\/GR100Specialized"]}]}},"_links":{"self":[{"href":"https:\/\/gr-100.com\/en\/wp-json\/wp\/v2\/product\/396860","targetHints":{"allow":["GET"]}}],"collection":[{"href":"https:\/\/gr-100.com\/en\/wp-json\/wp\/v2\/product"}],"about":[{"href":"https:\/\/gr-100.com\/en\/wp-json\/wp\/v2\/types\/product"}],"replies":[{"embeddable":true,"href":"https:\/\/gr-100.com\/en\/wp-json\/wp\/v2\/comments?post=396860"}],"wp:featuredmedia":[{"embeddable":true,"href":"https:\/\/gr-100.com\/en\/wp-json\/wp\/v2\/media\/396873"}],"wp:attachment":[{"href":"https:\/\/gr-100.com\/en\/wp-json\/wp\/v2\/media?parent=396860"}],"wp:term":[{"taxonomy":"product_brand","embeddable":true,"href":"https:\/\/gr-100.com\/en\/wp-json\/wp\/v2\/product_brand?post=396860"},{"taxonomy":"product_cat","embeddable":true,"href":"https:\/\/gr-100.com\/en\/wp-json\/wp\/v2\/product_cat?post=396860"},{"taxonomy":"product_tag","embeddable":true,"href":"https:\/\/gr-100.com\/en\/wp-json\/wp\/v2\/product_tag?post=396860"}],"curies":[{"name":"wp","href":"https:\/\/api.w.org\/{rel}","templated":true}]}}