{"id":398809,"date":"2024-12-18T12:17:42","date_gmt":"2024-12-18T12:17:42","guid":{"rendered":"https:\/\/gr-100.com\/?post_type=product&#038;p=398809"},"modified":"2025-12-23T12:57:47","modified_gmt":"2025-12-23T10:57:47","slug":"specialized-levo-sl-s-works-carbon-2025","status":"publish","type":"product","link":"https:\/\/gr-100.com\/en\/producto\/specialized-levo-sl-s-works-carbon-2025\/","title":{"rendered":"Specialized Levo SL S-Works Carbon 2025"},"content":{"rendered":"<p>LO IMPORTANTE SON TUS SALIDAS: Cuando todo funciona a la perfecci\u00f3n, la bicicleta desaparece mientras pedaleas. Para que la Levo SL fuera m\u00e1s \u00e1gil y reactiva, hemos reducido su peso al m\u00e1ximo. Es lo suficientemente resistente para aguantar un uso intensivo, pero lo bastante ligera para moverse con facilidad en secciones t\u00e9cnicas. Su geometr\u00eda, cinem\u00e1tica y el ajuste de la suspensi\u00f3n no dejan nada que desear.<\/p>\n<p>COMO SI FUERAS VOLANDO EN LA ALFOMBRA M\u00c1GICA: GENIE, la tecnolog\u00eda de amortiguaci\u00f3n de aire que hemos inventado y que a\u00fan est\u00e1 pendiente de patente, ha llegado para cumplir los tres deseos de cualquier ciclista de trail: tiene el tacto y la tracci\u00f3n de un amortiguador de muelle, un sistema que evita el hundimiento mejor que un amortiguador de aire convencional y la capacidad de ajustar el tramo medio y final del recorrido de forma independiente. GENIE combina la curva m\u00e1s lineal y controlada de un amortiguador de muelle en las zonas de baches con la curva m\u00e1s progresiva de un amortiguador de aire al final del recorrido para reducir los topes. Es lo mejor de ambos mundos.<\/p>\n<p>GEOMETR\u00cdA DE CONTROL: Nuestro dise\u00f1o est\u00e1 centrado en el rendimiento y el control de principio a fin. Al disponer la fibra de carbono de forma estrat\u00e9gica, hemos creado un cuadro r\u00edgido y reactivo, y minimizado la flexi\u00f3n lateral para que la transferencia de potencia sea m\u00e1s eficiente. El cockpit mejora la tracci\u00f3n y la precisi\u00f3n en las curvas gracias a un eje de pedalier bajo, un \u00e1ngulo del tubo de direcci\u00f3n lanzado y varias opciones de ajuste del \u00e1ngulo de direcci\u00f3n (63\u00b0, 64,25\u00b0, 65,5\u00b0) que brindan estabilidad y agilidad en cualquier tipo de terreno.<\/p>\n<p>RUEDAS MIXTAS: La rueda delantera de 29\u201d garantiza estabilidad y seguridad en los terrenos m\u00e1s irregulares, mientras que la rueda trasera de 27,5\u201d permite acortar las vainas y que la bici sea superreactiva. Si prefieres montar una rueda de 29\u201d para conseguir una menor resistencia al avance y una mayor tracci\u00f3n, solo tienes que girar el flip chip y ponerla.<\/p>\n<p>SISTEMA OPERATIVO TURBO: Nuestro sistema operativo integrado ofrece un rendimiento sin igual en cuanto a par motor, autonom\u00eda, sensaci\u00f3n y calidad de conducci\u00f3n, potencia, fiabilidad y experiencia general. Es la mano invisible que te permite hacer y saber m\u00e1s cosas, recorrer distancias m\u00e1s largas, sentirte m\u00e1s fuerte y divertirte m\u00e1s.<\/p>\n<p>MOTOR SPECIALIZED SL 1.2: El motor Specialized SL 1.2, ultrasilencioso y con una suavidad que parece de otro planeta, ofrece un 43 % m\u00e1s de par motor (50 Nm) y un 33 % m\u00e1s de potencia (320 vatios) que el modelo anterior. \u00bfEl resultado? Un rendimiento \u201cT\u00fa 2X\u201d para tus salidas. Al combinar esto con una bater\u00eda integrada de 320 Wh, la Levo SL te ofrece la mejor calidad y aguanta hasta 5 horas en modo Eco. \u00bfQuieres hacer una salida m\u00e1s larga? El range extender de 160 Wh (se vende por separado) te brinda un 50 % m\u00e1s de autonom\u00eda. Solo tienes que ajustarlo al portabidones.<\/p>\n<p>TODO EST\u00c1 CONECTADO: Nuestra unidad de control MasterMind TCU se puede conectar a Turbo OS y la app Specialized y te permite ajustar los niveles de potencia con MicroTune, recibir actualizaciones en tiempo real para optimizar el rendimiento y mucho m\u00e1s. La Levo SL se integra por completo con la app Specialized para que puedas personalizar la configuraci\u00f3n del motor y acceder a funciones de seguridad avanzadas como Smart Control y Turbo System Lock.<\/p>\n<ul>\n<li>Ruedas Traverse HD: el juego de ruedas de carbono m\u00e1s resistente y que mejor rinde en la monta\u00f1a<\/li>\n<li>Horquilla FOX 36 FLOAT Factory: la suspensi\u00f3n m\u00e1s personalizable, suave y dise\u00f1ada para el descenso de FOX, con recubrimiento Kashima<\/li>\n<li>Frenos SRAM Maven Ultimate con rotor HS2: el m\u00e1ximo rendimiento en potencia de frenado y disipaci\u00f3n de calor, con tornillos de titanio<\/li>\n<li>Transmisi\u00f3n SRAM XX Eagle: el grupo inal\u00e1mbrico m\u00e1s ligero y resistente de SRAM<\/li>\n<li>Tija telesc\u00f3pica RockShox Reverb AXS: tija telesc\u00f3pica personalizable y con activaci\u00f3n inal\u00e1mbrica<\/li>\n<li>E-Bike<\/li>\n<li>MOTOR<\/li>\n<li>Specialized 1.2 SL Custom Rx Trail Tuned Motor<\/li>\n<li>BATER\u00cdA<\/li>\n<li>Specialized SL1-320, fully integrated, 320Wh<\/li>\n<li>UI\/REMOTE<\/li>\n<li>Specialized MasterMind TCU, percentage of remaining charge, 120 possible display configurations, MicroTune assist adjustment, over-the-air updates, ANT+\/Bluetooth\u00ae, w\/Handlebar remote<\/li>\n<li>CABLEADO<\/li>\n<li>Custom Specialized wiring harness<\/li>\n<li>CARGADOR<\/li>\n<li>Custom charger, 48V System w\/ SL system charger plug<\/li>\n<li>CUADRO<\/li>\n<li>Levo SL carbon Frame, Fact 11m carbon, alloy shock extension, 150mm travel, adjustable head angle, BB height, and compatible with 27.5 or 29&#8243; wheels.<\/li>\n<li>ABRAZ. SILL\u00cdN<\/li>\n<li>Alloy, 38.6mm<\/li>\n<li>AMORTIGUADOR<\/li>\n<li>FOX FLOAT X Factory with Specialized GENIE Shock Tech, Ride Dynamics Trail Tune, 2-position lever w\/3 setting Open mode tuning range, LSR adjustment, S2-S6:210x55mm, S1: FOX FLOAT Factory 210&#215;52.5mm<\/li>\n<li>HORQUILLA<\/li>\n<li>Fox 36 Factory series, 29&#8243;, Grip X2 damper, Kashima, S1: 150mm, S2-S6: 160mm<\/li>\n<li>FRENO DELANTERO<\/li>\n<li>SRAM Maven Ultimate w\/Hs2 rotor, 200mm<\/li>\n<li>FRENO TRASERO<\/li>\n<li>SRAM Maven Ultimate w\/Hs2 rotor, 200mm<\/li>\n<li>MANDOS DE CAMBIO<\/li>\n<li>SRAM AXS POD Ultimate Controller<\/li>\n<li>CAMBIO<\/li>\n<li>SRAM XX Eagle Transmission Derailleur<\/li>\n<li>CASETE<\/li>\n<li>SRAM XX Eagle Transmission Cassette, 12spd, 10-52t<\/li>\n<li>CADENA<\/li>\n<li>SRAM XX EagleTransmission Flattop Chain<\/li>\n<li>PEDALIER<\/li>\n<li>SRAM Eagle Crankset, 32T ring, Integrated Guard, 55mm Chainline,165mm<\/li>\n<li>PLATOS<\/li>\n<li>SRAM T-type ring, 32t<\/li>\n<li>NEUM\u00c1TICO DEL.<\/li>\n<li>Butcher, GRID TRAIL casing, GRIPTON\u00ae T9 compound, 2Bliss Ready, 29&#215;2.3&#8243;<\/li>\n<li>RUEDA DELANTERA<\/li>\n<li>Traverse HD 240, 29&#8243;<\/li>\n<li>NEUM\u00c1TICO TRASERO<\/li>\n<li>Eliminator, GRID GRAVITY casing, GRIPTON\u00ae T9\/T7 compound, 2Bliss Ready, 27.5&#215;2.3&#8243;<\/li>\n<li>RUEDA TRASERA<\/li>\n<li>Traverse HD 240, 27.5&#8243;, XD freehub body<\/li>\n<li>C\u00c1MARAS<\/li>\n<li>Standard, Presta Valve<\/li>\n<li>POTENCIA<\/li>\n<li>Industry 9 A35 stem, 40mm length, 35mm clamp diameter<\/li>\n<li>MANILLAR<\/li>\n<li>Raceface Era Carbon, S3-S6: 40mm rise, S1\/S2: 20mm rise<\/li>\n<li>PU\u00d1OS<\/li>\n<li>Diety Lockjaw grips<\/li>\n<li>SILL\u00cdN<\/li>\n<li>Specialized Power Pro Mirror, hollow Ti rail<\/li>\n<li>TIJA DE SILL\u00cdN<\/li>\n<li>RockShox Reverb AXS, 30.9, 1X remote, (S1:100mm, S2: 125mm, S3: 150mm, S4-S6: 170mm)<\/li>\n<li>Accessories<\/li>\n<li>SWAT<\/li>\n<li>SWAT CC steerer tube integrated tool with chain tool and link<\/li>\n<li>Product Details<\/li>\n<li>DINAMO<\/li>\n<li>221298<\/li>\n<li>Peso<\/li>\n<li>18.15 kg (40 lb, 0.2 oz)<\/li>\n<li>Talla S4<\/li>\n<\/ul>\n","protected":false},"excerpt":{"rendered":"<p>Si sue\u00f1as con recorrer singletracks interminables, hacer saltos espectaculares y mejorar tu forma f\u00edsica y tu velocidad, te presentamos a tu nueva compa\u00f1era: la Levo SL. Esta bici te ofrece una calidad de conducci\u00f3n inigualable gracias a su ligereza y una amplificaci\u00f3n de potencia excepcional. Te sorprender\u00e1 su rendimiento, lo bien que se conduce y la amplificaci\u00f3n \u201cT\u00fa 2X\u201d, que te da el poder de recorrer m\u00e1s senderos. Comp\u00e1rala con cualquier otra bici, con o sin motor, y estamos seguros de que no podr\u00e1s negarlo: la Levo SL es la bicicleta de trail definitiva.<\/p>\n","protected":false},"featured_media":398861,"comment_status":"open","ping_status":"closed","template":"","meta":{"_acf_changed":false,"_et_pb_use_builder":"","_et_pb_old_content":"","_et_gb_content_width":"","inline_featured_image":false},"product_brand":[],"product_cat":[4330,2388,420,23,2367],"product_tag":[],"class_list":{"0":"post-398809","1":"product","2":"type-product","3":"status-publish","4":"has-post-thumbnail","6":"product_cat-black-friday-2","7":"product_cat-bateria-de-regalo","8":"product_cat-bicicletas","9":"product_cat-bicicletas-electricas","10":"product_cat-bicicletas-specialized","12":"first","13":"outofstock","14":"taxable","15":"shipping-taxable","16":"product-type-variable","17":"wvs-archive-product-wrapper"},"acf":[],"yoast_head":"<!-- This site is optimized with the Yoast SEO Premium plugin v26.7 (Yoast SEO v26.7) - https:\/\/yoast.com\/wordpress\/plugins\/seo\/ -->\n<title>Specialized Levo SL S-Works Carbon 2025 GR-100<\/title>\n<meta name=\"description\" content=\"La Levo SL. Esta bici te ofrece una calidad de conducci\u00f3n inigualable gracias a su ligereza y una amplificaci\u00f3n de potencia excepcional. Te sorprender\u00e1 su rendimiento, lo bien que se conduce y la amplificaci\u00f3n \u201cT\u00fa 2X\u201d, que te da el poder de recorrer m\u00e1s senderos.\" \/>\n<meta name=\"robots\" content=\"index, follow, max-snippet:-1, max-image-preview:large, max-video-preview:-1\" \/>\n<link rel=\"canonical\" href=\"https:\/\/gr-100.com\/producto\/specialized-levo-sl-s-works-carbon-2025\/\" \/>\n<meta property=\"og:locale\" content=\"en_US\" \/>\n<meta property=\"og:type\" content=\"article\" \/>\n<meta property=\"og:title\" content=\"Specialized Levo SL S-Works Carbon 2025\" \/>\n<meta property=\"og:description\" content=\"La Levo SL. Esta bici te ofrece una calidad de conducci\u00f3n inigualable gracias a su ligereza y una amplificaci\u00f3n de potencia excepcional. Te sorprender\u00e1 su rendimiento, lo bien que se conduce y la amplificaci\u00f3n \u201cT\u00fa 2X\u201d, que te da el poder de recorrer m\u00e1s senderos.\" \/>\n<meta property=\"og:url\" content=\"https:\/\/gr-100.com\/producto\/specialized-levo-sl-s-works-carbon-2025\/\" \/>\n<meta property=\"og:site_name\" content=\"Gr-100 Tienda de ciclismo Specialized\" \/>\n<meta property=\"article:publisher\" content=\"https:\/\/www.facebook.com\/Gr100Bikes\" \/>\n<meta property=\"article:modified_time\" content=\"2025-12-23T10:57:47+00:00\" \/>\n<meta property=\"og:image\" content=\"https:\/\/gr-100.com\/wp-content\/uploads\/2024\/12\/Sin-titulo-1000-x-1000-px.jpg\" \/>\n\t<meta property=\"og:image:width\" content=\"1000\" \/>\n\t<meta property=\"og:image:height\" content=\"1000\" \/>\n\t<meta property=\"og:image:type\" content=\"image\/jpeg\" \/>\n<meta name=\"twitter:card\" content=\"summary_large_image\" \/>\n<meta name=\"twitter:label1\" content=\"Est. reading time\" \/>\n\t<meta name=\"twitter:data1\" content=\"5 minutes\" \/>\n<script type=\"application\/ld+json\" class=\"yoast-schema-graph\">{\"@context\":\"https:\/\/schema.org\",\"@graph\":[{\"@type\":\"WebPage\",\"@id\":\"https:\/\/gr-100.com\/producto\/specialized-levo-sl-s-works-carbon-2025\/\",\"url\":\"https:\/\/gr-100.com\/producto\/specialized-levo-sl-s-works-carbon-2025\/\",\"name\":\"Specialized Levo SL S-Works Carbon 2025 GR-100\",\"isPartOf\":{\"@id\":\"https:\/\/gr-100.com\/#website\"},\"primaryImageOfPage\":{\"@id\":\"https:\/\/gr-100.com\/producto\/specialized-levo-sl-s-works-carbon-2025\/#primaryimage\"},\"image\":{\"@id\":\"https:\/\/gr-100.com\/producto\/specialized-levo-sl-s-works-carbon-2025\/#primaryimage\"},\"thumbnailUrl\":\"https:\/\/gr-100.com\/wp-content\/uploads\/2024\/12\/Sin-titulo-1000-x-1000-px.jpg\",\"datePublished\":\"2024-12-18T12:17:42+00:00\",\"dateModified\":\"2025-12-23T10:57:47+00:00\",\"description\":\"La Levo SL. Esta bici te ofrece una calidad de conducci\u00f3n inigualable gracias a su ligereza y una amplificaci\u00f3n de potencia excepcional. Te sorprender\u00e1 su rendimiento, lo bien que se conduce y la amplificaci\u00f3n \u201cT\u00fa 2X\u201d, que te da el poder de recorrer m\u00e1s senderos.\",\"breadcrumb\":{\"@id\":\"https:\/\/gr-100.com\/producto\/specialized-levo-sl-s-works-carbon-2025\/#breadcrumb\"},\"inLanguage\":\"en-US\",\"potentialAction\":[{\"@type\":\"ReadAction\",\"target\":[\"https:\/\/gr-100.com\/producto\/specialized-levo-sl-s-works-carbon-2025\/\"]}]},{\"@type\":\"ImageObject\",\"inLanguage\":\"en-US\",\"@id\":\"https:\/\/gr-100.com\/producto\/specialized-levo-sl-s-works-carbon-2025\/#primaryimage\",\"url\":\"https:\/\/gr-100.com\/wp-content\/uploads\/2024\/12\/Sin-titulo-1000-x-1000-px.jpg\",\"contentUrl\":\"https:\/\/gr-100.com\/wp-content\/uploads\/2024\/12\/Sin-titulo-1000-x-1000-px.jpg\",\"width\":1000,\"height\":1000},{\"@type\":\"BreadcrumbList\",\"@id\":\"https:\/\/gr-100.com\/producto\/specialized-levo-sl-s-works-carbon-2025\/#breadcrumb\",\"itemListElement\":[{\"@type\":\"ListItem\",\"position\":1,\"name\":\"Portada\",\"item\":\"https:\/\/gr-100.com\/pt-pt\/\"},{\"@type\":\"ListItem\",\"position\":2,\"name\":\"Productos\",\"item\":\"https:\/\/gr-100.com\/?post_type=product\"},{\"@type\":\"ListItem\",\"position\":3,\"name\":\"Specialized Levo SL S-Works Carbon 2025\"}]},{\"@type\":\"WebSite\",\"@id\":\"https:\/\/gr-100.com\/#website\",\"url\":\"https:\/\/gr-100.com\/\",\"name\":\"Gr-100 Tienda de ciclismo Specialized\",\"description\":\"GR-100 tenemos todas las gamas de bicicletas Specialized al mejor precio.\",\"publisher\":{\"@id\":\"https:\/\/gr-100.com\/#organization\"},\"alternateName\":\"Gr-100 Bikes\",\"potentialAction\":[{\"@type\":\"SearchAction\",\"target\":{\"@type\":\"EntryPoint\",\"urlTemplate\":\"https:\/\/gr-100.com\/?s={search_term_string}\"},\"query-input\":{\"@type\":\"PropertyValueSpecification\",\"valueRequired\":true,\"valueName\":\"search_term_string\"}}],\"inLanguage\":\"en-US\"},{\"@type\":\"Organization\",\"@id\":\"https:\/\/gr-100.com\/#organization\",\"name\":\"Gr-100\",\"url\":\"https:\/\/gr-100.com\/\",\"logo\":{\"@type\":\"ImageObject\",\"inLanguage\":\"en-US\",\"@id\":\"https:\/\/gr-100.com\/#\/schema\/logo\/image\/\",\"url\":\"https:\/\/gr-100.com\/wp-content\/uploads\/2023\/08\/logo-gr-100-bikes.png\",\"contentUrl\":\"https:\/\/gr-100.com\/wp-content\/uploads\/2023\/08\/logo-gr-100-bikes.png\",\"width\":707,\"height\":284,\"caption\":\"Gr-100\"},\"image\":{\"@id\":\"https:\/\/gr-100.com\/#\/schema\/logo\/image\/\"},\"sameAs\":[\"https:\/\/www.facebook.com\/Gr100Bikes\",\"https:\/\/www.instagram.com\/gr100bikes\/\",\"https:\/\/www.tiktok.com\/@gr100bikes\",\"https:\/\/twitter.com\/gr100mtbteam\",\"https:\/\/www.youtube.com\/c\/GR100Specialized\"]}]}<\/script>\n<!-- \/ Yoast SEO Premium plugin. -->","yoast_head_json":{"title":"Specialized Levo SL S-Works Carbon 2025 GR-100","description":"La Levo SL. Esta bici te ofrece una calidad de conducci\u00f3n inigualable gracias a su ligereza y una amplificaci\u00f3n de potencia excepcional. Te sorprender\u00e1 su rendimiento, lo bien que se conduce y la amplificaci\u00f3n \u201cT\u00fa 2X\u201d, que te da el poder de recorrer m\u00e1s senderos.","robots":{"index":"index","follow":"follow","max-snippet":"max-snippet:-1","max-image-preview":"max-image-preview:large","max-video-preview":"max-video-preview:-1"},"canonical":"https:\/\/gr-100.com\/producto\/specialized-levo-sl-s-works-carbon-2025\/","og_locale":"en_US","og_type":"article","og_title":"Specialized Levo SL S-Works Carbon 2025","og_description":"La Levo SL. Esta bici te ofrece una calidad de conducci\u00f3n inigualable gracias a su ligereza y una amplificaci\u00f3n de potencia excepcional. Te sorprender\u00e1 su rendimiento, lo bien que se conduce y la amplificaci\u00f3n \u201cT\u00fa 2X\u201d, que te da el poder de recorrer m\u00e1s senderos.","og_url":"https:\/\/gr-100.com\/producto\/specialized-levo-sl-s-works-carbon-2025\/","og_site_name":"Gr-100 Tienda de ciclismo Specialized","article_publisher":"https:\/\/www.facebook.com\/Gr100Bikes","article_modified_time":"2025-12-23T10:57:47+00:00","og_image":[{"width":1000,"height":1000,"url":"https:\/\/gr-100.com\/wp-content\/uploads\/2024\/12\/Sin-titulo-1000-x-1000-px.jpg","type":"image\/jpeg"}],"twitter_card":"summary_large_image","twitter_misc":{"Est. reading time":"5 minutes"},"schema":{"@context":"https:\/\/schema.org","@graph":[{"@type":"WebPage","@id":"https:\/\/gr-100.com\/producto\/specialized-levo-sl-s-works-carbon-2025\/","url":"https:\/\/gr-100.com\/producto\/specialized-levo-sl-s-works-carbon-2025\/","name":"Specialized Levo SL S-Works Carbon 2025 GR-100","isPartOf":{"@id":"https:\/\/gr-100.com\/#website"},"primaryImageOfPage":{"@id":"https:\/\/gr-100.com\/producto\/specialized-levo-sl-s-works-carbon-2025\/#primaryimage"},"image":{"@id":"https:\/\/gr-100.com\/producto\/specialized-levo-sl-s-works-carbon-2025\/#primaryimage"},"thumbnailUrl":"https:\/\/gr-100.com\/wp-content\/uploads\/2024\/12\/Sin-titulo-1000-x-1000-px.jpg","datePublished":"2024-12-18T12:17:42+00:00","dateModified":"2025-12-23T10:57:47+00:00","description":"La Levo SL. Esta bici te ofrece una calidad de conducci\u00f3n inigualable gracias a su ligereza y una amplificaci\u00f3n de potencia excepcional. Te sorprender\u00e1 su rendimiento, lo bien que se conduce y la amplificaci\u00f3n \u201cT\u00fa 2X\u201d, que te da el poder de recorrer m\u00e1s senderos.","breadcrumb":{"@id":"https:\/\/gr-100.com\/producto\/specialized-levo-sl-s-works-carbon-2025\/#breadcrumb"},"inLanguage":"en-US","potentialAction":[{"@type":"ReadAction","target":["https:\/\/gr-100.com\/producto\/specialized-levo-sl-s-works-carbon-2025\/"]}]},{"@type":"ImageObject","inLanguage":"en-US","@id":"https:\/\/gr-100.com\/producto\/specialized-levo-sl-s-works-carbon-2025\/#primaryimage","url":"https:\/\/gr-100.com\/wp-content\/uploads\/2024\/12\/Sin-titulo-1000-x-1000-px.jpg","contentUrl":"https:\/\/gr-100.com\/wp-content\/uploads\/2024\/12\/Sin-titulo-1000-x-1000-px.jpg","width":1000,"height":1000},{"@type":"BreadcrumbList","@id":"https:\/\/gr-100.com\/producto\/specialized-levo-sl-s-works-carbon-2025\/#breadcrumb","itemListElement":[{"@type":"ListItem","position":1,"name":"Portada","item":"https:\/\/gr-100.com\/pt-pt\/"},{"@type":"ListItem","position":2,"name":"Productos","item":"https:\/\/gr-100.com\/?post_type=product"},{"@type":"ListItem","position":3,"name":"Specialized Levo SL S-Works Carbon 2025"}]},{"@type":"WebSite","@id":"https:\/\/gr-100.com\/#website","url":"https:\/\/gr-100.com\/","name":"Gr-100 Tienda de ciclismo Specialized","description":"GR-100 tenemos todas las gamas de bicicletas Specialized al mejor precio.","publisher":{"@id":"https:\/\/gr-100.com\/#organization"},"alternateName":"Gr-100 Bikes","potentialAction":[{"@type":"SearchAction","target":{"@type":"EntryPoint","urlTemplate":"https:\/\/gr-100.com\/?s={search_term_string}"},"query-input":{"@type":"PropertyValueSpecification","valueRequired":true,"valueName":"search_term_string"}}],"inLanguage":"en-US"},{"@type":"Organization","@id":"https:\/\/gr-100.com\/#organization","name":"Gr-100","url":"https:\/\/gr-100.com\/","logo":{"@type":"ImageObject","inLanguage":"en-US","@id":"https:\/\/gr-100.com\/#\/schema\/logo\/image\/","url":"https:\/\/gr-100.com\/wp-content\/uploads\/2023\/08\/logo-gr-100-bikes.png","contentUrl":"https:\/\/gr-100.com\/wp-content\/uploads\/2023\/08\/logo-gr-100-bikes.png","width":707,"height":284,"caption":"Gr-100"},"image":{"@id":"https:\/\/gr-100.com\/#\/schema\/logo\/image\/"},"sameAs":["https:\/\/www.facebook.com\/Gr100Bikes","https:\/\/www.instagram.com\/gr100bikes\/","https:\/\/www.tiktok.com\/@gr100bikes","https:\/\/twitter.com\/gr100mtbteam","https:\/\/www.youtube.com\/c\/GR100Specialized"]}]}},"_links":{"self":[{"href":"https:\/\/gr-100.com\/en\/wp-json\/wp\/v2\/product\/398809","targetHints":{"allow":["GET"]}}],"collection":[{"href":"https:\/\/gr-100.com\/en\/wp-json\/wp\/v2\/product"}],"about":[{"href":"https:\/\/gr-100.com\/en\/wp-json\/wp\/v2\/types\/product"}],"replies":[{"embeddable":true,"href":"https:\/\/gr-100.com\/en\/wp-json\/wp\/v2\/comments?post=398809"}],"wp:featuredmedia":[{"embeddable":true,"href":"https:\/\/gr-100.com\/en\/wp-json\/wp\/v2\/media\/398861"}],"wp:attachment":[{"href":"https:\/\/gr-100.com\/en\/wp-json\/wp\/v2\/media?parent=398809"}],"wp:term":[{"taxonomy":"product_brand","embeddable":true,"href":"https:\/\/gr-100.com\/en\/wp-json\/wp\/v2\/product_brand?post=398809"},{"taxonomy":"product_cat","embeddable":true,"href":"https:\/\/gr-100.com\/en\/wp-json\/wp\/v2\/product_cat?post=398809"},{"taxonomy":"product_tag","embeddable":true,"href":"https:\/\/gr-100.com\/en\/wp-json\/wp\/v2\/product_tag?post=398809"}],"curies":[{"name":"wp","href":"https:\/\/api.w.org\/{rel}","templated":true}]}}