{"id":399201,"date":"2024-12-19T13:09:27","date_gmt":"2024-12-19T13:09:27","guid":{"rendered":"https:\/\/gr-100.com\/?post_type=product&#038;p=399201"},"modified":"2025-12-18T17:25:42","modified_gmt":"2025-12-18T15:25:42","slug":"specialized-turbo-kenevo-sl-2-expert-2025","status":"publish","type":"product","link":"https:\/\/gr-100.com\/en\/producto\/specialized-turbo-kenevo-sl-2-expert-2025\/","title":{"rendered":"Specialized Turbo Kenevo SL 2 Expert 2025"},"content":{"rendered":"<ul>\n<li>Cuadro: FACT 11m full carbon, 29&#8243;, full internal cable routing, 148mm spacing, fully sealed cartridge bearings, 170mm rear travel, geo adjust head tube, geo adjust horst pivot<\/li>\n<li>Motor: Specialized 1.2 SL Custom Rx Trail Tuned Motor<\/li>\n<li>Bater\u00eda: Specialized SL1-320, fully integrated, 320Wh<\/li>\n<li>Controlador: Specialized MasterMind TCU, percentage of remaining charge, 120 possible display configurations, MicroTune assist adjustment, ANT+\/Bluetooth\u00ae, w\/Handlebar remote<\/li>\n<li>Cargador: Custom charger, 48V System w\/ SL system charger plug<\/li>\n<li>Cableado: Custom Specialized wiring harness<\/li>\n<li>Almacenamiento SWAT: SWAT CC, integrated tool and chain tool with spare link in steerer tube<\/li>\n<li>Horquilla: RockShox Zeb Select, Charger RC damper, 15x110mm, 44mm offset, 170mm of travel<\/li>\n<li>Amortiguador trasero: SRAM Vivid Select Plus, 230&#215;62.5<\/li>\n<li>Cassette: SRAM GX Eagle Transmission Flattop Chain<\/li>\n<li>Desviador trasero: SRAM GX Eagle Transmission Cassette, 12spd, 10-52t<\/li>\n<li>Palancas de cambio: SRAM AXS POD Controller<\/li>\n<li>Cadena: SRAM GX Eagle Transmission Derailleur<\/li>\n<li>Plato(s): 104 BCD alloy spider, SRAM alloy T-Type chainring, 32t<\/li>\n<li>Juego de bielas: SRAM Alloy Crankset, Dub interface, S2\/S3: 165mm, S4\/S5: 170mm<\/li>\n<li>Freno delantero: SRAM Maven Bronze, 220mm rotor<\/li>\n<li>Freno trasero: SRAM Maven Bronze, 200mm rotor<\/li>\n<li>Manillar: Specialized, 6061 alloy, 6-degree upsweep, 8-degree backsweep, 30mm rise, 800mm width<\/li>\n<li>Potencia: Alloy Trail Stem, 35mm bar bore<\/li>\n<li>Pu\u00f1os: Deity Grips<\/li>\n<li>Neum\u00e1tico delantero: Butcher, GRID GRAVITY casing, GRIPTON\u00ae T9 compound, 2Bliss Ready, 29&#215;2.3&#8243;<\/li>\n<li>Rueda delantera: Traverse HD Alloy 29&#8243;, DT Swiss 370<\/li>\n<li>Neum\u00e1tico trasero: Butcher, GRID GRAVITY casing, GRIPTON\u00ae T9 compound, 2Bliss Ready, 29&#215;2.3&#8243;<\/li>\n<li>Rueda trasera: Traverse HD Alloy 29&#8243;, DT Swiss 370<\/li>\n<li>C\u00e1maras: Standard, Presta Valve<\/li>\n<li>Asiento: Bridge Comp, Hollow Cr-mo rails, 155\/143mm<\/li>\n<li>Tija de sill\u00edn: PNW Loam dropper post, S2: 125mm, S3: 150, S4: 170mm, S5: 200mm<\/li>\n<li>Abrazadera de sill\u00edn: Alloy, 38.6mm<\/li>\n<\/ul>\n","protected":false},"excerpt":{"rendered":"<p>Disfruta por los senderos m\u00e1s grandes como nunca antes con la nueva Kenevo SL 2. Elevando la conducci\u00f3n que define la categor\u00eda de nuestro galardonado cuadro de la Enduro, la Kenevo SL 2 obtiene una amplificaci\u00f3n inigualable, una eficiencia l\u00edder en su clase y un peso superligero de nuestro sistema Turbo SL 1.2.<\/p>\n","protected":false},"featured_media":399202,"comment_status":"open","ping_status":"closed","template":"","meta":{"_acf_changed":false,"_et_pb_use_builder":"","_et_pb_old_content":"","_et_gb_content_width":"","inline_featured_image":false},"product_brand":[],"product_cat":[4330,23,2367],"product_tag":[],"class_list":{"0":"post-399201","1":"product","2":"type-product","3":"status-publish","4":"has-post-thumbnail","6":"product_cat-black-friday-2","7":"product_cat-bicicletas-electricas","8":"product_cat-bicicletas-specialized","10":"first","11":"outofstock","12":"taxable","13":"shipping-taxable","14":"product-type-variable","15":"wvs-archive-product-wrapper"},"acf":[],"yoast_head":"<!-- This site is optimized with the Yoast SEO Premium plugin v26.7 (Yoast SEO v26.7) - https:\/\/yoast.com\/wordpress\/plugins\/seo\/ -->\n<title>Specialized Turbo Kenevo SL 2 Expert 2025 GR-100<\/title>\n<meta name=\"description\" content=\"Disfruta por los senderos m\u00e1s grandes como nunca antes con la nueva Kenevo SL 2. Elevando la conducci\u00f3n que define la categor\u00eda de nuestro galardonado cuadro de la Enduro, la Kenevo SL 2 obtiene una amplificaci\u00f3n inigualable, una eficiencia l\u00edder en su clase y un peso superligero de nuestro sistema Turbo SL 1.2.\" \/>\n<meta name=\"robots\" content=\"index, follow, max-snippet:-1, max-image-preview:large, max-video-preview:-1\" \/>\n<link rel=\"canonical\" href=\"https:\/\/gr-100.com\/producto\/specialized-turbo-kenevo-sl-2-expert-2025\/\" \/>\n<meta property=\"og:locale\" content=\"en_US\" \/>\n<meta property=\"og:type\" content=\"article\" \/>\n<meta property=\"og:title\" content=\"Specialized Turbo Kenevo SL 2 Expert 2025\" \/>\n<meta property=\"og:description\" content=\"Disfruta por los senderos m\u00e1s grandes como nunca antes con la nueva Kenevo SL 2. Elevando la conducci\u00f3n que define la categor\u00eda de nuestro galardonado cuadro de la Enduro, la Kenevo SL 2 obtiene una amplificaci\u00f3n inigualable, una eficiencia l\u00edder en su clase y un peso superligero de nuestro sistema Turbo SL 1.2.\" \/>\n<meta property=\"og:url\" content=\"https:\/\/gr-100.com\/producto\/specialized-turbo-kenevo-sl-2-expert-2025\/\" \/>\n<meta property=\"og:site_name\" content=\"Gr-100 Tienda de ciclismo Specialized\" \/>\n<meta property=\"article:publisher\" content=\"https:\/\/www.facebook.com\/Gr100Bikes\" \/>\n<meta property=\"article:modified_time\" content=\"2025-12-18T15:25:42+00:00\" \/>\n<meta property=\"og:image\" content=\"https:\/\/gr-100.com\/wp-content\/uploads\/2024\/12\/Diseno-sin-titulo-2024-12-19T132821.815.jpg\" \/>\n\t<meta property=\"og:image:width\" content=\"1000\" \/>\n\t<meta property=\"og:image:height\" content=\"1000\" \/>\n\t<meta property=\"og:image:type\" content=\"image\/jpeg\" \/>\n<meta name=\"twitter:card\" content=\"summary_large_image\" \/>\n<meta name=\"twitter:label1\" content=\"Est. reading time\" \/>\n\t<meta name=\"twitter:data1\" content=\"2 minutes\" \/>\n<script type=\"application\/ld+json\" class=\"yoast-schema-graph\">{\"@context\":\"https:\/\/schema.org\",\"@graph\":[{\"@type\":\"WebPage\",\"@id\":\"https:\/\/gr-100.com\/producto\/specialized-turbo-kenevo-sl-2-expert-2025\/\",\"url\":\"https:\/\/gr-100.com\/producto\/specialized-turbo-kenevo-sl-2-expert-2025\/\",\"name\":\"Specialized Turbo Kenevo SL 2 Expert 2025 GR-100\",\"isPartOf\":{\"@id\":\"https:\/\/gr-100.com\/#website\"},\"primaryImageOfPage\":{\"@id\":\"https:\/\/gr-100.com\/producto\/specialized-turbo-kenevo-sl-2-expert-2025\/#primaryimage\"},\"image\":{\"@id\":\"https:\/\/gr-100.com\/producto\/specialized-turbo-kenevo-sl-2-expert-2025\/#primaryimage\"},\"thumbnailUrl\":\"https:\/\/gr-100.com\/wp-content\/uploads\/2024\/12\/Diseno-sin-titulo-2024-12-19T132821.815.jpg\",\"datePublished\":\"2024-12-19T13:09:27+00:00\",\"dateModified\":\"2025-12-18T15:25:42+00:00\",\"description\":\"Disfruta por los senderos m\u00e1s grandes como nunca antes con la nueva Kenevo SL 2. Elevando la conducci\u00f3n que define la categor\u00eda de nuestro galardonado cuadro de la Enduro, la Kenevo SL 2 obtiene una amplificaci\u00f3n inigualable, una eficiencia l\u00edder en su clase y un peso superligero de nuestro sistema Turbo SL 1.2.\",\"breadcrumb\":{\"@id\":\"https:\/\/gr-100.com\/producto\/specialized-turbo-kenevo-sl-2-expert-2025\/#breadcrumb\"},\"inLanguage\":\"en-US\",\"potentialAction\":[{\"@type\":\"ReadAction\",\"target\":[\"https:\/\/gr-100.com\/producto\/specialized-turbo-kenevo-sl-2-expert-2025\/\"]}]},{\"@type\":\"ImageObject\",\"inLanguage\":\"en-US\",\"@id\":\"https:\/\/gr-100.com\/producto\/specialized-turbo-kenevo-sl-2-expert-2025\/#primaryimage\",\"url\":\"https:\/\/gr-100.com\/wp-content\/uploads\/2024\/12\/Diseno-sin-titulo-2024-12-19T132821.815.jpg\",\"contentUrl\":\"https:\/\/gr-100.com\/wp-content\/uploads\/2024\/12\/Diseno-sin-titulo-2024-12-19T132821.815.jpg\",\"width\":1000,\"height\":1000},{\"@type\":\"BreadcrumbList\",\"@id\":\"https:\/\/gr-100.com\/producto\/specialized-turbo-kenevo-sl-2-expert-2025\/#breadcrumb\",\"itemListElement\":[{\"@type\":\"ListItem\",\"position\":1,\"name\":\"Portada\",\"item\":\"https:\/\/gr-100.com\/pt-pt\/\"},{\"@type\":\"ListItem\",\"position\":2,\"name\":\"Productos\",\"item\":\"https:\/\/gr-100.com\/?post_type=product\"},{\"@type\":\"ListItem\",\"position\":3,\"name\":\"Specialized Turbo Kenevo SL 2 Expert 2025\"}]},{\"@type\":\"WebSite\",\"@id\":\"https:\/\/gr-100.com\/#website\",\"url\":\"https:\/\/gr-100.com\/\",\"name\":\"Gr-100 Tienda de ciclismo Specialized\",\"description\":\"GR-100 tenemos todas las gamas de bicicletas Specialized al mejor precio.\",\"publisher\":{\"@id\":\"https:\/\/gr-100.com\/#organization\"},\"alternateName\":\"Gr-100 Bikes\",\"potentialAction\":[{\"@type\":\"SearchAction\",\"target\":{\"@type\":\"EntryPoint\",\"urlTemplate\":\"https:\/\/gr-100.com\/?s={search_term_string}\"},\"query-input\":{\"@type\":\"PropertyValueSpecification\",\"valueRequired\":true,\"valueName\":\"search_term_string\"}}],\"inLanguage\":\"en-US\"},{\"@type\":\"Organization\",\"@id\":\"https:\/\/gr-100.com\/#organization\",\"name\":\"Gr-100\",\"url\":\"https:\/\/gr-100.com\/\",\"logo\":{\"@type\":\"ImageObject\",\"inLanguage\":\"en-US\",\"@id\":\"https:\/\/gr-100.com\/#\/schema\/logo\/image\/\",\"url\":\"https:\/\/gr-100.com\/wp-content\/uploads\/2023\/08\/logo-gr-100-bikes.png\",\"contentUrl\":\"https:\/\/gr-100.com\/wp-content\/uploads\/2023\/08\/logo-gr-100-bikes.png\",\"width\":707,\"height\":284,\"caption\":\"Gr-100\"},\"image\":{\"@id\":\"https:\/\/gr-100.com\/#\/schema\/logo\/image\/\"},\"sameAs\":[\"https:\/\/www.facebook.com\/Gr100Bikes\",\"https:\/\/www.instagram.com\/gr100bikes\/\",\"https:\/\/www.tiktok.com\/@gr100bikes\",\"https:\/\/twitter.com\/gr100mtbteam\",\"https:\/\/www.youtube.com\/c\/GR100Specialized\"]}]}<\/script>\n<!-- \/ Yoast SEO Premium plugin. -->","yoast_head_json":{"title":"Specialized Turbo Kenevo SL 2 Expert 2025 GR-100","description":"Disfruta por los senderos m\u00e1s grandes como nunca antes con la nueva Kenevo SL 2. Elevando la conducci\u00f3n que define la categor\u00eda de nuestro galardonado cuadro de la Enduro, la Kenevo SL 2 obtiene una amplificaci\u00f3n inigualable, una eficiencia l\u00edder en su clase y un peso superligero de nuestro sistema Turbo SL 1.2.","robots":{"index":"index","follow":"follow","max-snippet":"max-snippet:-1","max-image-preview":"max-image-preview:large","max-video-preview":"max-video-preview:-1"},"canonical":"https:\/\/gr-100.com\/producto\/specialized-turbo-kenevo-sl-2-expert-2025\/","og_locale":"en_US","og_type":"article","og_title":"Specialized Turbo Kenevo SL 2 Expert 2025","og_description":"Disfruta por los senderos m\u00e1s grandes como nunca antes con la nueva Kenevo SL 2. Elevando la conducci\u00f3n que define la categor\u00eda de nuestro galardonado cuadro de la Enduro, la Kenevo SL 2 obtiene una amplificaci\u00f3n inigualable, una eficiencia l\u00edder en su clase y un peso superligero de nuestro sistema Turbo SL 1.2.","og_url":"https:\/\/gr-100.com\/producto\/specialized-turbo-kenevo-sl-2-expert-2025\/","og_site_name":"Gr-100 Tienda de ciclismo Specialized","article_publisher":"https:\/\/www.facebook.com\/Gr100Bikes","article_modified_time":"2025-12-18T15:25:42+00:00","og_image":[{"width":1000,"height":1000,"url":"https:\/\/gr-100.com\/wp-content\/uploads\/2024\/12\/Diseno-sin-titulo-2024-12-19T132821.815.jpg","type":"image\/jpeg"}],"twitter_card":"summary_large_image","twitter_misc":{"Est. reading time":"2 minutes"},"schema":{"@context":"https:\/\/schema.org","@graph":[{"@type":"WebPage","@id":"https:\/\/gr-100.com\/producto\/specialized-turbo-kenevo-sl-2-expert-2025\/","url":"https:\/\/gr-100.com\/producto\/specialized-turbo-kenevo-sl-2-expert-2025\/","name":"Specialized Turbo Kenevo SL 2 Expert 2025 GR-100","isPartOf":{"@id":"https:\/\/gr-100.com\/#website"},"primaryImageOfPage":{"@id":"https:\/\/gr-100.com\/producto\/specialized-turbo-kenevo-sl-2-expert-2025\/#primaryimage"},"image":{"@id":"https:\/\/gr-100.com\/producto\/specialized-turbo-kenevo-sl-2-expert-2025\/#primaryimage"},"thumbnailUrl":"https:\/\/gr-100.com\/wp-content\/uploads\/2024\/12\/Diseno-sin-titulo-2024-12-19T132821.815.jpg","datePublished":"2024-12-19T13:09:27+00:00","dateModified":"2025-12-18T15:25:42+00:00","description":"Disfruta por los senderos m\u00e1s grandes como nunca antes con la nueva Kenevo SL 2. Elevando la conducci\u00f3n que define la categor\u00eda de nuestro galardonado cuadro de la Enduro, la Kenevo SL 2 obtiene una amplificaci\u00f3n inigualable, una eficiencia l\u00edder en su clase y un peso superligero de nuestro sistema Turbo SL 1.2.","breadcrumb":{"@id":"https:\/\/gr-100.com\/producto\/specialized-turbo-kenevo-sl-2-expert-2025\/#breadcrumb"},"inLanguage":"en-US","potentialAction":[{"@type":"ReadAction","target":["https:\/\/gr-100.com\/producto\/specialized-turbo-kenevo-sl-2-expert-2025\/"]}]},{"@type":"ImageObject","inLanguage":"en-US","@id":"https:\/\/gr-100.com\/producto\/specialized-turbo-kenevo-sl-2-expert-2025\/#primaryimage","url":"https:\/\/gr-100.com\/wp-content\/uploads\/2024\/12\/Diseno-sin-titulo-2024-12-19T132821.815.jpg","contentUrl":"https:\/\/gr-100.com\/wp-content\/uploads\/2024\/12\/Diseno-sin-titulo-2024-12-19T132821.815.jpg","width":1000,"height":1000},{"@type":"BreadcrumbList","@id":"https:\/\/gr-100.com\/producto\/specialized-turbo-kenevo-sl-2-expert-2025\/#breadcrumb","itemListElement":[{"@type":"ListItem","position":1,"name":"Portada","item":"https:\/\/gr-100.com\/pt-pt\/"},{"@type":"ListItem","position":2,"name":"Productos","item":"https:\/\/gr-100.com\/?post_type=product"},{"@type":"ListItem","position":3,"name":"Specialized Turbo Kenevo SL 2 Expert 2025"}]},{"@type":"WebSite","@id":"https:\/\/gr-100.com\/#website","url":"https:\/\/gr-100.com\/","name":"Gr-100 Tienda de ciclismo Specialized","description":"GR-100 tenemos todas las gamas de bicicletas Specialized al mejor precio.","publisher":{"@id":"https:\/\/gr-100.com\/#organization"},"alternateName":"Gr-100 Bikes","potentialAction":[{"@type":"SearchAction","target":{"@type":"EntryPoint","urlTemplate":"https:\/\/gr-100.com\/?s={search_term_string}"},"query-input":{"@type":"PropertyValueSpecification","valueRequired":true,"valueName":"search_term_string"}}],"inLanguage":"en-US"},{"@type":"Organization","@id":"https:\/\/gr-100.com\/#organization","name":"Gr-100","url":"https:\/\/gr-100.com\/","logo":{"@type":"ImageObject","inLanguage":"en-US","@id":"https:\/\/gr-100.com\/#\/schema\/logo\/image\/","url":"https:\/\/gr-100.com\/wp-content\/uploads\/2023\/08\/logo-gr-100-bikes.png","contentUrl":"https:\/\/gr-100.com\/wp-content\/uploads\/2023\/08\/logo-gr-100-bikes.png","width":707,"height":284,"caption":"Gr-100"},"image":{"@id":"https:\/\/gr-100.com\/#\/schema\/logo\/image\/"},"sameAs":["https:\/\/www.facebook.com\/Gr100Bikes","https:\/\/www.instagram.com\/gr100bikes\/","https:\/\/www.tiktok.com\/@gr100bikes","https:\/\/twitter.com\/gr100mtbteam","https:\/\/www.youtube.com\/c\/GR100Specialized"]}]}},"_links":{"self":[{"href":"https:\/\/gr-100.com\/en\/wp-json\/wp\/v2\/product\/399201","targetHints":{"allow":["GET"]}}],"collection":[{"href":"https:\/\/gr-100.com\/en\/wp-json\/wp\/v2\/product"}],"about":[{"href":"https:\/\/gr-100.com\/en\/wp-json\/wp\/v2\/types\/product"}],"replies":[{"embeddable":true,"href":"https:\/\/gr-100.com\/en\/wp-json\/wp\/v2\/comments?post=399201"}],"wp:featuredmedia":[{"embeddable":true,"href":"https:\/\/gr-100.com\/en\/wp-json\/wp\/v2\/media\/399202"}],"wp:attachment":[{"href":"https:\/\/gr-100.com\/en\/wp-json\/wp\/v2\/media?parent=399201"}],"wp:term":[{"taxonomy":"product_brand","embeddable":true,"href":"https:\/\/gr-100.com\/en\/wp-json\/wp\/v2\/product_brand?post=399201"},{"taxonomy":"product_cat","embeddable":true,"href":"https:\/\/gr-100.com\/en\/wp-json\/wp\/v2\/product_cat?post=399201"},{"taxonomy":"product_tag","embeddable":true,"href":"https:\/\/gr-100.com\/en\/wp-json\/wp\/v2\/product_tag?post=399201"}],"curies":[{"name":"wp","href":"https:\/\/api.w.org\/{rel}","templated":true}]}}