{"id":402415,"date":"2025-02-18T19:31:29","date_gmt":"2025-02-18T19:31:29","guid":{"rendered":"https:\/\/gr-100.com\/?post_type=product&#038;p=402415"},"modified":"2025-12-18T17:25:00","modified_gmt":"2025-12-18T15:25:00","slug":"stevens-e-inception-am-7-7-2-act-726-wh-ebike","status":"publish","type":"product","link":"https:\/\/gr-100.com\/en\/producto\/stevens-e-inception-am-7-7-2-act-726-wh-ebike\/","title":{"rendered":"Stevens E-inception Am 7.7.2 ACT 726 Wh motor Shimano EP801"},"content":{"rendered":"<p>Bicicleta el\u00e9ctrica All Mountain de doble suspensi\u00f3n con cuadro de aluminio y geometr\u00eda activa &#8220;ACT&#8221;<br \/>\nSuspensi\u00f3n de 150 mm lista para senderos de RockShox<br \/>\nUnidad Shimano EP8 perfectamente integrada con nuevo motor EP801 y potente bater\u00eda de 726 Wh<br \/>\nToma de carga para smartphone USB-C en el tubo superior y faros de 110 lux<br \/>\nPotentes frenos de disco de 203 mm y ruedas de 29&#8243;\/27,5&#8243; con neum\u00e1ticos de 2,6&#8243;<\/p>\n<p>ESPECIFICACIONES<\/p>\n<ul>\n<li>cuadro<br \/>\nAluminium 6061 TB<\/li>\n<li>Talla<br \/>\nS\/M 16&#8243;(1.64-176cm)<\/li>\n<li>Horquilla<br \/>\nRock Shox Yari RC<\/li>\n<li>Direcci\u00f3n<br \/>\nAcros Blocklock Taper 1 1\/8&#8243;-1.8&#8243;<\/li>\n<li>Amortiguadores<br \/>\nRockShox Deluxe Select+<\/li>\n<li>Freno delantero<br \/>\nShimano BR-M6120<\/li>\n<li>Freno trasero<br \/>\nShimano BR-M6120<\/li>\n<li>Disco delantero<br \/>\nShimano SM-RT64<\/li>\n<li>Disco trasero<br \/>\nShimano SM-RT64<br \/>\n<strong>Transmisi\u00f3n<\/strong><\/li>\n<li>Juego de bielas<br \/>\nShimano Steps EP8<\/li>\n<li>Motor<br \/>\nsprocket Shimano<\/li>\n<li>Desviador trasero<br \/>\nShimano Deore XT Shadow+<\/li>\n<li>Cadena<br \/>\nKMC e12T EPT<\/li>\n<li>Cassette<br \/>\nShimano Deore<\/li>\n<li>Pedales<br \/>\nMTB Alu Flatpedal Reflex<br \/>\n<strong>E-System<\/strong><\/li>\n<li>Motor<br \/>\nShimano EP801<\/li>\n<li>Acumulador<br \/>\nDarfon 726<\/li>\n<li>Cargador<br \/>\nDarfon 4A charger<br \/>\n<strong>Juego de Ruedas<\/strong><\/li>\n<li>Bujes traseros<br \/>\nShimano SLX<\/li>\n<li>Bujes delanteros<br \/>\nStrummer CLTP<\/li>\n<li>Llanta delantera<br \/>\nSun Ringl\u00e9 D\u00fcroc SD37<\/li>\n<li>Llanta trasera<br \/>\nSun Ringl\u00e9 D\u00fcroc SD37<\/li>\n<li>Neum\u00e1tico delantero<br \/>\nSchwalbe Nobby Nic Evolution<\/li>\n<li>Neum\u00e1tico trasero<br \/>\nSchwalbe Nobby Nic Evolution<br \/>\n<strong>Componentes<\/strong><\/li>\n<li>Manillar<br \/>\nOxygen E-Scorpo<\/li>\n<li>Potencia<br \/>\nOxygen E-Scorpo<\/li>\n<li>Sill\u00edn<br \/>\nFizik Terra Aidon X3<\/li>\n<li>Tija<br \/>\nOxygen E-Scorpo DPR-E<\/li>\n<li>Maneta de cambio derecha<br \/>\nShimano Deore XT<\/li>\n<li>Maneta de frenos<br \/>\nShimano BL-M6100<\/li>\n<li>Display<br \/>\nShimano SC-EM800<\/li>\n<li>Faro delantero<br \/>\nLitemove HKSE-110<br \/>\n<strong>Informaci\u00f3n<\/strong><\/li>\n<li>Peso<br \/>\n25.1 kg<\/li>\n<li>Peso total permitido<br \/>\n140 kg<\/li>\n<\/ul>\n<div>\n<h2 class=\"h1\">Geometr\u00eda<\/h2>\n<div class=\"flexwrapper\">\n<p class=\"geochart\"><img decoding=\"async\" class=\"geometrie\" src=\"https:\/\/gr-100.com\/wp-content\/uploads\/2025\/03\/geo_3_mtb_fully.svg\" alt=\"schematische Skizze eines Fahrrades mit eingezeichneten Geometrie-Messpunkten\" width=\"516\" \/><\/p>\n<div class=\"tablewrapper\">\n<table id=\"geometrie\" style=\"border-color: #d1d1d1\" border=\"1\" cellspacing=\"1\" cellpadding=\"1\">\n<thead>\n<tr>\n<th scope=\"row\">Frame height\u00a0(&#8220;)<\/th>\n<th class=\"messpunkt\" scope=\"col\"><\/th>\n<th class=\"value\" scope=\"col\">16<\/th>\n<th class=\"value\" scope=\"col\">18<\/th>\n<th class=\"value\" scope=\"col\">20<\/th>\n<th class=\"value\" scope=\"col\">22<\/th>\n<th class=\"messweise\" scope=\"col\">Measuring mode<\/th>\n<\/tr>\n<\/thead>\n<tbody>\n<tr id=\"geo_order_A1\">\n<th scope=\"row\">Seattube length<\/th>\n<td class=\"messpunkt\" scope=\"row\">A1<\/td>\n<td class=\"value\" scope=\"row\"><strong>646<\/strong><\/td>\n<td class=\"value\" scope=\"row\">655<\/td>\n<td class=\"value\" scope=\"row\">670<\/td>\n<td class=\"value\" scope=\"row\">689<\/td>\n<td class=\"messweise\" scope=\"row\">nominal<\/td>\n<\/tr>\n<tr id=\"geo_order_A2\">\n<th scope=\"row\">Seattube length<\/th>\n<td class=\"messpunkt\" scope=\"row\">A2<\/td>\n<td class=\"value\" scope=\"row\"><strong>400<\/strong><\/td>\n<td class=\"value\" scope=\"row\">440<\/td>\n<td class=\"value\" scope=\"row\">470<\/td>\n<td class=\"value\" scope=\"row\">515<\/td>\n<td class=\"messweise\" scope=\"row\">bottom bracket to top of seattube<\/td>\n<\/tr>\n<tr id=\"geo_order_A3\">\n<th scope=\"row\">Seattube length<\/th>\n<td class=\"messpunkt\" scope=\"row\">A3<\/td>\n<td class=\"value\" scope=\"row\"><strong>317<\/strong><\/td>\n<td class=\"value\" scope=\"row\">317<\/td>\n<td class=\"value\" scope=\"row\">323<\/td>\n<td class=\"value\" scope=\"row\">349<\/td>\n<td class=\"messweise\" scope=\"row\">bottom bracket to top of top tube<\/td>\n<\/tr>\n<tr id=\"geo_order_B\">\n<th scope=\"row\">Top tube length<\/th>\n<td class=\"messpunkt\" scope=\"row\">B<\/td>\n<td class=\"value\" scope=\"row\"><strong>557<\/strong><\/td>\n<td class=\"value\" scope=\"row\">576<\/td>\n<td class=\"value\" scope=\"row\">599<\/td>\n<td class=\"value\" scope=\"row\">618<\/td>\n<td class=\"messweise\" scope=\"row\"><\/td>\n<\/tr>\n<tr id=\"geo_order_C\">\n<th scope=\"row\">Top tube horizontal<\/th>\n<td class=\"messpunkt\" scope=\"row\">C<\/td>\n<td class=\"value\" scope=\"row\"><strong>575<\/strong><\/td>\n<td class=\"value\" scope=\"row\">595<\/td>\n<td class=\"value\" scope=\"row\">620<\/td>\n<td class=\"value\" scope=\"row\">645<\/td>\n<td class=\"messweise\" scope=\"row\">center headtube to center seatpost\/seattube<\/td>\n<\/tr>\n<tr id=\"geo_order_D\">\n<th scope=\"row\">Headtube angle\u00a0(\u00b0)<\/th>\n<td class=\"messpunkt\" scope=\"row\">D<\/td>\n<td class=\"value\" scope=\"row\"><strong>66<\/strong><\/td>\n<td class=\"value\" scope=\"row\">66<\/td>\n<td class=\"value\" scope=\"row\">66<\/td>\n<td class=\"value\" scope=\"row\">66<\/td>\n<td class=\"messweise\" scope=\"row\"><\/td>\n<\/tr>\n<tr id=\"geo_order_E\">\n<th scope=\"row\">Seattube angle\u00a0(\u00b0)<\/th>\n<td class=\"messpunkt\" scope=\"row\">E<\/td>\n<td class=\"value\" scope=\"row\"><strong>75,7<\/strong><\/td>\n<td class=\"value\" scope=\"row\">75,5<\/td>\n<td class=\"value\" scope=\"row\">75,3<\/td>\n<td class=\"value\" scope=\"row\">75,1<\/td>\n<td class=\"messweise\" scope=\"row\"><\/td>\n<\/tr>\n<tr id=\"geo_order_F\">\n<th scope=\"row\">Wheelbase<\/th>\n<td class=\"messpunkt\" scope=\"row\">F<\/td>\n<td class=\"value\" scope=\"row\"><strong>1196<\/strong><\/td>\n<td class=\"value\" scope=\"row\">1217<\/td>\n<td class=\"value\" scope=\"row\">1244<\/td>\n<td class=\"value\" scope=\"row\">1270<\/td>\n<td class=\"messweise\" scope=\"row\"><\/td>\n<\/tr>\n<tr id=\"geo_order_G\">\n<th scope=\"row\">Chainstay length<\/th>\n<td class=\"messpunkt\" scope=\"row\">G<\/td>\n<td class=\"value\" scope=\"row\"><strong>450<\/strong><\/td>\n<td class=\"value\" scope=\"row\">450<\/td>\n<td class=\"value\" scope=\"row\">450<\/td>\n<td class=\"value\" scope=\"row\">450<\/td>\n<td class=\"messweise\" scope=\"row\"><\/td>\n<\/tr>\n<tr id=\"geo_order_H\">\n<th scope=\"row\">Headtube length<\/th>\n<td class=\"messpunkt\" scope=\"row\">H<\/td>\n<td class=\"value\" scope=\"row\"><strong>115<\/strong><\/td>\n<td class=\"value\" scope=\"row\">125<\/td>\n<td class=\"value\" scope=\"row\">140<\/td>\n<td class=\"value\" scope=\"row\">160<\/td>\n<td class=\"messweise\" scope=\"row\"><\/td>\n<\/tr>\n<tr id=\"geo_order_I\">\n<th scope=\"row\">Bottom bracket drop<\/th>\n<td class=\"messpunkt\" scope=\"row\">I<\/td>\n<td class=\"value\" scope=\"row\"><strong>25<\/strong><\/td>\n<td class=\"value\" scope=\"row\">25<\/td>\n<td class=\"value\" scope=\"row\">25<\/td>\n<td class=\"value\" scope=\"row\">25<\/td>\n<td class=\"messweise\" scope=\"row\">distance of bottom bracket to hub level*<\/td>\n<\/tr>\n<tr id=\"geo_order_K\">\n<th scope=\"row\">Bottom bracket height<\/th>\n<td class=\"messpunkt\" scope=\"row\">K<\/td>\n<td class=\"value\" scope=\"row\"><strong>350<\/strong><\/td>\n<td class=\"value\" scope=\"row\">350<\/td>\n<td class=\"value\" scope=\"row\">350<\/td>\n<td class=\"value\" scope=\"row\">350<\/td>\n<td class=\"messweise\" scope=\"row\">distance to ground*<\/td>\n<\/tr>\n<tr id=\"geo_order_L\">\n<th scope=\"row\">Fork rake<\/th>\n<td class=\"messpunkt\" scope=\"row\">L<\/td>\n<td class=\"value\" scope=\"row\"><strong>51<\/strong><\/td>\n<td class=\"value\" scope=\"row\">51<\/td>\n<td class=\"value\" scope=\"row\">51<\/td>\n<td class=\"value\" scope=\"row\">51<\/td>\n<td class=\"messweise\" scope=\"row\"><\/td>\n<\/tr>\n<tr id=\"geo_order_M\">\n<th scope=\"row\">Slope<\/th>\n<td class=\"messpunkt\" scope=\"row\">M<\/td>\n<td class=\"value\" scope=\"row\"><strong>299<\/strong><\/td>\n<td class=\"value\" scope=\"row\">306<\/td>\n<td class=\"value\" scope=\"row\">313<\/td>\n<td class=\"value\" scope=\"row\">305<\/td>\n<td class=\"messweise\" scope=\"row\">top tube level distance front to rear<\/td>\n<\/tr>\n<tr id=\"geo_order_N1\">\n<th scope=\"row\">Wheel radius front<\/th>\n<td class=\"messpunkt\" scope=\"row\">N1<\/td>\n<td class=\"value\" scope=\"row\"><strong>379,5<\/strong><\/td>\n<td class=\"value\" scope=\"row\">379,5<\/td>\n<td class=\"value\" scope=\"row\">379,5<\/td>\n<td class=\"value\" scope=\"row\">379,5<\/td>\n<td class=\"messweise\" scope=\"row\">tyred<\/td>\n<\/tr>\n<tr id=\"geo_order_N2\">\n<th scope=\"row\">Wheel radius rear<\/th>\n<td class=\"messpunkt\" scope=\"row\">N2<\/td>\n<td class=\"value\" scope=\"row\"><strong>360<\/strong><\/td>\n<td class=\"value\" scope=\"row\">360<\/td>\n<td class=\"value\" scope=\"row\">360<\/td>\n<td class=\"value\" scope=\"row\">360<\/td>\n<td class=\"messweise\" scope=\"row\">tyred<\/td>\n<\/tr>\n<tr id=\"geo_order_O\">\n<th scope=\"row\">Standover height<\/th>\n<td class=\"messpunkt\" scope=\"row\">O<\/td>\n<td class=\"value\" scope=\"row\"><strong>765<\/strong><\/td>\n<td class=\"value\" scope=\"row\">765<\/td>\n<td class=\"value\" scope=\"row\">773<\/td>\n<td class=\"value\" scope=\"row\">816<\/td>\n<td class=\"messweise\" scope=\"row\">top of top tube to ground*<\/td>\n<\/tr>\n<tr id=\"geo_order_P\">\n<th scope=\"row\">Fork build height<\/th>\n<td class=\"messpunkt\" scope=\"row\">P<\/td>\n<td class=\"value\" scope=\"row\"><strong>567<\/strong><\/td>\n<td class=\"value\" scope=\"row\">567<\/td>\n<td class=\"value\" scope=\"row\">567<\/td>\n<td class=\"value\" scope=\"row\">567<\/td>\n<td class=\"messweise\" scope=\"row\">incl. lower headset cups*<\/td>\n<\/tr>\n<tr id=\"geo_order_Q\">\n<th scope=\"row\">Front wheel &#8211; bottom bracket<\/th>\n<td class=\"messpunkt\" scope=\"row\">Q<\/td>\n<td class=\"value\" scope=\"row\"><strong>747<\/strong><\/td>\n<td class=\"value\" scope=\"row\">768<\/td>\n<td class=\"value\" scope=\"row\">794<\/td>\n<td class=\"value\" scope=\"row\">820<\/td>\n<td class=\"messweise\" scope=\"row\"><\/td>\n<\/tr>\n<tr id=\"geo_order_R\">\n<th scope=\"row\">Reach<\/th>\n<td class=\"messpunkt\" scope=\"row\">R<\/td>\n<td class=\"value\" scope=\"row\"><strong>422<\/strong><\/td>\n<td class=\"value\" scope=\"row\">439<\/td>\n<td class=\"value\" scope=\"row\">459<\/td>\n<td class=\"value\" scope=\"row\">478<\/td>\n<td class=\"messweise\" scope=\"row\">center bottom bracket to center headtube, horizontal<\/td>\n<\/tr>\n<tr id=\"geo_order_S\">\n<th scope=\"row\">Stack<\/th>\n<td class=\"messpunkt\" scope=\"row\">S<\/td>\n<td class=\"value\" scope=\"row\"><strong>627<\/strong><\/td>\n<td class=\"value\" scope=\"row\">637<\/td>\n<td class=\"value\" scope=\"row\">650<\/td>\n<td class=\"value\" scope=\"row\">669<\/td>\n<td class=\"messweise\" scope=\"row\">center bottom bracket to center headtube, vertical<\/td>\n<\/tr>\n<tr>\n<th scope=\"row\">Stack\/Reach\u00a0(1:x)<\/th>\n<td class=\"messpunkt\" scope=\"row\"><\/td>\n<td class=\"value\" scope=\"row\"><strong>1,49<\/strong><\/td>\n<td class=\"value\" scope=\"row\">1,45<\/td>\n<td class=\"value\" scope=\"row\">1,42<\/td>\n<td class=\"value\" scope=\"row\">1,4<\/td>\n<td class=\"messweise\" scope=\"row\">ratio stack to reach<\/td>\n<\/tr>\n<tr>\n<th scope=\"row\">Seatpost diameter<\/th>\n<td class=\"messpunkt\" scope=\"row\"><\/td>\n<td class=\"value\" scope=\"row\"><strong>30,9<\/strong><\/td>\n<td class=\"value\" scope=\"row\">30,9<\/td>\n<td class=\"value\" scope=\"row\">30,9<\/td>\n<td class=\"value\" scope=\"row\">30,9<\/td>\n<td class=\"messweise\" scope=\"row\"><\/td>\n<\/tr>\n<tr>\n<th scope=\"row\">Stem length<\/th>\n<td class=\"messpunkt\" scope=\"row\"><\/td>\n<td class=\"value\" scope=\"row\"><strong>40<\/strong><\/td>\n<td class=\"value\" scope=\"row\">40<\/td>\n<td class=\"value\" scope=\"row\">50<\/td>\n<td class=\"value\" scope=\"row\">50<\/td>\n<td class=\"messweise\" scope=\"row\">center-center<\/td>\n<\/tr>\n<tr>\n<th scope=\"row\">Stem angle\u00a0(\u00b0)<\/th>\n<td class=\"messpunkt\" scope=\"row\"><\/td>\n<td class=\"value\" scope=\"row\"><strong>5<\/strong><\/td>\n<td class=\"value\" scope=\"row\">5<\/td>\n<td class=\"value\" scope=\"row\">5<\/td>\n<td class=\"value\" scope=\"row\">5<\/td>\n<td class=\"messweise\" scope=\"row\"><\/td>\n<\/tr>\n<tr>\n<th scope=\"row\">Handlebar diameter<\/th>\n<td class=\"messpunkt\" scope=\"row\"><\/td>\n<td class=\"value\" scope=\"row\"><strong>35<\/strong><\/td>\n<td class=\"value\" scope=\"row\">35<\/td>\n<td class=\"value\" scope=\"row\">35<\/td>\n<td class=\"value\" scope=\"row\">35<\/td>\n<td class=\"messweise\" scope=\"row\"><\/td>\n<\/tr>\n<tr>\n<th scope=\"row\">Assembled spacers<\/th>\n<td class=\"messpunkt\" scope=\"row\"><\/td>\n<td class=\"value\" style=\"text-align: center\" colspan=\"4\" scope=\"row\"><strong>9,5 + 3*5 + 2*10<\/strong><\/td>\n<td class=\"messweise\" scope=\"row\"><\/td>\n<\/tr>\n<tr>\n<th scope=\"row\">Handlebar width<\/th>\n<td class=\"messpunkt\" scope=\"row\"><\/td>\n<td class=\"value\" scope=\"row\"><strong>780<\/strong><\/td>\n<td class=\"value\" scope=\"row\">780<\/td>\n<td class=\"value\" scope=\"row\">780<\/td>\n<td class=\"value\" scope=\"row\">780<\/td>\n<td class=\"messweise\" scope=\"row\"><\/td>\n<\/tr>\n<tr>\n<th scope=\"row\">Cranklength<\/th>\n<td class=\"messpunkt\" scope=\"row\"><\/td>\n<td class=\"value\" scope=\"row\"><strong>165<\/strong><\/td>\n<td class=\"value\" scope=\"row\">165<\/td>\n<td class=\"value\" scope=\"row\">165<\/td>\n<td class=\"value\" scope=\"row\">165<\/td>\n<td class=\"messweise\" scope=\"row\"><\/td>\n<\/tr>\n<\/tbody>\n<tfoot>\n<tr>\n<th scope=\"row\"><\/th>\n<th class=\"messpunkt\" scope=\"col\"><\/th>\n<th class=\"value\" scope=\"col\">16<\/th>\n<th class=\"value\" scope=\"col\">18<\/th>\n<th class=\"value\" scope=\"col\">20<\/th>\n<th class=\"value\" scope=\"col\">22<\/th>\n<th class=\"messweise\" scope=\"col\"><\/th>\n<\/tr>\n<\/tfoot>\n<\/table>\n<p>+con ciclista a bordo y horquilla de suspensi\u00f3n con poca compresi\u00f3n de resorte (posici\u00f3n de marcha est\u00e1ndar)<br \/>\n+Medido 100 mm por delante del eje del pedalier.<\/p>\n<\/div>\n<\/div>\n<\/div>\n","protected":false},"excerpt":{"rendered":"<p><strong>Bicicleta el\u00e9ctrica doble suspensi\u00f3n, cuadro de aluminio y geometr\u00eda activa &#8220;ACT&#8221; Suspensiones RockShox. Motor Shimano EP801. Bater\u00eda\u00a0 de 726 Wh. Talla S\/M 16&#8243;(1.64-176cm)<\/strong><\/p>\n","protected":false},"featured_media":402403,"comment_status":"open","ping_status":"closed","template":"","meta":{"_acf_changed":false,"_et_pb_use_builder":"","_et_pb_old_content":"","_et_gb_content_width":"","inline_featured_image":false},"product_brand":[],"product_cat":[420,23],"product_tag":[],"class_list":{"0":"post-402415","1":"product","2":"type-product","3":"status-publish","4":"has-post-thumbnail","6":"product_cat-bicicletas","7":"product_cat-bicicletas-electricas","8":"product_shipping_class-bicicletas","10":"first","11":"outofstock","12":"taxable","13":"shipping-taxable","14":"product-type-variable","15":"wvs-archive-product-wrapper"},"acf":[],"yoast_head":"<!-- This site is optimized with the Yoast SEO Premium plugin v26.7 (Yoast SEO v26.7) - https:\/\/yoast.com\/wordpress\/plugins\/seo\/ -->\n<title>Stevens E-inception Am 7.7.2 ACT 726 Wh motor Shimano EP801 GR-100<\/title>\n<meta name=\"description\" content=\"Bicicleta el\u00e9ctrica doble suspensi\u00f3n, cuadro de aluminio y geometr\u00eda activa &quot;ACT&quot; Suspensiones RockShox. Motor Shimano EP801 726Wh. Talla S\/M 16&quot;(168-178cm)\" \/>\n<meta name=\"robots\" content=\"index, follow, max-snippet:-1, max-image-preview:large, max-video-preview:-1\" \/>\n<link rel=\"canonical\" href=\"https:\/\/gr-100.com\/producto\/stevens-e-inception-am-7-7-2-act-726-wh-ebike\/\" \/>\n<meta property=\"og:locale\" content=\"en_US\" \/>\n<meta property=\"og:type\" content=\"article\" \/>\n<meta property=\"og:title\" content=\"Stevens E-inception Am 7.7.2 ACT 726 Wh motor Shimano EP801\" \/>\n<meta property=\"og:description\" content=\"Bicicleta el\u00e9ctrica doble suspensi\u00f3n, cuadro de aluminio y geometr\u00eda activa &quot;ACT&quot; Suspensiones RockShox. Motor Shimano EP801 726Wh. Talla S\/M 16&quot;(168-178cm)\" \/>\n<meta property=\"og:url\" content=\"https:\/\/gr-100.com\/producto\/stevens-e-inception-am-7-7-2-act-726-wh-ebike\/\" \/>\n<meta property=\"og:site_name\" content=\"Gr-100 Tienda de ciclismo Specialized\" \/>\n<meta property=\"article:publisher\" content=\"https:\/\/www.facebook.com\/Gr100Bikes\" \/>\n<meta property=\"article:modified_time\" content=\"2025-12-18T15:25:00+00:00\" \/>\n<meta property=\"og:image\" content=\"https:\/\/gr-100.com\/wp-content\/uploads\/2025\/02\/Stevens-E-Inception-AM-7.7.2-ACT-726Wh.jpg\" \/>\n\t<meta property=\"og:image:width\" content=\"1000\" \/>\n\t<meta property=\"og:image:height\" content=\"1000\" \/>\n\t<meta property=\"og:image:type\" content=\"image\/jpeg\" \/>\n<meta name=\"twitter:card\" content=\"summary_large_image\" \/>\n<meta name=\"twitter:label1\" content=\"Est. reading time\" \/>\n\t<meta name=\"twitter:data1\" content=\"3 minutes\" \/>\n<script type=\"application\/ld+json\" class=\"yoast-schema-graph\">{\"@context\":\"https:\/\/schema.org\",\"@graph\":[{\"@type\":\"WebPage\",\"@id\":\"https:\/\/gr-100.com\/producto\/stevens-e-inception-am-7-7-2-act-726-wh-ebike\/\",\"url\":\"https:\/\/gr-100.com\/producto\/stevens-e-inception-am-7-7-2-act-726-wh-ebike\/\",\"name\":\"Stevens E-inception Am 7.7.2 ACT 726 Wh motor Shimano EP801 GR-100\",\"isPartOf\":{\"@id\":\"https:\/\/gr-100.com\/#website\"},\"primaryImageOfPage\":{\"@id\":\"https:\/\/gr-100.com\/producto\/stevens-e-inception-am-7-7-2-act-726-wh-ebike\/#primaryimage\"},\"image\":{\"@id\":\"https:\/\/gr-100.com\/producto\/stevens-e-inception-am-7-7-2-act-726-wh-ebike\/#primaryimage\"},\"thumbnailUrl\":\"https:\/\/gr-100.com\/wp-content\/uploads\/2025\/02\/Stevens-E-Inception-AM-7.7.2-ACT-726Wh.jpg\",\"datePublished\":\"2025-02-18T19:31:29+00:00\",\"dateModified\":\"2025-12-18T15:25:00+00:00\",\"description\":\"Bicicleta el\u00e9ctrica doble suspensi\u00f3n, cuadro de aluminio y geometr\u00eda activa \\\"ACT\\\" Suspensiones RockShox. Motor Shimano EP801 726Wh. Talla S\/M 16\\\"(168-178cm)\",\"breadcrumb\":{\"@id\":\"https:\/\/gr-100.com\/producto\/stevens-e-inception-am-7-7-2-act-726-wh-ebike\/#breadcrumb\"},\"inLanguage\":\"en-US\",\"potentialAction\":[{\"@type\":\"ReadAction\",\"target\":[\"https:\/\/gr-100.com\/producto\/stevens-e-inception-am-7-7-2-act-726-wh-ebike\/\"]}]},{\"@type\":\"ImageObject\",\"inLanguage\":\"en-US\",\"@id\":\"https:\/\/gr-100.com\/producto\/stevens-e-inception-am-7-7-2-act-726-wh-ebike\/#primaryimage\",\"url\":\"https:\/\/gr-100.com\/wp-content\/uploads\/2025\/02\/Stevens-E-Inception-AM-7.7.2-ACT-726Wh.jpg\",\"contentUrl\":\"https:\/\/gr-100.com\/wp-content\/uploads\/2025\/02\/Stevens-E-Inception-AM-7.7.2-ACT-726Wh.jpg\",\"width\":1000,\"height\":1000},{\"@type\":\"BreadcrumbList\",\"@id\":\"https:\/\/gr-100.com\/producto\/stevens-e-inception-am-7-7-2-act-726-wh-ebike\/#breadcrumb\",\"itemListElement\":[{\"@type\":\"ListItem\",\"position\":1,\"name\":\"Portada\",\"item\":\"https:\/\/gr-100.com\/pt-pt\/\"},{\"@type\":\"ListItem\",\"position\":2,\"name\":\"Productos\",\"item\":\"https:\/\/gr-100.com\/?post_type=product\"},{\"@type\":\"ListItem\",\"position\":3,\"name\":\"Stevens E-inception Am 7.7.2 ACT 726 Wh motor Shimano EP801\"}]},{\"@type\":\"WebSite\",\"@id\":\"https:\/\/gr-100.com\/#website\",\"url\":\"https:\/\/gr-100.com\/\",\"name\":\"Gr-100 Tienda de ciclismo Specialized\",\"description\":\"GR-100 tenemos todas las gamas de bicicletas Specialized al mejor precio.\",\"publisher\":{\"@id\":\"https:\/\/gr-100.com\/#organization\"},\"alternateName\":\"Gr-100 Bikes\",\"potentialAction\":[{\"@type\":\"SearchAction\",\"target\":{\"@type\":\"EntryPoint\",\"urlTemplate\":\"https:\/\/gr-100.com\/?s={search_term_string}\"},\"query-input\":{\"@type\":\"PropertyValueSpecification\",\"valueRequired\":true,\"valueName\":\"search_term_string\"}}],\"inLanguage\":\"en-US\"},{\"@type\":\"Organization\",\"@id\":\"https:\/\/gr-100.com\/#organization\",\"name\":\"Gr-100\",\"url\":\"https:\/\/gr-100.com\/\",\"logo\":{\"@type\":\"ImageObject\",\"inLanguage\":\"en-US\",\"@id\":\"https:\/\/gr-100.com\/#\/schema\/logo\/image\/\",\"url\":\"https:\/\/gr-100.com\/wp-content\/uploads\/2023\/08\/logo-gr-100-bikes.png\",\"contentUrl\":\"https:\/\/gr-100.com\/wp-content\/uploads\/2023\/08\/logo-gr-100-bikes.png\",\"width\":707,\"height\":284,\"caption\":\"Gr-100\"},\"image\":{\"@id\":\"https:\/\/gr-100.com\/#\/schema\/logo\/image\/\"},\"sameAs\":[\"https:\/\/www.facebook.com\/Gr100Bikes\",\"https:\/\/www.instagram.com\/gr100bikes\/\",\"https:\/\/www.tiktok.com\/@gr100bikes\",\"https:\/\/twitter.com\/gr100mtbteam\",\"https:\/\/www.youtube.com\/c\/GR100Specialized\"]}]}<\/script>\n<!-- \/ Yoast SEO Premium plugin. -->","yoast_head_json":{"title":"Stevens E-inception Am 7.7.2 ACT 726 Wh motor Shimano EP801 GR-100","description":"Bicicleta el\u00e9ctrica doble suspensi\u00f3n, cuadro de aluminio y geometr\u00eda activa \"ACT\" Suspensiones RockShox. Motor Shimano EP801 726Wh. Talla S\/M 16\"(168-178cm)","robots":{"index":"index","follow":"follow","max-snippet":"max-snippet:-1","max-image-preview":"max-image-preview:large","max-video-preview":"max-video-preview:-1"},"canonical":"https:\/\/gr-100.com\/producto\/stevens-e-inception-am-7-7-2-act-726-wh-ebike\/","og_locale":"en_US","og_type":"article","og_title":"Stevens E-inception Am 7.7.2 ACT 726 Wh motor Shimano EP801","og_description":"Bicicleta el\u00e9ctrica doble suspensi\u00f3n, cuadro de aluminio y geometr\u00eda activa \"ACT\" Suspensiones RockShox. Motor Shimano EP801 726Wh. Talla S\/M 16\"(168-178cm)","og_url":"https:\/\/gr-100.com\/producto\/stevens-e-inception-am-7-7-2-act-726-wh-ebike\/","og_site_name":"Gr-100 Tienda de ciclismo Specialized","article_publisher":"https:\/\/www.facebook.com\/Gr100Bikes","article_modified_time":"2025-12-18T15:25:00+00:00","og_image":[{"width":1000,"height":1000,"url":"https:\/\/gr-100.com\/wp-content\/uploads\/2025\/02\/Stevens-E-Inception-AM-7.7.2-ACT-726Wh.jpg","type":"image\/jpeg"}],"twitter_card":"summary_large_image","twitter_misc":{"Est. reading time":"3 minutes"},"schema":{"@context":"https:\/\/schema.org","@graph":[{"@type":"WebPage","@id":"https:\/\/gr-100.com\/producto\/stevens-e-inception-am-7-7-2-act-726-wh-ebike\/","url":"https:\/\/gr-100.com\/producto\/stevens-e-inception-am-7-7-2-act-726-wh-ebike\/","name":"Stevens E-inception Am 7.7.2 ACT 726 Wh motor Shimano EP801 GR-100","isPartOf":{"@id":"https:\/\/gr-100.com\/#website"},"primaryImageOfPage":{"@id":"https:\/\/gr-100.com\/producto\/stevens-e-inception-am-7-7-2-act-726-wh-ebike\/#primaryimage"},"image":{"@id":"https:\/\/gr-100.com\/producto\/stevens-e-inception-am-7-7-2-act-726-wh-ebike\/#primaryimage"},"thumbnailUrl":"https:\/\/gr-100.com\/wp-content\/uploads\/2025\/02\/Stevens-E-Inception-AM-7.7.2-ACT-726Wh.jpg","datePublished":"2025-02-18T19:31:29+00:00","dateModified":"2025-12-18T15:25:00+00:00","description":"Bicicleta el\u00e9ctrica doble suspensi\u00f3n, cuadro de aluminio y geometr\u00eda activa \"ACT\" Suspensiones RockShox. Motor Shimano EP801 726Wh. Talla S\/M 16\"(168-178cm)","breadcrumb":{"@id":"https:\/\/gr-100.com\/producto\/stevens-e-inception-am-7-7-2-act-726-wh-ebike\/#breadcrumb"},"inLanguage":"en-US","potentialAction":[{"@type":"ReadAction","target":["https:\/\/gr-100.com\/producto\/stevens-e-inception-am-7-7-2-act-726-wh-ebike\/"]}]},{"@type":"ImageObject","inLanguage":"en-US","@id":"https:\/\/gr-100.com\/producto\/stevens-e-inception-am-7-7-2-act-726-wh-ebike\/#primaryimage","url":"https:\/\/gr-100.com\/wp-content\/uploads\/2025\/02\/Stevens-E-Inception-AM-7.7.2-ACT-726Wh.jpg","contentUrl":"https:\/\/gr-100.com\/wp-content\/uploads\/2025\/02\/Stevens-E-Inception-AM-7.7.2-ACT-726Wh.jpg","width":1000,"height":1000},{"@type":"BreadcrumbList","@id":"https:\/\/gr-100.com\/producto\/stevens-e-inception-am-7-7-2-act-726-wh-ebike\/#breadcrumb","itemListElement":[{"@type":"ListItem","position":1,"name":"Portada","item":"https:\/\/gr-100.com\/pt-pt\/"},{"@type":"ListItem","position":2,"name":"Productos","item":"https:\/\/gr-100.com\/?post_type=product"},{"@type":"ListItem","position":3,"name":"Stevens E-inception Am 7.7.2 ACT 726 Wh motor Shimano EP801"}]},{"@type":"WebSite","@id":"https:\/\/gr-100.com\/#website","url":"https:\/\/gr-100.com\/","name":"Gr-100 Tienda de ciclismo Specialized","description":"GR-100 tenemos todas las gamas de bicicletas Specialized al mejor precio.","publisher":{"@id":"https:\/\/gr-100.com\/#organization"},"alternateName":"Gr-100 Bikes","potentialAction":[{"@type":"SearchAction","target":{"@type":"EntryPoint","urlTemplate":"https:\/\/gr-100.com\/?s={search_term_string}"},"query-input":{"@type":"PropertyValueSpecification","valueRequired":true,"valueName":"search_term_string"}}],"inLanguage":"en-US"},{"@type":"Organization","@id":"https:\/\/gr-100.com\/#organization","name":"Gr-100","url":"https:\/\/gr-100.com\/","logo":{"@type":"ImageObject","inLanguage":"en-US","@id":"https:\/\/gr-100.com\/#\/schema\/logo\/image\/","url":"https:\/\/gr-100.com\/wp-content\/uploads\/2023\/08\/logo-gr-100-bikes.png","contentUrl":"https:\/\/gr-100.com\/wp-content\/uploads\/2023\/08\/logo-gr-100-bikes.png","width":707,"height":284,"caption":"Gr-100"},"image":{"@id":"https:\/\/gr-100.com\/#\/schema\/logo\/image\/"},"sameAs":["https:\/\/www.facebook.com\/Gr100Bikes","https:\/\/www.instagram.com\/gr100bikes\/","https:\/\/www.tiktok.com\/@gr100bikes","https:\/\/twitter.com\/gr100mtbteam","https:\/\/www.youtube.com\/c\/GR100Specialized"]}]}},"_links":{"self":[{"href":"https:\/\/gr-100.com\/en\/wp-json\/wp\/v2\/product\/402415","targetHints":{"allow":["GET"]}}],"collection":[{"href":"https:\/\/gr-100.com\/en\/wp-json\/wp\/v2\/product"}],"about":[{"href":"https:\/\/gr-100.com\/en\/wp-json\/wp\/v2\/types\/product"}],"replies":[{"embeddable":true,"href":"https:\/\/gr-100.com\/en\/wp-json\/wp\/v2\/comments?post=402415"}],"wp:featuredmedia":[{"embeddable":true,"href":"https:\/\/gr-100.com\/en\/wp-json\/wp\/v2\/media\/402403"}],"wp:attachment":[{"href":"https:\/\/gr-100.com\/en\/wp-json\/wp\/v2\/media?parent=402415"}],"wp:term":[{"taxonomy":"product_brand","embeddable":true,"href":"https:\/\/gr-100.com\/en\/wp-json\/wp\/v2\/product_brand?post=402415"},{"taxonomy":"product_cat","embeddable":true,"href":"https:\/\/gr-100.com\/en\/wp-json\/wp\/v2\/product_cat?post=402415"},{"taxonomy":"product_tag","embeddable":true,"href":"https:\/\/gr-100.com\/en\/wp-json\/wp\/v2\/product_tag?post=402415"}],"curies":[{"name":"wp","href":"https:\/\/api.w.org\/{rel}","templated":true}]}}