{"id":403702,"date":"2025-03-20T11:50:23","date_gmt":"2025-03-20T11:50:23","guid":{"rendered":"https:\/\/gr-100.com\/?post_type=product&#038;p=403702"},"modified":"2025-12-18T16:46:10","modified_gmt":"2025-12-18T14:46:10","slug":"bateria-shimano-bt-e8036-630-wh","status":"publish","type":"product","link":"https:\/\/gr-100.com\/en\/producto\/bateria-shimano-bt-e8036-630-wh\/","title":{"rendered":"Bater\u00eda Shimano BT-E8036 630 Wh"},"content":{"rendered":"<p>\u30fbCompatible con dise\u00f1o de cuadro delgado<br \/>\nMismo soporte que BT-E8035 actual<br \/>\n\u30fbCiclo de carga de alto rendimiento<br \/>\n\u30fbVoltaje: 36 V<br \/>\n\u30fbCapacidad: 17,5 (Ah) \/ 630 (Wh)<br \/>\n\u30fbCarga r\u00e1pida:<br \/>\n50% de carga en 2,5 horas*<br \/>\nCarga completa en 6 horas* *Cuando se carga con EC-E8004<br \/>\n\u30fbBater\u00eda duradera que conserva la capacidad m\u00e1x. m\u00e1s tiempo<br \/>\n&gt;60% de capacidad despu\u00e9s de 1000 cargas<\/p>\n","protected":false},"excerpt":{"rendered":"<p>Espec\u00edficamente dise\u00f1ada para el sistema SHIMANO STEPS, la BT-E8036 se integra suavemente en el tubo descendente y cuenta con una capacidad de 630 Wh. Con un dise\u00f1o estilizado, la bater\u00eda tambi\u00e9n se carga r\u00e1pidamente y mantiene su capacidad m\u00e1xima m\u00e1s tiempo durante toda su vida \u00fatil.<\/p>\n","protected":false},"featured_media":403703,"comment_status":"closed","ping_status":"closed","template":"","meta":{"_acf_changed":false,"_et_pb_use_builder":"","_et_pb_old_content":"","_et_gb_content_width":"","inline_featured_image":false},"product_brand":[],"product_cat":[25,2402,2409],"product_tag":[],"class_list":{"0":"post-403702","1":"product","2":"type-product","3":"status-publish","4":"has-post-thumbnail","6":"product_cat-componentes","7":"product_cat-componentes-e-bikes","8":"product_cat-ofertas-specialized","9":"product_shipping_class-componentes","11":"first","12":"outofstock","13":"sale","14":"taxable","15":"shipping-taxable","16":"purchasable","17":"product-type-simple"},"acf":[],"yoast_head":"<!-- This site is optimized with the Yoast SEO Premium plugin v26.7 (Yoast SEO v26.7) - https:\/\/yoast.com\/wordpress\/plugins\/seo\/ -->\n<title>Bater\u00eda Shimano BT-E8036 630 Wh GR-100 ebikes<\/title>\n<meta name=\"description\" content=\"Espec\u00edficamente dise\u00f1ada para el sistema SHIMANO STEPS, la BT-E8036 se integra suavemente en el tubo descendente y cuenta con una capacidad de 630 Wh.\" \/>\n<meta name=\"robots\" content=\"index, follow, max-snippet:-1, max-image-preview:large, max-video-preview:-1\" \/>\n<link rel=\"canonical\" href=\"https:\/\/gr-100.com\/producto\/bateria-shimano-bt-e8036-630-wh\/\" \/>\n<meta property=\"og:locale\" content=\"en_US\" \/>\n<meta property=\"og:type\" content=\"article\" \/>\n<meta property=\"og:title\" content=\"Bater\u00eda Shimano BT-E8036 630 Wh\" \/>\n<meta property=\"og:description\" content=\"Espec\u00edficamente dise\u00f1ada para el sistema SHIMANO STEPS, la BT-E8036 se integra suavemente en el tubo descendente y cuenta con una capacidad de 630 Wh.\" \/>\n<meta property=\"og:url\" content=\"https:\/\/gr-100.com\/producto\/bateria-shimano-bt-e8036-630-wh\/\" \/>\n<meta property=\"og:site_name\" content=\"Gr-100 Tienda de ciclismo Specialized\" \/>\n<meta property=\"article:publisher\" content=\"https:\/\/www.facebook.com\/Gr100Bikes\" \/>\n<meta property=\"article:modified_time\" content=\"2025-12-18T14:46:10+00:00\" \/>\n<meta property=\"og:image\" content=\"https:\/\/gr-100.com\/wp-content\/uploads\/2025\/03\/BT-E8036_C260_2.jpg.thumb_.572.572.png\" \/>\n\t<meta property=\"og:image:width\" content=\"572\" \/>\n\t<meta property=\"og:image:height\" content=\"572\" \/>\n\t<meta property=\"og:image:type\" content=\"image\/png\" \/>\n<meta name=\"twitter:card\" content=\"summary_large_image\" \/>\n<meta name=\"twitter:label1\" content=\"Est. reading time\" \/>\n\t<meta name=\"twitter:data1\" content=\"1 minute\" \/>\n<script type=\"application\/ld+json\" class=\"yoast-schema-graph\">{\"@context\":\"https:\/\/schema.org\",\"@graph\":[{\"@type\":\"WebPage\",\"@id\":\"https:\/\/gr-100.com\/producto\/bateria-shimano-bt-e8036-630-wh\/\",\"url\":\"https:\/\/gr-100.com\/producto\/bateria-shimano-bt-e8036-630-wh\/\",\"name\":\"Bater\u00eda Shimano BT-E8036 630 Wh GR-100 ebikes\",\"isPartOf\":{\"@id\":\"https:\/\/gr-100.com\/#website\"},\"primaryImageOfPage\":{\"@id\":\"https:\/\/gr-100.com\/producto\/bateria-shimano-bt-e8036-630-wh\/#primaryimage\"},\"image\":{\"@id\":\"https:\/\/gr-100.com\/producto\/bateria-shimano-bt-e8036-630-wh\/#primaryimage\"},\"thumbnailUrl\":\"https:\/\/gr-100.com\/wp-content\/uploads\/2025\/03\/BT-E8036_C260_2.jpg.thumb_.572.572.png\",\"datePublished\":\"2025-03-20T11:50:23+00:00\",\"dateModified\":\"2025-12-18T14:46:10+00:00\",\"description\":\"Espec\u00edficamente dise\u00f1ada para el sistema SHIMANO STEPS, la BT-E8036 se integra suavemente en el tubo descendente y cuenta con una capacidad de 630 Wh.\",\"breadcrumb\":{\"@id\":\"https:\/\/gr-100.com\/producto\/bateria-shimano-bt-e8036-630-wh\/#breadcrumb\"},\"inLanguage\":\"en-US\",\"potentialAction\":[{\"@type\":\"ReadAction\",\"target\":[\"https:\/\/gr-100.com\/producto\/bateria-shimano-bt-e8036-630-wh\/\"]}]},{\"@type\":\"ImageObject\",\"inLanguage\":\"en-US\",\"@id\":\"https:\/\/gr-100.com\/producto\/bateria-shimano-bt-e8036-630-wh\/#primaryimage\",\"url\":\"https:\/\/gr-100.com\/wp-content\/uploads\/2025\/03\/BT-E8036_C260_2.jpg.thumb_.572.572.png\",\"contentUrl\":\"https:\/\/gr-100.com\/wp-content\/uploads\/2025\/03\/BT-E8036_C260_2.jpg.thumb_.572.572.png\",\"width\":572,\"height\":572},{\"@type\":\"BreadcrumbList\",\"@id\":\"https:\/\/gr-100.com\/producto\/bateria-shimano-bt-e8036-630-wh\/#breadcrumb\",\"itemListElement\":[{\"@type\":\"ListItem\",\"position\":1,\"name\":\"Portada\",\"item\":\"https:\/\/gr-100.com\/pt-pt\/\"},{\"@type\":\"ListItem\",\"position\":2,\"name\":\"Productos\",\"item\":\"https:\/\/gr-100.com\/?post_type=product\"},{\"@type\":\"ListItem\",\"position\":3,\"name\":\"Bater\u00eda Shimano BT-E8036 630 Wh\"}]},{\"@type\":\"WebSite\",\"@id\":\"https:\/\/gr-100.com\/#website\",\"url\":\"https:\/\/gr-100.com\/\",\"name\":\"Gr-100 Tienda de ciclismo Specialized\",\"description\":\"GR-100 tenemos todas las gamas de bicicletas Specialized al mejor precio.\",\"publisher\":{\"@id\":\"https:\/\/gr-100.com\/#organization\"},\"alternateName\":\"Gr-100 Bikes\",\"potentialAction\":[{\"@type\":\"SearchAction\",\"target\":{\"@type\":\"EntryPoint\",\"urlTemplate\":\"https:\/\/gr-100.com\/?s={search_term_string}\"},\"query-input\":{\"@type\":\"PropertyValueSpecification\",\"valueRequired\":true,\"valueName\":\"search_term_string\"}}],\"inLanguage\":\"en-US\"},{\"@type\":\"Organization\",\"@id\":\"https:\/\/gr-100.com\/#organization\",\"name\":\"Gr-100\",\"url\":\"https:\/\/gr-100.com\/\",\"logo\":{\"@type\":\"ImageObject\",\"inLanguage\":\"en-US\",\"@id\":\"https:\/\/gr-100.com\/#\/schema\/logo\/image\/\",\"url\":\"https:\/\/gr-100.com\/wp-content\/uploads\/2023\/08\/logo-gr-100-bikes.png\",\"contentUrl\":\"https:\/\/gr-100.com\/wp-content\/uploads\/2023\/08\/logo-gr-100-bikes.png\",\"width\":707,\"height\":284,\"caption\":\"Gr-100\"},\"image\":{\"@id\":\"https:\/\/gr-100.com\/#\/schema\/logo\/image\/\"},\"sameAs\":[\"https:\/\/www.facebook.com\/Gr100Bikes\",\"https:\/\/www.instagram.com\/gr100bikes\/\",\"https:\/\/www.tiktok.com\/@gr100bikes\",\"https:\/\/twitter.com\/gr100mtbteam\",\"https:\/\/www.youtube.com\/c\/GR100Specialized\"]}]}<\/script>\n<!-- \/ Yoast SEO Premium plugin. -->","yoast_head_json":{"title":"Bater\u00eda Shimano BT-E8036 630 Wh GR-100 ebikes","description":"Espec\u00edficamente dise\u00f1ada para el sistema SHIMANO STEPS, la BT-E8036 se integra suavemente en el tubo descendente y cuenta con una capacidad de 630 Wh.","robots":{"index":"index","follow":"follow","max-snippet":"max-snippet:-1","max-image-preview":"max-image-preview:large","max-video-preview":"max-video-preview:-1"},"canonical":"https:\/\/gr-100.com\/producto\/bateria-shimano-bt-e8036-630-wh\/","og_locale":"en_US","og_type":"article","og_title":"Bater\u00eda Shimano BT-E8036 630 Wh","og_description":"Espec\u00edficamente dise\u00f1ada para el sistema SHIMANO STEPS, la BT-E8036 se integra suavemente en el tubo descendente y cuenta con una capacidad de 630 Wh.","og_url":"https:\/\/gr-100.com\/producto\/bateria-shimano-bt-e8036-630-wh\/","og_site_name":"Gr-100 Tienda de ciclismo Specialized","article_publisher":"https:\/\/www.facebook.com\/Gr100Bikes","article_modified_time":"2025-12-18T14:46:10+00:00","og_image":[{"width":572,"height":572,"url":"https:\/\/gr-100.com\/wp-content\/uploads\/2025\/03\/BT-E8036_C260_2.jpg.thumb_.572.572.png","type":"image\/png"}],"twitter_card":"summary_large_image","twitter_misc":{"Est. reading time":"1 minute"},"schema":{"@context":"https:\/\/schema.org","@graph":[{"@type":"WebPage","@id":"https:\/\/gr-100.com\/producto\/bateria-shimano-bt-e8036-630-wh\/","url":"https:\/\/gr-100.com\/producto\/bateria-shimano-bt-e8036-630-wh\/","name":"Bater\u00eda Shimano BT-E8036 630 Wh GR-100 ebikes","isPartOf":{"@id":"https:\/\/gr-100.com\/#website"},"primaryImageOfPage":{"@id":"https:\/\/gr-100.com\/producto\/bateria-shimano-bt-e8036-630-wh\/#primaryimage"},"image":{"@id":"https:\/\/gr-100.com\/producto\/bateria-shimano-bt-e8036-630-wh\/#primaryimage"},"thumbnailUrl":"https:\/\/gr-100.com\/wp-content\/uploads\/2025\/03\/BT-E8036_C260_2.jpg.thumb_.572.572.png","datePublished":"2025-03-20T11:50:23+00:00","dateModified":"2025-12-18T14:46:10+00:00","description":"Espec\u00edficamente dise\u00f1ada para el sistema SHIMANO STEPS, la BT-E8036 se integra suavemente en el tubo descendente y cuenta con una capacidad de 630 Wh.","breadcrumb":{"@id":"https:\/\/gr-100.com\/producto\/bateria-shimano-bt-e8036-630-wh\/#breadcrumb"},"inLanguage":"en-US","potentialAction":[{"@type":"ReadAction","target":["https:\/\/gr-100.com\/producto\/bateria-shimano-bt-e8036-630-wh\/"]}]},{"@type":"ImageObject","inLanguage":"en-US","@id":"https:\/\/gr-100.com\/producto\/bateria-shimano-bt-e8036-630-wh\/#primaryimage","url":"https:\/\/gr-100.com\/wp-content\/uploads\/2025\/03\/BT-E8036_C260_2.jpg.thumb_.572.572.png","contentUrl":"https:\/\/gr-100.com\/wp-content\/uploads\/2025\/03\/BT-E8036_C260_2.jpg.thumb_.572.572.png","width":572,"height":572},{"@type":"BreadcrumbList","@id":"https:\/\/gr-100.com\/producto\/bateria-shimano-bt-e8036-630-wh\/#breadcrumb","itemListElement":[{"@type":"ListItem","position":1,"name":"Portada","item":"https:\/\/gr-100.com\/pt-pt\/"},{"@type":"ListItem","position":2,"name":"Productos","item":"https:\/\/gr-100.com\/?post_type=product"},{"@type":"ListItem","position":3,"name":"Bater\u00eda Shimano BT-E8036 630 Wh"}]},{"@type":"WebSite","@id":"https:\/\/gr-100.com\/#website","url":"https:\/\/gr-100.com\/","name":"Gr-100 Tienda de ciclismo Specialized","description":"GR-100 tenemos todas las gamas de bicicletas Specialized al mejor precio.","publisher":{"@id":"https:\/\/gr-100.com\/#organization"},"alternateName":"Gr-100 Bikes","potentialAction":[{"@type":"SearchAction","target":{"@type":"EntryPoint","urlTemplate":"https:\/\/gr-100.com\/?s={search_term_string}"},"query-input":{"@type":"PropertyValueSpecification","valueRequired":true,"valueName":"search_term_string"}}],"inLanguage":"en-US"},{"@type":"Organization","@id":"https:\/\/gr-100.com\/#organization","name":"Gr-100","url":"https:\/\/gr-100.com\/","logo":{"@type":"ImageObject","inLanguage":"en-US","@id":"https:\/\/gr-100.com\/#\/schema\/logo\/image\/","url":"https:\/\/gr-100.com\/wp-content\/uploads\/2023\/08\/logo-gr-100-bikes.png","contentUrl":"https:\/\/gr-100.com\/wp-content\/uploads\/2023\/08\/logo-gr-100-bikes.png","width":707,"height":284,"caption":"Gr-100"},"image":{"@id":"https:\/\/gr-100.com\/#\/schema\/logo\/image\/"},"sameAs":["https:\/\/www.facebook.com\/Gr100Bikes","https:\/\/www.instagram.com\/gr100bikes\/","https:\/\/www.tiktok.com\/@gr100bikes","https:\/\/twitter.com\/gr100mtbteam","https:\/\/www.youtube.com\/c\/GR100Specialized"]}]}},"_links":{"self":[{"href":"https:\/\/gr-100.com\/en\/wp-json\/wp\/v2\/product\/403702","targetHints":{"allow":["GET"]}}],"collection":[{"href":"https:\/\/gr-100.com\/en\/wp-json\/wp\/v2\/product"}],"about":[{"href":"https:\/\/gr-100.com\/en\/wp-json\/wp\/v2\/types\/product"}],"replies":[{"embeddable":true,"href":"https:\/\/gr-100.com\/en\/wp-json\/wp\/v2\/comments?post=403702"}],"wp:featuredmedia":[{"embeddable":true,"href":"https:\/\/gr-100.com\/en\/wp-json\/wp\/v2\/media\/403703"}],"wp:attachment":[{"href":"https:\/\/gr-100.com\/en\/wp-json\/wp\/v2\/media?parent=403702"}],"wp:term":[{"taxonomy":"product_brand","embeddable":true,"href":"https:\/\/gr-100.com\/en\/wp-json\/wp\/v2\/product_brand?post=403702"},{"taxonomy":"product_cat","embeddable":true,"href":"https:\/\/gr-100.com\/en\/wp-json\/wp\/v2\/product_cat?post=403702"},{"taxonomy":"product_tag","embeddable":true,"href":"https:\/\/gr-100.com\/en\/wp-json\/wp\/v2\/product_tag?post=403702"}],"curies":[{"name":"wp","href":"https:\/\/api.w.org\/{rel}","templated":true}]}}