{"id":405034,"date":"2025-03-27T20:47:32","date_gmt":"2025-03-27T20:47:32","guid":{"rendered":"https:\/\/gr-100.com\/?post_type=product&#038;p=405034"},"modified":"2025-11-27T11:11:52","modified_gmt":"2025-11-27T09:11:52","slug":"fox-pantalones-cortos-ranger-con-forro","status":"publish","type":"product","link":"https:\/\/gr-100.com\/en\/producto\/fox-pantalones-cortos-ranger-con-forro\/","title":{"rendered":"Fox Pantalones cortos Ranger con forro"},"content":{"rendered":"<p>&nbsp;<\/p>\n<p>Los pantalones cortos con forro Ranger incorporan tecnolog\u00eda espec\u00edfica para senderos en pantalones cortos de estilo informal que funcionan tanto sobre como fuera de la bicicleta. El tejido t\u00e9cnico antidesgarro el\u00e1stico garantiza el m\u00e1ximo rendimiento y una durabilidad superior, mientras que el cierre de trinquete de carrera facilita el ajuste sobre la marcha. El forro es extra\u00edble, pero aseg\u00farate de si te gusta antes de cortarlo de tus pantalones, ya que los forros deben permanecer intactos en caso de que necesites devolverlos.<\/p>\n<p>Especificaciones<\/p>\n<ul>\n<li>Dise\u00f1ado para rendir en la bicicleta y relajarse fuera de ella<\/li>\n<li>El tejido el\u00e1stico t\u00e9cnico antidesgarro es ligero y apto para pedales.<\/li>\n<li>Con al menos un 85 % de materiales reciclados, la tela de nailon ripstop es liviana, duradera y el\u00e1stica en cuatro direcciones.<\/li>\n<li>El cierre de trinquete de carrera proporciona un ajuste seguro y una regulaci\u00f3n r\u00e1pida sobre la marcha.<\/li>\n<li>Dos bolsillos con cremallera para guardar todo lo que necesitas para una ruta.<\/li>\n<li>El acabado repelente al agua duradero (DWR) repele la humedad, la suciedad y los residuos.<\/li>\n<li>Entrepierna: Exterior &#8211; 11,75&#8243;, Forro &#8211; 8,5&#8243;<\/li>\n<li>Exterior: 71 % nailon de poliamida, 19 % poli\u00e9ster, 10 % elastano<\/li>\n<li>Forro: 90% poli\u00e9ster, 10% elastano<\/li>\n<li>Lavadora modo delicado y fr\u00edo<\/li>\n<li>Lavar los colores oscuros por separado<\/li>\n<li>Usar un detergente suave<\/li>\n<li>Secar al aire<\/li>\n<li>No planchar<\/li>\n<li>No usar lej\u00eda<\/li>\n<li>No lavar en seco<\/li>\n<\/ul>\n","protected":false},"excerpt":{"rendered":"<p>Pantalones cortos t\u00e9cnicos para mountain bike que funcionan sobre y fuera de la bicicleta<\/p>\n","protected":false},"featured_media":405047,"comment_status":"open","ping_status":"closed","template":"","meta":{"_acf_changed":false,"_et_pb_use_builder":"","_et_pb_old_content":"","_et_gb_content_width":"","inline_featured_image":false},"product_brand":[],"product_cat":[50,51,2406],"product_tag":[],"class_list":{"0":"post-405034","1":"product","2":"type-product","3":"status-publish","4":"has-post-thumbnail","6":"product_cat-equipaciones","7":"product_cat-ropa","8":"product_cat-varios-equipaciones","10":"first","11":"instock","12":"taxable","13":"shipping-taxable","14":"purchasable","15":"product-type-variable","16":"wvs-archive-product-wrapper"},"acf":[],"yoast_head":"<!-- This site is optimized with the Yoast SEO Premium plugin v26.7 (Yoast SEO v26.7) - https:\/\/yoast.com\/wordpress\/plugins\/seo\/ -->\n<title>Fox Pantalones cortos Ranger con forro GR-100 Fox pantalones<\/title>\n<meta name=\"description\" content=\"Los pantalones cortos con forro Ranger incorporan tecnolog\u00eda espec\u00edfica para senderos en pantalones cortos de estilo informal que funcionan\" \/>\n<meta name=\"robots\" content=\"index, follow, max-snippet:-1, max-image-preview:large, max-video-preview:-1\" \/>\n<link rel=\"canonical\" href=\"https:\/\/gr-100.com\/producto\/fox-pantalones-cortos-ranger-con-forro\/\" \/>\n<meta property=\"og:locale\" content=\"en_US\" \/>\n<meta property=\"og:type\" content=\"article\" \/>\n<meta property=\"og:title\" content=\"Fox Pantalones cortos Ranger con forro\" \/>\n<meta property=\"og:description\" content=\"Los pantalones cortos con forro Ranger incorporan tecnolog\u00eda espec\u00edfica para senderos en pantalones cortos de estilo informal que funcionan\" \/>\n<meta property=\"og:url\" content=\"https:\/\/gr-100.com\/producto\/fox-pantalones-cortos-ranger-con-forro\/\" \/>\n<meta property=\"og:site_name\" content=\"Gr-100 Tienda de ciclismo Specialized\" \/>\n<meta property=\"article:publisher\" content=\"https:\/\/www.facebook.com\/Gr100Bikes\" \/>\n<meta property=\"article:modified_time\" content=\"2025-11-27T09:11:52+00:00\" \/>\n<meta property=\"og:image\" content=\"https:\/\/gr-100.com\/wp-content\/uploads\/2025\/03\/33463001_1pantalon-1-1-1.jpg\" \/>\n\t<meta property=\"og:image:width\" content=\"1000\" \/>\n\t<meta property=\"og:image:height\" content=\"1000\" \/>\n\t<meta property=\"og:image:type\" content=\"image\/jpeg\" \/>\n<meta name=\"twitter:card\" content=\"summary_large_image\" \/>\n<meta name=\"twitter:label1\" content=\"Est. reading time\" \/>\n\t<meta name=\"twitter:data1\" content=\"2 minutes\" \/>\n<script type=\"application\/ld+json\" class=\"yoast-schema-graph\">{\"@context\":\"https:\/\/schema.org\",\"@graph\":[{\"@type\":\"WebPage\",\"@id\":\"https:\/\/gr-100.com\/producto\/fox-pantalones-cortos-ranger-con-forro\/\",\"url\":\"https:\/\/gr-100.com\/producto\/fox-pantalones-cortos-ranger-con-forro\/\",\"name\":\"Fox Pantalones cortos Ranger con forro GR-100 Fox pantalones\",\"isPartOf\":{\"@id\":\"https:\/\/gr-100.com\/#website\"},\"primaryImageOfPage\":{\"@id\":\"https:\/\/gr-100.com\/producto\/fox-pantalones-cortos-ranger-con-forro\/#primaryimage\"},\"image\":{\"@id\":\"https:\/\/gr-100.com\/producto\/fox-pantalones-cortos-ranger-con-forro\/#primaryimage\"},\"thumbnailUrl\":\"https:\/\/gr-100.com\/wp-content\/uploads\/2025\/03\/33463001_1pantalon-1-1-1.jpg\",\"datePublished\":\"2025-03-27T20:47:32+00:00\",\"dateModified\":\"2025-11-27T09:11:52+00:00\",\"description\":\"Los pantalones cortos con forro Ranger incorporan tecnolog\u00eda espec\u00edfica para senderos en pantalones cortos de estilo informal que funcionan\",\"breadcrumb\":{\"@id\":\"https:\/\/gr-100.com\/producto\/fox-pantalones-cortos-ranger-con-forro\/#breadcrumb\"},\"inLanguage\":\"en-US\",\"potentialAction\":[{\"@type\":\"ReadAction\",\"target\":[\"https:\/\/gr-100.com\/producto\/fox-pantalones-cortos-ranger-con-forro\/\"]}]},{\"@type\":\"ImageObject\",\"inLanguage\":\"en-US\",\"@id\":\"https:\/\/gr-100.com\/producto\/fox-pantalones-cortos-ranger-con-forro\/#primaryimage\",\"url\":\"https:\/\/gr-100.com\/wp-content\/uploads\/2025\/03\/33463001_1pantalon-1-1-1.jpg\",\"contentUrl\":\"https:\/\/gr-100.com\/wp-content\/uploads\/2025\/03\/33463001_1pantalon-1-1-1.jpg\",\"width\":1000,\"height\":1000},{\"@type\":\"BreadcrumbList\",\"@id\":\"https:\/\/gr-100.com\/producto\/fox-pantalones-cortos-ranger-con-forro\/#breadcrumb\",\"itemListElement\":[{\"@type\":\"ListItem\",\"position\":1,\"name\":\"Portada\",\"item\":\"https:\/\/gr-100.com\/pt-pt\/\"},{\"@type\":\"ListItem\",\"position\":2,\"name\":\"Productos\",\"item\":\"https:\/\/gr-100.com\/?post_type=product\"},{\"@type\":\"ListItem\",\"position\":3,\"name\":\"Fox Pantalones cortos Ranger con forro\"}]},{\"@type\":\"WebSite\",\"@id\":\"https:\/\/gr-100.com\/#website\",\"url\":\"https:\/\/gr-100.com\/\",\"name\":\"Gr-100 Tienda de ciclismo Specialized\",\"description\":\"GR-100 tenemos todas las gamas de bicicletas Specialized al mejor precio.\",\"publisher\":{\"@id\":\"https:\/\/gr-100.com\/#organization\"},\"alternateName\":\"Gr-100 Bikes\",\"potentialAction\":[{\"@type\":\"SearchAction\",\"target\":{\"@type\":\"EntryPoint\",\"urlTemplate\":\"https:\/\/gr-100.com\/?s={search_term_string}\"},\"query-input\":{\"@type\":\"PropertyValueSpecification\",\"valueRequired\":true,\"valueName\":\"search_term_string\"}}],\"inLanguage\":\"en-US\"},{\"@type\":\"Organization\",\"@id\":\"https:\/\/gr-100.com\/#organization\",\"name\":\"Gr-100\",\"url\":\"https:\/\/gr-100.com\/\",\"logo\":{\"@type\":\"ImageObject\",\"inLanguage\":\"en-US\",\"@id\":\"https:\/\/gr-100.com\/#\/schema\/logo\/image\/\",\"url\":\"https:\/\/gr-100.com\/wp-content\/uploads\/2023\/08\/logo-gr-100-bikes.png\",\"contentUrl\":\"https:\/\/gr-100.com\/wp-content\/uploads\/2023\/08\/logo-gr-100-bikes.png\",\"width\":707,\"height\":284,\"caption\":\"Gr-100\"},\"image\":{\"@id\":\"https:\/\/gr-100.com\/#\/schema\/logo\/image\/\"},\"sameAs\":[\"https:\/\/www.facebook.com\/Gr100Bikes\",\"https:\/\/www.instagram.com\/gr100bikes\/\",\"https:\/\/www.tiktok.com\/@gr100bikes\",\"https:\/\/twitter.com\/gr100mtbteam\",\"https:\/\/www.youtube.com\/c\/GR100Specialized\"]}]}<\/script>\n<!-- \/ Yoast SEO Premium plugin. -->","yoast_head_json":{"title":"Fox Pantalones cortos Ranger con forro GR-100 Fox pantalones","description":"Los pantalones cortos con forro Ranger incorporan tecnolog\u00eda espec\u00edfica para senderos en pantalones cortos de estilo informal que funcionan","robots":{"index":"index","follow":"follow","max-snippet":"max-snippet:-1","max-image-preview":"max-image-preview:large","max-video-preview":"max-video-preview:-1"},"canonical":"https:\/\/gr-100.com\/producto\/fox-pantalones-cortos-ranger-con-forro\/","og_locale":"en_US","og_type":"article","og_title":"Fox Pantalones cortos Ranger con forro","og_description":"Los pantalones cortos con forro Ranger incorporan tecnolog\u00eda espec\u00edfica para senderos en pantalones cortos de estilo informal que funcionan","og_url":"https:\/\/gr-100.com\/producto\/fox-pantalones-cortos-ranger-con-forro\/","og_site_name":"Gr-100 Tienda de ciclismo Specialized","article_publisher":"https:\/\/www.facebook.com\/Gr100Bikes","article_modified_time":"2025-11-27T09:11:52+00:00","og_image":[{"width":1000,"height":1000,"url":"https:\/\/gr-100.com\/wp-content\/uploads\/2025\/03\/33463001_1pantalon-1-1-1.jpg","type":"image\/jpeg"}],"twitter_card":"summary_large_image","twitter_misc":{"Est. reading time":"2 minutes"},"schema":{"@context":"https:\/\/schema.org","@graph":[{"@type":"WebPage","@id":"https:\/\/gr-100.com\/producto\/fox-pantalones-cortos-ranger-con-forro\/","url":"https:\/\/gr-100.com\/producto\/fox-pantalones-cortos-ranger-con-forro\/","name":"Fox Pantalones cortos Ranger con forro GR-100 Fox pantalones","isPartOf":{"@id":"https:\/\/gr-100.com\/#website"},"primaryImageOfPage":{"@id":"https:\/\/gr-100.com\/producto\/fox-pantalones-cortos-ranger-con-forro\/#primaryimage"},"image":{"@id":"https:\/\/gr-100.com\/producto\/fox-pantalones-cortos-ranger-con-forro\/#primaryimage"},"thumbnailUrl":"https:\/\/gr-100.com\/wp-content\/uploads\/2025\/03\/33463001_1pantalon-1-1-1.jpg","datePublished":"2025-03-27T20:47:32+00:00","dateModified":"2025-11-27T09:11:52+00:00","description":"Los pantalones cortos con forro Ranger incorporan tecnolog\u00eda espec\u00edfica para senderos en pantalones cortos de estilo informal que funcionan","breadcrumb":{"@id":"https:\/\/gr-100.com\/producto\/fox-pantalones-cortos-ranger-con-forro\/#breadcrumb"},"inLanguage":"en-US","potentialAction":[{"@type":"ReadAction","target":["https:\/\/gr-100.com\/producto\/fox-pantalones-cortos-ranger-con-forro\/"]}]},{"@type":"ImageObject","inLanguage":"en-US","@id":"https:\/\/gr-100.com\/producto\/fox-pantalones-cortos-ranger-con-forro\/#primaryimage","url":"https:\/\/gr-100.com\/wp-content\/uploads\/2025\/03\/33463001_1pantalon-1-1-1.jpg","contentUrl":"https:\/\/gr-100.com\/wp-content\/uploads\/2025\/03\/33463001_1pantalon-1-1-1.jpg","width":1000,"height":1000},{"@type":"BreadcrumbList","@id":"https:\/\/gr-100.com\/producto\/fox-pantalones-cortos-ranger-con-forro\/#breadcrumb","itemListElement":[{"@type":"ListItem","position":1,"name":"Portada","item":"https:\/\/gr-100.com\/pt-pt\/"},{"@type":"ListItem","position":2,"name":"Productos","item":"https:\/\/gr-100.com\/?post_type=product"},{"@type":"ListItem","position":3,"name":"Fox Pantalones cortos Ranger con forro"}]},{"@type":"WebSite","@id":"https:\/\/gr-100.com\/#website","url":"https:\/\/gr-100.com\/","name":"Gr-100 Tienda de ciclismo Specialized","description":"GR-100 tenemos todas las gamas de bicicletas Specialized al mejor precio.","publisher":{"@id":"https:\/\/gr-100.com\/#organization"},"alternateName":"Gr-100 Bikes","potentialAction":[{"@type":"SearchAction","target":{"@type":"EntryPoint","urlTemplate":"https:\/\/gr-100.com\/?s={search_term_string}"},"query-input":{"@type":"PropertyValueSpecification","valueRequired":true,"valueName":"search_term_string"}}],"inLanguage":"en-US"},{"@type":"Organization","@id":"https:\/\/gr-100.com\/#organization","name":"Gr-100","url":"https:\/\/gr-100.com\/","logo":{"@type":"ImageObject","inLanguage":"en-US","@id":"https:\/\/gr-100.com\/#\/schema\/logo\/image\/","url":"https:\/\/gr-100.com\/wp-content\/uploads\/2023\/08\/logo-gr-100-bikes.png","contentUrl":"https:\/\/gr-100.com\/wp-content\/uploads\/2023\/08\/logo-gr-100-bikes.png","width":707,"height":284,"caption":"Gr-100"},"image":{"@id":"https:\/\/gr-100.com\/#\/schema\/logo\/image\/"},"sameAs":["https:\/\/www.facebook.com\/Gr100Bikes","https:\/\/www.instagram.com\/gr100bikes\/","https:\/\/www.tiktok.com\/@gr100bikes","https:\/\/twitter.com\/gr100mtbteam","https:\/\/www.youtube.com\/c\/GR100Specialized"]}]}},"_links":{"self":[{"href":"https:\/\/gr-100.com\/en\/wp-json\/wp\/v2\/product\/405034","targetHints":{"allow":["GET"]}}],"collection":[{"href":"https:\/\/gr-100.com\/en\/wp-json\/wp\/v2\/product"}],"about":[{"href":"https:\/\/gr-100.com\/en\/wp-json\/wp\/v2\/types\/product"}],"replies":[{"embeddable":true,"href":"https:\/\/gr-100.com\/en\/wp-json\/wp\/v2\/comments?post=405034"}],"wp:featuredmedia":[{"embeddable":true,"href":"https:\/\/gr-100.com\/en\/wp-json\/wp\/v2\/media\/405047"}],"wp:attachment":[{"href":"https:\/\/gr-100.com\/en\/wp-json\/wp\/v2\/media?parent=405034"}],"wp:term":[{"taxonomy":"product_brand","embeddable":true,"href":"https:\/\/gr-100.com\/en\/wp-json\/wp\/v2\/product_brand?post=405034"},{"taxonomy":"product_cat","embeddable":true,"href":"https:\/\/gr-100.com\/en\/wp-json\/wp\/v2\/product_cat?post=405034"},{"taxonomy":"product_tag","embeddable":true,"href":"https:\/\/gr-100.com\/en\/wp-json\/wp\/v2\/product_tag?post=405034"}],"curies":[{"name":"wp","href":"https:\/\/api.w.org\/{rel}","templated":true}]}}