{"id":405815,"date":"2025-04-09T08:33:41","date_gmt":"2025-04-09T07:33:41","guid":{"rendered":"https:\/\/gr-100.com\/?post_type=product&#038;p=405815"},"modified":"2026-02-11T14:48:40","modified_gmt":"2026-02-11T12:48:40","slug":"specialized-s-works-turbo-levo-g3-2023-copia","status":"publish","type":"product","link":"https:\/\/gr-100.com\/en\/producto\/specialized-s-works-turbo-levo-g3-2023-copia\/","title":{"rendered":"Specialized S-Works Turbo Levo 4"},"content":{"rendered":"<ul>\n<li><strong>Pantalla de control\/Remoto<\/strong><br \/>\nAll New MasterMind T3 Display System, 2.2&#8243; high resolution color screen, fully customizeable with Specialized app<\/li>\n<li><strong>Cargador<\/strong><br \/>\nSpecialized 12amp smart charger, 4 different charge functions including Standard, Fast, Eco, and charge to 80%<\/li>\n<li><strong>Motor<\/strong><br \/>\nAll New Specialized 3.1 S-Works motor, 111Nm torque, 720W power<\/li>\n<li><strong>Bater\u00eda<\/strong><br \/>\n840wh battery<br \/>\nCuadro<\/li>\n<li>Abrazadera del sill\u00edn<br \/>\nAlloy, 38.6mm<\/li>\n<li><strong>Cuadro<\/strong><br \/>\nAll new S-Works Levo 4 frame with carbon shock extension, FACT 11m carbon chassis and rear-end, 12x148mm dropouts, sealed cartridge bearing pivots, SRAM UDH compatible, w\/ SWAT storage, 150mm of travel, side entry battery, fork travel up to 180mm<br \/>\nSuspensi\u00f3n<\/li>\n<li><strong>Horquilla<\/strong><br \/>\nFOX FLOAT 38 Factory, GRIP X2 damper, HS and LS rebound and compression adjustment, 15x110mm axle, 44mm offset, 160mm of travel<\/li>\n<li><strong>Amortiguador trasero<\/strong><br \/>\nFox Float X Factory with Specialized GENIE Shock Tech, Ride Dynamics Trail Tune, 2-position lever w\/3 setting Open mode tuning range, LSR adjustment, 210x55mm<br \/>\nFrenos<\/li>\n<li><strong>Freno delantero<\/strong><br \/>\nSRAM Maven Ultimate, 4-piston caliper, hydraulic disc, 220mm HS2 Rotor<\/li>\n<li><strong>Freno trasero<\/strong><br \/>\nSRAM Maven Ultimate, 4-piston caliper, hydraulic disc, 200mm HS2 Rotor<br \/>\nTransmisi\u00f3n<\/li>\n<li><strong>Platos<\/strong><br \/>\nSRAM 34t T-Type chainring, 104 BCD, steel<\/li>\n<li><strong>Manetas de cambio<\/strong><br \/>\nSRAM AXS POD Ultimate Controller with Discrete clamp<\/li>\n<li><strong>Cassette<\/strong><br \/>\nSRAM XX Eagle Transmission Cassette, 12spd, 10-52t<\/li>\n<li><strong>Platos y bielas<\/strong><br \/>\nSRAM XX Carbon crank, ISIS interface, 55mm Chainline, 160mm<\/li>\n<li><strong>Desviador trasero<\/strong><br \/>\nSRAM XX Eagle Transmission Derailleur<\/li>\n<li><strong>Cadena<\/strong><br \/>\nSRAM XX EagleTransmission Flattop Chain<br \/>\nRuedas y neum\u00e1ticos<\/li>\n<li><strong>Neum\u00e1tico trasero<\/strong><br \/>\nButcher, GRID GRAVITY casing, GRIPTON\u00ae T9 compound, 2Bliss Ready, TLR, 27.5&#215;2.3&#8243;<\/li>\n<li><strong>Neum\u00e1tico delantero<\/strong><br \/>\nButcher, GRID GRAVITY casing, GRIPTON\u00ae T9 compound, 2Bliss Ready, 29&#215;2.3&#8243;<\/li>\n<li><strong>Rueda delantera<\/strong><br \/>\nRoval Traverse HD 29&#8243;, hookless carbon, 30mm inner width, tubeless ready, DT Swiss 240 DEG, 15x110mm, 28h<\/li>\n<li><strong>Rueda trasera<\/strong><br \/>\nRoval Traverse HD 27.5&#8243;, hookless carbon, 30mm inner width, tubeless ready, DT Swiss 240 DEG, 12x148mm, 32h<\/li>\n<li><strong>C\u00e1maras<\/strong><br \/>\nStandard, Presta Valve<br \/>\nCockpit<\/li>\n<li><strong>Pu\u00f1os<\/strong><br \/>\nDeity Lockjaw grips<\/li>\n<li><strong>Tija del sill\u00edn<\/strong><br \/>\nFOX Transfer NEO Factory, 34.9, S2: 150mm, S3: 175mm, S4-S6: 200mm<\/li>\n<li><strong>Manillar<\/strong><br \/>\nRaceFace Era Carbon, riser bar, 5-degree upsweep, 8-degree backsweep, S2:20mm Rise, S3-S6:40mm Rise, 800mm<\/li>\n<li><strong>Potencia<\/strong><br \/>\nIndustry 9 A35 Moutain stem, 35mm clamp, 40mm length<\/li>\n<li><strong>Sill\u00edn<\/strong><br \/>\nSpecialized Power Pro Mirror w\/hollow Ti rails<br \/>\nAccesorios<\/li>\n<li><strong>SWAT<\/strong><br \/>\nSWAT internal downtube storage<br \/>\nDetalles del producto<br \/>\nPeso<\/li>\n<li><strong>Peso<\/strong><br \/>\n23.68kg (52 lb, 3.3 oz) en Talla S4<\/li>\n<\/ul>\n<p>&nbsp;<\/p>\n<div class=\"sc-hGMjit kDzALL\">\n<h3>Geometry<\/h3>\n<p><img decoding=\"async\" class=\"geometrie\" src=\"https:\/\/gr-100.com\/wp-content\/uploads\/2025\/04\/geometry_turbo-levo_geometry.webp\" alt=\"schematische Skizze eines Fahrrades mit eingezeichneten Geometrie-Messpunkten\" width=\"400\"><\/p>\n<\/div>\n<div class=\"sc-fPrdXf eCzvmk\">\n<div class=\"content\">\n<div class=\"table-content\">\n<table class=\"table table_wrapper\" style=\"border-color: #d1d1d1;\" border=\"1\" cellspacing=\"1\" cellpadding=\"1\">\n<thead class=\"table_header-Wrapper\">\n<tr>\n<th scope=\"col\"><\/th>\n<th>S2<\/th>\n<th>S3<\/th>\n<th>S4<\/th>\n<th>S5<\/th>\n<th>S6<\/th>\n<\/tr>\n<\/thead>\n<tbody>\n<tr>\n<th class=\"column_header\"><\/th>\n<td class=\"geo_values\">160<\/td>\n<td class=\"geo_values\">160<\/td>\n<td class=\"geo_values\">160<\/td>\n<td class=\"geo_values\">160<\/td>\n<td class=\"geo_values\">160<\/td>\n<\/tr>\n<tr>\n<th class=\"column_header\"><\/th>\n<td class=\"geo_values\">800<\/td>\n<td class=\"geo_values\">800<\/td>\n<td class=\"geo_values\">800<\/td>\n<td class=\"geo_values\">800<\/td>\n<td class=\"geo_values\">800<\/td>\n<\/tr>\n<tr>\n<th class=\"column_header\"><\/th>\n<td class=\"geo_values\">40<\/td>\n<td class=\"geo_values\">40<\/td>\n<td class=\"geo_values\">40<\/td>\n<td class=\"geo_values\">40<\/td>\n<td class=\"geo_values\">40<\/td>\n<\/tr>\n<tr>\n<th class=\"column_header\"><\/th>\n<td class=\"geo_values\">155<\/td>\n<td class=\"geo_values\">143<\/td>\n<td class=\"geo_values\">143<\/td>\n<td class=\"geo_values\">143<\/td>\n<td class=\"geo_values\">143<\/td>\n<\/tr>\n<tr>\n<th class=\"column_header\"><\/th>\n<td class=\"geo_values\">125<\/td>\n<td class=\"geo_values\">175<\/td>\n<td class=\"geo_values\">200<\/td>\n<td class=\"geo_values\">200<\/td>\n<td class=\"geo_values\">200<\/td>\n<\/tr>\n<tr>\n<th class=\"column_header\">Stack<\/th>\n<td class=\"geo_values\">618<\/td>\n<td class=\"geo_values\">626<\/td>\n<td class=\"geo_values\">638<\/td>\n<td class=\"geo_values\">652<\/td>\n<td class=\"geo_values\">667<\/td>\n<\/tr>\n<tr>\n<th class=\"column_header\">Reach<\/th>\n<td class=\"geo_values\">435<\/td>\n<td class=\"geo_values\">455<\/td>\n<td class=\"geo_values\">480<\/td>\n<td class=\"geo_values\">505<\/td>\n<td class=\"geo_values\">535<\/td>\n<\/tr>\n<tr>\n<th class=\"column_header\">Headtube Length<\/th>\n<td class=\"geo_values\">95<\/td>\n<td class=\"geo_values\">103<\/td>\n<td class=\"geo_values\">117<\/td>\n<td class=\"geo_values\">132<\/td>\n<td class=\"geo_values\">149<\/td>\n<\/tr>\n<tr>\n<th class=\"column_header\">Headtube Angle<\/th>\n<td class=\"geo_values\">64.5<\/td>\n<td class=\"geo_values\">64.5<\/td>\n<td class=\"geo_values\">64.5<\/td>\n<td class=\"geo_values\">64.5<\/td>\n<td class=\"geo_values\">64.5<\/td>\n<\/tr>\n<tr>\n<th class=\"column_header\">BB Height<\/th>\n<td class=\"geo_values\">350<\/td>\n<td class=\"geo_values\">350<\/td>\n<td class=\"geo_values\">350<\/td>\n<td class=\"geo_values\">350<\/td>\n<td class=\"geo_values\">350<\/td>\n<\/tr>\n<tr>\n<th class=\"column_header\">BB Drop<\/th>\n<td class=\"geo_values\">29.5<\/td>\n<td class=\"geo_values\">29.5<\/td>\n<td class=\"geo_values\">29.5<\/td>\n<td class=\"geo_values\">29.5<\/td>\n<td class=\"geo_values\">29.5<\/td>\n<\/tr>\n<tr>\n<th class=\"column_header\">Trail<\/th>\n<td class=\"geo_values\">132<\/td>\n<td class=\"geo_values\">132<\/td>\n<td class=\"geo_values\">132<\/td>\n<td class=\"geo_values\">132<\/td>\n<td class=\"geo_values\">132<\/td>\n<\/tr>\n<tr>\n<th class=\"column_header\">Fork Length (full)<\/th>\n<td class=\"geo_values\">577<\/td>\n<td class=\"geo_values\">577<\/td>\n<td class=\"geo_values\">577<\/td>\n<td class=\"geo_values\">577<\/td>\n<td class=\"geo_values\">577<\/td>\n<\/tr>\n<tr>\n<th class=\"column_header\">Fork Rake\/Offset<\/th>\n<td class=\"geo_values\">44<\/td>\n<td class=\"geo_values\">44<\/td>\n<td class=\"geo_values\">44<\/td>\n<td class=\"geo_values\">44<\/td>\n<td class=\"geo_values\">44<\/td>\n<\/tr>\n<tr>\n<th class=\"column_header\">Front Center<\/th>\n<td class=\"geo_values\">765<\/td>\n<td class=\"geo_values\">789<\/td>\n<td class=\"geo_values\">820<\/td>\n<td class=\"geo_values\">851<\/td>\n<td class=\"geo_values\">888<\/td>\n<\/tr>\n<tr>\n<th class=\"column_header\">Chainstay Length<\/th>\n<td class=\"geo_values\">435<\/td>\n<td class=\"geo_values\">435<\/td>\n<td class=\"geo_values\">435<\/td>\n<td class=\"geo_values\">435<\/td>\n<td class=\"geo_values\">435<\/td>\n<\/tr>\n<tr>\n<th class=\"column_header\">Wheelbase<\/th>\n<td class=\"geo_values\">1200<\/td>\n<td class=\"geo_values\">1223<\/td>\n<td class=\"geo_values\">1254<\/td>\n<td class=\"geo_values\">1286<\/td>\n<td class=\"geo_values\">1323<\/td>\n<\/tr>\n<tr>\n<th class=\"column_header\">Top-tube Length (horizontal)<\/th>\n<td class=\"geo_values\">578<\/td>\n<td class=\"geo_values\">599<\/td>\n<td class=\"geo_values\">627<\/td>\n<td class=\"geo_values\">655<\/td>\n<td class=\"geo_values\">689<\/td>\n<\/tr>\n<tr>\n<th class=\"column_header\">Bike Standover Height<\/th>\n<td class=\"geo_values\">753<\/td>\n<td class=\"geo_values\">754<\/td>\n<td class=\"geo_values\">753<\/td>\n<td class=\"geo_values\">758<\/td>\n<td class=\"geo_values\">761<\/td>\n<\/tr>\n<tr>\n<th class=\"column_header\">Seat Tube Length<\/th>\n<td class=\"geo_values\">390<\/td>\n<td class=\"geo_values\">405<\/td>\n<td class=\"geo_values\">425<\/td>\n<td class=\"geo_values\">445<\/td>\n<td class=\"geo_values\">465<\/td>\n<\/tr>\n<tr>\n<th class=\"column_header\">Seat Tube Angle<\/th>\n<td class=\"geo_values\">77<\/td>\n<td class=\"geo_values\">77<\/td>\n<td class=\"geo_values\">77<\/td>\n<td class=\"geo_values\">77<\/td>\n<td class=\"geo_values\">77<\/td>\n<\/tr>\n<tr>\n<th class=\"column_header\">Saddle Height for Effective ST Angle<\/th>\n<td class=\"geo_values\">690<\/td>\n<td class=\"geo_values\">735<\/td>\n<td class=\"geo_values\">780<\/td>\n<td class=\"geo_values\">825<\/td>\n<td class=\"geo_values\">870<\/td>\n<\/tr>\n<tr>\n<th class=\"column_header\">Max Seatpost Insertion<\/th>\n<td class=\"geo_values\">274<\/td>\n<td class=\"geo_values\">289<\/td>\n<td class=\"geo_values\">313<\/td>\n<td class=\"geo_values\">337<\/td>\n<td class=\"geo_values\">357<\/td>\n<\/tr>\n<tr>\n<th class=\"column_header\">Min Seatpost Insertion<\/th>\n<td class=\"geo_values\">80<\/td>\n<td class=\"geo_values\">80<\/td>\n<td class=\"geo_values\">80<\/td>\n<td class=\"geo_values\">80<\/td>\n<td class=\"geo_values\">80<\/td>\n<\/tr>\n<\/tbody>\n<\/table>\n<\/div>\n<\/div>\n<\/div>\n","protected":false},"excerpt":{"rendered":"<p><strong>Potencia, control y autonom\u00eda sobrenaturales<\/strong><br \/>\nNo es solo una bici. Es tu evoluci\u00f3n.<br \/>\nLa Levo 4 no te lleva por el camino:<strong> lo conquista contigo<\/strong>. Ser\u00e1s m\u00e1s r\u00e1pido, m\u00e1s fuerte, m\u00e1s resistente. Ser\u00e1s m\u00e1s que humano.<br \/>\n<strong>Levo 4: Where Super Meets Natural.<\/strong><\/p>\n","protected":false},"featured_media":436226,"comment_status":"closed","ping_status":"closed","template":"","meta":{"_acf_changed":false,"_et_pb_use_builder":"","_et_pb_old_content":"","_et_gb_content_width":"","inline_featured_image":false},"product_brand":[],"product_cat":[5389,2449,347,5348,5335,5336,5274,2472],"product_tag":[],"class_list":{"0":"post-405815","1":"product","2":"type-product","3":"status-publish","4":"has-post-thumbnail","6":"product_cat-levo-electric-bicycles","7":"product_cat-bicycles","8":"product_cat-electric","9":"product_cat-bicicletas-electricas-carbono-en","10":"product_cat-bicicletas-electricas-enduro-trail-en","11":"product_cat-bicicletas-electricas-montana-en","12":"product_cat-bicicletas-electricas-specialized-en","13":"product_cat-specialized-bikes","14":"product_shipping_class-bicicletas-en","16":"first","17":"instock","18":"taxable","19":"shipping-taxable","20":"purchasable","21":"product-type-variable","22":"wvs-archive-product-wrapper"},"acf":[],"yoast_head":"<!-- This site is optimized with the Yoast SEO Premium plugin v26.7 (Yoast SEO v26.7) - https:\/\/yoast.com\/wordpress\/plugins\/seo\/ -->\n<title>Specialized S-Works Turbo Levo 4 GR-100<\/title>\n<meta name=\"description\" content=\"Potencia, control y autonom\u00eda sobrenaturales: Par motor de 111 Nm, potencia de 720 W, bater\u00eda de 840 Wh. Ruedas Roval Traverse HD de carbono \/ DT 240 DEG\" \/>\n<meta name=\"robots\" content=\"index, follow, max-snippet:-1, max-image-preview:large, max-video-preview:-1\" \/>\n<link rel=\"canonical\" href=\"https:\/\/gr-100.com\/en\/producto\/specialized-s-works-turbo-levo-g3-2023-copia\/\" \/>\n<meta property=\"og:locale\" content=\"en_US\" \/>\n<meta property=\"og:type\" content=\"article\" \/>\n<meta property=\"og:title\" content=\"Specialized S-Works Turbo Levo 4\" \/>\n<meta property=\"og:description\" content=\"Potencia, control y autonom\u00eda sobrenaturales: Par motor de 111 Nm, potencia de 720 W, bater\u00eda de 840 Wh. Ruedas Roval Traverse HD de carbono \/ DT 240 DEG\" \/>\n<meta property=\"og:url\" content=\"https:\/\/gr-100.com\/en\/producto\/specialized-s-works-turbo-levo-g3-2023-copia\/\" \/>\n<meta property=\"og:site_name\" content=\"Gr-100 Tienda de ciclismo Specialized\" \/>\n<meta property=\"article:publisher\" content=\"https:\/\/www.facebook.com\/Gr100Bikes\" \/>\n<meta property=\"article:modified_time\" content=\"2026-02-11T12:48:40+00:00\" \/>\n<meta property=\"og:image\" content=\"https:\/\/gr-100.com\/wp-content\/uploads\/2026\/02\/S-Works-Turbo-Levo-4-2026.jpg\" \/>\n\t<meta property=\"og:image:width\" content=\"1000\" \/>\n\t<meta property=\"og:image:height\" content=\"1000\" \/>\n\t<meta property=\"og:image:type\" content=\"image\/jpeg\" \/>\n<meta name=\"twitter:card\" content=\"summary_large_image\" \/>\n<meta name=\"twitter:label1\" content=\"Est. reading time\" \/>\n\t<meta name=\"twitter:data1\" content=\"2 minutes\" \/>\n<script type=\"application\/ld+json\" class=\"yoast-schema-graph\">{\"@context\":\"https:\/\/schema.org\",\"@graph\":[{\"@type\":\"WebPage\",\"@id\":\"https:\/\/gr-100.com\/en\/producto\/specialized-s-works-turbo-levo-g3-2023-copia\/\",\"url\":\"https:\/\/gr-100.com\/en\/producto\/specialized-s-works-turbo-levo-g3-2023-copia\/\",\"name\":\"Specialized S-Works Turbo Levo 4 GR-100\",\"isPartOf\":{\"@id\":\"https:\/\/gr-100.com\/#website\"},\"primaryImageOfPage\":{\"@id\":\"https:\/\/gr-100.com\/en\/producto\/specialized-s-works-turbo-levo-g3-2023-copia\/#primaryimage\"},\"image\":{\"@id\":\"https:\/\/gr-100.com\/en\/producto\/specialized-s-works-turbo-levo-g3-2023-copia\/#primaryimage\"},\"thumbnailUrl\":\"https:\/\/gr-100.com\/wp-content\/uploads\/2026\/02\/S-Works-Turbo-Levo-4-2026.jpg\",\"datePublished\":\"2025-04-09T07:33:41+00:00\",\"dateModified\":\"2026-02-11T12:48:40+00:00\",\"description\":\"Potencia, control y autonom\u00eda sobrenaturales: Par motor de 111 Nm, potencia de 720 W, bater\u00eda de 840 Wh. Ruedas Roval Traverse HD de carbono \/ DT 240 DEG\",\"breadcrumb\":{\"@id\":\"https:\/\/gr-100.com\/en\/producto\/specialized-s-works-turbo-levo-g3-2023-copia\/#breadcrumb\"},\"inLanguage\":\"en-US\",\"potentialAction\":[{\"@type\":\"ReadAction\",\"target\":[\"https:\/\/gr-100.com\/en\/producto\/specialized-s-works-turbo-levo-g3-2023-copia\/\"]}]},{\"@type\":\"ImageObject\",\"inLanguage\":\"en-US\",\"@id\":\"https:\/\/gr-100.com\/en\/producto\/specialized-s-works-turbo-levo-g3-2023-copia\/#primaryimage\",\"url\":\"https:\/\/gr-100.com\/wp-content\/uploads\/2026\/02\/S-Works-Turbo-Levo-4-2026.jpg\",\"contentUrl\":\"https:\/\/gr-100.com\/wp-content\/uploads\/2026\/02\/S-Works-Turbo-Levo-4-2026.jpg\",\"width\":1000,\"height\":1000},{\"@type\":\"BreadcrumbList\",\"@id\":\"https:\/\/gr-100.com\/en\/producto\/specialized-s-works-turbo-levo-g3-2023-copia\/#breadcrumb\",\"itemListElement\":[{\"@type\":\"ListItem\",\"position\":1,\"name\":\"Portada\",\"item\":\"https:\/\/gr-100.com\/pt-pt\/\"},{\"@type\":\"ListItem\",\"position\":2,\"name\":\"Productos\",\"item\":\"https:\/\/gr-100.com\/?post_type=product\"},{\"@type\":\"ListItem\",\"position\":3,\"name\":\"Specialized S-Works Turbo Levo 4\"}]},{\"@type\":\"WebSite\",\"@id\":\"https:\/\/gr-100.com\/#website\",\"url\":\"https:\/\/gr-100.com\/\",\"name\":\"Gr-100 Tienda de ciclismo Specialized\",\"description\":\"GR-100 tenemos todas las gamas de bicicletas Specialized al mejor precio.\",\"publisher\":{\"@id\":\"https:\/\/gr-100.com\/#organization\"},\"alternateName\":\"Gr-100 Bikes\",\"potentialAction\":[{\"@type\":\"SearchAction\",\"target\":{\"@type\":\"EntryPoint\",\"urlTemplate\":\"https:\/\/gr-100.com\/?s={search_term_string}\"},\"query-input\":{\"@type\":\"PropertyValueSpecification\",\"valueRequired\":true,\"valueName\":\"search_term_string\"}}],\"inLanguage\":\"en-US\"},{\"@type\":\"Organization\",\"@id\":\"https:\/\/gr-100.com\/#organization\",\"name\":\"Gr-100\",\"url\":\"https:\/\/gr-100.com\/\",\"logo\":{\"@type\":\"ImageObject\",\"inLanguage\":\"en-US\",\"@id\":\"https:\/\/gr-100.com\/#\/schema\/logo\/image\/\",\"url\":\"https:\/\/gr-100.com\/wp-content\/uploads\/2023\/08\/logo-gr-100-bikes.png\",\"contentUrl\":\"https:\/\/gr-100.com\/wp-content\/uploads\/2023\/08\/logo-gr-100-bikes.png\",\"width\":707,\"height\":284,\"caption\":\"Gr-100\"},\"image\":{\"@id\":\"https:\/\/gr-100.com\/#\/schema\/logo\/image\/\"},\"sameAs\":[\"https:\/\/www.facebook.com\/Gr100Bikes\",\"https:\/\/www.instagram.com\/gr100bikes\/\",\"https:\/\/www.tiktok.com\/@gr100bikes\",\"https:\/\/twitter.com\/gr100mtbteam\",\"https:\/\/www.youtube.com\/c\/GR100Specialized\"]}]}<\/script>\n<!-- \/ Yoast SEO Premium plugin. -->","yoast_head_json":{"title":"Specialized S-Works Turbo Levo 4 GR-100","description":"Potencia, control y autonom\u00eda sobrenaturales: Par motor de 111 Nm, potencia de 720 W, bater\u00eda de 840 Wh. Ruedas Roval Traverse HD de carbono \/ DT 240 DEG","robots":{"index":"index","follow":"follow","max-snippet":"max-snippet:-1","max-image-preview":"max-image-preview:large","max-video-preview":"max-video-preview:-1"},"canonical":"https:\/\/gr-100.com\/en\/producto\/specialized-s-works-turbo-levo-g3-2023-copia\/","og_locale":"en_US","og_type":"article","og_title":"Specialized S-Works Turbo Levo 4","og_description":"Potencia, control y autonom\u00eda sobrenaturales: Par motor de 111 Nm, potencia de 720 W, bater\u00eda de 840 Wh. Ruedas Roval Traverse HD de carbono \/ DT 240 DEG","og_url":"https:\/\/gr-100.com\/en\/producto\/specialized-s-works-turbo-levo-g3-2023-copia\/","og_site_name":"Gr-100 Tienda de ciclismo Specialized","article_publisher":"https:\/\/www.facebook.com\/Gr100Bikes","article_modified_time":"2026-02-11T12:48:40+00:00","og_image":[{"width":1000,"height":1000,"url":"https:\/\/gr-100.com\/wp-content\/uploads\/2026\/02\/S-Works-Turbo-Levo-4-2026.jpg","type":"image\/jpeg"}],"twitter_card":"summary_large_image","twitter_misc":{"Est. reading time":"2 minutes"},"schema":{"@context":"https:\/\/schema.org","@graph":[{"@type":"WebPage","@id":"https:\/\/gr-100.com\/en\/producto\/specialized-s-works-turbo-levo-g3-2023-copia\/","url":"https:\/\/gr-100.com\/en\/producto\/specialized-s-works-turbo-levo-g3-2023-copia\/","name":"Specialized S-Works Turbo Levo 4 GR-100","isPartOf":{"@id":"https:\/\/gr-100.com\/#website"},"primaryImageOfPage":{"@id":"https:\/\/gr-100.com\/en\/producto\/specialized-s-works-turbo-levo-g3-2023-copia\/#primaryimage"},"image":{"@id":"https:\/\/gr-100.com\/en\/producto\/specialized-s-works-turbo-levo-g3-2023-copia\/#primaryimage"},"thumbnailUrl":"https:\/\/gr-100.com\/wp-content\/uploads\/2026\/02\/S-Works-Turbo-Levo-4-2026.jpg","datePublished":"2025-04-09T07:33:41+00:00","dateModified":"2026-02-11T12:48:40+00:00","description":"Potencia, control y autonom\u00eda sobrenaturales: Par motor de 111 Nm, potencia de 720 W, bater\u00eda de 840 Wh. Ruedas Roval Traverse HD de carbono \/ DT 240 DEG","breadcrumb":{"@id":"https:\/\/gr-100.com\/en\/producto\/specialized-s-works-turbo-levo-g3-2023-copia\/#breadcrumb"},"inLanguage":"en-US","potentialAction":[{"@type":"ReadAction","target":["https:\/\/gr-100.com\/en\/producto\/specialized-s-works-turbo-levo-g3-2023-copia\/"]}]},{"@type":"ImageObject","inLanguage":"en-US","@id":"https:\/\/gr-100.com\/en\/producto\/specialized-s-works-turbo-levo-g3-2023-copia\/#primaryimage","url":"https:\/\/gr-100.com\/wp-content\/uploads\/2026\/02\/S-Works-Turbo-Levo-4-2026.jpg","contentUrl":"https:\/\/gr-100.com\/wp-content\/uploads\/2026\/02\/S-Works-Turbo-Levo-4-2026.jpg","width":1000,"height":1000},{"@type":"BreadcrumbList","@id":"https:\/\/gr-100.com\/en\/producto\/specialized-s-works-turbo-levo-g3-2023-copia\/#breadcrumb","itemListElement":[{"@type":"ListItem","position":1,"name":"Portada","item":"https:\/\/gr-100.com\/pt-pt\/"},{"@type":"ListItem","position":2,"name":"Productos","item":"https:\/\/gr-100.com\/?post_type=product"},{"@type":"ListItem","position":3,"name":"Specialized S-Works Turbo Levo 4"}]},{"@type":"WebSite","@id":"https:\/\/gr-100.com\/#website","url":"https:\/\/gr-100.com\/","name":"Gr-100 Tienda de ciclismo Specialized","description":"GR-100 tenemos todas las gamas de bicicletas Specialized al mejor precio.","publisher":{"@id":"https:\/\/gr-100.com\/#organization"},"alternateName":"Gr-100 Bikes","potentialAction":[{"@type":"SearchAction","target":{"@type":"EntryPoint","urlTemplate":"https:\/\/gr-100.com\/?s={search_term_string}"},"query-input":{"@type":"PropertyValueSpecification","valueRequired":true,"valueName":"search_term_string"}}],"inLanguage":"en-US"},{"@type":"Organization","@id":"https:\/\/gr-100.com\/#organization","name":"Gr-100","url":"https:\/\/gr-100.com\/","logo":{"@type":"ImageObject","inLanguage":"en-US","@id":"https:\/\/gr-100.com\/#\/schema\/logo\/image\/","url":"https:\/\/gr-100.com\/wp-content\/uploads\/2023\/08\/logo-gr-100-bikes.png","contentUrl":"https:\/\/gr-100.com\/wp-content\/uploads\/2023\/08\/logo-gr-100-bikes.png","width":707,"height":284,"caption":"Gr-100"},"image":{"@id":"https:\/\/gr-100.com\/#\/schema\/logo\/image\/"},"sameAs":["https:\/\/www.facebook.com\/Gr100Bikes","https:\/\/www.instagram.com\/gr100bikes\/","https:\/\/www.tiktok.com\/@gr100bikes","https:\/\/twitter.com\/gr100mtbteam","https:\/\/www.youtube.com\/c\/GR100Specialized"]}]}},"_links":{"self":[{"href":"https:\/\/gr-100.com\/en\/wp-json\/wp\/v2\/product\/405815","targetHints":{"allow":["GET"]}}],"collection":[{"href":"https:\/\/gr-100.com\/en\/wp-json\/wp\/v2\/product"}],"about":[{"href":"https:\/\/gr-100.com\/en\/wp-json\/wp\/v2\/types\/product"}],"replies":[{"embeddable":true,"href":"https:\/\/gr-100.com\/en\/wp-json\/wp\/v2\/comments?post=405815"}],"wp:featuredmedia":[{"embeddable":true,"href":"https:\/\/gr-100.com\/en\/wp-json\/wp\/v2\/media\/436226"}],"wp:attachment":[{"href":"https:\/\/gr-100.com\/en\/wp-json\/wp\/v2\/media?parent=405815"}],"wp:term":[{"taxonomy":"product_brand","embeddable":true,"href":"https:\/\/gr-100.com\/en\/wp-json\/wp\/v2\/product_brand?post=405815"},{"taxonomy":"product_cat","embeddable":true,"href":"https:\/\/gr-100.com\/en\/wp-json\/wp\/v2\/product_cat?post=405815"},{"taxonomy":"product_tag","embeddable":true,"href":"https:\/\/gr-100.com\/en\/wp-json\/wp\/v2\/product_tag?post=405815"}],"curies":[{"name":"wp","href":"https:\/\/api.w.org\/{rel}","templated":true}]}}