{"id":407991,"date":"2025-05-13T10:38:38","date_gmt":"2025-05-13T10:38:38","guid":{"rendered":"https:\/\/gr-100.com\/?post_type=product&#038;p=407991"},"modified":"2025-12-18T17:24:23","modified_gmt":"2025-12-18T15:24:23","slug":"specialized-diverge-e5-comp-2025","status":"publish","type":"product","link":"https:\/\/gr-100.com\/en\/producto\/specialized-diverge-e5-comp-2025\/","title":{"rendered":"Specialized Diverge E5 comp 2025"},"content":{"rendered":"<p>La Specialized Diverge E5 Comp es la opci\u00f3n ideal para quienes buscan una bicicleta capaz de dominar tanto el gravel como la carretera.<br \/>\nDise\u00f1ada para aquellos que quieren explorar rutas fuera de lo com\u00fan, participar en su primera carrera de gravel o simplemente disfrutar de una conducci\u00f3n \u00e1gil y confiable en todo tipo de terrenos.<\/p>\n<ul>\n<li>Especificaciones<\/li>\n<li>Cuadro Specialized Diverge E5 Premium Aluminum, suspensi\u00f3n Future Shock, caja de pedalier roscada, guiado interno de cables, eje pasante de 12&#215;142 mm, soporte de freno de disco flat-mount.<\/li>\n<li>Horquilla Future Shock 1.5 con Smooth Boot, carbono FACT, eje pasante de 12&#215;100 mm, flat-mount.<\/li>\n<li>Tija de sill\u00edn Aleaci\u00f3n, abrazadera de 2 tornillos, desplazamiento de 12 mm, 27.2 mm, hardware anticorrosi\u00f3n.<\/li>\n<li>Sill\u00edn Body Geometry Power Sport, ra\u00edles de acero.<\/li>\n<li>Potencia Future Stem, Comp.<\/li>\n<li>Manillar Specialized Adventure Gear Hover, 103 mm de ca\u00edda, 70 mm de alcance, 12\u00b0 de flare.<\/li>\n<li>Cinta Supacaz Suave.<\/li>\n<li>Cambio SRAM Apex Eagle, 12 velocidades.<\/li>\n<li>Caja de pedalier SRAM DUB BSA.<\/li>\n<li>Pedalier SRAM Apex DUB Wide.<\/li>\n<li>Mandos de cambio SRAM Apex 1&#215;12 velocidades.<\/li>\n<li>Cadena SRAM NX Eagle, 12 velocidades.<\/li>\n<li>Cassette SRAM PG-1210 Eagle, 11-50t.<\/li>\n<li>Platos 40T.<\/li>\n<li>Freno delantero SRAM Apex.<\/li>\n<li>Freno trasero SRAM Apex.<\/li>\n<li>Rueda delantera AXIS Elite Disc.<\/li>\n<li>Rueda trasera AXIS Elite Disc.<\/li>\n<li>C\u00e1maras V\u00e1lvula Presta, 48 mm.<\/li>\n<li>Neum\u00e1tico delantero Pathfinder Pro 2BR, flanco bronceado, 700&#215;42.<\/li>\n<li>Neum\u00e1tico trasero Pathfinder Pro 2BR, flanco bronceado, 700&#215;42.<\/li>\n<\/ul>\n","protected":false},"excerpt":{"rendered":"<p>La Specialized Diverge E5 Comp es la opci\u00f3n ideal para quienes buscan una bicicleta capaz de dominar tanto el gravel como la carretera.<br \/>\nDise\u00f1ada para aquellos que quieren explorar rutas fuera de lo com\u00fan, participar en su primera carrera de gravel o simplemente disfrutar de una conducci\u00f3n \u00e1gil y confiable en todo tipo de terrenos.<\/p>\n","protected":false},"featured_media":407992,"comment_status":"open","ping_status":"closed","template":"","meta":{"_acf_changed":false,"_et_pb_use_builder":"","_et_pb_old_content":"","_et_gb_content_width":"","inline_featured_image":false},"product_brand":[],"product_cat":[420,2407],"product_tag":[],"class_list":{"0":"post-407991","1":"product","2":"type-product","3":"status-publish","4":"has-post-thumbnail","6":"product_cat-bicicletas","7":"product_cat-bicicletas-gravel","9":"first","10":"outofstock","11":"taxable","12":"shipping-taxable","13":"product-type-variable","14":"wvs-archive-product-wrapper"},"acf":[],"yoast_head":"<!-- This site is optimized with the Yoast SEO Premium plugin v26.7 (Yoast SEO v26.7) - https:\/\/yoast.com\/wordpress\/plugins\/seo\/ -->\n<title>Specialized Diverge E5 comp 2025 GR100<\/title>\n<meta name=\"description\" content=\"La Specialized Diverge E5 Comp es la opci\u00f3n ideal para quienes buscan una bicicleta capaz de dominar tanto el gravel como la carretera.Dise\u00f1ada para aquellos que quieren explorar rutas fuera de lo com\u00fan, participar en su primera carrera de gravel o simplemente disfrutar de una conducci\u00f3n \u00e1gil y confiable en todo tipo de terrenos.\" \/>\n<meta name=\"robots\" content=\"index, follow, max-snippet:-1, max-image-preview:large, max-video-preview:-1\" \/>\n<link rel=\"canonical\" href=\"https:\/\/gr-100.com\/producto\/specialized-diverge-e5-comp-2025\/\" \/>\n<meta property=\"og:locale\" content=\"en_US\" \/>\n<meta property=\"og:type\" content=\"article\" \/>\n<meta property=\"og:title\" content=\"Specialized Diverge E5 comp 2025\" \/>\n<meta property=\"og:description\" content=\"La Specialized Diverge E5 Comp es la opci\u00f3n ideal para quienes buscan una bicicleta capaz de dominar tanto el gravel como la carretera.Dise\u00f1ada para aquellos que quieren explorar rutas fuera de lo com\u00fan, participar en su primera carrera de gravel o simplemente disfrutar de una conducci\u00f3n \u00e1gil y confiable en todo tipo de terrenos.\" \/>\n<meta property=\"og:url\" content=\"https:\/\/gr-100.com\/producto\/specialized-diverge-e5-comp-2025\/\" \/>\n<meta property=\"og:site_name\" content=\"Gr-100 Tienda de ciclismo Specialized\" \/>\n<meta property=\"article:publisher\" content=\"https:\/\/www.facebook.com\/Gr100Bikes\" \/>\n<meta property=\"article:modified_time\" content=\"2025-12-18T15:24:23+00:00\" \/>\n<meta property=\"og:image\" content=\"https:\/\/gr-100.com\/wp-content\/uploads\/2025\/05\/Diseno-sin-titulo-5.jpg\" \/>\n\t<meta property=\"og:image:width\" content=\"1000\" \/>\n\t<meta property=\"og:image:height\" content=\"1000\" \/>\n\t<meta property=\"og:image:type\" content=\"image\/jpeg\" \/>\n<meta name=\"twitter:card\" content=\"summary_large_image\" \/>\n<meta name=\"twitter:label1\" content=\"Est. reading time\" \/>\n\t<meta name=\"twitter:data1\" content=\"2 minutes\" \/>\n<script type=\"application\/ld+json\" class=\"yoast-schema-graph\">{\"@context\":\"https:\/\/schema.org\",\"@graph\":[{\"@type\":\"WebPage\",\"@id\":\"https:\/\/gr-100.com\/producto\/specialized-diverge-e5-comp-2025\/\",\"url\":\"https:\/\/gr-100.com\/producto\/specialized-diverge-e5-comp-2025\/\",\"name\":\"Specialized Diverge E5 comp 2025 GR100\",\"isPartOf\":{\"@id\":\"https:\/\/gr-100.com\/#website\"},\"primaryImageOfPage\":{\"@id\":\"https:\/\/gr-100.com\/producto\/specialized-diverge-e5-comp-2025\/#primaryimage\"},\"image\":{\"@id\":\"https:\/\/gr-100.com\/producto\/specialized-diverge-e5-comp-2025\/#primaryimage\"},\"thumbnailUrl\":\"https:\/\/gr-100.com\/wp-content\/uploads\/2025\/05\/Diseno-sin-titulo-5.jpg\",\"datePublished\":\"2025-05-13T10:38:38+00:00\",\"dateModified\":\"2025-12-18T15:24:23+00:00\",\"description\":\"La Specialized Diverge E5 Comp es la opci\u00f3n ideal para quienes buscan una bicicleta capaz de dominar tanto el gravel como la carretera.Dise\u00f1ada para aquellos que quieren explorar rutas fuera de lo com\u00fan, participar en su primera carrera de gravel o simplemente disfrutar de una conducci\u00f3n \u00e1gil y confiable en todo tipo de terrenos.\",\"breadcrumb\":{\"@id\":\"https:\/\/gr-100.com\/producto\/specialized-diverge-e5-comp-2025\/#breadcrumb\"},\"inLanguage\":\"en-US\",\"potentialAction\":[{\"@type\":\"ReadAction\",\"target\":[\"https:\/\/gr-100.com\/producto\/specialized-diverge-e5-comp-2025\/\"]}]},{\"@type\":\"ImageObject\",\"inLanguage\":\"en-US\",\"@id\":\"https:\/\/gr-100.com\/producto\/specialized-diverge-e5-comp-2025\/#primaryimage\",\"url\":\"https:\/\/gr-100.com\/wp-content\/uploads\/2025\/05\/Diseno-sin-titulo-5.jpg\",\"contentUrl\":\"https:\/\/gr-100.com\/wp-content\/uploads\/2025\/05\/Diseno-sin-titulo-5.jpg\",\"width\":1000,\"height\":1000},{\"@type\":\"BreadcrumbList\",\"@id\":\"https:\/\/gr-100.com\/producto\/specialized-diverge-e5-comp-2025\/#breadcrumb\",\"itemListElement\":[{\"@type\":\"ListItem\",\"position\":1,\"name\":\"Portada\",\"item\":\"https:\/\/gr-100.com\/pt-pt\/\"},{\"@type\":\"ListItem\",\"position\":2,\"name\":\"Productos\",\"item\":\"https:\/\/gr-100.com\/?post_type=product\"},{\"@type\":\"ListItem\",\"position\":3,\"name\":\"Specialized Diverge E5 comp 2025\"}]},{\"@type\":\"WebSite\",\"@id\":\"https:\/\/gr-100.com\/#website\",\"url\":\"https:\/\/gr-100.com\/\",\"name\":\"Gr-100 Tienda de ciclismo Specialized\",\"description\":\"GR-100 tenemos todas las gamas de bicicletas Specialized al mejor precio.\",\"publisher\":{\"@id\":\"https:\/\/gr-100.com\/#organization\"},\"alternateName\":\"Gr-100 Bikes\",\"potentialAction\":[{\"@type\":\"SearchAction\",\"target\":{\"@type\":\"EntryPoint\",\"urlTemplate\":\"https:\/\/gr-100.com\/?s={search_term_string}\"},\"query-input\":{\"@type\":\"PropertyValueSpecification\",\"valueRequired\":true,\"valueName\":\"search_term_string\"}}],\"inLanguage\":\"en-US\"},{\"@type\":\"Organization\",\"@id\":\"https:\/\/gr-100.com\/#organization\",\"name\":\"Gr-100\",\"url\":\"https:\/\/gr-100.com\/\",\"logo\":{\"@type\":\"ImageObject\",\"inLanguage\":\"en-US\",\"@id\":\"https:\/\/gr-100.com\/#\/schema\/logo\/image\/\",\"url\":\"https:\/\/gr-100.com\/wp-content\/uploads\/2023\/08\/logo-gr-100-bikes.png\",\"contentUrl\":\"https:\/\/gr-100.com\/wp-content\/uploads\/2023\/08\/logo-gr-100-bikes.png\",\"width\":707,\"height\":284,\"caption\":\"Gr-100\"},\"image\":{\"@id\":\"https:\/\/gr-100.com\/#\/schema\/logo\/image\/\"},\"sameAs\":[\"https:\/\/www.facebook.com\/Gr100Bikes\",\"https:\/\/www.instagram.com\/gr100bikes\/\",\"https:\/\/www.tiktok.com\/@gr100bikes\",\"https:\/\/twitter.com\/gr100mtbteam\",\"https:\/\/www.youtube.com\/c\/GR100Specialized\"]}]}<\/script>\n<!-- \/ Yoast SEO Premium plugin. -->","yoast_head_json":{"title":"Specialized Diverge E5 comp 2025 GR100","description":"La Specialized Diverge E5 Comp es la opci\u00f3n ideal para quienes buscan una bicicleta capaz de dominar tanto el gravel como la carretera.Dise\u00f1ada para aquellos que quieren explorar rutas fuera de lo com\u00fan, participar en su primera carrera de gravel o simplemente disfrutar de una conducci\u00f3n \u00e1gil y confiable en todo tipo de terrenos.","robots":{"index":"index","follow":"follow","max-snippet":"max-snippet:-1","max-image-preview":"max-image-preview:large","max-video-preview":"max-video-preview:-1"},"canonical":"https:\/\/gr-100.com\/producto\/specialized-diverge-e5-comp-2025\/","og_locale":"en_US","og_type":"article","og_title":"Specialized Diverge E5 comp 2025","og_description":"La Specialized Diverge E5 Comp es la opci\u00f3n ideal para quienes buscan una bicicleta capaz de dominar tanto el gravel como la carretera.Dise\u00f1ada para aquellos que quieren explorar rutas fuera de lo com\u00fan, participar en su primera carrera de gravel o simplemente disfrutar de una conducci\u00f3n \u00e1gil y confiable en todo tipo de terrenos.","og_url":"https:\/\/gr-100.com\/producto\/specialized-diverge-e5-comp-2025\/","og_site_name":"Gr-100 Tienda de ciclismo Specialized","article_publisher":"https:\/\/www.facebook.com\/Gr100Bikes","article_modified_time":"2025-12-18T15:24:23+00:00","og_image":[{"width":1000,"height":1000,"url":"https:\/\/gr-100.com\/wp-content\/uploads\/2025\/05\/Diseno-sin-titulo-5.jpg","type":"image\/jpeg"}],"twitter_card":"summary_large_image","twitter_misc":{"Est. reading time":"2 minutes"},"schema":{"@context":"https:\/\/schema.org","@graph":[{"@type":"WebPage","@id":"https:\/\/gr-100.com\/producto\/specialized-diverge-e5-comp-2025\/","url":"https:\/\/gr-100.com\/producto\/specialized-diverge-e5-comp-2025\/","name":"Specialized Diverge E5 comp 2025 GR100","isPartOf":{"@id":"https:\/\/gr-100.com\/#website"},"primaryImageOfPage":{"@id":"https:\/\/gr-100.com\/producto\/specialized-diverge-e5-comp-2025\/#primaryimage"},"image":{"@id":"https:\/\/gr-100.com\/producto\/specialized-diverge-e5-comp-2025\/#primaryimage"},"thumbnailUrl":"https:\/\/gr-100.com\/wp-content\/uploads\/2025\/05\/Diseno-sin-titulo-5.jpg","datePublished":"2025-05-13T10:38:38+00:00","dateModified":"2025-12-18T15:24:23+00:00","description":"La Specialized Diverge E5 Comp es la opci\u00f3n ideal para quienes buscan una bicicleta capaz de dominar tanto el gravel como la carretera.Dise\u00f1ada para aquellos que quieren explorar rutas fuera de lo com\u00fan, participar en su primera carrera de gravel o simplemente disfrutar de una conducci\u00f3n \u00e1gil y confiable en todo tipo de terrenos.","breadcrumb":{"@id":"https:\/\/gr-100.com\/producto\/specialized-diverge-e5-comp-2025\/#breadcrumb"},"inLanguage":"en-US","potentialAction":[{"@type":"ReadAction","target":["https:\/\/gr-100.com\/producto\/specialized-diverge-e5-comp-2025\/"]}]},{"@type":"ImageObject","inLanguage":"en-US","@id":"https:\/\/gr-100.com\/producto\/specialized-diverge-e5-comp-2025\/#primaryimage","url":"https:\/\/gr-100.com\/wp-content\/uploads\/2025\/05\/Diseno-sin-titulo-5.jpg","contentUrl":"https:\/\/gr-100.com\/wp-content\/uploads\/2025\/05\/Diseno-sin-titulo-5.jpg","width":1000,"height":1000},{"@type":"BreadcrumbList","@id":"https:\/\/gr-100.com\/producto\/specialized-diverge-e5-comp-2025\/#breadcrumb","itemListElement":[{"@type":"ListItem","position":1,"name":"Portada","item":"https:\/\/gr-100.com\/pt-pt\/"},{"@type":"ListItem","position":2,"name":"Productos","item":"https:\/\/gr-100.com\/?post_type=product"},{"@type":"ListItem","position":3,"name":"Specialized Diverge E5 comp 2025"}]},{"@type":"WebSite","@id":"https:\/\/gr-100.com\/#website","url":"https:\/\/gr-100.com\/","name":"Gr-100 Tienda de ciclismo Specialized","description":"GR-100 tenemos todas las gamas de bicicletas Specialized al mejor precio.","publisher":{"@id":"https:\/\/gr-100.com\/#organization"},"alternateName":"Gr-100 Bikes","potentialAction":[{"@type":"SearchAction","target":{"@type":"EntryPoint","urlTemplate":"https:\/\/gr-100.com\/?s={search_term_string}"},"query-input":{"@type":"PropertyValueSpecification","valueRequired":true,"valueName":"search_term_string"}}],"inLanguage":"en-US"},{"@type":"Organization","@id":"https:\/\/gr-100.com\/#organization","name":"Gr-100","url":"https:\/\/gr-100.com\/","logo":{"@type":"ImageObject","inLanguage":"en-US","@id":"https:\/\/gr-100.com\/#\/schema\/logo\/image\/","url":"https:\/\/gr-100.com\/wp-content\/uploads\/2023\/08\/logo-gr-100-bikes.png","contentUrl":"https:\/\/gr-100.com\/wp-content\/uploads\/2023\/08\/logo-gr-100-bikes.png","width":707,"height":284,"caption":"Gr-100"},"image":{"@id":"https:\/\/gr-100.com\/#\/schema\/logo\/image\/"},"sameAs":["https:\/\/www.facebook.com\/Gr100Bikes","https:\/\/www.instagram.com\/gr100bikes\/","https:\/\/www.tiktok.com\/@gr100bikes","https:\/\/twitter.com\/gr100mtbteam","https:\/\/www.youtube.com\/c\/GR100Specialized"]}]}},"_links":{"self":[{"href":"https:\/\/gr-100.com\/en\/wp-json\/wp\/v2\/product\/407991","targetHints":{"allow":["GET"]}}],"collection":[{"href":"https:\/\/gr-100.com\/en\/wp-json\/wp\/v2\/product"}],"about":[{"href":"https:\/\/gr-100.com\/en\/wp-json\/wp\/v2\/types\/product"}],"replies":[{"embeddable":true,"href":"https:\/\/gr-100.com\/en\/wp-json\/wp\/v2\/comments?post=407991"}],"wp:featuredmedia":[{"embeddable":true,"href":"https:\/\/gr-100.com\/en\/wp-json\/wp\/v2\/media\/407992"}],"wp:attachment":[{"href":"https:\/\/gr-100.com\/en\/wp-json\/wp\/v2\/media?parent=407991"}],"wp:term":[{"taxonomy":"product_brand","embeddable":true,"href":"https:\/\/gr-100.com\/en\/wp-json\/wp\/v2\/product_brand?post=407991"},{"taxonomy":"product_cat","embeddable":true,"href":"https:\/\/gr-100.com\/en\/wp-json\/wp\/v2\/product_cat?post=407991"},{"taxonomy":"product_tag","embeddable":true,"href":"https:\/\/gr-100.com\/en\/wp-json\/wp\/v2\/product_tag?post=407991"}],"curies":[{"name":"wp","href":"https:\/\/api.w.org\/{rel}","templated":true}]}}