{"id":408123,"date":"2025-05-14T12:14:05","date_gmt":"2025-05-14T10:14:05","guid":{"rendered":"https:\/\/gr-100.com\/?post_type=product&#038;p=408123"},"modified":"2026-02-17T13:04:12","modified_gmt":"2026-02-17T11:04:12","slug":"specialized-como-4-0-nb","status":"publish","type":"product","link":"https:\/\/gr-100.com\/en\/producto\/specialized-como-4-0-nb\/","title":{"rendered":"Specialized COMO 4.0 NB"},"content":{"rendered":"<p>Como es una bicicleta el\u00e9ctrica relajada con una est\u00e9tica limpia y una posici\u00f3n de conducci\u00f3n erguida que ofrece comodidad y estilo. Esta potente bicicleta el\u00e9ctrica fue dise\u00f1ada para las calles de la ciudad y viene equipada con guardabarros, luces y un cuadro bajo de acceso bajo, lo que la hace perfecta para los desplazamientos diarios o para pasear por la ciudad.<\/p>\n<p>Como ofrece la mejor combinaci\u00f3n de potencia, autonom\u00eda y facilidad de uso, a la vez que es incre\u00edblemente vers\u00e1til. Nunca tendr\u00e1s que sacrificar comodidad por estilo. Te encontrar\u00e1s haciendo recados para volver a usarla.<\/p>\n<ul>\n<li>C\u00d3MODA: Una posici\u00f3n erguida y un manejo suave est\u00e1n optimizados para brindar comodidad, confianza y control durante todo el d\u00eda.<\/li>\n<li>F\u00c1CIL DE USAR: El dise\u00f1o elegante de la Como y su cuadro de acceso bajo la convierten en una bicicleta el\u00e9ctrica accesible y funcional para el d\u00eda a d\u00eda.<\/li>\n<li>POTENTE: Eres t\u00fa, solo que m\u00e1s r\u00e1pida; es 4 veces m\u00e1s t\u00fa, para ser precisos. El sistema Turbo Full Power detecta la fuerza que aplicas a los pedales y amplifica tu esfuerzo de forma natural hasta cuatro veces, para una experiencia que te permite subir cualquier cuesta o llegar a cualquier destino sin esfuerzo. Literalmente.<\/li>\n<li>SUAVE: Mant\u00e9n la comodidad en el sill\u00edn con una horquilla de suspensi\u00f3n delantera de 80 mm, neum\u00e1ticos de mayor volumen y una tija de sill\u00edn con suspensi\u00f3n suave que suaviza los baches.<\/li>\n<li>TURBO: El coraz\u00f3n de la Como es su tecnolog\u00eda Turbo, el sistema de bicicleta el\u00e9ctrica avanzado e integrado que ofrece una combinaci\u00f3n inigualable de potencia, sensaci\u00f3n natural, funciones antirrobo, consejos de entrenamiento y un ciclocomputador con todas las funciones.<\/li>\n<li>SEGURIDAD: La Como cuenta con antirrobo en la cerradura. Impide que los ladrones de bicicletas se apropien desactiv\u00e1ndolo con solo presionar un bot\u00f3n para que nadie pueda volver a encenderlo sin tu PIN personalizado. Para mayor protecci\u00f3n, la bater\u00eda de la Como se bloquea en la bicicleta o puedes llevarla contigo f\u00e1cilmente. \u00a1A por todas!<\/li>\n<li>SILENCIOSA: El motor turbo de m\u00e1xima potencia proporciona una amplificaci\u00f3n suave, silenciosa y sin interrupciones para una conducci\u00f3n tranquila en cualquier terreno.<\/li>\n<li>El l\u00edmite de velocidad al que el motor deja de funcionar puede variar significativamente seg\u00fan la regi\u00f3n y se basa en los requisitos locales. Tambi\u00e9n puede afectar la autonom\u00eda: un l\u00edmite de velocidad m\u00e1s alto puede resultar en una menor autonom\u00eda.<\/li>\n<li>El motor Turbo Full Power 2.0 y la bater\u00eda de 710 Wh ofrecen una experiencia de conducci\u00f3n inigualable, proporcionando una amplificaci\u00f3n suave, fluida e incre\u00edblemente silenciosa de tus esfuerzos, hasta 45 km\/h. El controlador integrado responde a las entradas de pedal, lo que resulta en una amplificaci\u00f3n intuitiva de tus esfuerzos con una sensaci\u00f3n incre\u00edblemente natural.<\/li>\n<li>MasterMind y app Specialized: La pantalla MasterMind revela toda la informaci\u00f3n relevante sobre tu recorrido y permite ajustar los niveles de asistencia en tiempo real. MasterMind se integra a la perfecci\u00f3n con la app Specialized para ofrecer herramientas de optimizaci\u00f3n de autonom\u00eda, ajustes avanzados, diagn\u00f3sticos durante el recorrido y mucho m\u00e1s.<\/li>\n<li>Eficiencia suave comprobada: Dise\u00f1amos un mecanismo de prueba personalizado para analizar los baches incluso con la frecuencia m\u00e1s baja para aumentar la comodidad y la visibilidad. Esta precisi\u00f3n, combinada con una tija de sill\u00edn suspendida, neum\u00e1ticos de mayor volumen y una horquilla de suspensi\u00f3n de 80 mm, allanar\u00e1 las carreteras ante tus ojos.<\/li>\n<li>Bloqueo del sistema Turbo: Usa la app Specialized para desactivar el motor de tu bicicleta y activar la alarma del sensor de movimiento. Una vez bloqueado, el motor solo puede ser activado por el propietario. Bater\u00eda integrada en el tubo inferior, extra\u00edble y bloqueable: f\u00e1cil de cargar y f\u00e1cil de asegurar.<\/li>\n<li>Equipada con guardabarros DRYTECH, luces LED delanteras y traseras, y portaequipajes trasero HD con capacidad de 27 kg. El portaequipajes trasero es compatible con sillas de ni\u00f1os y la bicicleta tambi\u00e9n est\u00e1 homologada para remolcar un remolque de eje pasante.<\/li>\n<li>Gran autonom\u00eda: con una autonom\u00eda que te permite ir a cualquier lugar, alcanza hasta 145 km (90 millas) o 6,5 horas (modo eco).<\/li>\n<li>MOTOR Specialized 2.0, 70Nm torque, custom tuned motor, 250W nominal<\/li>\n<li>UI\/REMOTE MasterMind TCD, w\/handlebar remote, built-in anti-theft feature, Bluetooth\u00ae connectivity, customizable display pages<\/li>\n<li>BATER\u00cdA Specialized U2-710, alloy casing, state of charge display, 710Wh<\/li>\n<li>CARGADOR Custom charger, 42V4A w\/ Rosenberger plug, 100-240V<\/li>\n<li>CABLEADO Custom wire harness<\/li>\n<li>Cockpit POTENCIA Specialized integrated stem<\/li>\n<li>MANILLAR Specialized Como handlebar\/stem combo<\/li>\n<li>PU\u00d1OS Specialized Body Geometry Contour, lock-on<\/li>\n<li>SILL\u00cdN Body Geometry Comfort Gel, 200mm w\/ SWAT\u2122 Mount<\/li>\n<li>TIJA DE SILL\u00cdN Spring suspension, alloy, 40mm travel, 30.9mm, 2-bolt clamp, 34.9mm sleeve<\/li>\n<li>CUADRO E5 Aluminum, bottom bracket motor mount, fully integrated &amp; lockable downtube battery, internal cable routing, lock and front rack mount<\/li>\n<li>SILL\u00cdN Specialized bolt-type, alloy, 42.9mm<\/li>\n<li>HORQUILLA SR Suntour MobieA32, 80mm travel, lockout, fender-mounts, integrated light mount<\/li>\n<li>FRENO DELANTERO Shimano BR-MT200, hydraulic disc, 180mm<\/li>\n<li>FRENO TRASERO Shimano BR-MT200, hydraulic disc, 160mm<\/li>\n<li>CAMBIO Shimano, RD-U4000, CUES, Gs 9-Speed, Top Normal, Shadow Design, Direct Attachment<\/li>\n<li>MANDOS DE CAMBIO Shimano, SL-U4000-9R, CUES, Right, 9-Speed Rapidfire, W\/ Optical Gear Display<\/li>\n<li>CASETE Shimano, CS-LG300-9, CUES, 9-Speed, 11-41T<\/li>\n<li>CADENA Shimano LG500<\/li>\n<li>PEDALIER Custom alloy forged crankarms<\/li>\n<li>PLATOS 40T<\/li>\n<li>PROTECTOR DE CADENA Integrated Chaincover<\/li>\n<li>LLANTAS 650b disc, double-wall alloy, pinned, 32h<\/li>\n<li>BUJE DELANTERO Shimano Center Lock Disc 32H, 15mm Thru Type Axle, 100mm<\/li>\n<li>BUJE TRASERO Shimano Freehub, Center Lock Disc, 8-11-Speed 12mm Thru Type Axle, 32H, 148mm<\/li>\n<li>RADIOS DT Swiss Industry<\/li>\n<li>NEUM\u00c1TICO DEL. Hemisphere Flat Protection Reflect, 650b X 2.3<\/li>\n<li>NEUM\u00c1TICO TRASERO Hemisphere Flat Protection Reflect, 650b X 2.3<\/li>\n<li>C\u00c1MARAS Standard 40mm SV 650Bx1.75-2.4<\/li>\n<li>PEDALES Specialized Commuter w\/ grip tape &amp; reflectors<\/li>\n<li>LUZ FRONTAL Lezyne, Ebike Mini Stvzo E300+, 300 Lumen, 160Cm Wire, With Reflector<\/li>\n<li>LUZ TRASERA Spanninga, Stvzo, Commuter Glow With Brake XEr<\/li>\n<li>PATA DE CABRA Specialized kickstand, 40mm mount<\/li>\n<li>PORTABULTOS Specialized rack, MIK HD interface, built-in pannier mounts, 27kg max load<\/li>\n<li>GUARDABARROS Specialized DRYTECH fenders, 65mm width, aluminum fenderstay<\/li>\n<li>CANDADO Turbo System Lock<\/li>\n<li>TIMBRE Simple bell<\/li>\n<\/ul>\n","protected":false},"excerpt":{"rendered":"<p>Como es una bicicleta el\u00e9ctrica relajada con una est\u00e9tica limpia y una posici\u00f3n de conducci\u00f3n erguida que ofrece comodidad y estilo. Esta potente bicicleta el\u00e9ctrica fue dise\u00f1ada para las calles de la ciudad y viene equipada con guardabarros, luces y un cuadro bajo de acceso bajo, lo que la hace perfecta para los desplazamientos diarios o para pasear por la ciudad.<\/p>\n","protected":false},"featured_media":408249,"comment_status":"open","ping_status":"closed","template":"","meta":{"_acf_changed":false,"_et_pb_use_builder":"","_et_pb_old_content":"","_et_gb_content_width":"","inline_featured_image":false},"product_brand":[],"product_cat":[5254,23,5212,5219,5208,5220,5215],"product_tag":[],"class_list":{"0":"post-408123","1":"product","2":"type-product","3":"status-publish","4":"has-post-thumbnail","6":"product_cat-bicicletas-urbanas","7":"product_cat-bicicletas-electricas","8":"product_cat-bicicletas-electricas-aluminio","9":"product_cat-bicicletas-electricas-paseo","10":"product_cat-bicicletas-electricas-specialized","11":"product_cat-bicicletas-electricas-trekking","12":"product_cat-bicicletas-electricas-urbanas","14":"first","15":"outofstock","16":"taxable","17":"shipping-taxable","18":"product-type-variable","19":"wvs-archive-product-wrapper"},"acf":[],"yoast_head":"<!-- This site is optimized with the Yoast SEO Premium plugin v26.7 (Yoast SEO v26.7) - https:\/\/yoast.com\/wordpress\/plugins\/seo\/ -->\n<title>Specialized COMO 4.0 NB GR-100 Specialized COMO 4.0 NB<\/title>\n<meta name=\"description\" content=\"Como es una bicicleta el\u00e9ctrica relajada con una est\u00e9tica limpia y una posici\u00f3n de conducci\u00f3n erguida que ofrece comodidad y estilo.\" \/>\n<meta name=\"robots\" content=\"index, follow, max-snippet:-1, max-image-preview:large, max-video-preview:-1\" \/>\n<link rel=\"canonical\" href=\"https:\/\/gr-100.com\/producto\/specialized-como-4-0-nb\/\" \/>\n<meta property=\"og:locale\" content=\"en_US\" \/>\n<meta property=\"og:type\" content=\"article\" \/>\n<meta property=\"og:title\" content=\"Specialized COMO 4.0 NB\" \/>\n<meta property=\"og:description\" content=\"Como es una bicicleta el\u00e9ctrica relajada con una est\u00e9tica limpia y una posici\u00f3n de conducci\u00f3n erguida que ofrece comodidad y estilo.\" \/>\n<meta property=\"og:url\" content=\"https:\/\/gr-100.com\/producto\/specialized-como-4-0-nb\/\" \/>\n<meta property=\"og:site_name\" content=\"Gr-100 Tienda de ciclismo Specialized\" \/>\n<meta property=\"article:publisher\" content=\"https:\/\/www.facebook.com\/Gr100Bikes\" \/>\n<meta property=\"article:modified_time\" content=\"2026-02-17T11:04:12+00:00\" \/>\n<meta property=\"og:image\" content=\"https:\/\/gr-100.com\/wp-content\/uploads\/2025\/05\/90425-51_COMO-40-UL-SND-BLK.jpg\" \/>\n\t<meta property=\"og:image:width\" content=\"1000\" \/>\n\t<meta property=\"og:image:height\" content=\"1000\" \/>\n\t<meta property=\"og:image:type\" content=\"image\/jpeg\" \/>\n<meta name=\"twitter:card\" content=\"summary_large_image\" \/>\n<meta name=\"twitter:label1\" content=\"Est. reading time\" \/>\n\t<meta name=\"twitter:data1\" content=\"5 minutes\" \/>\n<script type=\"application\/ld+json\" class=\"yoast-schema-graph\">{\"@context\":\"https:\/\/schema.org\",\"@graph\":[{\"@type\":\"WebPage\",\"@id\":\"https:\/\/gr-100.com\/producto\/specialized-como-4-0-nb\/\",\"url\":\"https:\/\/gr-100.com\/producto\/specialized-como-4-0-nb\/\",\"name\":\"Specialized COMO 4.0 NB GR-100 Specialized COMO 4.0 NB\",\"isPartOf\":{\"@id\":\"https:\/\/gr-100.com\/#website\"},\"primaryImageOfPage\":{\"@id\":\"https:\/\/gr-100.com\/producto\/specialized-como-4-0-nb\/#primaryimage\"},\"image\":{\"@id\":\"https:\/\/gr-100.com\/producto\/specialized-como-4-0-nb\/#primaryimage\"},\"thumbnailUrl\":\"https:\/\/gr-100.com\/wp-content\/uploads\/2025\/05\/90425-51_COMO-40-UL-SND-BLK.jpg\",\"datePublished\":\"2025-05-14T10:14:05+00:00\",\"dateModified\":\"2026-02-17T11:04:12+00:00\",\"description\":\"Como es una bicicleta el\u00e9ctrica relajada con una est\u00e9tica limpia y una posici\u00f3n de conducci\u00f3n erguida que ofrece comodidad y estilo.\",\"breadcrumb\":{\"@id\":\"https:\/\/gr-100.com\/producto\/specialized-como-4-0-nb\/#breadcrumb\"},\"inLanguage\":\"en-US\",\"potentialAction\":[{\"@type\":\"ReadAction\",\"target\":[\"https:\/\/gr-100.com\/producto\/specialized-como-4-0-nb\/\"]}]},{\"@type\":\"ImageObject\",\"inLanguage\":\"en-US\",\"@id\":\"https:\/\/gr-100.com\/producto\/specialized-como-4-0-nb\/#primaryimage\",\"url\":\"https:\/\/gr-100.com\/wp-content\/uploads\/2025\/05\/90425-51_COMO-40-UL-SND-BLK.jpg\",\"contentUrl\":\"https:\/\/gr-100.com\/wp-content\/uploads\/2025\/05\/90425-51_COMO-40-UL-SND-BLK.jpg\",\"width\":1000,\"height\":1000},{\"@type\":\"BreadcrumbList\",\"@id\":\"https:\/\/gr-100.com\/producto\/specialized-como-4-0-nb\/#breadcrumb\",\"itemListElement\":[{\"@type\":\"ListItem\",\"position\":1,\"name\":\"Portada\",\"item\":\"https:\/\/gr-100.com\/pt-pt\/\"},{\"@type\":\"ListItem\",\"position\":2,\"name\":\"Productos\",\"item\":\"https:\/\/gr-100.com\/?post_type=product\"},{\"@type\":\"ListItem\",\"position\":3,\"name\":\"Specialized COMO 4.0 NB\"}]},{\"@type\":\"WebSite\",\"@id\":\"https:\/\/gr-100.com\/#website\",\"url\":\"https:\/\/gr-100.com\/\",\"name\":\"Gr-100 Tienda de ciclismo Specialized\",\"description\":\"GR-100 tenemos todas las gamas de bicicletas Specialized al mejor precio.\",\"publisher\":{\"@id\":\"https:\/\/gr-100.com\/#organization\"},\"alternateName\":\"Gr-100 Bikes\",\"potentialAction\":[{\"@type\":\"SearchAction\",\"target\":{\"@type\":\"EntryPoint\",\"urlTemplate\":\"https:\/\/gr-100.com\/?s={search_term_string}\"},\"query-input\":{\"@type\":\"PropertyValueSpecification\",\"valueRequired\":true,\"valueName\":\"search_term_string\"}}],\"inLanguage\":\"en-US\"},{\"@type\":\"Organization\",\"@id\":\"https:\/\/gr-100.com\/#organization\",\"name\":\"Gr-100\",\"url\":\"https:\/\/gr-100.com\/\",\"logo\":{\"@type\":\"ImageObject\",\"inLanguage\":\"en-US\",\"@id\":\"https:\/\/gr-100.com\/#\/schema\/logo\/image\/\",\"url\":\"https:\/\/gr-100.com\/wp-content\/uploads\/2023\/08\/logo-gr-100-bikes.png\",\"contentUrl\":\"https:\/\/gr-100.com\/wp-content\/uploads\/2023\/08\/logo-gr-100-bikes.png\",\"width\":707,\"height\":284,\"caption\":\"Gr-100\"},\"image\":{\"@id\":\"https:\/\/gr-100.com\/#\/schema\/logo\/image\/\"},\"sameAs\":[\"https:\/\/www.facebook.com\/Gr100Bikes\",\"https:\/\/www.instagram.com\/gr100bikes\/\",\"https:\/\/www.tiktok.com\/@gr100bikes\",\"https:\/\/twitter.com\/gr100mtbteam\",\"https:\/\/www.youtube.com\/c\/GR100Specialized\"]}]}<\/script>\n<!-- \/ Yoast SEO Premium plugin. -->","yoast_head_json":{"title":"Specialized COMO 4.0 NB GR-100 Specialized COMO 4.0 NB","description":"Como es una bicicleta el\u00e9ctrica relajada con una est\u00e9tica limpia y una posici\u00f3n de conducci\u00f3n erguida que ofrece comodidad y estilo.","robots":{"index":"index","follow":"follow","max-snippet":"max-snippet:-1","max-image-preview":"max-image-preview:large","max-video-preview":"max-video-preview:-1"},"canonical":"https:\/\/gr-100.com\/producto\/specialized-como-4-0-nb\/","og_locale":"en_US","og_type":"article","og_title":"Specialized COMO 4.0 NB","og_description":"Como es una bicicleta el\u00e9ctrica relajada con una est\u00e9tica limpia y una posici\u00f3n de conducci\u00f3n erguida que ofrece comodidad y estilo.","og_url":"https:\/\/gr-100.com\/producto\/specialized-como-4-0-nb\/","og_site_name":"Gr-100 Tienda de ciclismo Specialized","article_publisher":"https:\/\/www.facebook.com\/Gr100Bikes","article_modified_time":"2026-02-17T11:04:12+00:00","og_image":[{"width":1000,"height":1000,"url":"https:\/\/gr-100.com\/wp-content\/uploads\/2025\/05\/90425-51_COMO-40-UL-SND-BLK.jpg","type":"image\/jpeg"}],"twitter_card":"summary_large_image","twitter_misc":{"Est. reading time":"5 minutes"},"schema":{"@context":"https:\/\/schema.org","@graph":[{"@type":"WebPage","@id":"https:\/\/gr-100.com\/producto\/specialized-como-4-0-nb\/","url":"https:\/\/gr-100.com\/producto\/specialized-como-4-0-nb\/","name":"Specialized COMO 4.0 NB GR-100 Specialized COMO 4.0 NB","isPartOf":{"@id":"https:\/\/gr-100.com\/#website"},"primaryImageOfPage":{"@id":"https:\/\/gr-100.com\/producto\/specialized-como-4-0-nb\/#primaryimage"},"image":{"@id":"https:\/\/gr-100.com\/producto\/specialized-como-4-0-nb\/#primaryimage"},"thumbnailUrl":"https:\/\/gr-100.com\/wp-content\/uploads\/2025\/05\/90425-51_COMO-40-UL-SND-BLK.jpg","datePublished":"2025-05-14T10:14:05+00:00","dateModified":"2026-02-17T11:04:12+00:00","description":"Como es una bicicleta el\u00e9ctrica relajada con una est\u00e9tica limpia y una posici\u00f3n de conducci\u00f3n erguida que ofrece comodidad y estilo.","breadcrumb":{"@id":"https:\/\/gr-100.com\/producto\/specialized-como-4-0-nb\/#breadcrumb"},"inLanguage":"en-US","potentialAction":[{"@type":"ReadAction","target":["https:\/\/gr-100.com\/producto\/specialized-como-4-0-nb\/"]}]},{"@type":"ImageObject","inLanguage":"en-US","@id":"https:\/\/gr-100.com\/producto\/specialized-como-4-0-nb\/#primaryimage","url":"https:\/\/gr-100.com\/wp-content\/uploads\/2025\/05\/90425-51_COMO-40-UL-SND-BLK.jpg","contentUrl":"https:\/\/gr-100.com\/wp-content\/uploads\/2025\/05\/90425-51_COMO-40-UL-SND-BLK.jpg","width":1000,"height":1000},{"@type":"BreadcrumbList","@id":"https:\/\/gr-100.com\/producto\/specialized-como-4-0-nb\/#breadcrumb","itemListElement":[{"@type":"ListItem","position":1,"name":"Portada","item":"https:\/\/gr-100.com\/pt-pt\/"},{"@type":"ListItem","position":2,"name":"Productos","item":"https:\/\/gr-100.com\/?post_type=product"},{"@type":"ListItem","position":3,"name":"Specialized COMO 4.0 NB"}]},{"@type":"WebSite","@id":"https:\/\/gr-100.com\/#website","url":"https:\/\/gr-100.com\/","name":"Gr-100 Tienda de ciclismo Specialized","description":"GR-100 tenemos todas las gamas de bicicletas Specialized al mejor precio.","publisher":{"@id":"https:\/\/gr-100.com\/#organization"},"alternateName":"Gr-100 Bikes","potentialAction":[{"@type":"SearchAction","target":{"@type":"EntryPoint","urlTemplate":"https:\/\/gr-100.com\/?s={search_term_string}"},"query-input":{"@type":"PropertyValueSpecification","valueRequired":true,"valueName":"search_term_string"}}],"inLanguage":"en-US"},{"@type":"Organization","@id":"https:\/\/gr-100.com\/#organization","name":"Gr-100","url":"https:\/\/gr-100.com\/","logo":{"@type":"ImageObject","inLanguage":"en-US","@id":"https:\/\/gr-100.com\/#\/schema\/logo\/image\/","url":"https:\/\/gr-100.com\/wp-content\/uploads\/2023\/08\/logo-gr-100-bikes.png","contentUrl":"https:\/\/gr-100.com\/wp-content\/uploads\/2023\/08\/logo-gr-100-bikes.png","width":707,"height":284,"caption":"Gr-100"},"image":{"@id":"https:\/\/gr-100.com\/#\/schema\/logo\/image\/"},"sameAs":["https:\/\/www.facebook.com\/Gr100Bikes","https:\/\/www.instagram.com\/gr100bikes\/","https:\/\/www.tiktok.com\/@gr100bikes","https:\/\/twitter.com\/gr100mtbteam","https:\/\/www.youtube.com\/c\/GR100Specialized"]}]}},"_links":{"self":[{"href":"https:\/\/gr-100.com\/en\/wp-json\/wp\/v2\/product\/408123","targetHints":{"allow":["GET"]}}],"collection":[{"href":"https:\/\/gr-100.com\/en\/wp-json\/wp\/v2\/product"}],"about":[{"href":"https:\/\/gr-100.com\/en\/wp-json\/wp\/v2\/types\/product"}],"replies":[{"embeddable":true,"href":"https:\/\/gr-100.com\/en\/wp-json\/wp\/v2\/comments?post=408123"}],"wp:featuredmedia":[{"embeddable":true,"href":"https:\/\/gr-100.com\/en\/wp-json\/wp\/v2\/media\/408249"}],"wp:attachment":[{"href":"https:\/\/gr-100.com\/en\/wp-json\/wp\/v2\/media?parent=408123"}],"wp:term":[{"taxonomy":"product_brand","embeddable":true,"href":"https:\/\/gr-100.com\/en\/wp-json\/wp\/v2\/product_brand?post=408123"},{"taxonomy":"product_cat","embeddable":true,"href":"https:\/\/gr-100.com\/en\/wp-json\/wp\/v2\/product_cat?post=408123"},{"taxonomy":"product_tag","embeddable":true,"href":"https:\/\/gr-100.com\/en\/wp-json\/wp\/v2\/product_tag?post=408123"}],"curies":[{"name":"wp","href":"https:\/\/api.w.org\/{rel}","templated":true}]}}