{"id":410352,"date":"2025-06-16T12:54:28","date_gmt":"2025-06-16T10:54:28","guid":{"rendered":"https:\/\/gr-100.com\/?post_type=product&#038;p=410352"},"modified":"2025-09-22T16:45:58","modified_gmt":"2025-09-22T14:45:58","slug":"rueda-delantera-zipp-303-sw-center-lock-tubeless-ready","status":"publish","type":"product","link":"https:\/\/gr-100.com\/en\/producto\/rueda-delantera-zipp-303-sw-center-lock-tubeless-ready\/","title":{"rendered":"Rueda Delantera Zipp 303 SW Center Lock Tubeless Ready"},"content":{"rendered":"<p>La rueda delantera Zipp 303 SW Center-Lock Tubeless Ready ofrece una velocidad superior en todas las carreteras, sin importar la superficie. Impregnada del legado de innovaci\u00f3n de Zipp, la 303 SW es un juego de ruedas cl\u00e1sico moderno, totalmente capaz de circular por carretera, grava, adoquines y ciclocross. La llanta 303 SW integra internamente el sensor de rueda Zipp AXS para un control preciso de la presi\u00f3n de los neum\u00e1ticos en la bicicleta. Permite controlar y analizar la presi\u00f3n de los neum\u00e1ticos en tiempo real sin necesidad de un dispositivo externo montado en el v\u00e1stago de la v\u00e1lvula. El ajuste preciso de la presi\u00f3n de los neum\u00e1ticos ayuda a los ciclistas a optimizar la velocidad y el rendimiento en un entorno de conducci\u00f3n en constante cambio. Antes de conducir, comprueba la presi\u00f3n inmediatamente; una luz verde significa que puedes continuar. Durante la conducci\u00f3n, controle la presi\u00f3n para establecer el ajuste ideal y detectar problemas a tiempo.<\/p>\n<p>El dise\u00f1o de la llanta 303 SW de 40 mm de profundidad se inspira en el dise\u00f1o de la 303 XPLR, espec\u00edfica para grava, para utilizar un dise\u00f1o de llanta ancha de alta eficiencia aerodin\u00e1mica y baja resistencia a la rodadura en una plataforma de cubierta ancha dise\u00f1ada para la conducci\u00f3n moderna con presiones de cubierta m\u00e1s bajas. El perfil de la llanta proporciona una baja resistencia aerodin\u00e1mica y una transici\u00f3n mejorada entre la llanta y el neum\u00e1tico, aumentando la eficiencia aerodin\u00e1mica con neum\u00e1ticos m\u00e1s anchos. La posici\u00f3n de la llanta ancha tambi\u00e9n ofrece una menor deflexi\u00f3n del neum\u00e1tico para reducir la resistencia a la rodadura.<\/p>\n<p><b>Caracter\u00edsticas:<\/b><\/p>\n<ul>\n<li>Uso: Carretera, Gravel<\/li>\n<li>Tama\u00f1o (ruedas) 700c<\/li>\n<li>Construcci\u00f3n de la llanta Carbono &#8211; Hookless<\/li>\n<li>Compatibilidad con neum\u00e1ticos: S\u00f3lo neum\u00e1ticos Tubeless<\/li>\n<li>Profundidad de la llanta: 40mm<\/li>\n<li>Compatibilidad con frenos de disco (Center Lock)<\/li>\n<li>Llanta &#8211; anchura interior 25mm<\/li>\n<li>Perfil de la llanta: Sim\u00e9trico<\/li>\n<li>Acabado de la llanta: Fibra UD, calcas adhesivas<\/li>\n<li>Material de la cabecilla: Aluminio<\/li>\n<li>Tipo de radios: CX-Sprint<\/li>\n<li>N\u00famero de radios: 20<\/li>\n<li>Patr\u00f3n de radios 2 Cross<\/li>\n<li>Rodamientos Cartucho &#8211; Acero inoxidable<\/li>\n<li>Presi\u00f3n m\u00e1xima de la cubierta: 73psi\/5. 0bar<\/li>\n<\/ul>\n<p>&nbsp;<\/p>\n<p>&nbsp;<\/p>\n","protected":false},"excerpt":{"rendered":"<p>La rueda delantera Zipp 303 SW Center-Lock Tubeless Ready es la elecci\u00f3n ideal para ciclistas que buscan velocidad y versatilidad. Su dise\u00f1o aerodin\u00e1mico y control de presi\u00f3n en tiempo real optimizan cada recorrido, ya sea en carretera o gravel.<\/p>\n","protected":false},"featured_media":410361,"comment_status":"open","ping_status":"closed","template":"","meta":{"_acf_changed":false,"_et_pb_use_builder":"","_et_pb_old_content":"","_et_gb_content_width":"","inline_featured_image":false},"product_brand":[],"product_cat":[25,55],"product_tag":[],"class_list":{"0":"post-410352","1":"product","2":"type-product","3":"status-publish","4":"has-post-thumbnail","6":"product_cat-componentes","7":"product_cat-ruedas","9":"first","10":"instock","11":"sale","12":"taxable","13":"shipping-taxable","14":"purchasable","15":"product-type-simple"},"acf":[],"yoast_head":"<!-- This site is optimized with the Yoast SEO Premium plugin v26.7 (Yoast SEO v26.7) - https:\/\/yoast.com\/wordpress\/plugins\/seo\/ -->\n<title>Rueda Delantera Zipp 303 SW Center Lock Tubeless Ready GR-100 Rueda Delantera Zipp 303 SW Center Lock Tubeless Ready<\/title>\n<meta name=\"description\" content=\"La rueda delantera Zipp 303 SW Center-Lock Tubeless Ready ofrece una velocidad superior en todas las carreteras, sin importar la superficie. Impregnada del\" \/>\n<meta name=\"robots\" content=\"index, follow, max-snippet:-1, max-image-preview:large, max-video-preview:-1\" \/>\n<link rel=\"canonical\" href=\"https:\/\/gr-100.com\/producto\/rueda-delantera-zipp-303-sw-center-lock-tubeless-ready\/\" \/>\n<meta property=\"og:locale\" content=\"en_US\" \/>\n<meta property=\"og:type\" content=\"article\" \/>\n<meta property=\"og:title\" content=\"Rueda Delantera Zipp 303 SW Center Lock Tubeless Ready\" \/>\n<meta property=\"og:description\" content=\"La rueda delantera Zipp 303 SW Center-Lock Tubeless Ready ofrece una velocidad superior en todas las carreteras, sin importar la superficie. Impregnada del\" \/>\n<meta property=\"og:url\" content=\"https:\/\/gr-100.com\/producto\/rueda-delantera-zipp-303-sw-center-lock-tubeless-ready\/\" \/>\n<meta property=\"og:site_name\" content=\"Gr-100 Tienda de ciclismo Specialized\" \/>\n<meta property=\"article:publisher\" content=\"https:\/\/www.facebook.com\/Gr100Bikes\" \/>\n<meta property=\"article:modified_time\" content=\"2025-09-22T14:45:58+00:00\" \/>\n<meta property=\"og:image\" content=\"https:\/\/gr-100.com\/wp-content\/uploads\/2025\/06\/Rueda-delantera-Zipp-303-SW-2.jpg\" \/>\n\t<meta property=\"og:image:width\" content=\"1000\" \/>\n\t<meta property=\"og:image:height\" content=\"1000\" \/>\n\t<meta property=\"og:image:type\" content=\"image\/jpeg\" \/>\n<meta name=\"twitter:card\" content=\"summary_large_image\" \/>\n<meta name=\"twitter:label1\" content=\"Est. reading time\" \/>\n\t<meta name=\"twitter:data1\" content=\"2 minutes\" \/>\n<script type=\"application\/ld+json\" class=\"yoast-schema-graph\">{\"@context\":\"https:\/\/schema.org\",\"@graph\":[{\"@type\":\"WebPage\",\"@id\":\"https:\/\/gr-100.com\/producto\/rueda-delantera-zipp-303-sw-center-lock-tubeless-ready\/\",\"url\":\"https:\/\/gr-100.com\/producto\/rueda-delantera-zipp-303-sw-center-lock-tubeless-ready\/\",\"name\":\"Rueda Delantera Zipp 303 SW Center Lock Tubeless Ready GR-100 Rueda Delantera Zipp 303 SW Center Lock Tubeless Ready\",\"isPartOf\":{\"@id\":\"https:\/\/gr-100.com\/#website\"},\"primaryImageOfPage\":{\"@id\":\"https:\/\/gr-100.com\/producto\/rueda-delantera-zipp-303-sw-center-lock-tubeless-ready\/#primaryimage\"},\"image\":{\"@id\":\"https:\/\/gr-100.com\/producto\/rueda-delantera-zipp-303-sw-center-lock-tubeless-ready\/#primaryimage\"},\"thumbnailUrl\":\"https:\/\/gr-100.com\/wp-content\/uploads\/2025\/06\/Rueda-delantera-Zipp-303-SW-2.jpg\",\"datePublished\":\"2025-06-16T10:54:28+00:00\",\"dateModified\":\"2025-09-22T14:45:58+00:00\",\"description\":\"La rueda delantera Zipp 303 SW Center-Lock Tubeless Ready ofrece una velocidad superior en todas las carreteras, sin importar la superficie. Impregnada del\",\"breadcrumb\":{\"@id\":\"https:\/\/gr-100.com\/producto\/rueda-delantera-zipp-303-sw-center-lock-tubeless-ready\/#breadcrumb\"},\"inLanguage\":\"en-US\",\"potentialAction\":[{\"@type\":\"ReadAction\",\"target\":[\"https:\/\/gr-100.com\/producto\/rueda-delantera-zipp-303-sw-center-lock-tubeless-ready\/\"]}]},{\"@type\":\"ImageObject\",\"inLanguage\":\"en-US\",\"@id\":\"https:\/\/gr-100.com\/producto\/rueda-delantera-zipp-303-sw-center-lock-tubeless-ready\/#primaryimage\",\"url\":\"https:\/\/gr-100.com\/wp-content\/uploads\/2025\/06\/Rueda-delantera-Zipp-303-SW-2.jpg\",\"contentUrl\":\"https:\/\/gr-100.com\/wp-content\/uploads\/2025\/06\/Rueda-delantera-Zipp-303-SW-2.jpg\",\"width\":1000,\"height\":1000},{\"@type\":\"BreadcrumbList\",\"@id\":\"https:\/\/gr-100.com\/producto\/rueda-delantera-zipp-303-sw-center-lock-tubeless-ready\/#breadcrumb\",\"itemListElement\":[{\"@type\":\"ListItem\",\"position\":1,\"name\":\"Portada\",\"item\":\"https:\/\/gr-100.com\/pt-pt\/\"},{\"@type\":\"ListItem\",\"position\":2,\"name\":\"Productos\",\"item\":\"https:\/\/gr-100.com\/?post_type=product\"},{\"@type\":\"ListItem\",\"position\":3,\"name\":\"Rueda Delantera Zipp 303 SW Center Lock Tubeless Ready\"}]},{\"@type\":\"WebSite\",\"@id\":\"https:\/\/gr-100.com\/#website\",\"url\":\"https:\/\/gr-100.com\/\",\"name\":\"Gr-100 Tienda de ciclismo Specialized\",\"description\":\"GR-100 tenemos todas las gamas de bicicletas Specialized al mejor precio.\",\"publisher\":{\"@id\":\"https:\/\/gr-100.com\/#organization\"},\"alternateName\":\"Gr-100 Bikes\",\"potentialAction\":[{\"@type\":\"SearchAction\",\"target\":{\"@type\":\"EntryPoint\",\"urlTemplate\":\"https:\/\/gr-100.com\/?s={search_term_string}\"},\"query-input\":{\"@type\":\"PropertyValueSpecification\",\"valueRequired\":true,\"valueName\":\"search_term_string\"}}],\"inLanguage\":\"en-US\"},{\"@type\":\"Organization\",\"@id\":\"https:\/\/gr-100.com\/#organization\",\"name\":\"Gr-100\",\"url\":\"https:\/\/gr-100.com\/\",\"logo\":{\"@type\":\"ImageObject\",\"inLanguage\":\"en-US\",\"@id\":\"https:\/\/gr-100.com\/#\/schema\/logo\/image\/\",\"url\":\"https:\/\/gr-100.com\/wp-content\/uploads\/2023\/08\/logo-gr-100-bikes.png\",\"contentUrl\":\"https:\/\/gr-100.com\/wp-content\/uploads\/2023\/08\/logo-gr-100-bikes.png\",\"width\":707,\"height\":284,\"caption\":\"Gr-100\"},\"image\":{\"@id\":\"https:\/\/gr-100.com\/#\/schema\/logo\/image\/\"},\"sameAs\":[\"https:\/\/www.facebook.com\/Gr100Bikes\",\"https:\/\/www.instagram.com\/gr100bikes\/\",\"https:\/\/www.tiktok.com\/@gr100bikes\",\"https:\/\/twitter.com\/gr100mtbteam\",\"https:\/\/www.youtube.com\/c\/GR100Specialized\"]}]}<\/script>\n<!-- \/ Yoast SEO Premium plugin. -->","yoast_head_json":{"title":"Rueda Delantera Zipp 303 SW Center Lock Tubeless Ready GR-100 Rueda Delantera Zipp 303 SW Center Lock Tubeless Ready","description":"La rueda delantera Zipp 303 SW Center-Lock Tubeless Ready ofrece una velocidad superior en todas las carreteras, sin importar la superficie. Impregnada del","robots":{"index":"index","follow":"follow","max-snippet":"max-snippet:-1","max-image-preview":"max-image-preview:large","max-video-preview":"max-video-preview:-1"},"canonical":"https:\/\/gr-100.com\/producto\/rueda-delantera-zipp-303-sw-center-lock-tubeless-ready\/","og_locale":"en_US","og_type":"article","og_title":"Rueda Delantera Zipp 303 SW Center Lock Tubeless Ready","og_description":"La rueda delantera Zipp 303 SW Center-Lock Tubeless Ready ofrece una velocidad superior en todas las carreteras, sin importar la superficie. Impregnada del","og_url":"https:\/\/gr-100.com\/producto\/rueda-delantera-zipp-303-sw-center-lock-tubeless-ready\/","og_site_name":"Gr-100 Tienda de ciclismo Specialized","article_publisher":"https:\/\/www.facebook.com\/Gr100Bikes","article_modified_time":"2025-09-22T14:45:58+00:00","og_image":[{"width":1000,"height":1000,"url":"https:\/\/gr-100.com\/wp-content\/uploads\/2025\/06\/Rueda-delantera-Zipp-303-SW-2.jpg","type":"image\/jpeg"}],"twitter_card":"summary_large_image","twitter_misc":{"Est. reading time":"2 minutes"},"schema":{"@context":"https:\/\/schema.org","@graph":[{"@type":"WebPage","@id":"https:\/\/gr-100.com\/producto\/rueda-delantera-zipp-303-sw-center-lock-tubeless-ready\/","url":"https:\/\/gr-100.com\/producto\/rueda-delantera-zipp-303-sw-center-lock-tubeless-ready\/","name":"Rueda Delantera Zipp 303 SW Center Lock Tubeless Ready GR-100 Rueda Delantera Zipp 303 SW Center Lock Tubeless Ready","isPartOf":{"@id":"https:\/\/gr-100.com\/#website"},"primaryImageOfPage":{"@id":"https:\/\/gr-100.com\/producto\/rueda-delantera-zipp-303-sw-center-lock-tubeless-ready\/#primaryimage"},"image":{"@id":"https:\/\/gr-100.com\/producto\/rueda-delantera-zipp-303-sw-center-lock-tubeless-ready\/#primaryimage"},"thumbnailUrl":"https:\/\/gr-100.com\/wp-content\/uploads\/2025\/06\/Rueda-delantera-Zipp-303-SW-2.jpg","datePublished":"2025-06-16T10:54:28+00:00","dateModified":"2025-09-22T14:45:58+00:00","description":"La rueda delantera Zipp 303 SW Center-Lock Tubeless Ready ofrece una velocidad superior en todas las carreteras, sin importar la superficie. Impregnada del","breadcrumb":{"@id":"https:\/\/gr-100.com\/producto\/rueda-delantera-zipp-303-sw-center-lock-tubeless-ready\/#breadcrumb"},"inLanguage":"en-US","potentialAction":[{"@type":"ReadAction","target":["https:\/\/gr-100.com\/producto\/rueda-delantera-zipp-303-sw-center-lock-tubeless-ready\/"]}]},{"@type":"ImageObject","inLanguage":"en-US","@id":"https:\/\/gr-100.com\/producto\/rueda-delantera-zipp-303-sw-center-lock-tubeless-ready\/#primaryimage","url":"https:\/\/gr-100.com\/wp-content\/uploads\/2025\/06\/Rueda-delantera-Zipp-303-SW-2.jpg","contentUrl":"https:\/\/gr-100.com\/wp-content\/uploads\/2025\/06\/Rueda-delantera-Zipp-303-SW-2.jpg","width":1000,"height":1000},{"@type":"BreadcrumbList","@id":"https:\/\/gr-100.com\/producto\/rueda-delantera-zipp-303-sw-center-lock-tubeless-ready\/#breadcrumb","itemListElement":[{"@type":"ListItem","position":1,"name":"Portada","item":"https:\/\/gr-100.com\/pt-pt\/"},{"@type":"ListItem","position":2,"name":"Productos","item":"https:\/\/gr-100.com\/?post_type=product"},{"@type":"ListItem","position":3,"name":"Rueda Delantera Zipp 303 SW Center Lock Tubeless Ready"}]},{"@type":"WebSite","@id":"https:\/\/gr-100.com\/#website","url":"https:\/\/gr-100.com\/","name":"Gr-100 Tienda de ciclismo Specialized","description":"GR-100 tenemos todas las gamas de bicicletas Specialized al mejor precio.","publisher":{"@id":"https:\/\/gr-100.com\/#organization"},"alternateName":"Gr-100 Bikes","potentialAction":[{"@type":"SearchAction","target":{"@type":"EntryPoint","urlTemplate":"https:\/\/gr-100.com\/?s={search_term_string}"},"query-input":{"@type":"PropertyValueSpecification","valueRequired":true,"valueName":"search_term_string"}}],"inLanguage":"en-US"},{"@type":"Organization","@id":"https:\/\/gr-100.com\/#organization","name":"Gr-100","url":"https:\/\/gr-100.com\/","logo":{"@type":"ImageObject","inLanguage":"en-US","@id":"https:\/\/gr-100.com\/#\/schema\/logo\/image\/","url":"https:\/\/gr-100.com\/wp-content\/uploads\/2023\/08\/logo-gr-100-bikes.png","contentUrl":"https:\/\/gr-100.com\/wp-content\/uploads\/2023\/08\/logo-gr-100-bikes.png","width":707,"height":284,"caption":"Gr-100"},"image":{"@id":"https:\/\/gr-100.com\/#\/schema\/logo\/image\/"},"sameAs":["https:\/\/www.facebook.com\/Gr100Bikes","https:\/\/www.instagram.com\/gr100bikes\/","https:\/\/www.tiktok.com\/@gr100bikes","https:\/\/twitter.com\/gr100mtbteam","https:\/\/www.youtube.com\/c\/GR100Specialized"]}]}},"_links":{"self":[{"href":"https:\/\/gr-100.com\/en\/wp-json\/wp\/v2\/product\/410352","targetHints":{"allow":["GET"]}}],"collection":[{"href":"https:\/\/gr-100.com\/en\/wp-json\/wp\/v2\/product"}],"about":[{"href":"https:\/\/gr-100.com\/en\/wp-json\/wp\/v2\/types\/product"}],"replies":[{"embeddable":true,"href":"https:\/\/gr-100.com\/en\/wp-json\/wp\/v2\/comments?post=410352"}],"wp:featuredmedia":[{"embeddable":true,"href":"https:\/\/gr-100.com\/en\/wp-json\/wp\/v2\/media\/410361"}],"wp:attachment":[{"href":"https:\/\/gr-100.com\/en\/wp-json\/wp\/v2\/media?parent=410352"}],"wp:term":[{"taxonomy":"product_brand","embeddable":true,"href":"https:\/\/gr-100.com\/en\/wp-json\/wp\/v2\/product_brand?post=410352"},{"taxonomy":"product_cat","embeddable":true,"href":"https:\/\/gr-100.com\/en\/wp-json\/wp\/v2\/product_cat?post=410352"},{"taxonomy":"product_tag","embeddable":true,"href":"https:\/\/gr-100.com\/en\/wp-json\/wp\/v2\/product_tag?post=410352"}],"curies":[{"name":"wp","href":"https:\/\/api.w.org\/{rel}","templated":true}]}}