{"id":410789,"date":"2025-06-26T18:00:07","date_gmt":"2025-06-26T16:00:07","guid":{"rendered":"https:\/\/gr-100.com\/?post_type=product&#038;p=410789"},"modified":"2026-03-11T11:45:34","modified_gmt":"2026-03-11T10:45:34","slug":"roval-rapide-cl-iii-2026","status":"publish","type":"product","link":"https:\/\/gr-100.com\/en\/producto\/roval-rapide-cl-iii-2026\/","title":{"rendered":"Roval Rapide CL III 2026"},"content":{"rendered":"<p>Las nuevas ruedas Roval Rapide CL III son descendientes directas de las CLX III y rompen con las convenciones aerodin\u00e1micas. Una llanta delantera m\u00e1s profunda aporta el m\u00e1ximo rendimiento aerodin\u00e1mico donde m\u00e1s importa. Una llanta trasera m\u00e1s baja reduce peso innecesario, lo que se traduce en una aceleraci\u00f3n m\u00e1s r\u00e1pida y un mejor manejo, ayudando a ahorrar 35 g. Los bordes FlatStop Bead Hooks requieren un 39 % m\u00e1s de fuerza para pinchar, asegurando que tu carrera llegue hasta la meta con la mejor protecci\u00f3n contra pinchazos de su clase. Llega m\u00e1s r\u00e1pido en cualquier recorrido con las Roval Rapide CL III.<\/p>\n<ul>\n<li>Especificaciones t\u00e9cnicas<\/li>\n<li>Llantas<br \/>\nTama\u00f1o de rueda \/ ETRTO: 622 \u00d7 21 (700c)<br \/>\nCompatibilidad Tubeless: S\u00ed<br \/>\nCompatibilidad con insertos: S\u00ed<br \/>\nCompatibilidad de frenos: Disco (Centerlock)<br \/>\nConstrucci\u00f3n de la llanta: Carbono, tipo clincher con gancho<br \/>\nLongitud de v\u00e1lvula: V\u00e1lvula tubeless Roval de aleaci\u00f3n, 70 mm<br \/>\nN\u00famero de orificios: Delantera: 18H, Trasera: 24H<\/li>\n<li>Llanta trasera<br \/>\nModelo: Rapide CL III Carbon Clincher, 700c (CR2473)<br \/>\nDimensiones:<br \/>\nProfundidad: 48 mm<br \/>\nAncho externo (en el punto m\u00e1s ancho): 31,3 mm<br \/>\nAncho interno: 21 mm<br \/>\nAncho del gancho del tal\u00f3n: 4,1 mm<\/li>\n<li>Llanta delantera<br \/>\nModelo: Rapide CLX II Carbon Clincher, 700c (CR2472)<br \/>\nDimensiones:<br \/>\nProfundidad: 51 mm<br \/>\nAncho externo (en el punto m\u00e1s ancho): 35 mm<br \/>\nAncho interno: 21 mm<br \/>\nAncho del gancho del tal\u00f3n: 5,5 mm<\/li>\n<li>Bujes<br \/>\nBuje trasero: DT Swiss 350 Straight Pull, Center Lock, 12&#215;142 mm<br \/>\nCuerpo del n\u00facleo trasero: Sistema DT Swiss Ratchet (36T), compatible Shimano RD 11 velocidades HG<br \/>\nRodamientos traseros: Acero inoxidable DT Swiss<br \/>\nLado de transmisi\u00f3n (DS): 6902 (15 x 28 x 7 mm)<br \/>\nLado opuesto (NDS): 6902 (15 x 28 x 7 mm)<br \/>\nBuje delantero: DT Swiss 350 Straight Pull, Center Lock, 12&#215;100 mm<br \/>\nRodamientos delanteros: Acero inoxidable DT Swiss<br \/>\nDS: 6902 (15 x 28 x 7 mm)<br \/>\nNDS: 6902 (15 x 28 x 7 mm)<\/li>\n<li>Radios y cabecillas<br \/>\nCabecillas: DT Swiss Hex Prolock Al 2.0&#215;14 mm<br \/>\nRadios traseros: DT Swiss Competition Race Straight Pull, 2.0&#215;1.6 mm<br \/>\nCantidad: 24 (DS: 268 mm, NDS: 271 mm)<br \/>\nPatr\u00f3n de cruce: Un cruce \/ Tres cruces (2:1), sin solapar<br \/>\nRadios delanteros: DT Swiss Competition Race Straight Pull, 2.0&#215;1.6 mm<br \/>\nCantidad: 18 (DS: 258 mm, NDS: 270 mm)<br \/>\nPatr\u00f3n de cruce: Dos cruces \/ Radial (2:1), sin solapar<\/li>\n<li>Informaci\u00f3n sobre neum\u00e1ticos<br \/>\nAncho de cinta tubeless: 25 mm<br \/>\nTipo de neum\u00e1tico: Tubeless tipo clincher y c\u00e1mara tipo clincher<br \/>\nNeum\u00e1tico de dise\u00f1o recomendado: RapidAir TLR, 28 mm<br \/>\nAnchos de neum\u00e1ticos aprobados: 24 mm \u2013 38 mm<br \/>\nPresi\u00f3n m\u00e1xima:<br \/>\nTubeless: 110 psi<br \/>\nCon c\u00e1mara: 130 psi<br \/>\nNeum\u00e1ticos de 36 mm \u2013 38 mm: Tubeless 60 psi \/ Con c\u00e1mara 60 psi<\/li>\n<li>Peso<br \/>\nPeso total del juego de ruedas: 1555 g (con v\u00e1lvulas y cinta)<br \/>\nPeso trasero: 839 g (con v\u00e1lvulas y cinta)<br \/>\nPeso delantero: 716 g (con v\u00e1lvulas y cinta)<\/li>\n<li>General<br \/>\nGarant\u00eda: Garant\u00eda limitada de por vida<br \/>\nM\u00e9todo de montaje: Ensamblado a mano<br \/>\nL\u00edmite de peso: 125 kg \/ 275 lb<br \/>\nCertificaciones: ISO 5775-2, Aprobaci\u00f3n UCI<br \/>\nAprobadas para e-bike: S\u00ed, sistemas tipo SL o hasta 350W<br \/>\nExtras incluidos: 4 radios y cabecillas de repuesto<\/li>\n<\/ul>\n","protected":false},"excerpt":{"rendered":"<p>Las nuevas ruedas Roval Rapide CL III son descendientes directas de las CLX III y rompen con las convenciones aerodin\u00e1micas.<\/p>\n","protected":false},"featured_media":410790,"comment_status":"open","ping_status":"closed","template":"","meta":{"_acf_changed":false,"_et_pb_use_builder":"","_et_pb_old_content":"","_et_gb_content_width":"","inline_featured_image":false},"product_brand":[],"product_cat":[25,55],"product_tag":[],"class_list":{"0":"post-410789","1":"product","2":"type-product","3":"status-publish","4":"has-post-thumbnail","6":"product_cat-componentes","7":"product_cat-ruedas","9":"first","10":"instock","11":"taxable","12":"shipping-taxable","13":"purchasable","14":"product-type-simple"},"acf":[],"yoast_head":"<!-- This site is optimized with the Yoast SEO Premium plugin v26.7 (Yoast SEO v26.7) - https:\/\/yoast.com\/wordpress\/plugins\/seo\/ -->\n<title>Roval Rapide CL III 2026 GR100<\/title>\n<meta name=\"description\" content=\"Las nuevas ruedas Roval Rapide CL III son descendientes directas de las CLX III y rompen con las convenciones aerodin\u00e1micas.\" \/>\n<meta name=\"robots\" content=\"index, follow, max-snippet:-1, max-image-preview:large, max-video-preview:-1\" \/>\n<link rel=\"canonical\" href=\"https:\/\/gr-100.com\/producto\/roval-rapide-cl-iii-2026\/\" \/>\n<meta property=\"og:locale\" content=\"en_US\" \/>\n<meta property=\"og:type\" content=\"article\" \/>\n<meta property=\"og:title\" content=\"Roval Rapide CL III 2026\" \/>\n<meta property=\"og:description\" content=\"Las nuevas ruedas Roval Rapide CL III son descendientes directas de las CLX III y rompen con las convenciones aerodin\u00e1micas.\" \/>\n<meta property=\"og:url\" content=\"https:\/\/gr-100.com\/producto\/roval-rapide-cl-iii-2026\/\" \/>\n<meta property=\"og:site_name\" content=\"Gr-100 Tienda de ciclismo Specialized\" \/>\n<meta property=\"article:publisher\" content=\"https:\/\/www.facebook.com\/Gr100Bikes\" \/>\n<meta property=\"article:modified_time\" content=\"2026-03-11T10:45:34+00:00\" \/>\n<meta property=\"og:image\" content=\"https:\/\/gr-100.com\/wp-content\/uploads\/2025\/06\/Diseno-sin-titulo-2025-06-26T123719.448.jpg\" \/>\n\t<meta property=\"og:image:width\" content=\"1000\" \/>\n\t<meta property=\"og:image:height\" content=\"1000\" \/>\n\t<meta property=\"og:image:type\" content=\"image\/jpeg\" \/>\n<meta name=\"twitter:card\" content=\"summary_large_image\" \/>\n<meta name=\"twitter:label1\" content=\"Est. reading time\" \/>\n\t<meta name=\"twitter:data1\" content=\"3 minutes\" \/>\n<script type=\"application\/ld+json\" class=\"yoast-schema-graph\">{\"@context\":\"https:\/\/schema.org\",\"@graph\":[{\"@type\":\"WebPage\",\"@id\":\"https:\/\/gr-100.com\/producto\/roval-rapide-cl-iii-2026\/\",\"url\":\"https:\/\/gr-100.com\/producto\/roval-rapide-cl-iii-2026\/\",\"name\":\"Roval Rapide CL III 2026 GR100\",\"isPartOf\":{\"@id\":\"https:\/\/gr-100.com\/#website\"},\"primaryImageOfPage\":{\"@id\":\"https:\/\/gr-100.com\/producto\/roval-rapide-cl-iii-2026\/#primaryimage\"},\"image\":{\"@id\":\"https:\/\/gr-100.com\/producto\/roval-rapide-cl-iii-2026\/#primaryimage\"},\"thumbnailUrl\":\"https:\/\/gr-100.com\/wp-content\/uploads\/2025\/06\/Diseno-sin-titulo-2025-06-26T123719.448.jpg\",\"datePublished\":\"2025-06-26T16:00:07+00:00\",\"dateModified\":\"2026-03-11T10:45:34+00:00\",\"description\":\"Las nuevas ruedas Roval Rapide CL III son descendientes directas de las CLX III y rompen con las convenciones aerodin\u00e1micas.\",\"breadcrumb\":{\"@id\":\"https:\/\/gr-100.com\/producto\/roval-rapide-cl-iii-2026\/#breadcrumb\"},\"inLanguage\":\"en-US\",\"potentialAction\":[{\"@type\":\"ReadAction\",\"target\":[\"https:\/\/gr-100.com\/producto\/roval-rapide-cl-iii-2026\/\"]}]},{\"@type\":\"ImageObject\",\"inLanguage\":\"en-US\",\"@id\":\"https:\/\/gr-100.com\/producto\/roval-rapide-cl-iii-2026\/#primaryimage\",\"url\":\"https:\/\/gr-100.com\/wp-content\/uploads\/2025\/06\/Diseno-sin-titulo-2025-06-26T123719.448.jpg\",\"contentUrl\":\"https:\/\/gr-100.com\/wp-content\/uploads\/2025\/06\/Diseno-sin-titulo-2025-06-26T123719.448.jpg\",\"width\":1000,\"height\":1000},{\"@type\":\"BreadcrumbList\",\"@id\":\"https:\/\/gr-100.com\/producto\/roval-rapide-cl-iii-2026\/#breadcrumb\",\"itemListElement\":[{\"@type\":\"ListItem\",\"position\":1,\"name\":\"Portada\",\"item\":\"https:\/\/gr-100.com\/pt-pt\/\"},{\"@type\":\"ListItem\",\"position\":2,\"name\":\"Productos\",\"item\":\"https:\/\/gr-100.com\/?post_type=product\"},{\"@type\":\"ListItem\",\"position\":3,\"name\":\"Roval Rapide CL III 2026\"}]},{\"@type\":\"WebSite\",\"@id\":\"https:\/\/gr-100.com\/#website\",\"url\":\"https:\/\/gr-100.com\/\",\"name\":\"Gr-100 Tienda de ciclismo Specialized\",\"description\":\"GR-100 tenemos todas las gamas de bicicletas Specialized al mejor precio.\",\"publisher\":{\"@id\":\"https:\/\/gr-100.com\/#organization\"},\"alternateName\":\"Gr-100 Bikes\",\"potentialAction\":[{\"@type\":\"SearchAction\",\"target\":{\"@type\":\"EntryPoint\",\"urlTemplate\":\"https:\/\/gr-100.com\/?s={search_term_string}\"},\"query-input\":{\"@type\":\"PropertyValueSpecification\",\"valueRequired\":true,\"valueName\":\"search_term_string\"}}],\"inLanguage\":\"en-US\"},{\"@type\":\"Organization\",\"@id\":\"https:\/\/gr-100.com\/#organization\",\"name\":\"Gr-100\",\"url\":\"https:\/\/gr-100.com\/\",\"logo\":{\"@type\":\"ImageObject\",\"inLanguage\":\"en-US\",\"@id\":\"https:\/\/gr-100.com\/#\/schema\/logo\/image\/\",\"url\":\"https:\/\/gr-100.com\/wp-content\/uploads\/2023\/08\/logo-gr-100-bikes.png\",\"contentUrl\":\"https:\/\/gr-100.com\/wp-content\/uploads\/2023\/08\/logo-gr-100-bikes.png\",\"width\":707,\"height\":284,\"caption\":\"Gr-100\"},\"image\":{\"@id\":\"https:\/\/gr-100.com\/#\/schema\/logo\/image\/\"},\"sameAs\":[\"https:\/\/www.facebook.com\/Gr100Bikes\",\"https:\/\/www.instagram.com\/gr100bikes\/\",\"https:\/\/www.tiktok.com\/@gr100bikes\",\"https:\/\/twitter.com\/gr100mtbteam\",\"https:\/\/www.youtube.com\/c\/GR100Specialized\"]}]}<\/script>\n<!-- \/ Yoast SEO Premium plugin. -->","yoast_head_json":{"title":"Roval Rapide CL III 2026 GR100","description":"Las nuevas ruedas Roval Rapide CL III son descendientes directas de las CLX III y rompen con las convenciones aerodin\u00e1micas.","robots":{"index":"index","follow":"follow","max-snippet":"max-snippet:-1","max-image-preview":"max-image-preview:large","max-video-preview":"max-video-preview:-1"},"canonical":"https:\/\/gr-100.com\/producto\/roval-rapide-cl-iii-2026\/","og_locale":"en_US","og_type":"article","og_title":"Roval Rapide CL III 2026","og_description":"Las nuevas ruedas Roval Rapide CL III son descendientes directas de las CLX III y rompen con las convenciones aerodin\u00e1micas.","og_url":"https:\/\/gr-100.com\/producto\/roval-rapide-cl-iii-2026\/","og_site_name":"Gr-100 Tienda de ciclismo Specialized","article_publisher":"https:\/\/www.facebook.com\/Gr100Bikes","article_modified_time":"2026-03-11T10:45:34+00:00","og_image":[{"width":1000,"height":1000,"url":"https:\/\/gr-100.com\/wp-content\/uploads\/2025\/06\/Diseno-sin-titulo-2025-06-26T123719.448.jpg","type":"image\/jpeg"}],"twitter_card":"summary_large_image","twitter_misc":{"Est. reading time":"3 minutes"},"schema":{"@context":"https:\/\/schema.org","@graph":[{"@type":"WebPage","@id":"https:\/\/gr-100.com\/producto\/roval-rapide-cl-iii-2026\/","url":"https:\/\/gr-100.com\/producto\/roval-rapide-cl-iii-2026\/","name":"Roval Rapide CL III 2026 GR100","isPartOf":{"@id":"https:\/\/gr-100.com\/#website"},"primaryImageOfPage":{"@id":"https:\/\/gr-100.com\/producto\/roval-rapide-cl-iii-2026\/#primaryimage"},"image":{"@id":"https:\/\/gr-100.com\/producto\/roval-rapide-cl-iii-2026\/#primaryimage"},"thumbnailUrl":"https:\/\/gr-100.com\/wp-content\/uploads\/2025\/06\/Diseno-sin-titulo-2025-06-26T123719.448.jpg","datePublished":"2025-06-26T16:00:07+00:00","dateModified":"2026-03-11T10:45:34+00:00","description":"Las nuevas ruedas Roval Rapide CL III son descendientes directas de las CLX III y rompen con las convenciones aerodin\u00e1micas.","breadcrumb":{"@id":"https:\/\/gr-100.com\/producto\/roval-rapide-cl-iii-2026\/#breadcrumb"},"inLanguage":"en-US","potentialAction":[{"@type":"ReadAction","target":["https:\/\/gr-100.com\/producto\/roval-rapide-cl-iii-2026\/"]}]},{"@type":"ImageObject","inLanguage":"en-US","@id":"https:\/\/gr-100.com\/producto\/roval-rapide-cl-iii-2026\/#primaryimage","url":"https:\/\/gr-100.com\/wp-content\/uploads\/2025\/06\/Diseno-sin-titulo-2025-06-26T123719.448.jpg","contentUrl":"https:\/\/gr-100.com\/wp-content\/uploads\/2025\/06\/Diseno-sin-titulo-2025-06-26T123719.448.jpg","width":1000,"height":1000},{"@type":"BreadcrumbList","@id":"https:\/\/gr-100.com\/producto\/roval-rapide-cl-iii-2026\/#breadcrumb","itemListElement":[{"@type":"ListItem","position":1,"name":"Portada","item":"https:\/\/gr-100.com\/pt-pt\/"},{"@type":"ListItem","position":2,"name":"Productos","item":"https:\/\/gr-100.com\/?post_type=product"},{"@type":"ListItem","position":3,"name":"Roval Rapide CL III 2026"}]},{"@type":"WebSite","@id":"https:\/\/gr-100.com\/#website","url":"https:\/\/gr-100.com\/","name":"Gr-100 Tienda de ciclismo Specialized","description":"GR-100 tenemos todas las gamas de bicicletas Specialized al mejor precio.","publisher":{"@id":"https:\/\/gr-100.com\/#organization"},"alternateName":"Gr-100 Bikes","potentialAction":[{"@type":"SearchAction","target":{"@type":"EntryPoint","urlTemplate":"https:\/\/gr-100.com\/?s={search_term_string}"},"query-input":{"@type":"PropertyValueSpecification","valueRequired":true,"valueName":"search_term_string"}}],"inLanguage":"en-US"},{"@type":"Organization","@id":"https:\/\/gr-100.com\/#organization","name":"Gr-100","url":"https:\/\/gr-100.com\/","logo":{"@type":"ImageObject","inLanguage":"en-US","@id":"https:\/\/gr-100.com\/#\/schema\/logo\/image\/","url":"https:\/\/gr-100.com\/wp-content\/uploads\/2023\/08\/logo-gr-100-bikes.png","contentUrl":"https:\/\/gr-100.com\/wp-content\/uploads\/2023\/08\/logo-gr-100-bikes.png","width":707,"height":284,"caption":"Gr-100"},"image":{"@id":"https:\/\/gr-100.com\/#\/schema\/logo\/image\/"},"sameAs":["https:\/\/www.facebook.com\/Gr100Bikes","https:\/\/www.instagram.com\/gr100bikes\/","https:\/\/www.tiktok.com\/@gr100bikes","https:\/\/twitter.com\/gr100mtbteam","https:\/\/www.youtube.com\/c\/GR100Specialized"]}]}},"_links":{"self":[{"href":"https:\/\/gr-100.com\/en\/wp-json\/wp\/v2\/product\/410789","targetHints":{"allow":["GET"]}}],"collection":[{"href":"https:\/\/gr-100.com\/en\/wp-json\/wp\/v2\/product"}],"about":[{"href":"https:\/\/gr-100.com\/en\/wp-json\/wp\/v2\/types\/product"}],"replies":[{"embeddable":true,"href":"https:\/\/gr-100.com\/en\/wp-json\/wp\/v2\/comments?post=410789"}],"wp:featuredmedia":[{"embeddable":true,"href":"https:\/\/gr-100.com\/en\/wp-json\/wp\/v2\/media\/410790"}],"wp:attachment":[{"href":"https:\/\/gr-100.com\/en\/wp-json\/wp\/v2\/media?parent=410789"}],"wp:term":[{"taxonomy":"product_brand","embeddable":true,"href":"https:\/\/gr-100.com\/en\/wp-json\/wp\/v2\/product_brand?post=410789"},{"taxonomy":"product_cat","embeddable":true,"href":"https:\/\/gr-100.com\/en\/wp-json\/wp\/v2\/product_cat?post=410789"},{"taxonomy":"product_tag","embeddable":true,"href":"https:\/\/gr-100.com\/en\/wp-json\/wp\/v2\/product_tag?post=410789"}],"curies":[{"name":"wp","href":"https:\/\/api.w.org\/{rel}","templated":true}]}}