{"id":412812,"date":"2025-08-07T13:33:59","date_gmt":"2025-08-07T11:33:59","guid":{"rendered":"https:\/\/gr-100.com\/?post_type=product&#038;p=412812"},"modified":"2026-03-11T11:33:51","modified_gmt":"2026-03-11T10:33:51","slug":"shimano-juego-de-ruedas-xtr","status":"publish","type":"product","link":"https:\/\/gr-100.com\/en\/producto\/shimano-juego-de-ruedas-xtr\/","title":{"rendered":"Shimano Juego de ruedas XTR WH-M9200"},"content":{"rendered":"<p>\u00bbLlanta de carbono: llanta de 29,6 mm de carbono que consigue una rueda ligera pero suficientemente robusta para la alta competici\u00f3n de XC.<br \/>\n\u00bbRadios de titanio\/24 orificios y de enlazado recto: llantas de 29 pulgadas, tama\u00f1o de buje delantero Boost de 148&#215;12 y radios de titanio que equilibran el peso y la fuerza.<br \/>\n\u00bbEngranaje m\u00e1s r\u00e1pido\/menos rozamiento: un \u00e1ngulo de engranaje de 3,5 grados consigue que las FH-M9210-B sean r\u00e1pidas desde la misma l\u00ednea de salida, mientras que el inteligente dise\u00f1o de las juntas y los suaves rodamientos se traducen en menos rozamiento cuando nos deslizamos sin dar pedales.<br \/>\n\u00bbRodamientos sellados: los bujes XTR ahora est\u00e1n disponibles con rodamientos sellados f\u00e1cilmente sustituibles.<br \/>\n\u00bbRotaci\u00f3n: rodamientos de cartucho, dise\u00f1o de juntas optimizado, y ajuste de precarga, para que el buje siga rodando suave de forma constante.<\/p>\n<p><strong>Especificaciones<\/strong><br \/>\n<strong>-Delantera<\/strong><br \/>\nTire Type<br \/>\nSin c\u00e1mara<br \/>\nTipo de freno<br \/>\nFreno de disco CENTER LOCK<br \/>\nRadios|N\u00famero<br \/>\n24<br \/>\nLlanta|Requiere cinta de llanta<br \/>\n\u2714 (30-622)<br \/>\nCubierta|Tama\u00f1o recomendado<br \/>\n29 x 2,20 &#8211; 2,60<br \/>\nCubierta|Tipo<br \/>\nTubeless Ready<br \/>\nLlanta Altura (mm)<br \/>\n19,2<br \/>\nLlanta Material<br \/>\nCarbono<br \/>\nTama\u00f1o de rueda<br \/>\n622 x 29,6TC (29&#8243;)<\/p>\n<p><strong>-Trasera<\/strong><br \/>\nVelocidades traseras<br \/>\n12<br \/>\nTire Type<br \/>\nSin c\u00e1mara<br \/>\nTipo de freno<br \/>\nFreno de disco CENTER LOCK<br \/>\nTipo de chaveta|MICRO SPLINE<br \/>\n\u2714<br \/>\nRadios|N\u00famero<br \/>\n24<br \/>\nLlanta|Requiere cinta de llanta<br \/>\n\u2714 (30-622)<br \/>\nCubierta|Tama\u00f1o recomendado<br \/>\n29 x 2,20 &#8211; 2,60<br \/>\nCubierta|Tipo<br \/>\nTubeless Ready<br \/>\nLlanta Altura (mm)<br \/>\n19,2<br \/>\nLlanta Material<br \/>\nCarbono<br \/>\nTama\u00f1o de rueda<br \/>\n622 x 29,6TC (29&#8243;)<\/p>\n<p>PESO TOTAL DE LA PAREJA 1176 gramos<\/p>\n","protected":false},"excerpt":{"rendered":"<p>Con ruedas dise\u00f1adas para competir en XC (o para quien tenga alma de competidor), con llantas tubeless y con orificios de 29,6 mm del carbono m\u00e1s ligero de la historia de Shimano, con radios rectos de titanio enlazados, y que ruedan con unos bujes XTR, m\u00e1s fiables y de mayor rendimiento. Adem\u00e1s de ser las m\u00e1s ligeras de la familia XTR, las ruedas WH-M9200 tambi\u00e9n tienen anclajes de discos Centerlock y MICRO SPLINE para completar un conjunto puro para XC.<\/p>\n","protected":false},"featured_media":412846,"comment_status":"closed","ping_status":"closed","template":"","meta":{"_acf_changed":false,"_et_pb_use_builder":"","_et_pb_old_content":"","_et_gb_content_width":"","inline_featured_image":false},"product_brand":[],"product_cat":[25,55,429],"product_tag":[],"class_list":{"0":"post-412812","1":"product","2":"type-product","3":"status-publish","4":"has-post-thumbnail","6":"product_cat-componentes","7":"product_cat-ruedas","8":"product_cat-ofertas","9":"product_shipping_class-componentes","11":"first","12":"instock","13":"sale","14":"taxable","15":"shipping-taxable","16":"purchasable","17":"product-type-simple"},"acf":[],"yoast_head":"<!-- This site is optimized with the Yoast SEO Premium plugin v26.7 (Yoast SEO v26.7) - https:\/\/yoast.com\/wordpress\/plugins\/seo\/ -->\n<title>Shimano Juego de ruedas XTR WH-M9200 GR-100<\/title>\n<meta name=\"description\" content=\"Tubeless, carbono m\u00e1s ligero de la historia de Shimano, radios rectos de titanio enlazados, bujes XTR, anclajes Centerlock y MICRO SPLINE\" \/>\n<meta name=\"robots\" content=\"index, follow, max-snippet:-1, max-image-preview:large, max-video-preview:-1\" \/>\n<link rel=\"canonical\" href=\"https:\/\/gr-100.com\/producto\/shimano-juego-de-ruedas-xtr\/\" \/>\n<meta property=\"og:locale\" content=\"en_US\" \/>\n<meta property=\"og:type\" content=\"article\" \/>\n<meta property=\"og:title\" content=\"Shimano Juego de ruedas XTR WH-M9200\" \/>\n<meta property=\"og:description\" content=\"Tubeless, carbono m\u00e1s ligero de la historia de Shimano, radios rectos de titanio enlazados, bujes XTR, anclajes Centerlock y MICRO SPLINE\" \/>\n<meta property=\"og:url\" content=\"https:\/\/gr-100.com\/producto\/shimano-juego-de-ruedas-xtr\/\" \/>\n<meta property=\"og:site_name\" content=\"Gr-100 Tienda de ciclismo Specialized\" \/>\n<meta property=\"article:publisher\" content=\"https:\/\/www.facebook.com\/Gr100Bikes\" \/>\n<meta property=\"article:modified_time\" content=\"2026-03-11T10:33:51+00:00\" \/>\n<meta property=\"og:image\" content=\"https:\/\/gr-100.com\/wp-content\/uploads\/2025\/08\/ruedas_XTR_2025_4550170849818.jpg\" \/>\n\t<meta property=\"og:image:width\" content=\"1000\" \/>\n\t<meta property=\"og:image:height\" content=\"1000\" \/>\n\t<meta property=\"og:image:type\" content=\"image\/jpeg\" \/>\n<meta name=\"twitter:card\" content=\"summary_large_image\" \/>\n<meta name=\"twitter:label1\" content=\"Est. reading time\" \/>\n\t<meta name=\"twitter:data1\" content=\"2 minutes\" \/>\n<script type=\"application\/ld+json\" class=\"yoast-schema-graph\">{\"@context\":\"https:\/\/schema.org\",\"@graph\":[{\"@type\":\"WebPage\",\"@id\":\"https:\/\/gr-100.com\/producto\/shimano-juego-de-ruedas-xtr\/\",\"url\":\"https:\/\/gr-100.com\/producto\/shimano-juego-de-ruedas-xtr\/\",\"name\":\"Shimano Juego de ruedas XTR WH-M9200 GR-100\",\"isPartOf\":{\"@id\":\"https:\/\/gr-100.com\/#website\"},\"primaryImageOfPage\":{\"@id\":\"https:\/\/gr-100.com\/producto\/shimano-juego-de-ruedas-xtr\/#primaryimage\"},\"image\":{\"@id\":\"https:\/\/gr-100.com\/producto\/shimano-juego-de-ruedas-xtr\/#primaryimage\"},\"thumbnailUrl\":\"https:\/\/gr-100.com\/wp-content\/uploads\/2025\/08\/ruedas_XTR_2025_4550170849818.jpg\",\"datePublished\":\"2025-08-07T11:33:59+00:00\",\"dateModified\":\"2026-03-11T10:33:51+00:00\",\"description\":\"Tubeless, carbono m\u00e1s ligero de la historia de Shimano, radios rectos de titanio enlazados, bujes XTR, anclajes Centerlock y MICRO SPLINE\",\"breadcrumb\":{\"@id\":\"https:\/\/gr-100.com\/producto\/shimano-juego-de-ruedas-xtr\/#breadcrumb\"},\"inLanguage\":\"en-US\",\"potentialAction\":[{\"@type\":\"ReadAction\",\"target\":[\"https:\/\/gr-100.com\/producto\/shimano-juego-de-ruedas-xtr\/\"]}]},{\"@type\":\"ImageObject\",\"inLanguage\":\"en-US\",\"@id\":\"https:\/\/gr-100.com\/producto\/shimano-juego-de-ruedas-xtr\/#primaryimage\",\"url\":\"https:\/\/gr-100.com\/wp-content\/uploads\/2025\/08\/ruedas_XTR_2025_4550170849818.jpg\",\"contentUrl\":\"https:\/\/gr-100.com\/wp-content\/uploads\/2025\/08\/ruedas_XTR_2025_4550170849818.jpg\",\"width\":1000,\"height\":1000},{\"@type\":\"BreadcrumbList\",\"@id\":\"https:\/\/gr-100.com\/producto\/shimano-juego-de-ruedas-xtr\/#breadcrumb\",\"itemListElement\":[{\"@type\":\"ListItem\",\"position\":1,\"name\":\"Portada\",\"item\":\"https:\/\/gr-100.com\/pt-pt\/\"},{\"@type\":\"ListItem\",\"position\":2,\"name\":\"Productos\",\"item\":\"https:\/\/gr-100.com\/?post_type=product\"},{\"@type\":\"ListItem\",\"position\":3,\"name\":\"Shimano Juego de ruedas XTR WH-M9200\"}]},{\"@type\":\"WebSite\",\"@id\":\"https:\/\/gr-100.com\/#website\",\"url\":\"https:\/\/gr-100.com\/\",\"name\":\"Gr-100 Tienda de ciclismo Specialized\",\"description\":\"GR-100 tenemos todas las gamas de bicicletas Specialized al mejor precio.\",\"publisher\":{\"@id\":\"https:\/\/gr-100.com\/#organization\"},\"alternateName\":\"Gr-100 Bikes\",\"potentialAction\":[{\"@type\":\"SearchAction\",\"target\":{\"@type\":\"EntryPoint\",\"urlTemplate\":\"https:\/\/gr-100.com\/?s={search_term_string}\"},\"query-input\":{\"@type\":\"PropertyValueSpecification\",\"valueRequired\":true,\"valueName\":\"search_term_string\"}}],\"inLanguage\":\"en-US\"},{\"@type\":\"Organization\",\"@id\":\"https:\/\/gr-100.com\/#organization\",\"name\":\"Gr-100\",\"url\":\"https:\/\/gr-100.com\/\",\"logo\":{\"@type\":\"ImageObject\",\"inLanguage\":\"en-US\",\"@id\":\"https:\/\/gr-100.com\/#\/schema\/logo\/image\/\",\"url\":\"https:\/\/gr-100.com\/wp-content\/uploads\/2023\/08\/logo-gr-100-bikes.png\",\"contentUrl\":\"https:\/\/gr-100.com\/wp-content\/uploads\/2023\/08\/logo-gr-100-bikes.png\",\"width\":707,\"height\":284,\"caption\":\"Gr-100\"},\"image\":{\"@id\":\"https:\/\/gr-100.com\/#\/schema\/logo\/image\/\"},\"sameAs\":[\"https:\/\/www.facebook.com\/Gr100Bikes\",\"https:\/\/www.instagram.com\/gr100bikes\/\",\"https:\/\/www.tiktok.com\/@gr100bikes\",\"https:\/\/twitter.com\/gr100mtbteam\",\"https:\/\/www.youtube.com\/c\/GR100Specialized\"]}]}<\/script>\n<!-- \/ Yoast SEO Premium plugin. -->","yoast_head_json":{"title":"Shimano Juego de ruedas XTR WH-M9200 GR-100","description":"Tubeless, carbono m\u00e1s ligero de la historia de Shimano, radios rectos de titanio enlazados, bujes XTR, anclajes Centerlock y MICRO SPLINE","robots":{"index":"index","follow":"follow","max-snippet":"max-snippet:-1","max-image-preview":"max-image-preview:large","max-video-preview":"max-video-preview:-1"},"canonical":"https:\/\/gr-100.com\/producto\/shimano-juego-de-ruedas-xtr\/","og_locale":"en_US","og_type":"article","og_title":"Shimano Juego de ruedas XTR WH-M9200","og_description":"Tubeless, carbono m\u00e1s ligero de la historia de Shimano, radios rectos de titanio enlazados, bujes XTR, anclajes Centerlock y MICRO SPLINE","og_url":"https:\/\/gr-100.com\/producto\/shimano-juego-de-ruedas-xtr\/","og_site_name":"Gr-100 Tienda de ciclismo Specialized","article_publisher":"https:\/\/www.facebook.com\/Gr100Bikes","article_modified_time":"2026-03-11T10:33:51+00:00","og_image":[{"width":1000,"height":1000,"url":"https:\/\/gr-100.com\/wp-content\/uploads\/2025\/08\/ruedas_XTR_2025_4550170849818.jpg","type":"image\/jpeg"}],"twitter_card":"summary_large_image","twitter_misc":{"Est. reading time":"2 minutes"},"schema":{"@context":"https:\/\/schema.org","@graph":[{"@type":"WebPage","@id":"https:\/\/gr-100.com\/producto\/shimano-juego-de-ruedas-xtr\/","url":"https:\/\/gr-100.com\/producto\/shimano-juego-de-ruedas-xtr\/","name":"Shimano Juego de ruedas XTR WH-M9200 GR-100","isPartOf":{"@id":"https:\/\/gr-100.com\/#website"},"primaryImageOfPage":{"@id":"https:\/\/gr-100.com\/producto\/shimano-juego-de-ruedas-xtr\/#primaryimage"},"image":{"@id":"https:\/\/gr-100.com\/producto\/shimano-juego-de-ruedas-xtr\/#primaryimage"},"thumbnailUrl":"https:\/\/gr-100.com\/wp-content\/uploads\/2025\/08\/ruedas_XTR_2025_4550170849818.jpg","datePublished":"2025-08-07T11:33:59+00:00","dateModified":"2026-03-11T10:33:51+00:00","description":"Tubeless, carbono m\u00e1s ligero de la historia de Shimano, radios rectos de titanio enlazados, bujes XTR, anclajes Centerlock y MICRO SPLINE","breadcrumb":{"@id":"https:\/\/gr-100.com\/producto\/shimano-juego-de-ruedas-xtr\/#breadcrumb"},"inLanguage":"en-US","potentialAction":[{"@type":"ReadAction","target":["https:\/\/gr-100.com\/producto\/shimano-juego-de-ruedas-xtr\/"]}]},{"@type":"ImageObject","inLanguage":"en-US","@id":"https:\/\/gr-100.com\/producto\/shimano-juego-de-ruedas-xtr\/#primaryimage","url":"https:\/\/gr-100.com\/wp-content\/uploads\/2025\/08\/ruedas_XTR_2025_4550170849818.jpg","contentUrl":"https:\/\/gr-100.com\/wp-content\/uploads\/2025\/08\/ruedas_XTR_2025_4550170849818.jpg","width":1000,"height":1000},{"@type":"BreadcrumbList","@id":"https:\/\/gr-100.com\/producto\/shimano-juego-de-ruedas-xtr\/#breadcrumb","itemListElement":[{"@type":"ListItem","position":1,"name":"Portada","item":"https:\/\/gr-100.com\/pt-pt\/"},{"@type":"ListItem","position":2,"name":"Productos","item":"https:\/\/gr-100.com\/?post_type=product"},{"@type":"ListItem","position":3,"name":"Shimano Juego de ruedas XTR WH-M9200"}]},{"@type":"WebSite","@id":"https:\/\/gr-100.com\/#website","url":"https:\/\/gr-100.com\/","name":"Gr-100 Tienda de ciclismo Specialized","description":"GR-100 tenemos todas las gamas de bicicletas Specialized al mejor precio.","publisher":{"@id":"https:\/\/gr-100.com\/#organization"},"alternateName":"Gr-100 Bikes","potentialAction":[{"@type":"SearchAction","target":{"@type":"EntryPoint","urlTemplate":"https:\/\/gr-100.com\/?s={search_term_string}"},"query-input":{"@type":"PropertyValueSpecification","valueRequired":true,"valueName":"search_term_string"}}],"inLanguage":"en-US"},{"@type":"Organization","@id":"https:\/\/gr-100.com\/#organization","name":"Gr-100","url":"https:\/\/gr-100.com\/","logo":{"@type":"ImageObject","inLanguage":"en-US","@id":"https:\/\/gr-100.com\/#\/schema\/logo\/image\/","url":"https:\/\/gr-100.com\/wp-content\/uploads\/2023\/08\/logo-gr-100-bikes.png","contentUrl":"https:\/\/gr-100.com\/wp-content\/uploads\/2023\/08\/logo-gr-100-bikes.png","width":707,"height":284,"caption":"Gr-100"},"image":{"@id":"https:\/\/gr-100.com\/#\/schema\/logo\/image\/"},"sameAs":["https:\/\/www.facebook.com\/Gr100Bikes","https:\/\/www.instagram.com\/gr100bikes\/","https:\/\/www.tiktok.com\/@gr100bikes","https:\/\/twitter.com\/gr100mtbteam","https:\/\/www.youtube.com\/c\/GR100Specialized"]}]}},"_links":{"self":[{"href":"https:\/\/gr-100.com\/en\/wp-json\/wp\/v2\/product\/412812","targetHints":{"allow":["GET"]}}],"collection":[{"href":"https:\/\/gr-100.com\/en\/wp-json\/wp\/v2\/product"}],"about":[{"href":"https:\/\/gr-100.com\/en\/wp-json\/wp\/v2\/types\/product"}],"replies":[{"embeddable":true,"href":"https:\/\/gr-100.com\/en\/wp-json\/wp\/v2\/comments?post=412812"}],"wp:featuredmedia":[{"embeddable":true,"href":"https:\/\/gr-100.com\/en\/wp-json\/wp\/v2\/media\/412846"}],"wp:attachment":[{"href":"https:\/\/gr-100.com\/en\/wp-json\/wp\/v2\/media?parent=412812"}],"wp:term":[{"taxonomy":"product_brand","embeddable":true,"href":"https:\/\/gr-100.com\/en\/wp-json\/wp\/v2\/product_brand?post=412812"},{"taxonomy":"product_cat","embeddable":true,"href":"https:\/\/gr-100.com\/en\/wp-json\/wp\/v2\/product_cat?post=412812"},{"taxonomy":"product_tag","embeddable":true,"href":"https:\/\/gr-100.com\/en\/wp-json\/wp\/v2\/product_tag?post=412812"}],"curies":[{"name":"wp","href":"https:\/\/api.w.org\/{rel}","templated":true}]}}