{"id":413615,"date":"2025-08-21T13:47:35","date_gmt":"2025-08-21T11:47:35","guid":{"rendered":"https:\/\/gr-100.com\/?post_type=product&#038;p=413615"},"modified":"2026-04-16T11:14:45","modified_gmt":"2026-04-16T10:14:45","slug":"specialized-tarmac-sl7-sport-shimano-105-2026","status":"publish","type":"product","link":"https:\/\/gr-100.com\/en\/producto\/specialized-tarmac-sl7-sport-shimano-105-2026\/","title":{"rendered":"Specialized Tarmac SL7 Sport Shimano 105 2026"},"content":{"rendered":"<ul>\n<li>Mientras que la aerodin\u00e1mica era primordial para el desarrollo de la Tarmac, y para el desarrollo de todas nuestras bicicletas de competici\u00f3n, el peso era el copiloto en este viaje hacia la bicicleta de competici\u00f3n perfecta. Anteriormente, las &#8220;bicicletas aerodin\u00e1micas&#8221; siempre se ve\u00edan comprometidas en el apartado del peso: cuanto m\u00e1s se reduc\u00eda la resistencia aerodin\u00e1mica, m\u00e1s peso se ganaba. Con la nueva Tarmac, nuestra filosof\u00eda de dise\u00f1o era mantenerla dentro o por debajo del l\u00edmite de peso de la UCI, sin sacrificar la aerodin\u00e1mica. Y con la ayuda de la biblioteca de formas FreeFoil, herramientas como el an\u00e1lisis isot\u00f3pico de elementos finitos y algunos trucos de los mejores ingenieros del sector, hemos conseguido un cuadro FACT 9r que pesa tan solo 1.010 gramos, sin renunciar a un gramo de aerodin\u00e1mica, rigidez o calidad de conducci\u00f3n.<\/li>\n<li>Continuando nuestro inter\u00e9s por desarrollar la bici de competici\u00f3n perfecta, empleamos nuestra filosof\u00eda Rider-First Engineered\u2122 para asegurar que la nueva Tarmac sea la m\u00e1s equilibrada y con mejor comportamiento, indistintamente de la talla. Con la valiosa experiencia de los ciclistas de nuestros equipos en las carreras World Tour, SD-Worx, Quick-Step, Total Energies y Bora-hansgrohe, hicimos modificaciones a la Tarmac en base a sus miles de kil\u00f3metros en la carretera. Equilibramos el comportamiento entre el tren delantero y trasero, para que a\u00fan los d\u00edas m\u00e1s largos sobre el sill\u00edn contin\u00faen siendo agradables, sin renunciar a su c\u00e9lebre conducci\u00f3n ni a la velocidad ganadora de la Tarmac.<\/li>\n<li>Partiendo de los conocimientos de la Venge, la nueva Tarmac recurre a una integraci\u00f3n sencilla para crear un conjunto potencia-manillar con el que es f\u00e1cil convivir. Hemos mejorado el guiado de cables para cualquier configuraci\u00f3n: transmisi\u00f3n mec\u00e1nica, potencias tradicionales, manillares redondos, etc., manteniendo sus atributos aerodin\u00e1micos. Estas caracter\u00edsticas tambi\u00e9n hacen m\u00e1s f\u00e1cil trabajar y viajar con la nueva Tarmac. Todo son ventajas.<\/li>\n<li>Especificaciones t\u00e9cnicas<\/li>\n<li>Cuadro<br \/>\nCuadro<br \/>\nTarmac SL7 FACT 9r Carbon, Rider First Engineered\u2122, Win Tunnel Engineered, Clean Routing, Threaded BB, 12x142mm thru-axle, flat-mount disc<\/li>\n<li>Suspensi\u00f3n<br \/>\nHorquilla<br \/>\nFACT Carbon, 12x100mm thru-axle, flat-mount disc<\/li>\n<li>Frenos<br \/>\nFreno delantero<br \/>\nShimano 105, Hydraulic disc<br \/>\nFreno trasero<br \/>\nShimano 105, Hydraulic disc<\/li>\n<li>Transmisi\u00f3n<br \/>\nManetas de cambio<br \/>\nsee override<br \/>\nPlatos y bielas<br \/>\nShimano 105, 12-speed<br \/>\nCassette<br \/>\nShimano 105, 12-speed, 11-34t<br \/>\nDesviador delantero<br \/>\nShimano 105, Braze-on<br \/>\nCadena<br \/>\nShimano SLX, M7100, 12-speed<br \/>\nCaja de pedalier<br \/>\nShimano Threaded BSA BB<br \/>\nDesviador trasero<br \/>\nShimnao 105 R7100, 12-Speed<\/li>\n<li>Ruedas y neum\u00e1ticos<br \/>\nC\u00e1maras<br \/>\n700&#215;20-28, 48mm Presta Valve<br \/>\nRueda delantera<br \/>\nDT Swiss R470 rim, 20mm internal width, tubeless ready, 24h, Specialized full sealed bearing thru axle hub, centerlock disc, DT Swiss Champion 14G stainless steel spokes, DT Swiss brass nipples.<br \/>\nRueda trasera<br \/>\nDT Swiss R470 rim, 20mm internal width, tubeless ready, 24h, Specialized full sealed bearing thru axle hub, centerlock disc, DT Swiss Champion 14G stainless steel spokes, DT Swiss brass nipples.<br \/>\nNeum\u00e1tico delantero<br \/>\nTurbo Pro, 700&#215;26<br \/>\nNeum\u00e1tico trasero<br \/>\nTurbo Pro, 700&#215;26<\/li>\n<li>Cockpit<br \/>\nTija del sill\u00edn<br \/>\n2021 S-Works Tarmac Carbon seat post, FACT Carbon, 20mm offset<br \/>\nSill\u00edn<br \/>\nBody Geometry Power Sport, steel rails<br \/>\nManillar<br \/>\nSpecialized Shallow Drop, 6061, 70x125mm, 31.8mm clamp<br \/>\nCinta de manillar<br \/>\nSupacaz Super Sticky Kush<br \/>\nPotencia<br \/>\nTarmac integrated stem, 6-degree<br \/>\nAbrazadera del sill\u00edn<br \/>\nTarmac integrated wedge<\/li>\n<li>Detalles del producto<br \/>\nIdentificador del producto<br \/>\n221579<\/li>\n<li>Peso<br \/>\nTalla<br \/>\n56<br \/>\nPeso<br \/>\n8.27 kg (18 lb, 3.7 oz)<\/li>\n<\/ul>\n","protected":false},"excerpt":{"rendered":"<p>La nueva Tarmac est\u00e1 dise\u00f1ada para ir r\u00e1pido, no hay peros que valgan, pero representa mucho m\u00e1s que una simple proeza aerodin\u00e1mica. Con un cuadro ligero Rider-First Engineered\u2122, ofrece las mejores caracter\u00edsticas de conducci\u00f3n posibles, independientemente del tama\u00f1o. As\u00ed que no importa lo que hayas planeado para tu nueva Tarmac, est\u00e1 preparada para ayudarte a conseguir tus objetivos: R\u00e9cords Personales, KOMs o podios. Una bicicleta para dominarlas a todas.<\/p>\n","protected":false},"featured_media":413646,"comment_status":"open","ping_status":"closed","template":"","meta":{"_acf_changed":false,"_et_pb_use_builder":"","_et_pb_old_content":"","_et_gb_content_width":"","inline_featured_image":false},"product_brand":[],"product_cat":[420,20,5190,5188,5186],"product_tag":[],"class_list":{"0":"post-413615","1":"product","2":"type-product","3":"status-publish","4":"has-post-thumbnail","6":"product_cat-bicicletas","7":"product_cat-bicicletas-de-carretera","8":"product_cat-bicicletas-carretera-aero","9":"product_cat-bicicletas-carretera-carbono","10":"product_cat-bicicletas-carretera-specialized","11":"product_shipping_class-bicicletas","13":"first","14":"instock","15":"taxable","16":"shipping-taxable","17":"purchasable","18":"product-type-variable","19":"wvs-archive-product-wrapper"},"acf":[],"yoast_head":"<!-- This site is optimized with the Yoast SEO Premium plugin v26.7 (Yoast SEO v26.7) - https:\/\/yoast.com\/wordpress\/plugins\/seo\/ -->\n<title>Specialized Tarmac SL7 Sport Shimano 105 2026 GR-100<\/title>\n<meta name=\"description\" content=\"Dise\u00f1ada para ir r\u00e1pido, no hay peros que valgan, pero representa mucho m\u00e1s que una simple proeza aerodin\u00e1mica. Con un cuadro ligero Rider-First Engineered\u2122\" \/>\n<meta name=\"robots\" content=\"index, follow, max-snippet:-1, max-image-preview:large, max-video-preview:-1\" \/>\n<link rel=\"canonical\" href=\"https:\/\/gr-100.com\/producto\/specialized-tarmac-sl7-sport-shimano-105-2026\/\" \/>\n<meta property=\"og:locale\" content=\"en_US\" \/>\n<meta property=\"og:type\" content=\"article\" \/>\n<meta property=\"og:title\" content=\"Specialized Tarmac SL7 Sport Shimano 105 2026\" \/>\n<meta property=\"og:description\" content=\"Dise\u00f1ada para ir r\u00e1pido, no hay peros que valgan, pero representa mucho m\u00e1s que una simple proeza aerodin\u00e1mica. Con un cuadro ligero Rider-First Engineered\u2122\" \/>\n<meta property=\"og:url\" content=\"https:\/\/gr-100.com\/producto\/specialized-tarmac-sl7-sport-shimano-105-2026\/\" \/>\n<meta property=\"og:site_name\" content=\"Gr-100 Tienda de ciclismo Specialized\" \/>\n<meta property=\"article:publisher\" content=\"https:\/\/www.facebook.com\/Gr100Bikes\" \/>\n<meta property=\"article:modified_time\" content=\"2026-04-16T10:14:45+00:00\" \/>\n<meta property=\"og:image\" content=\"https:\/\/gr-100.com\/wp-content\/uploads\/2025\/08\/Diseno-sin-titulo-2025-08-21T131629.473.jpg\" \/>\n\t<meta property=\"og:image:width\" content=\"1000\" \/>\n\t<meta property=\"og:image:height\" content=\"1000\" \/>\n\t<meta property=\"og:image:type\" content=\"image\/jpeg\" \/>\n<meta name=\"twitter:card\" content=\"summary_large_image\" \/>\n<meta name=\"twitter:label1\" content=\"Est. reading time\" \/>\n\t<meta name=\"twitter:data1\" content=\"3 minutes\" \/>\n<script type=\"application\/ld+json\" class=\"yoast-schema-graph\">{\"@context\":\"https:\/\/schema.org\",\"@graph\":[{\"@type\":\"WebPage\",\"@id\":\"https:\/\/gr-100.com\/producto\/specialized-tarmac-sl7-sport-shimano-105-2026\/\",\"url\":\"https:\/\/gr-100.com\/producto\/specialized-tarmac-sl7-sport-shimano-105-2026\/\",\"name\":\"Specialized Tarmac SL7 Sport Shimano 105 2026 GR-100\",\"isPartOf\":{\"@id\":\"https:\/\/gr-100.com\/#website\"},\"primaryImageOfPage\":{\"@id\":\"https:\/\/gr-100.com\/producto\/specialized-tarmac-sl7-sport-shimano-105-2026\/#primaryimage\"},\"image\":{\"@id\":\"https:\/\/gr-100.com\/producto\/specialized-tarmac-sl7-sport-shimano-105-2026\/#primaryimage\"},\"thumbnailUrl\":\"https:\/\/gr-100.com\/wp-content\/uploads\/2025\/08\/Diseno-sin-titulo-2025-08-21T131629.473.jpg\",\"datePublished\":\"2025-08-21T11:47:35+00:00\",\"dateModified\":\"2026-04-16T10:14:45+00:00\",\"description\":\"Dise\u00f1ada para ir r\u00e1pido, no hay peros que valgan, pero representa mucho m\u00e1s que una simple proeza aerodin\u00e1mica. Con un cuadro ligero Rider-First Engineered\u2122\",\"breadcrumb\":{\"@id\":\"https:\/\/gr-100.com\/producto\/specialized-tarmac-sl7-sport-shimano-105-2026\/#breadcrumb\"},\"inLanguage\":\"en-US\",\"potentialAction\":[{\"@type\":\"ReadAction\",\"target\":[\"https:\/\/gr-100.com\/producto\/specialized-tarmac-sl7-sport-shimano-105-2026\/\"]}]},{\"@type\":\"ImageObject\",\"inLanguage\":\"en-US\",\"@id\":\"https:\/\/gr-100.com\/producto\/specialized-tarmac-sl7-sport-shimano-105-2026\/#primaryimage\",\"url\":\"https:\/\/gr-100.com\/wp-content\/uploads\/2025\/08\/Diseno-sin-titulo-2025-08-21T131629.473.jpg\",\"contentUrl\":\"https:\/\/gr-100.com\/wp-content\/uploads\/2025\/08\/Diseno-sin-titulo-2025-08-21T131629.473.jpg\",\"width\":1000,\"height\":1000},{\"@type\":\"BreadcrumbList\",\"@id\":\"https:\/\/gr-100.com\/producto\/specialized-tarmac-sl7-sport-shimano-105-2026\/#breadcrumb\",\"itemListElement\":[{\"@type\":\"ListItem\",\"position\":1,\"name\":\"Portada\",\"item\":\"https:\/\/gr-100.com\/pt-pt\/\"},{\"@type\":\"ListItem\",\"position\":2,\"name\":\"Productos\",\"item\":\"https:\/\/gr-100.com\/?post_type=product\"},{\"@type\":\"ListItem\",\"position\":3,\"name\":\"Specialized Tarmac SL7 Sport Shimano 105 2026\"}]},{\"@type\":\"WebSite\",\"@id\":\"https:\/\/gr-100.com\/#website\",\"url\":\"https:\/\/gr-100.com\/\",\"name\":\"Gr-100 Tienda de ciclismo Specialized\",\"description\":\"GR-100 tenemos todas las gamas de bicicletas Specialized al mejor precio.\",\"publisher\":{\"@id\":\"https:\/\/gr-100.com\/#organization\"},\"alternateName\":\"Gr-100 Bikes\",\"potentialAction\":[{\"@type\":\"SearchAction\",\"target\":{\"@type\":\"EntryPoint\",\"urlTemplate\":\"https:\/\/gr-100.com\/?s={search_term_string}\"},\"query-input\":{\"@type\":\"PropertyValueSpecification\",\"valueRequired\":true,\"valueName\":\"search_term_string\"}}],\"inLanguage\":\"en-US\"},{\"@type\":\"Organization\",\"@id\":\"https:\/\/gr-100.com\/#organization\",\"name\":\"Gr-100\",\"url\":\"https:\/\/gr-100.com\/\",\"logo\":{\"@type\":\"ImageObject\",\"inLanguage\":\"en-US\",\"@id\":\"https:\/\/gr-100.com\/#\/schema\/logo\/image\/\",\"url\":\"https:\/\/gr-100.com\/wp-content\/uploads\/2023\/08\/logo-gr-100-bikes.png\",\"contentUrl\":\"https:\/\/gr-100.com\/wp-content\/uploads\/2023\/08\/logo-gr-100-bikes.png\",\"width\":707,\"height\":284,\"caption\":\"Gr-100\"},\"image\":{\"@id\":\"https:\/\/gr-100.com\/#\/schema\/logo\/image\/\"},\"sameAs\":[\"https:\/\/www.facebook.com\/Gr100Bikes\",\"https:\/\/www.instagram.com\/gr100bikes\/\",\"https:\/\/www.tiktok.com\/@gr100bikes\",\"https:\/\/twitter.com\/gr100mtbteam\",\"https:\/\/www.youtube.com\/c\/GR100Specialized\"]}]}<\/script>\n<!-- \/ Yoast SEO Premium plugin. -->","yoast_head_json":{"title":"Specialized Tarmac SL7 Sport Shimano 105 2026 GR-100","description":"Dise\u00f1ada para ir r\u00e1pido, no hay peros que valgan, pero representa mucho m\u00e1s que una simple proeza aerodin\u00e1mica. Con un cuadro ligero Rider-First Engineered\u2122","robots":{"index":"index","follow":"follow","max-snippet":"max-snippet:-1","max-image-preview":"max-image-preview:large","max-video-preview":"max-video-preview:-1"},"canonical":"https:\/\/gr-100.com\/producto\/specialized-tarmac-sl7-sport-shimano-105-2026\/","og_locale":"en_US","og_type":"article","og_title":"Specialized Tarmac SL7 Sport Shimano 105 2026","og_description":"Dise\u00f1ada para ir r\u00e1pido, no hay peros que valgan, pero representa mucho m\u00e1s que una simple proeza aerodin\u00e1mica. Con un cuadro ligero Rider-First Engineered\u2122","og_url":"https:\/\/gr-100.com\/producto\/specialized-tarmac-sl7-sport-shimano-105-2026\/","og_site_name":"Gr-100 Tienda de ciclismo Specialized","article_publisher":"https:\/\/www.facebook.com\/Gr100Bikes","article_modified_time":"2026-04-16T10:14:45+00:00","og_image":[{"width":1000,"height":1000,"url":"https:\/\/gr-100.com\/wp-content\/uploads\/2025\/08\/Diseno-sin-titulo-2025-08-21T131629.473.jpg","type":"image\/jpeg"}],"twitter_card":"summary_large_image","twitter_misc":{"Est. reading time":"3 minutes"},"schema":{"@context":"https:\/\/schema.org","@graph":[{"@type":"WebPage","@id":"https:\/\/gr-100.com\/producto\/specialized-tarmac-sl7-sport-shimano-105-2026\/","url":"https:\/\/gr-100.com\/producto\/specialized-tarmac-sl7-sport-shimano-105-2026\/","name":"Specialized Tarmac SL7 Sport Shimano 105 2026 GR-100","isPartOf":{"@id":"https:\/\/gr-100.com\/#website"},"primaryImageOfPage":{"@id":"https:\/\/gr-100.com\/producto\/specialized-tarmac-sl7-sport-shimano-105-2026\/#primaryimage"},"image":{"@id":"https:\/\/gr-100.com\/producto\/specialized-tarmac-sl7-sport-shimano-105-2026\/#primaryimage"},"thumbnailUrl":"https:\/\/gr-100.com\/wp-content\/uploads\/2025\/08\/Diseno-sin-titulo-2025-08-21T131629.473.jpg","datePublished":"2025-08-21T11:47:35+00:00","dateModified":"2026-04-16T10:14:45+00:00","description":"Dise\u00f1ada para ir r\u00e1pido, no hay peros que valgan, pero representa mucho m\u00e1s que una simple proeza aerodin\u00e1mica. Con un cuadro ligero Rider-First Engineered\u2122","breadcrumb":{"@id":"https:\/\/gr-100.com\/producto\/specialized-tarmac-sl7-sport-shimano-105-2026\/#breadcrumb"},"inLanguage":"en-US","potentialAction":[{"@type":"ReadAction","target":["https:\/\/gr-100.com\/producto\/specialized-tarmac-sl7-sport-shimano-105-2026\/"]}]},{"@type":"ImageObject","inLanguage":"en-US","@id":"https:\/\/gr-100.com\/producto\/specialized-tarmac-sl7-sport-shimano-105-2026\/#primaryimage","url":"https:\/\/gr-100.com\/wp-content\/uploads\/2025\/08\/Diseno-sin-titulo-2025-08-21T131629.473.jpg","contentUrl":"https:\/\/gr-100.com\/wp-content\/uploads\/2025\/08\/Diseno-sin-titulo-2025-08-21T131629.473.jpg","width":1000,"height":1000},{"@type":"BreadcrumbList","@id":"https:\/\/gr-100.com\/producto\/specialized-tarmac-sl7-sport-shimano-105-2026\/#breadcrumb","itemListElement":[{"@type":"ListItem","position":1,"name":"Portada","item":"https:\/\/gr-100.com\/pt-pt\/"},{"@type":"ListItem","position":2,"name":"Productos","item":"https:\/\/gr-100.com\/?post_type=product"},{"@type":"ListItem","position":3,"name":"Specialized Tarmac SL7 Sport Shimano 105 2026"}]},{"@type":"WebSite","@id":"https:\/\/gr-100.com\/#website","url":"https:\/\/gr-100.com\/","name":"Gr-100 Tienda de ciclismo Specialized","description":"GR-100 tenemos todas las gamas de bicicletas Specialized al mejor precio.","publisher":{"@id":"https:\/\/gr-100.com\/#organization"},"alternateName":"Gr-100 Bikes","potentialAction":[{"@type":"SearchAction","target":{"@type":"EntryPoint","urlTemplate":"https:\/\/gr-100.com\/?s={search_term_string}"},"query-input":{"@type":"PropertyValueSpecification","valueRequired":true,"valueName":"search_term_string"}}],"inLanguage":"en-US"},{"@type":"Organization","@id":"https:\/\/gr-100.com\/#organization","name":"Gr-100","url":"https:\/\/gr-100.com\/","logo":{"@type":"ImageObject","inLanguage":"en-US","@id":"https:\/\/gr-100.com\/#\/schema\/logo\/image\/","url":"https:\/\/gr-100.com\/wp-content\/uploads\/2023\/08\/logo-gr-100-bikes.png","contentUrl":"https:\/\/gr-100.com\/wp-content\/uploads\/2023\/08\/logo-gr-100-bikes.png","width":707,"height":284,"caption":"Gr-100"},"image":{"@id":"https:\/\/gr-100.com\/#\/schema\/logo\/image\/"},"sameAs":["https:\/\/www.facebook.com\/Gr100Bikes","https:\/\/www.instagram.com\/gr100bikes\/","https:\/\/www.tiktok.com\/@gr100bikes","https:\/\/twitter.com\/gr100mtbteam","https:\/\/www.youtube.com\/c\/GR100Specialized"]}]}},"_links":{"self":[{"href":"https:\/\/gr-100.com\/en\/wp-json\/wp\/v2\/product\/413615","targetHints":{"allow":["GET"]}}],"collection":[{"href":"https:\/\/gr-100.com\/en\/wp-json\/wp\/v2\/product"}],"about":[{"href":"https:\/\/gr-100.com\/en\/wp-json\/wp\/v2\/types\/product"}],"replies":[{"embeddable":true,"href":"https:\/\/gr-100.com\/en\/wp-json\/wp\/v2\/comments?post=413615"}],"wp:featuredmedia":[{"embeddable":true,"href":"https:\/\/gr-100.com\/en\/wp-json\/wp\/v2\/media\/413646"}],"wp:attachment":[{"href":"https:\/\/gr-100.com\/en\/wp-json\/wp\/v2\/media?parent=413615"}],"wp:term":[{"taxonomy":"product_brand","embeddable":true,"href":"https:\/\/gr-100.com\/en\/wp-json\/wp\/v2\/product_brand?post=413615"},{"taxonomy":"product_cat","embeddable":true,"href":"https:\/\/gr-100.com\/en\/wp-json\/wp\/v2\/product_cat?post=413615"},{"taxonomy":"product_tag","embeddable":true,"href":"https:\/\/gr-100.com\/en\/wp-json\/wp\/v2\/product_tag?post=413615"}],"curies":[{"name":"wp","href":"https:\/\/api.w.org\/{rel}","templated":true}]}}