{"id":413897,"date":"2025-08-28T13:16:25","date_gmt":"2025-08-28T11:16:25","guid":{"rendered":"https:\/\/gr-100.com\/?post_type=product&#038;p=413897"},"modified":"2026-04-09T11:53:28","modified_gmt":"2026-04-09T10:53:28","slug":"specilaized-turbo-levo-sl-expert-di2-2026","status":"publish","type":"product","link":"https:\/\/gr-100.com\/en\/producto\/specilaized-turbo-levo-sl-expert-di2-2026\/","title":{"rendered":"Specialized Turbo Levo SL Expert 2 Di2 2026"},"content":{"rendered":"<ul>\n<li>Especificaciones t\u00e9cnicas<\/li>\n<li>E-bike<br \/>\nCargador<br \/>\nCargador personalizado, sistema de 48V con conector espec\u00edfico para el sistema SL.<br \/>\nInterfaz\/Control Remoto (UI\/Remote)<br \/>\nSpecialized MasterMind TCU, muestra el porcentaje de bater\u00eda restante, hasta 120 configuraciones de pantalla posibles, ajuste de asistencia MicroTune, actualizaciones por aire (OTA), compatibilidad ANT+\/Bluetooth\u00ae, con control remoto en el manillar.<br \/>\nMotor<br \/>\nMotor personalizado Specialized SL 1.2, ajustado para trail con tecnolog\u00eda Rx Trail Tune.<br \/>\nBater\u00eda<br \/>\nSpecialized SL1-320, totalmente integrada, 320Wh.<\/li>\n<li>Cuadro<br \/>\nAbrazadera del sill\u00edn<br \/>\nAluminio, 38,6 mm.<br \/>\nCuadro<br \/>\nCuadro Levo SL de carbono, FACT 11m, con extensi\u00f3n de amortiguador en aleaci\u00f3n, recorrido de 150 mm, \u00e1ngulo de direcci\u00f3n y altura del eje de pedalier ajustables, compatible con ruedas de 27,5&#8243; o 29&#8243;.<\/li>\n<li>Suspensi\u00f3n<br \/>\nHorquilla<br \/>\nFOX FLOAT 36 Performance Elite, amortiguador GRIP X2, ajuste de compresi\u00f3n y rebote en alta y baja velocidad, eje pasante de 15&#215;110 mm QR, offset de 44 mm.<br \/>\nAmortiguador trasero<br \/>\nFOX FLOAT X Performance Elite con tecnolog\u00eda Specialized GENIE Shock, ajuste Trail Tune de Ride Dynamics, palanca de 2 posiciones, ajuste de rebote lento (LSR),<br \/>\nTallas S2-S6: 210&#215;55 mm<br \/>\nTalla S1: FOX FLOAT Performance Elite 210&#215;52,5 mm<\/li>\n<li>Frenos<br \/>\nFreno delantero<br \/>\nShimano Deore XT, 4 pistones, pastilla met\u00e1lica con aletas disipadoras, disco de 203 mm.<br \/>\nFreno trasero<br \/>\nShimano Deore XT, 4 pistones, pastilla met\u00e1lica con aletas disipadoras, disco de 203 mm.<\/li>\n<li>Transmisi\u00f3n<br \/>\nPlato<br \/>\nRace Face de aleaci\u00f3n, 104 BCD, 32 dientes.<br \/>\nBielas<br \/>\nBielas SRAM de aleaci\u00f3n, 165 mm, interfaz Dub.<br \/>\nMandos de cambio<br \/>\nShimano XT Di2.<br \/>\nCambio trasero<br \/>\nShimano XT Di2, 12 velocidades.<br \/>\nCadena<br \/>\nShimano XT M8100, 12 velocidades, con cierre r\u00e1pido.<br \/>\nCassette<br \/>\nShimano XT M8200, 12 velocidades, 10-51 dientes.<\/li>\n<li>Ruedas y neum\u00e1ticos<br \/>\nNeum\u00e1tico delantero<br \/>\nButcher, carcasa GRID TRAIL, compuesto GRIPTON\u00ae T9, Tubeless Ready, 29&#215;2.4&#8243;.<br \/>\nNeum\u00e1tico trasero<br \/>\nEliminator, carcasa GRID GRAVITY, compuesto GRIPTON\u00ae T7\/T9, Tubeless Ready, 27.5&#215;2.4&#8243;.<br \/>\nC\u00e1maras<br \/>\nEst\u00e1ndar, v\u00e1lvula Presta.<br \/>\nRueda delantera<br \/>\nTraverse Alloy 370, 29&#8243;, 28 radios, llanta de aleaci\u00f3n, ancho interno de 30 mm, eje de 15&#215;110 mm, 6 tornillos.<br \/>\nRueda trasera<br \/>\nTraverse Alloy 370, 27.5&#8243;, 32 radios, llanta de aleaci\u00f3n, ancho interno de 30 mm, buje trasero DT Swiss 370, eje de 12&#215;148 mm, 6 tornillos.<\/li>\n<li>Cockpit<br \/>\nPotencia<br \/>\nPotencia Trail de aleaci\u00f3n, di\u00e1metro de manillar 35 mm.<br \/>\nManillar<br \/>\nManillar de aleaci\u00f3n, di\u00e1metro 35 mm, retroceso de 8\u00b0, elevaci\u00f3n de 6\u00b0.<br \/>\nTallas S1\/S2: 780 mm ancho \/ 30 mm de elevaci\u00f3n<br \/>\nTallas S3-S6: 800 mm ancho \/ 50 mm de elevaci\u00f3n<br \/>\nPu\u00f1os<br \/>\nDeity Lockjaw.<br \/>\nTija telesc\u00f3pica<br \/>\nPNW Loam Dropper, ajuste de recorrido sin herramientas, mando Range, di\u00e1metro 34,9 mm.<br \/>\nS1: 125 mm<br \/>\nS2: 150 mm<br \/>\nS3: 175 mm<br \/>\nS4-S5: 200 mm<br \/>\nS6: 225 mm<br \/>\nSill\u00edn<br \/>\nSpecialized Bridge Comp con tecnolog\u00eda Mimic.<\/li>\n<li>Accesorios<br \/>\nSWAT<br \/>\nHerramienta integrada en el tubo de direcci\u00f3n SWAT CC, incluye tronchacadenas y eslab\u00f3n r\u00e1pido.<br \/>\nDetalles del producto<br \/>\nID del producto<br \/>\n221351<\/li>\n<li>Peso<br \/>\n18,92 kg (41 lb, 11.4 oz)<br \/>\nTalla del peso indicado<br \/>\nTalla S4<\/li>\n<\/ul>\n","protected":false},"excerpt":{"rendered":"<p>Con su inigualable combinaci\u00f3n de ligereza, calidad de conducci\u00f3n y una asistencia casi sobrenatural, la Levo SL ofrece la mejor experiencia sobre la bici, amplificada. Comp\u00e1rala con cualquier otra, con motor o sin \u00e9l, y creemos que estar\u00e1s de acuerdo: la Levo SL es la bicicleta de trail definitiva.<\/p>\n","protected":false},"featured_media":413898,"comment_status":"open","ping_status":"closed","template":"","meta":{"_acf_changed":false,"_et_pb_use_builder":"","_et_pb_old_content":"","_et_gb_content_width":"","inline_featured_image":false},"product_brand":[],"product_cat":[4330,420,23,5211,5214,5218,5208,27],"product_tag":[],"class_list":{"0":"post-413897","1":"product","2":"type-product","3":"status-publish","4":"has-post-thumbnail","6":"product_cat-black-friday-2","7":"product_cat-bicicletas","8":"product_cat-bicicletas-electricas","9":"product_cat-bicicletas-electricas-carbono","10":"product_cat-bicicletas-electricas-enduro-trail","11":"product_cat-bicicletas-electricas-montana","12":"product_cat-bicicletas-electricas-specialized","13":"product_cat-outlet","14":"product_shipping_class-bicicletas","16":"first","17":"instock","18":"sale","19":"taxable","20":"shipping-taxable","21":"purchasable","22":"product-type-variable","23":"wvs-archive-product-wrapper"},"acf":[],"yoast_head":"<!-- This site is optimized with the Yoast SEO Premium plugin v26.7 (Yoast SEO v26.7) - https:\/\/yoast.com\/wordpress\/plugins\/seo\/ -->\n<title>Specialized Turbo Levo SL Expert 2 Di2 2026 GR-100<\/title>\n<meta name=\"description\" content=\"Combinaci\u00f3n de ligereza, calidad de conducci\u00f3n y una asistencia casi sobrenatural, la Levo SL ofrece la mejor experiencia sobre la bici, amplificada\" \/>\n<meta name=\"robots\" content=\"index, follow, max-snippet:-1, max-image-preview:large, max-video-preview:-1\" \/>\n<link rel=\"canonical\" href=\"https:\/\/gr-100.com\/producto\/specilaized-turbo-levo-sl-expert-di2-2026\/\" \/>\n<meta property=\"og:locale\" content=\"en_US\" \/>\n<meta property=\"og:type\" content=\"article\" \/>\n<meta property=\"og:title\" content=\"Specialized Turbo Levo SL Expert 2 Di2 2026\" \/>\n<meta property=\"og:description\" content=\"Combinaci\u00f3n de ligereza, calidad de conducci\u00f3n y una asistencia casi sobrenatural, la Levo SL ofrece la mejor experiencia sobre la bici, amplificada\" \/>\n<meta property=\"og:url\" content=\"https:\/\/gr-100.com\/producto\/specilaized-turbo-levo-sl-expert-di2-2026\/\" \/>\n<meta property=\"og:site_name\" content=\"Gr-100 Tienda de ciclismo Specialized\" \/>\n<meta property=\"article:publisher\" content=\"https:\/\/www.facebook.com\/Gr100Bikes\" \/>\n<meta property=\"article:modified_time\" content=\"2026-04-09T10:53:28+00:00\" \/>\n<meta property=\"og:image\" content=\"https:\/\/gr-100.com\/wp-content\/uploads\/2025\/08\/Diseno-sin-titulo-2025-08-28T123800.856.jpg\" \/>\n\t<meta property=\"og:image:width\" content=\"1000\" \/>\n\t<meta property=\"og:image:height\" content=\"1000\" \/>\n\t<meta property=\"og:image:type\" content=\"image\/jpeg\" \/>\n<meta name=\"twitter:card\" content=\"summary_large_image\" \/>\n<meta name=\"twitter:label1\" content=\"Est. reading time\" \/>\n\t<meta name=\"twitter:data1\" content=\"3 minutes\" \/>\n<script type=\"application\/ld+json\" class=\"yoast-schema-graph\">{\"@context\":\"https:\/\/schema.org\",\"@graph\":[{\"@type\":\"WebPage\",\"@id\":\"https:\/\/gr-100.com\/producto\/specilaized-turbo-levo-sl-expert-di2-2026\/\",\"url\":\"https:\/\/gr-100.com\/producto\/specilaized-turbo-levo-sl-expert-di2-2026\/\",\"name\":\"Specialized Turbo Levo SL Expert 2 Di2 2026 GR-100\",\"isPartOf\":{\"@id\":\"https:\/\/gr-100.com\/#website\"},\"primaryImageOfPage\":{\"@id\":\"https:\/\/gr-100.com\/producto\/specilaized-turbo-levo-sl-expert-di2-2026\/#primaryimage\"},\"image\":{\"@id\":\"https:\/\/gr-100.com\/producto\/specilaized-turbo-levo-sl-expert-di2-2026\/#primaryimage\"},\"thumbnailUrl\":\"https:\/\/gr-100.com\/wp-content\/uploads\/2025\/08\/Diseno-sin-titulo-2025-08-28T123800.856.jpg\",\"datePublished\":\"2025-08-28T11:16:25+00:00\",\"dateModified\":\"2026-04-09T10:53:28+00:00\",\"description\":\"Combinaci\u00f3n de ligereza, calidad de conducci\u00f3n y una asistencia casi sobrenatural, la Levo SL ofrece la mejor experiencia sobre la bici, amplificada\",\"breadcrumb\":{\"@id\":\"https:\/\/gr-100.com\/producto\/specilaized-turbo-levo-sl-expert-di2-2026\/#breadcrumb\"},\"inLanguage\":\"en-US\",\"potentialAction\":[{\"@type\":\"ReadAction\",\"target\":[\"https:\/\/gr-100.com\/producto\/specilaized-turbo-levo-sl-expert-di2-2026\/\"]}]},{\"@type\":\"ImageObject\",\"inLanguage\":\"en-US\",\"@id\":\"https:\/\/gr-100.com\/producto\/specilaized-turbo-levo-sl-expert-di2-2026\/#primaryimage\",\"url\":\"https:\/\/gr-100.com\/wp-content\/uploads\/2025\/08\/Diseno-sin-titulo-2025-08-28T123800.856.jpg\",\"contentUrl\":\"https:\/\/gr-100.com\/wp-content\/uploads\/2025\/08\/Diseno-sin-titulo-2025-08-28T123800.856.jpg\",\"width\":1000,\"height\":1000},{\"@type\":\"BreadcrumbList\",\"@id\":\"https:\/\/gr-100.com\/producto\/specilaized-turbo-levo-sl-expert-di2-2026\/#breadcrumb\",\"itemListElement\":[{\"@type\":\"ListItem\",\"position\":1,\"name\":\"Portada\",\"item\":\"https:\/\/gr-100.com\/pt-pt\/\"},{\"@type\":\"ListItem\",\"position\":2,\"name\":\"Productos\",\"item\":\"https:\/\/gr-100.com\/?post_type=product\"},{\"@type\":\"ListItem\",\"position\":3,\"name\":\"Specialized Turbo Levo SL Expert 2 Di2 2026\"}]},{\"@type\":\"WebSite\",\"@id\":\"https:\/\/gr-100.com\/#website\",\"url\":\"https:\/\/gr-100.com\/\",\"name\":\"Gr-100 Tienda de ciclismo Specialized\",\"description\":\"GR-100 tenemos todas las gamas de bicicletas Specialized al mejor precio.\",\"publisher\":{\"@id\":\"https:\/\/gr-100.com\/#organization\"},\"alternateName\":\"Gr-100 Bikes\",\"potentialAction\":[{\"@type\":\"SearchAction\",\"target\":{\"@type\":\"EntryPoint\",\"urlTemplate\":\"https:\/\/gr-100.com\/?s={search_term_string}\"},\"query-input\":{\"@type\":\"PropertyValueSpecification\",\"valueRequired\":true,\"valueName\":\"search_term_string\"}}],\"inLanguage\":\"en-US\"},{\"@type\":\"Organization\",\"@id\":\"https:\/\/gr-100.com\/#organization\",\"name\":\"Gr-100\",\"url\":\"https:\/\/gr-100.com\/\",\"logo\":{\"@type\":\"ImageObject\",\"inLanguage\":\"en-US\",\"@id\":\"https:\/\/gr-100.com\/#\/schema\/logo\/image\/\",\"url\":\"https:\/\/gr-100.com\/wp-content\/uploads\/2023\/08\/logo-gr-100-bikes.png\",\"contentUrl\":\"https:\/\/gr-100.com\/wp-content\/uploads\/2023\/08\/logo-gr-100-bikes.png\",\"width\":707,\"height\":284,\"caption\":\"Gr-100\"},\"image\":{\"@id\":\"https:\/\/gr-100.com\/#\/schema\/logo\/image\/\"},\"sameAs\":[\"https:\/\/www.facebook.com\/Gr100Bikes\",\"https:\/\/www.instagram.com\/gr100bikes\/\",\"https:\/\/www.tiktok.com\/@gr100bikes\",\"https:\/\/twitter.com\/gr100mtbteam\",\"https:\/\/www.youtube.com\/c\/GR100Specialized\"]}]}<\/script>\n<!-- \/ Yoast SEO Premium plugin. -->","yoast_head_json":{"title":"Specialized Turbo Levo SL Expert 2 Di2 2026 GR-100","description":"Combinaci\u00f3n de ligereza, calidad de conducci\u00f3n y una asistencia casi sobrenatural, la Levo SL ofrece la mejor experiencia sobre la bici, amplificada","robots":{"index":"index","follow":"follow","max-snippet":"max-snippet:-1","max-image-preview":"max-image-preview:large","max-video-preview":"max-video-preview:-1"},"canonical":"https:\/\/gr-100.com\/producto\/specilaized-turbo-levo-sl-expert-di2-2026\/","og_locale":"en_US","og_type":"article","og_title":"Specialized Turbo Levo SL Expert 2 Di2 2026","og_description":"Combinaci\u00f3n de ligereza, calidad de conducci\u00f3n y una asistencia casi sobrenatural, la Levo SL ofrece la mejor experiencia sobre la bici, amplificada","og_url":"https:\/\/gr-100.com\/producto\/specilaized-turbo-levo-sl-expert-di2-2026\/","og_site_name":"Gr-100 Tienda de ciclismo Specialized","article_publisher":"https:\/\/www.facebook.com\/Gr100Bikes","article_modified_time":"2026-04-09T10:53:28+00:00","og_image":[{"width":1000,"height":1000,"url":"https:\/\/gr-100.com\/wp-content\/uploads\/2025\/08\/Diseno-sin-titulo-2025-08-28T123800.856.jpg","type":"image\/jpeg"}],"twitter_card":"summary_large_image","twitter_misc":{"Est. reading time":"3 minutes"},"schema":{"@context":"https:\/\/schema.org","@graph":[{"@type":"WebPage","@id":"https:\/\/gr-100.com\/producto\/specilaized-turbo-levo-sl-expert-di2-2026\/","url":"https:\/\/gr-100.com\/producto\/specilaized-turbo-levo-sl-expert-di2-2026\/","name":"Specialized Turbo Levo SL Expert 2 Di2 2026 GR-100","isPartOf":{"@id":"https:\/\/gr-100.com\/#website"},"primaryImageOfPage":{"@id":"https:\/\/gr-100.com\/producto\/specilaized-turbo-levo-sl-expert-di2-2026\/#primaryimage"},"image":{"@id":"https:\/\/gr-100.com\/producto\/specilaized-turbo-levo-sl-expert-di2-2026\/#primaryimage"},"thumbnailUrl":"https:\/\/gr-100.com\/wp-content\/uploads\/2025\/08\/Diseno-sin-titulo-2025-08-28T123800.856.jpg","datePublished":"2025-08-28T11:16:25+00:00","dateModified":"2026-04-09T10:53:28+00:00","description":"Combinaci\u00f3n de ligereza, calidad de conducci\u00f3n y una asistencia casi sobrenatural, la Levo SL ofrece la mejor experiencia sobre la bici, amplificada","breadcrumb":{"@id":"https:\/\/gr-100.com\/producto\/specilaized-turbo-levo-sl-expert-di2-2026\/#breadcrumb"},"inLanguage":"en-US","potentialAction":[{"@type":"ReadAction","target":["https:\/\/gr-100.com\/producto\/specilaized-turbo-levo-sl-expert-di2-2026\/"]}]},{"@type":"ImageObject","inLanguage":"en-US","@id":"https:\/\/gr-100.com\/producto\/specilaized-turbo-levo-sl-expert-di2-2026\/#primaryimage","url":"https:\/\/gr-100.com\/wp-content\/uploads\/2025\/08\/Diseno-sin-titulo-2025-08-28T123800.856.jpg","contentUrl":"https:\/\/gr-100.com\/wp-content\/uploads\/2025\/08\/Diseno-sin-titulo-2025-08-28T123800.856.jpg","width":1000,"height":1000},{"@type":"BreadcrumbList","@id":"https:\/\/gr-100.com\/producto\/specilaized-turbo-levo-sl-expert-di2-2026\/#breadcrumb","itemListElement":[{"@type":"ListItem","position":1,"name":"Portada","item":"https:\/\/gr-100.com\/pt-pt\/"},{"@type":"ListItem","position":2,"name":"Productos","item":"https:\/\/gr-100.com\/?post_type=product"},{"@type":"ListItem","position":3,"name":"Specialized Turbo Levo SL Expert 2 Di2 2026"}]},{"@type":"WebSite","@id":"https:\/\/gr-100.com\/#website","url":"https:\/\/gr-100.com\/","name":"Gr-100 Tienda de ciclismo Specialized","description":"GR-100 tenemos todas las gamas de bicicletas Specialized al mejor precio.","publisher":{"@id":"https:\/\/gr-100.com\/#organization"},"alternateName":"Gr-100 Bikes","potentialAction":[{"@type":"SearchAction","target":{"@type":"EntryPoint","urlTemplate":"https:\/\/gr-100.com\/?s={search_term_string}"},"query-input":{"@type":"PropertyValueSpecification","valueRequired":true,"valueName":"search_term_string"}}],"inLanguage":"en-US"},{"@type":"Organization","@id":"https:\/\/gr-100.com\/#organization","name":"Gr-100","url":"https:\/\/gr-100.com\/","logo":{"@type":"ImageObject","inLanguage":"en-US","@id":"https:\/\/gr-100.com\/#\/schema\/logo\/image\/","url":"https:\/\/gr-100.com\/wp-content\/uploads\/2023\/08\/logo-gr-100-bikes.png","contentUrl":"https:\/\/gr-100.com\/wp-content\/uploads\/2023\/08\/logo-gr-100-bikes.png","width":707,"height":284,"caption":"Gr-100"},"image":{"@id":"https:\/\/gr-100.com\/#\/schema\/logo\/image\/"},"sameAs":["https:\/\/www.facebook.com\/Gr100Bikes","https:\/\/www.instagram.com\/gr100bikes\/","https:\/\/www.tiktok.com\/@gr100bikes","https:\/\/twitter.com\/gr100mtbteam","https:\/\/www.youtube.com\/c\/GR100Specialized"]}]}},"_links":{"self":[{"href":"https:\/\/gr-100.com\/en\/wp-json\/wp\/v2\/product\/413897","targetHints":{"allow":["GET"]}}],"collection":[{"href":"https:\/\/gr-100.com\/en\/wp-json\/wp\/v2\/product"}],"about":[{"href":"https:\/\/gr-100.com\/en\/wp-json\/wp\/v2\/types\/product"}],"replies":[{"embeddable":true,"href":"https:\/\/gr-100.com\/en\/wp-json\/wp\/v2\/comments?post=413897"}],"wp:featuredmedia":[{"embeddable":true,"href":"https:\/\/gr-100.com\/en\/wp-json\/wp\/v2\/media\/413898"}],"wp:attachment":[{"href":"https:\/\/gr-100.com\/en\/wp-json\/wp\/v2\/media?parent=413897"}],"wp:term":[{"taxonomy":"product_brand","embeddable":true,"href":"https:\/\/gr-100.com\/en\/wp-json\/wp\/v2\/product_brand?post=413897"},{"taxonomy":"product_cat","embeddable":true,"href":"https:\/\/gr-100.com\/en\/wp-json\/wp\/v2\/product_cat?post=413897"},{"taxonomy":"product_tag","embeddable":true,"href":"https:\/\/gr-100.com\/en\/wp-json\/wp\/v2\/product_tag?post=413897"}],"curies":[{"name":"wp","href":"https:\/\/api.w.org\/{rel}","templated":true}]}}