{"id":414824,"date":"2025-09-10T12:25:03","date_gmt":"2025-09-10T10:25:03","guid":{"rendered":"https:\/\/gr-100.com\/?post_type=product&#038;p=414824"},"modified":"2026-04-16T10:38:01","modified_gmt":"2026-04-16T09:38:01","slug":"specialized-tarmac-sl8-comp-shimano-105-di2-2026","status":"publish","type":"product","link":"https:\/\/gr-100.com\/en\/producto\/specialized-tarmac-sl8-comp-shimano-105-di2-2026\/","title":{"rendered":"Specialized Tarmac SL8 Comp Shimano 105 Di2 2026"},"content":{"rendered":"<ul>\n<li>100 % AERO: hemos colocado elementos aerodin\u00e1micos donde de verdad se necesitan, no solo donde quedan bien. Y, as\u00ed, hemos conseguido nuestra bici de carretera m\u00e1s aerodin\u00e1mica. S\u00ed, m\u00e1s que la Venge. Con el Speed Sniffer, el nuevo cono de la Tarmac, se optimiza el aire limpio para obtener la m\u00e1xima ventaja. Al desplazar la pipa de direcci\u00f3n hacia atr\u00e1s (la cual determina el \u00e1ngulo del tubo de direcci\u00f3n), el borde de ataque del tubo de direcci\u00f3n queda mucho m\u00e1s afilado y la forma que se crea tiene una resistencia aerodin\u00e1mica mucho menor. Aprovechando las nuevas reglas de la UCI, la Tarmac SL8 tiene la tija de sill\u00edn m\u00e1s estrecha y aerodin\u00e1mica que hemos fabricado hasta la fecha. De esta forma, el aire sucio alrededor de las piernas fluye de manera m\u00e1s limpia hacia atr\u00e1s. Las victorias tienen un sabor dulce, \u00bfverdad?<\/li>\n<li>M\u00cdNIMO PESO, M\u00c1XIMA AERODIN\u00c1MICA: gracias a las lecciones aprendidas con la Aethos, la Tarmac SL8 se ha dise\u00f1ado para cumplir con los requisitos m\u00ednimos de la UCI y ofrecer un a construcci\u00f3n 100 % aero. El equipo ha creado un incre\u00edble cuadro de 685 gramos, un 15 % m\u00e1s ligero que el de la Tarmac SL7 y m\u00e1s ligero que cualquier otro cuadro del World Tour*. Tambi\u00e9n hemos aplicado lo que aprendimos con la Aethos para priorizar la ligereza del tubo inferior, el tubo del sill\u00edn y la parte trasera de la bicicleta. La forma del cuadro soporta la carga de forma tan eficiente que no es necesario a\u00f1adir capas extra de carbono. *A menos que cuentes la vez que Kasper Asgreen llev\u00f3 nuestro cuadro Aethos de 585 gramos en una etapa del Tour de Francia.<\/li>\n<li>VA COMO UN COHETE, SE CONDUCE DE LUJO: con una relaci\u00f3n rigidez-peso optimizada (un 33 % mejor que la SL7), la Tarmac SL8 ofrece una conduccion legendaria, una respuesta agresiva y una geometr\u00eda probada en campeonatos del mundo que son de otro nivel. La bicicleta es m\u00e1s r\u00edgida en los pedales, m\u00e1s precisa en el manillar y m\u00e1s c\u00f3moda en el sill\u00edn, tanto que establece un nuevo est\u00e1ndar de confort en las bicicletas de carreras. Gracias a nuestro Rider-First Engineering, todos los ciclistas, sin importar su tama\u00f1o, pueden disfrutar de una calidad de conducci\u00f3n y control que no se hab\u00eda visto hasta ahora. En el sill\u00edn, la Tarmac SL8 ofrece un 6 % m\u00e1s de comodidad: flota sobre terrenos irregulares y ofrece una suavidad que no es muy com\u00fan en el exigente mundo de las bicicletas de carreras. La geometr\u00eda de la Tarmac y el espacio libre para los neum\u00e1ticos de 32 mm son id\u00e9nticos a los de la SL7, lo que asegura una f\u00e1cil adaptaci\u00f3n y la posibilidad de usar neum\u00e1ticos m\u00e1s grandes cuando sea necesario.<\/li>\n<li>M\u00c1S ALL\u00c1 DEL G\u00c9NERO: podemos encontrar m\u00e1s diferencias entre dos ciclistas de g\u00e9nero masculino que entre un hombre y una mujer. El g\u00e9nero por s\u00ed solo no aporta datos suficientes como para que sea el \u00fanico factor a la hora de dise\u00f1ar una bici. Por eso, crear bicicletas solo para hombres o mujeres es cosa del pasado. Todos los ciclistas pueden disfrutar de las ventajas de la Tarmac SL8. Es hora de ir M\u00e1s All\u00e1 del G\u00e9nero.<\/li>\n<li>La Tarmac SL8 Expert ofrece un rendimiento excepcional. Monta un grupo completo Ultegra Di2, un juego de ruedas C38 de carbono, compatibles con tubeless, y una potencia SL7 con manillar Specialized Expert Shallow Drop de aluminio. Todo esto la convierte en una bicicleta accesible y repleta de prestaciones.<\/li>\n<\/ul>\n<p><strong>ESPECIFICACIONES T\u00c9CNICAS<\/strong><\/p>\n<ul>\n<li>Cuadro<br \/>\n<strong>Cuadro<\/strong><br \/>\nTarmac SL8 FACT 10r Carbon, Rider First Engineered\u2122, Win Tunnel Engineered, Clean Routing, Threaded BB, 12x142mm thru-axle, flat-mount disc<\/li>\n<li>Suspensi\u00f3n<br \/>\n<strong>Horquilla<\/strong><br \/>\nFACT 10r Carbon, 12x100mm thru-axle, flat-mount disc<\/li>\n<li>Frenos<br \/>\n<strong>Freno delantero<\/strong><br \/>\nShimano 105 Hydraulic Brake<br \/>\n<strong>Freno trasero<\/strong><br \/>\nShimano 105 Hydraulic Brake<\/li>\n<li>Transmisi\u00f3n<br \/>\n<strong>Desviador trasero<\/strong><br \/>\nShimano 105 Di2 7150<br \/>\n<strong>Manetas de cambio<\/strong><br \/>\nShimano 105 Di2 R7170, 12-speed<br \/>\n<strong>Desviador delantero<\/strong><br \/>\nShimano 105 R7170, braze-on<br \/>\n<strong>Platos y bielas<\/strong><br \/>\nShimano 105, 12-speed<br \/>\n<strong>Cassette<\/strong><br \/>\nShimano 105, 12-speed, 11-34t<br \/>\n<strong>Cadena<\/strong><br \/>\nShimano SLX, M7100, 12-speed<br \/>\n<strong>Caja de pedalier<\/strong><br \/>\nShimano Threaded BSA BB<\/li>\n<li>Ruedas y neum\u00e1ticos<br \/>\n<strong>Rueda delantera<\/strong><br \/>\nDT Swiss R470 rim, 20mm internal width, tubeless ready, 24h, Specialized full sealed bearing thru axle hub, centerlock disc, DT Swiss Champion 14G stainless steel spokes, DT Swiss brass nipples.<br \/>\n<strong>Rueda trasera<\/strong><br \/>\nDT Swiss R470 rim, 20mm internal width, tubeless ready, 24h, Specialized full sealed bearing thru axle hub, centerlock disc, DT Swiss Champion 14G stainless steel spokes, DT Swiss brass nipples.<br \/>\n<strong>Neum\u00e1tico delantero<\/strong><br \/>\nS-Works Turbo, 120 TPI, folding bead, BlackBelt protection, 700x26mm<br \/>\n<strong>Neum\u00e1tico trasero<\/strong><br \/>\nS-Works Turbo, 120 TPI, folding bead, BlackBelt protection, 700x26mm<br \/>\n<strong>C\u00e1maras<\/strong><br \/>\nTurbo Ultralight, 48mm Presta valve<\/li>\n<li>Cockpit<br \/>\n<strong>Sill\u00edn<\/strong><br \/>\nBody Geometry Power Sport, steel rails<br \/>\n<strong>Tija del sill\u00edn<\/strong><br \/>\nS-Works Tarmac SL8 Carbon seat post, FACT Carbon, 15mm offset<br \/>\n<strong>Manillar<\/strong><br \/>\nSpecialized Shallow Drop, 6061, 70x125mm, 31.8mm clamp<br \/>\n<strong>Cinta de manillar<\/strong><br \/>\nSupacaz Super Sticky Kush<br \/>\n<strong>Potencia<\/strong><br \/>\nTarmac integrated stem, 6-degree<br \/>\n<strong>Abrazadera del sill\u00edn<\/strong><br \/>\nTarmac integrated wedge<\/li>\n<li>Accesorios<br \/>\n<strong>SWAT<\/strong><br \/>\nStem headset spacers kit for SL7 stem &amp; Roval Rapide cockpit use<\/li>\n<li>Peso<br \/>\n<strong>Talla<\/strong><br \/>\n56<br \/>\n<strong>Peso<\/strong><br \/>\n7.68 kg (16 lb, 14.9 oz)<\/li>\n<\/ul>\n","protected":false},"excerpt":{"rendered":"<p>No hay nada m\u00e1s r\u00e1pido que la Tarmac SL8. \u00bfLa raz\u00f3n? La combinaci\u00f3n que hemos conseguido entre aerodin\u00e1mica, ligereza y una calidad de conducci\u00f3n que hasta hace poco parec\u00eda imposible. Ocho generaciones despu\u00e9s y tras m\u00e1s de dos d\u00e9cadas de desarrollo, no es solo la Tarmac m\u00e1s r\u00e1pida de la historia: es tambi\u00e9n la bicicleta de carreras m\u00e1s r\u00e1pida del mundo.<\/p>\n","protected":false},"featured_media":414825,"comment_status":"open","ping_status":"closed","template":"","meta":{"_acf_changed":false,"_et_pb_use_builder":"","_et_pb_old_content":"","_et_gb_content_width":"","inline_featured_image":false},"product_brand":[],"product_cat":[420,20,5190,5188,5186],"product_tag":[],"class_list":{"0":"post-414824","1":"product","2":"type-product","3":"status-publish","4":"has-post-thumbnail","6":"product_cat-bicicletas","7":"product_cat-bicicletas-de-carretera","8":"product_cat-bicicletas-carretera-aero","9":"product_cat-bicicletas-carretera-carbono","10":"product_cat-bicicletas-carretera-specialized","11":"product_shipping_class-bicicletas","13":"first","14":"instock","15":"taxable","16":"shipping-taxable","17":"purchasable","18":"product-type-variable","19":"wvs-archive-product-wrapper"},"acf":[],"yoast_head":"<!-- This site is optimized with the Yoast SEO Premium plugin v26.7 (Yoast SEO v26.7) - https:\/\/yoast.com\/wordpress\/plugins\/seo\/ -->\n<title>Specialized Tarmac SL8 Comp Shimano 105 Di2 2026 GR-100<\/title>\n<meta name=\"description\" content=\"No hay nada m\u00e1s r\u00e1pido que la Tarmac SL8. \u00bfLa raz\u00f3n? La combinaci\u00f3n que hemos conseguido entre aerodin\u00e1mica, ligereza y una calidad de conducci\u00f3n\" \/>\n<meta name=\"robots\" content=\"index, follow, max-snippet:-1, max-image-preview:large, max-video-preview:-1\" \/>\n<link rel=\"canonical\" href=\"https:\/\/gr-100.com\/producto\/specialized-tarmac-sl8-comp-shimano-105-di2-2026\/\" \/>\n<meta property=\"og:locale\" content=\"en_US\" \/>\n<meta property=\"og:type\" content=\"article\" \/>\n<meta property=\"og:title\" content=\"Specialized Tarmac SL8 Comp Shimano 105 Di2 2026\" \/>\n<meta property=\"og:description\" content=\"No hay nada m\u00e1s r\u00e1pido que la Tarmac SL8. \u00bfLa raz\u00f3n? La combinaci\u00f3n que hemos conseguido entre aerodin\u00e1mica, ligereza y una calidad de conducci\u00f3n\" \/>\n<meta property=\"og:url\" content=\"https:\/\/gr-100.com\/producto\/specialized-tarmac-sl8-comp-shimano-105-di2-2026\/\" \/>\n<meta property=\"og:site_name\" content=\"Gr-100 Tienda de ciclismo Specialized\" \/>\n<meta property=\"article:publisher\" content=\"https:\/\/www.facebook.com\/Gr100Bikes\" \/>\n<meta property=\"article:modified_time\" content=\"2026-04-16T09:38:01+00:00\" \/>\n<meta property=\"og:image\" content=\"https:\/\/gr-100.com\/wp-content\/uploads\/2025\/09\/Diseno-sin-titulo-2025-09-09T142306.288.jpg\" \/>\n\t<meta property=\"og:image:width\" content=\"1000\" \/>\n\t<meta property=\"og:image:height\" content=\"1000\" \/>\n\t<meta property=\"og:image:type\" content=\"image\/jpeg\" \/>\n<meta name=\"twitter:card\" content=\"summary_large_image\" \/>\n<meta name=\"twitter:label1\" content=\"Est. reading time\" \/>\n\t<meta name=\"twitter:data1\" content=\"5 minutes\" \/>\n<script type=\"application\/ld+json\" class=\"yoast-schema-graph\">{\"@context\":\"https:\/\/schema.org\",\"@graph\":[{\"@type\":\"WebPage\",\"@id\":\"https:\/\/gr-100.com\/producto\/specialized-tarmac-sl8-comp-shimano-105-di2-2026\/\",\"url\":\"https:\/\/gr-100.com\/producto\/specialized-tarmac-sl8-comp-shimano-105-di2-2026\/\",\"name\":\"Specialized Tarmac SL8 Comp Shimano 105 Di2 2026 GR-100\",\"isPartOf\":{\"@id\":\"https:\/\/gr-100.com\/#website\"},\"primaryImageOfPage\":{\"@id\":\"https:\/\/gr-100.com\/producto\/specialized-tarmac-sl8-comp-shimano-105-di2-2026\/#primaryimage\"},\"image\":{\"@id\":\"https:\/\/gr-100.com\/producto\/specialized-tarmac-sl8-comp-shimano-105-di2-2026\/#primaryimage\"},\"thumbnailUrl\":\"https:\/\/gr-100.com\/wp-content\/uploads\/2025\/09\/Diseno-sin-titulo-2025-09-09T142306.288.jpg\",\"datePublished\":\"2025-09-10T10:25:03+00:00\",\"dateModified\":\"2026-04-16T09:38:01+00:00\",\"description\":\"No hay nada m\u00e1s r\u00e1pido que la Tarmac SL8. \u00bfLa raz\u00f3n? La combinaci\u00f3n que hemos conseguido entre aerodin\u00e1mica, ligereza y una calidad de conducci\u00f3n\",\"breadcrumb\":{\"@id\":\"https:\/\/gr-100.com\/producto\/specialized-tarmac-sl8-comp-shimano-105-di2-2026\/#breadcrumb\"},\"inLanguage\":\"en-US\",\"potentialAction\":[{\"@type\":\"ReadAction\",\"target\":[\"https:\/\/gr-100.com\/producto\/specialized-tarmac-sl8-comp-shimano-105-di2-2026\/\"]}]},{\"@type\":\"ImageObject\",\"inLanguage\":\"en-US\",\"@id\":\"https:\/\/gr-100.com\/producto\/specialized-tarmac-sl8-comp-shimano-105-di2-2026\/#primaryimage\",\"url\":\"https:\/\/gr-100.com\/wp-content\/uploads\/2025\/09\/Diseno-sin-titulo-2025-09-09T142306.288.jpg\",\"contentUrl\":\"https:\/\/gr-100.com\/wp-content\/uploads\/2025\/09\/Diseno-sin-titulo-2025-09-09T142306.288.jpg\",\"width\":1000,\"height\":1000},{\"@type\":\"BreadcrumbList\",\"@id\":\"https:\/\/gr-100.com\/producto\/specialized-tarmac-sl8-comp-shimano-105-di2-2026\/#breadcrumb\",\"itemListElement\":[{\"@type\":\"ListItem\",\"position\":1,\"name\":\"Portada\",\"item\":\"https:\/\/gr-100.com\/pt-pt\/\"},{\"@type\":\"ListItem\",\"position\":2,\"name\":\"Productos\",\"item\":\"https:\/\/gr-100.com\/?post_type=product\"},{\"@type\":\"ListItem\",\"position\":3,\"name\":\"Specialized Tarmac SL8 Comp Shimano 105 Di2 2026\"}]},{\"@type\":\"WebSite\",\"@id\":\"https:\/\/gr-100.com\/#website\",\"url\":\"https:\/\/gr-100.com\/\",\"name\":\"Gr-100 Tienda de ciclismo Specialized\",\"description\":\"GR-100 tenemos todas las gamas de bicicletas Specialized al mejor precio.\",\"publisher\":{\"@id\":\"https:\/\/gr-100.com\/#organization\"},\"alternateName\":\"Gr-100 Bikes\",\"potentialAction\":[{\"@type\":\"SearchAction\",\"target\":{\"@type\":\"EntryPoint\",\"urlTemplate\":\"https:\/\/gr-100.com\/?s={search_term_string}\"},\"query-input\":{\"@type\":\"PropertyValueSpecification\",\"valueRequired\":true,\"valueName\":\"search_term_string\"}}],\"inLanguage\":\"en-US\"},{\"@type\":\"Organization\",\"@id\":\"https:\/\/gr-100.com\/#organization\",\"name\":\"Gr-100\",\"url\":\"https:\/\/gr-100.com\/\",\"logo\":{\"@type\":\"ImageObject\",\"inLanguage\":\"en-US\",\"@id\":\"https:\/\/gr-100.com\/#\/schema\/logo\/image\/\",\"url\":\"https:\/\/gr-100.com\/wp-content\/uploads\/2023\/08\/logo-gr-100-bikes.png\",\"contentUrl\":\"https:\/\/gr-100.com\/wp-content\/uploads\/2023\/08\/logo-gr-100-bikes.png\",\"width\":707,\"height\":284,\"caption\":\"Gr-100\"},\"image\":{\"@id\":\"https:\/\/gr-100.com\/#\/schema\/logo\/image\/\"},\"sameAs\":[\"https:\/\/www.facebook.com\/Gr100Bikes\",\"https:\/\/www.instagram.com\/gr100bikes\/\",\"https:\/\/www.tiktok.com\/@gr100bikes\",\"https:\/\/twitter.com\/gr100mtbteam\",\"https:\/\/www.youtube.com\/c\/GR100Specialized\"]}]}<\/script>\n<!-- \/ Yoast SEO Premium plugin. -->","yoast_head_json":{"title":"Specialized Tarmac SL8 Comp Shimano 105 Di2 2026 GR-100","description":"No hay nada m\u00e1s r\u00e1pido que la Tarmac SL8. \u00bfLa raz\u00f3n? La combinaci\u00f3n que hemos conseguido entre aerodin\u00e1mica, ligereza y una calidad de conducci\u00f3n","robots":{"index":"index","follow":"follow","max-snippet":"max-snippet:-1","max-image-preview":"max-image-preview:large","max-video-preview":"max-video-preview:-1"},"canonical":"https:\/\/gr-100.com\/producto\/specialized-tarmac-sl8-comp-shimano-105-di2-2026\/","og_locale":"en_US","og_type":"article","og_title":"Specialized Tarmac SL8 Comp Shimano 105 Di2 2026","og_description":"No hay nada m\u00e1s r\u00e1pido que la Tarmac SL8. \u00bfLa raz\u00f3n? La combinaci\u00f3n que hemos conseguido entre aerodin\u00e1mica, ligereza y una calidad de conducci\u00f3n","og_url":"https:\/\/gr-100.com\/producto\/specialized-tarmac-sl8-comp-shimano-105-di2-2026\/","og_site_name":"Gr-100 Tienda de ciclismo Specialized","article_publisher":"https:\/\/www.facebook.com\/Gr100Bikes","article_modified_time":"2026-04-16T09:38:01+00:00","og_image":[{"width":1000,"height":1000,"url":"https:\/\/gr-100.com\/wp-content\/uploads\/2025\/09\/Diseno-sin-titulo-2025-09-09T142306.288.jpg","type":"image\/jpeg"}],"twitter_card":"summary_large_image","twitter_misc":{"Est. reading time":"5 minutes"},"schema":{"@context":"https:\/\/schema.org","@graph":[{"@type":"WebPage","@id":"https:\/\/gr-100.com\/producto\/specialized-tarmac-sl8-comp-shimano-105-di2-2026\/","url":"https:\/\/gr-100.com\/producto\/specialized-tarmac-sl8-comp-shimano-105-di2-2026\/","name":"Specialized Tarmac SL8 Comp Shimano 105 Di2 2026 GR-100","isPartOf":{"@id":"https:\/\/gr-100.com\/#website"},"primaryImageOfPage":{"@id":"https:\/\/gr-100.com\/producto\/specialized-tarmac-sl8-comp-shimano-105-di2-2026\/#primaryimage"},"image":{"@id":"https:\/\/gr-100.com\/producto\/specialized-tarmac-sl8-comp-shimano-105-di2-2026\/#primaryimage"},"thumbnailUrl":"https:\/\/gr-100.com\/wp-content\/uploads\/2025\/09\/Diseno-sin-titulo-2025-09-09T142306.288.jpg","datePublished":"2025-09-10T10:25:03+00:00","dateModified":"2026-04-16T09:38:01+00:00","description":"No hay nada m\u00e1s r\u00e1pido que la Tarmac SL8. \u00bfLa raz\u00f3n? La combinaci\u00f3n que hemos conseguido entre aerodin\u00e1mica, ligereza y una calidad de conducci\u00f3n","breadcrumb":{"@id":"https:\/\/gr-100.com\/producto\/specialized-tarmac-sl8-comp-shimano-105-di2-2026\/#breadcrumb"},"inLanguage":"en-US","potentialAction":[{"@type":"ReadAction","target":["https:\/\/gr-100.com\/producto\/specialized-tarmac-sl8-comp-shimano-105-di2-2026\/"]}]},{"@type":"ImageObject","inLanguage":"en-US","@id":"https:\/\/gr-100.com\/producto\/specialized-tarmac-sl8-comp-shimano-105-di2-2026\/#primaryimage","url":"https:\/\/gr-100.com\/wp-content\/uploads\/2025\/09\/Diseno-sin-titulo-2025-09-09T142306.288.jpg","contentUrl":"https:\/\/gr-100.com\/wp-content\/uploads\/2025\/09\/Diseno-sin-titulo-2025-09-09T142306.288.jpg","width":1000,"height":1000},{"@type":"BreadcrumbList","@id":"https:\/\/gr-100.com\/producto\/specialized-tarmac-sl8-comp-shimano-105-di2-2026\/#breadcrumb","itemListElement":[{"@type":"ListItem","position":1,"name":"Portada","item":"https:\/\/gr-100.com\/pt-pt\/"},{"@type":"ListItem","position":2,"name":"Productos","item":"https:\/\/gr-100.com\/?post_type=product"},{"@type":"ListItem","position":3,"name":"Specialized Tarmac SL8 Comp Shimano 105 Di2 2026"}]},{"@type":"WebSite","@id":"https:\/\/gr-100.com\/#website","url":"https:\/\/gr-100.com\/","name":"Gr-100 Tienda de ciclismo Specialized","description":"GR-100 tenemos todas las gamas de bicicletas Specialized al mejor precio.","publisher":{"@id":"https:\/\/gr-100.com\/#organization"},"alternateName":"Gr-100 Bikes","potentialAction":[{"@type":"SearchAction","target":{"@type":"EntryPoint","urlTemplate":"https:\/\/gr-100.com\/?s={search_term_string}"},"query-input":{"@type":"PropertyValueSpecification","valueRequired":true,"valueName":"search_term_string"}}],"inLanguage":"en-US"},{"@type":"Organization","@id":"https:\/\/gr-100.com\/#organization","name":"Gr-100","url":"https:\/\/gr-100.com\/","logo":{"@type":"ImageObject","inLanguage":"en-US","@id":"https:\/\/gr-100.com\/#\/schema\/logo\/image\/","url":"https:\/\/gr-100.com\/wp-content\/uploads\/2023\/08\/logo-gr-100-bikes.png","contentUrl":"https:\/\/gr-100.com\/wp-content\/uploads\/2023\/08\/logo-gr-100-bikes.png","width":707,"height":284,"caption":"Gr-100"},"image":{"@id":"https:\/\/gr-100.com\/#\/schema\/logo\/image\/"},"sameAs":["https:\/\/www.facebook.com\/Gr100Bikes","https:\/\/www.instagram.com\/gr100bikes\/","https:\/\/www.tiktok.com\/@gr100bikes","https:\/\/twitter.com\/gr100mtbteam","https:\/\/www.youtube.com\/c\/GR100Specialized"]}]}},"_links":{"self":[{"href":"https:\/\/gr-100.com\/en\/wp-json\/wp\/v2\/product\/414824","targetHints":{"allow":["GET"]}}],"collection":[{"href":"https:\/\/gr-100.com\/en\/wp-json\/wp\/v2\/product"}],"about":[{"href":"https:\/\/gr-100.com\/en\/wp-json\/wp\/v2\/types\/product"}],"replies":[{"embeddable":true,"href":"https:\/\/gr-100.com\/en\/wp-json\/wp\/v2\/comments?post=414824"}],"wp:featuredmedia":[{"embeddable":true,"href":"https:\/\/gr-100.com\/en\/wp-json\/wp\/v2\/media\/414825"}],"wp:attachment":[{"href":"https:\/\/gr-100.com\/en\/wp-json\/wp\/v2\/media?parent=414824"}],"wp:term":[{"taxonomy":"product_brand","embeddable":true,"href":"https:\/\/gr-100.com\/en\/wp-json\/wp\/v2\/product_brand?post=414824"},{"taxonomy":"product_cat","embeddable":true,"href":"https:\/\/gr-100.com\/en\/wp-json\/wp\/v2\/product_cat?post=414824"},{"taxonomy":"product_tag","embeddable":true,"href":"https:\/\/gr-100.com\/en\/wp-json\/wp\/v2\/product_tag?post=414824"}],"curies":[{"name":"wp","href":"https:\/\/api.w.org\/{rel}","templated":true}]}}