{"id":415313,"date":"2025-09-11T13:20:21","date_gmt":"2025-09-11T11:20:21","guid":{"rendered":"https:\/\/gr-100.com\/?post_type=product&#038;p=415313"},"modified":"2026-04-06T21:56:13","modified_gmt":"2026-04-06T20:56:13","slug":"specialized-allez-2026","status":"publish","type":"product","link":"https:\/\/gr-100.com\/en\/producto\/specialized-allez-2026\/","title":{"rendered":"Specialized Allez 2026"},"content":{"rendered":"<ul>\n<li>LA M\u00c1S LIGERA DE SU CLASE: Con un aluminio E5 de primera calidad con doble conificado, el cuadro de la Allez pesa tan solo 1.375** gramos para ofrecer una sensaci\u00f3n r\u00e1pida y \u00e1gil en carretera. Adem\u00e1s, la horquilla carbono reduce a\u00fan m\u00e1s el peso (no hay tubo de direcci\u00f3n de aluminio oculto aqu\u00ed) al tiempo que ayuda a suavizar la conducci\u00f3n. Y con unas opciones de construcci\u00f3n modernas y bien pensadas, no es de extra\u00f1ar que la Allez sea tambi\u00e9n la m\u00e1s ligera de su clase.<\/li>\n<li>CONFIANZA INCRE\u00cdBLE: Este cuadro de aluminio E5 de primera calidad es ligero, r\u00e1pido, duradero y, \u00bfhemos mencionado ya, precioso? La excelente relaci\u00f3n rigidez-peso, junto con la inigualable potencia de frenado de los frenos de disco de doble pist\u00f3n para todo tipo de condiciones, ofrece la m\u00e1xima confianza a cualquier velocidad. Adem\u00e1s, hemos utilizado la legendaria geometr\u00eda de resistencia de la Roubaix para ofrecer una comodidad inigualable durante largos kil\u00f3metros y una conducci\u00f3n estable, garantizando al mismo tiempo que la Allez pueda diseccionar una carretera sinuosa como una bicicleta de carreras pura.<\/li>\n<li>VERSATILIDAD Y RENDIMIENTO: Tan capaz de llevarte al trabajo o a clase como de marcarte un KOM local o una salida en grupo de fin de semana, los portabultos y los soportes de guardabarros garantizan que la Allez sea lo suficientemente vers\u00e1til para cualquier carretera a la que la lleves. Con un paso de rueda de hasta 35 mm (32 mm con guardabarros), estar\u00e1s preparado para las carreteras m\u00e1s duras e incluso para salirte un poco de la carretera. Si las carreteras se ponen empinadas, la Allez cuenta con unos desarrollos amplios, capaces de mantenerte c\u00f3modo a la cadencia que necesites para montar de la forma m\u00e1s eficiente.<\/li>\n<li>Las bicicletas Alloy con frenos de disco en la misma gama de precios est\u00e1n disponibles en tienda.<br \/>\nBasado en los pesos en producci\u00f3n. El peso final podr\u00e1 oscilar levemente.<br \/>\nAlgunas bicicletas est\u00e1n montadas con un portaequipajes opcional, guardabarros y ruedas de carbono.<\/li>\n<li>La transmisi\u00f3n fiable de Shimano con platos de 50-34 delante y el casete de 11-32 detr\u00e1s te ofrece la versatilidad necesaria para seguir el ritmo de tus rutas en grupeta o superar las subidas m\u00e1s empinadas en tu desplazamiento al trabajo.<\/li>\n<li>Los neum\u00e1ticos de 30 mm te ofrecen la ventaja de utilizar presiones m\u00e1s bajas, suavizando las carreteras irregulares, y una mayor superficie de contacto para una mayor confianza en cada ruta.<\/li>\n<li>Los frenos de disco de 160 mm delante y detr\u00e1s te proporcionan m\u00e1s potencia de frenado y modulaci\u00f3n en cualquier condici\u00f3n meteorol\u00f3gica.<\/li>\n<li>Una horquilla completa de carbono y un cuadro de aleaci\u00f3n E5 con una geometr\u00eda de carretera que inspira confianza te colocan en la posici\u00f3n perfecta para salidas en grupo o aventuras en solitario por carretera. Los soportes ocultos para guardabarros y portabultos hacen que la Allez tambi\u00e9n se adapte f\u00e1cilmente a tus desplazamientos al trabajo durante todo el a\u00f1o.<\/li>\n<li>Especificaciones t\u00e9cnicas<\/li>\n<li>Cuadro<br \/>\nCuadro<br \/>\nSpecialized E5 Premium Aluminum, flat mount disc, fully manipulated tubing w\/ SmoothWelds, internal cable routing, threaded BB, 12x142mm thru-axle<\/li>\n<li>Suspensi\u00f3n<br \/>\nHorquilla<br \/>\nSpecialized FACT full carbon, flat mount disc, 1-1\/8&#8243; to 1-3\/8&#8243; taper, fender eyelets, 12x100mm thru-axle<\/li>\n<li>Frenos<br \/>\nFreno delantero<br \/>\nShimano CUES Hydraulic Brake<br \/>\nFreno trasero<br \/>\nShimano CUES Hydraulic Brake<\/li>\n<li>Transmisi\u00f3n<br \/>\nCadena<br \/>\nKMC XGlide<br \/>\nPlatos y bielas<br \/>\nShimano CUES FC-U6030, 50\/34T<br \/>\nDesviador delantero<br \/>\nShimano CUES FD-U6030, Braze-on<br \/>\nDesviador trasero<br \/>\nShimano CUES RD-U6020, 10sp<br \/>\nManetas de cambio<br \/>\nShimano CUES ST-U6030<br \/>\nCassette<br \/>\nShimano CUES, 11-39T, 10sp<br \/>\nCaja de pedalier<br \/>\nShimano Threaded BSA BB<\/li>\n<li>Ruedas y neum\u00e1ticos<br \/>\nC\u00e1maras<br \/>\nPresta, 700&#215;28-32mm<br \/>\nRueda delantera<br \/>\nAXIS Sport Disc<br \/>\nRueda trasera<br \/>\nAXIS Sport Disc<br \/>\nNeum\u00e1tico delantero<br \/>\nRoadSport, 700&#215;30<br \/>\nNeum\u00e1tico trasero<br \/>\nRoadSport, 700&#215;30<\/li>\n<li>Cockpit<br \/>\nPotencia<br \/>\n3D-forged alloy, 31.8mm, 7-degree rise<br \/>\nTija del sill\u00edn<br \/>\nAlloy, 2-bolt Clamp, 12mm offset, 27.2mm, anti-corrosion hardware<br \/>\nSill\u00edn<br \/>\nBody Geometry Bridge Saddle, steel rails<br \/>\nAbrazadera del sill\u00edn<br \/>\nBolt-type, Rack Compatable 31.8mm<br \/>\nManillar<br \/>\nSpecialized Shallow Drop, 6061, 70x125mm, 31.8mm clamp<br \/>\nCinta de manillar<br \/>\nSupacaz Suave<\/li>\n<li>Peso<br \/>\nPeso<br \/>\n10.0 kg (22 lb, 0.7 oz)<br \/>\nTalla<br \/>\n56<\/li>\n<\/ul>\n","protected":false},"excerpt":{"rendered":"<p>Cuatro d\u00e9cadas despu\u00e9s de lanz\u00e1semos la primera Specialized Allez a la carretera, traemos su mejor version hasta ahora. La m\u00e1s ligera de su clase*, ofrece m\u00e1s confianza, versatilidad y rendimiento que nunca, a m\u00e1s ciclistas que nunca. Tanto si buscas un aluminio de primera calidad, como si quieres una bicicleta para los fines de semana y los desplazamientos r\u00e1pidos, o si acabas de empezar a montar por carretera, el rendimiento en carretera empieza con la Allez.<\/p>\n","protected":false},"featured_media":415315,"comment_status":"open","ping_status":"closed","template":"","meta":{"_acf_changed":false,"_et_pb_use_builder":"","_et_pb_old_content":"","_et_gb_content_width":"","inline_featured_image":false},"product_brand":[],"product_cat":[420,20,5189,5186],"product_tag":[],"class_list":{"0":"post-415313","1":"product","2":"type-product","3":"status-publish","4":"has-post-thumbnail","6":"product_cat-bicicletas","7":"product_cat-bicicletas-de-carretera","8":"product_cat-bicicletas-carretera-aluminio","9":"product_cat-bicicletas-carretera-specialized","10":"product_shipping_class-bicicletas","12":"first","13":"instock","14":"taxable","15":"shipping-taxable","16":"purchasable","17":"product-type-variable","18":"wvs-archive-product-wrapper"},"acf":[],"yoast_head":"<!-- This site is optimized with the Yoast SEO Premium plugin v26.7 (Yoast SEO v26.7) - https:\/\/yoast.com\/wordpress\/plugins\/seo\/ -->\n<title>Specialized Allez 2026 GR-100<\/title>\n<meta name=\"description\" content=\"Cuatro d\u00e9cadas despu\u00e9s de lanz\u00e1semos la primera Specialized Allez a la carretera, traemos su mejor version hasta ahora. La m\u00e1s ligera de su clase*, ofrece m\u00e1s confianza, versatilidad y rendimiento que nunca, a m\u00e1s ciclistas que nunca. Tanto si buscas un aluminio de primera calidad, como si quieres una bicicleta para los fines de semana y los desplazamientos r\u00e1pidos, o si acabas de empezar a montar por carretera, el rendimiento en carretera empieza con la Allez.\" \/>\n<meta name=\"robots\" content=\"index, follow, max-snippet:-1, max-image-preview:large, max-video-preview:-1\" \/>\n<link rel=\"canonical\" href=\"https:\/\/gr-100.com\/producto\/specialized-allez-2026\/\" \/>\n<meta property=\"og:locale\" content=\"en_US\" \/>\n<meta property=\"og:type\" content=\"article\" \/>\n<meta property=\"og:title\" content=\"Specialized Allez 2026\" \/>\n<meta property=\"og:description\" content=\"Cuatro d\u00e9cadas despu\u00e9s de lanz\u00e1semos la primera Specialized Allez a la carretera, traemos su mejor version hasta ahora. La m\u00e1s ligera de su clase*, ofrece m\u00e1s confianza, versatilidad y rendimiento que nunca, a m\u00e1s ciclistas que nunca. Tanto si buscas un aluminio de primera calidad, como si quieres una bicicleta para los fines de semana y los desplazamientos r\u00e1pidos, o si acabas de empezar a montar por carretera, el rendimiento en carretera empieza con la Allez.\" \/>\n<meta property=\"og:url\" content=\"https:\/\/gr-100.com\/producto\/specialized-allez-2026\/\" \/>\n<meta property=\"og:site_name\" content=\"Gr-100 Tienda de ciclismo Specialized\" \/>\n<meta property=\"article:publisher\" content=\"https:\/\/www.facebook.com\/Gr100Bikes\" \/>\n<meta property=\"article:modified_time\" content=\"2026-04-06T20:56:13+00:00\" \/>\n<meta property=\"og:image\" content=\"https:\/\/gr-100.com\/wp-content\/uploads\/2025\/09\/Diseno-sin-titulo-2025-09-11T124917.019.jpg\" \/>\n\t<meta property=\"og:image:width\" content=\"1000\" \/>\n\t<meta property=\"og:image:height\" content=\"1000\" \/>\n\t<meta property=\"og:image:type\" content=\"image\/jpeg\" \/>\n<meta name=\"twitter:card\" content=\"summary_large_image\" \/>\n<meta name=\"twitter:label1\" content=\"Est. reading time\" \/>\n\t<meta name=\"twitter:data1\" content=\"4 minutes\" \/>\n<script type=\"application\/ld+json\" class=\"yoast-schema-graph\">{\"@context\":\"https:\/\/schema.org\",\"@graph\":[{\"@type\":\"WebPage\",\"@id\":\"https:\/\/gr-100.com\/producto\/specialized-allez-2026\/\",\"url\":\"https:\/\/gr-100.com\/producto\/specialized-allez-2026\/\",\"name\":\"Specialized Allez 2026 GR-100\",\"isPartOf\":{\"@id\":\"https:\/\/gr-100.com\/#website\"},\"primaryImageOfPage\":{\"@id\":\"https:\/\/gr-100.com\/producto\/specialized-allez-2026\/#primaryimage\"},\"image\":{\"@id\":\"https:\/\/gr-100.com\/producto\/specialized-allez-2026\/#primaryimage\"},\"thumbnailUrl\":\"https:\/\/gr-100.com\/wp-content\/uploads\/2025\/09\/Diseno-sin-titulo-2025-09-11T124917.019.jpg\",\"datePublished\":\"2025-09-11T11:20:21+00:00\",\"dateModified\":\"2026-04-06T20:56:13+00:00\",\"description\":\"Cuatro d\u00e9cadas despu\u00e9s de lanz\u00e1semos la primera Specialized Allez a la carretera, traemos su mejor version hasta ahora. La m\u00e1s ligera de su clase*, ofrece m\u00e1s confianza, versatilidad y rendimiento que nunca, a m\u00e1s ciclistas que nunca. Tanto si buscas un aluminio de primera calidad, como si quieres una bicicleta para los fines de semana y los desplazamientos r\u00e1pidos, o si acabas de empezar a montar por carretera, el rendimiento en carretera empieza con la Allez.\",\"breadcrumb\":{\"@id\":\"https:\/\/gr-100.com\/producto\/specialized-allez-2026\/#breadcrumb\"},\"inLanguage\":\"en-US\",\"potentialAction\":[{\"@type\":\"ReadAction\",\"target\":[\"https:\/\/gr-100.com\/producto\/specialized-allez-2026\/\"]}]},{\"@type\":\"ImageObject\",\"inLanguage\":\"en-US\",\"@id\":\"https:\/\/gr-100.com\/producto\/specialized-allez-2026\/#primaryimage\",\"url\":\"https:\/\/gr-100.com\/wp-content\/uploads\/2025\/09\/Diseno-sin-titulo-2025-09-11T124917.019.jpg\",\"contentUrl\":\"https:\/\/gr-100.com\/wp-content\/uploads\/2025\/09\/Diseno-sin-titulo-2025-09-11T124917.019.jpg\",\"width\":1000,\"height\":1000},{\"@type\":\"BreadcrumbList\",\"@id\":\"https:\/\/gr-100.com\/producto\/specialized-allez-2026\/#breadcrumb\",\"itemListElement\":[{\"@type\":\"ListItem\",\"position\":1,\"name\":\"Portada\",\"item\":\"https:\/\/gr-100.com\/pt-pt\/\"},{\"@type\":\"ListItem\",\"position\":2,\"name\":\"Productos\",\"item\":\"https:\/\/gr-100.com\/?post_type=product\"},{\"@type\":\"ListItem\",\"position\":3,\"name\":\"Specialized Allez 2026\"}]},{\"@type\":\"WebSite\",\"@id\":\"https:\/\/gr-100.com\/#website\",\"url\":\"https:\/\/gr-100.com\/\",\"name\":\"Gr-100 Tienda de ciclismo Specialized\",\"description\":\"GR-100 tenemos todas las gamas de bicicletas Specialized al mejor precio.\",\"publisher\":{\"@id\":\"https:\/\/gr-100.com\/#organization\"},\"alternateName\":\"Gr-100 Bikes\",\"potentialAction\":[{\"@type\":\"SearchAction\",\"target\":{\"@type\":\"EntryPoint\",\"urlTemplate\":\"https:\/\/gr-100.com\/?s={search_term_string}\"},\"query-input\":{\"@type\":\"PropertyValueSpecification\",\"valueRequired\":true,\"valueName\":\"search_term_string\"}}],\"inLanguage\":\"en-US\"},{\"@type\":\"Organization\",\"@id\":\"https:\/\/gr-100.com\/#organization\",\"name\":\"Gr-100\",\"url\":\"https:\/\/gr-100.com\/\",\"logo\":{\"@type\":\"ImageObject\",\"inLanguage\":\"en-US\",\"@id\":\"https:\/\/gr-100.com\/#\/schema\/logo\/image\/\",\"url\":\"https:\/\/gr-100.com\/wp-content\/uploads\/2023\/08\/logo-gr-100-bikes.png\",\"contentUrl\":\"https:\/\/gr-100.com\/wp-content\/uploads\/2023\/08\/logo-gr-100-bikes.png\",\"width\":707,\"height\":284,\"caption\":\"Gr-100\"},\"image\":{\"@id\":\"https:\/\/gr-100.com\/#\/schema\/logo\/image\/\"},\"sameAs\":[\"https:\/\/www.facebook.com\/Gr100Bikes\",\"https:\/\/www.instagram.com\/gr100bikes\/\",\"https:\/\/www.tiktok.com\/@gr100bikes\",\"https:\/\/twitter.com\/gr100mtbteam\",\"https:\/\/www.youtube.com\/c\/GR100Specialized\"]}]}<\/script>\n<!-- \/ Yoast SEO Premium plugin. -->","yoast_head_json":{"title":"Specialized Allez 2026 GR-100","description":"Cuatro d\u00e9cadas despu\u00e9s de lanz\u00e1semos la primera Specialized Allez a la carretera, traemos su mejor version hasta ahora. La m\u00e1s ligera de su clase*, ofrece m\u00e1s confianza, versatilidad y rendimiento que nunca, a m\u00e1s ciclistas que nunca. Tanto si buscas un aluminio de primera calidad, como si quieres una bicicleta para los fines de semana y los desplazamientos r\u00e1pidos, o si acabas de empezar a montar por carretera, el rendimiento en carretera empieza con la Allez.","robots":{"index":"index","follow":"follow","max-snippet":"max-snippet:-1","max-image-preview":"max-image-preview:large","max-video-preview":"max-video-preview:-1"},"canonical":"https:\/\/gr-100.com\/producto\/specialized-allez-2026\/","og_locale":"en_US","og_type":"article","og_title":"Specialized Allez 2026","og_description":"Cuatro d\u00e9cadas despu\u00e9s de lanz\u00e1semos la primera Specialized Allez a la carretera, traemos su mejor version hasta ahora. La m\u00e1s ligera de su clase*, ofrece m\u00e1s confianza, versatilidad y rendimiento que nunca, a m\u00e1s ciclistas que nunca. Tanto si buscas un aluminio de primera calidad, como si quieres una bicicleta para los fines de semana y los desplazamientos r\u00e1pidos, o si acabas de empezar a montar por carretera, el rendimiento en carretera empieza con la Allez.","og_url":"https:\/\/gr-100.com\/producto\/specialized-allez-2026\/","og_site_name":"Gr-100 Tienda de ciclismo Specialized","article_publisher":"https:\/\/www.facebook.com\/Gr100Bikes","article_modified_time":"2026-04-06T20:56:13+00:00","og_image":[{"width":1000,"height":1000,"url":"https:\/\/gr-100.com\/wp-content\/uploads\/2025\/09\/Diseno-sin-titulo-2025-09-11T124917.019.jpg","type":"image\/jpeg"}],"twitter_card":"summary_large_image","twitter_misc":{"Est. reading time":"4 minutes"},"schema":{"@context":"https:\/\/schema.org","@graph":[{"@type":"WebPage","@id":"https:\/\/gr-100.com\/producto\/specialized-allez-2026\/","url":"https:\/\/gr-100.com\/producto\/specialized-allez-2026\/","name":"Specialized Allez 2026 GR-100","isPartOf":{"@id":"https:\/\/gr-100.com\/#website"},"primaryImageOfPage":{"@id":"https:\/\/gr-100.com\/producto\/specialized-allez-2026\/#primaryimage"},"image":{"@id":"https:\/\/gr-100.com\/producto\/specialized-allez-2026\/#primaryimage"},"thumbnailUrl":"https:\/\/gr-100.com\/wp-content\/uploads\/2025\/09\/Diseno-sin-titulo-2025-09-11T124917.019.jpg","datePublished":"2025-09-11T11:20:21+00:00","dateModified":"2026-04-06T20:56:13+00:00","description":"Cuatro d\u00e9cadas despu\u00e9s de lanz\u00e1semos la primera Specialized Allez a la carretera, traemos su mejor version hasta ahora. La m\u00e1s ligera de su clase*, ofrece m\u00e1s confianza, versatilidad y rendimiento que nunca, a m\u00e1s ciclistas que nunca. Tanto si buscas un aluminio de primera calidad, como si quieres una bicicleta para los fines de semana y los desplazamientos r\u00e1pidos, o si acabas de empezar a montar por carretera, el rendimiento en carretera empieza con la Allez.","breadcrumb":{"@id":"https:\/\/gr-100.com\/producto\/specialized-allez-2026\/#breadcrumb"},"inLanguage":"en-US","potentialAction":[{"@type":"ReadAction","target":["https:\/\/gr-100.com\/producto\/specialized-allez-2026\/"]}]},{"@type":"ImageObject","inLanguage":"en-US","@id":"https:\/\/gr-100.com\/producto\/specialized-allez-2026\/#primaryimage","url":"https:\/\/gr-100.com\/wp-content\/uploads\/2025\/09\/Diseno-sin-titulo-2025-09-11T124917.019.jpg","contentUrl":"https:\/\/gr-100.com\/wp-content\/uploads\/2025\/09\/Diseno-sin-titulo-2025-09-11T124917.019.jpg","width":1000,"height":1000},{"@type":"BreadcrumbList","@id":"https:\/\/gr-100.com\/producto\/specialized-allez-2026\/#breadcrumb","itemListElement":[{"@type":"ListItem","position":1,"name":"Portada","item":"https:\/\/gr-100.com\/pt-pt\/"},{"@type":"ListItem","position":2,"name":"Productos","item":"https:\/\/gr-100.com\/?post_type=product"},{"@type":"ListItem","position":3,"name":"Specialized Allez 2026"}]},{"@type":"WebSite","@id":"https:\/\/gr-100.com\/#website","url":"https:\/\/gr-100.com\/","name":"Gr-100 Tienda de ciclismo Specialized","description":"GR-100 tenemos todas las gamas de bicicletas Specialized al mejor precio.","publisher":{"@id":"https:\/\/gr-100.com\/#organization"},"alternateName":"Gr-100 Bikes","potentialAction":[{"@type":"SearchAction","target":{"@type":"EntryPoint","urlTemplate":"https:\/\/gr-100.com\/?s={search_term_string}"},"query-input":{"@type":"PropertyValueSpecification","valueRequired":true,"valueName":"search_term_string"}}],"inLanguage":"en-US"},{"@type":"Organization","@id":"https:\/\/gr-100.com\/#organization","name":"Gr-100","url":"https:\/\/gr-100.com\/","logo":{"@type":"ImageObject","inLanguage":"en-US","@id":"https:\/\/gr-100.com\/#\/schema\/logo\/image\/","url":"https:\/\/gr-100.com\/wp-content\/uploads\/2023\/08\/logo-gr-100-bikes.png","contentUrl":"https:\/\/gr-100.com\/wp-content\/uploads\/2023\/08\/logo-gr-100-bikes.png","width":707,"height":284,"caption":"Gr-100"},"image":{"@id":"https:\/\/gr-100.com\/#\/schema\/logo\/image\/"},"sameAs":["https:\/\/www.facebook.com\/Gr100Bikes","https:\/\/www.instagram.com\/gr100bikes\/","https:\/\/www.tiktok.com\/@gr100bikes","https:\/\/twitter.com\/gr100mtbteam","https:\/\/www.youtube.com\/c\/GR100Specialized"]}]}},"_links":{"self":[{"href":"https:\/\/gr-100.com\/en\/wp-json\/wp\/v2\/product\/415313","targetHints":{"allow":["GET"]}}],"collection":[{"href":"https:\/\/gr-100.com\/en\/wp-json\/wp\/v2\/product"}],"about":[{"href":"https:\/\/gr-100.com\/en\/wp-json\/wp\/v2\/types\/product"}],"replies":[{"embeddable":true,"href":"https:\/\/gr-100.com\/en\/wp-json\/wp\/v2\/comments?post=415313"}],"wp:featuredmedia":[{"embeddable":true,"href":"https:\/\/gr-100.com\/en\/wp-json\/wp\/v2\/media\/415315"}],"wp:attachment":[{"href":"https:\/\/gr-100.com\/en\/wp-json\/wp\/v2\/media?parent=415313"}],"wp:term":[{"taxonomy":"product_brand","embeddable":true,"href":"https:\/\/gr-100.com\/en\/wp-json\/wp\/v2\/product_brand?post=415313"},{"taxonomy":"product_cat","embeddable":true,"href":"https:\/\/gr-100.com\/en\/wp-json\/wp\/v2\/product_cat?post=415313"},{"taxonomy":"product_tag","embeddable":true,"href":"https:\/\/gr-100.com\/en\/wp-json\/wp\/v2\/product_tag?post=415313"}],"curies":[{"name":"wp","href":"https:\/\/api.w.org\/{rel}","templated":true}]}}