{"id":415896,"date":"2025-09-16T11:47:46","date_gmt":"2025-09-16T09:47:46","guid":{"rendered":"https:\/\/gr-100.com\/?post_type=product&#038;p=415896"},"modified":"2026-04-15T12:17:33","modified_gmt":"2026-04-15T11:17:33","slug":"specialized-roubaix-sl8-pro-sram-force-axs-2026","status":"publish","type":"product","link":"https:\/\/gr-100.com\/en\/producto\/specialized-roubaix-sl8-pro-sram-force-axs-2026\/","title":{"rendered":"Specialized Roubaix SL8 Pro SRAM Force AXS 2026"},"content":{"rendered":"<ul>\n<li>COMODIDAD: El Future Shock 3.0 es la estrella del espect\u00e1culo, m\u00e1s ajustable y duradero que nunca. Ahora, independientemente de la posici\u00f3n en la bicicleta, cada ciclista experimenta 20 mm de recorrido suave y sin adherencias entre la potencia y el tubo de direcci\u00f3n. Future Shock ayuda a mantener las manos y el manillar firmes para una conducci\u00f3n m\u00e1s suave y con m\u00e1s control para rodar r\u00e1pido, seguro y con confianza.<\/li>\n<li>Nuestro dise\u00f1o con la abrazadera de la tija m\u00e1s baja expone m\u00e1s tija de sill\u00edn para aumentar la flexi\u00f3n, pero &#8220;m\u00e1s&#8221; no es simplemente mejor. La tija de sill\u00edn Pav\u00e9 controla esa flexi\u00f3n para obtener una comodidad vertical \u00f3ptima. Juntos crean la tecnolog\u00eda AfterShock, y cuando se combinan con el tri\u00e1ngulo trasero r\u00edgido de la Roubaix, proporcionan una conducci\u00f3n suave sin p\u00e9rdida de eficiencia.<\/li>\n<li>La Roubaix SL8 es la bicicleta de carretera m\u00e1s c\u00f3moda que nuestro equipo de Ride Science ha probado jam\u00e1s, reduciendo los impactos en el manillar y el sill\u00edn en un 53% frente a la competencia m\u00e1s cercana. Con el Future Shock 3.0 de Roubaix, la rueda se desplaza r\u00e1pidamente sobre el bache, mientras que la masa del ciclista permanece estable, manteniendo el impulso en terrenos abruptos. Las horquillas tradicionales flexan hacia atr\u00e1s ante un impacto, causando una p\u00e9rdida medible de velocidad. Es un hecho cient\u00edfico, m\u00e1s c\u00f3modo es m\u00e1s r\u00e1pido.<\/li>\n<li>CAPACIDAD: La Roubaix fue pionera en la geometr\u00eda de la categor\u00eda endurance, por lo que se conduce &#8220;EN&#8221; la bicicleta, no &#8220;SOBRE&#8221; la bicicleta para aliviar la presi\u00f3n sobre las manos, los brazos y los hombros para ofrecer confianza en cualquier carretera, y est\u00e1 preparada para afrontar un descenso en monta\u00f1a a toda velocidad. \u00a1Ac\u00f3plate!<\/li>\n<li>Con una capacidad para neum\u00e1ticos de hasta 38c\/40mm, esta m\u00e1quina de carretera endurance ofrece mejor tracci\u00f3n que nunca en caminos abruptos e incluso gravel ligero. Gracias a su ligera y eficiencia, los neum\u00e1ticos Specialized ofrecen un volumen extra y mayor tracci\u00f3n sin comprometer el rendimiento.<\/li>\n<li>La Roubaix nos inspira para planear d\u00edas realmente GRANDES sobre la bicicleta, por lo que le hemos dado todos los soportes que tus aventuras podr\u00edan necesitar: tres soportes para portabidones, soportes para el tubo superior e incluso est\u00e1 preparada para guardabarros. As\u00ed que, adelante, ll\u00e9valo todo contigo.<\/li>\n<li>RENDIMIENTO: La nueva Roubaix SL8 es la m\u00e1s aerodin\u00e1mica hasta la fecha, con nuevas formas aerodin\u00e1micas extraidas de nuestra biblioteca Free Foil y tirantes bajos. Con s\u00f3lo 825 gramos, el cuadro es 50 gramos m\u00e1s ligero gracias a las lecciones aprendidas del Aethos -el cuadro de producci\u00f3n m\u00e1s ligero del mundo- y nuestra fibra de carbono Fact 12r de primera calidad. Nada en su categor\u00eda es m\u00e1s r\u00e1pido o ligero que la Roubaix.<\/li>\n<li>ESPECIFICACIONES T\u00c9CNICAS<\/li>\n<li>Cuadro<br \/>\nCuadro<br \/>\nFACT 10R, Rider First Engineered\u2122 (RFE), FreeFoil Shape Library tubes, threaded BB, 12x142mm thru-axle, flat-mount disc<\/li>\n<li>Suspensi\u00f3n<br \/>\nHorquilla<br \/>\nFuture Shock 3.3 w\/ Smooth Boot, FACT Carbon 12x100mm, thru-axle, flat-mount disc<\/li>\n<li>Frenos<br \/>\nFreno delantero<br \/>\nNEW SRAM Force AXS E1, hydraulic disc 160mm rotor<br \/>\nFreno trasero<br \/>\nNEW SRAM Force AXS E1, hydraulic disc 160mm rotor<\/li>\n<li>Transmisi\u00f3n<br \/>\nManetas de cambio<br \/>\nNEW SRAM Force AXS E1 HRD<br \/>\nPlatos y bielas<br \/>\nNEW SRAM Force E1 Power Meter, 46\/33t<br \/>\nCaja de pedalier<br \/>\nSRAM DUB BSA<br \/>\nCadena<br \/>\nNEW SRAM Force E1<br \/>\nDesviador trasero<br \/>\nNEW SRAM Force AXS E1<br \/>\nDesviador delantero<br \/>\nNEW SRAM Force AXS E1<br \/>\nCassette<br \/>\nSRAM Force, 12 speed 10-36<\/li>\n<li>Ruedas y neum\u00e1ticos<br \/>\nC\u00e1maras<br \/>\n700&#215;28\/38mm, 48mm Presta valve<br \/>\nNeum\u00e1tico delantero<br \/>\nMondo TLR Endurance Tire, 700x32c, GRIPTON T2\/T5<br \/>\nNeum\u00e1tico trasero<br \/>\nMondo TLR Endurance Tire, 700x32c, GRIPTON T2\/T5<br \/>\nRueda delantera<br \/>\nRoval Rapide CL III<br \/>\nRueda trasera<br \/>\nRoval Rapide CL III<\/li>\n<li>Cockpit<br \/>\nAbrazadera del sill\u00edn<br \/>\nHidden drop clamp<br \/>\nManillar<br \/>\nRoval Alpinist Carbon Handlebar, 125mm drop, 75mm reach<br \/>\nTija del sill\u00edn<br \/>\nS-Works Pave<br \/>\nPotencia<br \/>\nSpecialized Pro SL, alloy, 4-bolt<br \/>\nSill\u00edn<br \/>\nBody Geometry Power Pro Mirror, Hollow Ti Rails<br \/>\nCinta de manillar<br \/>\nSupacaz Super Sticky Kush<\/li>\n<li>Peso<br \/>\nTalla<br \/>\n56<br \/>\nPeso<br \/>\n7.87 kg (17 lb, 5.6 oz)<\/li>\n<\/ul>\n","protected":false},"excerpt":{"rendered":"<p>Hace dos d\u00e9cadas creamos la categor\u00eda de carretera Endurance demostrando que una alta ergonom\u00eda significa un alto rendimiento. Hoy, la nueva Roubaix SL8 con Future Shock 3.0 es m\u00e1s ligera, r\u00e1pida y c\u00f3moda que cualquier bicicleta de carretera jam\u00e1s fabricada, ofreciendo al ciclista una confianza inigualable. La carretera puede ser un infierno, pero pedaleando sobre una Roubaix siempre es como pedalear en el cielo.<br \/>\nAhora, la Roubaix SL8 Pro viene equipada con el nuevo grupo SRAM Force AXS, que ofrece menos peso, una frenada suave y un cambio m\u00e1s r\u00e1pido y preciso.<\/p>\n","protected":false},"featured_media":415897,"comment_status":"open","ping_status":"closed","template":"","meta":{"_acf_changed":false,"_et_pb_use_builder":"","_et_pb_old_content":"","_et_gb_content_width":"","inline_featured_image":false},"product_brand":[],"product_cat":[420,20,5188,5192,5186],"product_tag":[],"class_list":{"0":"post-415896","1":"product","2":"type-product","3":"status-publish","4":"has-post-thumbnail","6":"product_cat-bicicletas","7":"product_cat-bicicletas-de-carretera","8":"product_cat-bicicletas-carretera-carbono","9":"product_cat-bicicletas-carretera-gran-fondo","10":"product_cat-bicicletas-carretera-specialized","11":"product_shipping_class-bicicletas","13":"first","14":"instock","15":"taxable","16":"shipping-taxable","17":"purchasable","18":"product-type-variable","19":"wvs-archive-product-wrapper"},"acf":[],"yoast_head":"<!-- This site is optimized with the Yoast SEO Premium plugin v26.7 (Yoast SEO v26.7) - https:\/\/yoast.com\/wordpress\/plugins\/seo\/ -->\n<title>Specialized Roubaix SL8 Pro SRAM Force AXS 2026 GR-100<\/title>\n<meta name=\"description\" content=\"Hace dos d\u00e9cadas creamos la categor\u00eda de carretera Endurance demostrando que una alta ergonom\u00eda significa un alto rendimiento. Hoy, la nueva Roubaix SL8 con Future Shock 3.0 es m\u00e1s ligera, r\u00e1pida y c\u00f3moda que cualquier bicicleta de carretera jam\u00e1s fabricada, ofreciendo al ciclista una confianza inigualable. La carretera puede ser un infierno, pero pedaleando sobre una Roubaix siempre es como pedalear en el cielo.Ahora, la Roubaix SL8 Pro viene equipada con el nuevo grupo SRAM Force AXS, que ofrece menos peso, una frenada suave y un cambio m\u00e1s r\u00e1pido y preciso.\" \/>\n<meta name=\"robots\" content=\"index, follow, max-snippet:-1, max-image-preview:large, max-video-preview:-1\" \/>\n<link rel=\"canonical\" href=\"https:\/\/gr-100.com\/producto\/specialized-roubaix-sl8-pro-sram-force-axs-2026\/\" \/>\n<meta property=\"og:locale\" content=\"en_US\" \/>\n<meta property=\"og:type\" content=\"article\" \/>\n<meta property=\"og:title\" content=\"Specialized Roubaix SL8 Pro SRAM Force AXS 2026\" \/>\n<meta property=\"og:description\" content=\"Hace dos d\u00e9cadas creamos la categor\u00eda de carretera Endurance demostrando que una alta ergonom\u00eda significa un alto rendimiento. Hoy, la nueva Roubaix SL8 con Future Shock 3.0 es m\u00e1s ligera, r\u00e1pida y c\u00f3moda que cualquier bicicleta de carretera jam\u00e1s fabricada, ofreciendo al ciclista una confianza inigualable. La carretera puede ser un infierno, pero pedaleando sobre una Roubaix siempre es como pedalear en el cielo.Ahora, la Roubaix SL8 Pro viene equipada con el nuevo grupo SRAM Force AXS, que ofrece menos peso, una frenada suave y un cambio m\u00e1s r\u00e1pido y preciso.\" \/>\n<meta property=\"og:url\" content=\"https:\/\/gr-100.com\/producto\/specialized-roubaix-sl8-pro-sram-force-axs-2026\/\" \/>\n<meta property=\"og:site_name\" content=\"Gr-100 Tienda de ciclismo Specialized\" \/>\n<meta property=\"article:publisher\" content=\"https:\/\/www.facebook.com\/Gr100Bikes\" \/>\n<meta property=\"article:modified_time\" content=\"2026-04-15T11:17:33+00:00\" \/>\n<meta property=\"og:image\" content=\"https:\/\/gr-100.com\/wp-content\/uploads\/2025\/09\/Diseno-sin-titulo-2025-09-15T143247.248.jpg\" \/>\n\t<meta property=\"og:image:width\" content=\"1000\" \/>\n\t<meta property=\"og:image:height\" content=\"1000\" \/>\n\t<meta property=\"og:image:type\" content=\"image\/jpeg\" \/>\n<meta name=\"twitter:card\" content=\"summary_large_image\" \/>\n<meta name=\"twitter:label1\" content=\"Est. reading time\" \/>\n\t<meta name=\"twitter:data1\" content=\"4 minutes\" \/>\n<script type=\"application\/ld+json\" class=\"yoast-schema-graph\">{\"@context\":\"https:\/\/schema.org\",\"@graph\":[{\"@type\":\"WebPage\",\"@id\":\"https:\/\/gr-100.com\/producto\/specialized-roubaix-sl8-pro-sram-force-axs-2026\/\",\"url\":\"https:\/\/gr-100.com\/producto\/specialized-roubaix-sl8-pro-sram-force-axs-2026\/\",\"name\":\"Specialized Roubaix SL8 Pro SRAM Force AXS 2026 GR-100\",\"isPartOf\":{\"@id\":\"https:\/\/gr-100.com\/#website\"},\"primaryImageOfPage\":{\"@id\":\"https:\/\/gr-100.com\/producto\/specialized-roubaix-sl8-pro-sram-force-axs-2026\/#primaryimage\"},\"image\":{\"@id\":\"https:\/\/gr-100.com\/producto\/specialized-roubaix-sl8-pro-sram-force-axs-2026\/#primaryimage\"},\"thumbnailUrl\":\"https:\/\/gr-100.com\/wp-content\/uploads\/2025\/09\/Diseno-sin-titulo-2025-09-15T143247.248.jpg\",\"datePublished\":\"2025-09-16T09:47:46+00:00\",\"dateModified\":\"2026-04-15T11:17:33+00:00\",\"description\":\"Hace dos d\u00e9cadas creamos la categor\u00eda de carretera Endurance demostrando que una alta ergonom\u00eda significa un alto rendimiento. Hoy, la nueva Roubaix SL8 con Future Shock 3.0 es m\u00e1s ligera, r\u00e1pida y c\u00f3moda que cualquier bicicleta de carretera jam\u00e1s fabricada, ofreciendo al ciclista una confianza inigualable. La carretera puede ser un infierno, pero pedaleando sobre una Roubaix siempre es como pedalear en el cielo.Ahora, la Roubaix SL8 Pro viene equipada con el nuevo grupo SRAM Force AXS, que ofrece menos peso, una frenada suave y un cambio m\u00e1s r\u00e1pido y preciso.\",\"breadcrumb\":{\"@id\":\"https:\/\/gr-100.com\/producto\/specialized-roubaix-sl8-pro-sram-force-axs-2026\/#breadcrumb\"},\"inLanguage\":\"en-US\",\"potentialAction\":[{\"@type\":\"ReadAction\",\"target\":[\"https:\/\/gr-100.com\/producto\/specialized-roubaix-sl8-pro-sram-force-axs-2026\/\"]}]},{\"@type\":\"ImageObject\",\"inLanguage\":\"en-US\",\"@id\":\"https:\/\/gr-100.com\/producto\/specialized-roubaix-sl8-pro-sram-force-axs-2026\/#primaryimage\",\"url\":\"https:\/\/gr-100.com\/wp-content\/uploads\/2025\/09\/Diseno-sin-titulo-2025-09-15T143247.248.jpg\",\"contentUrl\":\"https:\/\/gr-100.com\/wp-content\/uploads\/2025\/09\/Diseno-sin-titulo-2025-09-15T143247.248.jpg\",\"width\":1000,\"height\":1000},{\"@type\":\"BreadcrumbList\",\"@id\":\"https:\/\/gr-100.com\/producto\/specialized-roubaix-sl8-pro-sram-force-axs-2026\/#breadcrumb\",\"itemListElement\":[{\"@type\":\"ListItem\",\"position\":1,\"name\":\"Portada\",\"item\":\"https:\/\/gr-100.com\/pt-pt\/\"},{\"@type\":\"ListItem\",\"position\":2,\"name\":\"Productos\",\"item\":\"https:\/\/gr-100.com\/?post_type=product\"},{\"@type\":\"ListItem\",\"position\":3,\"name\":\"Specialized Roubaix SL8 Pro SRAM Force AXS 2026\"}]},{\"@type\":\"WebSite\",\"@id\":\"https:\/\/gr-100.com\/#website\",\"url\":\"https:\/\/gr-100.com\/\",\"name\":\"Gr-100 Tienda de ciclismo Specialized\",\"description\":\"GR-100 tenemos todas las gamas de bicicletas Specialized al mejor precio.\",\"publisher\":{\"@id\":\"https:\/\/gr-100.com\/#organization\"},\"alternateName\":\"Gr-100 Bikes\",\"potentialAction\":[{\"@type\":\"SearchAction\",\"target\":{\"@type\":\"EntryPoint\",\"urlTemplate\":\"https:\/\/gr-100.com\/?s={search_term_string}\"},\"query-input\":{\"@type\":\"PropertyValueSpecification\",\"valueRequired\":true,\"valueName\":\"search_term_string\"}}],\"inLanguage\":\"en-US\"},{\"@type\":\"Organization\",\"@id\":\"https:\/\/gr-100.com\/#organization\",\"name\":\"Gr-100\",\"url\":\"https:\/\/gr-100.com\/\",\"logo\":{\"@type\":\"ImageObject\",\"inLanguage\":\"en-US\",\"@id\":\"https:\/\/gr-100.com\/#\/schema\/logo\/image\/\",\"url\":\"https:\/\/gr-100.com\/wp-content\/uploads\/2023\/08\/logo-gr-100-bikes.png\",\"contentUrl\":\"https:\/\/gr-100.com\/wp-content\/uploads\/2023\/08\/logo-gr-100-bikes.png\",\"width\":707,\"height\":284,\"caption\":\"Gr-100\"},\"image\":{\"@id\":\"https:\/\/gr-100.com\/#\/schema\/logo\/image\/\"},\"sameAs\":[\"https:\/\/www.facebook.com\/Gr100Bikes\",\"https:\/\/www.instagram.com\/gr100bikes\/\",\"https:\/\/www.tiktok.com\/@gr100bikes\",\"https:\/\/twitter.com\/gr100mtbteam\",\"https:\/\/www.youtube.com\/c\/GR100Specialized\"]}]}<\/script>\n<!-- \/ Yoast SEO Premium plugin. -->","yoast_head_json":{"title":"Specialized Roubaix SL8 Pro SRAM Force AXS 2026 GR-100","description":"Hace dos d\u00e9cadas creamos la categor\u00eda de carretera Endurance demostrando que una alta ergonom\u00eda significa un alto rendimiento. Hoy, la nueva Roubaix SL8 con Future Shock 3.0 es m\u00e1s ligera, r\u00e1pida y c\u00f3moda que cualquier bicicleta de carretera jam\u00e1s fabricada, ofreciendo al ciclista una confianza inigualable. La carretera puede ser un infierno, pero pedaleando sobre una Roubaix siempre es como pedalear en el cielo.Ahora, la Roubaix SL8 Pro viene equipada con el nuevo grupo SRAM Force AXS, que ofrece menos peso, una frenada suave y un cambio m\u00e1s r\u00e1pido y preciso.","robots":{"index":"index","follow":"follow","max-snippet":"max-snippet:-1","max-image-preview":"max-image-preview:large","max-video-preview":"max-video-preview:-1"},"canonical":"https:\/\/gr-100.com\/producto\/specialized-roubaix-sl8-pro-sram-force-axs-2026\/","og_locale":"en_US","og_type":"article","og_title":"Specialized Roubaix SL8 Pro SRAM Force AXS 2026","og_description":"Hace dos d\u00e9cadas creamos la categor\u00eda de carretera Endurance demostrando que una alta ergonom\u00eda significa un alto rendimiento. Hoy, la nueva Roubaix SL8 con Future Shock 3.0 es m\u00e1s ligera, r\u00e1pida y c\u00f3moda que cualquier bicicleta de carretera jam\u00e1s fabricada, ofreciendo al ciclista una confianza inigualable. La carretera puede ser un infierno, pero pedaleando sobre una Roubaix siempre es como pedalear en el cielo.Ahora, la Roubaix SL8 Pro viene equipada con el nuevo grupo SRAM Force AXS, que ofrece menos peso, una frenada suave y un cambio m\u00e1s r\u00e1pido y preciso.","og_url":"https:\/\/gr-100.com\/producto\/specialized-roubaix-sl8-pro-sram-force-axs-2026\/","og_site_name":"Gr-100 Tienda de ciclismo Specialized","article_publisher":"https:\/\/www.facebook.com\/Gr100Bikes","article_modified_time":"2026-04-15T11:17:33+00:00","og_image":[{"width":1000,"height":1000,"url":"https:\/\/gr-100.com\/wp-content\/uploads\/2025\/09\/Diseno-sin-titulo-2025-09-15T143247.248.jpg","type":"image\/jpeg"}],"twitter_card":"summary_large_image","twitter_misc":{"Est. reading time":"4 minutes"},"schema":{"@context":"https:\/\/schema.org","@graph":[{"@type":"WebPage","@id":"https:\/\/gr-100.com\/producto\/specialized-roubaix-sl8-pro-sram-force-axs-2026\/","url":"https:\/\/gr-100.com\/producto\/specialized-roubaix-sl8-pro-sram-force-axs-2026\/","name":"Specialized Roubaix SL8 Pro SRAM Force AXS 2026 GR-100","isPartOf":{"@id":"https:\/\/gr-100.com\/#website"},"primaryImageOfPage":{"@id":"https:\/\/gr-100.com\/producto\/specialized-roubaix-sl8-pro-sram-force-axs-2026\/#primaryimage"},"image":{"@id":"https:\/\/gr-100.com\/producto\/specialized-roubaix-sl8-pro-sram-force-axs-2026\/#primaryimage"},"thumbnailUrl":"https:\/\/gr-100.com\/wp-content\/uploads\/2025\/09\/Diseno-sin-titulo-2025-09-15T143247.248.jpg","datePublished":"2025-09-16T09:47:46+00:00","dateModified":"2026-04-15T11:17:33+00:00","description":"Hace dos d\u00e9cadas creamos la categor\u00eda de carretera Endurance demostrando que una alta ergonom\u00eda significa un alto rendimiento. Hoy, la nueva Roubaix SL8 con Future Shock 3.0 es m\u00e1s ligera, r\u00e1pida y c\u00f3moda que cualquier bicicleta de carretera jam\u00e1s fabricada, ofreciendo al ciclista una confianza inigualable. La carretera puede ser un infierno, pero pedaleando sobre una Roubaix siempre es como pedalear en el cielo.Ahora, la Roubaix SL8 Pro viene equipada con el nuevo grupo SRAM Force AXS, que ofrece menos peso, una frenada suave y un cambio m\u00e1s r\u00e1pido y preciso.","breadcrumb":{"@id":"https:\/\/gr-100.com\/producto\/specialized-roubaix-sl8-pro-sram-force-axs-2026\/#breadcrumb"},"inLanguage":"en-US","potentialAction":[{"@type":"ReadAction","target":["https:\/\/gr-100.com\/producto\/specialized-roubaix-sl8-pro-sram-force-axs-2026\/"]}]},{"@type":"ImageObject","inLanguage":"en-US","@id":"https:\/\/gr-100.com\/producto\/specialized-roubaix-sl8-pro-sram-force-axs-2026\/#primaryimage","url":"https:\/\/gr-100.com\/wp-content\/uploads\/2025\/09\/Diseno-sin-titulo-2025-09-15T143247.248.jpg","contentUrl":"https:\/\/gr-100.com\/wp-content\/uploads\/2025\/09\/Diseno-sin-titulo-2025-09-15T143247.248.jpg","width":1000,"height":1000},{"@type":"BreadcrumbList","@id":"https:\/\/gr-100.com\/producto\/specialized-roubaix-sl8-pro-sram-force-axs-2026\/#breadcrumb","itemListElement":[{"@type":"ListItem","position":1,"name":"Portada","item":"https:\/\/gr-100.com\/pt-pt\/"},{"@type":"ListItem","position":2,"name":"Productos","item":"https:\/\/gr-100.com\/?post_type=product"},{"@type":"ListItem","position":3,"name":"Specialized Roubaix SL8 Pro SRAM Force AXS 2026"}]},{"@type":"WebSite","@id":"https:\/\/gr-100.com\/#website","url":"https:\/\/gr-100.com\/","name":"Gr-100 Tienda de ciclismo Specialized","description":"GR-100 tenemos todas las gamas de bicicletas Specialized al mejor precio.","publisher":{"@id":"https:\/\/gr-100.com\/#organization"},"alternateName":"Gr-100 Bikes","potentialAction":[{"@type":"SearchAction","target":{"@type":"EntryPoint","urlTemplate":"https:\/\/gr-100.com\/?s={search_term_string}"},"query-input":{"@type":"PropertyValueSpecification","valueRequired":true,"valueName":"search_term_string"}}],"inLanguage":"en-US"},{"@type":"Organization","@id":"https:\/\/gr-100.com\/#organization","name":"Gr-100","url":"https:\/\/gr-100.com\/","logo":{"@type":"ImageObject","inLanguage":"en-US","@id":"https:\/\/gr-100.com\/#\/schema\/logo\/image\/","url":"https:\/\/gr-100.com\/wp-content\/uploads\/2023\/08\/logo-gr-100-bikes.png","contentUrl":"https:\/\/gr-100.com\/wp-content\/uploads\/2023\/08\/logo-gr-100-bikes.png","width":707,"height":284,"caption":"Gr-100"},"image":{"@id":"https:\/\/gr-100.com\/#\/schema\/logo\/image\/"},"sameAs":["https:\/\/www.facebook.com\/Gr100Bikes","https:\/\/www.instagram.com\/gr100bikes\/","https:\/\/www.tiktok.com\/@gr100bikes","https:\/\/twitter.com\/gr100mtbteam","https:\/\/www.youtube.com\/c\/GR100Specialized"]}]}},"_links":{"self":[{"href":"https:\/\/gr-100.com\/en\/wp-json\/wp\/v2\/product\/415896","targetHints":{"allow":["GET"]}}],"collection":[{"href":"https:\/\/gr-100.com\/en\/wp-json\/wp\/v2\/product"}],"about":[{"href":"https:\/\/gr-100.com\/en\/wp-json\/wp\/v2\/types\/product"}],"replies":[{"embeddable":true,"href":"https:\/\/gr-100.com\/en\/wp-json\/wp\/v2\/comments?post=415896"}],"wp:featuredmedia":[{"embeddable":true,"href":"https:\/\/gr-100.com\/en\/wp-json\/wp\/v2\/media\/415897"}],"wp:attachment":[{"href":"https:\/\/gr-100.com\/en\/wp-json\/wp\/v2\/media?parent=415896"}],"wp:term":[{"taxonomy":"product_brand","embeddable":true,"href":"https:\/\/gr-100.com\/en\/wp-json\/wp\/v2\/product_brand?post=415896"},{"taxonomy":"product_cat","embeddable":true,"href":"https:\/\/gr-100.com\/en\/wp-json\/wp\/v2\/product_cat?post=415896"},{"taxonomy":"product_tag","embeddable":true,"href":"https:\/\/gr-100.com\/en\/wp-json\/wp\/v2\/product_tag?post=415896"}],"curies":[{"name":"wp","href":"https:\/\/api.w.org\/{rel}","templated":true}]}}