{"id":417495,"date":"2025-09-24T11:32:12","date_gmt":"2025-09-24T09:32:12","guid":{"rendered":"https:\/\/gr-100.com\/?post_type=product&#038;p=417495"},"modified":"2026-04-16T12:41:15","modified_gmt":"2026-04-16T11:41:15","slug":"specialized-diverge-4-expert-rival-2026","status":"publish","type":"product","link":"https:\/\/gr-100.com\/en\/producto\/specialized-diverge-4-expert-rival-2026\/","title":{"rendered":"Specialized Diverge 4 Expert Rival 2026"},"content":{"rendered":"<ul>\n<li>Especificaciones t\u00e9cnicas<\/li>\n<li>Cuadro<br \/>\nCuadro<br \/>\nSpecialized Diverge FACT 9r carbon, SWAT\u2122 Door integration, Future Shock suspension, threaded BB, internal routing, 12x142mm thru-axle, flat-mount disc, UDH dropout<\/li>\n<li>Suspensi\u00f3n<br \/>\nHorquilla<br \/>\nFuture Shock 3.2 w\/ Smooth Boot, FACT Carbon 12x100mm, thru-axle, flat-mount disc<\/li>\n<li>Frenos<br \/>\nFreno delantero<br \/>\nSRAM Rival E1, hydraulic disc<br \/>\nFreno trasero<br \/>\nSRAM Rival E1, hydraulic disc<\/li>\n<li>Transmisi\u00f3n<br \/>\nManetas de cambio<br \/>\nSRAM Rival AXS E1<br \/>\nDesviador trasero<br \/>\nSRAM Rival AXS E1 XPLR<br \/>\nCassette<br \/>\nSRAM Rival E1 XPLR 10-46t, 13sp<br \/>\nCadena<br \/>\nSRAM Rival E1<br \/>\nPlatos y bielas<br \/>\nSRAM Rival E1 XPLR, DUB Wide, 40t<br \/>\nCaja de pedalier<br \/>\nSRAM DUB BSA 68 Wide<\/li>\n<li>Ruedas y neum\u00e1ticos<br \/>\nNeum\u00e1tico delantero<br \/>\nTracer 700&#215;45, Tan Sidewall, Tubeless Ready<br \/>\nRueda delantera<br \/>\nRoval Terra C Rim, 25mm internal width, 32mm depth, 24h, Tubeless ready, DT for Roval 370 hub, Centerlock disc, DT Swiss Competition Race spokes<br \/>\nNeum\u00e1tico trasero<br \/>\nTracer 700&#215;45, Tan Sidewall, Tubeless Ready<br \/>\nRueda trasera<br \/>\nRoval Terra C Rim, 25mm internal width, 32mm depth, 24h, Tubeless ready, DT for Roval 370 hub, Centerlock disc, DT Swiss Competition Race spokes<br \/>\nC\u00e1maras<br \/>\nPresta, 700&#215;32-50mm<\/li>\n<li>Cockpit<br \/>\nPotencia<br \/>\nFuture Stem, Pro<br \/>\nManillar<br \/>\nSpecialized Adventure Gear Hover, 103mm drop x 70mm reach x 12\u00ba flare<br \/>\nCinta de manillar<br \/>\nSupacaz Super Sticky Kush<br \/>\nSill\u00edn<br \/>\nBody Geometry Power Expert<br \/>\nTija del sill\u00edn<br \/>\nRoval Terra Carbon Seat Post, 20mm Offset<br \/>\nAbrazadera del sill\u00edn<br \/>\nSpecialized Alloy, 30.8mm<\/li>\n<li>Accesorios<br \/>\nSWAT<br \/>\nSWAT 4.0 internal downtube storage<\/li>\n<li>Peso<br \/>\n8.9 kg (19 lb, 9.9 oz)<\/li>\n<li>Talla 56*Pesos basados en cuadros pintados de producci\u00f3n como se muestra en la imagen. Los pesos reales variar\u00e1n seg\u00fan el color, el tama\u00f1o del cuadro y la variaci\u00f3n de los componentes. Las especificaciones est\u00e1n sujetas a cambios sin previo aviso.<\/li>\n<\/ul>\n","protected":false},"excerpt":{"rendered":"<p><strong>La m\u00e1quina definitiva para escapar de todo<\/strong><br \/>\nOptimizada para competir. Preparada para la aventura. La Diverge 4 est\u00e1 hecha para darlo todo en carreras y para hacer rutas \u00e9picas off-road. Con el Future Shock\u00a03.2, nuestro cuadro m\u00e1s reactivo hasta la fecha, un gran paso de rueda y el mayor sistema de almacenamiento interno del sector, la mejor bici de gravel del mundo ahora es incluso mejor. Persigue el horizonte o a tus rivales. Puede hacer las dos cosas.<\/p>\n","protected":false},"featured_media":417520,"comment_status":"open","ping_status":"closed","template":"","meta":{"_acf_changed":false,"_et_pb_use_builder":"","_et_pb_old_content":"","_et_gb_content_width":"","inline_featured_image":false},"product_brand":[],"product_cat":[420,2407,5224,5227,5222],"product_tag":[],"class_list":{"0":"post-417495","1":"product","2":"type-product","3":"status-publish","4":"has-post-thumbnail","6":"product_cat-bicicletas","7":"product_cat-bicicletas-gravel","8":"product_cat-bicicletas-gravel-carbono","9":"product_cat-bicicletas-gravel-gran-fondo","10":"product_cat-bicicletas-gravel-specialized","11":"product_shipping_class-bicicletas","13":"first","14":"instock","15":"taxable","16":"shipping-taxable","17":"purchasable","18":"product-type-variable","19":"wvs-archive-product-wrapper"},"acf":[],"yoast_head":"<!-- This site is optimized with the Yoast SEO Premium plugin v26.7 (Yoast SEO v26.7) - https:\/\/yoast.com\/wordpress\/plugins\/seo\/ -->\n<title>Specialized Diverge 4 Expert Rival 2026 GR-100<\/title>\n<meta name=\"description\" content=\"Cuadro Carbono FACT 9r. Suspensi\u00f3n Future Shock 3.2. Cambio SRAM Rival AXS E1 XPLR \/ ruedas Roval Terra C. SWAT 4.0. Peso 8.90 kg\" \/>\n<meta name=\"robots\" content=\"index, follow, max-snippet:-1, max-image-preview:large, max-video-preview:-1\" \/>\n<link rel=\"canonical\" href=\"https:\/\/gr-100.com\/producto\/specialized-diverge-4-expert-rival-2026\/\" \/>\n<meta property=\"og:locale\" content=\"en_US\" \/>\n<meta property=\"og:type\" content=\"article\" \/>\n<meta property=\"og:title\" content=\"Specialized Diverge 4 Expert Rival 2026\" \/>\n<meta property=\"og:description\" content=\"Cuadro Carbono FACT 9r. Suspensi\u00f3n Future Shock 3.2. Cambio SRAM Rival AXS E1 XPLR \/ ruedas Roval Terra C. SWAT 4.0. Peso 8.90 kg\" \/>\n<meta property=\"og:url\" content=\"https:\/\/gr-100.com\/producto\/specialized-diverge-4-expert-rival-2026\/\" \/>\n<meta property=\"og:site_name\" content=\"Gr-100 Tienda de ciclismo Specialized\" \/>\n<meta property=\"article:publisher\" content=\"https:\/\/www.facebook.com\/Gr100Bikes\" \/>\n<meta property=\"article:modified_time\" content=\"2026-04-16T11:41:15+00:00\" \/>\n<meta property=\"og:image\" content=\"https:\/\/gr-100.com\/wp-content\/uploads\/2025\/09\/Diverge-4-Expert-Nebula-Metallic-Sram.jpg\" \/>\n\t<meta property=\"og:image:width\" content=\"1000\" \/>\n\t<meta property=\"og:image:height\" content=\"1000\" \/>\n\t<meta property=\"og:image:type\" content=\"image\/jpeg\" \/>\n<meta name=\"twitter:card\" content=\"summary_large_image\" \/>\n<meta name=\"twitter:label1\" content=\"Est. reading time\" \/>\n\t<meta name=\"twitter:data1\" content=\"2 minutes\" \/>\n<script type=\"application\/ld+json\" class=\"yoast-schema-graph\">{\"@context\":\"https:\/\/schema.org\",\"@graph\":[{\"@type\":\"WebPage\",\"@id\":\"https:\/\/gr-100.com\/producto\/specialized-diverge-4-expert-rival-2026\/\",\"url\":\"https:\/\/gr-100.com\/producto\/specialized-diverge-4-expert-rival-2026\/\",\"name\":\"Specialized Diverge 4 Expert Rival 2026 GR-100\",\"isPartOf\":{\"@id\":\"https:\/\/gr-100.com\/#website\"},\"primaryImageOfPage\":{\"@id\":\"https:\/\/gr-100.com\/producto\/specialized-diverge-4-expert-rival-2026\/#primaryimage\"},\"image\":{\"@id\":\"https:\/\/gr-100.com\/producto\/specialized-diverge-4-expert-rival-2026\/#primaryimage\"},\"thumbnailUrl\":\"https:\/\/gr-100.com\/wp-content\/uploads\/2025\/09\/Diverge-4-Expert-Nebula-Metallic-Sram.jpg\",\"datePublished\":\"2025-09-24T09:32:12+00:00\",\"dateModified\":\"2026-04-16T11:41:15+00:00\",\"description\":\"Cuadro Carbono FACT 9r. Suspensi\u00f3n Future Shock 3.2. Cambio SRAM Rival AXS E1 XPLR \/ ruedas Roval Terra C. SWAT 4.0. Peso 8.90 kg\",\"breadcrumb\":{\"@id\":\"https:\/\/gr-100.com\/producto\/specialized-diverge-4-expert-rival-2026\/#breadcrumb\"},\"inLanguage\":\"en-US\",\"potentialAction\":[{\"@type\":\"ReadAction\",\"target\":[\"https:\/\/gr-100.com\/producto\/specialized-diverge-4-expert-rival-2026\/\"]}]},{\"@type\":\"ImageObject\",\"inLanguage\":\"en-US\",\"@id\":\"https:\/\/gr-100.com\/producto\/specialized-diverge-4-expert-rival-2026\/#primaryimage\",\"url\":\"https:\/\/gr-100.com\/wp-content\/uploads\/2025\/09\/Diverge-4-Expert-Nebula-Metallic-Sram.jpg\",\"contentUrl\":\"https:\/\/gr-100.com\/wp-content\/uploads\/2025\/09\/Diverge-4-Expert-Nebula-Metallic-Sram.jpg\",\"width\":1000,\"height\":1000},{\"@type\":\"BreadcrumbList\",\"@id\":\"https:\/\/gr-100.com\/producto\/specialized-diverge-4-expert-rival-2026\/#breadcrumb\",\"itemListElement\":[{\"@type\":\"ListItem\",\"position\":1,\"name\":\"Portada\",\"item\":\"https:\/\/gr-100.com\/pt-pt\/\"},{\"@type\":\"ListItem\",\"position\":2,\"name\":\"Productos\",\"item\":\"https:\/\/gr-100.com\/?post_type=product\"},{\"@type\":\"ListItem\",\"position\":3,\"name\":\"Specialized Diverge 4 Expert Rival 2026\"}]},{\"@type\":\"WebSite\",\"@id\":\"https:\/\/gr-100.com\/#website\",\"url\":\"https:\/\/gr-100.com\/\",\"name\":\"Gr-100 Tienda de ciclismo Specialized\",\"description\":\"GR-100 tenemos todas las gamas de bicicletas Specialized al mejor precio.\",\"publisher\":{\"@id\":\"https:\/\/gr-100.com\/#organization\"},\"alternateName\":\"Gr-100 Bikes\",\"potentialAction\":[{\"@type\":\"SearchAction\",\"target\":{\"@type\":\"EntryPoint\",\"urlTemplate\":\"https:\/\/gr-100.com\/?s={search_term_string}\"},\"query-input\":{\"@type\":\"PropertyValueSpecification\",\"valueRequired\":true,\"valueName\":\"search_term_string\"}}],\"inLanguage\":\"en-US\"},{\"@type\":\"Organization\",\"@id\":\"https:\/\/gr-100.com\/#organization\",\"name\":\"Gr-100\",\"url\":\"https:\/\/gr-100.com\/\",\"logo\":{\"@type\":\"ImageObject\",\"inLanguage\":\"en-US\",\"@id\":\"https:\/\/gr-100.com\/#\/schema\/logo\/image\/\",\"url\":\"https:\/\/gr-100.com\/wp-content\/uploads\/2023\/08\/logo-gr-100-bikes.png\",\"contentUrl\":\"https:\/\/gr-100.com\/wp-content\/uploads\/2023\/08\/logo-gr-100-bikes.png\",\"width\":707,\"height\":284,\"caption\":\"Gr-100\"},\"image\":{\"@id\":\"https:\/\/gr-100.com\/#\/schema\/logo\/image\/\"},\"sameAs\":[\"https:\/\/www.facebook.com\/Gr100Bikes\",\"https:\/\/www.instagram.com\/gr100bikes\/\",\"https:\/\/www.tiktok.com\/@gr100bikes\",\"https:\/\/twitter.com\/gr100mtbteam\",\"https:\/\/www.youtube.com\/c\/GR100Specialized\"]}]}<\/script>\n<!-- \/ Yoast SEO Premium plugin. -->","yoast_head_json":{"title":"Specialized Diverge 4 Expert Rival 2026 GR-100","description":"Cuadro Carbono FACT 9r. Suspensi\u00f3n Future Shock 3.2. Cambio SRAM Rival AXS E1 XPLR \/ ruedas Roval Terra C. SWAT 4.0. Peso 8.90 kg","robots":{"index":"index","follow":"follow","max-snippet":"max-snippet:-1","max-image-preview":"max-image-preview:large","max-video-preview":"max-video-preview:-1"},"canonical":"https:\/\/gr-100.com\/producto\/specialized-diverge-4-expert-rival-2026\/","og_locale":"en_US","og_type":"article","og_title":"Specialized Diverge 4 Expert Rival 2026","og_description":"Cuadro Carbono FACT 9r. Suspensi\u00f3n Future Shock 3.2. Cambio SRAM Rival AXS E1 XPLR \/ ruedas Roval Terra C. SWAT 4.0. Peso 8.90 kg","og_url":"https:\/\/gr-100.com\/producto\/specialized-diverge-4-expert-rival-2026\/","og_site_name":"Gr-100 Tienda de ciclismo Specialized","article_publisher":"https:\/\/www.facebook.com\/Gr100Bikes","article_modified_time":"2026-04-16T11:41:15+00:00","og_image":[{"width":1000,"height":1000,"url":"https:\/\/gr-100.com\/wp-content\/uploads\/2025\/09\/Diverge-4-Expert-Nebula-Metallic-Sram.jpg","type":"image\/jpeg"}],"twitter_card":"summary_large_image","twitter_misc":{"Est. reading time":"2 minutes"},"schema":{"@context":"https:\/\/schema.org","@graph":[{"@type":"WebPage","@id":"https:\/\/gr-100.com\/producto\/specialized-diverge-4-expert-rival-2026\/","url":"https:\/\/gr-100.com\/producto\/specialized-diverge-4-expert-rival-2026\/","name":"Specialized Diverge 4 Expert Rival 2026 GR-100","isPartOf":{"@id":"https:\/\/gr-100.com\/#website"},"primaryImageOfPage":{"@id":"https:\/\/gr-100.com\/producto\/specialized-diverge-4-expert-rival-2026\/#primaryimage"},"image":{"@id":"https:\/\/gr-100.com\/producto\/specialized-diverge-4-expert-rival-2026\/#primaryimage"},"thumbnailUrl":"https:\/\/gr-100.com\/wp-content\/uploads\/2025\/09\/Diverge-4-Expert-Nebula-Metallic-Sram.jpg","datePublished":"2025-09-24T09:32:12+00:00","dateModified":"2026-04-16T11:41:15+00:00","description":"Cuadro Carbono FACT 9r. Suspensi\u00f3n Future Shock 3.2. Cambio SRAM Rival AXS E1 XPLR \/ ruedas Roval Terra C. SWAT 4.0. Peso 8.90 kg","breadcrumb":{"@id":"https:\/\/gr-100.com\/producto\/specialized-diverge-4-expert-rival-2026\/#breadcrumb"},"inLanguage":"en-US","potentialAction":[{"@type":"ReadAction","target":["https:\/\/gr-100.com\/producto\/specialized-diverge-4-expert-rival-2026\/"]}]},{"@type":"ImageObject","inLanguage":"en-US","@id":"https:\/\/gr-100.com\/producto\/specialized-diverge-4-expert-rival-2026\/#primaryimage","url":"https:\/\/gr-100.com\/wp-content\/uploads\/2025\/09\/Diverge-4-Expert-Nebula-Metallic-Sram.jpg","contentUrl":"https:\/\/gr-100.com\/wp-content\/uploads\/2025\/09\/Diverge-4-Expert-Nebula-Metallic-Sram.jpg","width":1000,"height":1000},{"@type":"BreadcrumbList","@id":"https:\/\/gr-100.com\/producto\/specialized-diverge-4-expert-rival-2026\/#breadcrumb","itemListElement":[{"@type":"ListItem","position":1,"name":"Portada","item":"https:\/\/gr-100.com\/pt-pt\/"},{"@type":"ListItem","position":2,"name":"Productos","item":"https:\/\/gr-100.com\/?post_type=product"},{"@type":"ListItem","position":3,"name":"Specialized Diverge 4 Expert Rival 2026"}]},{"@type":"WebSite","@id":"https:\/\/gr-100.com\/#website","url":"https:\/\/gr-100.com\/","name":"Gr-100 Tienda de ciclismo Specialized","description":"GR-100 tenemos todas las gamas de bicicletas Specialized al mejor precio.","publisher":{"@id":"https:\/\/gr-100.com\/#organization"},"alternateName":"Gr-100 Bikes","potentialAction":[{"@type":"SearchAction","target":{"@type":"EntryPoint","urlTemplate":"https:\/\/gr-100.com\/?s={search_term_string}"},"query-input":{"@type":"PropertyValueSpecification","valueRequired":true,"valueName":"search_term_string"}}],"inLanguage":"en-US"},{"@type":"Organization","@id":"https:\/\/gr-100.com\/#organization","name":"Gr-100","url":"https:\/\/gr-100.com\/","logo":{"@type":"ImageObject","inLanguage":"en-US","@id":"https:\/\/gr-100.com\/#\/schema\/logo\/image\/","url":"https:\/\/gr-100.com\/wp-content\/uploads\/2023\/08\/logo-gr-100-bikes.png","contentUrl":"https:\/\/gr-100.com\/wp-content\/uploads\/2023\/08\/logo-gr-100-bikes.png","width":707,"height":284,"caption":"Gr-100"},"image":{"@id":"https:\/\/gr-100.com\/#\/schema\/logo\/image\/"},"sameAs":["https:\/\/www.facebook.com\/Gr100Bikes","https:\/\/www.instagram.com\/gr100bikes\/","https:\/\/www.tiktok.com\/@gr100bikes","https:\/\/twitter.com\/gr100mtbteam","https:\/\/www.youtube.com\/c\/GR100Specialized"]}]}},"_links":{"self":[{"href":"https:\/\/gr-100.com\/en\/wp-json\/wp\/v2\/product\/417495","targetHints":{"allow":["GET"]}}],"collection":[{"href":"https:\/\/gr-100.com\/en\/wp-json\/wp\/v2\/product"}],"about":[{"href":"https:\/\/gr-100.com\/en\/wp-json\/wp\/v2\/types\/product"}],"replies":[{"embeddable":true,"href":"https:\/\/gr-100.com\/en\/wp-json\/wp\/v2\/comments?post=417495"}],"wp:featuredmedia":[{"embeddable":true,"href":"https:\/\/gr-100.com\/en\/wp-json\/wp\/v2\/media\/417520"}],"wp:attachment":[{"href":"https:\/\/gr-100.com\/en\/wp-json\/wp\/v2\/media?parent=417495"}],"wp:term":[{"taxonomy":"product_brand","embeddable":true,"href":"https:\/\/gr-100.com\/en\/wp-json\/wp\/v2\/product_brand?post=417495"},{"taxonomy":"product_cat","embeddable":true,"href":"https:\/\/gr-100.com\/en\/wp-json\/wp\/v2\/product_cat?post=417495"},{"taxonomy":"product_tag","embeddable":true,"href":"https:\/\/gr-100.com\/en\/wp-json\/wp\/v2\/product_tag?post=417495"}],"curies":[{"name":"wp","href":"https:\/\/api.w.org\/{rel}","templated":true}]}}