{"id":418094,"date":"2025-09-30T13:29:08","date_gmt":"2025-09-30T11:29:08","guid":{"rendered":"https:\/\/gr-100.com\/?post_type=product&#038;p=418094"},"modified":"2026-04-20T14:06:11","modified_gmt":"2026-04-20T12:06:11","slug":"specialized-s-works-turbo-levo-4-ltd-2026","status":"publish","type":"product","link":"https:\/\/gr-100.com\/en\/producto\/specialized-s-works-turbo-levo-4-ltd-2026\/","title":{"rendered":"Specialized S-Works Turbo Levo 4 LTD 2026"},"content":{"rendered":"<ul>\n<li>ESPECIFICACIONES T\u00c9CNICAS<\/li>\n<li>Sistema El\u00e9ctrico<br \/>\nPantalla de control \/ Remoto:<br \/>\nNueva Mastermind TCU, pantalla de alta resoluci\u00f3n de 2.2&#8243;, totalmente personalizable con la app de Specialized, compatible con Apple Find My.<br \/>\nCargador:<br \/>\nCargador inteligente Specialized de 12A, con 4 modos de carga:<br \/>\nEst\u00e1ndar<br \/>\nR\u00e1pida (Fast)<br \/>\nEco<br \/>\nCarga al 80\u202f%<br \/>\nMotor:<br \/>\nNuevo Specialized 3.1 S-Works, con 110 Nm de par y 720 W de potencia m\u00e1xima.<br \/>\nBater\u00eda:<br \/>\nCapacidad de 840 Wh.<\/li>\n<li>Cuadro y Suspensi\u00f3n<br \/>\nCuadro:<br \/>\nNuevo cuadro S-Works Levo 4, con extensi\u00f3n de amortiguador en carbono, 150 mm de recorrido, compartimiento SWAT integrado, bater\u00eda de entrada lateral, compatible con horquillas de hasta 180 mm.<br \/>\nAbrazadera de sill\u00edn:<br \/>\nAleaci\u00f3n, 38.6 mm.<br \/>\nHorquilla delantera:<br \/>\nFOX Factory Podium, cartucho GRIP X2, ajuste de rebote y compresi\u00f3n alta\/baja velocidad, 160 mm de recorrido, eje 20&#215;110 mm, offset de 44 mm.<br \/>\nAmortiguador trasero:<br \/>\nFOX FLOAT X Factory con tecnolog\u00eda GENIE Shock Tech de Specialized, Ride Dynamics Trail Tune, palanca de 2 posiciones con 3 ajustes en modo abierto, ajuste de rebote en baja velocidad, medida 210&#215;55 mm.<\/li>\n<li>Frenos<br \/>\nDelantero:<br \/>\nTrickstuff Maxima, 4 pistones, disco de 223 mm.<br \/>\nTrasero:<br \/>\nTrickstuff Maxima, 4 pistones, disco de 223 mm.<\/li>\n<li>Transmisi\u00f3n<br \/>\nBielas:<br \/>\nCane Creek Electric Wings, titanio impreso en 3D, 160 mm de largo.<br \/>\nPlato:<br \/>\nSRAM de 34 dientes, est\u00e1ndar T-Type, BCD 104, acero.<br \/>\nManeta de cambio:<br \/>\nSRAM AXS POD Ultimate Controller, con abrazadera discreta.<br \/>\nCassette:<br \/>\nSRAM XX Eagle Transmission, 12 velocidades, 10-52t.<br \/>\nDesviador trasero:<br \/>\nSRAM XX Eagle Transmission.<br \/>\nCadena:<br \/>\nSRAM XX Eagle Transmission, dise\u00f1o Flattop.<\/li>\n<li>Ruedas y Neum\u00e1ticos<br \/>\nRueda delantera:<br \/>\nTraverse HD I9 Hydra 2, carbono, 29&#8243;, eje 20&#215;110 mm, 28 radios, ancho interno de 30 mm.<br \/>\nRueda trasera:<br \/>\nTraverse HD I9 Hydra 2, carbono, 27.5&#8243;, eje 12&#215;148 mm, 32 radios, ancho interno de 30 mm, n\u00facleo XD.<br \/>\nNeum\u00e1tico delantero:<br \/>\nButcher GRID GRAVITY, compuesto GRIPTON\u00ae T9, TLR, 29&#215;2.4&#8243;.<br \/>\nNeum\u00e1tico trasero:<br \/>\nButcher GRID GRAVITY, compuesto GRIPTON\u00ae T9, TLR, 27.5&#215;2.4&#8243;.<br \/>\nC\u00e1maras:<br \/>\nEst\u00e1ndar, v\u00e1lvula Presta.<\/li>\n<li>Cockpit (Puesto de control)<br \/>\nPu\u00f1os:<br \/>\nDeity Lockjaw.<br \/>\nManillar:<br \/>\nRace Face Era Carbon, abrazadera de 35 mm,<br \/>\nRetroceso: 8\u00b0<br \/>\nElevaci\u00f3n: 5\u00b0<br \/>\nAncho: 800 mm<br \/>\nElevaci\u00f3n por talla:<br \/>\nS1\/S2: 40 mm<br \/>\nS3\u2013S6: 55 mm<br \/>\nPotencia:<br \/>\nIndustry 9 Mountain, abrazadera de 35 mm, longitud de 40 mm.<br \/>\nTija de sill\u00edn:<br \/>\nFOX Transfer NEO Factory, di\u00e1metro 34.9 mm<br \/>\nS2: 125 mm<br \/>\nS3: 175 mm<br \/>\nS4\u2013S6: 200 mm<br \/>\nSill\u00edn:<br \/>\nSpecialized Power Pro Mirror, ra\u00edles huecos de titanio.<\/li>\n<li>Accesorios y Almacenamiento<br \/>\nSWAT:<br \/>\nCompartimiento interno en el tubo diagonal para herramientas y repuestos.<\/li>\n<li>Identificaci\u00f3n y Cumplimiento<br \/>\nIdentificador del producto: 221340<br \/>\nCertificaci\u00f3n:<br \/>\nCertificada seg\u00fan las normas UL 2849 (sistema el\u00e9ctrico) y\/o UL 2271 (bater\u00eda) por UL Solutions y\/o SGS.<br \/>\nM\u00e1s informaci\u00f3n sobre normativas de bater\u00edas de ion-litio en NYC:nyc.gov\/fdny\/batteries<\/li>\n<li>Peso y Talla<br \/>\nPeso total: 24.0 kg (52 lb, 14.6 oz)<br \/>\nTalla: S4<\/li>\n<\/ul>\n","protected":false},"excerpt":{"rendered":"<p>Potencia, control y autonom\u00eda sobrenaturales<br \/>\nLa S\u2011Works Levo 4, una e\u2011MTB tan avanzada que te fusiona con la m\u00e1quina y te convierte en un aut\u00e9ntico c\u00edborg del MTB. Juntos, est\u00e1is listos para conquistar cualquier terreno porque sois una fuerza sobrenatural con una potencia, tracci\u00f3n, control y autonom\u00eda superiores.<\/p>\n","protected":false},"featured_media":418095,"comment_status":"open","ping_status":"closed","template":"","meta":{"_acf_changed":false,"_et_pb_use_builder":"","_et_pb_old_content":"","_et_gb_content_width":"","inline_featured_image":false},"product_brand":[],"product_cat":[420,23,5211,5214,5207,5208],"product_tag":[],"class_list":{"0":"post-418094","1":"product","2":"type-product","3":"status-publish","4":"has-post-thumbnail","6":"product_cat-bicicletas","7":"product_cat-bicicletas-electricas","8":"product_cat-bicicletas-electricas-carbono","9":"product_cat-bicicletas-electricas-enduro-trail","10":"product_cat-bicicletas-electricas-s-works","11":"product_cat-bicicletas-electricas-specialized","12":"product_shipping_class-bicicletas","14":"first","15":"outofstock","16":"taxable","17":"shipping-taxable","18":"product-type-variable","19":"wvs-archive-product-wrapper"},"acf":[],"yoast_head":"<!-- This site is optimized with the Yoast SEO Premium plugin v26.7 (Yoast SEO v26.7) - https:\/\/yoast.com\/wordpress\/plugins\/seo\/ -->\n<title>Specialized S-Works Turbo Levo 4 LTD 2026 GR-100<\/title>\n<meta name=\"description\" content=\"Potencia, control y autonom\u00eda sobrenaturalesLa S\u2011Works Levo 4, una e\u2011MTB tan avanzada que te fusiona con la m\u00e1quina y te convierte en un aut\u00e9ntico c\u00edborg del MTB. Juntos, est\u00e1is listos para conquistar cualquier terreno porque sois una fuerza sobrenatural con una potencia, tracci\u00f3n, control y autonom\u00eda superiores.\" \/>\n<meta name=\"robots\" content=\"index, follow, max-snippet:-1, max-image-preview:large, max-video-preview:-1\" \/>\n<link rel=\"canonical\" href=\"https:\/\/gr-100.com\/producto\/specialized-s-works-turbo-levo-4-ltd-2026\/\" \/>\n<meta property=\"og:locale\" content=\"en_US\" \/>\n<meta property=\"og:type\" content=\"article\" \/>\n<meta property=\"og:title\" content=\"Specialized S-Works Turbo Levo 4 LTD 2026\" \/>\n<meta property=\"og:description\" content=\"Potencia, control y autonom\u00eda sobrenaturalesLa S\u2011Works Levo 4, una e\u2011MTB tan avanzada que te fusiona con la m\u00e1quina y te convierte en un aut\u00e9ntico c\u00edborg del MTB. Juntos, est\u00e1is listos para conquistar cualquier terreno porque sois una fuerza sobrenatural con una potencia, tracci\u00f3n, control y autonom\u00eda superiores.\" \/>\n<meta property=\"og:url\" content=\"https:\/\/gr-100.com\/producto\/specialized-s-works-turbo-levo-4-ltd-2026\/\" \/>\n<meta property=\"og:site_name\" content=\"Gr-100 Tienda de ciclismo Specialized\" \/>\n<meta property=\"article:publisher\" content=\"https:\/\/www.facebook.com\/Gr100Bikes\" \/>\n<meta property=\"article:modified_time\" content=\"2026-04-20T12:06:11+00:00\" \/>\n<meta property=\"og:image\" content=\"https:\/\/gr-100.com\/wp-content\/uploads\/2025\/09\/Diseno-sin-titulo-2025-09-30T131259.087.jpg\" \/>\n\t<meta property=\"og:image:width\" content=\"1000\" \/>\n\t<meta property=\"og:image:height\" content=\"1000\" \/>\n\t<meta property=\"og:image:type\" content=\"image\/jpeg\" \/>\n<meta name=\"twitter:card\" content=\"summary_large_image\" \/>\n<meta name=\"twitter:label1\" content=\"Est. reading time\" \/>\n\t<meta name=\"twitter:data1\" content=\"3 minutes\" \/>\n<script type=\"application\/ld+json\" class=\"yoast-schema-graph\">{\"@context\":\"https:\/\/schema.org\",\"@graph\":[{\"@type\":\"WebPage\",\"@id\":\"https:\/\/gr-100.com\/producto\/specialized-s-works-turbo-levo-4-ltd-2026\/\",\"url\":\"https:\/\/gr-100.com\/producto\/specialized-s-works-turbo-levo-4-ltd-2026\/\",\"name\":\"Specialized S-Works Turbo Levo 4 LTD 2026 GR-100\",\"isPartOf\":{\"@id\":\"https:\/\/gr-100.com\/#website\"},\"primaryImageOfPage\":{\"@id\":\"https:\/\/gr-100.com\/producto\/specialized-s-works-turbo-levo-4-ltd-2026\/#primaryimage\"},\"image\":{\"@id\":\"https:\/\/gr-100.com\/producto\/specialized-s-works-turbo-levo-4-ltd-2026\/#primaryimage\"},\"thumbnailUrl\":\"https:\/\/gr-100.com\/wp-content\/uploads\/2025\/09\/Diseno-sin-titulo-2025-09-30T131259.087.jpg\",\"datePublished\":\"2025-09-30T11:29:08+00:00\",\"dateModified\":\"2026-04-20T12:06:11+00:00\",\"description\":\"Potencia, control y autonom\u00eda sobrenaturalesLa S\u2011Works Levo 4, una e\u2011MTB tan avanzada que te fusiona con la m\u00e1quina y te convierte en un aut\u00e9ntico c\u00edborg del MTB. Juntos, est\u00e1is listos para conquistar cualquier terreno porque sois una fuerza sobrenatural con una potencia, tracci\u00f3n, control y autonom\u00eda superiores.\",\"breadcrumb\":{\"@id\":\"https:\/\/gr-100.com\/producto\/specialized-s-works-turbo-levo-4-ltd-2026\/#breadcrumb\"},\"inLanguage\":\"en-US\",\"potentialAction\":[{\"@type\":\"ReadAction\",\"target\":[\"https:\/\/gr-100.com\/producto\/specialized-s-works-turbo-levo-4-ltd-2026\/\"]}]},{\"@type\":\"ImageObject\",\"inLanguage\":\"en-US\",\"@id\":\"https:\/\/gr-100.com\/producto\/specialized-s-works-turbo-levo-4-ltd-2026\/#primaryimage\",\"url\":\"https:\/\/gr-100.com\/wp-content\/uploads\/2025\/09\/Diseno-sin-titulo-2025-09-30T131259.087.jpg\",\"contentUrl\":\"https:\/\/gr-100.com\/wp-content\/uploads\/2025\/09\/Diseno-sin-titulo-2025-09-30T131259.087.jpg\",\"width\":1000,\"height\":1000},{\"@type\":\"BreadcrumbList\",\"@id\":\"https:\/\/gr-100.com\/producto\/specialized-s-works-turbo-levo-4-ltd-2026\/#breadcrumb\",\"itemListElement\":[{\"@type\":\"ListItem\",\"position\":1,\"name\":\"Portada\",\"item\":\"https:\/\/gr-100.com\/pt-pt\/\"},{\"@type\":\"ListItem\",\"position\":2,\"name\":\"Productos\",\"item\":\"https:\/\/gr-100.com\/?post_type=product\"},{\"@type\":\"ListItem\",\"position\":3,\"name\":\"Specialized S-Works Turbo Levo 4 LTD 2026\"}]},{\"@type\":\"WebSite\",\"@id\":\"https:\/\/gr-100.com\/#website\",\"url\":\"https:\/\/gr-100.com\/\",\"name\":\"Gr-100 Tienda de ciclismo Specialized\",\"description\":\"GR-100 tenemos todas las gamas de bicicletas Specialized al mejor precio.\",\"publisher\":{\"@id\":\"https:\/\/gr-100.com\/#organization\"},\"alternateName\":\"Gr-100 Bikes\",\"potentialAction\":[{\"@type\":\"SearchAction\",\"target\":{\"@type\":\"EntryPoint\",\"urlTemplate\":\"https:\/\/gr-100.com\/?s={search_term_string}\"},\"query-input\":{\"@type\":\"PropertyValueSpecification\",\"valueRequired\":true,\"valueName\":\"search_term_string\"}}],\"inLanguage\":\"en-US\"},{\"@type\":\"Organization\",\"@id\":\"https:\/\/gr-100.com\/#organization\",\"name\":\"Gr-100\",\"url\":\"https:\/\/gr-100.com\/\",\"logo\":{\"@type\":\"ImageObject\",\"inLanguage\":\"en-US\",\"@id\":\"https:\/\/gr-100.com\/#\/schema\/logo\/image\/\",\"url\":\"https:\/\/gr-100.com\/wp-content\/uploads\/2023\/08\/logo-gr-100-bikes.png\",\"contentUrl\":\"https:\/\/gr-100.com\/wp-content\/uploads\/2023\/08\/logo-gr-100-bikes.png\",\"width\":707,\"height\":284,\"caption\":\"Gr-100\"},\"image\":{\"@id\":\"https:\/\/gr-100.com\/#\/schema\/logo\/image\/\"},\"sameAs\":[\"https:\/\/www.facebook.com\/Gr100Bikes\",\"https:\/\/www.instagram.com\/gr100bikes\/\",\"https:\/\/www.tiktok.com\/@gr100bikes\",\"https:\/\/twitter.com\/gr100mtbteam\",\"https:\/\/www.youtube.com\/c\/GR100Specialized\"]}]}<\/script>\n<!-- \/ Yoast SEO Premium plugin. -->","yoast_head_json":{"title":"Specialized S-Works Turbo Levo 4 LTD 2026 GR-100","description":"Potencia, control y autonom\u00eda sobrenaturalesLa S\u2011Works Levo 4, una e\u2011MTB tan avanzada que te fusiona con la m\u00e1quina y te convierte en un aut\u00e9ntico c\u00edborg del MTB. Juntos, est\u00e1is listos para conquistar cualquier terreno porque sois una fuerza sobrenatural con una potencia, tracci\u00f3n, control y autonom\u00eda superiores.","robots":{"index":"index","follow":"follow","max-snippet":"max-snippet:-1","max-image-preview":"max-image-preview:large","max-video-preview":"max-video-preview:-1"},"canonical":"https:\/\/gr-100.com\/producto\/specialized-s-works-turbo-levo-4-ltd-2026\/","og_locale":"en_US","og_type":"article","og_title":"Specialized S-Works Turbo Levo 4 LTD 2026","og_description":"Potencia, control y autonom\u00eda sobrenaturalesLa S\u2011Works Levo 4, una e\u2011MTB tan avanzada que te fusiona con la m\u00e1quina y te convierte en un aut\u00e9ntico c\u00edborg del MTB. Juntos, est\u00e1is listos para conquistar cualquier terreno porque sois una fuerza sobrenatural con una potencia, tracci\u00f3n, control y autonom\u00eda superiores.","og_url":"https:\/\/gr-100.com\/producto\/specialized-s-works-turbo-levo-4-ltd-2026\/","og_site_name":"Gr-100 Tienda de ciclismo Specialized","article_publisher":"https:\/\/www.facebook.com\/Gr100Bikes","article_modified_time":"2026-04-20T12:06:11+00:00","og_image":[{"width":1000,"height":1000,"url":"https:\/\/gr-100.com\/wp-content\/uploads\/2025\/09\/Diseno-sin-titulo-2025-09-30T131259.087.jpg","type":"image\/jpeg"}],"twitter_card":"summary_large_image","twitter_misc":{"Est. reading time":"3 minutes"},"schema":{"@context":"https:\/\/schema.org","@graph":[{"@type":"WebPage","@id":"https:\/\/gr-100.com\/producto\/specialized-s-works-turbo-levo-4-ltd-2026\/","url":"https:\/\/gr-100.com\/producto\/specialized-s-works-turbo-levo-4-ltd-2026\/","name":"Specialized S-Works Turbo Levo 4 LTD 2026 GR-100","isPartOf":{"@id":"https:\/\/gr-100.com\/#website"},"primaryImageOfPage":{"@id":"https:\/\/gr-100.com\/producto\/specialized-s-works-turbo-levo-4-ltd-2026\/#primaryimage"},"image":{"@id":"https:\/\/gr-100.com\/producto\/specialized-s-works-turbo-levo-4-ltd-2026\/#primaryimage"},"thumbnailUrl":"https:\/\/gr-100.com\/wp-content\/uploads\/2025\/09\/Diseno-sin-titulo-2025-09-30T131259.087.jpg","datePublished":"2025-09-30T11:29:08+00:00","dateModified":"2026-04-20T12:06:11+00:00","description":"Potencia, control y autonom\u00eda sobrenaturalesLa S\u2011Works Levo 4, una e\u2011MTB tan avanzada que te fusiona con la m\u00e1quina y te convierte en un aut\u00e9ntico c\u00edborg del MTB. Juntos, est\u00e1is listos para conquistar cualquier terreno porque sois una fuerza sobrenatural con una potencia, tracci\u00f3n, control y autonom\u00eda superiores.","breadcrumb":{"@id":"https:\/\/gr-100.com\/producto\/specialized-s-works-turbo-levo-4-ltd-2026\/#breadcrumb"},"inLanguage":"en-US","potentialAction":[{"@type":"ReadAction","target":["https:\/\/gr-100.com\/producto\/specialized-s-works-turbo-levo-4-ltd-2026\/"]}]},{"@type":"ImageObject","inLanguage":"en-US","@id":"https:\/\/gr-100.com\/producto\/specialized-s-works-turbo-levo-4-ltd-2026\/#primaryimage","url":"https:\/\/gr-100.com\/wp-content\/uploads\/2025\/09\/Diseno-sin-titulo-2025-09-30T131259.087.jpg","contentUrl":"https:\/\/gr-100.com\/wp-content\/uploads\/2025\/09\/Diseno-sin-titulo-2025-09-30T131259.087.jpg","width":1000,"height":1000},{"@type":"BreadcrumbList","@id":"https:\/\/gr-100.com\/producto\/specialized-s-works-turbo-levo-4-ltd-2026\/#breadcrumb","itemListElement":[{"@type":"ListItem","position":1,"name":"Portada","item":"https:\/\/gr-100.com\/pt-pt\/"},{"@type":"ListItem","position":2,"name":"Productos","item":"https:\/\/gr-100.com\/?post_type=product"},{"@type":"ListItem","position":3,"name":"Specialized S-Works Turbo Levo 4 LTD 2026"}]},{"@type":"WebSite","@id":"https:\/\/gr-100.com\/#website","url":"https:\/\/gr-100.com\/","name":"Gr-100 Tienda de ciclismo Specialized","description":"GR-100 tenemos todas las gamas de bicicletas Specialized al mejor precio.","publisher":{"@id":"https:\/\/gr-100.com\/#organization"},"alternateName":"Gr-100 Bikes","potentialAction":[{"@type":"SearchAction","target":{"@type":"EntryPoint","urlTemplate":"https:\/\/gr-100.com\/?s={search_term_string}"},"query-input":{"@type":"PropertyValueSpecification","valueRequired":true,"valueName":"search_term_string"}}],"inLanguage":"en-US"},{"@type":"Organization","@id":"https:\/\/gr-100.com\/#organization","name":"Gr-100","url":"https:\/\/gr-100.com\/","logo":{"@type":"ImageObject","inLanguage":"en-US","@id":"https:\/\/gr-100.com\/#\/schema\/logo\/image\/","url":"https:\/\/gr-100.com\/wp-content\/uploads\/2023\/08\/logo-gr-100-bikes.png","contentUrl":"https:\/\/gr-100.com\/wp-content\/uploads\/2023\/08\/logo-gr-100-bikes.png","width":707,"height":284,"caption":"Gr-100"},"image":{"@id":"https:\/\/gr-100.com\/#\/schema\/logo\/image\/"},"sameAs":["https:\/\/www.facebook.com\/Gr100Bikes","https:\/\/www.instagram.com\/gr100bikes\/","https:\/\/www.tiktok.com\/@gr100bikes","https:\/\/twitter.com\/gr100mtbteam","https:\/\/www.youtube.com\/c\/GR100Specialized"]}]}},"_links":{"self":[{"href":"https:\/\/gr-100.com\/en\/wp-json\/wp\/v2\/product\/418094","targetHints":{"allow":["GET"]}}],"collection":[{"href":"https:\/\/gr-100.com\/en\/wp-json\/wp\/v2\/product"}],"about":[{"href":"https:\/\/gr-100.com\/en\/wp-json\/wp\/v2\/types\/product"}],"replies":[{"embeddable":true,"href":"https:\/\/gr-100.com\/en\/wp-json\/wp\/v2\/comments?post=418094"}],"wp:featuredmedia":[{"embeddable":true,"href":"https:\/\/gr-100.com\/en\/wp-json\/wp\/v2\/media\/418095"}],"wp:attachment":[{"href":"https:\/\/gr-100.com\/en\/wp-json\/wp\/v2\/media?parent=418094"}],"wp:term":[{"taxonomy":"product_brand","embeddable":true,"href":"https:\/\/gr-100.com\/en\/wp-json\/wp\/v2\/product_brand?post=418094"},{"taxonomy":"product_cat","embeddable":true,"href":"https:\/\/gr-100.com\/en\/wp-json\/wp\/v2\/product_cat?post=418094"},{"taxonomy":"product_tag","embeddable":true,"href":"https:\/\/gr-100.com\/en\/wp-json\/wp\/v2\/product_tag?post=418094"}],"curies":[{"name":"wp","href":"https:\/\/api.w.org\/{rel}","templated":true}]}}