{"id":418689,"date":"2025-10-06T11:35:24","date_gmt":"2025-10-06T09:35:24","guid":{"rendered":"https:\/\/gr-100.com\/?post_type=product&#038;p=418689"},"modified":"2026-03-19T12:12:48","modified_gmt":"2026-03-19T11:12:48","slug":"specialized-sirrus-x-3-0-eq-step-through-2026-2","status":"publish","type":"product","link":"https:\/\/gr-100.com\/en\/producto\/specialized-sirrus-x-3-0-eq-step-through-2026-2\/","title":{"rendered":"Specialized Sirrus X 3.0 EQ Step Through 2026"},"content":{"rendered":"<ul>\n<li>SUAVE, C\u00d3MODA Y EFICIENTE: La Sirrus X ofrece el viaje m\u00e1s suave en su categor\u00eda. Con neum\u00e1ticos m\u00e1s grandes que inspiran confianza, una posici\u00f3n de conducci\u00f3n ligeramente m\u00e1s erguida y una transmisi\u00f3n monoplato s\u00faper intuitiva.<\/li>\n<li>DISE\u00d1ADA CON ENFOQUE EN EL CICLISTA: Como todas las bicicletas de alto rendimiento de Specialized, la geometr\u00eda de cada cuadro est\u00e1 dise\u00f1ada de manera \u00fanica. Esto significa que, para cada talla, se selecciona espec\u00edficamente el tama\u00f1o de cada tubo para lograr el equilibrio \u00f3ptimo entre rigidez, peso y respuesta, asegurando que, sin importar la talla que uses, experimentar\u00e1s el mejor viaje del mundo.<\/li>\n<li>\u00c1GIL: Su peso ultraligero l\u00edder en su clase, su eficiencia de pedaleo excepcional y su precisi\u00f3n en la direcci\u00f3n se combinan para brindar un manejo seguro, casi telep\u00e1tico.<\/li>\n<li>A\u00fan m\u00e1s ligera que la Sirrus X 2.0, y m\u00e1s r\u00e1pida gracias a la horquilla adicional de aleaci\u00f3n A1.<\/li>\n<li>Transmisi\u00f3n Shimano Cues 1&#215;11 de amplio rango con cassette 11-50t que ofrece un excelente rendimiento en cualquier tipo de camino.<\/li>\n<li>Frenos hidr\u00e1ulicos m\u00e1s potentes para mayor capacidad de frenado y durabilidad en condiciones exigentes.<\/li>\n<li>Portabultos Racktime para tus alforjas y bolsas favoritas, e incluyen guardabarros DRYTECH integrados para mantener alejadas las salpicaduras.<\/li>\n<li>Luces delanteras y traseras de alta luminosidad alimentadas por un buje dinamo Shimano para ver y ser visto.<\/li>\n<li>ESPECIFICACIONES T\u00c9CNICAS<\/li>\n<li>Cuadro<br \/>\nCuadro: Specialized A1 Premium Aluminum, geometr\u00eda Fitness, tubos conificados, guiado interno de cables, frenos de disco flat-mount, cierre r\u00e1pido, soportes Plug + Play para portabultos y guardabarros.<\/li>\n<li>Suspensi\u00f3n<br \/>\nHorquilla: A1 Premium Aluminum, frenos de disco flat-mount, soportes Plug + Play para guardabarros, soportes para portabultos tipo low rider, cierre r\u00e1pido.<\/li>\n<li>Frenos<br \/>\nFreno delantero: Tektro HD-R280, freno de disco hidr\u00e1ulico, pastillas de resina, flat-mount, rotor de 160 mm.<br \/>\nFreno trasero: Tektro HD-R280, freno de disco hidr\u00e1ulico, pastillas de resina, flat-mount, rotor de 140 mm.<\/li>\n<li>Transmisi\u00f3n<br \/>\nManetas de cambio: Shimano Cues SL-U6000, 11 velocidades.<br \/>\nCambio trasero: Shimano Cues de 11 velocidades con tecnolog\u00eda Shadow Plus.<br \/>\nCassette: Shimano CS-LG400-11, CUES, 11 velocidades, 11-50T.<br \/>\nPlatos y bielas: Shimano Cues FC-U6000 de aleaci\u00f3n, 170 mm.<br \/>\nPlato: 50\/34T.<br \/>\nCaja de pedalier: Shimano BSA roscada.<br \/>\nCadena: KMC eGlide para Shimano Cues de 11 velocidades.<\/li>\n<li>Ruedas y Neum\u00e1ticos<br \/>\nLlantas: 700C para freno de disco, aleaci\u00f3n de doble pared, 22 mm de profundidad, 21 mm de ancho interno.<br \/>\nBuje delantero: Shimano Dynamo, freno de disco de 6 tornillos, espacio de 100 mm, cierre r\u00e1pido, 32 radios.<br \/>\nBuje trasero: Aleaci\u00f3n, n\u00facleo Shimano para 11 velocidades, freno de disco de 6 tornillos, eje de 10 mm, espacio de 135 mm, 32 radios.<br \/>\nRadios: Acero inoxidable, calibre 14.<br \/>\nNeum\u00e1tico delantero: Pathfinder Wirebead Fast Gravel 700x40C.<br \/>\nNeum\u00e1tico trasero: Pathfinder Wirebead Fast Gravel 700x40C.<br \/>\nC\u00e1maras: Est\u00e1ndar 40 mm SV para 700&#215;32-50.<\/li>\n<li>Cockpit<br \/>\nManillar: Aleaci\u00f3n, mini rise, retroceso de 9\u00b0, elevaci\u00f3n de 15 mm, di\u00e1metro de 31.8 mm.<br \/>\nPotencia: Aleaci\u00f3n forjada en 3D, di\u00e1metro de 31.8 mm, elevaci\u00f3n de 7\u00b0.<br \/>\nPu\u00f1os: Specialized Neutralizer, Body Geometry, con bloqueo.<br \/>\nSill\u00edn: Bridge Sport con ra\u00edles de acero, disponible en 155\/143 mm.<br \/>\nTija de sill\u00edn: Aleaci\u00f3n, retroceso de 12 mm, sujeci\u00f3n de 2 tornillos, di\u00e1metro de 27.2 mm.<br \/>\nAbrazadera del sill\u00edn: Tipo tornillo, di\u00e1metro de 31.8 mm.<\/li>\n<li>Accesorios<br \/>\nPedales: Specialized, tipo plataforma.<\/li>\n<li>Detalles del producto<br \/>\nIdentificador del producto: 222057<br \/>\nPeso: 12.85 kg (28 lb, 5.3 oz)<br \/>\nTalla: MD (mediana)<\/li>\n<\/ul>\n","protected":false},"excerpt":{"rendered":"<p>Ofreciendo una combinaci\u00f3n sin precedentes de comodidad, eficiencia y manejo \u00e1gil, la <strong data-start=\"86\" data-end=\"98\">Sirrus X<\/strong> se destaca sobre el asfalto, caminos de tierra y cualquier terreno intermedio.<\/p>\n","protected":false},"featured_media":418691,"comment_status":"open","ping_status":"closed","template":"","meta":{"_acf_changed":false,"_et_pb_use_builder":"","_et_pb_old_content":"","_et_gb_content_width":"","inline_featured_image":false},"product_brand":[],"product_cat":[420,5254,20],"product_tag":[],"class_list":{"0":"post-418689","1":"product","2":"type-product","3":"status-publish","4":"has-post-thumbnail","6":"product_cat-bicicletas","7":"product_cat-bicicletas-urbanas","8":"product_cat-bicicletas-de-carretera","9":"product_shipping_class-bicicletas","11":"first","12":"outofstock","13":"taxable","14":"shipping-taxable","15":"product-type-variable","16":"wvs-archive-product-wrapper"},"acf":[],"yoast_head":"<!-- This site is optimized with the Yoast SEO Premium plugin v26.7 (Yoast SEO v26.7) - https:\/\/yoast.com\/wordpress\/plugins\/seo\/ -->\n<title>Specialized Sirrus X 3.0 EQ Step Through 2026 GR-100<\/title>\n<meta name=\"description\" content=\"Ofreciendo una combinaci\u00f3n sin precedentes de comodidad, eficiencia y manejo \u00e1gil, la Sirrus X se destaca sobre el asfalto, caminos de tierra y cualquier terreno intermedio.\" \/>\n<meta name=\"robots\" content=\"index, follow, max-snippet:-1, max-image-preview:large, max-video-preview:-1\" \/>\n<link rel=\"canonical\" href=\"https:\/\/gr-100.com\/producto\/specialized-sirrus-x-3-0-eq-step-through-2026-2\/\" \/>\n<meta property=\"og:locale\" content=\"en_US\" \/>\n<meta property=\"og:type\" content=\"article\" \/>\n<meta property=\"og:title\" content=\"Specialized Sirrus X 3.0 EQ Step Through 2026\" \/>\n<meta property=\"og:description\" content=\"Ofreciendo una combinaci\u00f3n sin precedentes de comodidad, eficiencia y manejo \u00e1gil, la Sirrus X se destaca sobre el asfalto, caminos de tierra y cualquier terreno intermedio.\" \/>\n<meta property=\"og:url\" content=\"https:\/\/gr-100.com\/producto\/specialized-sirrus-x-3-0-eq-step-through-2026-2\/\" \/>\n<meta property=\"og:site_name\" content=\"Gr-100 Tienda de ciclismo Specialized\" \/>\n<meta property=\"article:publisher\" content=\"https:\/\/www.facebook.com\/Gr100Bikes\" \/>\n<meta property=\"article:modified_time\" content=\"2026-03-19T11:12:48+00:00\" \/>\n<meta property=\"og:image\" content=\"https:\/\/gr-100.com\/wp-content\/uploads\/2025\/10\/Diseno-sin-titulo-2025-10-06T111451.145.jpg\" \/>\n\t<meta property=\"og:image:width\" content=\"1000\" \/>\n\t<meta property=\"og:image:height\" content=\"1000\" \/>\n\t<meta property=\"og:image:type\" content=\"image\/jpeg\" \/>\n<meta name=\"twitter:card\" content=\"summary_large_image\" \/>\n<meta name=\"twitter:label1\" content=\"Est. reading time\" \/>\n\t<meta name=\"twitter:data1\" content=\"3 minutes\" \/>\n<script type=\"application\/ld+json\" class=\"yoast-schema-graph\">{\"@context\":\"https:\/\/schema.org\",\"@graph\":[{\"@type\":\"WebPage\",\"@id\":\"https:\/\/gr-100.com\/producto\/specialized-sirrus-x-3-0-eq-step-through-2026-2\/\",\"url\":\"https:\/\/gr-100.com\/producto\/specialized-sirrus-x-3-0-eq-step-through-2026-2\/\",\"name\":\"Specialized Sirrus X 3.0 EQ Step Through 2026 GR-100\",\"isPartOf\":{\"@id\":\"https:\/\/gr-100.com\/#website\"},\"primaryImageOfPage\":{\"@id\":\"https:\/\/gr-100.com\/producto\/specialized-sirrus-x-3-0-eq-step-through-2026-2\/#primaryimage\"},\"image\":{\"@id\":\"https:\/\/gr-100.com\/producto\/specialized-sirrus-x-3-0-eq-step-through-2026-2\/#primaryimage\"},\"thumbnailUrl\":\"https:\/\/gr-100.com\/wp-content\/uploads\/2025\/10\/Diseno-sin-titulo-2025-10-06T111451.145.jpg\",\"datePublished\":\"2025-10-06T09:35:24+00:00\",\"dateModified\":\"2026-03-19T11:12:48+00:00\",\"description\":\"Ofreciendo una combinaci\u00f3n sin precedentes de comodidad, eficiencia y manejo \u00e1gil, la Sirrus X se destaca sobre el asfalto, caminos de tierra y cualquier terreno intermedio.\",\"breadcrumb\":{\"@id\":\"https:\/\/gr-100.com\/producto\/specialized-sirrus-x-3-0-eq-step-through-2026-2\/#breadcrumb\"},\"inLanguage\":\"en-US\",\"potentialAction\":[{\"@type\":\"ReadAction\",\"target\":[\"https:\/\/gr-100.com\/producto\/specialized-sirrus-x-3-0-eq-step-through-2026-2\/\"]}]},{\"@type\":\"ImageObject\",\"inLanguage\":\"en-US\",\"@id\":\"https:\/\/gr-100.com\/producto\/specialized-sirrus-x-3-0-eq-step-through-2026-2\/#primaryimage\",\"url\":\"https:\/\/gr-100.com\/wp-content\/uploads\/2025\/10\/Diseno-sin-titulo-2025-10-06T111451.145.jpg\",\"contentUrl\":\"https:\/\/gr-100.com\/wp-content\/uploads\/2025\/10\/Diseno-sin-titulo-2025-10-06T111451.145.jpg\",\"width\":1000,\"height\":1000},{\"@type\":\"BreadcrumbList\",\"@id\":\"https:\/\/gr-100.com\/producto\/specialized-sirrus-x-3-0-eq-step-through-2026-2\/#breadcrumb\",\"itemListElement\":[{\"@type\":\"ListItem\",\"position\":1,\"name\":\"Portada\",\"item\":\"https:\/\/gr-100.com\/pt-pt\/\"},{\"@type\":\"ListItem\",\"position\":2,\"name\":\"Productos\",\"item\":\"https:\/\/gr-100.com\/?post_type=product\"},{\"@type\":\"ListItem\",\"position\":3,\"name\":\"Specialized Sirrus X 3.0 EQ Step Through 2026\"}]},{\"@type\":\"WebSite\",\"@id\":\"https:\/\/gr-100.com\/#website\",\"url\":\"https:\/\/gr-100.com\/\",\"name\":\"Gr-100 Tienda de ciclismo Specialized\",\"description\":\"GR-100 tenemos todas las gamas de bicicletas Specialized al mejor precio.\",\"publisher\":{\"@id\":\"https:\/\/gr-100.com\/#organization\"},\"alternateName\":\"Gr-100 Bikes\",\"potentialAction\":[{\"@type\":\"SearchAction\",\"target\":{\"@type\":\"EntryPoint\",\"urlTemplate\":\"https:\/\/gr-100.com\/?s={search_term_string}\"},\"query-input\":{\"@type\":\"PropertyValueSpecification\",\"valueRequired\":true,\"valueName\":\"search_term_string\"}}],\"inLanguage\":\"en-US\"},{\"@type\":\"Organization\",\"@id\":\"https:\/\/gr-100.com\/#organization\",\"name\":\"Gr-100\",\"url\":\"https:\/\/gr-100.com\/\",\"logo\":{\"@type\":\"ImageObject\",\"inLanguage\":\"en-US\",\"@id\":\"https:\/\/gr-100.com\/#\/schema\/logo\/image\/\",\"url\":\"https:\/\/gr-100.com\/wp-content\/uploads\/2023\/08\/logo-gr-100-bikes.png\",\"contentUrl\":\"https:\/\/gr-100.com\/wp-content\/uploads\/2023\/08\/logo-gr-100-bikes.png\",\"width\":707,\"height\":284,\"caption\":\"Gr-100\"},\"image\":{\"@id\":\"https:\/\/gr-100.com\/#\/schema\/logo\/image\/\"},\"sameAs\":[\"https:\/\/www.facebook.com\/Gr100Bikes\",\"https:\/\/www.instagram.com\/gr100bikes\/\",\"https:\/\/www.tiktok.com\/@gr100bikes\",\"https:\/\/twitter.com\/gr100mtbteam\",\"https:\/\/www.youtube.com\/c\/GR100Specialized\"]}]}<\/script>\n<!-- \/ Yoast SEO Premium plugin. -->","yoast_head_json":{"title":"Specialized Sirrus X 3.0 EQ Step Through 2026 GR-100","description":"Ofreciendo una combinaci\u00f3n sin precedentes de comodidad, eficiencia y manejo \u00e1gil, la Sirrus X se destaca sobre el asfalto, caminos de tierra y cualquier terreno intermedio.","robots":{"index":"index","follow":"follow","max-snippet":"max-snippet:-1","max-image-preview":"max-image-preview:large","max-video-preview":"max-video-preview:-1"},"canonical":"https:\/\/gr-100.com\/producto\/specialized-sirrus-x-3-0-eq-step-through-2026-2\/","og_locale":"en_US","og_type":"article","og_title":"Specialized Sirrus X 3.0 EQ Step Through 2026","og_description":"Ofreciendo una combinaci\u00f3n sin precedentes de comodidad, eficiencia y manejo \u00e1gil, la Sirrus X se destaca sobre el asfalto, caminos de tierra y cualquier terreno intermedio.","og_url":"https:\/\/gr-100.com\/producto\/specialized-sirrus-x-3-0-eq-step-through-2026-2\/","og_site_name":"Gr-100 Tienda de ciclismo Specialized","article_publisher":"https:\/\/www.facebook.com\/Gr100Bikes","article_modified_time":"2026-03-19T11:12:48+00:00","og_image":[{"width":1000,"height":1000,"url":"https:\/\/gr-100.com\/wp-content\/uploads\/2025\/10\/Diseno-sin-titulo-2025-10-06T111451.145.jpg","type":"image\/jpeg"}],"twitter_card":"summary_large_image","twitter_misc":{"Est. reading time":"3 minutes"},"schema":{"@context":"https:\/\/schema.org","@graph":[{"@type":"WebPage","@id":"https:\/\/gr-100.com\/producto\/specialized-sirrus-x-3-0-eq-step-through-2026-2\/","url":"https:\/\/gr-100.com\/producto\/specialized-sirrus-x-3-0-eq-step-through-2026-2\/","name":"Specialized Sirrus X 3.0 EQ Step Through 2026 GR-100","isPartOf":{"@id":"https:\/\/gr-100.com\/#website"},"primaryImageOfPage":{"@id":"https:\/\/gr-100.com\/producto\/specialized-sirrus-x-3-0-eq-step-through-2026-2\/#primaryimage"},"image":{"@id":"https:\/\/gr-100.com\/producto\/specialized-sirrus-x-3-0-eq-step-through-2026-2\/#primaryimage"},"thumbnailUrl":"https:\/\/gr-100.com\/wp-content\/uploads\/2025\/10\/Diseno-sin-titulo-2025-10-06T111451.145.jpg","datePublished":"2025-10-06T09:35:24+00:00","dateModified":"2026-03-19T11:12:48+00:00","description":"Ofreciendo una combinaci\u00f3n sin precedentes de comodidad, eficiencia y manejo \u00e1gil, la Sirrus X se destaca sobre el asfalto, caminos de tierra y cualquier terreno intermedio.","breadcrumb":{"@id":"https:\/\/gr-100.com\/producto\/specialized-sirrus-x-3-0-eq-step-through-2026-2\/#breadcrumb"},"inLanguage":"en-US","potentialAction":[{"@type":"ReadAction","target":["https:\/\/gr-100.com\/producto\/specialized-sirrus-x-3-0-eq-step-through-2026-2\/"]}]},{"@type":"ImageObject","inLanguage":"en-US","@id":"https:\/\/gr-100.com\/producto\/specialized-sirrus-x-3-0-eq-step-through-2026-2\/#primaryimage","url":"https:\/\/gr-100.com\/wp-content\/uploads\/2025\/10\/Diseno-sin-titulo-2025-10-06T111451.145.jpg","contentUrl":"https:\/\/gr-100.com\/wp-content\/uploads\/2025\/10\/Diseno-sin-titulo-2025-10-06T111451.145.jpg","width":1000,"height":1000},{"@type":"BreadcrumbList","@id":"https:\/\/gr-100.com\/producto\/specialized-sirrus-x-3-0-eq-step-through-2026-2\/#breadcrumb","itemListElement":[{"@type":"ListItem","position":1,"name":"Portada","item":"https:\/\/gr-100.com\/pt-pt\/"},{"@type":"ListItem","position":2,"name":"Productos","item":"https:\/\/gr-100.com\/?post_type=product"},{"@type":"ListItem","position":3,"name":"Specialized Sirrus X 3.0 EQ Step Through 2026"}]},{"@type":"WebSite","@id":"https:\/\/gr-100.com\/#website","url":"https:\/\/gr-100.com\/","name":"Gr-100 Tienda de ciclismo Specialized","description":"GR-100 tenemos todas las gamas de bicicletas Specialized al mejor precio.","publisher":{"@id":"https:\/\/gr-100.com\/#organization"},"alternateName":"Gr-100 Bikes","potentialAction":[{"@type":"SearchAction","target":{"@type":"EntryPoint","urlTemplate":"https:\/\/gr-100.com\/?s={search_term_string}"},"query-input":{"@type":"PropertyValueSpecification","valueRequired":true,"valueName":"search_term_string"}}],"inLanguage":"en-US"},{"@type":"Organization","@id":"https:\/\/gr-100.com\/#organization","name":"Gr-100","url":"https:\/\/gr-100.com\/","logo":{"@type":"ImageObject","inLanguage":"en-US","@id":"https:\/\/gr-100.com\/#\/schema\/logo\/image\/","url":"https:\/\/gr-100.com\/wp-content\/uploads\/2023\/08\/logo-gr-100-bikes.png","contentUrl":"https:\/\/gr-100.com\/wp-content\/uploads\/2023\/08\/logo-gr-100-bikes.png","width":707,"height":284,"caption":"Gr-100"},"image":{"@id":"https:\/\/gr-100.com\/#\/schema\/logo\/image\/"},"sameAs":["https:\/\/www.facebook.com\/Gr100Bikes","https:\/\/www.instagram.com\/gr100bikes\/","https:\/\/www.tiktok.com\/@gr100bikes","https:\/\/twitter.com\/gr100mtbteam","https:\/\/www.youtube.com\/c\/GR100Specialized"]}]}},"_links":{"self":[{"href":"https:\/\/gr-100.com\/en\/wp-json\/wp\/v2\/product\/418689","targetHints":{"allow":["GET"]}}],"collection":[{"href":"https:\/\/gr-100.com\/en\/wp-json\/wp\/v2\/product"}],"about":[{"href":"https:\/\/gr-100.com\/en\/wp-json\/wp\/v2\/types\/product"}],"replies":[{"embeddable":true,"href":"https:\/\/gr-100.com\/en\/wp-json\/wp\/v2\/comments?post=418689"}],"wp:featuredmedia":[{"embeddable":true,"href":"https:\/\/gr-100.com\/en\/wp-json\/wp\/v2\/media\/418691"}],"wp:attachment":[{"href":"https:\/\/gr-100.com\/en\/wp-json\/wp\/v2\/media?parent=418689"}],"wp:term":[{"taxonomy":"product_brand","embeddable":true,"href":"https:\/\/gr-100.com\/en\/wp-json\/wp\/v2\/product_brand?post=418689"},{"taxonomy":"product_cat","embeddable":true,"href":"https:\/\/gr-100.com\/en\/wp-json\/wp\/v2\/product_cat?post=418689"},{"taxonomy":"product_tag","embeddable":true,"href":"https:\/\/gr-100.com\/en\/wp-json\/wp\/v2\/product_tag?post=418689"}],"curies":[{"name":"wp","href":"https:\/\/api.w.org\/{rel}","templated":true}]}}