{"id":419509,"date":"2025-10-20T20:08:01","date_gmt":"2025-10-20T18:08:01","guid":{"rendered":"https:\/\/gr-100.com\/?post_type=product&#038;p=419509"},"modified":"2025-11-07T13:46:08","modified_gmt":"2025-11-07T11:46:08","slug":"bmc-teammachine-slr01-23-sram-force-axs-talla-56","status":"publish","type":"product","link":"https:\/\/gr-100.com\/en\/producto\/bmc-teammachine-slr01-23-sram-force-axs-talla-56\/","title":{"rendered":"BMC TeamMachine SLR01 23 Sram Force AXS Talla 56"},"content":{"rendered":"<ul>\n<li><strong>Platos<\/strong> SRAM FORCE AXS 48-35T<\/li>\n<li><strong>Bielas<\/strong> SRAM FORCE Quarq Power Meter 172.5<\/li>\n<li><strong>Cassette<\/strong> SRAM FORCE XG-1270 10-28T<\/li>\n<li><strong>Cadena<\/strong> SRAM FORCE 12 Speed<\/li>\n<li><strong>Cambio<\/strong> SRAM FORCE eTap AXS<\/li>\n<li><strong>Manetas<\/strong> SRAM FORCE eTap AXS HRD<\/li>\n<li><strong>Frenos<\/strong> SRAM FORCE eTap AXS HRD &#8211; Centerline XR Rotors (160\/160)<\/li>\n<li><strong>Manillar<\/strong> BMC RAB 02 &#8211; Ergo Top Shape &#8211; Compact Bend 42cm<\/li>\n<li><strong>Potencia<\/strong> BMC ICS2 &#8211; Integrated Cockpit Design 120mm<\/li>\n<li><strong>Tija<\/strong> Teammachine SLR 01 Premium Carbon D-Shaped 15mm Offset<\/li>\n<li><strong>Sill\u00edn<\/strong> Selle Italia SLR Carbon boost 130 Superflow<\/li>\n<li><strong>Ruedas:<\/strong> DT Swiss CRD-351 SL Carbon 35mm<\/li>\n<li><strong>Cubiertas<\/strong> Continental GrandPrix 5000 25 TR<\/li>\n<li><strong>Extras<\/strong> Aerocore BMC Portabidone<\/li>\n<\/ul>\n<p>Factura y Garant\u00eda, Financiaci\u00f3n y Env\u00edo gratuito<\/p>\n","protected":false},"excerpt":{"rendered":"<p><strong>Bicicleta de carretera de Ocasi\u00f3n, como nueva, Totalmente Revisada, A\u00f1o 2023. Sram Force AXS Talla 56<\/strong><\/p>\n","protected":false},"featured_media":420044,"comment_status":"open","ping_status":"closed","template":"","meta":{"_acf_changed":false,"_et_pb_use_builder":"","_et_pb_old_content":"","_et_gb_content_width":"","inline_featured_image":false},"product_brand":[],"product_cat":[2367,429,2386,27,42],"product_tag":[],"class_list":{"0":"post-419509","1":"product","2":"type-product","3":"status-publish","4":"has-post-thumbnail","6":"product_cat-bicicletas-specialized","7":"product_cat-ofertas","8":"product_cat-gravel-oferta","9":"product_cat-outlet","10":"product_cat-segunda-mano","12":"first","13":"outofstock","14":"sale","15":"taxable","16":"shipping-taxable","17":"purchasable","18":"product-type-simple"},"acf":[],"yoast_head":"<!-- This site is optimized with the Yoast SEO Premium plugin v26.7 (Yoast SEO v26.7) - https:\/\/yoast.com\/wordpress\/plugins\/seo\/ -->\n<title>BMC TeamMachine SLR01 23 Sram Force AXS Talla 56 Specialized Crux Pro 2025<\/title>\n<meta name=\"description\" content=\"Bicicleta de carretera de Ocasi\u00f3n, como nueva, Totalmente Revisada, A\u00f1o 2023\" \/>\n<meta name=\"robots\" content=\"index, follow, max-snippet:-1, max-image-preview:large, max-video-preview:-1\" \/>\n<link rel=\"canonical\" href=\"https:\/\/gr-100.com\/producto\/bmc-teammachine-slr01-23-sram-force-axs-talla-56\/\" \/>\n<meta property=\"og:locale\" content=\"en_US\" \/>\n<meta property=\"og:type\" content=\"article\" \/>\n<meta property=\"og:title\" content=\"BMC TeamMachine SLR01 23 Sram Force AXS Talla 56\" \/>\n<meta property=\"og:description\" content=\"Bicicleta de carretera de Ocasi\u00f3n, como nueva, Totalmente Revisada, A\u00f1o 2023\" \/>\n<meta property=\"og:url\" content=\"https:\/\/gr-100.com\/producto\/bmc-teammachine-slr01-23-sram-force-axs-talla-56\/\" \/>\n<meta property=\"og:site_name\" content=\"Gr-100 Tienda de ciclismo Specialized\" \/>\n<meta property=\"article:publisher\" content=\"https:\/\/www.facebook.com\/Gr100Bikes\" \/>\n<meta property=\"article:modified_time\" content=\"2025-11-07T11:46:08+00:00\" \/>\n<meta property=\"og:image\" content=\"https:\/\/gr-100.com\/wp-content\/uploads\/2025\/10\/BMC_.jpg\" \/>\n\t<meta property=\"og:image:width\" content=\"1000\" \/>\n\t<meta property=\"og:image:height\" content=\"1000\" \/>\n\t<meta property=\"og:image:type\" content=\"image\/jpeg\" \/>\n<meta name=\"twitter:card\" content=\"summary_large_image\" \/>\n<meta name=\"twitter:label1\" content=\"Est. reading time\" \/>\n\t<meta name=\"twitter:data1\" content=\"1 minute\" \/>\n<script type=\"application\/ld+json\" class=\"yoast-schema-graph\">{\"@context\":\"https:\/\/schema.org\",\"@graph\":[{\"@type\":\"WebPage\",\"@id\":\"https:\/\/gr-100.com\/producto\/bmc-teammachine-slr01-23-sram-force-axs-talla-56\/\",\"url\":\"https:\/\/gr-100.com\/producto\/bmc-teammachine-slr01-23-sram-force-axs-talla-56\/\",\"name\":\"BMC TeamMachine SLR01 23 Sram Force AXS Talla 56 Specialized Crux Pro 2025\",\"isPartOf\":{\"@id\":\"https:\/\/gr-100.com\/#website\"},\"primaryImageOfPage\":{\"@id\":\"https:\/\/gr-100.com\/producto\/bmc-teammachine-slr01-23-sram-force-axs-talla-56\/#primaryimage\"},\"image\":{\"@id\":\"https:\/\/gr-100.com\/producto\/bmc-teammachine-slr01-23-sram-force-axs-talla-56\/#primaryimage\"},\"thumbnailUrl\":\"https:\/\/gr-100.com\/wp-content\/uploads\/2025\/10\/BMC_.jpg\",\"datePublished\":\"2025-10-20T18:08:01+00:00\",\"dateModified\":\"2025-11-07T11:46:08+00:00\",\"description\":\"Bicicleta de carretera de Ocasi\u00f3n, como nueva, Totalmente Revisada, A\u00f1o 2023\",\"breadcrumb\":{\"@id\":\"https:\/\/gr-100.com\/producto\/bmc-teammachine-slr01-23-sram-force-axs-talla-56\/#breadcrumb\"},\"inLanguage\":\"en-US\",\"potentialAction\":[{\"@type\":\"ReadAction\",\"target\":[\"https:\/\/gr-100.com\/producto\/bmc-teammachine-slr01-23-sram-force-axs-talla-56\/\"]}]},{\"@type\":\"ImageObject\",\"inLanguage\":\"en-US\",\"@id\":\"https:\/\/gr-100.com\/producto\/bmc-teammachine-slr01-23-sram-force-axs-talla-56\/#primaryimage\",\"url\":\"https:\/\/gr-100.com\/wp-content\/uploads\/2025\/10\/BMC_.jpg\",\"contentUrl\":\"https:\/\/gr-100.com\/wp-content\/uploads\/2025\/10\/BMC_.jpg\",\"width\":1000,\"height\":1000},{\"@type\":\"BreadcrumbList\",\"@id\":\"https:\/\/gr-100.com\/producto\/bmc-teammachine-slr01-23-sram-force-axs-talla-56\/#breadcrumb\",\"itemListElement\":[{\"@type\":\"ListItem\",\"position\":1,\"name\":\"Portada\",\"item\":\"https:\/\/gr-100.com\/pt-pt\/\"},{\"@type\":\"ListItem\",\"position\":2,\"name\":\"Productos\",\"item\":\"https:\/\/gr-100.com\/?post_type=product\"},{\"@type\":\"ListItem\",\"position\":3,\"name\":\"BMC TeamMachine SLR01 23 Sram Force AXS Talla 56\"}]},{\"@type\":\"WebSite\",\"@id\":\"https:\/\/gr-100.com\/#website\",\"url\":\"https:\/\/gr-100.com\/\",\"name\":\"Gr-100 Tienda de ciclismo Specialized\",\"description\":\"GR-100 tenemos todas las gamas de bicicletas Specialized al mejor precio.\",\"publisher\":{\"@id\":\"https:\/\/gr-100.com\/#organization\"},\"alternateName\":\"Gr-100 Bikes\",\"potentialAction\":[{\"@type\":\"SearchAction\",\"target\":{\"@type\":\"EntryPoint\",\"urlTemplate\":\"https:\/\/gr-100.com\/?s={search_term_string}\"},\"query-input\":{\"@type\":\"PropertyValueSpecification\",\"valueRequired\":true,\"valueName\":\"search_term_string\"}}],\"inLanguage\":\"en-US\"},{\"@type\":\"Organization\",\"@id\":\"https:\/\/gr-100.com\/#organization\",\"name\":\"Gr-100\",\"url\":\"https:\/\/gr-100.com\/\",\"logo\":{\"@type\":\"ImageObject\",\"inLanguage\":\"en-US\",\"@id\":\"https:\/\/gr-100.com\/#\/schema\/logo\/image\/\",\"url\":\"https:\/\/gr-100.com\/wp-content\/uploads\/2023\/08\/logo-gr-100-bikes.png\",\"contentUrl\":\"https:\/\/gr-100.com\/wp-content\/uploads\/2023\/08\/logo-gr-100-bikes.png\",\"width\":707,\"height\":284,\"caption\":\"Gr-100\"},\"image\":{\"@id\":\"https:\/\/gr-100.com\/#\/schema\/logo\/image\/\"},\"sameAs\":[\"https:\/\/www.facebook.com\/Gr100Bikes\",\"https:\/\/www.instagram.com\/gr100bikes\/\",\"https:\/\/www.tiktok.com\/@gr100bikes\",\"https:\/\/twitter.com\/gr100mtbteam\",\"https:\/\/www.youtube.com\/c\/GR100Specialized\"]}]}<\/script>\n<!-- \/ Yoast SEO Premium plugin. -->","yoast_head_json":{"title":"BMC TeamMachine SLR01 23 Sram Force AXS Talla 56 Specialized Crux Pro 2025","description":"Bicicleta de carretera de Ocasi\u00f3n, como nueva, Totalmente Revisada, A\u00f1o 2023","robots":{"index":"index","follow":"follow","max-snippet":"max-snippet:-1","max-image-preview":"max-image-preview:large","max-video-preview":"max-video-preview:-1"},"canonical":"https:\/\/gr-100.com\/producto\/bmc-teammachine-slr01-23-sram-force-axs-talla-56\/","og_locale":"en_US","og_type":"article","og_title":"BMC TeamMachine SLR01 23 Sram Force AXS Talla 56","og_description":"Bicicleta de carretera de Ocasi\u00f3n, como nueva, Totalmente Revisada, A\u00f1o 2023","og_url":"https:\/\/gr-100.com\/producto\/bmc-teammachine-slr01-23-sram-force-axs-talla-56\/","og_site_name":"Gr-100 Tienda de ciclismo Specialized","article_publisher":"https:\/\/www.facebook.com\/Gr100Bikes","article_modified_time":"2025-11-07T11:46:08+00:00","og_image":[{"width":1000,"height":1000,"url":"https:\/\/gr-100.com\/wp-content\/uploads\/2025\/10\/BMC_.jpg","type":"image\/jpeg"}],"twitter_card":"summary_large_image","twitter_misc":{"Est. reading time":"1 minute"},"schema":{"@context":"https:\/\/schema.org","@graph":[{"@type":"WebPage","@id":"https:\/\/gr-100.com\/producto\/bmc-teammachine-slr01-23-sram-force-axs-talla-56\/","url":"https:\/\/gr-100.com\/producto\/bmc-teammachine-slr01-23-sram-force-axs-talla-56\/","name":"BMC TeamMachine SLR01 23 Sram Force AXS Talla 56 Specialized Crux Pro 2025","isPartOf":{"@id":"https:\/\/gr-100.com\/#website"},"primaryImageOfPage":{"@id":"https:\/\/gr-100.com\/producto\/bmc-teammachine-slr01-23-sram-force-axs-talla-56\/#primaryimage"},"image":{"@id":"https:\/\/gr-100.com\/producto\/bmc-teammachine-slr01-23-sram-force-axs-talla-56\/#primaryimage"},"thumbnailUrl":"https:\/\/gr-100.com\/wp-content\/uploads\/2025\/10\/BMC_.jpg","datePublished":"2025-10-20T18:08:01+00:00","dateModified":"2025-11-07T11:46:08+00:00","description":"Bicicleta de carretera de Ocasi\u00f3n, como nueva, Totalmente Revisada, A\u00f1o 2023","breadcrumb":{"@id":"https:\/\/gr-100.com\/producto\/bmc-teammachine-slr01-23-sram-force-axs-talla-56\/#breadcrumb"},"inLanguage":"en-US","potentialAction":[{"@type":"ReadAction","target":["https:\/\/gr-100.com\/producto\/bmc-teammachine-slr01-23-sram-force-axs-talla-56\/"]}]},{"@type":"ImageObject","inLanguage":"en-US","@id":"https:\/\/gr-100.com\/producto\/bmc-teammachine-slr01-23-sram-force-axs-talla-56\/#primaryimage","url":"https:\/\/gr-100.com\/wp-content\/uploads\/2025\/10\/BMC_.jpg","contentUrl":"https:\/\/gr-100.com\/wp-content\/uploads\/2025\/10\/BMC_.jpg","width":1000,"height":1000},{"@type":"BreadcrumbList","@id":"https:\/\/gr-100.com\/producto\/bmc-teammachine-slr01-23-sram-force-axs-talla-56\/#breadcrumb","itemListElement":[{"@type":"ListItem","position":1,"name":"Portada","item":"https:\/\/gr-100.com\/pt-pt\/"},{"@type":"ListItem","position":2,"name":"Productos","item":"https:\/\/gr-100.com\/?post_type=product"},{"@type":"ListItem","position":3,"name":"BMC TeamMachine SLR01 23 Sram Force AXS Talla 56"}]},{"@type":"WebSite","@id":"https:\/\/gr-100.com\/#website","url":"https:\/\/gr-100.com\/","name":"Gr-100 Tienda de ciclismo Specialized","description":"GR-100 tenemos todas las gamas de bicicletas Specialized al mejor precio.","publisher":{"@id":"https:\/\/gr-100.com\/#organization"},"alternateName":"Gr-100 Bikes","potentialAction":[{"@type":"SearchAction","target":{"@type":"EntryPoint","urlTemplate":"https:\/\/gr-100.com\/?s={search_term_string}"},"query-input":{"@type":"PropertyValueSpecification","valueRequired":true,"valueName":"search_term_string"}}],"inLanguage":"en-US"},{"@type":"Organization","@id":"https:\/\/gr-100.com\/#organization","name":"Gr-100","url":"https:\/\/gr-100.com\/","logo":{"@type":"ImageObject","inLanguage":"en-US","@id":"https:\/\/gr-100.com\/#\/schema\/logo\/image\/","url":"https:\/\/gr-100.com\/wp-content\/uploads\/2023\/08\/logo-gr-100-bikes.png","contentUrl":"https:\/\/gr-100.com\/wp-content\/uploads\/2023\/08\/logo-gr-100-bikes.png","width":707,"height":284,"caption":"Gr-100"},"image":{"@id":"https:\/\/gr-100.com\/#\/schema\/logo\/image\/"},"sameAs":["https:\/\/www.facebook.com\/Gr100Bikes","https:\/\/www.instagram.com\/gr100bikes\/","https:\/\/www.tiktok.com\/@gr100bikes","https:\/\/twitter.com\/gr100mtbteam","https:\/\/www.youtube.com\/c\/GR100Specialized"]}]}},"_links":{"self":[{"href":"https:\/\/gr-100.com\/en\/wp-json\/wp\/v2\/product\/419509","targetHints":{"allow":["GET"]}}],"collection":[{"href":"https:\/\/gr-100.com\/en\/wp-json\/wp\/v2\/product"}],"about":[{"href":"https:\/\/gr-100.com\/en\/wp-json\/wp\/v2\/types\/product"}],"replies":[{"embeddable":true,"href":"https:\/\/gr-100.com\/en\/wp-json\/wp\/v2\/comments?post=419509"}],"wp:featuredmedia":[{"embeddable":true,"href":"https:\/\/gr-100.com\/en\/wp-json\/wp\/v2\/media\/420044"}],"wp:attachment":[{"href":"https:\/\/gr-100.com\/en\/wp-json\/wp\/v2\/media?parent=419509"}],"wp:term":[{"taxonomy":"product_brand","embeddable":true,"href":"https:\/\/gr-100.com\/en\/wp-json\/wp\/v2\/product_brand?post=419509"},{"taxonomy":"product_cat","embeddable":true,"href":"https:\/\/gr-100.com\/en\/wp-json\/wp\/v2\/product_cat?post=419509"},{"taxonomy":"product_tag","embeddable":true,"href":"https:\/\/gr-100.com\/en\/wp-json\/wp\/v2\/product_tag?post=419509"}],"curies":[{"name":"wp","href":"https:\/\/api.w.org\/{rel}","templated":true}]}}