{"id":420365,"date":"2025-11-05T19:17:26","date_gmt":"2025-11-05T17:17:26","guid":{"rendered":"https:\/\/gr-100.com\/?post_type=product&#038;p=420365"},"modified":"2026-02-26T15:23:10","modified_gmt":"2026-02-26T14:23:10","slug":"calcetines-aero-gr-100-blanco","status":"publish","type":"product","link":"https:\/\/gr-100.com\/en\/producto\/calcetines-aero-gr-100-blanco\/","title":{"rendered":"Calcetines Aero GR-100 Blancos"},"content":{"rendered":"<ul>\n<li>Par de Calcetines Aero t\u00e9cnicos de ciclismo.<\/li>\n<li>Ca\u00f1a alta.<\/li>\n<li>Ca\u00f1a microperforada para un ventilaci\u00f3n \u00f3ptima.<\/li>\n<li>La parte del pie se basa en el calcet\u00edn de colecci\u00f3n Gsport. Confeccionado a dos hilos con Vaporfeel\u00ae, un material de alta densidad, ligero y resistente a la abrasi\u00f3n y los impactos, lo que lo hace muy duradero. Sus propiedades t\u00e9rmicas permiten al pie mantener la temperatura y un secado r\u00e1pido.<\/li>\n<li>Rango de temperatura: de 18 a 40 \u00baC.<\/li>\n<li><strong>Gu\u00eda de tallas:<\/strong><br \/>\nEquivalencia de tallas de los calcetines t\u00e9cnicos para ciclismo.<\/p>\n<table>\n<tbody>\n<tr>\n<td>M<\/td>\n<td>\u00a039-42<\/td>\n<\/tr>\n<tr>\n<td>L<\/td>\n<td>\u00a043-45<\/td>\n<\/tr>\n<\/tbody>\n<\/table>\n<\/li>\n<\/ul>\n","protected":false},"excerpt":{"rendered":"<p>Est\u00e1n dise\u00f1ados para lograr un m\u00e1ximo rendimiento en competici\u00f3n y entrenamientos intensos. Son unos calcetines t\u00e9cnicos de ciclismo. Un accesorio altamente transpirable, aerodin\u00e1mico y muy ligero, gracias a su ca\u00f1a confeccionada con un tejido de lycra microperforada.<\/p>\n","protected":false},"featured_media":420368,"comment_status":"closed","ping_status":"closed","template":"","meta":{"_acf_changed":false,"_et_pb_use_builder":"","_et_pb_old_content":"","_et_gb_content_width":"","inline_featured_image":false},"product_brand":[],"product_cat":[50,72,75],"product_tag":[],"class_list":{"0":"post-420365","1":"product","2":"type-product","3":"status-publish","4":"has-post-thumbnail","6":"product_cat-equipaciones","7":"product_cat-calcetines","8":"product_cat-equipaciones-gr-100","10":"first","11":"instock","12":"sale","13":"taxable","14":"shipping-taxable","15":"purchasable","16":"product-type-variable","17":"wvs-archive-product-wrapper"},"acf":[],"yoast_head":"<!-- This site is optimized with the Yoast SEO Premium plugin v26.7 (Yoast SEO v26.7) - https:\/\/yoast.com\/wordpress\/plugins\/seo\/ -->\n<title>Calcetines Aero GR-100 Blancos GR-100<\/title>\n<meta name=\"description\" content=\"Calcetines Aero personalizados por Gsport para Gr-100 Bikes para su l\u00ednea de ropa de alta calidad y comodidad.\" \/>\n<meta name=\"robots\" content=\"index, follow, max-snippet:-1, max-image-preview:large, max-video-preview:-1\" \/>\n<link rel=\"canonical\" href=\"https:\/\/gr-100.com\/producto\/calcetines-aero-gr-100-blanco\/\" \/>\n<meta property=\"og:locale\" content=\"en_US\" \/>\n<meta property=\"og:type\" content=\"article\" \/>\n<meta property=\"og:title\" content=\"Calcetines Aero GR-100 Blancos\" \/>\n<meta property=\"og:description\" content=\"Calcetines Aero personalizados por Gsport para Gr-100 Bikes para su l\u00ednea de ropa de alta calidad y comodidad.\" \/>\n<meta property=\"og:url\" content=\"https:\/\/gr-100.com\/producto\/calcetines-aero-gr-100-blanco\/\" \/>\n<meta property=\"og:site_name\" content=\"Gr-100 Tienda de ciclismo Specialized\" \/>\n<meta property=\"article:publisher\" content=\"https:\/\/www.facebook.com\/Gr100Bikes\" \/>\n<meta property=\"article:modified_time\" content=\"2026-02-26T14:23:10+00:00\" \/>\n<meta property=\"og:image\" content=\"https:\/\/gr-100.com\/wp-content\/uploads\/2025\/11\/calcetines-aero-gr100-blancos.jpg\" \/>\n\t<meta property=\"og:image:width\" content=\"1000\" \/>\n\t<meta property=\"og:image:height\" content=\"1000\" \/>\n\t<meta property=\"og:image:type\" content=\"image\/jpeg\" \/>\n<meta name=\"twitter:card\" content=\"summary_large_image\" \/>\n<meta name=\"twitter:label1\" content=\"Est. reading time\" \/>\n\t<meta name=\"twitter:data1\" content=\"1 minute\" \/>\n<script type=\"application\/ld+json\" class=\"yoast-schema-graph\">{\"@context\":\"https:\/\/schema.org\",\"@graph\":[{\"@type\":\"WebPage\",\"@id\":\"https:\/\/gr-100.com\/producto\/calcetines-aero-gr-100-blanco\/\",\"url\":\"https:\/\/gr-100.com\/producto\/calcetines-aero-gr-100-blanco\/\",\"name\":\"Calcetines Aero GR-100 Blancos GR-100\",\"isPartOf\":{\"@id\":\"https:\/\/gr-100.com\/#website\"},\"primaryImageOfPage\":{\"@id\":\"https:\/\/gr-100.com\/producto\/calcetines-aero-gr-100-blanco\/#primaryimage\"},\"image\":{\"@id\":\"https:\/\/gr-100.com\/producto\/calcetines-aero-gr-100-blanco\/#primaryimage\"},\"thumbnailUrl\":\"https:\/\/gr-100.com\/wp-content\/uploads\/2025\/11\/calcetines-aero-gr100-blancos.jpg\",\"datePublished\":\"2025-11-05T17:17:26+00:00\",\"dateModified\":\"2026-02-26T14:23:10+00:00\",\"description\":\"Calcetines Aero personalizados por Gsport para Gr-100 Bikes para su l\u00ednea de ropa de alta calidad y comodidad.\",\"breadcrumb\":{\"@id\":\"https:\/\/gr-100.com\/producto\/calcetines-aero-gr-100-blanco\/#breadcrumb\"},\"inLanguage\":\"en-US\",\"potentialAction\":[{\"@type\":\"ReadAction\",\"target\":[\"https:\/\/gr-100.com\/producto\/calcetines-aero-gr-100-blanco\/\"]}]},{\"@type\":\"ImageObject\",\"inLanguage\":\"en-US\",\"@id\":\"https:\/\/gr-100.com\/producto\/calcetines-aero-gr-100-blanco\/#primaryimage\",\"url\":\"https:\/\/gr-100.com\/wp-content\/uploads\/2025\/11\/calcetines-aero-gr100-blancos.jpg\",\"contentUrl\":\"https:\/\/gr-100.com\/wp-content\/uploads\/2025\/11\/calcetines-aero-gr100-blancos.jpg\",\"width\":1000,\"height\":1000},{\"@type\":\"BreadcrumbList\",\"@id\":\"https:\/\/gr-100.com\/producto\/calcetines-aero-gr-100-blanco\/#breadcrumb\",\"itemListElement\":[{\"@type\":\"ListItem\",\"position\":1,\"name\":\"Portada\",\"item\":\"https:\/\/gr-100.com\/pt-pt\/\"},{\"@type\":\"ListItem\",\"position\":2,\"name\":\"Productos\",\"item\":\"https:\/\/gr-100.com\/?post_type=product\"},{\"@type\":\"ListItem\",\"position\":3,\"name\":\"Calcetines Aero GR-100 Blancos\"}]},{\"@type\":\"WebSite\",\"@id\":\"https:\/\/gr-100.com\/#website\",\"url\":\"https:\/\/gr-100.com\/\",\"name\":\"Gr-100 Tienda de ciclismo Specialized\",\"description\":\"GR-100 tenemos todas las gamas de bicicletas Specialized al mejor precio.\",\"publisher\":{\"@id\":\"https:\/\/gr-100.com\/#organization\"},\"alternateName\":\"Gr-100 Bikes\",\"potentialAction\":[{\"@type\":\"SearchAction\",\"target\":{\"@type\":\"EntryPoint\",\"urlTemplate\":\"https:\/\/gr-100.com\/?s={search_term_string}\"},\"query-input\":{\"@type\":\"PropertyValueSpecification\",\"valueRequired\":true,\"valueName\":\"search_term_string\"}}],\"inLanguage\":\"en-US\"},{\"@type\":\"Organization\",\"@id\":\"https:\/\/gr-100.com\/#organization\",\"name\":\"Gr-100\",\"url\":\"https:\/\/gr-100.com\/\",\"logo\":{\"@type\":\"ImageObject\",\"inLanguage\":\"en-US\",\"@id\":\"https:\/\/gr-100.com\/#\/schema\/logo\/image\/\",\"url\":\"https:\/\/gr-100.com\/wp-content\/uploads\/2023\/08\/logo-gr-100-bikes.png\",\"contentUrl\":\"https:\/\/gr-100.com\/wp-content\/uploads\/2023\/08\/logo-gr-100-bikes.png\",\"width\":707,\"height\":284,\"caption\":\"Gr-100\"},\"image\":{\"@id\":\"https:\/\/gr-100.com\/#\/schema\/logo\/image\/\"},\"sameAs\":[\"https:\/\/www.facebook.com\/Gr100Bikes\",\"https:\/\/www.instagram.com\/gr100bikes\/\",\"https:\/\/www.tiktok.com\/@gr100bikes\",\"https:\/\/twitter.com\/gr100mtbteam\",\"https:\/\/www.youtube.com\/c\/GR100Specialized\"]}]}<\/script>\n<!-- \/ Yoast SEO Premium plugin. -->","yoast_head_json":{"title":"Calcetines Aero GR-100 Blancos GR-100","description":"Calcetines Aero personalizados por Gsport para Gr-100 Bikes para su l\u00ednea de ropa de alta calidad y comodidad.","robots":{"index":"index","follow":"follow","max-snippet":"max-snippet:-1","max-image-preview":"max-image-preview:large","max-video-preview":"max-video-preview:-1"},"canonical":"https:\/\/gr-100.com\/producto\/calcetines-aero-gr-100-blanco\/","og_locale":"en_US","og_type":"article","og_title":"Calcetines Aero GR-100 Blancos","og_description":"Calcetines Aero personalizados por Gsport para Gr-100 Bikes para su l\u00ednea de ropa de alta calidad y comodidad.","og_url":"https:\/\/gr-100.com\/producto\/calcetines-aero-gr-100-blanco\/","og_site_name":"Gr-100 Tienda de ciclismo Specialized","article_publisher":"https:\/\/www.facebook.com\/Gr100Bikes","article_modified_time":"2026-02-26T14:23:10+00:00","og_image":[{"width":1000,"height":1000,"url":"https:\/\/gr-100.com\/wp-content\/uploads\/2025\/11\/calcetines-aero-gr100-blancos.jpg","type":"image\/jpeg"}],"twitter_card":"summary_large_image","twitter_misc":{"Est. reading time":"1 minute"},"schema":{"@context":"https:\/\/schema.org","@graph":[{"@type":"WebPage","@id":"https:\/\/gr-100.com\/producto\/calcetines-aero-gr-100-blanco\/","url":"https:\/\/gr-100.com\/producto\/calcetines-aero-gr-100-blanco\/","name":"Calcetines Aero GR-100 Blancos GR-100","isPartOf":{"@id":"https:\/\/gr-100.com\/#website"},"primaryImageOfPage":{"@id":"https:\/\/gr-100.com\/producto\/calcetines-aero-gr-100-blanco\/#primaryimage"},"image":{"@id":"https:\/\/gr-100.com\/producto\/calcetines-aero-gr-100-blanco\/#primaryimage"},"thumbnailUrl":"https:\/\/gr-100.com\/wp-content\/uploads\/2025\/11\/calcetines-aero-gr100-blancos.jpg","datePublished":"2025-11-05T17:17:26+00:00","dateModified":"2026-02-26T14:23:10+00:00","description":"Calcetines Aero personalizados por Gsport para Gr-100 Bikes para su l\u00ednea de ropa de alta calidad y comodidad.","breadcrumb":{"@id":"https:\/\/gr-100.com\/producto\/calcetines-aero-gr-100-blanco\/#breadcrumb"},"inLanguage":"en-US","potentialAction":[{"@type":"ReadAction","target":["https:\/\/gr-100.com\/producto\/calcetines-aero-gr-100-blanco\/"]}]},{"@type":"ImageObject","inLanguage":"en-US","@id":"https:\/\/gr-100.com\/producto\/calcetines-aero-gr-100-blanco\/#primaryimage","url":"https:\/\/gr-100.com\/wp-content\/uploads\/2025\/11\/calcetines-aero-gr100-blancos.jpg","contentUrl":"https:\/\/gr-100.com\/wp-content\/uploads\/2025\/11\/calcetines-aero-gr100-blancos.jpg","width":1000,"height":1000},{"@type":"BreadcrumbList","@id":"https:\/\/gr-100.com\/producto\/calcetines-aero-gr-100-blanco\/#breadcrumb","itemListElement":[{"@type":"ListItem","position":1,"name":"Portada","item":"https:\/\/gr-100.com\/pt-pt\/"},{"@type":"ListItem","position":2,"name":"Productos","item":"https:\/\/gr-100.com\/?post_type=product"},{"@type":"ListItem","position":3,"name":"Calcetines Aero GR-100 Blancos"}]},{"@type":"WebSite","@id":"https:\/\/gr-100.com\/#website","url":"https:\/\/gr-100.com\/","name":"Gr-100 Tienda de ciclismo Specialized","description":"GR-100 tenemos todas las gamas de bicicletas Specialized al mejor precio.","publisher":{"@id":"https:\/\/gr-100.com\/#organization"},"alternateName":"Gr-100 Bikes","potentialAction":[{"@type":"SearchAction","target":{"@type":"EntryPoint","urlTemplate":"https:\/\/gr-100.com\/?s={search_term_string}"},"query-input":{"@type":"PropertyValueSpecification","valueRequired":true,"valueName":"search_term_string"}}],"inLanguage":"en-US"},{"@type":"Organization","@id":"https:\/\/gr-100.com\/#organization","name":"Gr-100","url":"https:\/\/gr-100.com\/","logo":{"@type":"ImageObject","inLanguage":"en-US","@id":"https:\/\/gr-100.com\/#\/schema\/logo\/image\/","url":"https:\/\/gr-100.com\/wp-content\/uploads\/2023\/08\/logo-gr-100-bikes.png","contentUrl":"https:\/\/gr-100.com\/wp-content\/uploads\/2023\/08\/logo-gr-100-bikes.png","width":707,"height":284,"caption":"Gr-100"},"image":{"@id":"https:\/\/gr-100.com\/#\/schema\/logo\/image\/"},"sameAs":["https:\/\/www.facebook.com\/Gr100Bikes","https:\/\/www.instagram.com\/gr100bikes\/","https:\/\/www.tiktok.com\/@gr100bikes","https:\/\/twitter.com\/gr100mtbteam","https:\/\/www.youtube.com\/c\/GR100Specialized"]}]}},"_links":{"self":[{"href":"https:\/\/gr-100.com\/en\/wp-json\/wp\/v2\/product\/420365","targetHints":{"allow":["GET"]}}],"collection":[{"href":"https:\/\/gr-100.com\/en\/wp-json\/wp\/v2\/product"}],"about":[{"href":"https:\/\/gr-100.com\/en\/wp-json\/wp\/v2\/types\/product"}],"replies":[{"embeddable":true,"href":"https:\/\/gr-100.com\/en\/wp-json\/wp\/v2\/comments?post=420365"}],"wp:featuredmedia":[{"embeddable":true,"href":"https:\/\/gr-100.com\/en\/wp-json\/wp\/v2\/media\/420368"}],"wp:attachment":[{"href":"https:\/\/gr-100.com\/en\/wp-json\/wp\/v2\/media?parent=420365"}],"wp:term":[{"taxonomy":"product_brand","embeddable":true,"href":"https:\/\/gr-100.com\/en\/wp-json\/wp\/v2\/product_brand?post=420365"},{"taxonomy":"product_cat","embeddable":true,"href":"https:\/\/gr-100.com\/en\/wp-json\/wp\/v2\/product_cat?post=420365"},{"taxonomy":"product_tag","embeddable":true,"href":"https:\/\/gr-100.com\/en\/wp-json\/wp\/v2\/product_tag?post=420365"}],"curies":[{"name":"wp","href":"https:\/\/api.w.org\/{rel}","templated":true}]}}