{"id":422776,"date":"2025-12-15T13:59:27","date_gmt":"2025-12-15T11:59:27","guid":{"rendered":"https:\/\/gr-100.com\/?post_type=product&#038;p=422776"},"modified":"2026-02-03T13:55:40","modified_gmt":"2026-02-03T11:55:40","slug":"specialized-zee-cage-ii-con-herramienta-derecha","status":"publish","type":"product","link":"https:\/\/gr-100.com\/en\/producto\/specialized-zee-cage-ii-con-herramienta-derecha\/","title":{"rendered":"Specialized Zee Cage II con herramienta \u2013 Derecha"},"content":{"rendered":"<ul>\n<li>El dise\u00f1o SWAT\u2122 permite la integraci\u00f3n del almacenamiento y las herramientas.<\/li>\n<li>El dise\u00f1o de carga lateral permite la retenci\u00f3n segura de los bidones con f\u00e1cil acceso de entrada y salida para cuadros compactos.<\/li>\n<li>Incluye herramienta EMT Cage Mount MTB con llaves 3, 4, 5, 6, 8 mm, T25 Torx y destornillador de cabeza plana.<\/li>\n<li>Entrada desde el lado derecho en el tubo diagonal, lado izquierdo en el tubo de sill\u00edn.<\/li>\n<li>Dise\u00f1o minimalista<\/li>\n<\/ul>\n","protected":false},"excerpt":{"rendered":"<p>El Zee Cage II se ha dise\u00f1ado con la herramienta EMT Cage Mount MTB integrada que tiene todo lo que necesitas para sacarte de un apuro en tu ruta. En el portabidones en s\u00ed, ver\u00e1s que es totalmente ligero y tiene un poder de sujeci\u00f3n incre\u00edble para cuando el camino se vuelve dif\u00edcil.<\/p>\n","protected":false},"featured_media":422777,"comment_status":"open","ping_status":"closed","template":"","meta":{"_acf_changed":false,"_et_pb_use_builder":"","_et_pb_old_content":"","_et_gb_content_width":"","inline_featured_image":false},"product_brand":[],"product_cat":[26,67],"product_tag":[],"class_list":{"0":"post-422776","1":"product","2":"type-product","3":"status-publish","4":"has-post-thumbnail","6":"product_cat-accesorios","7":"product_cat-varios-accesorios","9":"first","10":"instock","11":"taxable","12":"shipping-taxable","13":"purchasable","14":"product-type-simple"},"acf":[],"yoast_head":"<!-- This site is optimized with the Yoast SEO Premium plugin v26.7 (Yoast SEO v26.7) - https:\/\/yoast.com\/wordpress\/plugins\/seo\/ -->\n<title>Specialized Zee Cage II con herramienta \u2013 Derecha GR-100<\/title>\n<meta name=\"description\" content=\"El Zee Cage II se ha dise\u00f1ado con la herramienta EMT Cage Mount MTB integrada que tiene todo lo que necesitas para sacarte de un apuro en tu ruta. En el portabidones en s\u00ed, ver\u00e1s que es totalmente ligero y tiene un poder de sujeci\u00f3n incre\u00edble para cuando el camino se vuelve dif\u00edcil.\" \/>\n<meta name=\"robots\" content=\"index, follow, max-snippet:-1, max-image-preview:large, max-video-preview:-1\" \/>\n<link rel=\"canonical\" href=\"https:\/\/gr-100.com\/producto\/specialized-zee-cage-ii-con-herramienta-derecha\/\" \/>\n<meta property=\"og:locale\" content=\"en_US\" \/>\n<meta property=\"og:type\" content=\"article\" \/>\n<meta property=\"og:title\" content=\"Specialized Zee Cage II con herramienta \u2013 Derecha\" \/>\n<meta property=\"og:description\" content=\"El Zee Cage II se ha dise\u00f1ado con la herramienta EMT Cage Mount MTB integrada que tiene todo lo que necesitas para sacarte de un apuro en tu ruta. En el portabidones en s\u00ed, ver\u00e1s que es totalmente ligero y tiene un poder de sujeci\u00f3n incre\u00edble para cuando el camino se vuelve dif\u00edcil.\" \/>\n<meta property=\"og:url\" content=\"https:\/\/gr-100.com\/producto\/specialized-zee-cage-ii-con-herramienta-derecha\/\" \/>\n<meta property=\"og:site_name\" content=\"Gr-100 Tienda de ciclismo Specialized\" \/>\n<meta property=\"article:publisher\" content=\"https:\/\/www.facebook.com\/Gr100Bikes\" \/>\n<meta property=\"article:modified_time\" content=\"2026-02-03T11:55:40+00:00\" \/>\n<meta property=\"og:image\" content=\"https:\/\/gr-100.com\/wp-content\/uploads\/2025\/12\/Considera-la-Vado-como-tu-bicicleta-de-transporte-de-alto-rendimiento-que-te-lleva-a-donde-quieras-con-una-combinacion-inigualable-de-velocidad-fiabilidad-y-confianza.-Ya-sea-que-la-cargues-con-24.jpg\" \/>\n\t<meta property=\"og:image:width\" content=\"1000\" \/>\n\t<meta property=\"og:image:height\" content=\"1000\" \/>\n\t<meta property=\"og:image:type\" content=\"image\/jpeg\" \/>\n<meta name=\"twitter:card\" content=\"summary_large_image\" \/>\n<meta name=\"twitter:label1\" content=\"Est. reading time\" \/>\n\t<meta name=\"twitter:data1\" content=\"1 minute\" \/>\n<script type=\"application\/ld+json\" class=\"yoast-schema-graph\">{\"@context\":\"https:\/\/schema.org\",\"@graph\":[{\"@type\":\"WebPage\",\"@id\":\"https:\/\/gr-100.com\/producto\/specialized-zee-cage-ii-con-herramienta-derecha\/\",\"url\":\"https:\/\/gr-100.com\/producto\/specialized-zee-cage-ii-con-herramienta-derecha\/\",\"name\":\"Specialized Zee Cage II con herramienta \u2013 Derecha GR-100\",\"isPartOf\":{\"@id\":\"https:\/\/gr-100.com\/#website\"},\"primaryImageOfPage\":{\"@id\":\"https:\/\/gr-100.com\/producto\/specialized-zee-cage-ii-con-herramienta-derecha\/#primaryimage\"},\"image\":{\"@id\":\"https:\/\/gr-100.com\/producto\/specialized-zee-cage-ii-con-herramienta-derecha\/#primaryimage\"},\"thumbnailUrl\":\"https:\/\/gr-100.com\/wp-content\/uploads\/2025\/12\/Considera-la-Vado-como-tu-bicicleta-de-transporte-de-alto-rendimiento-que-te-lleva-a-donde-quieras-con-una-combinacion-inigualable-de-velocidad-fiabilidad-y-confianza.-Ya-sea-que-la-cargues-con-24.jpg\",\"datePublished\":\"2025-12-15T11:59:27+00:00\",\"dateModified\":\"2026-02-03T11:55:40+00:00\",\"description\":\"El Zee Cage II se ha dise\u00f1ado con la herramienta EMT Cage Mount MTB integrada que tiene todo lo que necesitas para sacarte de un apuro en tu ruta. En el portabidones en s\u00ed, ver\u00e1s que es totalmente ligero y tiene un poder de sujeci\u00f3n incre\u00edble para cuando el camino se vuelve dif\u00edcil.\",\"breadcrumb\":{\"@id\":\"https:\/\/gr-100.com\/producto\/specialized-zee-cage-ii-con-herramienta-derecha\/#breadcrumb\"},\"inLanguage\":\"en-US\",\"potentialAction\":[{\"@type\":\"ReadAction\",\"target\":[\"https:\/\/gr-100.com\/producto\/specialized-zee-cage-ii-con-herramienta-derecha\/\"]}]},{\"@type\":\"ImageObject\",\"inLanguage\":\"en-US\",\"@id\":\"https:\/\/gr-100.com\/producto\/specialized-zee-cage-ii-con-herramienta-derecha\/#primaryimage\",\"url\":\"https:\/\/gr-100.com\/wp-content\/uploads\/2025\/12\/Considera-la-Vado-como-tu-bicicleta-de-transporte-de-alto-rendimiento-que-te-lleva-a-donde-quieras-con-una-combinacion-inigualable-de-velocidad-fiabilidad-y-confianza.-Ya-sea-que-la-cargues-con-24.jpg\",\"contentUrl\":\"https:\/\/gr-100.com\/wp-content\/uploads\/2025\/12\/Considera-la-Vado-como-tu-bicicleta-de-transporte-de-alto-rendimiento-que-te-lleva-a-donde-quieras-con-una-combinacion-inigualable-de-velocidad-fiabilidad-y-confianza.-Ya-sea-que-la-cargues-con-24.jpg\",\"width\":1000,\"height\":1000},{\"@type\":\"BreadcrumbList\",\"@id\":\"https:\/\/gr-100.com\/producto\/specialized-zee-cage-ii-con-herramienta-derecha\/#breadcrumb\",\"itemListElement\":[{\"@type\":\"ListItem\",\"position\":1,\"name\":\"Portada\",\"item\":\"https:\/\/gr-100.com\/pt-pt\/\"},{\"@type\":\"ListItem\",\"position\":2,\"name\":\"Productos\",\"item\":\"https:\/\/gr-100.com\/?post_type=product\"},{\"@type\":\"ListItem\",\"position\":3,\"name\":\"Specialized Zee Cage II con herramienta \u2013 Derecha\"}]},{\"@type\":\"WebSite\",\"@id\":\"https:\/\/gr-100.com\/#website\",\"url\":\"https:\/\/gr-100.com\/\",\"name\":\"Gr-100 Tienda de ciclismo Specialized\",\"description\":\"GR-100 tenemos todas las gamas de bicicletas Specialized al mejor precio.\",\"publisher\":{\"@id\":\"https:\/\/gr-100.com\/#organization\"},\"alternateName\":\"Gr-100 Bikes\",\"potentialAction\":[{\"@type\":\"SearchAction\",\"target\":{\"@type\":\"EntryPoint\",\"urlTemplate\":\"https:\/\/gr-100.com\/?s={search_term_string}\"},\"query-input\":{\"@type\":\"PropertyValueSpecification\",\"valueRequired\":true,\"valueName\":\"search_term_string\"}}],\"inLanguage\":\"en-US\"},{\"@type\":\"Organization\",\"@id\":\"https:\/\/gr-100.com\/#organization\",\"name\":\"Gr-100\",\"url\":\"https:\/\/gr-100.com\/\",\"logo\":{\"@type\":\"ImageObject\",\"inLanguage\":\"en-US\",\"@id\":\"https:\/\/gr-100.com\/#\/schema\/logo\/image\/\",\"url\":\"https:\/\/gr-100.com\/wp-content\/uploads\/2023\/08\/logo-gr-100-bikes.png\",\"contentUrl\":\"https:\/\/gr-100.com\/wp-content\/uploads\/2023\/08\/logo-gr-100-bikes.png\",\"width\":707,\"height\":284,\"caption\":\"Gr-100\"},\"image\":{\"@id\":\"https:\/\/gr-100.com\/#\/schema\/logo\/image\/\"},\"sameAs\":[\"https:\/\/www.facebook.com\/Gr100Bikes\",\"https:\/\/www.instagram.com\/gr100bikes\/\",\"https:\/\/www.tiktok.com\/@gr100bikes\",\"https:\/\/twitter.com\/gr100mtbteam\",\"https:\/\/www.youtube.com\/c\/GR100Specialized\"]}]}<\/script>\n<!-- \/ Yoast SEO Premium plugin. -->","yoast_head_json":{"title":"Specialized Zee Cage II con herramienta \u2013 Derecha GR-100","description":"El Zee Cage II se ha dise\u00f1ado con la herramienta EMT Cage Mount MTB integrada que tiene todo lo que necesitas para sacarte de un apuro en tu ruta. En el portabidones en s\u00ed, ver\u00e1s que es totalmente ligero y tiene un poder de sujeci\u00f3n incre\u00edble para cuando el camino se vuelve dif\u00edcil.","robots":{"index":"index","follow":"follow","max-snippet":"max-snippet:-1","max-image-preview":"max-image-preview:large","max-video-preview":"max-video-preview:-1"},"canonical":"https:\/\/gr-100.com\/producto\/specialized-zee-cage-ii-con-herramienta-derecha\/","og_locale":"en_US","og_type":"article","og_title":"Specialized Zee Cage II con herramienta \u2013 Derecha","og_description":"El Zee Cage II se ha dise\u00f1ado con la herramienta EMT Cage Mount MTB integrada que tiene todo lo que necesitas para sacarte de un apuro en tu ruta. En el portabidones en s\u00ed, ver\u00e1s que es totalmente ligero y tiene un poder de sujeci\u00f3n incre\u00edble para cuando el camino se vuelve dif\u00edcil.","og_url":"https:\/\/gr-100.com\/producto\/specialized-zee-cage-ii-con-herramienta-derecha\/","og_site_name":"Gr-100 Tienda de ciclismo Specialized","article_publisher":"https:\/\/www.facebook.com\/Gr100Bikes","article_modified_time":"2026-02-03T11:55:40+00:00","og_image":[{"width":1000,"height":1000,"url":"https:\/\/gr-100.com\/wp-content\/uploads\/2025\/12\/Considera-la-Vado-como-tu-bicicleta-de-transporte-de-alto-rendimiento-que-te-lleva-a-donde-quieras-con-una-combinacion-inigualable-de-velocidad-fiabilidad-y-confianza.-Ya-sea-que-la-cargues-con-24.jpg","type":"image\/jpeg"}],"twitter_card":"summary_large_image","twitter_misc":{"Est. reading time":"1 minute"},"schema":{"@context":"https:\/\/schema.org","@graph":[{"@type":"WebPage","@id":"https:\/\/gr-100.com\/producto\/specialized-zee-cage-ii-con-herramienta-derecha\/","url":"https:\/\/gr-100.com\/producto\/specialized-zee-cage-ii-con-herramienta-derecha\/","name":"Specialized Zee Cage II con herramienta \u2013 Derecha GR-100","isPartOf":{"@id":"https:\/\/gr-100.com\/#website"},"primaryImageOfPage":{"@id":"https:\/\/gr-100.com\/producto\/specialized-zee-cage-ii-con-herramienta-derecha\/#primaryimage"},"image":{"@id":"https:\/\/gr-100.com\/producto\/specialized-zee-cage-ii-con-herramienta-derecha\/#primaryimage"},"thumbnailUrl":"https:\/\/gr-100.com\/wp-content\/uploads\/2025\/12\/Considera-la-Vado-como-tu-bicicleta-de-transporte-de-alto-rendimiento-que-te-lleva-a-donde-quieras-con-una-combinacion-inigualable-de-velocidad-fiabilidad-y-confianza.-Ya-sea-que-la-cargues-con-24.jpg","datePublished":"2025-12-15T11:59:27+00:00","dateModified":"2026-02-03T11:55:40+00:00","description":"El Zee Cage II se ha dise\u00f1ado con la herramienta EMT Cage Mount MTB integrada que tiene todo lo que necesitas para sacarte de un apuro en tu ruta. En el portabidones en s\u00ed, ver\u00e1s que es totalmente ligero y tiene un poder de sujeci\u00f3n incre\u00edble para cuando el camino se vuelve dif\u00edcil.","breadcrumb":{"@id":"https:\/\/gr-100.com\/producto\/specialized-zee-cage-ii-con-herramienta-derecha\/#breadcrumb"},"inLanguage":"en-US","potentialAction":[{"@type":"ReadAction","target":["https:\/\/gr-100.com\/producto\/specialized-zee-cage-ii-con-herramienta-derecha\/"]}]},{"@type":"ImageObject","inLanguage":"en-US","@id":"https:\/\/gr-100.com\/producto\/specialized-zee-cage-ii-con-herramienta-derecha\/#primaryimage","url":"https:\/\/gr-100.com\/wp-content\/uploads\/2025\/12\/Considera-la-Vado-como-tu-bicicleta-de-transporte-de-alto-rendimiento-que-te-lleva-a-donde-quieras-con-una-combinacion-inigualable-de-velocidad-fiabilidad-y-confianza.-Ya-sea-que-la-cargues-con-24.jpg","contentUrl":"https:\/\/gr-100.com\/wp-content\/uploads\/2025\/12\/Considera-la-Vado-como-tu-bicicleta-de-transporte-de-alto-rendimiento-que-te-lleva-a-donde-quieras-con-una-combinacion-inigualable-de-velocidad-fiabilidad-y-confianza.-Ya-sea-que-la-cargues-con-24.jpg","width":1000,"height":1000},{"@type":"BreadcrumbList","@id":"https:\/\/gr-100.com\/producto\/specialized-zee-cage-ii-con-herramienta-derecha\/#breadcrumb","itemListElement":[{"@type":"ListItem","position":1,"name":"Portada","item":"https:\/\/gr-100.com\/pt-pt\/"},{"@type":"ListItem","position":2,"name":"Productos","item":"https:\/\/gr-100.com\/?post_type=product"},{"@type":"ListItem","position":3,"name":"Specialized Zee Cage II con herramienta \u2013 Derecha"}]},{"@type":"WebSite","@id":"https:\/\/gr-100.com\/#website","url":"https:\/\/gr-100.com\/","name":"Gr-100 Tienda de ciclismo Specialized","description":"GR-100 tenemos todas las gamas de bicicletas Specialized al mejor precio.","publisher":{"@id":"https:\/\/gr-100.com\/#organization"},"alternateName":"Gr-100 Bikes","potentialAction":[{"@type":"SearchAction","target":{"@type":"EntryPoint","urlTemplate":"https:\/\/gr-100.com\/?s={search_term_string}"},"query-input":{"@type":"PropertyValueSpecification","valueRequired":true,"valueName":"search_term_string"}}],"inLanguage":"en-US"},{"@type":"Organization","@id":"https:\/\/gr-100.com\/#organization","name":"Gr-100","url":"https:\/\/gr-100.com\/","logo":{"@type":"ImageObject","inLanguage":"en-US","@id":"https:\/\/gr-100.com\/#\/schema\/logo\/image\/","url":"https:\/\/gr-100.com\/wp-content\/uploads\/2023\/08\/logo-gr-100-bikes.png","contentUrl":"https:\/\/gr-100.com\/wp-content\/uploads\/2023\/08\/logo-gr-100-bikes.png","width":707,"height":284,"caption":"Gr-100"},"image":{"@id":"https:\/\/gr-100.com\/#\/schema\/logo\/image\/"},"sameAs":["https:\/\/www.facebook.com\/Gr100Bikes","https:\/\/www.instagram.com\/gr100bikes\/","https:\/\/www.tiktok.com\/@gr100bikes","https:\/\/twitter.com\/gr100mtbteam","https:\/\/www.youtube.com\/c\/GR100Specialized"]}]}},"_links":{"self":[{"href":"https:\/\/gr-100.com\/en\/wp-json\/wp\/v2\/product\/422776","targetHints":{"allow":["GET"]}}],"collection":[{"href":"https:\/\/gr-100.com\/en\/wp-json\/wp\/v2\/product"}],"about":[{"href":"https:\/\/gr-100.com\/en\/wp-json\/wp\/v2\/types\/product"}],"replies":[{"embeddable":true,"href":"https:\/\/gr-100.com\/en\/wp-json\/wp\/v2\/comments?post=422776"}],"wp:featuredmedia":[{"embeddable":true,"href":"https:\/\/gr-100.com\/en\/wp-json\/wp\/v2\/media\/422777"}],"wp:attachment":[{"href":"https:\/\/gr-100.com\/en\/wp-json\/wp\/v2\/media?parent=422776"}],"wp:term":[{"taxonomy":"product_brand","embeddable":true,"href":"https:\/\/gr-100.com\/en\/wp-json\/wp\/v2\/product_brand?post=422776"},{"taxonomy":"product_cat","embeddable":true,"href":"https:\/\/gr-100.com\/en\/wp-json\/wp\/v2\/product_cat?post=422776"},{"taxonomy":"product_tag","embeddable":true,"href":"https:\/\/gr-100.com\/en\/wp-json\/wp\/v2\/product_tag?post=422776"}],"curies":[{"name":"wp","href":"https:\/\/api.w.org\/{rel}","templated":true}]}}