{"id":423310,"date":"2025-12-19T13:15:57","date_gmt":"2025-12-19T11:15:57","guid":{"rendered":"https:\/\/gr-100.com\/?post_type=product&#038;p=423310"},"modified":"2026-03-25T20:40:32","modified_gmt":"2026-03-25T19:40:32","slug":"specialized-roval-control-world-cup-2025-trasera","status":"publish","type":"product","link":"https:\/\/gr-100.com\/en\/producto\/specialized-roval-control-world-cup-2025-trasera\/","title":{"rendered":"Specialized Roval Control World Cup 2025 Trasera"},"content":{"rendered":"<ul>\n<li>Especificaciones t\u00e9cnicas<\/li>\n<li>Llantas<\/li>\n<li>Llanta trasera<br \/>\nControl World Cup Carbon 29&#8243; (WC042)<br \/>\nDimensiones de la llanta trasera<br \/>\nProfundidad: 26 mm, Ancho externo: 36,5 mm, Ancho interno: 28,5 mm, Ancho del gancho del tal\u00f3n: 4 mm<\/li>\n<li>Construcci\u00f3n de la llanta<br \/>\nCarbono para cubierta Mini Hooked<br \/>\nTama\u00f1o de la rueda \/ ETRTO<br \/>\n29&#8243;\/ 622 mm<\/li>\n<li>N\u00famero de orificios<br \/>\n20H<\/li>\n<li>Compatibilidad con tubeless<br \/>\nS\u00ed<\/li>\n<li>Compatibilidad con insertos<br \/>\nS\u00ed<\/li>\n<li>Compatibilidad con frenos<br \/>\nDisco (Centerlock)<\/li>\n<li>Longitud del v\u00e1stago de la v\u00e1lvula<br \/>\nV\u00e1lvula Roval Tubeless, aleaci\u00f3n, 34 mm<\/li>\n<li>Bujes<\/li>\n<li>Buje trasero<br \/>\nBuje Roval Low Flange Mountain, Center Lock, 12 x 148 mm (LFM24)<\/li>\n<li>Rodamiento del buje trasero<br \/>\nRodamientos cer\u00e1micos DT Sinc &#8211; DS: 1526 (15 x 26 x 7 mm), NDS: 6802 (15 x 24 x 5 mm)<\/li>\n<li>Cuerpo del buje libre trasero<br \/>\nDT Swiss Ratchet EXP (36 dientes): Sram XD<\/li>\n<li>Radios y cabecillas<\/li>\n<li>Radios traseros<br \/>\nAjustados a medida para Roval, Vonoa Carbon con extremos de titanio. Piezas: Tiro recto, 20 unidades<\/li>\n<li>Patr\u00f3n de encordado delantero<br \/>\nDos cruces\/Dos cruces (1:1)<\/li>\n<li>Patr\u00f3n de encordado trasero<br \/>\nDos cruces\/Dos cruces (1:1)<\/li>\n<li>Cabestrillos<br \/>\nCabestrillo interno de radio de carbono VONOA, aleaci\u00f3n, 8,1 mm<\/li>\n<li>Informaci\u00f3n de la llanta<br \/>\nAnchos de llanta aprobados<br \/>\n1,9-2,6<\/li>\n<li>Presi\u00f3n m\u00e1xima<br \/>\nSin c\u00e1mara 40 psi, Con c\u00e1mara 40 psi<\/li>\n<li>Tipo de llanta<br \/>\nSin c\u00e1mara, Tipo de c\u00e1mara: Cubierta<br \/>\nAncho de la cinta sin c\u00e1mara<br \/>\n30 mm<\/li>\n<li>Dise\u00f1o de la llanta<br \/>\nSpecialized Air Trak 29&#215;2,35 Flex Lite<\/li>\n<li>Peso<\/li>\n<li>Peso delantero<br \/>\n452 g (con v\u00e1lvulas y cinta)<\/li>\n<li>Peso trasero<br \/>\n546 g (con v\u00e1lvulas y cinta)<\/li>\n<li>Peso del juego de ruedas<br \/>\n998 g (con v\u00e1lvulas y cinta)<\/li>\n<li>General<\/li>\n<li>Extras<br \/>\nBolsa para rueda individual Roval, 4 radios y cabecillas adicionales Tapas de extremo de 31 mm de di\u00e1metro exterior, 2 juegos de pegatinas Roval (plata l\u00edquida, blanco metalizado)<\/li>\n<li>Aprobado para bicicletas el\u00e9ctricas<br \/>\nSin l\u00edmite de peso<br \/>\n125 kg \/ 275 lb<\/li>\n<li>M\u00e9todo de montaje<br \/>\nHecho a mano<\/li>\n<li>Garant\u00eda<br \/>\nGarant\u00eda limitada de por vida<\/li>\n<\/ul>\n","protected":false},"excerpt":{"rendered":"<p>Las ruedas Roval Control World Cup son las m\u00e1s r\u00e1pidas del mundo, y con solo 998 gramos, tambi\u00e9n las m\u00e1s ligeras. Cada detalle se ha dise\u00f1ado con la colaboraci\u00f3n de los mejores ciclistas para ofrecer un rendimiento incomparable al m\u00e1s alto nivel. M\u00e1s all\u00e1 de su dise\u00f1o ultraligero, destacan por su resistencia a los pinchazos, durabilidad y calidad de rodadura, todas comprobadas por nuestro Factory Team. Las Roval Control World Cup son el nuevo referente en las competiciones de XC.<\/p>\n","protected":false},"featured_media":405602,"comment_status":"open","ping_status":"closed","template":"","meta":{"_acf_changed":false,"_et_pb_use_builder":"","_et_pb_old_content":"","_et_gb_content_width":"","inline_featured_image":false},"product_brand":[],"product_cat":[25,55],"product_tag":[],"class_list":{"0":"post-423310","1":"product","2":"type-product","3":"status-publish","4":"has-post-thumbnail","6":"product_cat-componentes","7":"product_cat-ruedas","9":"first","10":"instock","11":"taxable","12":"shipping-taxable","13":"purchasable","14":"product-type-simple"},"acf":[],"yoast_head":"<!-- This site is optimized with the Yoast SEO Premium plugin v26.7 (Yoast SEO v26.7) - https:\/\/yoast.com\/wordpress\/plugins\/seo\/ -->\n<title>Specialized Roval Control World Cup 2025 Trasera GR-100<\/title>\n<meta name=\"description\" content=\"Con solo 998 gramos. Cada detalle se ha dise\u00f1ado con la colaboraci\u00f3n de los mejores ciclistas para ofrecer un rendimiento incomparable al m\u00e1s alto nivel.\" \/>\n<meta name=\"robots\" content=\"index, follow, max-snippet:-1, max-image-preview:large, max-video-preview:-1\" \/>\n<link rel=\"canonical\" href=\"https:\/\/gr-100.com\/producto\/specialized-roval-control-world-cup-2025-trasera\/\" \/>\n<meta property=\"og:locale\" content=\"en_US\" \/>\n<meta property=\"og:type\" content=\"article\" \/>\n<meta property=\"og:title\" content=\"Specialized Roval Control World Cup 2025 Trasera\" \/>\n<meta property=\"og:description\" content=\"Con solo 998 gramos. Cada detalle se ha dise\u00f1ado con la colaboraci\u00f3n de los mejores ciclistas para ofrecer un rendimiento incomparable al m\u00e1s alto nivel.\" \/>\n<meta property=\"og:url\" content=\"https:\/\/gr-100.com\/producto\/specialized-roval-control-world-cup-2025-trasera\/\" \/>\n<meta property=\"og:site_name\" content=\"Gr-100 Tienda de ciclismo Specialized\" \/>\n<meta property=\"article:publisher\" content=\"https:\/\/www.facebook.com\/Gr100Bikes\" \/>\n<meta property=\"article:modified_time\" content=\"2026-03-25T19:40:32+00:00\" \/>\n<meta property=\"og:image\" content=\"https:\/\/gr-100.com\/wp-content\/uploads\/2025\/04\/Diseno-sin-titulo-2025-04-03T121314.823.jpg\" \/>\n\t<meta property=\"og:image:width\" content=\"1000\" \/>\n\t<meta property=\"og:image:height\" content=\"1000\" \/>\n\t<meta property=\"og:image:type\" content=\"image\/jpeg\" \/>\n<meta name=\"twitter:card\" content=\"summary_large_image\" \/>\n<meta name=\"twitter:label1\" content=\"Est. reading time\" \/>\n\t<meta name=\"twitter:data1\" content=\"2 minutes\" \/>\n<script type=\"application\/ld+json\" class=\"yoast-schema-graph\">{\"@context\":\"https:\/\/schema.org\",\"@graph\":[{\"@type\":\"WebPage\",\"@id\":\"https:\/\/gr-100.com\/producto\/specialized-roval-control-world-cup-2025-trasera\/\",\"url\":\"https:\/\/gr-100.com\/producto\/specialized-roval-control-world-cup-2025-trasera\/\",\"name\":\"Specialized Roval Control World Cup 2025 Trasera GR-100\",\"isPartOf\":{\"@id\":\"https:\/\/gr-100.com\/#website\"},\"primaryImageOfPage\":{\"@id\":\"https:\/\/gr-100.com\/producto\/specialized-roval-control-world-cup-2025-trasera\/#primaryimage\"},\"image\":{\"@id\":\"https:\/\/gr-100.com\/producto\/specialized-roval-control-world-cup-2025-trasera\/#primaryimage\"},\"thumbnailUrl\":\"https:\/\/gr-100.com\/wp-content\/uploads\/2025\/04\/Diseno-sin-titulo-2025-04-03T121314.823.jpg\",\"datePublished\":\"2025-12-19T11:15:57+00:00\",\"dateModified\":\"2026-03-25T19:40:32+00:00\",\"description\":\"Con solo 998 gramos. Cada detalle se ha dise\u00f1ado con la colaboraci\u00f3n de los mejores ciclistas para ofrecer un rendimiento incomparable al m\u00e1s alto nivel.\",\"breadcrumb\":{\"@id\":\"https:\/\/gr-100.com\/producto\/specialized-roval-control-world-cup-2025-trasera\/#breadcrumb\"},\"inLanguage\":\"en-US\",\"potentialAction\":[{\"@type\":\"ReadAction\",\"target\":[\"https:\/\/gr-100.com\/producto\/specialized-roval-control-world-cup-2025-trasera\/\"]}]},{\"@type\":\"ImageObject\",\"inLanguage\":\"en-US\",\"@id\":\"https:\/\/gr-100.com\/producto\/specialized-roval-control-world-cup-2025-trasera\/#primaryimage\",\"url\":\"https:\/\/gr-100.com\/wp-content\/uploads\/2025\/04\/Diseno-sin-titulo-2025-04-03T121314.823.jpg\",\"contentUrl\":\"https:\/\/gr-100.com\/wp-content\/uploads\/2025\/04\/Diseno-sin-titulo-2025-04-03T121314.823.jpg\",\"width\":1000,\"height\":1000},{\"@type\":\"BreadcrumbList\",\"@id\":\"https:\/\/gr-100.com\/producto\/specialized-roval-control-world-cup-2025-trasera\/#breadcrumb\",\"itemListElement\":[{\"@type\":\"ListItem\",\"position\":1,\"name\":\"Portada\",\"item\":\"https:\/\/gr-100.com\/pt-pt\/\"},{\"@type\":\"ListItem\",\"position\":2,\"name\":\"Productos\",\"item\":\"https:\/\/gr-100.com\/?post_type=product\"},{\"@type\":\"ListItem\",\"position\":3,\"name\":\"Specialized Roval Control World Cup 2025 Trasera\"}]},{\"@type\":\"WebSite\",\"@id\":\"https:\/\/gr-100.com\/#website\",\"url\":\"https:\/\/gr-100.com\/\",\"name\":\"Gr-100 Tienda de ciclismo Specialized\",\"description\":\"GR-100 tenemos todas las gamas de bicicletas Specialized al mejor precio.\",\"publisher\":{\"@id\":\"https:\/\/gr-100.com\/#organization\"},\"alternateName\":\"Gr-100 Bikes\",\"potentialAction\":[{\"@type\":\"SearchAction\",\"target\":{\"@type\":\"EntryPoint\",\"urlTemplate\":\"https:\/\/gr-100.com\/?s={search_term_string}\"},\"query-input\":{\"@type\":\"PropertyValueSpecification\",\"valueRequired\":true,\"valueName\":\"search_term_string\"}}],\"inLanguage\":\"en-US\"},{\"@type\":\"Organization\",\"@id\":\"https:\/\/gr-100.com\/#organization\",\"name\":\"Gr-100\",\"url\":\"https:\/\/gr-100.com\/\",\"logo\":{\"@type\":\"ImageObject\",\"inLanguage\":\"en-US\",\"@id\":\"https:\/\/gr-100.com\/#\/schema\/logo\/image\/\",\"url\":\"https:\/\/gr-100.com\/wp-content\/uploads\/2023\/08\/logo-gr-100-bikes.png\",\"contentUrl\":\"https:\/\/gr-100.com\/wp-content\/uploads\/2023\/08\/logo-gr-100-bikes.png\",\"width\":707,\"height\":284,\"caption\":\"Gr-100\"},\"image\":{\"@id\":\"https:\/\/gr-100.com\/#\/schema\/logo\/image\/\"},\"sameAs\":[\"https:\/\/www.facebook.com\/Gr100Bikes\",\"https:\/\/www.instagram.com\/gr100bikes\/\",\"https:\/\/www.tiktok.com\/@gr100bikes\",\"https:\/\/twitter.com\/gr100mtbteam\",\"https:\/\/www.youtube.com\/c\/GR100Specialized\"]}]}<\/script>\n<!-- \/ Yoast SEO Premium plugin. -->","yoast_head_json":{"title":"Specialized Roval Control World Cup 2025 Trasera GR-100","description":"Con solo 998 gramos. Cada detalle se ha dise\u00f1ado con la colaboraci\u00f3n de los mejores ciclistas para ofrecer un rendimiento incomparable al m\u00e1s alto nivel.","robots":{"index":"index","follow":"follow","max-snippet":"max-snippet:-1","max-image-preview":"max-image-preview:large","max-video-preview":"max-video-preview:-1"},"canonical":"https:\/\/gr-100.com\/producto\/specialized-roval-control-world-cup-2025-trasera\/","og_locale":"en_US","og_type":"article","og_title":"Specialized Roval Control World Cup 2025 Trasera","og_description":"Con solo 998 gramos. Cada detalle se ha dise\u00f1ado con la colaboraci\u00f3n de los mejores ciclistas para ofrecer un rendimiento incomparable al m\u00e1s alto nivel.","og_url":"https:\/\/gr-100.com\/producto\/specialized-roval-control-world-cup-2025-trasera\/","og_site_name":"Gr-100 Tienda de ciclismo Specialized","article_publisher":"https:\/\/www.facebook.com\/Gr100Bikes","article_modified_time":"2026-03-25T19:40:32+00:00","og_image":[{"width":1000,"height":1000,"url":"https:\/\/gr-100.com\/wp-content\/uploads\/2025\/04\/Diseno-sin-titulo-2025-04-03T121314.823.jpg","type":"image\/jpeg"}],"twitter_card":"summary_large_image","twitter_misc":{"Est. reading time":"2 minutes"},"schema":{"@context":"https:\/\/schema.org","@graph":[{"@type":"WebPage","@id":"https:\/\/gr-100.com\/producto\/specialized-roval-control-world-cup-2025-trasera\/","url":"https:\/\/gr-100.com\/producto\/specialized-roval-control-world-cup-2025-trasera\/","name":"Specialized Roval Control World Cup 2025 Trasera GR-100","isPartOf":{"@id":"https:\/\/gr-100.com\/#website"},"primaryImageOfPage":{"@id":"https:\/\/gr-100.com\/producto\/specialized-roval-control-world-cup-2025-trasera\/#primaryimage"},"image":{"@id":"https:\/\/gr-100.com\/producto\/specialized-roval-control-world-cup-2025-trasera\/#primaryimage"},"thumbnailUrl":"https:\/\/gr-100.com\/wp-content\/uploads\/2025\/04\/Diseno-sin-titulo-2025-04-03T121314.823.jpg","datePublished":"2025-12-19T11:15:57+00:00","dateModified":"2026-03-25T19:40:32+00:00","description":"Con solo 998 gramos. Cada detalle se ha dise\u00f1ado con la colaboraci\u00f3n de los mejores ciclistas para ofrecer un rendimiento incomparable al m\u00e1s alto nivel.","breadcrumb":{"@id":"https:\/\/gr-100.com\/producto\/specialized-roval-control-world-cup-2025-trasera\/#breadcrumb"},"inLanguage":"en-US","potentialAction":[{"@type":"ReadAction","target":["https:\/\/gr-100.com\/producto\/specialized-roval-control-world-cup-2025-trasera\/"]}]},{"@type":"ImageObject","inLanguage":"en-US","@id":"https:\/\/gr-100.com\/producto\/specialized-roval-control-world-cup-2025-trasera\/#primaryimage","url":"https:\/\/gr-100.com\/wp-content\/uploads\/2025\/04\/Diseno-sin-titulo-2025-04-03T121314.823.jpg","contentUrl":"https:\/\/gr-100.com\/wp-content\/uploads\/2025\/04\/Diseno-sin-titulo-2025-04-03T121314.823.jpg","width":1000,"height":1000},{"@type":"BreadcrumbList","@id":"https:\/\/gr-100.com\/producto\/specialized-roval-control-world-cup-2025-trasera\/#breadcrumb","itemListElement":[{"@type":"ListItem","position":1,"name":"Portada","item":"https:\/\/gr-100.com\/pt-pt\/"},{"@type":"ListItem","position":2,"name":"Productos","item":"https:\/\/gr-100.com\/?post_type=product"},{"@type":"ListItem","position":3,"name":"Specialized Roval Control World Cup 2025 Trasera"}]},{"@type":"WebSite","@id":"https:\/\/gr-100.com\/#website","url":"https:\/\/gr-100.com\/","name":"Gr-100 Tienda de ciclismo Specialized","description":"GR-100 tenemos todas las gamas de bicicletas Specialized al mejor precio.","publisher":{"@id":"https:\/\/gr-100.com\/#organization"},"alternateName":"Gr-100 Bikes","potentialAction":[{"@type":"SearchAction","target":{"@type":"EntryPoint","urlTemplate":"https:\/\/gr-100.com\/?s={search_term_string}"},"query-input":{"@type":"PropertyValueSpecification","valueRequired":true,"valueName":"search_term_string"}}],"inLanguage":"en-US"},{"@type":"Organization","@id":"https:\/\/gr-100.com\/#organization","name":"Gr-100","url":"https:\/\/gr-100.com\/","logo":{"@type":"ImageObject","inLanguage":"en-US","@id":"https:\/\/gr-100.com\/#\/schema\/logo\/image\/","url":"https:\/\/gr-100.com\/wp-content\/uploads\/2023\/08\/logo-gr-100-bikes.png","contentUrl":"https:\/\/gr-100.com\/wp-content\/uploads\/2023\/08\/logo-gr-100-bikes.png","width":707,"height":284,"caption":"Gr-100"},"image":{"@id":"https:\/\/gr-100.com\/#\/schema\/logo\/image\/"},"sameAs":["https:\/\/www.facebook.com\/Gr100Bikes","https:\/\/www.instagram.com\/gr100bikes\/","https:\/\/www.tiktok.com\/@gr100bikes","https:\/\/twitter.com\/gr100mtbteam","https:\/\/www.youtube.com\/c\/GR100Specialized"]}]}},"_links":{"self":[{"href":"https:\/\/gr-100.com\/en\/wp-json\/wp\/v2\/product\/423310","targetHints":{"allow":["GET"]}}],"collection":[{"href":"https:\/\/gr-100.com\/en\/wp-json\/wp\/v2\/product"}],"about":[{"href":"https:\/\/gr-100.com\/en\/wp-json\/wp\/v2\/types\/product"}],"replies":[{"embeddable":true,"href":"https:\/\/gr-100.com\/en\/wp-json\/wp\/v2\/comments?post=423310"}],"wp:featuredmedia":[{"embeddable":true,"href":"https:\/\/gr-100.com\/en\/wp-json\/wp\/v2\/media\/405602"}],"wp:attachment":[{"href":"https:\/\/gr-100.com\/en\/wp-json\/wp\/v2\/media?parent=423310"}],"wp:term":[{"taxonomy":"product_brand","embeddable":true,"href":"https:\/\/gr-100.com\/en\/wp-json\/wp\/v2\/product_brand?post=423310"},{"taxonomy":"product_cat","embeddable":true,"href":"https:\/\/gr-100.com\/en\/wp-json\/wp\/v2\/product_cat?post=423310"},{"taxonomy":"product_tag","embeddable":true,"href":"https:\/\/gr-100.com\/en\/wp-json\/wp\/v2\/product_tag?post=423310"}],"curies":[{"name":"wp","href":"https:\/\/api.w.org\/{rel}","templated":true}]}}