{"id":423337,"date":"2024-09-06T15:35:52","date_gmt":"2024-09-06T14:35:52","guid":{"rendered":"https:\/\/gr-100.com\/producto\/specialized-s-works-tarmac-sl8-montaje-gr-100-shimano-dura-ace-di2-2025\/"},"modified":"2024-09-06T15:35:52","modified_gmt":"2024-09-06T13:35:52","slug":"specialized-s-works-tarmac-sl8-montaje-gr-100-shimano-dura-ace-di2-2025","status":"publish","type":"product","link":"https:\/\/gr-100.com\/en\/producto\/specialized-s-works-tarmac-sl8-montaje-gr-100-shimano-dura-ace-di2-2025\/","title":{"rendered":"Specialized S-Works Tarmac SL8 Montaje GR-100 &#8211; Shimano Dura-Ace Di2 2025"},"content":{"rendered":"<p><strong>100 % AERO:<\/strong> hemos colocado elementos aerodin\u00e1micos donde de verdad se necesitan, no solo donde quedan bien. Y, as\u00ed, hemos conseguido nuestra bici de carretera m\u00e1s aerodin\u00e1mica. S\u00ed, m\u00e1s que la Venge. Con el Speed Sniffer, el nuevo cono de la Tarmac, se optimiza el aire limpio para obtener la m\u00e1xima ventaja. Al desplazar la pipa de direcci\u00f3n hacia atr\u00e1s (la cual determina el \u00e1ngulo del tubo de direcci\u00f3n), el borde de ataque del tubo de direcci\u00f3n queda mucho m\u00e1s afilado y la forma que se crea tiene una resistencia aerodin\u00e1mica mucho menor. Aprovechando las nuevas reglas de la UCI, la Tarmac SL8 tiene la tija de sill\u00edn m\u00e1s estrecha y aerodin\u00e1mica que hemos fabricado hasta la fecha. De esta forma, el aire sucio alrededor de las piernas fluye de manera m\u00e1s limpia hacia atr\u00e1s. Las victorias tienen un sabor dulce, \u00bfverdad?<br \/>\n<strong>M\u00cdNIMO PESO, M\u00c1XIMA AERODIN\u00c1MICA:<\/strong> gracias a las lecciones aprendidas con la Aethos, la Tarmac SL8 se ha dise\u00f1ado para cumplir con los requisitos m\u00ednimos de la UCI y ofrecer un a construcci\u00f3n 100 % aero. El equipo ha creado un incre\u00edble cuadro de 685 gramos, un 15 % m\u00e1s ligero que el de la Tarmac SL7 y m\u00e1s ligero que cualquier otro cuadro del World Tour*. Tambi\u00e9n hemos aplicado lo que aprendimos con la Aethos para priorizar la ligereza del tubo inferior, el tubo del sill\u00edn y la parte trasera de la bicicleta. La forma del cuadro soporta la carga de forma tan eficiente que no es necesario a\u00f1adir capas extra de carbono. *A menos que cuentes la vez que Kasper Asgreen llev\u00f3 nuestro cuadro Aethos de 585 gramos en una etapa del Tour de Francia.   <\/p>\n<p><strong>VA COMO UN COHETE, SE CONDUCE DE LUJO:<\/strong> con una relaci\u00f3n rigidez-peso optimizada (un 33 % mejor que la SL7), la Tarmac SL8 ofrece una conduccion legendaria, una respuesta agresiva y una geometr\u00eda probada en campeonatos del mundo que son de otro nivel. La bicicleta es m\u00e1s r\u00edgida en los pedales, m\u00e1s precisa en el manillar y m\u00e1s c\u00f3moda en el sill\u00edn, tanto que establece un nuevo est\u00e1ndar de confort en las bicicletas de carreras. Gracias a nuestro Rider-First Engineering, todos los ciclistas, sin importar su tama\u00f1o, pueden disfrutar de una calidad de conducci\u00f3n y control que no se hab\u00eda visto hasta ahora. En el sill\u00edn, la Tarmac SL8 ofrece un 6 % m\u00e1s de comodidad: flota sobre terrenos irregulares y ofrece una suavidad que no es muy com\u00fan en el exigente mundo de las bicicletas de carreras. La geometr\u00eda de la Tarmac y el espacio libre para los neum\u00e1ticos de 32 mm son id\u00e9nticos a los de la SL7, lo que asegura una f\u00e1cil adaptaci\u00f3n y la posibilidad de usar neum\u00e1ticos m\u00e1s grandes cuando sea necesario.    <\/p>\n<p><strong>M\u00c1S ALL\u00c1 DEL G\u00c9NERO:<\/strong> podemos encontrar m\u00e1s diferencias entre dos ciclistas de g\u00e9nero masculino que entre un hombre y una mujer. El g\u00e9nero por s\u00ed solo no aporta datos suficientes como para que sea el \u00fanico factor a la hora de dise\u00f1ar una bici. Por eso, crear bicicletas solo para hombres o mujeres es cosa del pasado. Todos los ciclistas pueden disfrutar de las ventajas de la Tarmac SL8. Es hora de ir M\u00e1s All\u00e1 del G\u00e9nero.<br \/>\nLa S-Works Tarmac SL8 monta los mejores componentes. Viene con un grupo completo Shimano Dura-Ace 9200 Di2 con potenci\u00f3metro de doble cara y un juego de ruedas Roval Rapide CL III (tubeless-ready), compatibles con tubeless, que complementan a la perfecci\u00f3n el cuadro m\u00e1s r\u00e1pido del mundo. Todos los modelos S-Works Tarmac SL8 llevan, adem\u00e1s, un cockpit Roval Rapide, dise\u00f1ado para reducir el peso y ofrecer el borde de ataque m\u00e1s aerodin\u00e1mico posible.      <\/p>\n<p>&nbsp;<\/p>\n<p>SPECS<\/p>\n<ul>\n<li>CUADRO<br \/>\nS-Works Tarmac SL8 FACT 12r Carbon, Rider First Engineered\u2122, Win Tunnel Engineered, Clean Routing, Threaded BB, 12x142mm thru-axle, flat-mount disc<br \/>\nSuspension<\/li>\n<li>HORQUILLA<br \/>\nS-Works FACT 12r Carbon, 12x100mm thru-axle, flat-mount disc<br \/>\nBrakes<\/li>\n<li>FRONT BRAKE<br \/>\nShimano Dura-Ace R9270, hydraulic disc<\/li>\n<li>FRENO TRASERO<br \/>\nShimano Dura-Ace R9270, hydraulic disc<br \/>\nDrivetrain<\/li>\n<li>WHEELS<br \/>\n52\/36T<\/li>\n<li>Shimano Dura-Ace R9270 SHIFT<br \/>\n SHIFTERS, HYDRAULIC DISC<\/li>\n<li>PEDALIER<br \/>\nShimano Dura-Ace R9200, HollowTech II, 12-speed powermeter<\/li>\n<li>Shimano Dura-Ace R9250, 12-speed REAR DERAILLEUR\n<\/li>\n<li>DESVIADOR<br \/>\nShimano Dura-Ace R9250, braze-on<\/li>\n<li>Shimano Dura-Ace Cassette<br \/>\n, 12-speed, 11-34t<\/li>\n<li>Shimano Dura-Ace BOTTOM BRACKET<br \/>\n, BB-R9200<\/li>\n<li>CADENA<br \/>\nShimano Dura-Ace, 12-speed<br \/>\nWheels &amp; tires<\/li>\n<li>CAMERAS<br \/>\nTurbo Ultralight, 60mm Front, 80mm Rear, Presta valve<\/li>\n<li>RUEDA DELANTERA<br \/>\nRoval Rapide CL III<\/li>\n<li>RUEDA TRASERA<br \/>\nRoval Rapide CL III<\/li>\n<li>NEUM\u00c1TICO DEL.<br \/>\nS-Works Turbo, 700&#215;28 mm<br \/>\nNEUM\u00c1TICO TRASERO<br \/>\nS-Works Turbo, 700&#215;28 mm<br \/>\nCockpit<\/li>\n<li>SILL\u00cdN<br \/>\nBody Geometry Power with Mirror<\/li>\n<li>MANILLAR<br \/>\nCOCKPIT ROVAL Rapide medida a elegir<\/li>\n<li>POTENCIA<br \/>\nSpecialized<\/li>\n<li>S-Works TARMAC SL8 Carbon<br \/>\n seat post, FACT Carbon, 15mm offset<\/li>\n<li>CINTA<br \/>\nPro<\/li>\n<li>HUG. Tarmac integrated wedge SADDLE\n <\/li>\n<\/ul>\n","protected":false},"excerpt":{"rendered":"<p>La combinaci\u00f3n que hemos conseguido entre aerodin\u00e1mica, ligereza y una calidad de conducci\u00f3n que hasta hace poco parec\u00eda imposible.<\/p>\n","protected":false},"featured_media":448058,"comment_status":"open","ping_status":"closed","template":"","meta":{"_acf_changed":false,"_et_pb_use_builder":"","_et_pb_old_content":"","_et_gb_content_width":"","inline_featured_image":false},"product_brand":[],"product_cat":[4347,334,5320,5319,5317,5318,4350,2689],"product_tag":[],"class_list":{"0":"post-423337","1":"product","2":"type-product","3":"status-publish","4":"has-post-thumbnail","6":"product_cat-black-friday-2-en","7":"product_cat-road","8":"product_cat-bicicletas-carretera-aero-en","9":"product_cat-bicicletas-carretera-carbono-en","10":"product_cat-bicicletas-carretera-s-works-en","11":"product_cat-bicicletas-carretera-specialized-en","12":"product_cat-a-la-carte-assemblies","13":"product_cat-specialized-offers","14":"product_shipping_class-bicicletas-en","16":"first","17":"instock","18":"sale","19":"taxable","20":"shipping-taxable","21":"purchasable","22":"product-type-variable","23":"wvs-archive-product-wrapper"},"acf":[],"yoast_head":"<!-- This site is optimized with the Yoast SEO Premium plugin v26.7 (Yoast SEO v26.7) - https:\/\/yoast.com\/wordpress\/plugins\/seo\/ -->\n<title>Specialized S-Works Tarmac SL8 Montaje GR-100 - Shimano Dura-Ace Di2 2025<\/title>\n<meta name=\"description\" content=\"La combinaci\u00f3n que hemos conseguido entre aerodin\u00e1mica, ligereza y una calidad de conducci\u00f3n que hasta hace poco parec\u00eda imposible.\" \/>\n<meta name=\"robots\" content=\"index, follow, max-snippet:-1, max-image-preview:large, max-video-preview:-1\" \/>\n<link rel=\"canonical\" href=\"https:\/\/gr-100.com\/en\/producto\/specialized-s-works-tarmac-sl8-montaje-gr-100-shimano-dura-ace-di2-2025\/\" \/>\n<meta property=\"og:locale\" content=\"en_US\" \/>\n<meta property=\"og:type\" content=\"article\" \/>\n<meta property=\"og:title\" content=\"Specialized S-Works Tarmac SL8 Montaje GR-100 - Shimano Dura-Ace Di2 2025\" \/>\n<meta property=\"og:description\" content=\"La combinaci\u00f3n que hemos conseguido entre aerodin\u00e1mica, ligereza y una calidad de conducci\u00f3n que hasta hace poco parec\u00eda imposible.\" \/>\n<meta property=\"og:url\" content=\"https:\/\/gr-100.com\/en\/producto\/specialized-s-works-tarmac-sl8-montaje-gr-100-shimano-dura-ace-di2-2025\/\" \/>\n<meta property=\"og:site_name\" content=\"Gr-100 Tienda de ciclismo Specialized\" \/>\n<meta property=\"article:publisher\" content=\"https:\/\/www.facebook.com\/Gr100Bikes\" \/>\n<meta property=\"og:image\" content=\"https:\/\/gr-100.com\/wp-content\/uploads\/2024\/09\/IMG_1207-scaled.jpeg\" \/>\n\t<meta property=\"og:image:width\" content=\"2560\" \/>\n\t<meta property=\"og:image:height\" content=\"2560\" \/>\n\t<meta property=\"og:image:type\" content=\"image\/jpeg\" \/>\n<meta name=\"twitter:card\" content=\"summary_large_image\" \/>\n<meta name=\"twitter:label1\" content=\"Est. reading time\" \/>\n\t<meta name=\"twitter:data1\" content=\"4 minutes\" \/>\n<script type=\"application\/ld+json\" class=\"yoast-schema-graph\">{\"@context\":\"https:\/\/schema.org\",\"@graph\":[{\"@type\":\"WebPage\",\"@id\":\"https:\/\/gr-100.com\/en\/producto\/specialized-s-works-tarmac-sl8-montaje-gr-100-shimano-dura-ace-di2-2025\/\",\"url\":\"https:\/\/gr-100.com\/en\/producto\/specialized-s-works-tarmac-sl8-montaje-gr-100-shimano-dura-ace-di2-2025\/\",\"name\":\"Specialized S-Works Tarmac SL8 Montaje GR-100 - Shimano Dura-Ace Di2 2025\",\"isPartOf\":{\"@id\":\"https:\/\/gr-100.com\/#website\"},\"primaryImageOfPage\":{\"@id\":\"https:\/\/gr-100.com\/en\/producto\/specialized-s-works-tarmac-sl8-montaje-gr-100-shimano-dura-ace-di2-2025\/#primaryimage\"},\"image\":{\"@id\":\"https:\/\/gr-100.com\/en\/producto\/specialized-s-works-tarmac-sl8-montaje-gr-100-shimano-dura-ace-di2-2025\/#primaryimage\"},\"thumbnailUrl\":\"https:\/\/gr-100.com\/wp-content\/uploads\/2024\/09\/montaje_tarmac_sl8_.jpg\",\"datePublished\":\"2024-09-06T14:35:52+00:00\",\"description\":\"La combinaci\u00f3n que hemos conseguido entre aerodin\u00e1mica, ligereza y una calidad de conducci\u00f3n que hasta hace poco parec\u00eda imposible.\",\"breadcrumb\":{\"@id\":\"https:\/\/gr-100.com\/en\/producto\/specialized-s-works-tarmac-sl8-montaje-gr-100-shimano-dura-ace-di2-2025\/#breadcrumb\"},\"inLanguage\":\"en-US\",\"potentialAction\":[{\"@type\":\"ReadAction\",\"target\":[\"https:\/\/gr-100.com\/en\/producto\/specialized-s-works-tarmac-sl8-montaje-gr-100-shimano-dura-ace-di2-2025\/\"]}]},{\"@type\":\"ImageObject\",\"inLanguage\":\"en-US\",\"@id\":\"https:\/\/gr-100.com\/en\/producto\/specialized-s-works-tarmac-sl8-montaje-gr-100-shimano-dura-ace-di2-2025\/#primaryimage\",\"url\":\"https:\/\/gr-100.com\/wp-content\/uploads\/2024\/09\/montaje_tarmac_sl8_.jpg\",\"contentUrl\":\"https:\/\/gr-100.com\/wp-content\/uploads\/2024\/09\/montaje_tarmac_sl8_.jpg\",\"width\":2048,\"height\":2048},{\"@type\":\"BreadcrumbList\",\"@id\":\"https:\/\/gr-100.com\/en\/producto\/specialized-s-works-tarmac-sl8-montaje-gr-100-shimano-dura-ace-di2-2025\/#breadcrumb\",\"itemListElement\":[{\"@type\":\"ListItem\",\"position\":1,\"name\":\"Portada\",\"item\":\"https:\/\/gr-100.com\/pt-pt\/\"},{\"@type\":\"ListItem\",\"position\":2,\"name\":\"Productos\",\"item\":\"https:\/\/gr-100.com\/?post_type=product\"},{\"@type\":\"ListItem\",\"position\":3,\"name\":\"Specialized S-Works Tarmac SL8 Montaje GR-100 &#8211; Shimano Dura-Ace Di2 2025\"}]},{\"@type\":\"WebSite\",\"@id\":\"https:\/\/gr-100.com\/#website\",\"url\":\"https:\/\/gr-100.com\/\",\"name\":\"Gr-100 Tienda de ciclismo Specialized\",\"description\":\"GR-100 tenemos todas las gamas de bicicletas Specialized al mejor precio.\",\"publisher\":{\"@id\":\"https:\/\/gr-100.com\/#organization\"},\"alternateName\":\"Gr-100 Bikes\",\"potentialAction\":[{\"@type\":\"SearchAction\",\"target\":{\"@type\":\"EntryPoint\",\"urlTemplate\":\"https:\/\/gr-100.com\/?s={search_term_string}\"},\"query-input\":{\"@type\":\"PropertyValueSpecification\",\"valueRequired\":true,\"valueName\":\"search_term_string\"}}],\"inLanguage\":\"en-US\"},{\"@type\":\"Organization\",\"@id\":\"https:\/\/gr-100.com\/#organization\",\"name\":\"Gr-100\",\"url\":\"https:\/\/gr-100.com\/\",\"logo\":{\"@type\":\"ImageObject\",\"inLanguage\":\"en-US\",\"@id\":\"https:\/\/gr-100.com\/#\/schema\/logo\/image\/\",\"url\":\"https:\/\/gr-100.com\/wp-content\/uploads\/2023\/08\/logo-gr-100-bikes.png\",\"contentUrl\":\"https:\/\/gr-100.com\/wp-content\/uploads\/2023\/08\/logo-gr-100-bikes.png\",\"width\":707,\"height\":284,\"caption\":\"Gr-100\"},\"image\":{\"@id\":\"https:\/\/gr-100.com\/#\/schema\/logo\/image\/\"},\"sameAs\":[\"https:\/\/www.facebook.com\/Gr100Bikes\",\"https:\/\/www.instagram.com\/gr100bikes\/\",\"https:\/\/www.tiktok.com\/@gr100bikes\",\"https:\/\/twitter.com\/gr100mtbteam\",\"https:\/\/www.youtube.com\/c\/GR100Specialized\"]}]}<\/script>\n<!-- \/ Yoast SEO Premium plugin. -->","yoast_head_json":{"title":"Specialized S-Works Tarmac SL8 Montaje GR-100 - Shimano Dura-Ace Di2 2025","description":"La combinaci\u00f3n que hemos conseguido entre aerodin\u00e1mica, ligereza y una calidad de conducci\u00f3n que hasta hace poco parec\u00eda imposible.","robots":{"index":"index","follow":"follow","max-snippet":"max-snippet:-1","max-image-preview":"max-image-preview:large","max-video-preview":"max-video-preview:-1"},"canonical":"https:\/\/gr-100.com\/en\/producto\/specialized-s-works-tarmac-sl8-montaje-gr-100-shimano-dura-ace-di2-2025\/","og_locale":"en_US","og_type":"article","og_title":"Specialized S-Works Tarmac SL8 Montaje GR-100 - Shimano Dura-Ace Di2 2025","og_description":"La combinaci\u00f3n que hemos conseguido entre aerodin\u00e1mica, ligereza y una calidad de conducci\u00f3n que hasta hace poco parec\u00eda imposible.","og_url":"https:\/\/gr-100.com\/en\/producto\/specialized-s-works-tarmac-sl8-montaje-gr-100-shimano-dura-ace-di2-2025\/","og_site_name":"Gr-100 Tienda de ciclismo Specialized","article_publisher":"https:\/\/www.facebook.com\/Gr100Bikes","og_image":[{"width":2560,"height":2560,"url":"https:\/\/gr-100.com\/wp-content\/uploads\/2024\/09\/IMG_1207-scaled.jpeg","type":"image\/jpeg"}],"twitter_card":"summary_large_image","twitter_misc":{"Est. reading time":"4 minutes"},"schema":{"@context":"https:\/\/schema.org","@graph":[{"@type":"WebPage","@id":"https:\/\/gr-100.com\/en\/producto\/specialized-s-works-tarmac-sl8-montaje-gr-100-shimano-dura-ace-di2-2025\/","url":"https:\/\/gr-100.com\/en\/producto\/specialized-s-works-tarmac-sl8-montaje-gr-100-shimano-dura-ace-di2-2025\/","name":"Specialized S-Works Tarmac SL8 Montaje GR-100 - Shimano Dura-Ace Di2 2025","isPartOf":{"@id":"https:\/\/gr-100.com\/#website"},"primaryImageOfPage":{"@id":"https:\/\/gr-100.com\/en\/producto\/specialized-s-works-tarmac-sl8-montaje-gr-100-shimano-dura-ace-di2-2025\/#primaryimage"},"image":{"@id":"https:\/\/gr-100.com\/en\/producto\/specialized-s-works-tarmac-sl8-montaje-gr-100-shimano-dura-ace-di2-2025\/#primaryimage"},"thumbnailUrl":"https:\/\/gr-100.com\/wp-content\/uploads\/2024\/09\/montaje_tarmac_sl8_.jpg","datePublished":"2024-09-06T14:35:52+00:00","description":"La combinaci\u00f3n que hemos conseguido entre aerodin\u00e1mica, ligereza y una calidad de conducci\u00f3n que hasta hace poco parec\u00eda imposible.","breadcrumb":{"@id":"https:\/\/gr-100.com\/en\/producto\/specialized-s-works-tarmac-sl8-montaje-gr-100-shimano-dura-ace-di2-2025\/#breadcrumb"},"inLanguage":"en-US","potentialAction":[{"@type":"ReadAction","target":["https:\/\/gr-100.com\/en\/producto\/specialized-s-works-tarmac-sl8-montaje-gr-100-shimano-dura-ace-di2-2025\/"]}]},{"@type":"ImageObject","inLanguage":"en-US","@id":"https:\/\/gr-100.com\/en\/producto\/specialized-s-works-tarmac-sl8-montaje-gr-100-shimano-dura-ace-di2-2025\/#primaryimage","url":"https:\/\/gr-100.com\/wp-content\/uploads\/2024\/09\/montaje_tarmac_sl8_.jpg","contentUrl":"https:\/\/gr-100.com\/wp-content\/uploads\/2024\/09\/montaje_tarmac_sl8_.jpg","width":2048,"height":2048},{"@type":"BreadcrumbList","@id":"https:\/\/gr-100.com\/en\/producto\/specialized-s-works-tarmac-sl8-montaje-gr-100-shimano-dura-ace-di2-2025\/#breadcrumb","itemListElement":[{"@type":"ListItem","position":1,"name":"Portada","item":"https:\/\/gr-100.com\/pt-pt\/"},{"@type":"ListItem","position":2,"name":"Productos","item":"https:\/\/gr-100.com\/?post_type=product"},{"@type":"ListItem","position":3,"name":"Specialized S-Works Tarmac SL8 Montaje GR-100 &#8211; Shimano Dura-Ace Di2 2025"}]},{"@type":"WebSite","@id":"https:\/\/gr-100.com\/#website","url":"https:\/\/gr-100.com\/","name":"Gr-100 Tienda de ciclismo Specialized","description":"GR-100 tenemos todas las gamas de bicicletas Specialized al mejor precio.","publisher":{"@id":"https:\/\/gr-100.com\/#organization"},"alternateName":"Gr-100 Bikes","potentialAction":[{"@type":"SearchAction","target":{"@type":"EntryPoint","urlTemplate":"https:\/\/gr-100.com\/?s={search_term_string}"},"query-input":{"@type":"PropertyValueSpecification","valueRequired":true,"valueName":"search_term_string"}}],"inLanguage":"en-US"},{"@type":"Organization","@id":"https:\/\/gr-100.com\/#organization","name":"Gr-100","url":"https:\/\/gr-100.com\/","logo":{"@type":"ImageObject","inLanguage":"en-US","@id":"https:\/\/gr-100.com\/#\/schema\/logo\/image\/","url":"https:\/\/gr-100.com\/wp-content\/uploads\/2023\/08\/logo-gr-100-bikes.png","contentUrl":"https:\/\/gr-100.com\/wp-content\/uploads\/2023\/08\/logo-gr-100-bikes.png","width":707,"height":284,"caption":"Gr-100"},"image":{"@id":"https:\/\/gr-100.com\/#\/schema\/logo\/image\/"},"sameAs":["https:\/\/www.facebook.com\/Gr100Bikes","https:\/\/www.instagram.com\/gr100bikes\/","https:\/\/www.tiktok.com\/@gr100bikes","https:\/\/twitter.com\/gr100mtbteam","https:\/\/www.youtube.com\/c\/GR100Specialized"]}]}},"_links":{"self":[{"href":"https:\/\/gr-100.com\/en\/wp-json\/wp\/v2\/product\/423337","targetHints":{"allow":["GET"]}}],"collection":[{"href":"https:\/\/gr-100.com\/en\/wp-json\/wp\/v2\/product"}],"about":[{"href":"https:\/\/gr-100.com\/en\/wp-json\/wp\/v2\/types\/product"}],"replies":[{"embeddable":true,"href":"https:\/\/gr-100.com\/en\/wp-json\/wp\/v2\/comments?post=423337"}],"wp:featuredmedia":[{"embeddable":true,"href":"https:\/\/gr-100.com\/en\/wp-json\/wp\/v2\/media\/448058"}],"wp:attachment":[{"href":"https:\/\/gr-100.com\/en\/wp-json\/wp\/v2\/media?parent=423337"}],"wp:term":[{"taxonomy":"product_brand","embeddable":true,"href":"https:\/\/gr-100.com\/en\/wp-json\/wp\/v2\/product_brand?post=423337"},{"taxonomy":"product_cat","embeddable":true,"href":"https:\/\/gr-100.com\/en\/wp-json\/wp\/v2\/product_cat?post=423337"},{"taxonomy":"product_tag","embeddable":true,"href":"https:\/\/gr-100.com\/en\/wp-json\/wp\/v2\/product_tag?post=423337"}],"curies":[{"name":"wp","href":"https:\/\/api.w.org\/{rel}","templated":true}]}}