{"id":423828,"date":"2025-09-23T12:58:57","date_gmt":"2025-09-23T10:58:57","guid":{"rendered":"https:\/\/gr-100.com\/producto\/specialized-vado-4-0-nb-2026\/"},"modified":"2025-09-23T12:58:57","modified_gmt":"2025-09-23T10:58:57","slug":"specialized-vado-4-0-nb-2026","status":"publish","type":"product","link":"https:\/\/gr-100.com\/en\/producto\/specialized-vado-4-0-nb-2026\/","title":{"rendered":"Specialized Vado 4.0 NB 2026"},"content":{"rendered":"<ul>\n<li>TURBO:<br \/>\nEl coraz\u00f3n de la Vado es su tecnolog\u00eda Turbo, un sistema avanzado e integrado de bicicleta el\u00e9ctrica que ofrece una combinaci\u00f3n inigualable de potencia, sensaci\u00f3n natural, funciones antirrobo, consejos de entrenamiento y un ciclocomputador de funciones completas.<\/li>\n<li>POTENTE:<br \/>\nEres t\u00fa, pero m\u00e1s r\u00e1pido: es 4 veces t\u00fa. El sistema Turbo Full Power detecta la fuerza que aplicas a los pedales y la multiplica por cuatro de forma natural, brindando una experiencia que hace que subir cualquier colina o llegar a tu destino sea pan comido. Literalmente.  <\/li>\n<li>C\u00d3MODA Y CONFIABLE:<br \/>\nLa posici\u00f3n del cuerpo y la maniobrabilidad est\u00e1n optimizadas para ofrecer un confort de conducci\u00f3n, confianza y control insuperables. Los potentes frenos de disco hidr\u00e1ulicos controlan tu velocidad, mientras que los neum\u00e1ticos m\u00e1s anchos proporcionan m\u00e1xima tracci\u00f3n al girar y frenar. <\/li>\n<li>SUAVE:<br \/>\nMantente c\u00f3modo en el sill\u00edn gracias a la horquilla de suspensi\u00f3n delantera de 80 mm, los neum\u00e1ticos de gran volumen y una tija de sill\u00edn con suspensi\u00f3n que suaviza los impactos m\u00e1s duros en el trayecto del punto A al punto B.<\/li>\n<li>SEGURA:<br \/>\nLa Vado cuenta con un candado antirrobo integrado en la propia bicicleta. Evita que los ladrones arranquen el motor con solo presionar un bot\u00f3n: nadie podr\u00e1 encenderlo sin tu tel\u00e9fono conectado a la app de Specialized o tu PIN personalizado. La bater\u00eda de la Vado se bloquea dentro del cuadro, pero tambi\u00e9n se puede retirar f\u00e1cilmente para llevar contigo. Y si alguien intenta mover tu bicicleta, se activar\u00e1 una alarma. \u00a1Vete, ladr\u00f3n!<br \/>\nEl l\u00edmite de velocidad a partir del cual el motor deja de asistir puede variar significativamente seg\u00fan la regi\u00f3n y depende de la normativa local. Esto tambi\u00e9n puede afectar la autonom\u00eda: un l\u00edmite de velocidad m\u00e1s alto puede resultar en menor alcance.<br \/>\nExperiencia de conducci\u00f3n sin igual <\/li>\n<li>El motor Turbo Full Power 2.0 y la bater\u00eda de 710Wh ofrecen una experiencia de conducci\u00f3n sin precedentes, proporcionando una amplificaci\u00f3n fluida, continua y sorprendentemente silenciosa de tu esfuerzo, hasta 45 km\/h (28 mph).<\/li>\n<li>El controlador integrado responde a tus impulsos de pedaleo con una amplificaci\u00f3n intuitiva y una sensaci\u00f3n incre\u00edblemente natural.<\/li>\n<li>MasterMind y App de Specialized<\/li>\n<li>La pantalla MasterMind muestra toda la informaci\u00f3n relevante sobre tu ruta y permite ajustar en tiempo real los niveles de asistencia. Se integra perfectamente con la app de Specialized para ofrecer herramientas de optimizaci\u00f3n de autonom\u00eda, ajustes avanzados, diagn\u00f3stico en ruta y m\u00e1s. <\/li>\n<li>Eficiencia Comprobada y Suavidad Superior<\/li>\n<li>Dise\u00f1amos un mecanismo de prueba personalizado para analizar vibraciones incluso en frecuencias m\u00ednimas y as\u00ed mejorar la comodidad y la visibilidad. Esa precisi\u00f3n, combinada con la tija de suspensi\u00f3n, neum\u00e1ticos de gran volumen y una horquilla de suspensi\u00f3n de 80 mm, hace que las irregularidades del camino desaparezcan ante tus ojos. <\/li>\n<li>Turbo System Lock<\/li>\n<li>Usa la app de Specialized para desactivar el motor de tu bici y activar la alarma por movimiento. Una vez bloqueado, el motor solo puede ser reactivado por el propietario. <\/li>\n<li>Bater\u00eda totalmente integrada, extra\u00edble y bloqueable en el tubo diagonal<\/li>\n<li>F\u00e1cil de cargar. F\u00e1cil de asegurar. <\/li>\n<li>Totalmente equipada<\/li>\n<li>Incluye guardabarros DRYTECH, luces LED delanteras y traseras, y un portabultos trasero HD con capacidad de carga de 27 kg. El portabultos es compatible con sillas para ni\u00f1os, y la bicicleta tambi\u00e9n est\u00e1 homologada para remolques con eje pasante. <\/li>\n<li>Larga autonom\u00eda<\/li>\n<li>Con una autonom\u00eda que te lleva a cualquier parte: hasta 145 km o 6.5 horas con una sola carga (en modo eco).<\/li>\n<li>TECHNICAL SPECIFICATIONS<\/li>\n<li>E-bike<br \/>\nMotor<br \/>\nSpecialized 2.0, 70 Nm de torque, motor ajustado a medida, 250 W nominales<br \/>\nPantalla de control \/ Remoto<br \/>\nMasterMind TCD, con control remoto en el manillar, funci\u00f3n antirrobo integrada, conectividad Bluetooth\u00ae, pantallas personalizables<br \/>\nBater\u00eda<br \/>\nSpecialized U2-710, bater\u00eda integrada, indicador de nivel de carga, 710 Wh, certificaci\u00f3n UL<br \/>\nCargador<br \/>\nCargador personalizado, 42V4A con conector Rosenberger, 100-240V<br \/>\nCableado el\u00e9ctrico<br \/>\nArn\u00e9s de cables personalizado<\/li>\n<li>Cuadro<br \/>\nCuadro<br \/>\nAluminio E5, motor central, bater\u00eda completamente integrada y bloqueable en el tubo diagonal, guiado interno de cables, soporte para candado de rueda, compatible con portabultos delantero<br \/>\nAbrazadera del sill\u00edn<br \/>\nAleaci\u00f3n, tipo tornillo, 34.9 mm<\/li>\n<li>Suspensi\u00f3n<br \/>\nHorquilla<br \/>\nSR Suntour MobieA32, recorrido de 80 mm, con bloqueo, soportes para guardabarros y luz integrada<\/li>\n<li>Frenos<br \/>\nFreno delantero<br \/>\nShimano BR-MT200, freno de disco hidr\u00e1ulico, 180 mm<br \/>\nFreno trasero<br \/>\nShimano BR-MT200, freno de disco hidr\u00e1ulico, 180 mm<\/li>\n<li>Transmisi\u00f3n<br \/>\nDesviador trasero<br \/>\nShimano RD-U4000, CUES, Gs, 9 velocidades, Top Normal, dise\u00f1o Shadow, fijaci\u00f3n directa<br \/>\nManetas de cambio<br \/>\nShimano SL-U4000-9R, CUES, derecha, 9 velocidades Rapidfire, con visualizador \u00f3ptico de marcha<br \/>\nCassette<br \/>\nShimano CS-LG300-9, CUES, 9 velocidades, 11-41T<br \/>\nCadena<br \/>\nShimano LG500<br \/>\nPlatos y bielas<br \/>\nBielas forjadas de aleaci\u00f3n personalizadas<br \/>\nCubrecadenas<br \/>\nCubrecadena Specialized<\/li>\n<li>Ruedas y Neum\u00e1ticos<br \/>\nLlantas<br \/>\n650b para freno de disco, aleaci\u00f3n de doble pared, unidas, 32 orificios<br \/>\nBuje delantero<br \/>\nShimano Center Lock Disc, 32H, eje pasante de 15 mm, 100 mm<br \/>\nBuje trasero<br \/>\nShimano Freehub, Center Lock Disc, compatible con cassettes de 8 a 11 velocidades, eje pasante de 12 mm, 32H, 148 mm<br \/>\nRadios<br \/>\nDT Swiss Elemental<br \/>\nNeum\u00e1tico delantero<br \/>\nPathfinder Sport Reflect, 650B x 2.3<br \/>\nNeum\u00e1tico trasero<br \/>\nPathfinder Sport Reflect, 650B x 2.3<br \/>\nC\u00e1maras<br \/>\nV\u00e1lvula Schrader est\u00e1ndar de 40 mm, 650B x 1.75-2.4<\/li>\n<li>Cockpit (Manillar y componentes)<br \/>\nPotencia<br \/>\nSpecialized Flowset, aleaci\u00f3n forjada en 3D, elevaci\u00f3n de 20 grados, abrazadera de 31.8 mm<br \/>\nManillar<br \/>\nSpecialized, aleaci\u00f3n, retroceso de 15 grados, elevaci\u00f3n de 46 mm, di\u00e1metro de 31.8 mm<br \/>\nPu\u00f1os<br \/>\nSpecialized Body Geometry<br \/>\nSill\u00edn<br \/>\nBridge Sport, ra\u00edles de acero, 155 mm<br \/>\nTija del sill\u00edn<br \/>\nSuspensi\u00f3n por resorte, aleaci\u00f3n, recorrido de 40 mm, di\u00e1metro de 30.9 mm, abrazadera de 2 tornillos, con casquillo de 34.9 mm<\/li>\n<li>Accessories<br \/>\nPedals<br \/>\nSpecialized Commuter con cinta antideslizante y reflectores<br \/>\nFront light<br \/>\nLezyne, Ebike Mini StVZO E300+, 300 l\u00famenes, cable de 160 cm, con reflector<br \/>\nTail light<br \/>\nSpanninga StVZO Commuter Glow con luz de freno XEr<br \/>\nGoat&#8217;s foot<br \/>\nSpecialized, 40mm mount<br \/>\nPortaequipaje<br \/>\nPortabultos Specialized, interfaz MIK HD, soportes integrados para alforjas, capacidad m\u00e1xima de 27 kg<br \/>\nFenders<br \/>\nGuardabarros Specialized DRYTECH, ancho de 65 mm, varillas de aluminio<br \/>\nPadlock<br \/>\nTurbo System Lock<br \/>\nDoorbell<br \/>\nTimbre simple<\/li>\n<li>Detalles del Producto<br \/>\nIdentificador del producto<br \/>\n275090<\/li>\n<li>Peso<br \/>\n26.75 kg (58 lb, 15.6 oz)<br \/>\nTalla<br \/>\nMD (Mediana)<\/li>\n<\/ul>\n","protected":false},"excerpt":{"rendered":"<p>Considera la Vado como tu bicicleta de transporte de alto rendimiento, dise\u00f1ada para llevarte a donde necesites con una combinaci\u00f3n inigualable de velocidad, fiabilidad y confianza. Ya sea que la cargues con tus cosas, te subas y salgas, vayas al trabajo o al gimnasio, la potencia total y la gran autonom\u00eda de la Vado te llevar\u00e1n del punto A al punto B lo m\u00e1s r\u00e1pido posible. <\/p>\n","protected":false},"featured_media":417192,"comment_status":"open","ping_status":"closed","template":"","meta":{"_acf_changed":false,"_et_pb_use_builder":"","_et_pb_old_content":"","_et_gb_content_width":"","inline_featured_image":false},"product_brand":[],"product_cat":[4347,2449,5279,347,5275,5358,5274,5276,359],"product_tag":[],"class_list":{"0":"post-423828","1":"product","2":"type-product","3":"status-publish","4":"has-post-thumbnail","6":"product_cat-black-friday-2-en","7":"product_cat-bicycles","8":"product_cat-bicicletas-urbanas-en","9":"product_cat-electric","10":"product_cat-bicicletas-electricas-aluminio-en","11":"product_cat-electric-road-bikes","12":"product_cat-bicicletas-electricas-specialized-en","13":"product_cat-bicicletas-electricas-urbanas-en","14":"product_cat-outlet-en","15":"product_shipping_class-bicicletas-en","17":"first","18":"instock","19":"sale","20":"taxable","21":"shipping-taxable","22":"purchasable","23":"product-type-variable","24":"wvs-archive-product-wrapper"},"acf":[],"yoast_head":"<!-- This site is optimized with the Yoast SEO Premium plugin v26.7 (Yoast SEO v26.7) - https:\/\/yoast.com\/wordpress\/plugins\/seo\/ -->\n<title>Specialized Vado 4.0 NB 2026 GR-100<\/title>\n<meta name=\"description\" content=\"Considera la Vado como tu bicicleta de transporte de alto rendimiento, dise\u00f1ada para llevarte a donde necesites con una combinaci\u00f3n inigualable de velocidad, fiabilidad y confianza. Ya sea que la cargues con tus cosas, te subas y salgas, vayas al trabajo o al gimnasio, la potencia total y la gran autonom\u00eda de la Vado te llevar\u00e1n del punto A al punto B lo m\u00e1s r\u00e1pido posible.\" \/>\n<meta name=\"robots\" content=\"index, follow, max-snippet:-1, max-image-preview:large, max-video-preview:-1\" \/>\n<link rel=\"canonical\" href=\"https:\/\/gr-100.com\/en\/producto\/specialized-vado-4-0-nb-2026\/\" \/>\n<meta property=\"og:locale\" content=\"en_US\" \/>\n<meta property=\"og:type\" content=\"article\" \/>\n<meta property=\"og:title\" content=\"Specialized Vado 4.0 NB 2026\" \/>\n<meta property=\"og:description\" content=\"Considera la Vado como tu bicicleta de transporte de alto rendimiento, dise\u00f1ada para llevarte a donde necesites con una combinaci\u00f3n inigualable de velocidad, fiabilidad y confianza. Ya sea que la cargues con tus cosas, te subas y salgas, vayas al trabajo o al gimnasio, la potencia total y la gran autonom\u00eda de la Vado te llevar\u00e1n del punto A al punto B lo m\u00e1s r\u00e1pido posible.\" \/>\n<meta property=\"og:url\" content=\"https:\/\/gr-100.com\/en\/producto\/specialized-vado-4-0-nb-2026\/\" \/>\n<meta property=\"og:site_name\" content=\"Gr-100 Tienda de ciclismo Specialized\" \/>\n<meta property=\"article:publisher\" content=\"https:\/\/www.facebook.com\/Gr100Bikes\" \/>\n<meta property=\"og:image\" content=\"https:\/\/gr-100.com\/wp-content\/uploads\/2025\/09\/Diseno-sin-titulo-2025-09-23T121607.203.jpg\" \/>\n\t<meta property=\"og:image:width\" content=\"1000\" \/>\n\t<meta property=\"og:image:height\" content=\"1000\" \/>\n\t<meta property=\"og:image:type\" content=\"image\/jpeg\" \/>\n<meta name=\"twitter:card\" content=\"summary_large_image\" \/>\n<meta name=\"twitter:label1\" content=\"Est. reading time\" \/>\n\t<meta name=\"twitter:data1\" content=\"5 minutes\" \/>\n<script type=\"application\/ld+json\" class=\"yoast-schema-graph\">{\"@context\":\"https:\/\/schema.org\",\"@graph\":[{\"@type\":\"WebPage\",\"@id\":\"https:\/\/gr-100.com\/en\/producto\/specialized-vado-4-0-nb-2026\/\",\"url\":\"https:\/\/gr-100.com\/en\/producto\/specialized-vado-4-0-nb-2026\/\",\"name\":\"Specialized Vado 4.0 NB 2026 GR-100\",\"isPartOf\":{\"@id\":\"https:\/\/gr-100.com\/#website\"},\"primaryImageOfPage\":{\"@id\":\"https:\/\/gr-100.com\/en\/producto\/specialized-vado-4-0-nb-2026\/#primaryimage\"},\"image\":{\"@id\":\"https:\/\/gr-100.com\/en\/producto\/specialized-vado-4-0-nb-2026\/#primaryimage\"},\"thumbnailUrl\":\"https:\/\/gr-100.com\/wp-content\/uploads\/2025\/09\/Diseno-sin-titulo-2025-09-23T121607.203.jpg\",\"datePublished\":\"2025-09-23T10:58:57+00:00\",\"description\":\"Considera la Vado como tu bicicleta de transporte de alto rendimiento, dise\u00f1ada para llevarte a donde necesites con una combinaci\u00f3n inigualable de velocidad, fiabilidad y confianza. Ya sea que la cargues con tus cosas, te subas y salgas, vayas al trabajo o al gimnasio, la potencia total y la gran autonom\u00eda de la Vado te llevar\u00e1n del punto A al punto B lo m\u00e1s r\u00e1pido posible.\",\"breadcrumb\":{\"@id\":\"https:\/\/gr-100.com\/en\/producto\/specialized-vado-4-0-nb-2026\/#breadcrumb\"},\"inLanguage\":\"en-US\",\"potentialAction\":[{\"@type\":\"ReadAction\",\"target\":[\"https:\/\/gr-100.com\/en\/producto\/specialized-vado-4-0-nb-2026\/\"]}]},{\"@type\":\"ImageObject\",\"inLanguage\":\"en-US\",\"@id\":\"https:\/\/gr-100.com\/en\/producto\/specialized-vado-4-0-nb-2026\/#primaryimage\",\"url\":\"https:\/\/gr-100.com\/wp-content\/uploads\/2025\/09\/Diseno-sin-titulo-2025-09-23T121607.203.jpg\",\"contentUrl\":\"https:\/\/gr-100.com\/wp-content\/uploads\/2025\/09\/Diseno-sin-titulo-2025-09-23T121607.203.jpg\",\"width\":1000,\"height\":1000},{\"@type\":\"BreadcrumbList\",\"@id\":\"https:\/\/gr-100.com\/en\/producto\/specialized-vado-4-0-nb-2026\/#breadcrumb\",\"itemListElement\":[{\"@type\":\"ListItem\",\"position\":1,\"name\":\"Portada\",\"item\":\"https:\/\/gr-100.com\/pt-pt\/\"},{\"@type\":\"ListItem\",\"position\":2,\"name\":\"Productos\",\"item\":\"https:\/\/gr-100.com\/?post_type=product\"},{\"@type\":\"ListItem\",\"position\":3,\"name\":\"Specialized Vado 4.0 NB 2026\"}]},{\"@type\":\"WebSite\",\"@id\":\"https:\/\/gr-100.com\/#website\",\"url\":\"https:\/\/gr-100.com\/\",\"name\":\"Gr-100 Tienda de ciclismo Specialized\",\"description\":\"GR-100 tenemos todas las gamas de bicicletas Specialized al mejor precio.\",\"publisher\":{\"@id\":\"https:\/\/gr-100.com\/#organization\"},\"alternateName\":\"Gr-100 Bikes\",\"potentialAction\":[{\"@type\":\"SearchAction\",\"target\":{\"@type\":\"EntryPoint\",\"urlTemplate\":\"https:\/\/gr-100.com\/?s={search_term_string}\"},\"query-input\":{\"@type\":\"PropertyValueSpecification\",\"valueRequired\":true,\"valueName\":\"search_term_string\"}}],\"inLanguage\":\"en-US\"},{\"@type\":\"Organization\",\"@id\":\"https:\/\/gr-100.com\/#organization\",\"name\":\"Gr-100\",\"url\":\"https:\/\/gr-100.com\/\",\"logo\":{\"@type\":\"ImageObject\",\"inLanguage\":\"en-US\",\"@id\":\"https:\/\/gr-100.com\/#\/schema\/logo\/image\/\",\"url\":\"https:\/\/gr-100.com\/wp-content\/uploads\/2023\/08\/logo-gr-100-bikes.png\",\"contentUrl\":\"https:\/\/gr-100.com\/wp-content\/uploads\/2023\/08\/logo-gr-100-bikes.png\",\"width\":707,\"height\":284,\"caption\":\"Gr-100\"},\"image\":{\"@id\":\"https:\/\/gr-100.com\/#\/schema\/logo\/image\/\"},\"sameAs\":[\"https:\/\/www.facebook.com\/Gr100Bikes\",\"https:\/\/www.instagram.com\/gr100bikes\/\",\"https:\/\/www.tiktok.com\/@gr100bikes\",\"https:\/\/twitter.com\/gr100mtbteam\",\"https:\/\/www.youtube.com\/c\/GR100Specialized\"]}]}<\/script>\n<!-- \/ Yoast SEO Premium plugin. -->","yoast_head_json":{"title":"Specialized Vado 4.0 NB 2026 GR-100","description":"Considera la Vado como tu bicicleta de transporte de alto rendimiento, dise\u00f1ada para llevarte a donde necesites con una combinaci\u00f3n inigualable de velocidad, fiabilidad y confianza. Ya sea que la cargues con tus cosas, te subas y salgas, vayas al trabajo o al gimnasio, la potencia total y la gran autonom\u00eda de la Vado te llevar\u00e1n del punto A al punto B lo m\u00e1s r\u00e1pido posible.","robots":{"index":"index","follow":"follow","max-snippet":"max-snippet:-1","max-image-preview":"max-image-preview:large","max-video-preview":"max-video-preview:-1"},"canonical":"https:\/\/gr-100.com\/en\/producto\/specialized-vado-4-0-nb-2026\/","og_locale":"en_US","og_type":"article","og_title":"Specialized Vado 4.0 NB 2026","og_description":"Considera la Vado como tu bicicleta de transporte de alto rendimiento, dise\u00f1ada para llevarte a donde necesites con una combinaci\u00f3n inigualable de velocidad, fiabilidad y confianza. Ya sea que la cargues con tus cosas, te subas y salgas, vayas al trabajo o al gimnasio, la potencia total y la gran autonom\u00eda de la Vado te llevar\u00e1n del punto A al punto B lo m\u00e1s r\u00e1pido posible.","og_url":"https:\/\/gr-100.com\/en\/producto\/specialized-vado-4-0-nb-2026\/","og_site_name":"Gr-100 Tienda de ciclismo Specialized","article_publisher":"https:\/\/www.facebook.com\/Gr100Bikes","og_image":[{"width":1000,"height":1000,"url":"https:\/\/gr-100.com\/wp-content\/uploads\/2025\/09\/Diseno-sin-titulo-2025-09-23T121607.203.jpg","type":"image\/jpeg"}],"twitter_card":"summary_large_image","twitter_misc":{"Est. reading time":"5 minutes"},"schema":{"@context":"https:\/\/schema.org","@graph":[{"@type":"WebPage","@id":"https:\/\/gr-100.com\/en\/producto\/specialized-vado-4-0-nb-2026\/","url":"https:\/\/gr-100.com\/en\/producto\/specialized-vado-4-0-nb-2026\/","name":"Specialized Vado 4.0 NB 2026 GR-100","isPartOf":{"@id":"https:\/\/gr-100.com\/#website"},"primaryImageOfPage":{"@id":"https:\/\/gr-100.com\/en\/producto\/specialized-vado-4-0-nb-2026\/#primaryimage"},"image":{"@id":"https:\/\/gr-100.com\/en\/producto\/specialized-vado-4-0-nb-2026\/#primaryimage"},"thumbnailUrl":"https:\/\/gr-100.com\/wp-content\/uploads\/2025\/09\/Diseno-sin-titulo-2025-09-23T121607.203.jpg","datePublished":"2025-09-23T10:58:57+00:00","description":"Considera la Vado como tu bicicleta de transporte de alto rendimiento, dise\u00f1ada para llevarte a donde necesites con una combinaci\u00f3n inigualable de velocidad, fiabilidad y confianza. Ya sea que la cargues con tus cosas, te subas y salgas, vayas al trabajo o al gimnasio, la potencia total y la gran autonom\u00eda de la Vado te llevar\u00e1n del punto A al punto B lo m\u00e1s r\u00e1pido posible.","breadcrumb":{"@id":"https:\/\/gr-100.com\/en\/producto\/specialized-vado-4-0-nb-2026\/#breadcrumb"},"inLanguage":"en-US","potentialAction":[{"@type":"ReadAction","target":["https:\/\/gr-100.com\/en\/producto\/specialized-vado-4-0-nb-2026\/"]}]},{"@type":"ImageObject","inLanguage":"en-US","@id":"https:\/\/gr-100.com\/en\/producto\/specialized-vado-4-0-nb-2026\/#primaryimage","url":"https:\/\/gr-100.com\/wp-content\/uploads\/2025\/09\/Diseno-sin-titulo-2025-09-23T121607.203.jpg","contentUrl":"https:\/\/gr-100.com\/wp-content\/uploads\/2025\/09\/Diseno-sin-titulo-2025-09-23T121607.203.jpg","width":1000,"height":1000},{"@type":"BreadcrumbList","@id":"https:\/\/gr-100.com\/en\/producto\/specialized-vado-4-0-nb-2026\/#breadcrumb","itemListElement":[{"@type":"ListItem","position":1,"name":"Portada","item":"https:\/\/gr-100.com\/pt-pt\/"},{"@type":"ListItem","position":2,"name":"Productos","item":"https:\/\/gr-100.com\/?post_type=product"},{"@type":"ListItem","position":3,"name":"Specialized Vado 4.0 NB 2026"}]},{"@type":"WebSite","@id":"https:\/\/gr-100.com\/#website","url":"https:\/\/gr-100.com\/","name":"Gr-100 Tienda de ciclismo Specialized","description":"GR-100 tenemos todas las gamas de bicicletas Specialized al mejor precio.","publisher":{"@id":"https:\/\/gr-100.com\/#organization"},"alternateName":"Gr-100 Bikes","potentialAction":[{"@type":"SearchAction","target":{"@type":"EntryPoint","urlTemplate":"https:\/\/gr-100.com\/?s={search_term_string}"},"query-input":{"@type":"PropertyValueSpecification","valueRequired":true,"valueName":"search_term_string"}}],"inLanguage":"en-US"},{"@type":"Organization","@id":"https:\/\/gr-100.com\/#organization","name":"Gr-100","url":"https:\/\/gr-100.com\/","logo":{"@type":"ImageObject","inLanguage":"en-US","@id":"https:\/\/gr-100.com\/#\/schema\/logo\/image\/","url":"https:\/\/gr-100.com\/wp-content\/uploads\/2023\/08\/logo-gr-100-bikes.png","contentUrl":"https:\/\/gr-100.com\/wp-content\/uploads\/2023\/08\/logo-gr-100-bikes.png","width":707,"height":284,"caption":"Gr-100"},"image":{"@id":"https:\/\/gr-100.com\/#\/schema\/logo\/image\/"},"sameAs":["https:\/\/www.facebook.com\/Gr100Bikes","https:\/\/www.instagram.com\/gr100bikes\/","https:\/\/www.tiktok.com\/@gr100bikes","https:\/\/twitter.com\/gr100mtbteam","https:\/\/www.youtube.com\/c\/GR100Specialized"]}]}},"_links":{"self":[{"href":"https:\/\/gr-100.com\/en\/wp-json\/wp\/v2\/product\/423828","targetHints":{"allow":["GET"]}}],"collection":[{"href":"https:\/\/gr-100.com\/en\/wp-json\/wp\/v2\/product"}],"about":[{"href":"https:\/\/gr-100.com\/en\/wp-json\/wp\/v2\/types\/product"}],"replies":[{"embeddable":true,"href":"https:\/\/gr-100.com\/en\/wp-json\/wp\/v2\/comments?post=423828"}],"wp:featuredmedia":[{"embeddable":true,"href":"https:\/\/gr-100.com\/en\/wp-json\/wp\/v2\/media\/417192"}],"wp:attachment":[{"href":"https:\/\/gr-100.com\/en\/wp-json\/wp\/v2\/media?parent=423828"}],"wp:term":[{"taxonomy":"product_brand","embeddable":true,"href":"https:\/\/gr-100.com\/en\/wp-json\/wp\/v2\/product_brand?post=423828"},{"taxonomy":"product_cat","embeddable":true,"href":"https:\/\/gr-100.com\/en\/wp-json\/wp\/v2\/product_cat?post=423828"},{"taxonomy":"product_tag","embeddable":true,"href":"https:\/\/gr-100.com\/en\/wp-json\/wp\/v2\/product_tag?post=423828"}],"curies":[{"name":"wp","href":"https:\/\/api.w.org\/{rel}","templated":true}]}}