{"id":423892,"date":"2025-05-27T12:33:10","date_gmt":"2025-05-27T11:33:10","guid":{"rendered":"https:\/\/gr-100.com\/producto\/specialized-turbo-levo-4-alloy-2026\/"},"modified":"2025-05-27T12:33:10","modified_gmt":"2025-05-27T10:33:10","slug":"specialized-turbo-levo-4-alloy-2026","status":"publish","type":"product","link":"https:\/\/gr-100.com\/en\/producto\/specialized-turbo-levo-4-alloy-2026\/","title":{"rendered":"Specialized Turbo Levo 4 Alloy 2026"},"content":{"rendered":"<ul>\n<li>TECHNICAL SPECIFICATIONS<\/li>\n<li>E-Bike<br \/>\nInterfaz de Usuario \/ Control Remoto<br \/>\nNuevo sistema MasterMind T3 Display, pantalla a color de 2.2&#8243; de alta resoluci\u00f3n, totalmente personalizable mediante la app de Specialized.<br \/>\nMotor<br \/>\nMotor Specialized 3.1, con 101 Nm de par y 666 W de potencia.<br \/>\nCargador<br \/>\nCargador Specialized de 4 amperios.<br \/>\nBater\u00eda<br \/>\nBater\u00eda de 840 Wh.<\/li>\n<li>Cuadro<br \/>\nAbrazadera del sill\u00edn<br \/>\nAleaci\u00f3n, 38.6 mm.<br \/>\nCuadro<br \/>\nNuevo cuadro Levo 4 M5 de aleaci\u00f3n, recorrido de 150 mm, vainas ajustables, \u00e1ngulo de direcci\u00f3n ajustable, altura de caja de pedalier ajustable, almacenamiento interno SWAT, espacio trasero de 148 mm, rueda delantera de 29\u201d \/ trasera de 27.5\u201d, horquilla compatible con recorridos de hasta 180 mm.<\/li>\n<li>Suspensi\u00f3n<br \/>\nAmortiguador trasero<br \/>\nMarzocchi Bomber Inline, con c\u00e1mara de aire EVOL LV, ajuste de rebote, medida 210&#215;55 mm.<br \/>\nHorquilla delantera<br \/>\nMarzocchi Bomber Z1, rueda de 29&#8243;,<br \/>\nTallas S2 a S6: recorrido de 160 mm<br \/>\nTalla S1: recorrido de 150 mm<br \/>\nAjuste de compresi\u00f3n tipo sweep<\/li>\n<li>Frenos<br \/>\nFreno delantero<br \/>\nSRAM DB8 Stealth, pinza de 4 pistones, freno hidr\u00e1ulico de disco, disco Centerline de 220 mm.<br \/>\nFreno trasero<br \/>\nSRAM DB8 Stealth, pinza de 4 pistones, freno hidr\u00e1ulico de disco, disco Centerline de 200 mm.<\/li>\n<li>Transmisi\u00f3n<br \/>\nCassette<br \/>\nXS-1270, 12 velocidades, 10-52t.<br \/>\nPlato<br \/>\nPlato SRAM de 34 dientes, tipo T-Type, BCD 104, de acero.<br \/>\nCadena<br \/>\nSRAM Eagle 70 T-Type Flattop.<br \/>\nCambio trasero<br \/>\nSRAM Eagle 70 T-Type.<br \/>\nMandos de cambio<br \/>\nSRAM 70 trigger, 12 velocidades, cambio de un solo clic.<br \/>\nBielas<br \/>\nJuego de bielas SRAM S1000, interfaz ISIS, protector integrado, l\u00ednea de cadena de 55 mm, longitud de 155 mm.<\/li>\n<li>Ruedas y Neum\u00e1ticos<br \/>\nNeum\u00e1tico trasero<br \/>\nButcher con carcasa GRID GRAVITY, compuesto GRIPTON\u00ae T9, TLR, medida 27.5&#215;2.4&#8243;.<br \/>\nNeum\u00e1tico delantero<br \/>\nButcher con carcasa GRID GRAVITY, compuesto GRIPTON\u00ae T9, TLR, medida 29&#215;2.4&#8243;.<br \/>\nRadios<br \/>\nDT Swiss Elemental.<br \/>\nBuje delantero<br \/>\nAleaci\u00f3n, rodamientos sellados, eje pasante de 15&#215;110 mm, 28 orificios.<br \/>\nBuje trasero<br \/>\nAleaci\u00f3n, rodamientos sellados, eje pasante de 12&#215;148 mm, 32 orificios.<br \/>\nLlantas<br \/>\nSpecialized de aleaci\u00f3n sin gancho, 30 mm de ancho interno, listas para tubeless.<br \/>\nC\u00e1maras<br \/>\nEst\u00e1ndar, v\u00e1lvula Presta.<\/li>\n<li>Cockpit<br \/>\nPotencia<br \/>\nPotencia Trail de aleaci\u00f3n, di\u00e1metro de 35 mm.<br \/>\nManillar<br \/>\nSpecialized, aleaci\u00f3n 6061, 6\u00b0 de elevaci\u00f3n, 8\u00b0 de retroceso, 30 mm de altura.<br \/>\nTallas S1-S2: 780 mm de ancho<br \/>\nTallas S3-S6: 800 mm de ancho<br \/>\nSill\u00edn<br \/>\nSill\u00edn Body Geometry Bridge con ra\u00edles de acero.<br \/>\nPu\u00f1os<br \/>\nPu\u00f1os Specialized Trail.<br \/>\nSeatpost<br \/>\nTija telesc\u00f3pica TranzX, di\u00e1metro de 34.9 mm:<br \/>\nS1: 100 mm<br \/>\nS2: 125 mm<br \/>\nS3: 150 mm<br \/>\nS4-S5: 170 mm<br \/>\nS6: 200 mm<\/li>\n<li>Accesorios<br \/>\nSWAT<br \/>\nCompartimento de almacenamiento interno en el tubo inferior.<\/li>\n<li>Peso<br \/>\n25.56 kg (56 lb, 5.6 oz)<br \/>\nTama\u00f1o del peso: Talla S4<\/li>\n<\/ul>\n","protected":false},"excerpt":{"rendered":"<p>TECHNICAL SPECIFICATIONS E-Bike Interfaz de Usuario \/ Control Remoto Nuevo sistema MasterMind T3 Display, pantalla a color de 2.2&#8243; de alta resoluci\u00f3n, totalmente personalizable mediante la app de Specialized. Motor Motor Specialized 3.1, con 101 Nm de par y 666 W de potencia. Cargador Cargador Specialized de 4 amperios. Bater\u00eda Bater\u00eda de 840 Wh. Cuadro [&hellip;]<\/p>\n","protected":false},"featured_media":409251,"comment_status":"open","ping_status":"closed","template":"","meta":{"_acf_changed":false,"_et_pb_use_builder":"","_et_pb_old_content":"","_et_gb_content_width":"","inline_featured_image":false},"product_brand":[],"product_cat":[347,5275,5335,5336,5274,2472],"product_tag":[],"class_list":{"0":"post-423892","1":"product","2":"type-product","3":"status-publish","4":"has-post-thumbnail","6":"product_cat-electric","7":"product_cat-bicicletas-electricas-aluminio-en","8":"product_cat-bicicletas-electricas-enduro-trail-en","9":"product_cat-bicicletas-electricas-montana-en","10":"product_cat-bicicletas-electricas-specialized-en","11":"product_cat-specialized-bikes","12":"product_shipping_class-bicicletas-en","14":"first","15":"instock","16":"taxable","17":"shipping-taxable","18":"purchasable","19":"product-type-variable","20":"wvs-archive-product-wrapper"},"acf":[],"yoast_head":"<!-- This site is optimized with the Yoast SEO Premium plugin v26.7 (Yoast SEO v26.7) - https:\/\/yoast.com\/wordpress\/plugins\/seo\/ -->\n<title>Specialized Turbo Levo 4 Alloy 2026 Turbo Levo 4 Alloy 2026<\/title>\n<meta name=\"description\" content=\"Tan avanzada que te transforma en un c\u00edborg del ciclismo. Juntos son Sobrenaturales, reforzados con superpotencia, tracci\u00f3n, control y autonom\u00eda\" \/>\n<meta name=\"robots\" content=\"index, follow, max-snippet:-1, max-image-preview:large, max-video-preview:-1\" \/>\n<link rel=\"canonical\" href=\"https:\/\/gr-100.com\/en\/producto\/specialized-turbo-levo-4-alloy-2026\/\" \/>\n<meta property=\"og:locale\" content=\"en_US\" \/>\n<meta property=\"og:type\" content=\"article\" \/>\n<meta property=\"og:title\" content=\"Specialized Turbo Levo 4 Alloy 2026\" \/>\n<meta property=\"og:description\" content=\"Tan avanzada que te transforma en un c\u00edborg del ciclismo. Juntos son Sobrenaturales, reforzados con superpotencia, tracci\u00f3n, control y autonom\u00eda\" \/>\n<meta property=\"og:url\" content=\"https:\/\/gr-100.com\/en\/producto\/specialized-turbo-levo-4-alloy-2026\/\" \/>\n<meta property=\"og:site_name\" content=\"Gr-100 Tienda de ciclismo Specialized\" \/>\n<meta property=\"article:publisher\" content=\"https:\/\/www.facebook.com\/Gr100Bikes\" \/>\n<meta property=\"og:image\" content=\"https:\/\/gr-100.com\/wp-content\/uploads\/2025\/05\/95226-73.png\" \/>\n\t<meta property=\"og:image:width\" content=\"1200\" \/>\n\t<meta property=\"og:image:height\" content=\"1200\" \/>\n\t<meta property=\"og:image:type\" content=\"image\/png\" \/>\n<meta name=\"twitter:card\" content=\"summary_large_image\" \/>\n<meta name=\"twitter:label1\" content=\"Est. reading time\" \/>\n\t<meta name=\"twitter:data1\" content=\"2 minutes\" \/>\n<script type=\"application\/ld+json\" class=\"yoast-schema-graph\">{\"@context\":\"https:\/\/schema.org\",\"@graph\":[{\"@type\":\"WebPage\",\"@id\":\"https:\/\/gr-100.com\/en\/producto\/specialized-turbo-levo-4-alloy-2026\/\",\"url\":\"https:\/\/gr-100.com\/en\/producto\/specialized-turbo-levo-4-alloy-2026\/\",\"name\":\"Specialized Turbo Levo 4 Alloy 2026 Turbo Levo 4 Alloy 2026\",\"isPartOf\":{\"@id\":\"https:\/\/gr-100.com\/#website\"},\"primaryImageOfPage\":{\"@id\":\"https:\/\/gr-100.com\/en\/producto\/specialized-turbo-levo-4-alloy-2026\/#primaryimage\"},\"image\":{\"@id\":\"https:\/\/gr-100.com\/en\/producto\/specialized-turbo-levo-4-alloy-2026\/#primaryimage\"},\"thumbnailUrl\":\"https:\/\/gr-100.com\/wp-content\/uploads\/2025\/05\/95226-73.png\",\"datePublished\":\"2025-05-27T11:33:10+00:00\",\"description\":\"Tan avanzada que te transforma en un c\u00edborg del ciclismo. Juntos son Sobrenaturales, reforzados con superpotencia, tracci\u00f3n, control y autonom\u00eda\",\"breadcrumb\":{\"@id\":\"https:\/\/gr-100.com\/en\/producto\/specialized-turbo-levo-4-alloy-2026\/#breadcrumb\"},\"inLanguage\":\"en-US\",\"potentialAction\":[{\"@type\":\"ReadAction\",\"target\":[\"https:\/\/gr-100.com\/en\/producto\/specialized-turbo-levo-4-alloy-2026\/\"]}]},{\"@type\":\"ImageObject\",\"inLanguage\":\"en-US\",\"@id\":\"https:\/\/gr-100.com\/en\/producto\/specialized-turbo-levo-4-alloy-2026\/#primaryimage\",\"url\":\"https:\/\/gr-100.com\/wp-content\/uploads\/2025\/05\/95226-73.png\",\"contentUrl\":\"https:\/\/gr-100.com\/wp-content\/uploads\/2025\/05\/95226-73.png\",\"width\":1200,\"height\":1200},{\"@type\":\"BreadcrumbList\",\"@id\":\"https:\/\/gr-100.com\/en\/producto\/specialized-turbo-levo-4-alloy-2026\/#breadcrumb\",\"itemListElement\":[{\"@type\":\"ListItem\",\"position\":1,\"name\":\"Portada\",\"item\":\"https:\/\/gr-100.com\/pt-pt\/\"},{\"@type\":\"ListItem\",\"position\":2,\"name\":\"Productos\",\"item\":\"https:\/\/gr-100.com\/?post_type=product\"},{\"@type\":\"ListItem\",\"position\":3,\"name\":\"Specialized Turbo Levo 4 Alloy 2026\"}]},{\"@type\":\"WebSite\",\"@id\":\"https:\/\/gr-100.com\/#website\",\"url\":\"https:\/\/gr-100.com\/\",\"name\":\"Gr-100 Tienda de ciclismo Specialized\",\"description\":\"GR-100 tenemos todas las gamas de bicicletas Specialized al mejor precio.\",\"publisher\":{\"@id\":\"https:\/\/gr-100.com\/#organization\"},\"alternateName\":\"Gr-100 Bikes\",\"potentialAction\":[{\"@type\":\"SearchAction\",\"target\":{\"@type\":\"EntryPoint\",\"urlTemplate\":\"https:\/\/gr-100.com\/?s={search_term_string}\"},\"query-input\":{\"@type\":\"PropertyValueSpecification\",\"valueRequired\":true,\"valueName\":\"search_term_string\"}}],\"inLanguage\":\"en-US\"},{\"@type\":\"Organization\",\"@id\":\"https:\/\/gr-100.com\/#organization\",\"name\":\"Gr-100\",\"url\":\"https:\/\/gr-100.com\/\",\"logo\":{\"@type\":\"ImageObject\",\"inLanguage\":\"en-US\",\"@id\":\"https:\/\/gr-100.com\/#\/schema\/logo\/image\/\",\"url\":\"https:\/\/gr-100.com\/wp-content\/uploads\/2023\/08\/logo-gr-100-bikes.png\",\"contentUrl\":\"https:\/\/gr-100.com\/wp-content\/uploads\/2023\/08\/logo-gr-100-bikes.png\",\"width\":707,\"height\":284,\"caption\":\"Gr-100\"},\"image\":{\"@id\":\"https:\/\/gr-100.com\/#\/schema\/logo\/image\/\"},\"sameAs\":[\"https:\/\/www.facebook.com\/Gr100Bikes\",\"https:\/\/www.instagram.com\/gr100bikes\/\",\"https:\/\/www.tiktok.com\/@gr100bikes\",\"https:\/\/twitter.com\/gr100mtbteam\",\"https:\/\/www.youtube.com\/c\/GR100Specialized\"]}]}<\/script>\n<!-- \/ Yoast SEO Premium plugin. -->","yoast_head_json":{"title":"Specialized Turbo Levo 4 Alloy 2026 Turbo Levo 4 Alloy 2026","description":"Tan avanzada que te transforma en un c\u00edborg del ciclismo. Juntos son Sobrenaturales, reforzados con superpotencia, tracci\u00f3n, control y autonom\u00eda","robots":{"index":"index","follow":"follow","max-snippet":"max-snippet:-1","max-image-preview":"max-image-preview:large","max-video-preview":"max-video-preview:-1"},"canonical":"https:\/\/gr-100.com\/en\/producto\/specialized-turbo-levo-4-alloy-2026\/","og_locale":"en_US","og_type":"article","og_title":"Specialized Turbo Levo 4 Alloy 2026","og_description":"Tan avanzada que te transforma en un c\u00edborg del ciclismo. Juntos son Sobrenaturales, reforzados con superpotencia, tracci\u00f3n, control y autonom\u00eda","og_url":"https:\/\/gr-100.com\/en\/producto\/specialized-turbo-levo-4-alloy-2026\/","og_site_name":"Gr-100 Tienda de ciclismo Specialized","article_publisher":"https:\/\/www.facebook.com\/Gr100Bikes","og_image":[{"width":1200,"height":1200,"url":"https:\/\/gr-100.com\/wp-content\/uploads\/2025\/05\/95226-73.png","type":"image\/png"}],"twitter_card":"summary_large_image","twitter_misc":{"Est. reading time":"2 minutes"},"schema":{"@context":"https:\/\/schema.org","@graph":[{"@type":"WebPage","@id":"https:\/\/gr-100.com\/en\/producto\/specialized-turbo-levo-4-alloy-2026\/","url":"https:\/\/gr-100.com\/en\/producto\/specialized-turbo-levo-4-alloy-2026\/","name":"Specialized Turbo Levo 4 Alloy 2026 Turbo Levo 4 Alloy 2026","isPartOf":{"@id":"https:\/\/gr-100.com\/#website"},"primaryImageOfPage":{"@id":"https:\/\/gr-100.com\/en\/producto\/specialized-turbo-levo-4-alloy-2026\/#primaryimage"},"image":{"@id":"https:\/\/gr-100.com\/en\/producto\/specialized-turbo-levo-4-alloy-2026\/#primaryimage"},"thumbnailUrl":"https:\/\/gr-100.com\/wp-content\/uploads\/2025\/05\/95226-73.png","datePublished":"2025-05-27T11:33:10+00:00","description":"Tan avanzada que te transforma en un c\u00edborg del ciclismo. Juntos son Sobrenaturales, reforzados con superpotencia, tracci\u00f3n, control y autonom\u00eda","breadcrumb":{"@id":"https:\/\/gr-100.com\/en\/producto\/specialized-turbo-levo-4-alloy-2026\/#breadcrumb"},"inLanguage":"en-US","potentialAction":[{"@type":"ReadAction","target":["https:\/\/gr-100.com\/en\/producto\/specialized-turbo-levo-4-alloy-2026\/"]}]},{"@type":"ImageObject","inLanguage":"en-US","@id":"https:\/\/gr-100.com\/en\/producto\/specialized-turbo-levo-4-alloy-2026\/#primaryimage","url":"https:\/\/gr-100.com\/wp-content\/uploads\/2025\/05\/95226-73.png","contentUrl":"https:\/\/gr-100.com\/wp-content\/uploads\/2025\/05\/95226-73.png","width":1200,"height":1200},{"@type":"BreadcrumbList","@id":"https:\/\/gr-100.com\/en\/producto\/specialized-turbo-levo-4-alloy-2026\/#breadcrumb","itemListElement":[{"@type":"ListItem","position":1,"name":"Portada","item":"https:\/\/gr-100.com\/pt-pt\/"},{"@type":"ListItem","position":2,"name":"Productos","item":"https:\/\/gr-100.com\/?post_type=product"},{"@type":"ListItem","position":3,"name":"Specialized Turbo Levo 4 Alloy 2026"}]},{"@type":"WebSite","@id":"https:\/\/gr-100.com\/#website","url":"https:\/\/gr-100.com\/","name":"Gr-100 Tienda de ciclismo Specialized","description":"GR-100 tenemos todas las gamas de bicicletas Specialized al mejor precio.","publisher":{"@id":"https:\/\/gr-100.com\/#organization"},"alternateName":"Gr-100 Bikes","potentialAction":[{"@type":"SearchAction","target":{"@type":"EntryPoint","urlTemplate":"https:\/\/gr-100.com\/?s={search_term_string}"},"query-input":{"@type":"PropertyValueSpecification","valueRequired":true,"valueName":"search_term_string"}}],"inLanguage":"en-US"},{"@type":"Organization","@id":"https:\/\/gr-100.com\/#organization","name":"Gr-100","url":"https:\/\/gr-100.com\/","logo":{"@type":"ImageObject","inLanguage":"en-US","@id":"https:\/\/gr-100.com\/#\/schema\/logo\/image\/","url":"https:\/\/gr-100.com\/wp-content\/uploads\/2023\/08\/logo-gr-100-bikes.png","contentUrl":"https:\/\/gr-100.com\/wp-content\/uploads\/2023\/08\/logo-gr-100-bikes.png","width":707,"height":284,"caption":"Gr-100"},"image":{"@id":"https:\/\/gr-100.com\/#\/schema\/logo\/image\/"},"sameAs":["https:\/\/www.facebook.com\/Gr100Bikes","https:\/\/www.instagram.com\/gr100bikes\/","https:\/\/www.tiktok.com\/@gr100bikes","https:\/\/twitter.com\/gr100mtbteam","https:\/\/www.youtube.com\/c\/GR100Specialized"]}]}},"_links":{"self":[{"href":"https:\/\/gr-100.com\/en\/wp-json\/wp\/v2\/product\/423892","targetHints":{"allow":["GET"]}}],"collection":[{"href":"https:\/\/gr-100.com\/en\/wp-json\/wp\/v2\/product"}],"about":[{"href":"https:\/\/gr-100.com\/en\/wp-json\/wp\/v2\/types\/product"}],"replies":[{"embeddable":true,"href":"https:\/\/gr-100.com\/en\/wp-json\/wp\/v2\/comments?post=423892"}],"wp:featuredmedia":[{"embeddable":true,"href":"https:\/\/gr-100.com\/en\/wp-json\/wp\/v2\/media\/409251"}],"wp:attachment":[{"href":"https:\/\/gr-100.com\/en\/wp-json\/wp\/v2\/media?parent=423892"}],"wp:term":[{"taxonomy":"product_brand","embeddable":true,"href":"https:\/\/gr-100.com\/en\/wp-json\/wp\/v2\/product_brand?post=423892"},{"taxonomy":"product_cat","embeddable":true,"href":"https:\/\/gr-100.com\/en\/wp-json\/wp\/v2\/product_cat?post=423892"},{"taxonomy":"product_tag","embeddable":true,"href":"https:\/\/gr-100.com\/en\/wp-json\/wp\/v2\/product_tag?post=423892"}],"curies":[{"name":"wp","href":"https:\/\/api.w.org\/{rel}","templated":true}]}}