{"id":424093,"date":"2025-09-24T11:38:22","date_gmt":"2025-09-24T10:38:22","guid":{"rendered":"https:\/\/gr-100.com\/producto\/specialized-s-works-stumpjumper-15-evo-di2-2026-275\/"},"modified":"2025-09-24T11:38:22","modified_gmt":"2025-09-24T09:38:22","slug":"specialized-s-works-stumpjumper-15-evo-di2-2026-275","status":"publish","type":"product","link":"https:\/\/gr-100.com\/en\/producto\/specialized-s-works-stumpjumper-15-evo-di2-2026-275\/","title":{"rendered":"Specialized S-Works Stumpjumper 15 EVO Di2 2026 27\u00b45\u00b4\u00b4"},"content":{"rendered":"<ul>\n<li>TECHNICAL SPECIFICATIONS<\/li>\n<li>Cuadro<br \/>\nAbrazadera del sill\u00edn<br \/>\nAlloy, 38.6mm<br \/>\nCuadro<br \/>\nFACT 11m carbon chassis, rear-end and link, Trail Geometry, SWAT\u2122 Door integration, head tube angle adjustment, threaded BB, internal brake and dropper cable routing, 12x148mm dropouts, sealed cartridge bearing pivots, SRAM UDH compatible, 145mm of travel<br \/>\nSWAT<br \/>\nSWAT 4.0 internal downtube storage<\/li>\n<li>Suspensi\u00f3n<br \/>\nHorquilla<br \/>\nFOX FLOAT 36 Factory, GRIP X2 damper, HS and LS rebound and compression adjustment, 15x110mm Kabolt axle, 44mm offset, S1:150mm of travel, S2-S6:160mm of travel<br \/>\nAmortiguador trasero<br \/>\nFOX FLOAT X Factory with Specialized GENIE Shock Tech, Ride Dynamics Trail Tune, 2-position lever, LSC adjustment, LSR adjustment, 210x55mm<\/li>\n<li>Frenos<br \/>\nFreno delantero<br \/>\nShimano XTR, 4-piston caliper, hydraulic disc<br \/>\nFreno trasero<br \/>\nShimano XTR, 4-piston caliper, hydraulic disc<\/li>\n<li>Transmisi\u00f3n<br \/>\nCaja de pedalier<br \/>\nShimano BB93<br \/>\nManetas de cambio<br \/>\nShimano XTR Di2<br \/>\nDesviador trasero<br \/>\nShimano XTR Di2, 12-speed<br \/>\nCadena<br \/>\nShimano XTR, 12-speed w\/ quick link<br \/>\nCassette<br \/>\nShimano XTR, 12 Speed, 10-51T<br \/>\nPlatos y bielas<br \/>\nShimano XTR, 55mm chainline, 32T, S1-S3: 165mm, S4-S6: 170mm<\/li>\n<li>Ruedas y neum\u00e1ticos<br \/>\nNeum\u00e1tico delantero<br \/>\nButcher, GRID TRAIL casing, Gripton T9 compound, 29X2.4<br \/>\nNeum\u00e1tico trasero<br \/>\nEliminator, GRID TRAIL casing, GRIPTON\u00ae T7 compound, TLR, S1-S2: 27.5&#215;2.4, S3- S6: 29&#215;2.4&#8243;<br \/>\nRueda delantera<br \/>\nRoval Traverse SL II Rim, hookless carbon, 30mm inner width, tubeless ready, 29&#8243;, Industry 9 Hydra Hub, 15x110mm, 28h, DT Swiss Revolite Spokes<br \/>\nRueda trasera<br \/>\nRoval Traverse SL II Rim, hookless carbon, 30mm inner width, tubeless ready, Industry 9 Hydra Hub, 15x110mm, 28h, DT Swiss Revolite Spokes<br \/>\nC\u00e1maras<br \/>\nStandard, Presta Valve<\/li>\n<li>Cockpit<br \/>\nPu\u00f1os<br \/>\nDeity Lockjaw Grips<br \/>\nTija del sill\u00edn<br \/>\nFOX Transfer NEO Factory, 34.9, S1:125mm, S2: 150mm, S3: 175mm, S4-S6: 200mm<br \/>\nPotencia<br \/>\nRace Face Turbine R,35mm clamp,40mm length<br \/>\nManillar<br \/>\nRaceFace ERA Carbon, 5-degree upsweep, 8-degree backsweep. S1-S2: 800 width, 20mm rise: S3-S6: 800 width, 55mm rise<br \/>\nSill\u00edn<br \/>\nSpecialized S-Works Power Mirror, Ti Rails, S1-S2: 155mm, S3-S6:143mm <\/li>\n<li>Detalles del producto<br \/>\nIdentificador del producto<br \/>\n291508<\/li>\n<li>Peso<br \/>\nPeso<br \/>\n13.95 kg (30 lb, 12.1 oz)<br \/>\nTalla<br \/>\nS4<\/li>\n<\/ul>\n","protected":false},"excerpt":{"rendered":"<p>La Stumpjumper 15 ha llegado para acabar con todos los inconvenientes del Trail. \u00bfDevorar los saltos como una bici de gran recorrido? \u00bfControl de corto recorrido, diversi\u00f3n y eficiencia? \u00bfY qu\u00e9 tal una buena dosis de personalizaci\u00f3n para hacerla perfecta para el \u00fanico rider que realmente importa: t\u00fa? Comprobado.    <\/p>\n","protected":false},"featured_media":417460,"comment_status":"open","ping_status":"closed","template":"","meta":{"_acf_changed":false,"_et_pb_use_builder":"","_et_pb_old_content":"","_et_gb_content_width":"","inline_featured_image":false},"product_brand":[],"product_cat":[5368,5367,2449,358],"product_tag":[],"class_list":{"0":"post-424093","1":"product","2":"type-product","3":"status-publish","4":"has-post-thumbnail","6":"product_cat-bicicletas-montana-carbono-en","7":"product_cat-bicicletas-montana-specialized-en","8":"product_cat-bicycles","9":"product_cat-mountain","10":"product_shipping_class-bicicletas-en","12":"first","13":"instock","14":"taxable","15":"shipping-taxable","16":"purchasable","17":"product-type-variable","18":"wvs-archive-product-wrapper"},"acf":[],"yoast_head":"<!-- This site is optimized with the Yoast SEO Premium plugin v26.7 (Yoast SEO v26.7) - https:\/\/yoast.com\/wordpress\/plugins\/seo\/ -->\n<title>Specialized S-Works Stumpjumper 15 EVO Di2 2026 27\u00b45\u00b4\u00b4<\/title>\n<meta name=\"description\" content=\"La Stumpjumper 15 ha llegado para acabar con todos los inconvenientes del Trail. \u00bfDevorar los saltos como una bici de gran recorrido? \u00bfControl de corto recorrido, diversi\u00f3n y eficiencia? \u00bfY qu\u00e9 tal una buena dosis de personalizaci\u00f3n para hacerla perfecta para el \u00fanico rider que realmente importa: t\u00fa? Comprobado.\" \/>\n<meta name=\"robots\" content=\"index, follow, max-snippet:-1, max-image-preview:large, max-video-preview:-1\" \/>\n<link rel=\"canonical\" href=\"https:\/\/gr-100.com\/en\/producto\/specialized-s-works-stumpjumper-15-evo-di2-2026-275\/\" \/>\n<meta property=\"og:locale\" content=\"en_US\" \/>\n<meta property=\"og:type\" content=\"article\" \/>\n<meta property=\"og:title\" content=\"Specialized S-Works Stumpjumper 15 EVO Di2 2026 27\u00b45\u00b4\u00b4\" \/>\n<meta property=\"og:description\" content=\"La Stumpjumper 15 ha llegado para acabar con todos los inconvenientes del Trail. \u00bfDevorar los saltos como una bici de gran recorrido? \u00bfControl de corto recorrido, diversi\u00f3n y eficiencia? \u00bfY qu\u00e9 tal una buena dosis de personalizaci\u00f3n para hacerla perfecta para el \u00fanico rider que realmente importa: t\u00fa? Comprobado.\" \/>\n<meta property=\"og:url\" content=\"https:\/\/gr-100.com\/en\/producto\/specialized-s-works-stumpjumper-15-evo-di2-2026-275\/\" \/>\n<meta property=\"og:site_name\" content=\"Gr-100 Tienda de ciclismo Specialized\" \/>\n<meta property=\"article:publisher\" content=\"https:\/\/www.facebook.com\/Gr100Bikes\" \/>\n<meta property=\"og:image\" content=\"https:\/\/gr-100.com\/wp-content\/uploads\/2025\/09\/Diseno-sin-titulo-2025-09-24T111857.519.jpg\" \/>\n\t<meta property=\"og:image:width\" content=\"1000\" \/>\n\t<meta property=\"og:image:height\" content=\"1000\" \/>\n\t<meta property=\"og:image:type\" content=\"image\/jpeg\" \/>\n<meta name=\"twitter:card\" content=\"summary_large_image\" \/>\n<meta name=\"twitter:label1\" content=\"Est. reading time\" \/>\n\t<meta name=\"twitter:data1\" content=\"2 minutes\" \/>\n<script type=\"application\/ld+json\" class=\"yoast-schema-graph\">{\"@context\":\"https:\/\/schema.org\",\"@graph\":[{\"@type\":\"WebPage\",\"@id\":\"https:\/\/gr-100.com\/en\/producto\/specialized-s-works-stumpjumper-15-evo-di2-2026-275\/\",\"url\":\"https:\/\/gr-100.com\/en\/producto\/specialized-s-works-stumpjumper-15-evo-di2-2026-275\/\",\"name\":\"Specialized S-Works Stumpjumper 15 EVO Di2 2026 27\u00b45\u00b4\u00b4\",\"isPartOf\":{\"@id\":\"https:\/\/gr-100.com\/#website\"},\"primaryImageOfPage\":{\"@id\":\"https:\/\/gr-100.com\/en\/producto\/specialized-s-works-stumpjumper-15-evo-di2-2026-275\/#primaryimage\"},\"image\":{\"@id\":\"https:\/\/gr-100.com\/en\/producto\/specialized-s-works-stumpjumper-15-evo-di2-2026-275\/#primaryimage\"},\"thumbnailUrl\":\"https:\/\/gr-100.com\/wp-content\/uploads\/2025\/09\/Diseno-sin-titulo-2025-09-24T111857.519.jpg\",\"datePublished\":\"2025-09-24T10:38:22+00:00\",\"description\":\"La Stumpjumper 15 ha llegado para acabar con todos los inconvenientes del Trail. \u00bfDevorar los saltos como una bici de gran recorrido? \u00bfControl de corto recorrido, diversi\u00f3n y eficiencia? \u00bfY qu\u00e9 tal una buena dosis de personalizaci\u00f3n para hacerla perfecta para el \u00fanico rider que realmente importa: t\u00fa? Comprobado.\",\"breadcrumb\":{\"@id\":\"https:\/\/gr-100.com\/en\/producto\/specialized-s-works-stumpjumper-15-evo-di2-2026-275\/#breadcrumb\"},\"inLanguage\":\"en-US\",\"potentialAction\":[{\"@type\":\"ReadAction\",\"target\":[\"https:\/\/gr-100.com\/en\/producto\/specialized-s-works-stumpjumper-15-evo-di2-2026-275\/\"]}]},{\"@type\":\"ImageObject\",\"inLanguage\":\"en-US\",\"@id\":\"https:\/\/gr-100.com\/en\/producto\/specialized-s-works-stumpjumper-15-evo-di2-2026-275\/#primaryimage\",\"url\":\"https:\/\/gr-100.com\/wp-content\/uploads\/2025\/09\/Diseno-sin-titulo-2025-09-24T111857.519.jpg\",\"contentUrl\":\"https:\/\/gr-100.com\/wp-content\/uploads\/2025\/09\/Diseno-sin-titulo-2025-09-24T111857.519.jpg\",\"width\":1000,\"height\":1000},{\"@type\":\"BreadcrumbList\",\"@id\":\"https:\/\/gr-100.com\/en\/producto\/specialized-s-works-stumpjumper-15-evo-di2-2026-275\/#breadcrumb\",\"itemListElement\":[{\"@type\":\"ListItem\",\"position\":1,\"name\":\"Portada\",\"item\":\"https:\/\/gr-100.com\/pt-pt\/\"},{\"@type\":\"ListItem\",\"position\":2,\"name\":\"Productos\",\"item\":\"https:\/\/gr-100.com\/?post_type=product\"},{\"@type\":\"ListItem\",\"position\":3,\"name\":\"Specialized S-Works Stumpjumper 15 EVO Di2 2026 27\u00b45\u00b4\u00b4\"}]},{\"@type\":\"WebSite\",\"@id\":\"https:\/\/gr-100.com\/#website\",\"url\":\"https:\/\/gr-100.com\/\",\"name\":\"Gr-100 Tienda de ciclismo Specialized\",\"description\":\"GR-100 tenemos todas las gamas de bicicletas Specialized al mejor precio.\",\"publisher\":{\"@id\":\"https:\/\/gr-100.com\/#organization\"},\"alternateName\":\"Gr-100 Bikes\",\"potentialAction\":[{\"@type\":\"SearchAction\",\"target\":{\"@type\":\"EntryPoint\",\"urlTemplate\":\"https:\/\/gr-100.com\/?s={search_term_string}\"},\"query-input\":{\"@type\":\"PropertyValueSpecification\",\"valueRequired\":true,\"valueName\":\"search_term_string\"}}],\"inLanguage\":\"en-US\"},{\"@type\":\"Organization\",\"@id\":\"https:\/\/gr-100.com\/#organization\",\"name\":\"Gr-100\",\"url\":\"https:\/\/gr-100.com\/\",\"logo\":{\"@type\":\"ImageObject\",\"inLanguage\":\"en-US\",\"@id\":\"https:\/\/gr-100.com\/#\/schema\/logo\/image\/\",\"url\":\"https:\/\/gr-100.com\/wp-content\/uploads\/2023\/08\/logo-gr-100-bikes.png\",\"contentUrl\":\"https:\/\/gr-100.com\/wp-content\/uploads\/2023\/08\/logo-gr-100-bikes.png\",\"width\":707,\"height\":284,\"caption\":\"Gr-100\"},\"image\":{\"@id\":\"https:\/\/gr-100.com\/#\/schema\/logo\/image\/\"},\"sameAs\":[\"https:\/\/www.facebook.com\/Gr100Bikes\",\"https:\/\/www.instagram.com\/gr100bikes\/\",\"https:\/\/www.tiktok.com\/@gr100bikes\",\"https:\/\/twitter.com\/gr100mtbteam\",\"https:\/\/www.youtube.com\/c\/GR100Specialized\"]}]}<\/script>\n<!-- \/ Yoast SEO Premium plugin. -->","yoast_head_json":{"title":"Specialized S-Works Stumpjumper 15 EVO Di2 2026 27\u00b45\u00b4\u00b4","description":"La Stumpjumper 15 ha llegado para acabar con todos los inconvenientes del Trail. \u00bfDevorar los saltos como una bici de gran recorrido? \u00bfControl de corto recorrido, diversi\u00f3n y eficiencia? \u00bfY qu\u00e9 tal una buena dosis de personalizaci\u00f3n para hacerla perfecta para el \u00fanico rider que realmente importa: t\u00fa? Comprobado.","robots":{"index":"index","follow":"follow","max-snippet":"max-snippet:-1","max-image-preview":"max-image-preview:large","max-video-preview":"max-video-preview:-1"},"canonical":"https:\/\/gr-100.com\/en\/producto\/specialized-s-works-stumpjumper-15-evo-di2-2026-275\/","og_locale":"en_US","og_type":"article","og_title":"Specialized S-Works Stumpjumper 15 EVO Di2 2026 27\u00b45\u00b4\u00b4","og_description":"La Stumpjumper 15 ha llegado para acabar con todos los inconvenientes del Trail. \u00bfDevorar los saltos como una bici de gran recorrido? \u00bfControl de corto recorrido, diversi\u00f3n y eficiencia? \u00bfY qu\u00e9 tal una buena dosis de personalizaci\u00f3n para hacerla perfecta para el \u00fanico rider que realmente importa: t\u00fa? Comprobado.","og_url":"https:\/\/gr-100.com\/en\/producto\/specialized-s-works-stumpjumper-15-evo-di2-2026-275\/","og_site_name":"Gr-100 Tienda de ciclismo Specialized","article_publisher":"https:\/\/www.facebook.com\/Gr100Bikes","og_image":[{"width":1000,"height":1000,"url":"https:\/\/gr-100.com\/wp-content\/uploads\/2025\/09\/Diseno-sin-titulo-2025-09-24T111857.519.jpg","type":"image\/jpeg"}],"twitter_card":"summary_large_image","twitter_misc":{"Est. reading time":"2 minutes"},"schema":{"@context":"https:\/\/schema.org","@graph":[{"@type":"WebPage","@id":"https:\/\/gr-100.com\/en\/producto\/specialized-s-works-stumpjumper-15-evo-di2-2026-275\/","url":"https:\/\/gr-100.com\/en\/producto\/specialized-s-works-stumpjumper-15-evo-di2-2026-275\/","name":"Specialized S-Works Stumpjumper 15 EVO Di2 2026 27\u00b45\u00b4\u00b4","isPartOf":{"@id":"https:\/\/gr-100.com\/#website"},"primaryImageOfPage":{"@id":"https:\/\/gr-100.com\/en\/producto\/specialized-s-works-stumpjumper-15-evo-di2-2026-275\/#primaryimage"},"image":{"@id":"https:\/\/gr-100.com\/en\/producto\/specialized-s-works-stumpjumper-15-evo-di2-2026-275\/#primaryimage"},"thumbnailUrl":"https:\/\/gr-100.com\/wp-content\/uploads\/2025\/09\/Diseno-sin-titulo-2025-09-24T111857.519.jpg","datePublished":"2025-09-24T10:38:22+00:00","description":"La Stumpjumper 15 ha llegado para acabar con todos los inconvenientes del Trail. \u00bfDevorar los saltos como una bici de gran recorrido? \u00bfControl de corto recorrido, diversi\u00f3n y eficiencia? \u00bfY qu\u00e9 tal una buena dosis de personalizaci\u00f3n para hacerla perfecta para el \u00fanico rider que realmente importa: t\u00fa? Comprobado.","breadcrumb":{"@id":"https:\/\/gr-100.com\/en\/producto\/specialized-s-works-stumpjumper-15-evo-di2-2026-275\/#breadcrumb"},"inLanguage":"en-US","potentialAction":[{"@type":"ReadAction","target":["https:\/\/gr-100.com\/en\/producto\/specialized-s-works-stumpjumper-15-evo-di2-2026-275\/"]}]},{"@type":"ImageObject","inLanguage":"en-US","@id":"https:\/\/gr-100.com\/en\/producto\/specialized-s-works-stumpjumper-15-evo-di2-2026-275\/#primaryimage","url":"https:\/\/gr-100.com\/wp-content\/uploads\/2025\/09\/Diseno-sin-titulo-2025-09-24T111857.519.jpg","contentUrl":"https:\/\/gr-100.com\/wp-content\/uploads\/2025\/09\/Diseno-sin-titulo-2025-09-24T111857.519.jpg","width":1000,"height":1000},{"@type":"BreadcrumbList","@id":"https:\/\/gr-100.com\/en\/producto\/specialized-s-works-stumpjumper-15-evo-di2-2026-275\/#breadcrumb","itemListElement":[{"@type":"ListItem","position":1,"name":"Portada","item":"https:\/\/gr-100.com\/pt-pt\/"},{"@type":"ListItem","position":2,"name":"Productos","item":"https:\/\/gr-100.com\/?post_type=product"},{"@type":"ListItem","position":3,"name":"Specialized S-Works Stumpjumper 15 EVO Di2 2026 27\u00b45\u00b4\u00b4"}]},{"@type":"WebSite","@id":"https:\/\/gr-100.com\/#website","url":"https:\/\/gr-100.com\/","name":"Gr-100 Tienda de ciclismo Specialized","description":"GR-100 tenemos todas las gamas de bicicletas Specialized al mejor precio.","publisher":{"@id":"https:\/\/gr-100.com\/#organization"},"alternateName":"Gr-100 Bikes","potentialAction":[{"@type":"SearchAction","target":{"@type":"EntryPoint","urlTemplate":"https:\/\/gr-100.com\/?s={search_term_string}"},"query-input":{"@type":"PropertyValueSpecification","valueRequired":true,"valueName":"search_term_string"}}],"inLanguage":"en-US"},{"@type":"Organization","@id":"https:\/\/gr-100.com\/#organization","name":"Gr-100","url":"https:\/\/gr-100.com\/","logo":{"@type":"ImageObject","inLanguage":"en-US","@id":"https:\/\/gr-100.com\/#\/schema\/logo\/image\/","url":"https:\/\/gr-100.com\/wp-content\/uploads\/2023\/08\/logo-gr-100-bikes.png","contentUrl":"https:\/\/gr-100.com\/wp-content\/uploads\/2023\/08\/logo-gr-100-bikes.png","width":707,"height":284,"caption":"Gr-100"},"image":{"@id":"https:\/\/gr-100.com\/#\/schema\/logo\/image\/"},"sameAs":["https:\/\/www.facebook.com\/Gr100Bikes","https:\/\/www.instagram.com\/gr100bikes\/","https:\/\/www.tiktok.com\/@gr100bikes","https:\/\/twitter.com\/gr100mtbteam","https:\/\/www.youtube.com\/c\/GR100Specialized"]}]}},"_links":{"self":[{"href":"https:\/\/gr-100.com\/en\/wp-json\/wp\/v2\/product\/424093","targetHints":{"allow":["GET"]}}],"collection":[{"href":"https:\/\/gr-100.com\/en\/wp-json\/wp\/v2\/product"}],"about":[{"href":"https:\/\/gr-100.com\/en\/wp-json\/wp\/v2\/types\/product"}],"replies":[{"embeddable":true,"href":"https:\/\/gr-100.com\/en\/wp-json\/wp\/v2\/comments?post=424093"}],"wp:featuredmedia":[{"embeddable":true,"href":"https:\/\/gr-100.com\/en\/wp-json\/wp\/v2\/media\/417460"}],"wp:attachment":[{"href":"https:\/\/gr-100.com\/en\/wp-json\/wp\/v2\/media?parent=424093"}],"wp:term":[{"taxonomy":"product_brand","embeddable":true,"href":"https:\/\/gr-100.com\/en\/wp-json\/wp\/v2\/product_brand?post=424093"},{"taxonomy":"product_cat","embeddable":true,"href":"https:\/\/gr-100.com\/en\/wp-json\/wp\/v2\/product_cat?post=424093"},{"taxonomy":"product_tag","embeddable":true,"href":"https:\/\/gr-100.com\/en\/wp-json\/wp\/v2\/product_tag?post=424093"}],"curies":[{"name":"wp","href":"https:\/\/api.w.org\/{rel}","templated":true}]}}