{"id":424502,"date":"2025-09-11T16:01:05","date_gmt":"2025-09-11T15:01:05","guid":{"rendered":"https:\/\/gr-100.com\/producto\/specialized-p-3-26-2026\/"},"modified":"2026-02-10T13:34:49","modified_gmt":"2026-02-10T11:34:49","slug":"specialized-p-3-26-2026","status":"publish","type":"product","link":"https:\/\/gr-100.com\/en\/producto\/specialized-p-3-26-2026\/","title":{"rendered":"Specialized P.3 26&#8243; 2026"},"content":{"rendered":"<div class=\"ProductLongDescription__Html\">\n<p>Este cuadro P.Series totalmente redise\u00f1ado ofrece a los ciclistas de todas las tallas un punto de partida hacia una vida sobre ruedas. Su geometr\u00eda basada en el rendimiento y el cockpit hacen que los riders se sientan m\u00e1s c\u00f3modos tanto aprendiendo en el pumptrack como volando en los saltos de los senderos. Nuestro enfoque de estas robustas bicicletas se centra en ofrecer una plataforma sencilla y de alta calidad que sea vers\u00e1til para todos los riders, y que incluya caracter\u00edsticas pioneras en su categor\u00eda que marquen la diferencia.  <\/p>\n<p><strong>ANTE TODO SIMPLICIDAD &#8211;<\/strong> Para el ciclista que se centra en la progresi\u00f3n, eliminar cualquier otra variable es primordial. El cuadro de aluminio ligero y duradero de la P.Series resiste las duras exigencias del Dirt Jump e integra los cables en el interior.<br \/>\n<strong>TALLAS PARA TODOS &#8211;<\/strong> En un nicho tan peque\u00f1o, una bicicleta tan espec\u00edfica como la P.Series sol\u00eda estar disponible en un n\u00famero m\u00ednimo de tallas. Por eso dimos un paso atr\u00e1s para dise\u00f1ar una nueva gama de tama\u00f1os. Desde una bicicleta de 20 pulgadas para saltos de tierra hasta una bicicleta de 27,5 pulgadas para aquellos que se atrevan con los backflips.<br \/>\n<strong>REIMAGINA TU BICICLETA &#8211;<\/strong> Los cuadros P.Series est\u00e1n listos para montar tija telesc\u00f3pica, y son compatibles con desviador para poner transmisi\u00f3n.<br \/>\n<strong>TECNOLOG\u00cdA DE ALTA RESISTENCIA &#8211;<\/strong> El buje Boost en la parte trasera, el tubo de direcci\u00f3n c\u00f3nico y la caja de pedalier roscada hacen que las P.Series sean r\u00edgidas y f\u00e1ciles de mantener. La bici viene de serie con los nuevos neum\u00e1ticos Kicker 2.1&#8221; (aunque se pueden montar neum\u00e1ticos de hasta 2.35&#8221; de Trail, con los que podr\u00e1s encontrar velocidad y agarre en casi cualquier terreno. <\/p>\n<p><strong>Technical specifications<\/strong><\/p>\n<ul>\n<li>Cuadro<br \/>\n<strong>Abrazadera de sill\u00edn<\/strong><br \/>\nAleaci\u00f3n, tornillo \u00fanico, 34,9 mm<br \/>\n<strong>Cuadro<\/strong><br \/>\nSpecialized A1 Premium Aluminum, compatible con ruedas de 26\/27,5&#8243;, tubos totalmente hidroformados, tubo de direcci\u00f3n c\u00f3nico, caja de pedalier roscada BSA de 73 mm, punteras deslizantes con eje pasante 12&#215;148, compatible con una sola velocidad o con marchas, guiado interno de cables, tubo de sill\u00edn de 30,9 mm, compatible con tija telesc\u00f3pica<\/li>\n<li>Suspensi\u00f3n<br \/>\n<strong>Horquilla<\/strong><br \/>\n2025 Marzocchi Bomber DJ, 26&#8243;, 100 mm de recorrido, Grip, ajuste Sweep, color negro mate con logotipo negro mate, 15&#215;100 mm, offset de 37 mm<\/li>\n<li>Frenos<br \/>\n<strong>Freno trasero<\/strong><br \/>\nSRAM DB4, pinza de 4 pistones, disco hidr\u00e1ulico<br \/>\n<strong>Freno delantero<\/strong><br \/>\nTektro, disco mec\u00e1nico, pastillas de resina, rotor de 160 mm<\/li>\n<li>Transmisi\u00f3n<br \/>\n<strong>Cassette<\/strong><br \/>\n17 D, incluido con el buje trasero<br \/>\n<strong>Caja de pedalier<\/strong><br \/>\nBSA 73 mm, di\u00e1metro del eje 24 mm<br \/>\n<strong>Bielas<\/strong><br \/>\nBielas de aleaci\u00f3n, plato de montaje directo 1x, longitud 165 mm<br \/>\n<strong>Cadena<\/strong><br \/>\nKMC Z610, una velocidad, 1\/2&#215;3\/32&#8243;<br \/>\n<strong>Plato<\/strong><br \/>\nAcero Narrow Wide 42 D<\/li>\n<li>Wheels and tires<br \/>\n<strong>Buje trasero<\/strong><br \/>\nBear Pawl, 6 tornillos, 12&#215;148 TA, 32 radios, una velocidad<br \/>\n<strong>Llantas<\/strong><br \/>\nP.Series, 32 orificios, ancho interno 26 mm, solo para freno de disco<br \/>\n<strong>Neum\u00e1tico delantero<\/strong><br \/>\nSpecialized Kicker Wirebead, 26&#215;2.1&#8243;<br \/>\n<strong>Neum\u00e1tico trasero<\/strong><br \/>\nSpecialized Kicker Wirebead, 26&#215;2.1&#8243;<br \/>\n<strong>Buje delantero<\/strong><br \/>\nSpecialized de aleaci\u00f3n para freno de disco, rodamientos sellados, 6 tornillos, eje pasante 15&#215;110 mm, 32 radios<br \/>\n<strong>Radios<\/strong><br \/>\nAcero inoxidable, 14 g<br \/>\n<strong>C\u00e1maras<\/strong><br \/>\nStandard 40 mm SV 26&#215;1.75-2.4<\/li>\n<li>Cockpit<br \/>\n<strong>Potencia<\/strong><br \/>\nSpecialized Alloy Trail de 35 mm<br \/>\n<strong>Manillar<\/strong><br \/>\nSpecialized P.Series MTB Dirt, aleaci\u00f3n 6061, retroceso 9\u00b0, inclinaci\u00f3n 6\u00b0, elevaci\u00f3n 38 mm, ancho 750 mm, abrazadera 31,8 mm<br \/>\n<strong>Sill\u00edn<\/strong><br \/>\nSpecialized P.Series, ra\u00edles de acero<br \/>\n<strong>Pu\u00f1os<\/strong><br \/>\nSpecialized Trail Grips, con bloqueo<br \/>\n<strong>Tija de sill\u00edn<\/strong><br \/>\nSpecialized, aleaci\u00f3n 6061, abrazadera de 2 tornillos, 0 mm de retroceso, 30,9 mm<\/li>\n<li>Accesorios<br \/>\n<strong>Pedales<\/strong><br \/>\nSpecialized, de plataforma<\/li>\n<li>Detalles del producto<br \/>\n<strong>Peso<\/strong><br \/>\n11,59 kg (25 lb, 8,8 oz)<\/li>\n<\/ul>\n<\/div>\n","protected":false},"excerpt":{"rendered":"<ul class=\"bullet_points\">\n<li class=\"bullet_item\">Horquilla Marzocchi de alto rendimiento y ajustable.<\/li>\n<li class=\"bullet_item\">Ruedas de una \u00fanica marcha ligeras y resistentes.<\/li>\n<li class=\"bullet_item\">Neum\u00e1ticos Specialized Kicker de gran agarre tanto en tierra como asfalto.<\/li>\n<\/ul>\n","protected":false},"featured_media":415557,"comment_status":"open","ping_status":"closed","template":"","meta":{"_acf_changed":false,"_et_pb_use_builder":"","_et_pb_old_content":"","_et_gb_content_width":"","inline_featured_image":false},"product_brand":[],"product_cat":[5367,2449,358,2472],"product_tag":[],"class_list":{"0":"post-424502","1":"product","2":"type-product","3":"status-publish","4":"has-post-thumbnail","6":"product_cat-bicicletas-montana-specialized-en","7":"product_cat-bicycles","8":"product_cat-mountain","9":"product_cat-specialized-bikes","10":"product_shipping_class-bicicletas-en","12":"first","13":"instock","14":"taxable","15":"shipping-taxable","16":"purchasable","17":"product-type-variable","18":"wvs-archive-product-wrapper"},"acf":[],"yoast_head":"<!-- This site is optimized with the Yoast SEO Premium plugin v26.7 (Yoast SEO v26.7) - https:\/\/yoast.com\/wordpress\/plugins\/seo\/ -->\n<title>Specialized P.3 26&quot; 2026 GR-100<\/title>\n<meta name=\"description\" content=\"Este cuadro P.Series totalmente redise\u00f1ado ofrece a los ciclistas de todas las tallas un punto de partida hacia una vida sobre ruedas.\" \/>\n<meta name=\"robots\" content=\"index, follow, max-snippet:-1, max-image-preview:large, max-video-preview:-1\" \/>\n<link rel=\"canonical\" href=\"https:\/\/gr-100.com\/en\/producto\/specialized-p-3-26-2026\/\" \/>\n<meta property=\"og:locale\" content=\"en_US\" \/>\n<meta property=\"og:type\" content=\"article\" \/>\n<meta property=\"og:title\" content=\"Specialized P.3 26&quot; 2026\" \/>\n<meta property=\"og:description\" content=\"Este cuadro P.Series totalmente redise\u00f1ado ofrece a los ciclistas de todas las tallas un punto de partida hacia una vida sobre ruedas.\" \/>\n<meta property=\"og:url\" content=\"https:\/\/gr-100.com\/en\/producto\/specialized-p-3-26-2026\/\" \/>\n<meta property=\"og:site_name\" content=\"Gr-100 Tienda de ciclismo Specialized\" \/>\n<meta property=\"article:publisher\" content=\"https:\/\/www.facebook.com\/Gr100Bikes\" \/>\n<meta property=\"article:modified_time\" content=\"2026-02-10T11:34:49+00:00\" \/>\n<meta property=\"og:image\" content=\"https:\/\/gr-100.com\/wp-content\/uploads\/2025\/09\/specialized_p3.jpg\" \/>\n\t<meta property=\"og:image:width\" content=\"1000\" \/>\n\t<meta property=\"og:image:height\" content=\"1000\" \/>\n\t<meta property=\"og:image:type\" content=\"image\/jpeg\" \/>\n<meta name=\"twitter:card\" content=\"summary_large_image\" \/>\n<meta name=\"twitter:label1\" content=\"Est. reading time\" \/>\n\t<meta name=\"twitter:data1\" content=\"3 minutes\" \/>\n<script type=\"application\/ld+json\" class=\"yoast-schema-graph\">{\"@context\":\"https:\/\/schema.org\",\"@graph\":[{\"@type\":\"WebPage\",\"@id\":\"https:\/\/gr-100.com\/en\/producto\/specialized-p-3-26-2026\/\",\"url\":\"https:\/\/gr-100.com\/en\/producto\/specialized-p-3-26-2026\/\",\"name\":\"Specialized P.3 26\\\" 2026 GR-100\",\"isPartOf\":{\"@id\":\"https:\/\/gr-100.com\/#website\"},\"primaryImageOfPage\":{\"@id\":\"https:\/\/gr-100.com\/en\/producto\/specialized-p-3-26-2026\/#primaryimage\"},\"image\":{\"@id\":\"https:\/\/gr-100.com\/en\/producto\/specialized-p-3-26-2026\/#primaryimage\"},\"thumbnailUrl\":\"https:\/\/gr-100.com\/wp-content\/uploads\/2025\/09\/specialized_p3.jpg\",\"datePublished\":\"2025-09-11T15:01:05+00:00\",\"dateModified\":\"2026-02-10T11:34:49+00:00\",\"description\":\"Este cuadro P.Series totalmente redise\u00f1ado ofrece a los ciclistas de todas las tallas un punto de partida hacia una vida sobre ruedas.\",\"breadcrumb\":{\"@id\":\"https:\/\/gr-100.com\/en\/producto\/specialized-p-3-26-2026\/#breadcrumb\"},\"inLanguage\":\"en-US\",\"potentialAction\":[{\"@type\":\"ReadAction\",\"target\":[\"https:\/\/gr-100.com\/en\/producto\/specialized-p-3-26-2026\/\"]}]},{\"@type\":\"ImageObject\",\"inLanguage\":\"en-US\",\"@id\":\"https:\/\/gr-100.com\/en\/producto\/specialized-p-3-26-2026\/#primaryimage\",\"url\":\"https:\/\/gr-100.com\/wp-content\/uploads\/2025\/09\/specialized_p3.jpg\",\"contentUrl\":\"https:\/\/gr-100.com\/wp-content\/uploads\/2025\/09\/specialized_p3.jpg\",\"width\":1000,\"height\":1000},{\"@type\":\"BreadcrumbList\",\"@id\":\"https:\/\/gr-100.com\/en\/producto\/specialized-p-3-26-2026\/#breadcrumb\",\"itemListElement\":[{\"@type\":\"ListItem\",\"position\":1,\"name\":\"Portada\",\"item\":\"https:\/\/gr-100.com\/pt-pt\/\"},{\"@type\":\"ListItem\",\"position\":2,\"name\":\"Productos\",\"item\":\"https:\/\/gr-100.com\/?post_type=product\"},{\"@type\":\"ListItem\",\"position\":3,\"name\":\"Specialized P.3 26&#8243; 2026\"}]},{\"@type\":\"WebSite\",\"@id\":\"https:\/\/gr-100.com\/#website\",\"url\":\"https:\/\/gr-100.com\/\",\"name\":\"Gr-100 Tienda de ciclismo Specialized\",\"description\":\"GR-100 tenemos todas las gamas de bicicletas Specialized al mejor precio.\",\"publisher\":{\"@id\":\"https:\/\/gr-100.com\/#organization\"},\"alternateName\":\"Gr-100 Bikes\",\"potentialAction\":[{\"@type\":\"SearchAction\",\"target\":{\"@type\":\"EntryPoint\",\"urlTemplate\":\"https:\/\/gr-100.com\/?s={search_term_string}\"},\"query-input\":{\"@type\":\"PropertyValueSpecification\",\"valueRequired\":true,\"valueName\":\"search_term_string\"}}],\"inLanguage\":\"en-US\"},{\"@type\":\"Organization\",\"@id\":\"https:\/\/gr-100.com\/#organization\",\"name\":\"Gr-100\",\"url\":\"https:\/\/gr-100.com\/\",\"logo\":{\"@type\":\"ImageObject\",\"inLanguage\":\"en-US\",\"@id\":\"https:\/\/gr-100.com\/#\/schema\/logo\/image\/\",\"url\":\"https:\/\/gr-100.com\/wp-content\/uploads\/2023\/08\/logo-gr-100-bikes.png\",\"contentUrl\":\"https:\/\/gr-100.com\/wp-content\/uploads\/2023\/08\/logo-gr-100-bikes.png\",\"width\":707,\"height\":284,\"caption\":\"Gr-100\"},\"image\":{\"@id\":\"https:\/\/gr-100.com\/#\/schema\/logo\/image\/\"},\"sameAs\":[\"https:\/\/www.facebook.com\/Gr100Bikes\",\"https:\/\/www.instagram.com\/gr100bikes\/\",\"https:\/\/www.tiktok.com\/@gr100bikes\",\"https:\/\/twitter.com\/gr100mtbteam\",\"https:\/\/www.youtube.com\/c\/GR100Specialized\"]}]}<\/script>\n<!-- \/ Yoast SEO Premium plugin. -->","yoast_head_json":{"title":"Specialized P.3 26\" 2026 GR-100","description":"Este cuadro P.Series totalmente redise\u00f1ado ofrece a los ciclistas de todas las tallas un punto de partida hacia una vida sobre ruedas.","robots":{"index":"index","follow":"follow","max-snippet":"max-snippet:-1","max-image-preview":"max-image-preview:large","max-video-preview":"max-video-preview:-1"},"canonical":"https:\/\/gr-100.com\/en\/producto\/specialized-p-3-26-2026\/","og_locale":"en_US","og_type":"article","og_title":"Specialized P.3 26\" 2026","og_description":"Este cuadro P.Series totalmente redise\u00f1ado ofrece a los ciclistas de todas las tallas un punto de partida hacia una vida sobre ruedas.","og_url":"https:\/\/gr-100.com\/en\/producto\/specialized-p-3-26-2026\/","og_site_name":"Gr-100 Tienda de ciclismo Specialized","article_publisher":"https:\/\/www.facebook.com\/Gr100Bikes","article_modified_time":"2026-02-10T11:34:49+00:00","og_image":[{"width":1000,"height":1000,"url":"https:\/\/gr-100.com\/wp-content\/uploads\/2025\/09\/specialized_p3.jpg","type":"image\/jpeg"}],"twitter_card":"summary_large_image","twitter_misc":{"Est. reading time":"3 minutes"},"schema":{"@context":"https:\/\/schema.org","@graph":[{"@type":"WebPage","@id":"https:\/\/gr-100.com\/en\/producto\/specialized-p-3-26-2026\/","url":"https:\/\/gr-100.com\/en\/producto\/specialized-p-3-26-2026\/","name":"Specialized P.3 26\" 2026 GR-100","isPartOf":{"@id":"https:\/\/gr-100.com\/#website"},"primaryImageOfPage":{"@id":"https:\/\/gr-100.com\/en\/producto\/specialized-p-3-26-2026\/#primaryimage"},"image":{"@id":"https:\/\/gr-100.com\/en\/producto\/specialized-p-3-26-2026\/#primaryimage"},"thumbnailUrl":"https:\/\/gr-100.com\/wp-content\/uploads\/2025\/09\/specialized_p3.jpg","datePublished":"2025-09-11T15:01:05+00:00","dateModified":"2026-02-10T11:34:49+00:00","description":"Este cuadro P.Series totalmente redise\u00f1ado ofrece a los ciclistas de todas las tallas un punto de partida hacia una vida sobre ruedas.","breadcrumb":{"@id":"https:\/\/gr-100.com\/en\/producto\/specialized-p-3-26-2026\/#breadcrumb"},"inLanguage":"en-US","potentialAction":[{"@type":"ReadAction","target":["https:\/\/gr-100.com\/en\/producto\/specialized-p-3-26-2026\/"]}]},{"@type":"ImageObject","inLanguage":"en-US","@id":"https:\/\/gr-100.com\/en\/producto\/specialized-p-3-26-2026\/#primaryimage","url":"https:\/\/gr-100.com\/wp-content\/uploads\/2025\/09\/specialized_p3.jpg","contentUrl":"https:\/\/gr-100.com\/wp-content\/uploads\/2025\/09\/specialized_p3.jpg","width":1000,"height":1000},{"@type":"BreadcrumbList","@id":"https:\/\/gr-100.com\/en\/producto\/specialized-p-3-26-2026\/#breadcrumb","itemListElement":[{"@type":"ListItem","position":1,"name":"Portada","item":"https:\/\/gr-100.com\/pt-pt\/"},{"@type":"ListItem","position":2,"name":"Productos","item":"https:\/\/gr-100.com\/?post_type=product"},{"@type":"ListItem","position":3,"name":"Specialized P.3 26&#8243; 2026"}]},{"@type":"WebSite","@id":"https:\/\/gr-100.com\/#website","url":"https:\/\/gr-100.com\/","name":"Gr-100 Tienda de ciclismo Specialized","description":"GR-100 tenemos todas las gamas de bicicletas Specialized al mejor precio.","publisher":{"@id":"https:\/\/gr-100.com\/#organization"},"alternateName":"Gr-100 Bikes","potentialAction":[{"@type":"SearchAction","target":{"@type":"EntryPoint","urlTemplate":"https:\/\/gr-100.com\/?s={search_term_string}"},"query-input":{"@type":"PropertyValueSpecification","valueRequired":true,"valueName":"search_term_string"}}],"inLanguage":"en-US"},{"@type":"Organization","@id":"https:\/\/gr-100.com\/#organization","name":"Gr-100","url":"https:\/\/gr-100.com\/","logo":{"@type":"ImageObject","inLanguage":"en-US","@id":"https:\/\/gr-100.com\/#\/schema\/logo\/image\/","url":"https:\/\/gr-100.com\/wp-content\/uploads\/2023\/08\/logo-gr-100-bikes.png","contentUrl":"https:\/\/gr-100.com\/wp-content\/uploads\/2023\/08\/logo-gr-100-bikes.png","width":707,"height":284,"caption":"Gr-100"},"image":{"@id":"https:\/\/gr-100.com\/#\/schema\/logo\/image\/"},"sameAs":["https:\/\/www.facebook.com\/Gr100Bikes","https:\/\/www.instagram.com\/gr100bikes\/","https:\/\/www.tiktok.com\/@gr100bikes","https:\/\/twitter.com\/gr100mtbteam","https:\/\/www.youtube.com\/c\/GR100Specialized"]}]}},"_links":{"self":[{"href":"https:\/\/gr-100.com\/en\/wp-json\/wp\/v2\/product\/424502","targetHints":{"allow":["GET"]}}],"collection":[{"href":"https:\/\/gr-100.com\/en\/wp-json\/wp\/v2\/product"}],"about":[{"href":"https:\/\/gr-100.com\/en\/wp-json\/wp\/v2\/types\/product"}],"replies":[{"embeddable":true,"href":"https:\/\/gr-100.com\/en\/wp-json\/wp\/v2\/comments?post=424502"}],"wp:featuredmedia":[{"embeddable":true,"href":"https:\/\/gr-100.com\/en\/wp-json\/wp\/v2\/media\/415557"}],"wp:attachment":[{"href":"https:\/\/gr-100.com\/en\/wp-json\/wp\/v2\/media?parent=424502"}],"wp:term":[{"taxonomy":"product_brand","embeddable":true,"href":"https:\/\/gr-100.com\/en\/wp-json\/wp\/v2\/product_brand?post=424502"},{"taxonomy":"product_cat","embeddable":true,"href":"https:\/\/gr-100.com\/en\/wp-json\/wp\/v2\/product_cat?post=424502"},{"taxonomy":"product_tag","embeddable":true,"href":"https:\/\/gr-100.com\/en\/wp-json\/wp\/v2\/product_tag?post=424502"}],"curies":[{"name":"wp","href":"https:\/\/api.w.org\/{rel}","templated":true}]}}