{"id":424612,"date":"2025-10-07T13:37:38","date_gmt":"2025-10-07T12:37:38","guid":{"rendered":"https:\/\/gr-100.com\/producto\/specialized-sirrus-x-1-0-step-through-2026\/"},"modified":"2025-10-07T13:37:38","modified_gmt":"2025-10-07T11:37:38","slug":"specialized-sirrus-x-1-0-step-through-2026","status":"publish","type":"product","link":"https:\/\/gr-100.com\/en\/producto\/specialized-sirrus-x-1-0-step-through-2026\/","title":{"rendered":"Specialized Sirrus X 1.0 Step Through 2026"},"content":{"rendered":"<ul>\n<li>SUAVE, C\u00d3MODA Y EFICIENTE:<br \/>\nLa Sirrus X ofrece el viaje m\u00e1s suave de su categor\u00eda. Gracias a sus llantas m\u00e1s grandes que inspiran confianza, una posici\u00f3n de conducci\u00f3n ligeramente m\u00e1s erguida y una transmisi\u00f3n de una sola corona s\u00faper intuitiva. <\/li>\n<li>DISE\u00d1ADA CON ENFOQUE EN EL CICLISTA:<br \/>\nComo todas las bicicletas de alto rendimiento de Specialized, la geometr\u00eda de cada cuadro est\u00e1 dise\u00f1ada de manera \u00fanica. Esto significa que para cada talla, el tama\u00f1o de los tubos se selecciona espec\u00edficamente para lograr el equilibrio \u00f3ptimo entre rigidez, peso y capacidad de respuesta, asegurando que, sin importar la talla que uses, experimentar\u00e1s el mejor viaje del mundo. <\/li>\n<li>\u00c1GIL:<br \/>\nPeso ultraligero l\u00edder en su clase, eficiencia de pedaleo excepcional y precisi\u00f3n en la direcci\u00f3n se combinan para una maniobrabilidad segura, casi telep\u00e1tica.<br \/>\nCuadro de aleaci\u00f3n A1 liviano, con guiado interno de cables, 1.7 kg (3.5 lbs) m\u00e1s ligero.<br \/>\nControl m\u00e1ximo mediante cambios intuitivos con transmisi\u00f3n 1&#215;7 de amplio rango.<br \/>\nDespl\u00e1zate sin esfuerzo sobre terrenos irregulares con los neum\u00e1ticos Specialized Pathfinder 42c de rodadura r\u00e1pida, que incorporan el compuesto de goma exclusivo Gripton.<\/li>\n<li>ESPECIFICACIONES T\u00c1CNICAS<\/li>\n<li>Cuadro<br \/>\nCuadro: Specialized A1 Premium Aluminum, geometr\u00eda Fitness, tubos conificados, guiado interno de cables, frenos de disco flat-mount, cierre r\u00e1pido (quick-release), soportes Plug + Play para portabultos y guardabarros.<br \/>\nSuspensi\u00f3n<br \/>\nHorquilla: Acero Hi-Ten, freno de disco flat-mount, soportes Plug + Play para guardabarros, soportes para portabultos low rider, cierre r\u00e1pido.<\/li>\n<li>Frenos<br \/>\nFreno delantero: Lee Chi, freno de disco mec\u00e1nico.<br \/>\nFreno trasero: Lee Chi, freno de disco mec\u00e1nico.<\/li>\n<li>Transmisi\u00f3n<br \/>\nCadena: KMC X8 con Missing Link\u2122.<br \/>\nPlatos: Acero Narrow Wide 42T.<br \/>\nBielas: Prowheel Alloy<br \/>\nTallas XXS &#8211; XS: 165 mm<br \/>\nTallas S &#8211; M: 170 mm<br \/>\nTallas L &#8211; XL: 175 mm<br \/>\nDesviador trasero: Shimano Acera, 8 velocidades.<br \/>\nManeta de cambio: Shimano Altus SL-M315-7R, 7 velocidades.<br \/>\nCaja de pedalier: Cuadrada (square-tapered), 68 mm.<br \/>\nCassette: microSHIFT CS-H074, 7 velocidades, 12-40T.<\/li>\n<li>Ruedas y neum\u00e1ticos<br \/>\nLlantas: 700C para freno de disco, doble pared de aleaci\u00f3n, profundidad 22 mm, ancho interno 21 mm.<br \/>\nBuje delantero: Aleaci\u00f3n, freno de disco de 6 tornillos, rodamientos a bolas sueltas, cierre r\u00e1pido, 32 radios.<br \/>\nBuje trasero: Aleaci\u00f3n, freno de disco de 6 tornillos, freehub para 8\/9 velocidades, rodamientos a bolas sueltas, cierre r\u00e1pido, 36 radios, eje 10&#215;135 mm.<\/li>\n<li>Neum\u00e1ticos:<br \/>\nDelantero: Pathfinder Wirebead Fast Gravel 700x40C<br \/>\nTrasero: Pathfinder Wirebead Fast Gravel 700x40C<br \/>\nRadios: Acero inoxidable, 14g.<br \/>\nC\u00e1maras: Est\u00e1ndar 40mm SV, compatibles con 700&#215;32-50 mm.<\/li>\n<li>Cockpit<br \/>\nPotencia: Aleaci\u00f3n forjada en 3D, 31.8 mm, inclinaci\u00f3n de 7\u00b0.<br \/>\nTija de sill\u00edn: Aleaci\u00f3n, retroceso de 12 mm, abrazadera de 2 tornillos, di\u00e1metro 27.2 mm.<br \/>\nAbrazadera del sill\u00edn: Tipo tornillo, 31.8 mm.<br \/>\nSill\u00edn: Bridge Sport, rieles de acero, anchos 155\/143 mm.<br \/>\nPu\u00f1os: Specialized Neutralizer, Body Geometry, con bloqueo.<br \/>\nManillar: Specialized de aleaci\u00f3n, retroceso de 15\u00b0, elevaci\u00f3n de 46 mm, di\u00e1metro 31.8 mm.<\/li>\n<li>Accesorios<br \/>\nPedales: Specialized, tipo plataforma.<\/li>\n<li>Detalles del producto<br \/>\nIdentificador: 222050<br \/>\nTalla: MD (Mediana)<br \/>\nPeso: 11.72 kg (25 lb, 13.4 oz)<\/li>\n<\/ul>\n","protected":false},"excerpt":{"rendered":"<p>Ofreciendo una combinaci\u00f3n sin precedentes de comodidad, eficiencia y manejo \u00e1gil, la Sirrus X se destaca sobre el asfalto, caminos de tierra y cualquier terreno intermedio.<\/p>\n","protected":false},"featured_media":419046,"comment_status":"open","ping_status":"closed","template":"","meta":{"_acf_changed":false,"_et_pb_use_builder":"","_et_pb_old_content":"","_et_gb_content_width":"","inline_featured_image":false},"product_brand":[],"product_cat":[2449,5279,334,5318],"product_tag":[],"class_list":{"0":"post-424612","1":"product","2":"type-product","3":"status-publish","4":"has-post-thumbnail","6":"product_cat-bicycles","7":"product_cat-bicicletas-urbanas-en","8":"product_cat-road","9":"product_cat-bicicletas-carretera-specialized-en","10":"product_shipping_class-bicicletas-en","12":"first","13":"instock","14":"taxable","15":"shipping-taxable","16":"purchasable","17":"product-type-variable","18":"wvs-archive-product-wrapper"},"acf":[],"yoast_head":"<!-- This site is optimized with the Yoast SEO Premium plugin v26.7 (Yoast SEO v26.7) - https:\/\/yoast.com\/wordpress\/plugins\/seo\/ -->\n<title>Specialized Sirrus X 1.0 Step Through 2026 GR-100<\/title>\n<meta name=\"description\" content=\"Ofreciendo una combinaci\u00f3n sin precedentes de comodidad, eficiencia y manejo \u00e1gil, la Sirrus X se destaca sobre el asfalto, caminos de tierra y cualquier terreno intermedio.\" \/>\n<meta name=\"robots\" content=\"index, follow, max-snippet:-1, max-image-preview:large, max-video-preview:-1\" \/>\n<link rel=\"canonical\" href=\"https:\/\/gr-100.com\/en\/producto\/specialized-sirrus-x-1-0-step-through-2026\/\" \/>\n<meta property=\"og:locale\" content=\"en_US\" \/>\n<meta property=\"og:type\" content=\"article\" \/>\n<meta property=\"og:title\" content=\"Specialized Sirrus X 1.0 Step Through 2026\" \/>\n<meta property=\"og:description\" content=\"Ofreciendo una combinaci\u00f3n sin precedentes de comodidad, eficiencia y manejo \u00e1gil, la Sirrus X se destaca sobre el asfalto, caminos de tierra y cualquier terreno intermedio.\" \/>\n<meta property=\"og:url\" content=\"https:\/\/gr-100.com\/en\/producto\/specialized-sirrus-x-1-0-step-through-2026\/\" \/>\n<meta property=\"og:site_name\" content=\"Gr-100 Tienda de ciclismo Specialized\" \/>\n<meta property=\"article:publisher\" content=\"https:\/\/www.facebook.com\/Gr100Bikes\" \/>\n<meta property=\"og:image\" content=\"https:\/\/gr-100.com\/wp-content\/uploads\/2025\/10\/Diseno-sin-titulo-2025-10-07T132039.519.jpg\" \/>\n\t<meta property=\"og:image:width\" content=\"1000\" \/>\n\t<meta property=\"og:image:height\" content=\"1000\" \/>\n\t<meta property=\"og:image:type\" content=\"image\/jpeg\" \/>\n<meta name=\"twitter:card\" content=\"summary_large_image\" \/>\n<meta name=\"twitter:label1\" content=\"Est. reading time\" \/>\n\t<meta name=\"twitter:data1\" content=\"3 minutes\" \/>\n<script type=\"application\/ld+json\" class=\"yoast-schema-graph\">{\"@context\":\"https:\/\/schema.org\",\"@graph\":[{\"@type\":\"WebPage\",\"@id\":\"https:\/\/gr-100.com\/en\/producto\/specialized-sirrus-x-1-0-step-through-2026\/\",\"url\":\"https:\/\/gr-100.com\/en\/producto\/specialized-sirrus-x-1-0-step-through-2026\/\",\"name\":\"Specialized Sirrus X 1.0 Step Through 2026 GR-100\",\"isPartOf\":{\"@id\":\"https:\/\/gr-100.com\/#website\"},\"primaryImageOfPage\":{\"@id\":\"https:\/\/gr-100.com\/en\/producto\/specialized-sirrus-x-1-0-step-through-2026\/#primaryimage\"},\"image\":{\"@id\":\"https:\/\/gr-100.com\/en\/producto\/specialized-sirrus-x-1-0-step-through-2026\/#primaryimage\"},\"thumbnailUrl\":\"https:\/\/gr-100.com\/wp-content\/uploads\/2025\/10\/Diseno-sin-titulo-2025-10-07T132039.519.jpg\",\"datePublished\":\"2025-10-07T12:37:38+00:00\",\"description\":\"Ofreciendo una combinaci\u00f3n sin precedentes de comodidad, eficiencia y manejo \u00e1gil, la Sirrus X se destaca sobre el asfalto, caminos de tierra y cualquier terreno intermedio.\",\"breadcrumb\":{\"@id\":\"https:\/\/gr-100.com\/en\/producto\/specialized-sirrus-x-1-0-step-through-2026\/#breadcrumb\"},\"inLanguage\":\"en-US\",\"potentialAction\":[{\"@type\":\"ReadAction\",\"target\":[\"https:\/\/gr-100.com\/en\/producto\/specialized-sirrus-x-1-0-step-through-2026\/\"]}]},{\"@type\":\"ImageObject\",\"inLanguage\":\"en-US\",\"@id\":\"https:\/\/gr-100.com\/en\/producto\/specialized-sirrus-x-1-0-step-through-2026\/#primaryimage\",\"url\":\"https:\/\/gr-100.com\/wp-content\/uploads\/2025\/10\/Diseno-sin-titulo-2025-10-07T132039.519.jpg\",\"contentUrl\":\"https:\/\/gr-100.com\/wp-content\/uploads\/2025\/10\/Diseno-sin-titulo-2025-10-07T132039.519.jpg\",\"width\":1000,\"height\":1000},{\"@type\":\"BreadcrumbList\",\"@id\":\"https:\/\/gr-100.com\/en\/producto\/specialized-sirrus-x-1-0-step-through-2026\/#breadcrumb\",\"itemListElement\":[{\"@type\":\"ListItem\",\"position\":1,\"name\":\"Portada\",\"item\":\"https:\/\/gr-100.com\/pt-pt\/\"},{\"@type\":\"ListItem\",\"position\":2,\"name\":\"Productos\",\"item\":\"https:\/\/gr-100.com\/?post_type=product\"},{\"@type\":\"ListItem\",\"position\":3,\"name\":\"Specialized Sirrus X 1.0 Step Through 2026\"}]},{\"@type\":\"WebSite\",\"@id\":\"https:\/\/gr-100.com\/#website\",\"url\":\"https:\/\/gr-100.com\/\",\"name\":\"Gr-100 Tienda de ciclismo Specialized\",\"description\":\"GR-100 tenemos todas las gamas de bicicletas Specialized al mejor precio.\",\"publisher\":{\"@id\":\"https:\/\/gr-100.com\/#organization\"},\"alternateName\":\"Gr-100 Bikes\",\"potentialAction\":[{\"@type\":\"SearchAction\",\"target\":{\"@type\":\"EntryPoint\",\"urlTemplate\":\"https:\/\/gr-100.com\/?s={search_term_string}\"},\"query-input\":{\"@type\":\"PropertyValueSpecification\",\"valueRequired\":true,\"valueName\":\"search_term_string\"}}],\"inLanguage\":\"en-US\"},{\"@type\":\"Organization\",\"@id\":\"https:\/\/gr-100.com\/#organization\",\"name\":\"Gr-100\",\"url\":\"https:\/\/gr-100.com\/\",\"logo\":{\"@type\":\"ImageObject\",\"inLanguage\":\"en-US\",\"@id\":\"https:\/\/gr-100.com\/#\/schema\/logo\/image\/\",\"url\":\"https:\/\/gr-100.com\/wp-content\/uploads\/2023\/08\/logo-gr-100-bikes.png\",\"contentUrl\":\"https:\/\/gr-100.com\/wp-content\/uploads\/2023\/08\/logo-gr-100-bikes.png\",\"width\":707,\"height\":284,\"caption\":\"Gr-100\"},\"image\":{\"@id\":\"https:\/\/gr-100.com\/#\/schema\/logo\/image\/\"},\"sameAs\":[\"https:\/\/www.facebook.com\/Gr100Bikes\",\"https:\/\/www.instagram.com\/gr100bikes\/\",\"https:\/\/www.tiktok.com\/@gr100bikes\",\"https:\/\/twitter.com\/gr100mtbteam\",\"https:\/\/www.youtube.com\/c\/GR100Specialized\"]}]}<\/script>\n<!-- \/ Yoast SEO Premium plugin. -->","yoast_head_json":{"title":"Specialized Sirrus X 1.0 Step Through 2026 GR-100","description":"Ofreciendo una combinaci\u00f3n sin precedentes de comodidad, eficiencia y manejo \u00e1gil, la Sirrus X se destaca sobre el asfalto, caminos de tierra y cualquier terreno intermedio.","robots":{"index":"index","follow":"follow","max-snippet":"max-snippet:-1","max-image-preview":"max-image-preview:large","max-video-preview":"max-video-preview:-1"},"canonical":"https:\/\/gr-100.com\/en\/producto\/specialized-sirrus-x-1-0-step-through-2026\/","og_locale":"en_US","og_type":"article","og_title":"Specialized Sirrus X 1.0 Step Through 2026","og_description":"Ofreciendo una combinaci\u00f3n sin precedentes de comodidad, eficiencia y manejo \u00e1gil, la Sirrus X se destaca sobre el asfalto, caminos de tierra y cualquier terreno intermedio.","og_url":"https:\/\/gr-100.com\/en\/producto\/specialized-sirrus-x-1-0-step-through-2026\/","og_site_name":"Gr-100 Tienda de ciclismo Specialized","article_publisher":"https:\/\/www.facebook.com\/Gr100Bikes","og_image":[{"width":1000,"height":1000,"url":"https:\/\/gr-100.com\/wp-content\/uploads\/2025\/10\/Diseno-sin-titulo-2025-10-07T132039.519.jpg","type":"image\/jpeg"}],"twitter_card":"summary_large_image","twitter_misc":{"Est. reading time":"3 minutes"},"schema":{"@context":"https:\/\/schema.org","@graph":[{"@type":"WebPage","@id":"https:\/\/gr-100.com\/en\/producto\/specialized-sirrus-x-1-0-step-through-2026\/","url":"https:\/\/gr-100.com\/en\/producto\/specialized-sirrus-x-1-0-step-through-2026\/","name":"Specialized Sirrus X 1.0 Step Through 2026 GR-100","isPartOf":{"@id":"https:\/\/gr-100.com\/#website"},"primaryImageOfPage":{"@id":"https:\/\/gr-100.com\/en\/producto\/specialized-sirrus-x-1-0-step-through-2026\/#primaryimage"},"image":{"@id":"https:\/\/gr-100.com\/en\/producto\/specialized-sirrus-x-1-0-step-through-2026\/#primaryimage"},"thumbnailUrl":"https:\/\/gr-100.com\/wp-content\/uploads\/2025\/10\/Diseno-sin-titulo-2025-10-07T132039.519.jpg","datePublished":"2025-10-07T12:37:38+00:00","description":"Ofreciendo una combinaci\u00f3n sin precedentes de comodidad, eficiencia y manejo \u00e1gil, la Sirrus X se destaca sobre el asfalto, caminos de tierra y cualquier terreno intermedio.","breadcrumb":{"@id":"https:\/\/gr-100.com\/en\/producto\/specialized-sirrus-x-1-0-step-through-2026\/#breadcrumb"},"inLanguage":"en-US","potentialAction":[{"@type":"ReadAction","target":["https:\/\/gr-100.com\/en\/producto\/specialized-sirrus-x-1-0-step-through-2026\/"]}]},{"@type":"ImageObject","inLanguage":"en-US","@id":"https:\/\/gr-100.com\/en\/producto\/specialized-sirrus-x-1-0-step-through-2026\/#primaryimage","url":"https:\/\/gr-100.com\/wp-content\/uploads\/2025\/10\/Diseno-sin-titulo-2025-10-07T132039.519.jpg","contentUrl":"https:\/\/gr-100.com\/wp-content\/uploads\/2025\/10\/Diseno-sin-titulo-2025-10-07T132039.519.jpg","width":1000,"height":1000},{"@type":"BreadcrumbList","@id":"https:\/\/gr-100.com\/en\/producto\/specialized-sirrus-x-1-0-step-through-2026\/#breadcrumb","itemListElement":[{"@type":"ListItem","position":1,"name":"Portada","item":"https:\/\/gr-100.com\/pt-pt\/"},{"@type":"ListItem","position":2,"name":"Productos","item":"https:\/\/gr-100.com\/?post_type=product"},{"@type":"ListItem","position":3,"name":"Specialized Sirrus X 1.0 Step Through 2026"}]},{"@type":"WebSite","@id":"https:\/\/gr-100.com\/#website","url":"https:\/\/gr-100.com\/","name":"Gr-100 Tienda de ciclismo Specialized","description":"GR-100 tenemos todas las gamas de bicicletas Specialized al mejor precio.","publisher":{"@id":"https:\/\/gr-100.com\/#organization"},"alternateName":"Gr-100 Bikes","potentialAction":[{"@type":"SearchAction","target":{"@type":"EntryPoint","urlTemplate":"https:\/\/gr-100.com\/?s={search_term_string}"},"query-input":{"@type":"PropertyValueSpecification","valueRequired":true,"valueName":"search_term_string"}}],"inLanguage":"en-US"},{"@type":"Organization","@id":"https:\/\/gr-100.com\/#organization","name":"Gr-100","url":"https:\/\/gr-100.com\/","logo":{"@type":"ImageObject","inLanguage":"en-US","@id":"https:\/\/gr-100.com\/#\/schema\/logo\/image\/","url":"https:\/\/gr-100.com\/wp-content\/uploads\/2023\/08\/logo-gr-100-bikes.png","contentUrl":"https:\/\/gr-100.com\/wp-content\/uploads\/2023\/08\/logo-gr-100-bikes.png","width":707,"height":284,"caption":"Gr-100"},"image":{"@id":"https:\/\/gr-100.com\/#\/schema\/logo\/image\/"},"sameAs":["https:\/\/www.facebook.com\/Gr100Bikes","https:\/\/www.instagram.com\/gr100bikes\/","https:\/\/www.tiktok.com\/@gr100bikes","https:\/\/twitter.com\/gr100mtbteam","https:\/\/www.youtube.com\/c\/GR100Specialized"]}]}},"_links":{"self":[{"href":"https:\/\/gr-100.com\/en\/wp-json\/wp\/v2\/product\/424612","targetHints":{"allow":["GET"]}}],"collection":[{"href":"https:\/\/gr-100.com\/en\/wp-json\/wp\/v2\/product"}],"about":[{"href":"https:\/\/gr-100.com\/en\/wp-json\/wp\/v2\/types\/product"}],"replies":[{"embeddable":true,"href":"https:\/\/gr-100.com\/en\/wp-json\/wp\/v2\/comments?post=424612"}],"wp:featuredmedia":[{"embeddable":true,"href":"https:\/\/gr-100.com\/en\/wp-json\/wp\/v2\/media\/419046"}],"wp:attachment":[{"href":"https:\/\/gr-100.com\/en\/wp-json\/wp\/v2\/media?parent=424612"}],"wp:term":[{"taxonomy":"product_brand","embeddable":true,"href":"https:\/\/gr-100.com\/en\/wp-json\/wp\/v2\/product_brand?post=424612"},{"taxonomy":"product_cat","embeddable":true,"href":"https:\/\/gr-100.com\/en\/wp-json\/wp\/v2\/product_cat?post=424612"},{"taxonomy":"product_tag","embeddable":true,"href":"https:\/\/gr-100.com\/en\/wp-json\/wp\/v2\/product_tag?post=424612"}],"curies":[{"name":"wp","href":"https:\/\/api.w.org\/{rel}","templated":true}]}}