{"id":424780,"date":"2025-10-06T12:22:30","date_gmt":"2025-10-06T11:22:30","guid":{"rendered":"https:\/\/gr-100.com\/producto\/specialized-sirrus-x-2-0-eq-step-through-2026\/"},"modified":"2025-10-06T12:22:30","modified_gmt":"2025-10-06T10:22:30","slug":"specialized-sirrus-x-2-0-eq-step-through-2026","status":"publish","type":"product","link":"https:\/\/gr-100.com\/en\/producto\/specialized-sirrus-x-2-0-eq-step-through-2026\/","title":{"rendered":"Specialized Sirrus X 2.0 EQ Step Through 2026"},"content":{"rendered":"<ul>\n<li>SUAVE, C\u00d3MODA Y EFICIENTE<br \/>\nLa Sirrus X ofrece el viaje m\u00e1s suave de su categor\u00eda. Equipada con neum\u00e1ticos m\u00e1s anchos que inspiran confianza, una posici\u00f3n de conducci\u00f3n ligeramente m\u00e1s erguida y una transmisi\u00f3n monoplato s\u00faper intuitiva, brinda una experiencia excepcionalmente c\u00f3moda y eficiente. <\/li>\n<li>DISE\u00d1O CENTRADO EN EL CICLISTA (RIDER-FIRST ENGINEERED)<br \/>\nComo todas las bicicletas de alto rendimiento de Specialized, la geometr\u00eda de cada cuadro est\u00e1 dise\u00f1ada de forma \u00fanica. En cada talla, se seleccionan espec\u00edficamente las dimensiones de los tubos para lograr el equilibrio perfecto entre rigidez, peso y capacidad de respuesta, asegurando que sin importar la talla que uses, tendr\u00e1s la mejor experiencia de conducci\u00f3n posible. <\/li>\n<li>\u00c1GIL Y PRECISA<br \/>\nCon un peso l\u00edder en su clase, una eficiencia de pedaleo sobresaliente y una direcci\u00f3n precisa, la Sirrus X ofrece un manejo \u00e1gil y seguro, casi telep\u00e1tico.<\/li>\n<li>CARACTER\u00cdSTICAS DESTACADAS<br \/>\nCuadro de aleaci\u00f3n A1 ultraligero con guiado interno de cables, 3,5 lb (1,7 kg) m\u00e1s liviano que el modelo Crosstrail Hydro.<br \/>\nControl m\u00e1ximo gracias a una transmisi\u00f3n intuitiva 1&#215;8 de amplio rango y frenos hidr\u00e1ulicos de disco de gran potencia.<br \/>\nRueda con suavidad sobre terrenos irregulares gracias a los neum\u00e1ticos Specialized Pathfinder 42c de rodadura r\u00e1pida y con compuesto de goma patentado Gripton.<br \/>\nPortabultos Racktime, ideal para tus alforjas y bolsas favoritas, junto con guardabarros integrados DRYTECH que te protegen de salpicaduras.<br \/>\nIluminaci\u00f3n delantera y trasera de alta intensidad alimentada por un buje dinamo Shimano, para ver y ser visto en todo momento.<\/li>\n<li>TECHNICAL SPECIFICATIONS<\/li>\n<li>Cuadro<br \/>\nMaterial: Specialized A1 Premium Aluminum<br \/>\nGeometr\u00eda: Fitness Geometry<br \/>\nTubos: Conificados (butted tubing)<br \/>\nCableado: Guiado interno<br \/>\nFrenos: Flat-mount disc<br \/>\nEjes: Cierre r\u00e1pido (quick-release)<br \/>\nMontajes: Soportes Plug + Play para portabultos y guardabarros<\/li>\n<li>Suspensi\u00f3n<br \/>\nHorquilla: Acero Hi-Ten<br \/>\nFlat-mount disc<br \/>\nSoportes Plug + Play para guardabarros<br \/>\nSoportes para portabultos tipo low rider<br \/>\nCierre r\u00e1pido<\/li>\n<li>Frenos<br \/>\nFreno delantero: Tektro HD-R280, disco hidr\u00e1ulico, pastillas de resina, flat-mount, rotor de 160 mm<br \/>\nFreno trasero: Tektro HD-R280, disco hidr\u00e1ulico, pastillas de resina, flat-mount, rotor de 140 mm<\/li>\n<li>Transmisi\u00f3n<br \/>\nManeta de cambio: Shimano SL-U4000-9R, CUES, Rapidfire de 9 velocidades, con visualizador \u00f3ptico de marcha<br \/>\nCambio trasero: Shimano RD-U4000, CUES, 9 velocidades, dise\u00f1o Shadow, anclaje directo<br \/>\nCassette: Shimano CUES, 9 velocidades, 11-46T<br \/>\nPlatos y bielas: Shimano CUES FC-U6000, aleaci\u00f3n, 170 mm<br \/>\nPlato: 50\/34T<br \/>\nCaja de pedalier: Incluida con las bielas<br \/>\nCadena: KMC eGlide (compatible con CUES de 11 velocidades, posiblemente montada por compatibilidad de resistencia)<\/li>\n<li>Ruedas y Neum\u00e1ticos<br \/>\nLlantas: Aleaci\u00f3n de doble pared, 700C, freno de disco, 22 mm profundidad, 21 mm ancho interno<br \/>\nBuje delantero: Shimano Dynamo, 6 tornillos, 100 mm, cierre r\u00e1pido, 32 radios<br \/>\nBuje trasero: Aleaci\u00f3n, 6 tornillos, n\u00facleo para 8\/9 velocidades, rodamientos a bolas sueltas, cierre r\u00e1pido, 32 radios<br \/>\nRadios: Acero inoxidable, calibre 14<br \/>\nNeum\u00e1ticos: Pathfinder Wirebead Fast Gravel 700x40C (delantero y trasero)<br \/>\nC\u00e1maras: Est\u00e1ndar 40 mm SV para 700&#215;32\u201350<\/li>\n<li>Cockpit<br \/>\nManillar: Aleaci\u00f3n Mini Rise, retroceso de 9\u00b0, elevaci\u00f3n de 15 mm, di\u00e1metro 31.8 mm<br \/>\nPotencia: Aleaci\u00f3n forjada en 3D, 31.8 mm, elevaci\u00f3n de 7\u00b0<br \/>\nPu\u00f1os: Specialized Neutralizer, Body Geometry, con bloqueo<br \/>\nSill\u00edn: Bridge Sport con rieles de acero, 155\/143 mm<br \/>\nTija de sill\u00edn: Aleaci\u00f3n, retroceso de 12 mm, sujeci\u00f3n de 2 tornillos, di\u00e1metro 27.2 mm<br \/>\nAbrazadera de sill\u00edn: Tipo tornillo, 31.8 mm<\/li>\n<li>Accesorios<br \/>\nPedales: Specialized, tipo plataforma<br \/>\nIluminaci\u00f3n: Delantera y trasera de alta intensidad, alimentada por buje dinamo Shimano<br \/>\nGuardabarros: Integrados DRYTECH<br \/>\nPortabultos: Compatible con sistemas Racktime para alforjas y bolsas<\/li>\n<li>Detalles del Producto<br \/>\nIdentificador del producto: 246272<br \/>\nPeso: 13.71 kg (30 lb, 3.6 oz)<br \/>\nTalla: MD (Mediana)<\/li>\n<\/ul>\n","protected":false},"excerpt":{"rendered":"<p>Ofreciendo una combinaci\u00f3n sin precedentes de comodidad, eficiencia y manejo \u00e1gil, la Sirrus X se destaca sobre el asfalto, caminos de tierra y cualquier terreno intermedio.<\/p>\n","protected":false},"featured_media":418729,"comment_status":"open","ping_status":"closed","template":"","meta":{"_acf_changed":false,"_et_pb_use_builder":"","_et_pb_old_content":"","_et_gb_content_width":"","inline_featured_image":false},"product_brand":[],"product_cat":[2449,5279,334],"product_tag":[],"class_list":{"0":"post-424780","1":"product","2":"type-product","3":"status-publish","4":"has-post-thumbnail","6":"product_cat-bicycles","7":"product_cat-bicicletas-urbanas-en","8":"product_cat-road","9":"product_shipping_class-bicicletas-en","11":"first","12":"instock","13":"taxable","14":"shipping-taxable","15":"purchasable","16":"product-type-variable","17":"wvs-archive-product-wrapper"},"acf":[],"yoast_head":"<!-- This site is optimized with the Yoast SEO Premium plugin v26.7 (Yoast SEO v26.7) - https:\/\/yoast.com\/wordpress\/plugins\/seo\/ -->\n<title>Specialized Sirrus X 2.0 EQ Step Through 2026 GR-100<\/title>\n<meta name=\"description\" content=\"Ofreciendo una combinaci\u00f3n sin precedentes de comodidad, eficiencia y manejo \u00e1gil, la Sirrus X se destaca sobre el asfalto, caminos de tierra y cualquier terreno intermedio.\" \/>\n<meta name=\"robots\" content=\"index, follow, max-snippet:-1, max-image-preview:large, max-video-preview:-1\" \/>\n<link rel=\"canonical\" href=\"https:\/\/gr-100.com\/en\/producto\/specialized-sirrus-x-2-0-eq-step-through-2026\/\" \/>\n<meta property=\"og:locale\" content=\"en_US\" \/>\n<meta property=\"og:type\" content=\"article\" \/>\n<meta property=\"og:title\" content=\"Specialized Sirrus X 2.0 EQ Step Through 2026\" \/>\n<meta property=\"og:description\" content=\"Ofreciendo una combinaci\u00f3n sin precedentes de comodidad, eficiencia y manejo \u00e1gil, la Sirrus X se destaca sobre el asfalto, caminos de tierra y cualquier terreno intermedio.\" \/>\n<meta property=\"og:url\" content=\"https:\/\/gr-100.com\/en\/producto\/specialized-sirrus-x-2-0-eq-step-through-2026\/\" \/>\n<meta property=\"og:site_name\" content=\"Gr-100 Tienda de ciclismo Specialized\" \/>\n<meta property=\"article:publisher\" content=\"https:\/\/www.facebook.com\/Gr100Bikes\" \/>\n<meta property=\"og:image\" content=\"https:\/\/gr-100.com\/wp-content\/uploads\/2025\/10\/Diseno-sin-titulo-2025-10-06T120556.064.jpg\" \/>\n\t<meta property=\"og:image:width\" content=\"1000\" \/>\n\t<meta property=\"og:image:height\" content=\"1000\" \/>\n\t<meta property=\"og:image:type\" content=\"image\/jpeg\" \/>\n<meta name=\"twitter:card\" content=\"summary_large_image\" \/>\n<meta name=\"twitter:label1\" content=\"Est. reading time\" \/>\n\t<meta name=\"twitter:data1\" content=\"3 minutes\" \/>\n<script type=\"application\/ld+json\" class=\"yoast-schema-graph\">{\"@context\":\"https:\/\/schema.org\",\"@graph\":[{\"@type\":\"WebPage\",\"@id\":\"https:\/\/gr-100.com\/en\/producto\/specialized-sirrus-x-2-0-eq-step-through-2026\/\",\"url\":\"https:\/\/gr-100.com\/en\/producto\/specialized-sirrus-x-2-0-eq-step-through-2026\/\",\"name\":\"Specialized Sirrus X 2.0 EQ Step Through 2026 GR-100\",\"isPartOf\":{\"@id\":\"https:\/\/gr-100.com\/#website\"},\"primaryImageOfPage\":{\"@id\":\"https:\/\/gr-100.com\/en\/producto\/specialized-sirrus-x-2-0-eq-step-through-2026\/#primaryimage\"},\"image\":{\"@id\":\"https:\/\/gr-100.com\/en\/producto\/specialized-sirrus-x-2-0-eq-step-through-2026\/#primaryimage\"},\"thumbnailUrl\":\"https:\/\/gr-100.com\/wp-content\/uploads\/2025\/10\/Diseno-sin-titulo-2025-10-06T120556.064.jpg\",\"datePublished\":\"2025-10-06T11:22:30+00:00\",\"description\":\"Ofreciendo una combinaci\u00f3n sin precedentes de comodidad, eficiencia y manejo \u00e1gil, la Sirrus X se destaca sobre el asfalto, caminos de tierra y cualquier terreno intermedio.\",\"breadcrumb\":{\"@id\":\"https:\/\/gr-100.com\/en\/producto\/specialized-sirrus-x-2-0-eq-step-through-2026\/#breadcrumb\"},\"inLanguage\":\"en-US\",\"potentialAction\":[{\"@type\":\"ReadAction\",\"target\":[\"https:\/\/gr-100.com\/en\/producto\/specialized-sirrus-x-2-0-eq-step-through-2026\/\"]}]},{\"@type\":\"ImageObject\",\"inLanguage\":\"en-US\",\"@id\":\"https:\/\/gr-100.com\/en\/producto\/specialized-sirrus-x-2-0-eq-step-through-2026\/#primaryimage\",\"url\":\"https:\/\/gr-100.com\/wp-content\/uploads\/2025\/10\/Diseno-sin-titulo-2025-10-06T120556.064.jpg\",\"contentUrl\":\"https:\/\/gr-100.com\/wp-content\/uploads\/2025\/10\/Diseno-sin-titulo-2025-10-06T120556.064.jpg\",\"width\":1000,\"height\":1000},{\"@type\":\"BreadcrumbList\",\"@id\":\"https:\/\/gr-100.com\/en\/producto\/specialized-sirrus-x-2-0-eq-step-through-2026\/#breadcrumb\",\"itemListElement\":[{\"@type\":\"ListItem\",\"position\":1,\"name\":\"Portada\",\"item\":\"https:\/\/gr-100.com\/pt-pt\/\"},{\"@type\":\"ListItem\",\"position\":2,\"name\":\"Productos\",\"item\":\"https:\/\/gr-100.com\/?post_type=product\"},{\"@type\":\"ListItem\",\"position\":3,\"name\":\"Specialized Sirrus X 2.0 EQ Step Through 2026\"}]},{\"@type\":\"WebSite\",\"@id\":\"https:\/\/gr-100.com\/#website\",\"url\":\"https:\/\/gr-100.com\/\",\"name\":\"Gr-100 Tienda de ciclismo Specialized\",\"description\":\"GR-100 tenemos todas las gamas de bicicletas Specialized al mejor precio.\",\"publisher\":{\"@id\":\"https:\/\/gr-100.com\/#organization\"},\"alternateName\":\"Gr-100 Bikes\",\"potentialAction\":[{\"@type\":\"SearchAction\",\"target\":{\"@type\":\"EntryPoint\",\"urlTemplate\":\"https:\/\/gr-100.com\/?s={search_term_string}\"},\"query-input\":{\"@type\":\"PropertyValueSpecification\",\"valueRequired\":true,\"valueName\":\"search_term_string\"}}],\"inLanguage\":\"en-US\"},{\"@type\":\"Organization\",\"@id\":\"https:\/\/gr-100.com\/#organization\",\"name\":\"Gr-100\",\"url\":\"https:\/\/gr-100.com\/\",\"logo\":{\"@type\":\"ImageObject\",\"inLanguage\":\"en-US\",\"@id\":\"https:\/\/gr-100.com\/#\/schema\/logo\/image\/\",\"url\":\"https:\/\/gr-100.com\/wp-content\/uploads\/2023\/08\/logo-gr-100-bikes.png\",\"contentUrl\":\"https:\/\/gr-100.com\/wp-content\/uploads\/2023\/08\/logo-gr-100-bikes.png\",\"width\":707,\"height\":284,\"caption\":\"Gr-100\"},\"image\":{\"@id\":\"https:\/\/gr-100.com\/#\/schema\/logo\/image\/\"},\"sameAs\":[\"https:\/\/www.facebook.com\/Gr100Bikes\",\"https:\/\/www.instagram.com\/gr100bikes\/\",\"https:\/\/www.tiktok.com\/@gr100bikes\",\"https:\/\/twitter.com\/gr100mtbteam\",\"https:\/\/www.youtube.com\/c\/GR100Specialized\"]}]}<\/script>\n<!-- \/ Yoast SEO Premium plugin. -->","yoast_head_json":{"title":"Specialized Sirrus X 2.0 EQ Step Through 2026 GR-100","description":"Ofreciendo una combinaci\u00f3n sin precedentes de comodidad, eficiencia y manejo \u00e1gil, la Sirrus X se destaca sobre el asfalto, caminos de tierra y cualquier terreno intermedio.","robots":{"index":"index","follow":"follow","max-snippet":"max-snippet:-1","max-image-preview":"max-image-preview:large","max-video-preview":"max-video-preview:-1"},"canonical":"https:\/\/gr-100.com\/en\/producto\/specialized-sirrus-x-2-0-eq-step-through-2026\/","og_locale":"en_US","og_type":"article","og_title":"Specialized Sirrus X 2.0 EQ Step Through 2026","og_description":"Ofreciendo una combinaci\u00f3n sin precedentes de comodidad, eficiencia y manejo \u00e1gil, la Sirrus X se destaca sobre el asfalto, caminos de tierra y cualquier terreno intermedio.","og_url":"https:\/\/gr-100.com\/en\/producto\/specialized-sirrus-x-2-0-eq-step-through-2026\/","og_site_name":"Gr-100 Tienda de ciclismo Specialized","article_publisher":"https:\/\/www.facebook.com\/Gr100Bikes","og_image":[{"width":1000,"height":1000,"url":"https:\/\/gr-100.com\/wp-content\/uploads\/2025\/10\/Diseno-sin-titulo-2025-10-06T120556.064.jpg","type":"image\/jpeg"}],"twitter_card":"summary_large_image","twitter_misc":{"Est. reading time":"3 minutes"},"schema":{"@context":"https:\/\/schema.org","@graph":[{"@type":"WebPage","@id":"https:\/\/gr-100.com\/en\/producto\/specialized-sirrus-x-2-0-eq-step-through-2026\/","url":"https:\/\/gr-100.com\/en\/producto\/specialized-sirrus-x-2-0-eq-step-through-2026\/","name":"Specialized Sirrus X 2.0 EQ Step Through 2026 GR-100","isPartOf":{"@id":"https:\/\/gr-100.com\/#website"},"primaryImageOfPage":{"@id":"https:\/\/gr-100.com\/en\/producto\/specialized-sirrus-x-2-0-eq-step-through-2026\/#primaryimage"},"image":{"@id":"https:\/\/gr-100.com\/en\/producto\/specialized-sirrus-x-2-0-eq-step-through-2026\/#primaryimage"},"thumbnailUrl":"https:\/\/gr-100.com\/wp-content\/uploads\/2025\/10\/Diseno-sin-titulo-2025-10-06T120556.064.jpg","datePublished":"2025-10-06T11:22:30+00:00","description":"Ofreciendo una combinaci\u00f3n sin precedentes de comodidad, eficiencia y manejo \u00e1gil, la Sirrus X se destaca sobre el asfalto, caminos de tierra y cualquier terreno intermedio.","breadcrumb":{"@id":"https:\/\/gr-100.com\/en\/producto\/specialized-sirrus-x-2-0-eq-step-through-2026\/#breadcrumb"},"inLanguage":"en-US","potentialAction":[{"@type":"ReadAction","target":["https:\/\/gr-100.com\/en\/producto\/specialized-sirrus-x-2-0-eq-step-through-2026\/"]}]},{"@type":"ImageObject","inLanguage":"en-US","@id":"https:\/\/gr-100.com\/en\/producto\/specialized-sirrus-x-2-0-eq-step-through-2026\/#primaryimage","url":"https:\/\/gr-100.com\/wp-content\/uploads\/2025\/10\/Diseno-sin-titulo-2025-10-06T120556.064.jpg","contentUrl":"https:\/\/gr-100.com\/wp-content\/uploads\/2025\/10\/Diseno-sin-titulo-2025-10-06T120556.064.jpg","width":1000,"height":1000},{"@type":"BreadcrumbList","@id":"https:\/\/gr-100.com\/en\/producto\/specialized-sirrus-x-2-0-eq-step-through-2026\/#breadcrumb","itemListElement":[{"@type":"ListItem","position":1,"name":"Portada","item":"https:\/\/gr-100.com\/pt-pt\/"},{"@type":"ListItem","position":2,"name":"Productos","item":"https:\/\/gr-100.com\/?post_type=product"},{"@type":"ListItem","position":3,"name":"Specialized Sirrus X 2.0 EQ Step Through 2026"}]},{"@type":"WebSite","@id":"https:\/\/gr-100.com\/#website","url":"https:\/\/gr-100.com\/","name":"Gr-100 Tienda de ciclismo Specialized","description":"GR-100 tenemos todas las gamas de bicicletas Specialized al mejor precio.","publisher":{"@id":"https:\/\/gr-100.com\/#organization"},"alternateName":"Gr-100 Bikes","potentialAction":[{"@type":"SearchAction","target":{"@type":"EntryPoint","urlTemplate":"https:\/\/gr-100.com\/?s={search_term_string}"},"query-input":{"@type":"PropertyValueSpecification","valueRequired":true,"valueName":"search_term_string"}}],"inLanguage":"en-US"},{"@type":"Organization","@id":"https:\/\/gr-100.com\/#organization","name":"Gr-100","url":"https:\/\/gr-100.com\/","logo":{"@type":"ImageObject","inLanguage":"en-US","@id":"https:\/\/gr-100.com\/#\/schema\/logo\/image\/","url":"https:\/\/gr-100.com\/wp-content\/uploads\/2023\/08\/logo-gr-100-bikes.png","contentUrl":"https:\/\/gr-100.com\/wp-content\/uploads\/2023\/08\/logo-gr-100-bikes.png","width":707,"height":284,"caption":"Gr-100"},"image":{"@id":"https:\/\/gr-100.com\/#\/schema\/logo\/image\/"},"sameAs":["https:\/\/www.facebook.com\/Gr100Bikes","https:\/\/www.instagram.com\/gr100bikes\/","https:\/\/www.tiktok.com\/@gr100bikes","https:\/\/twitter.com\/gr100mtbteam","https:\/\/www.youtube.com\/c\/GR100Specialized"]}]}},"_links":{"self":[{"href":"https:\/\/gr-100.com\/en\/wp-json\/wp\/v2\/product\/424780","targetHints":{"allow":["GET"]}}],"collection":[{"href":"https:\/\/gr-100.com\/en\/wp-json\/wp\/v2\/product"}],"about":[{"href":"https:\/\/gr-100.com\/en\/wp-json\/wp\/v2\/types\/product"}],"replies":[{"embeddable":true,"href":"https:\/\/gr-100.com\/en\/wp-json\/wp\/v2\/comments?post=424780"}],"wp:featuredmedia":[{"embeddable":true,"href":"https:\/\/gr-100.com\/en\/wp-json\/wp\/v2\/media\/418729"}],"wp:attachment":[{"href":"https:\/\/gr-100.com\/en\/wp-json\/wp\/v2\/media?parent=424780"}],"wp:term":[{"taxonomy":"product_brand","embeddable":true,"href":"https:\/\/gr-100.com\/en\/wp-json\/wp\/v2\/product_brand?post=424780"},{"taxonomy":"product_cat","embeddable":true,"href":"https:\/\/gr-100.com\/en\/wp-json\/wp\/v2\/product_cat?post=424780"},{"taxonomy":"product_tag","embeddable":true,"href":"https:\/\/gr-100.com\/en\/wp-json\/wp\/v2\/product_tag?post=424780"}],"curies":[{"name":"wp","href":"https:\/\/api.w.org\/{rel}","templated":true}]}}