{"id":424792,"date":"2025-10-03T13:34:50","date_gmt":"2025-10-03T12:34:50","guid":{"rendered":"https:\/\/gr-100.com\/producto\/specialized-sirrus-x-4-0-2026\/"},"modified":"2025-10-03T13:34:50","modified_gmt":"2025-10-03T11:34:50","slug":"specialized-sirrus-x-4-0-2026","status":"publish","type":"product","link":"https:\/\/gr-100.com\/en\/producto\/specialized-sirrus-x-4-0-2026\/","title":{"rendered":"Specialized Sirrus X 4.0 2026"},"content":{"rendered":"<ul>\n<li>El amortiguador Future Shock 1.5 ofrece 20 mm de rendimiento para ofrecerte la m\u00e1xima comodidad y control cuando las cosas se ponen dif\u00edciles.<\/li>\n<li>La horquilla de carbono y el cuadro de aluminio A1 ofrecen un peso 0.8kg m\u00e1s ligero que el modelo 3.0 ning\u00fan h\u00edbrido con horquilla de monta\u00f1a se acerca.<\/li>\n<li>SRAM NX 1&#215;11.<\/li>\n<li>TECHNICAL SPECIFICATIONS<\/li>\n<li>Cuadro<br \/>\nCuadro: Specialized A1 SL Premium Aluminum, geometr\u00eda Fitness, tubos conificados (butted), guiado interno de cables, freno de disco con montaje plano (flat-mount), cierre r\u00e1pido (quick-release), soportes Plug + Play para portabultos y guardabarros<\/li>\n<li>Suspensi\u00f3n<br \/>\nHorquilla: Specialized FACT 9r de carbono monocasco, freno de disco flat-mount, eje pasante 12&#215;100 mm, soportes para alforjas (low rider), soportes Plug + Play para guardabarros, sistema de suspensi\u00f3n Future Shock 1.5<\/li>\n<li>Frenos<br \/>\nFreno delantero: Shimano BR-MT200, disco hidr\u00e1ulico, 160 mm<br \/>\nFreno trasero: Shimano BR-MT200, disco hidr\u00e1ulico, 160 mm<\/li>\n<li>Transmisi\u00f3n<br \/>\nManetas de cambio: Shimano CUES SL-U6000, 11 velocidades<br \/>\nCambio trasero: Shimano CUES, 11 velocidades, con tecnolog\u00eda Shadow Plus<br \/>\nCassette: Shimano CS-LG400-11, CUES, 11 velocidades, 11-50 dientes<br \/>\nPlatos y bielas: Prowheel de aleaci\u00f3n<br \/>\nTallas XXS &#8211; XS: 165 mm<br \/>\nTallas S &#8211; M: 170 mm<br \/>\nTallas L &#8211; XL: 175 mm<br \/>\nPlato: Acero Narrow Wide de 42 dientes<br \/>\nCaja de pedalier: Roscado BSA de 68 mm, eje de 24 mm<br \/>\nCadena: KMC eGlide espec\u00edfica para Shimano CUES de 11 velocidades<\/li>\n<li>Ruedas y neum\u00e1ticos<br \/>\nLlantas: 700C, freno de disco, aleaci\u00f3n de doble pared, 22 mm de perfil, 21 mm de ancho interno, 32 radios<br \/>\nBuje delantero: Aleaci\u00f3n, rodamientos sellados tipo cartucho, Center Lock, eje pasante 12&#215;100 mm, 24 radios<br \/>\nBuje trasero: Aleaci\u00f3n, Center Lock, brida alta-baja, rodamientos sellados tipo cartucho, eje de 12 mm, 142 mm de ancho, 32 radios<br \/>\nRadios: Acero inoxidable, calibre 14<br \/>\nNeum\u00e1tico delantero: Pathfinder Wirebead Fast Gravel 700x40c<br \/>\nNeum\u00e1tico trasero: Pathfinder Wirebead Fast Gravel 700x40c<br \/>\nC\u00e1maras: V\u00e1lvula Schrader de 40 mm, compatibles con cubiertas 700&#215;32-50<\/li>\n<li>Cockpit<br \/>\nManillar: Aleaci\u00f3n Mini Rise, retroceso de 9\u00b0, elevaci\u00f3n de 15 mm, di\u00e1metro de 31.8 mm<br \/>\nPotencia: Future Stem Comp<br \/>\nPu\u00f1os: Specialized Neutralizer Body Geometry, con bloqueo<br \/>\nSill\u00edn: Body Geometry Power Sport, ra\u00edles de acero<br \/>\nTija de sill\u00edn: Aleaci\u00f3n, dos tornillos, 14 mm de retroceso, di\u00e1metro de 27.2 mm<br \/>\nAbrazadera de sill\u00edn: Tipo tornillo, 31.8 mm<\/li>\n<li>Accesorios<br \/>\nPedales: Specialized, tipo plataforma<\/li>\n<li>Detalles del producto<br \/>\nID del producto: 222059<br \/>\nPeso: (no especificado)<br \/>\nTalla: LG<\/li>\n<\/ul>\n","protected":false},"excerpt":{"rendered":"<p>Ofreciendo una combinaci\u00f3n sin precedentes de comodidad, eficiencia y manejo \u00e1gil, la Sirrus X se destaca en el asfalto, caminos de tierra y cualquier terreno intermedio.<\/p>\n","protected":false},"featured_media":418561,"comment_status":"open","ping_status":"closed","template":"","meta":{"_acf_changed":false,"_et_pb_use_builder":"","_et_pb_old_content":"","_et_gb_content_width":"","inline_featured_image":false},"product_brand":[],"product_cat":[2449,5279,334],"product_tag":[],"class_list":{"0":"post-424792","1":"product","2":"type-product","3":"status-publish","4":"has-post-thumbnail","6":"product_cat-bicycles","7":"product_cat-bicicletas-urbanas-en","8":"product_cat-road","9":"product_shipping_class-bicicletas-en","11":"first","12":"instock","13":"taxable","14":"shipping-taxable","15":"purchasable","16":"product-type-variable","17":"wvs-archive-product-wrapper"},"acf":[],"yoast_head":"<!-- This site is optimized with the Yoast SEO Premium plugin v26.7 (Yoast SEO v26.7) - https:\/\/yoast.com\/wordpress\/plugins\/seo\/ -->\n<title>Specialized Sirrus X 4.0 2026 GR-100<\/title>\n<meta name=\"description\" content=\"Ofreciendo una combinaci\u00f3n sin precedentes de comodidad, eficiencia y manejo \u00e1gil, la Sirrus X se destaca en el asfalto, caminos de tierra y cualquier terreno intermedio.\" \/>\n<meta name=\"robots\" content=\"index, follow, max-snippet:-1, max-image-preview:large, max-video-preview:-1\" \/>\n<link rel=\"canonical\" href=\"https:\/\/gr-100.com\/en\/producto\/specialized-sirrus-x-4-0-2026\/\" \/>\n<meta property=\"og:locale\" content=\"en_US\" \/>\n<meta property=\"og:type\" content=\"article\" \/>\n<meta property=\"og:title\" content=\"Specialized Sirrus X 4.0 2026\" \/>\n<meta property=\"og:description\" content=\"Ofreciendo una combinaci\u00f3n sin precedentes de comodidad, eficiencia y manejo \u00e1gil, la Sirrus X se destaca en el asfalto, caminos de tierra y cualquier terreno intermedio.\" \/>\n<meta property=\"og:url\" content=\"https:\/\/gr-100.com\/en\/producto\/specialized-sirrus-x-4-0-2026\/\" \/>\n<meta property=\"og:site_name\" content=\"Gr-100 Tienda de ciclismo Specialized\" \/>\n<meta property=\"article:publisher\" content=\"https:\/\/www.facebook.com\/Gr100Bikes\" \/>\n<meta property=\"og:image\" content=\"https:\/\/gr-100.com\/wp-content\/uploads\/2025\/10\/Diseno-sin-titulo-2025-10-03T130927.715.jpg\" \/>\n\t<meta property=\"og:image:width\" content=\"1000\" \/>\n\t<meta property=\"og:image:height\" content=\"1000\" \/>\n\t<meta property=\"og:image:type\" content=\"image\/jpeg\" \/>\n<meta name=\"twitter:card\" content=\"summary_large_image\" \/>\n<meta name=\"twitter:label1\" content=\"Est. reading time\" \/>\n\t<meta name=\"twitter:data1\" content=\"2 minutes\" \/>\n<script type=\"application\/ld+json\" class=\"yoast-schema-graph\">{\"@context\":\"https:\/\/schema.org\",\"@graph\":[{\"@type\":\"WebPage\",\"@id\":\"https:\/\/gr-100.com\/en\/producto\/specialized-sirrus-x-4-0-2026\/\",\"url\":\"https:\/\/gr-100.com\/en\/producto\/specialized-sirrus-x-4-0-2026\/\",\"name\":\"Specialized Sirrus X 4.0 2026 GR-100\",\"isPartOf\":{\"@id\":\"https:\/\/gr-100.com\/#website\"},\"primaryImageOfPage\":{\"@id\":\"https:\/\/gr-100.com\/en\/producto\/specialized-sirrus-x-4-0-2026\/#primaryimage\"},\"image\":{\"@id\":\"https:\/\/gr-100.com\/en\/producto\/specialized-sirrus-x-4-0-2026\/#primaryimage\"},\"thumbnailUrl\":\"https:\/\/gr-100.com\/wp-content\/uploads\/2025\/10\/Diseno-sin-titulo-2025-10-03T130927.715.jpg\",\"datePublished\":\"2025-10-03T12:34:50+00:00\",\"description\":\"Ofreciendo una combinaci\u00f3n sin precedentes de comodidad, eficiencia y manejo \u00e1gil, la Sirrus X se destaca en el asfalto, caminos de tierra y cualquier terreno intermedio.\",\"breadcrumb\":{\"@id\":\"https:\/\/gr-100.com\/en\/producto\/specialized-sirrus-x-4-0-2026\/#breadcrumb\"},\"inLanguage\":\"en-US\",\"potentialAction\":[{\"@type\":\"ReadAction\",\"target\":[\"https:\/\/gr-100.com\/en\/producto\/specialized-sirrus-x-4-0-2026\/\"]}]},{\"@type\":\"ImageObject\",\"inLanguage\":\"en-US\",\"@id\":\"https:\/\/gr-100.com\/en\/producto\/specialized-sirrus-x-4-0-2026\/#primaryimage\",\"url\":\"https:\/\/gr-100.com\/wp-content\/uploads\/2025\/10\/Diseno-sin-titulo-2025-10-03T130927.715.jpg\",\"contentUrl\":\"https:\/\/gr-100.com\/wp-content\/uploads\/2025\/10\/Diseno-sin-titulo-2025-10-03T130927.715.jpg\",\"width\":1000,\"height\":1000},{\"@type\":\"BreadcrumbList\",\"@id\":\"https:\/\/gr-100.com\/en\/producto\/specialized-sirrus-x-4-0-2026\/#breadcrumb\",\"itemListElement\":[{\"@type\":\"ListItem\",\"position\":1,\"name\":\"Portada\",\"item\":\"https:\/\/gr-100.com\/pt-pt\/\"},{\"@type\":\"ListItem\",\"position\":2,\"name\":\"Productos\",\"item\":\"https:\/\/gr-100.com\/?post_type=product\"},{\"@type\":\"ListItem\",\"position\":3,\"name\":\"Specialized Sirrus X 4.0 2026\"}]},{\"@type\":\"WebSite\",\"@id\":\"https:\/\/gr-100.com\/#website\",\"url\":\"https:\/\/gr-100.com\/\",\"name\":\"Gr-100 Tienda de ciclismo Specialized\",\"description\":\"GR-100 tenemos todas las gamas de bicicletas Specialized al mejor precio.\",\"publisher\":{\"@id\":\"https:\/\/gr-100.com\/#organization\"},\"alternateName\":\"Gr-100 Bikes\",\"potentialAction\":[{\"@type\":\"SearchAction\",\"target\":{\"@type\":\"EntryPoint\",\"urlTemplate\":\"https:\/\/gr-100.com\/?s={search_term_string}\"},\"query-input\":{\"@type\":\"PropertyValueSpecification\",\"valueRequired\":true,\"valueName\":\"search_term_string\"}}],\"inLanguage\":\"en-US\"},{\"@type\":\"Organization\",\"@id\":\"https:\/\/gr-100.com\/#organization\",\"name\":\"Gr-100\",\"url\":\"https:\/\/gr-100.com\/\",\"logo\":{\"@type\":\"ImageObject\",\"inLanguage\":\"en-US\",\"@id\":\"https:\/\/gr-100.com\/#\/schema\/logo\/image\/\",\"url\":\"https:\/\/gr-100.com\/wp-content\/uploads\/2023\/08\/logo-gr-100-bikes.png\",\"contentUrl\":\"https:\/\/gr-100.com\/wp-content\/uploads\/2023\/08\/logo-gr-100-bikes.png\",\"width\":707,\"height\":284,\"caption\":\"Gr-100\"},\"image\":{\"@id\":\"https:\/\/gr-100.com\/#\/schema\/logo\/image\/\"},\"sameAs\":[\"https:\/\/www.facebook.com\/Gr100Bikes\",\"https:\/\/www.instagram.com\/gr100bikes\/\",\"https:\/\/www.tiktok.com\/@gr100bikes\",\"https:\/\/twitter.com\/gr100mtbteam\",\"https:\/\/www.youtube.com\/c\/GR100Specialized\"]}]}<\/script>\n<!-- \/ Yoast SEO Premium plugin. -->","yoast_head_json":{"title":"Specialized Sirrus X 4.0 2026 GR-100","description":"Ofreciendo una combinaci\u00f3n sin precedentes de comodidad, eficiencia y manejo \u00e1gil, la Sirrus X se destaca en el asfalto, caminos de tierra y cualquier terreno intermedio.","robots":{"index":"index","follow":"follow","max-snippet":"max-snippet:-1","max-image-preview":"max-image-preview:large","max-video-preview":"max-video-preview:-1"},"canonical":"https:\/\/gr-100.com\/en\/producto\/specialized-sirrus-x-4-0-2026\/","og_locale":"en_US","og_type":"article","og_title":"Specialized Sirrus X 4.0 2026","og_description":"Ofreciendo una combinaci\u00f3n sin precedentes de comodidad, eficiencia y manejo \u00e1gil, la Sirrus X se destaca en el asfalto, caminos de tierra y cualquier terreno intermedio.","og_url":"https:\/\/gr-100.com\/en\/producto\/specialized-sirrus-x-4-0-2026\/","og_site_name":"Gr-100 Tienda de ciclismo Specialized","article_publisher":"https:\/\/www.facebook.com\/Gr100Bikes","og_image":[{"width":1000,"height":1000,"url":"https:\/\/gr-100.com\/wp-content\/uploads\/2025\/10\/Diseno-sin-titulo-2025-10-03T130927.715.jpg","type":"image\/jpeg"}],"twitter_card":"summary_large_image","twitter_misc":{"Est. reading time":"2 minutes"},"schema":{"@context":"https:\/\/schema.org","@graph":[{"@type":"WebPage","@id":"https:\/\/gr-100.com\/en\/producto\/specialized-sirrus-x-4-0-2026\/","url":"https:\/\/gr-100.com\/en\/producto\/specialized-sirrus-x-4-0-2026\/","name":"Specialized Sirrus X 4.0 2026 GR-100","isPartOf":{"@id":"https:\/\/gr-100.com\/#website"},"primaryImageOfPage":{"@id":"https:\/\/gr-100.com\/en\/producto\/specialized-sirrus-x-4-0-2026\/#primaryimage"},"image":{"@id":"https:\/\/gr-100.com\/en\/producto\/specialized-sirrus-x-4-0-2026\/#primaryimage"},"thumbnailUrl":"https:\/\/gr-100.com\/wp-content\/uploads\/2025\/10\/Diseno-sin-titulo-2025-10-03T130927.715.jpg","datePublished":"2025-10-03T12:34:50+00:00","description":"Ofreciendo una combinaci\u00f3n sin precedentes de comodidad, eficiencia y manejo \u00e1gil, la Sirrus X se destaca en el asfalto, caminos de tierra y cualquier terreno intermedio.","breadcrumb":{"@id":"https:\/\/gr-100.com\/en\/producto\/specialized-sirrus-x-4-0-2026\/#breadcrumb"},"inLanguage":"en-US","potentialAction":[{"@type":"ReadAction","target":["https:\/\/gr-100.com\/en\/producto\/specialized-sirrus-x-4-0-2026\/"]}]},{"@type":"ImageObject","inLanguage":"en-US","@id":"https:\/\/gr-100.com\/en\/producto\/specialized-sirrus-x-4-0-2026\/#primaryimage","url":"https:\/\/gr-100.com\/wp-content\/uploads\/2025\/10\/Diseno-sin-titulo-2025-10-03T130927.715.jpg","contentUrl":"https:\/\/gr-100.com\/wp-content\/uploads\/2025\/10\/Diseno-sin-titulo-2025-10-03T130927.715.jpg","width":1000,"height":1000},{"@type":"BreadcrumbList","@id":"https:\/\/gr-100.com\/en\/producto\/specialized-sirrus-x-4-0-2026\/#breadcrumb","itemListElement":[{"@type":"ListItem","position":1,"name":"Portada","item":"https:\/\/gr-100.com\/pt-pt\/"},{"@type":"ListItem","position":2,"name":"Productos","item":"https:\/\/gr-100.com\/?post_type=product"},{"@type":"ListItem","position":3,"name":"Specialized Sirrus X 4.0 2026"}]},{"@type":"WebSite","@id":"https:\/\/gr-100.com\/#website","url":"https:\/\/gr-100.com\/","name":"Gr-100 Tienda de ciclismo Specialized","description":"GR-100 tenemos todas las gamas de bicicletas Specialized al mejor precio.","publisher":{"@id":"https:\/\/gr-100.com\/#organization"},"alternateName":"Gr-100 Bikes","potentialAction":[{"@type":"SearchAction","target":{"@type":"EntryPoint","urlTemplate":"https:\/\/gr-100.com\/?s={search_term_string}"},"query-input":{"@type":"PropertyValueSpecification","valueRequired":true,"valueName":"search_term_string"}}],"inLanguage":"en-US"},{"@type":"Organization","@id":"https:\/\/gr-100.com\/#organization","name":"Gr-100","url":"https:\/\/gr-100.com\/","logo":{"@type":"ImageObject","inLanguage":"en-US","@id":"https:\/\/gr-100.com\/#\/schema\/logo\/image\/","url":"https:\/\/gr-100.com\/wp-content\/uploads\/2023\/08\/logo-gr-100-bikes.png","contentUrl":"https:\/\/gr-100.com\/wp-content\/uploads\/2023\/08\/logo-gr-100-bikes.png","width":707,"height":284,"caption":"Gr-100"},"image":{"@id":"https:\/\/gr-100.com\/#\/schema\/logo\/image\/"},"sameAs":["https:\/\/www.facebook.com\/Gr100Bikes","https:\/\/www.instagram.com\/gr100bikes\/","https:\/\/www.tiktok.com\/@gr100bikes","https:\/\/twitter.com\/gr100mtbteam","https:\/\/www.youtube.com\/c\/GR100Specialized"]}]}},"_links":{"self":[{"href":"https:\/\/gr-100.com\/en\/wp-json\/wp\/v2\/product\/424792","targetHints":{"allow":["GET"]}}],"collection":[{"href":"https:\/\/gr-100.com\/en\/wp-json\/wp\/v2\/product"}],"about":[{"href":"https:\/\/gr-100.com\/en\/wp-json\/wp\/v2\/types\/product"}],"replies":[{"embeddable":true,"href":"https:\/\/gr-100.com\/en\/wp-json\/wp\/v2\/comments?post=424792"}],"wp:featuredmedia":[{"embeddable":true,"href":"https:\/\/gr-100.com\/en\/wp-json\/wp\/v2\/media\/418561"}],"wp:attachment":[{"href":"https:\/\/gr-100.com\/en\/wp-json\/wp\/v2\/media?parent=424792"}],"wp:term":[{"taxonomy":"product_brand","embeddable":true,"href":"https:\/\/gr-100.com\/en\/wp-json\/wp\/v2\/product_brand?post=424792"},{"taxonomy":"product_cat","embeddable":true,"href":"https:\/\/gr-100.com\/en\/wp-json\/wp\/v2\/product_cat?post=424792"},{"taxonomy":"product_tag","embeddable":true,"href":"https:\/\/gr-100.com\/en\/wp-json\/wp\/v2\/product_tag?post=424792"}],"curies":[{"name":"wp","href":"https:\/\/api.w.org\/{rel}","templated":true}]}}