{"id":425220,"date":"2025-05-15T13:55:45","date_gmt":"2025-05-15T12:55:45","guid":{"rendered":"https:\/\/gr-100.com\/producto\/specialized-stumpjumper-15-alloy-fox-coil\/"},"modified":"2025-05-15T13:55:45","modified_gmt":"2025-05-15T11:55:45","slug":"specialized-stumpjumper-15-alloy-fox-coil","status":"publish","type":"product","link":"https:\/\/gr-100.com\/en\/producto\/specialized-stumpjumper-15-alloy-fox-coil\/","title":{"rendered":"Specialized Stumpjumper 15 Alloy FOX Coil"},"content":{"rendered":"<p>La Stumpjumper 15 Alloy est\u00e1 aqu\u00ed para superar cualquier obst\u00e1culo en el mundo de los senderos. \u00bfDevora los baches como una gran moto? Listo. \u00bfControl en recorridos cortos, dinamismo y eficiencia? Doblemente listo. \u00bfQu\u00e9 tal una dosis extra de personalizaci\u00f3n para que sea perfecta para el \u00fanico ciclista que realmente importa: t\u00fa? Listo, listo, listo.      <\/p>\n<ul>\n<li>RUEDA A TU MANERA: La Stumpjumper 15 Alloy integra a la perfecci\u00f3n un ajuste geogr\u00e1fico de referencia, convirti\u00e9ndola en la bicicleta de trail m\u00e1s personalizable hasta la fecha. Seis configuraciones de geometr\u00eda distintas te permiten perfeccionar el rendimiento para cualquier estilo y terreno. El \u00e1ngulo de direcci\u00f3n y el pedalier se pueden ajustar para mayor estabilidad o espacio libre.  <\/li>\n<li>LA FORMA SIGUE A LA DIVERSI\u00d3N: Podemos hacer un cuadro tan r\u00edgido como queramos, pero a veces es demasiado r\u00edgido. Para que la bicicleta se integre, se requiere una flexibilidad de dise\u00f1o en el cuadro. Dise\u00f1amos el chasis de aleaci\u00f3n M5 (delantera, trasera y la uni\u00f3n entre ellas) como una sola unidad que alcanza el objetivo de rigidez que establecimos para el trail.  <\/li>\n<li>TAMA\u00d1O DE LA RUEDA: Todos los modelos con muelles helicoidales vienen con ruedas mixtas.<\/li>\n<li>ELECCI\u00d3N DE RUEDAS: Con nuestras bieletas de amortiguador de repuesto, puedes elegir entre ruedas grandes delanteras y traseras o combinarlas con una trasera de 27.5&#8243; para una conducci\u00f3n m\u00e1s \u00e1gil y divertida. Elijas lo que elijas, la geometr\u00eda no se ver\u00e1 afectada. <\/li>\n<li>Ll\u00e9valo todo: El sistema SWAT de la Stumpjumper 15 aumenta el espacio de almacenamiento en el tubo diagonal, una innovaci\u00f3n de la que fuimos pioneros.<\/li>\n<li>M\u00c1S IMPLACABLES QUE T\u00da: Nuestras bicicletas de doble suspensi\u00f3n est\u00e1n dise\u00f1adas para ser implacables, para soportar a\u00f1os de uso intensivo y con el respaldo del mejor soporte y programas para que sigas en el camino. Nuestros inigualables rodamientos de pivote de suspensi\u00f3n de repuesto de por vida, sin preguntas, para el propietario original, son solo una de las maneras en que te tenemos cubierto <\/li>\n<li>Nuevo cuadro de aleaci\u00f3n M5 con integraci\u00f3n de puerta SWAT<\/li>\n<li>Llantas de aleaci\u00f3n Roval Traverse con bujes DT Swiss<\/li>\n<li>Amortiguador de muelles FOX DHX Factory con Ride Dynamics Tuned<\/li>\n<li>Horquilla FOX FLOAT 38 Factory robusta con amortiguador GRIP X2<\/li>\n<li>Transmisi\u00f3n Shimano SLX duradera y centrada en el rendimiento<\/li>\n<li>Gran potencia de frenado gracias a los frenos TRP DH-R EVO de 4 pistones<\/li>\n<li>Tija telesc\u00f3pica PNW LOAM con recorrido ajustable<\/li>\n<li>Reemplazo de por vida de los rodamientos de pivote de la suspensi\u00f3n para el propietario original\n<ul>\n<li>CADENA Shimano SLX, M7100, 12-speed<\/li>\n<li>CAJA PEDALIER Shimano, BB-MT801, Threaded<\/li>\n<li>PEDALIER Shimano SLX, M7120, 32T ring, 55mm chainline, S2-S3:165mm, S4-S6: 170mm<\/li>\n<li>CAMBIO Shimano SLX, M7100, SGS, 12-speed<\/li>\n<li>CASETE Shimano SLX, CS-M7100, 12-speed, 10-51t<\/li>\n<li>MANDOS DE CAMBIO Shimano SLX, M7100, 12spd<\/li>\n<li>SWAT SWAT internal downtube storage<\/li>\n<li>CUADRO M5 Alloy chassis and rear-end, Trail Geometry, SWAT\u2122 Door integration, head tube angle adjustment, threaded BB, internal cable routing, 12x148mm dropouts, sealed cartridge bearing pivots, SRAM UDH compatible, 145mm of travel<\/li>\n<li>SADDLE Alloy, 38.6mm<\/li>\n<li>AMORTIGUADOR FOX DHX Factory, Ride Dynamics Trail Tune, 210x55mm, S2: 400lbs, S3: 450lbs, S4: 500bs, S5: 550lbs, S6: 600lbs<\/li>\n<li>HORQUILLA FOX FLOAT 38 Factory, GRIP X2 damper, HS and LS rebound and compression adjustment, 15x110mm QR axle, 44mm offset, 160mm of travel<\/li>\n<li>FRONT BRAKE TRP DH-R EVO, 4-piston caliper, hydraulic disc, 220mm<\/li>\n<li>REAR BRAKE TRP DH-R EVO, 4-piston caliper, hydraulic disc, 203mm<\/li>\n<li>LLANTAS Roval Traverse, hookless alloy, 30mm inner width, tubeless ready, Front: 29, Rear: 27.5<\/li>\n<li>DT SWISS 370 FRONT HUB, 15x110mm, 28h<\/li>\n<li>TYRE. Butcher, GRID TRAIL casing, GRIPTON\u00ae T9 compound, 2Bliss Ready, 29&#215;2.3&#8243; <\/li>\n<li>DT SWISS 370 REAR HUB, 12x148mm, 32h<\/li>\n<li>REAR TIRE Eliminator, GRID GRAVITY casing, GRIPTON\u00ae T9\/T7 compound, 2Bliss Ready, 27.5&#215;2.3&#8243;<\/li>\n<li>Sapim Force SPOKES<\/li>\n<li>CAMERAS Standard, Presta valve<\/li>\n<li>Bridge Comp SADDLE, Hollow Cr-mo rails, S1-S2: 155mm, S3-S6: 143mm<\/li>\n<li>STEM Deity, 35mm clamp, 35mm length<\/li>\n<li>Deity Grips, Knuckleduster, Black<\/li>\n<li>MANILLAR Deity, Racepoint, 5-degree upsweep, 9-degree backsweep, 810 width, S2: 25mm rise: S3-S6: 38mm rise<\/li>\n<li>TIJA DE SILL\u00cdN PNW Loam OE Dropper, tool-less travel adjust, Range lever, 34.9, S2: 150mm, S3: 170mm, S4-S6: 200mm<\/li>\n<li>DINAMO 257786<\/li>\n<li>Weight DINAMO 16.90 kg (37 lb, 4.1 oz)<\/li>\n<\/ul>\n<p>&nbsp;<\/p>\n<p>&nbsp;<\/li>\n<\/ul>\n","protected":false},"excerpt":{"rendered":"<p>La Stumpjumper 15 Alloy est\u00e1 aqu\u00ed para superar cualquier obst\u00e1culo en el mundo de los senderos. \u00bfDevora los baches como una gran moto? Listo. \u00bfControl en recorridos cortos, dinamismo y eficiencia? Doblemente listo. \u00bfQu\u00e9 tal una dosis extra de personalizaci\u00f3n para que sea perfecta para el \u00fanico ciclista que realmente importa: t\u00fa? Listo, listo, listo.      <\/p>\n","protected":false},"featured_media":408903,"comment_status":"open","ping_status":"closed","template":"","meta":{"_acf_changed":false,"_et_pb_use_builder":"","_et_pb_old_content":"","_et_gb_content_width":"","inline_featured_image":false},"product_brand":[],"product_cat":[5370,5369,5367,5366,4347,358,2689,359],"product_tag":[],"class_list":{"0":"post-425220","1":"product","2":"type-product","3":"status-publish","4":"has-post-thumbnail","6":"product_cat-bicicletas-montana-29-en","7":"product_cat-bicicletas-montana-doble-suspension-en","8":"product_cat-bicicletas-montana-specialized-en","9":"product_cat-descuentos-en","10":"product_cat-black-friday-2-en","11":"product_cat-mountain","12":"product_cat-specialized-offers","13":"product_cat-outlet-en","15":"first","16":"instock","17":"sale","18":"taxable","19":"shipping-taxable","20":"purchasable","21":"product-type-variable","22":"wvs-archive-product-wrapper"},"acf":[],"yoast_head":"<!-- This site is optimized with the Yoast SEO Premium plugin v26.7 (Yoast SEO v26.7) - https:\/\/yoast.com\/wordpress\/plugins\/seo\/ -->\n<title>Specialized Stumpjumper 15 Alloy FOX Coil GR-100 Specialized<\/title>\n<meta name=\"description\" content=\"La Stumpjumper 15 Alloy est\u00e1 aqu\u00ed para superar cualquier obst\u00e1culo en el mundo de los senderos. \u00bfDevora los baches como una gran moto? Listo.\" \/>\n<meta name=\"robots\" content=\"index, follow, max-snippet:-1, max-image-preview:large, max-video-preview:-1\" \/>\n<link rel=\"canonical\" href=\"https:\/\/gr-100.com\/en\/producto\/specialized-stumpjumper-15-alloy-fox-coil\/\" \/>\n<meta property=\"og:locale\" content=\"en_US\" \/>\n<meta property=\"og:type\" content=\"article\" \/>\n<meta property=\"og:title\" content=\"Specialized Stumpjumper 15 Alloy FOX Coil\" \/>\n<meta property=\"og:description\" content=\"La Stumpjumper 15 Alloy est\u00e1 aqu\u00ed para superar cualquier obst\u00e1culo en el mundo de los senderos. \u00bfDevora los baches como una gran moto? Listo.\" \/>\n<meta property=\"og:url\" content=\"https:\/\/gr-100.com\/en\/producto\/specialized-stumpjumper-15-alloy-fox-coil\/\" \/>\n<meta property=\"og:site_name\" content=\"Gr-100 Tienda de ciclismo Specialized\" \/>\n<meta property=\"article:publisher\" content=\"https:\/\/www.facebook.com\/Gr100Bikes\" \/>\n<meta property=\"og:image\" content=\"https:\/\/gr-100.com\/wp-content\/uploads\/2025\/05\/SJ-15-FOX-COIL-ALLOY-BRSH-L.jpg\" \/>\n\t<meta property=\"og:image:width\" content=\"1000\" \/>\n\t<meta property=\"og:image:height\" content=\"1000\" \/>\n\t<meta property=\"og:image:type\" content=\"image\/jpeg\" \/>\n<meta name=\"twitter:card\" content=\"summary_large_image\" \/>\n<meta name=\"twitter:label1\" content=\"Est. reading time\" \/>\n\t<meta name=\"twitter:data1\" content=\"4 minutes\" \/>\n<script type=\"application\/ld+json\" class=\"yoast-schema-graph\">{\"@context\":\"https:\/\/schema.org\",\"@graph\":[{\"@type\":\"WebPage\",\"@id\":\"https:\/\/gr-100.com\/en\/producto\/specialized-stumpjumper-15-alloy-fox-coil\/\",\"url\":\"https:\/\/gr-100.com\/en\/producto\/specialized-stumpjumper-15-alloy-fox-coil\/\",\"name\":\"Specialized Stumpjumper 15 Alloy FOX Coil GR-100 Specialized\",\"isPartOf\":{\"@id\":\"https:\/\/gr-100.com\/#website\"},\"primaryImageOfPage\":{\"@id\":\"https:\/\/gr-100.com\/en\/producto\/specialized-stumpjumper-15-alloy-fox-coil\/#primaryimage\"},\"image\":{\"@id\":\"https:\/\/gr-100.com\/en\/producto\/specialized-stumpjumper-15-alloy-fox-coil\/#primaryimage\"},\"thumbnailUrl\":\"https:\/\/gr-100.com\/wp-content\/uploads\/2025\/05\/SJ-15-FOX-COIL-ALLOY-BRSH-L.jpg\",\"datePublished\":\"2025-05-15T12:55:45+00:00\",\"description\":\"La Stumpjumper 15 Alloy est\u00e1 aqu\u00ed para superar cualquier obst\u00e1culo en el mundo de los senderos. \u00bfDevora los baches como una gran moto? Listo.\",\"breadcrumb\":{\"@id\":\"https:\/\/gr-100.com\/en\/producto\/specialized-stumpjumper-15-alloy-fox-coil\/#breadcrumb\"},\"inLanguage\":\"en-US\",\"potentialAction\":[{\"@type\":\"ReadAction\",\"target\":[\"https:\/\/gr-100.com\/en\/producto\/specialized-stumpjumper-15-alloy-fox-coil\/\"]}]},{\"@type\":\"ImageObject\",\"inLanguage\":\"en-US\",\"@id\":\"https:\/\/gr-100.com\/en\/producto\/specialized-stumpjumper-15-alloy-fox-coil\/#primaryimage\",\"url\":\"https:\/\/gr-100.com\/wp-content\/uploads\/2025\/05\/SJ-15-FOX-COIL-ALLOY-BRSH-L.jpg\",\"contentUrl\":\"https:\/\/gr-100.com\/wp-content\/uploads\/2025\/05\/SJ-15-FOX-COIL-ALLOY-BRSH-L.jpg\",\"width\":1000,\"height\":1000},{\"@type\":\"BreadcrumbList\",\"@id\":\"https:\/\/gr-100.com\/en\/producto\/specialized-stumpjumper-15-alloy-fox-coil\/#breadcrumb\",\"itemListElement\":[{\"@type\":\"ListItem\",\"position\":1,\"name\":\"Portada\",\"item\":\"https:\/\/gr-100.com\/pt-pt\/\"},{\"@type\":\"ListItem\",\"position\":2,\"name\":\"Productos\",\"item\":\"https:\/\/gr-100.com\/?post_type=product\"},{\"@type\":\"ListItem\",\"position\":3,\"name\":\"Specialized Stumpjumper 15 Alloy FOX Coil\"}]},{\"@type\":\"WebSite\",\"@id\":\"https:\/\/gr-100.com\/#website\",\"url\":\"https:\/\/gr-100.com\/\",\"name\":\"Gr-100 Tienda de ciclismo Specialized\",\"description\":\"GR-100 tenemos todas las gamas de bicicletas Specialized al mejor precio.\",\"publisher\":{\"@id\":\"https:\/\/gr-100.com\/#organization\"},\"alternateName\":\"Gr-100 Bikes\",\"potentialAction\":[{\"@type\":\"SearchAction\",\"target\":{\"@type\":\"EntryPoint\",\"urlTemplate\":\"https:\/\/gr-100.com\/?s={search_term_string}\"},\"query-input\":{\"@type\":\"PropertyValueSpecification\",\"valueRequired\":true,\"valueName\":\"search_term_string\"}}],\"inLanguage\":\"en-US\"},{\"@type\":\"Organization\",\"@id\":\"https:\/\/gr-100.com\/#organization\",\"name\":\"Gr-100\",\"url\":\"https:\/\/gr-100.com\/\",\"logo\":{\"@type\":\"ImageObject\",\"inLanguage\":\"en-US\",\"@id\":\"https:\/\/gr-100.com\/#\/schema\/logo\/image\/\",\"url\":\"https:\/\/gr-100.com\/wp-content\/uploads\/2023\/08\/logo-gr-100-bikes.png\",\"contentUrl\":\"https:\/\/gr-100.com\/wp-content\/uploads\/2023\/08\/logo-gr-100-bikes.png\",\"width\":707,\"height\":284,\"caption\":\"Gr-100\"},\"image\":{\"@id\":\"https:\/\/gr-100.com\/#\/schema\/logo\/image\/\"},\"sameAs\":[\"https:\/\/www.facebook.com\/Gr100Bikes\",\"https:\/\/www.instagram.com\/gr100bikes\/\",\"https:\/\/www.tiktok.com\/@gr100bikes\",\"https:\/\/twitter.com\/gr100mtbteam\",\"https:\/\/www.youtube.com\/c\/GR100Specialized\"]}]}<\/script>\n<!-- \/ Yoast SEO Premium plugin. -->","yoast_head_json":{"title":"Specialized Stumpjumper 15 Alloy FOX Coil GR-100 Specialized","description":"La Stumpjumper 15 Alloy est\u00e1 aqu\u00ed para superar cualquier obst\u00e1culo en el mundo de los senderos. \u00bfDevora los baches como una gran moto? Listo.","robots":{"index":"index","follow":"follow","max-snippet":"max-snippet:-1","max-image-preview":"max-image-preview:large","max-video-preview":"max-video-preview:-1"},"canonical":"https:\/\/gr-100.com\/en\/producto\/specialized-stumpjumper-15-alloy-fox-coil\/","og_locale":"en_US","og_type":"article","og_title":"Specialized Stumpjumper 15 Alloy FOX Coil","og_description":"La Stumpjumper 15 Alloy est\u00e1 aqu\u00ed para superar cualquier obst\u00e1culo en el mundo de los senderos. \u00bfDevora los baches como una gran moto? Listo.","og_url":"https:\/\/gr-100.com\/en\/producto\/specialized-stumpjumper-15-alloy-fox-coil\/","og_site_name":"Gr-100 Tienda de ciclismo Specialized","article_publisher":"https:\/\/www.facebook.com\/Gr100Bikes","og_image":[{"width":1000,"height":1000,"url":"https:\/\/gr-100.com\/wp-content\/uploads\/2025\/05\/SJ-15-FOX-COIL-ALLOY-BRSH-L.jpg","type":"image\/jpeg"}],"twitter_card":"summary_large_image","twitter_misc":{"Est. reading time":"4 minutes"},"schema":{"@context":"https:\/\/schema.org","@graph":[{"@type":"WebPage","@id":"https:\/\/gr-100.com\/en\/producto\/specialized-stumpjumper-15-alloy-fox-coil\/","url":"https:\/\/gr-100.com\/en\/producto\/specialized-stumpjumper-15-alloy-fox-coil\/","name":"Specialized Stumpjumper 15 Alloy FOX Coil GR-100 Specialized","isPartOf":{"@id":"https:\/\/gr-100.com\/#website"},"primaryImageOfPage":{"@id":"https:\/\/gr-100.com\/en\/producto\/specialized-stumpjumper-15-alloy-fox-coil\/#primaryimage"},"image":{"@id":"https:\/\/gr-100.com\/en\/producto\/specialized-stumpjumper-15-alloy-fox-coil\/#primaryimage"},"thumbnailUrl":"https:\/\/gr-100.com\/wp-content\/uploads\/2025\/05\/SJ-15-FOX-COIL-ALLOY-BRSH-L.jpg","datePublished":"2025-05-15T12:55:45+00:00","description":"La Stumpjumper 15 Alloy est\u00e1 aqu\u00ed para superar cualquier obst\u00e1culo en el mundo de los senderos. \u00bfDevora los baches como una gran moto? Listo.","breadcrumb":{"@id":"https:\/\/gr-100.com\/en\/producto\/specialized-stumpjumper-15-alloy-fox-coil\/#breadcrumb"},"inLanguage":"en-US","potentialAction":[{"@type":"ReadAction","target":["https:\/\/gr-100.com\/en\/producto\/specialized-stumpjumper-15-alloy-fox-coil\/"]}]},{"@type":"ImageObject","inLanguage":"en-US","@id":"https:\/\/gr-100.com\/en\/producto\/specialized-stumpjumper-15-alloy-fox-coil\/#primaryimage","url":"https:\/\/gr-100.com\/wp-content\/uploads\/2025\/05\/SJ-15-FOX-COIL-ALLOY-BRSH-L.jpg","contentUrl":"https:\/\/gr-100.com\/wp-content\/uploads\/2025\/05\/SJ-15-FOX-COIL-ALLOY-BRSH-L.jpg","width":1000,"height":1000},{"@type":"BreadcrumbList","@id":"https:\/\/gr-100.com\/en\/producto\/specialized-stumpjumper-15-alloy-fox-coil\/#breadcrumb","itemListElement":[{"@type":"ListItem","position":1,"name":"Portada","item":"https:\/\/gr-100.com\/pt-pt\/"},{"@type":"ListItem","position":2,"name":"Productos","item":"https:\/\/gr-100.com\/?post_type=product"},{"@type":"ListItem","position":3,"name":"Specialized Stumpjumper 15 Alloy FOX Coil"}]},{"@type":"WebSite","@id":"https:\/\/gr-100.com\/#website","url":"https:\/\/gr-100.com\/","name":"Gr-100 Tienda de ciclismo Specialized","description":"GR-100 tenemos todas las gamas de bicicletas Specialized al mejor precio.","publisher":{"@id":"https:\/\/gr-100.com\/#organization"},"alternateName":"Gr-100 Bikes","potentialAction":[{"@type":"SearchAction","target":{"@type":"EntryPoint","urlTemplate":"https:\/\/gr-100.com\/?s={search_term_string}"},"query-input":{"@type":"PropertyValueSpecification","valueRequired":true,"valueName":"search_term_string"}}],"inLanguage":"en-US"},{"@type":"Organization","@id":"https:\/\/gr-100.com\/#organization","name":"Gr-100","url":"https:\/\/gr-100.com\/","logo":{"@type":"ImageObject","inLanguage":"en-US","@id":"https:\/\/gr-100.com\/#\/schema\/logo\/image\/","url":"https:\/\/gr-100.com\/wp-content\/uploads\/2023\/08\/logo-gr-100-bikes.png","contentUrl":"https:\/\/gr-100.com\/wp-content\/uploads\/2023\/08\/logo-gr-100-bikes.png","width":707,"height":284,"caption":"Gr-100"},"image":{"@id":"https:\/\/gr-100.com\/#\/schema\/logo\/image\/"},"sameAs":["https:\/\/www.facebook.com\/Gr100Bikes","https:\/\/www.instagram.com\/gr100bikes\/","https:\/\/www.tiktok.com\/@gr100bikes","https:\/\/twitter.com\/gr100mtbteam","https:\/\/www.youtube.com\/c\/GR100Specialized"]}]}},"_links":{"self":[{"href":"https:\/\/gr-100.com\/en\/wp-json\/wp\/v2\/product\/425220","targetHints":{"allow":["GET"]}}],"collection":[{"href":"https:\/\/gr-100.com\/en\/wp-json\/wp\/v2\/product"}],"about":[{"href":"https:\/\/gr-100.com\/en\/wp-json\/wp\/v2\/types\/product"}],"replies":[{"embeddable":true,"href":"https:\/\/gr-100.com\/en\/wp-json\/wp\/v2\/comments?post=425220"}],"wp:featuredmedia":[{"embeddable":true,"href":"https:\/\/gr-100.com\/en\/wp-json\/wp\/v2\/media\/408903"}],"wp:attachment":[{"href":"https:\/\/gr-100.com\/en\/wp-json\/wp\/v2\/media?parent=425220"}],"wp:term":[{"taxonomy":"product_brand","embeddable":true,"href":"https:\/\/gr-100.com\/en\/wp-json\/wp\/v2\/product_brand?post=425220"},{"taxonomy":"product_cat","embeddable":true,"href":"https:\/\/gr-100.com\/en\/wp-json\/wp\/v2\/product_cat?post=425220"},{"taxonomy":"product_tag","embeddable":true,"href":"https:\/\/gr-100.com\/en\/wp-json\/wp\/v2\/product_tag?post=425220"}],"curies":[{"name":"wp","href":"https:\/\/api.w.org\/{rel}","templated":true}]}}