{"id":425248,"date":"2025-05-15T13:31:34","date_gmt":"2025-05-15T12:31:34","guid":{"rendered":"https:\/\/gr-100.com\/producto\/specialized-enduro-s-works-frame-25\/"},"modified":"2025-05-15T13:31:34","modified_gmt":"2025-05-15T11:31:34","slug":"specialized-enduro-s-works-frame-25","status":"publish","type":"product","link":"https:\/\/gr-100.com\/en\/producto\/specialized-enduro-s-works-frame-25\/","title":{"rendered":"Specialized Enduro S-Works Frame 25"},"content":{"rendered":"<p>Empieza tu construcci\u00f3n con lo mejor. El chasis de carbono FACT 11M de la Enduro est\u00e1 equipado con bieletas superiores e inferiores de carbono, cableado interno, integraci\u00f3n de puerta SWAT y suspensi\u00f3n RockShox de alta gama, lo que lo convierte en la base perfecta para construir. El cuadro incluye la patilla de cambio universal (UDH) de SRAM para compatibilidad con cambios de montaje directo.  <\/p>\n<ul>\n<li>INCRE\u00cdBLEMENTE CAPACITADA: Si la Enduro se parece a su hermana, la Demo, es porque comparten un gran ADN de descenso. Un recorrido del eje m\u00e1s retrasado reduce el enganche de la rueda en impactos fuertes. Un amortiguador bajo y adelantado la mantiene firme y segura a altas velocidades. La rigidez equilibrada del chasis ayuda a que la direcci\u00f3n delantera sea precisa y mantiene la trasera en una trayectoria impecable. S\u00famalo todo, y tendr\u00e1s una bicicleta que se r\u00ede de los senderos m\u00e1s empinados y rocosos.    <\/li>\n<li>ASOMBROSAMENTE R\u00c1PIDA, SUBIENDO Y BAJANDO: Pisa a fondo los pedales y la nueva Enduro acelera mucho m\u00e1s r\u00e1pido de lo que esperar\u00edas de una potente bicicleta de descenso. Para empezar, aumentamos el anti-squat, para que la suspensi\u00f3n resista mejor el balanceo del pedal. Despu\u00e9s, para aumentar su eficiencia, redirigimos el \u00e1ngulo de las vainas y las bieletas superiores del amortiguador para un dise\u00f1o mucho m\u00e1s eficiente. \u00bfEl resultado final? Menos balanceo, m\u00e1s velocidad.    <\/li>\n<li>AJUSTE R\u00c1PIDO: La velocidad y el ajuste no son incompatibles, por eso la geometr\u00eda progresiva de la Enduro est\u00e1 dise\u00f1ada para subir y bajar de nivel. Para empezar, los tubos de sill\u00edn y la altura del stack no aumentan dr\u00e1sticamente entre tallas, lo que significa que ahora puedes elegir una talla de cuadro seg\u00fan tu altura y estilo de conducci\u00f3n. Combina este nuevo estilo de tallas con un \u00e1ngulo de direcci\u00f3n m\u00e1s relajado, un alcance m\u00e1s largo y un tubo de sill\u00edn m\u00e1s inclinado en toda la l\u00ednea, y tendr\u00e1s una bicicleta m\u00e1s r\u00e1pida y capaz, sin importar la talla.  <\/li>\n<li>INCRE\u00cdBLEMENTE CAPACITADA: Si la Enduro se parece a su hermana, la Demo, es porque comparten un gran ADN de descenso. Un recorrido del eje m\u00e1s retrasado reduce el enganche de la rueda en impactos fuertes. Un amortiguador bajo y adelantado la mantiene firme y segura a altas velocidades. La rigidez equilibrada del chasis ayuda a que la direcci\u00f3n delantera sea precisa y mantiene la trasera en una trayectoria impecable. S\u00famalo todo, y tendr\u00e1s una bicicleta que se r\u00ede de los senderos m\u00e1s empinados y rocosos.    <\/li>\n<li>ASOMBROSAMENTE R\u00c1PIDA, SUBIENDO Y BAJANDO: Pisa a fondo los pedales y la nueva Enduro acelera mucho m\u00e1s r\u00e1pido de lo que esperar\u00edas de una potente bicicleta de descenso. Para empezar, aumentamos el anti-squat, para que la suspensi\u00f3n resista mejor el balanceo del pedal. Despu\u00e9s, para aumentar su eficiencia, redirigimos el \u00e1ngulo de las vainas y las bieletas superiores del amortiguador para un dise\u00f1o mucho m\u00e1s eficiente. \u00bfEl resultado final? Menos balanceo, m\u00e1s velocidad.\n<ul>\n<li>SWAT SWAT internal downtube storage<\/li>\n<li>SADDLE Alloy, 38.6mm<\/li>\n<li>CUADRO FACT 11m carbon chassis and rear-end, 29 S-Sizing Enduro Race Geometry, Carbon upper and lower links, SRAM Universal Derrailuer Hanger, SWAT\u2122 Door integration, threaded BB, internal cable routing, 12x148mm dropouts, sealed cartridge bearing pivots, 170mm of travel<\/li>\n<li>AMORTIGUADOR RockShox Vivid Ultimate, Ride Dynamics Trail Tune, adjustable hydraulic bottom out, adjustable rebound and high\/low speed compression, 205&#215;60, Trunnion<\/li>\n<li>DINAMO 276009<\/li>\n<li>Weight DINAMO 3.82kg (8 lb, 6.7 oz)<\/li>\n<\/ul>\n<\/li>\n<\/ul>\n","protected":false},"excerpt":{"rendered":"<p>Empieza tu construcci\u00f3n con lo mejor. El chasis de carbono FACT 11M de la Enduro est\u00e1 equipado con bieletas superiores e inferiores de carbono, cableado interno, integraci\u00f3n de puerta SWAT y suspensi\u00f3n RockShox de alta gama, lo que lo convierte en la base perfecta para construir. El cuadro incluye la patilla de cambio universal (UDH) de SRAM para compatibilidad con cambios de montaje directo.  <\/p>\n","protected":false},"featured_media":408871,"comment_status":"open","ping_status":"closed","template":"","meta":{"_acf_changed":false,"_et_pb_use_builder":"","_et_pb_old_content":"","_et_gb_content_width":"","inline_featured_image":false},"product_brand":[],"product_cat":[5368,5369,5367,5366,4347,358],"product_tag":[],"class_list":{"0":"post-425248","1":"product","2":"type-product","3":"status-publish","4":"has-post-thumbnail","6":"product_cat-bicicletas-montana-carbono-en","7":"product_cat-bicicletas-montana-doble-suspension-en","8":"product_cat-bicicletas-montana-specialized-en","9":"product_cat-descuentos-en","10":"product_cat-black-friday-2-en","11":"product_cat-mountain","13":"first","14":"instock","15":"sale","16":"taxable","17":"shipping-taxable","18":"purchasable","19":"product-type-variable","20":"wvs-archive-product-wrapper"},"acf":[],"yoast_head":"<!-- This site is optimized with the Yoast SEO Premium plugin v26.7 (Yoast SEO v26.7) - https:\/\/yoast.com\/wordpress\/plugins\/seo\/ -->\n<title>Specialized Enduro S-Works Frame 25 GR-100 Specialized Enduro<\/title>\n<meta name=\"description\" content=\"Empieza tu construcci\u00f3n con lo mejor. El chasis de carbono FACT 11M de la Enduro est\u00e1 equipado con bieletas superiores e inferiores de carbono\" \/>\n<meta name=\"robots\" content=\"index, follow, max-snippet:-1, max-image-preview:large, max-video-preview:-1\" \/>\n<link rel=\"canonical\" href=\"https:\/\/gr-100.com\/en\/producto\/specialized-enduro-s-works-frame-25\/\" \/>\n<meta property=\"og:locale\" content=\"en_US\" \/>\n<meta property=\"og:type\" content=\"article\" \/>\n<meta property=\"og:title\" content=\"Specialized Enduro S-Works Frame 25\" \/>\n<meta property=\"og:description\" content=\"Empieza tu construcci\u00f3n con lo mejor. El chasis de carbono FACT 11M de la Enduro est\u00e1 equipado con bieletas superiores e inferiores de carbono\" \/>\n<meta property=\"og:url\" content=\"https:\/\/gr-100.com\/en\/producto\/specialized-enduro-s-works-frame-25\/\" \/>\n<meta property=\"og:site_name\" content=\"Gr-100 Tienda de ciclismo Specialized\" \/>\n<meta property=\"article:publisher\" content=\"https:\/\/www.facebook.com\/Gr100Bikes\" \/>\n<meta property=\"og:image\" content=\"https:\/\/gr-100.com\/wp-content\/uploads\/2025\/05\/ENDURO-SW-FRM-RBLPNKTNT-FOG.jpg\" \/>\n\t<meta property=\"og:image:width\" content=\"1000\" \/>\n\t<meta property=\"og:image:height\" content=\"1000\" \/>\n\t<meta property=\"og:image:type\" content=\"image\/jpeg\" \/>\n<meta name=\"twitter:card\" content=\"summary_large_image\" \/>\n<meta name=\"twitter:label1\" content=\"Est. reading time\" \/>\n\t<meta name=\"twitter:data1\" content=\"3 minutes\" \/>\n<script type=\"application\/ld+json\" class=\"yoast-schema-graph\">{\"@context\":\"https:\/\/schema.org\",\"@graph\":[{\"@type\":\"WebPage\",\"@id\":\"https:\/\/gr-100.com\/en\/producto\/specialized-enduro-s-works-frame-25\/\",\"url\":\"https:\/\/gr-100.com\/en\/producto\/specialized-enduro-s-works-frame-25\/\",\"name\":\"Specialized Enduro S-Works Frame 25 GR-100 Specialized Enduro\",\"isPartOf\":{\"@id\":\"https:\/\/gr-100.com\/#website\"},\"primaryImageOfPage\":{\"@id\":\"https:\/\/gr-100.com\/en\/producto\/specialized-enduro-s-works-frame-25\/#primaryimage\"},\"image\":{\"@id\":\"https:\/\/gr-100.com\/en\/producto\/specialized-enduro-s-works-frame-25\/#primaryimage\"},\"thumbnailUrl\":\"https:\/\/gr-100.com\/wp-content\/uploads\/2025\/05\/ENDURO-SW-FRM-RBLPNKTNT-FOG.jpg\",\"datePublished\":\"2025-05-15T12:31:34+00:00\",\"description\":\"Empieza tu construcci\u00f3n con lo mejor. El chasis de carbono FACT 11M de la Enduro est\u00e1 equipado con bieletas superiores e inferiores de carbono\",\"breadcrumb\":{\"@id\":\"https:\/\/gr-100.com\/en\/producto\/specialized-enduro-s-works-frame-25\/#breadcrumb\"},\"inLanguage\":\"en-US\",\"potentialAction\":[{\"@type\":\"ReadAction\",\"target\":[\"https:\/\/gr-100.com\/en\/producto\/specialized-enduro-s-works-frame-25\/\"]}]},{\"@type\":\"ImageObject\",\"inLanguage\":\"en-US\",\"@id\":\"https:\/\/gr-100.com\/en\/producto\/specialized-enduro-s-works-frame-25\/#primaryimage\",\"url\":\"https:\/\/gr-100.com\/wp-content\/uploads\/2025\/05\/ENDURO-SW-FRM-RBLPNKTNT-FOG.jpg\",\"contentUrl\":\"https:\/\/gr-100.com\/wp-content\/uploads\/2025\/05\/ENDURO-SW-FRM-RBLPNKTNT-FOG.jpg\",\"width\":1000,\"height\":1000},{\"@type\":\"BreadcrumbList\",\"@id\":\"https:\/\/gr-100.com\/en\/producto\/specialized-enduro-s-works-frame-25\/#breadcrumb\",\"itemListElement\":[{\"@type\":\"ListItem\",\"position\":1,\"name\":\"Portada\",\"item\":\"https:\/\/gr-100.com\/pt-pt\/\"},{\"@type\":\"ListItem\",\"position\":2,\"name\":\"Productos\",\"item\":\"https:\/\/gr-100.com\/?post_type=product\"},{\"@type\":\"ListItem\",\"position\":3,\"name\":\"Specialized Enduro S-Works Frame 25\"}]},{\"@type\":\"WebSite\",\"@id\":\"https:\/\/gr-100.com\/#website\",\"url\":\"https:\/\/gr-100.com\/\",\"name\":\"Gr-100 Tienda de ciclismo Specialized\",\"description\":\"GR-100 tenemos todas las gamas de bicicletas Specialized al mejor precio.\",\"publisher\":{\"@id\":\"https:\/\/gr-100.com\/#organization\"},\"alternateName\":\"Gr-100 Bikes\",\"potentialAction\":[{\"@type\":\"SearchAction\",\"target\":{\"@type\":\"EntryPoint\",\"urlTemplate\":\"https:\/\/gr-100.com\/?s={search_term_string}\"},\"query-input\":{\"@type\":\"PropertyValueSpecification\",\"valueRequired\":true,\"valueName\":\"search_term_string\"}}],\"inLanguage\":\"en-US\"},{\"@type\":\"Organization\",\"@id\":\"https:\/\/gr-100.com\/#organization\",\"name\":\"Gr-100\",\"url\":\"https:\/\/gr-100.com\/\",\"logo\":{\"@type\":\"ImageObject\",\"inLanguage\":\"en-US\",\"@id\":\"https:\/\/gr-100.com\/#\/schema\/logo\/image\/\",\"url\":\"https:\/\/gr-100.com\/wp-content\/uploads\/2023\/08\/logo-gr-100-bikes.png\",\"contentUrl\":\"https:\/\/gr-100.com\/wp-content\/uploads\/2023\/08\/logo-gr-100-bikes.png\",\"width\":707,\"height\":284,\"caption\":\"Gr-100\"},\"image\":{\"@id\":\"https:\/\/gr-100.com\/#\/schema\/logo\/image\/\"},\"sameAs\":[\"https:\/\/www.facebook.com\/Gr100Bikes\",\"https:\/\/www.instagram.com\/gr100bikes\/\",\"https:\/\/www.tiktok.com\/@gr100bikes\",\"https:\/\/twitter.com\/gr100mtbteam\",\"https:\/\/www.youtube.com\/c\/GR100Specialized\"]}]}<\/script>\n<!-- \/ Yoast SEO Premium plugin. -->","yoast_head_json":{"title":"Specialized Enduro S-Works Frame 25 GR-100 Specialized Enduro","description":"Empieza tu construcci\u00f3n con lo mejor. El chasis de carbono FACT 11M de la Enduro est\u00e1 equipado con bieletas superiores e inferiores de carbono","robots":{"index":"index","follow":"follow","max-snippet":"max-snippet:-1","max-image-preview":"max-image-preview:large","max-video-preview":"max-video-preview:-1"},"canonical":"https:\/\/gr-100.com\/en\/producto\/specialized-enduro-s-works-frame-25\/","og_locale":"en_US","og_type":"article","og_title":"Specialized Enduro S-Works Frame 25","og_description":"Empieza tu construcci\u00f3n con lo mejor. El chasis de carbono FACT 11M de la Enduro est\u00e1 equipado con bieletas superiores e inferiores de carbono","og_url":"https:\/\/gr-100.com\/en\/producto\/specialized-enduro-s-works-frame-25\/","og_site_name":"Gr-100 Tienda de ciclismo Specialized","article_publisher":"https:\/\/www.facebook.com\/Gr100Bikes","og_image":[{"width":1000,"height":1000,"url":"https:\/\/gr-100.com\/wp-content\/uploads\/2025\/05\/ENDURO-SW-FRM-RBLPNKTNT-FOG.jpg","type":"image\/jpeg"}],"twitter_card":"summary_large_image","twitter_misc":{"Est. reading time":"3 minutes"},"schema":{"@context":"https:\/\/schema.org","@graph":[{"@type":"WebPage","@id":"https:\/\/gr-100.com\/en\/producto\/specialized-enduro-s-works-frame-25\/","url":"https:\/\/gr-100.com\/en\/producto\/specialized-enduro-s-works-frame-25\/","name":"Specialized Enduro S-Works Frame 25 GR-100 Specialized Enduro","isPartOf":{"@id":"https:\/\/gr-100.com\/#website"},"primaryImageOfPage":{"@id":"https:\/\/gr-100.com\/en\/producto\/specialized-enduro-s-works-frame-25\/#primaryimage"},"image":{"@id":"https:\/\/gr-100.com\/en\/producto\/specialized-enduro-s-works-frame-25\/#primaryimage"},"thumbnailUrl":"https:\/\/gr-100.com\/wp-content\/uploads\/2025\/05\/ENDURO-SW-FRM-RBLPNKTNT-FOG.jpg","datePublished":"2025-05-15T12:31:34+00:00","description":"Empieza tu construcci\u00f3n con lo mejor. El chasis de carbono FACT 11M de la Enduro est\u00e1 equipado con bieletas superiores e inferiores de carbono","breadcrumb":{"@id":"https:\/\/gr-100.com\/en\/producto\/specialized-enduro-s-works-frame-25\/#breadcrumb"},"inLanguage":"en-US","potentialAction":[{"@type":"ReadAction","target":["https:\/\/gr-100.com\/en\/producto\/specialized-enduro-s-works-frame-25\/"]}]},{"@type":"ImageObject","inLanguage":"en-US","@id":"https:\/\/gr-100.com\/en\/producto\/specialized-enduro-s-works-frame-25\/#primaryimage","url":"https:\/\/gr-100.com\/wp-content\/uploads\/2025\/05\/ENDURO-SW-FRM-RBLPNKTNT-FOG.jpg","contentUrl":"https:\/\/gr-100.com\/wp-content\/uploads\/2025\/05\/ENDURO-SW-FRM-RBLPNKTNT-FOG.jpg","width":1000,"height":1000},{"@type":"BreadcrumbList","@id":"https:\/\/gr-100.com\/en\/producto\/specialized-enduro-s-works-frame-25\/#breadcrumb","itemListElement":[{"@type":"ListItem","position":1,"name":"Portada","item":"https:\/\/gr-100.com\/pt-pt\/"},{"@type":"ListItem","position":2,"name":"Productos","item":"https:\/\/gr-100.com\/?post_type=product"},{"@type":"ListItem","position":3,"name":"Specialized Enduro S-Works Frame 25"}]},{"@type":"WebSite","@id":"https:\/\/gr-100.com\/#website","url":"https:\/\/gr-100.com\/","name":"Gr-100 Tienda de ciclismo Specialized","description":"GR-100 tenemos todas las gamas de bicicletas Specialized al mejor precio.","publisher":{"@id":"https:\/\/gr-100.com\/#organization"},"alternateName":"Gr-100 Bikes","potentialAction":[{"@type":"SearchAction","target":{"@type":"EntryPoint","urlTemplate":"https:\/\/gr-100.com\/?s={search_term_string}"},"query-input":{"@type":"PropertyValueSpecification","valueRequired":true,"valueName":"search_term_string"}}],"inLanguage":"en-US"},{"@type":"Organization","@id":"https:\/\/gr-100.com\/#organization","name":"Gr-100","url":"https:\/\/gr-100.com\/","logo":{"@type":"ImageObject","inLanguage":"en-US","@id":"https:\/\/gr-100.com\/#\/schema\/logo\/image\/","url":"https:\/\/gr-100.com\/wp-content\/uploads\/2023\/08\/logo-gr-100-bikes.png","contentUrl":"https:\/\/gr-100.com\/wp-content\/uploads\/2023\/08\/logo-gr-100-bikes.png","width":707,"height":284,"caption":"Gr-100"},"image":{"@id":"https:\/\/gr-100.com\/#\/schema\/logo\/image\/"},"sameAs":["https:\/\/www.facebook.com\/Gr100Bikes","https:\/\/www.instagram.com\/gr100bikes\/","https:\/\/www.tiktok.com\/@gr100bikes","https:\/\/twitter.com\/gr100mtbteam","https:\/\/www.youtube.com\/c\/GR100Specialized"]}]}},"_links":{"self":[{"href":"https:\/\/gr-100.com\/en\/wp-json\/wp\/v2\/product\/425248","targetHints":{"allow":["GET"]}}],"collection":[{"href":"https:\/\/gr-100.com\/en\/wp-json\/wp\/v2\/product"}],"about":[{"href":"https:\/\/gr-100.com\/en\/wp-json\/wp\/v2\/types\/product"}],"replies":[{"embeddable":true,"href":"https:\/\/gr-100.com\/en\/wp-json\/wp\/v2\/comments?post=425248"}],"wp:featuredmedia":[{"embeddable":true,"href":"https:\/\/gr-100.com\/en\/wp-json\/wp\/v2\/media\/408871"}],"wp:attachment":[{"href":"https:\/\/gr-100.com\/en\/wp-json\/wp\/v2\/media?parent=425248"}],"wp:term":[{"taxonomy":"product_brand","embeddable":true,"href":"https:\/\/gr-100.com\/en\/wp-json\/wp\/v2\/product_brand?post=425248"},{"taxonomy":"product_cat","embeddable":true,"href":"https:\/\/gr-100.com\/en\/wp-json\/wp\/v2\/product_cat?post=425248"},{"taxonomy":"product_tag","embeddable":true,"href":"https:\/\/gr-100.com\/en\/wp-json\/wp\/v2\/product_tag?post=425248"}],"curies":[{"name":"wp","href":"https:\/\/api.w.org\/{rel}","templated":true}]}}