{"id":425258,"date":"2025-05-15T12:54:22","date_gmt":"2025-05-15T11:54:22","guid":{"rendered":"https:\/\/gr-100.com\/producto\/specialized-enduro-comp-25\/"},"modified":"2025-05-15T12:54:22","modified_gmt":"2025-05-15T10:54:22","slug":"specialized-enduro-comp-25","status":"publish","type":"product","link":"https:\/\/gr-100.com\/en\/producto\/specialized-enduro-comp-25\/","title":{"rendered":"Specialized Enduro Comp 25"},"content":{"rendered":"<p>For value for money, the Enduro Comp is hard to beat. It&#8217;s built on our FACT 11M carbon chassis and equipped with great components like powerful TRP Trail EVO 4-piston disc brakes, a wide-range Shimano 1X drivetrain and high-capacity RockShox suspension. The frame includes SRAM&#8217;s Universal Derailleur Hub (UDH) for compatibility with direct mount shifting.  <\/p>\n<ul>\n<li>INCRE\u00cdBLEMENTE CAPACITADA: Si la Enduro se parece a su hermana, la Demo, es porque comparten un gran ADN de descenso. Un recorrido del eje m\u00e1s retrasado reduce el enganche de la rueda en impactos fuertes. Un amortiguador bajo y adelantado la mantiene firme y segura a altas velocidades. La rigidez equilibrada del chasis ayuda a que la direcci\u00f3n delantera sea precisa y mantiene la trasera en una trayectoria impecable. S\u00famalo todo, y tendr\u00e1s una bicicleta que se r\u00ede de los senderos m\u00e1s empinados y rocosos.    <\/li>\n<li>ASOMBROSAMENTE R\u00c1PIDA, SUBIENDO Y BAJANDO: Pisa a fondo los pedales y la nueva Enduro acelera mucho m\u00e1s r\u00e1pido de lo que esperar\u00edas de una potente bicicleta de descenso. Para empezar, aumentamos el anti-squat, para que la suspensi\u00f3n resista mejor el balanceo del pedal. Despu\u00e9s, para aumentar su eficiencia, redirigimos el \u00e1ngulo de las vainas y las bieletas superiores del amortiguador para un dise\u00f1o mucho m\u00e1s eficiente. \u00bfEl resultado final? Menos balanceo, m\u00e1s velocidad.    <\/li>\n<li>SPEED BEGINS WITH FIT: Speed and fit are not incompatible, which is why the Enduro&#8217;s progressive geometry is designed to go up and down. For starters, the seat tubes and stack height don&#8217;t increase drastically between sizes, which means you can now choose a frame size based on your height and riding style. Combine this sizing style with a more relaxed steering angle, longer reach and steeper seat tube across the line, and you have a faster, more capable bike, no matter what size you are.  <\/li>\n<li>MORE IMPLACABLE THAN YOU: Our dual suspension bikes are engineered to be relentless, designed to withstand years of demanding riding and backed by the best support and policies to keep you on the road. Our unmatched lifetime, no-questions-asked suspension pivot bearing replacement to the original owner is just one of the ways we&#8217;ve got you covered. <\/li>\n<li>SHIMANO SLX CHAIN, M7100, 12 speed<\/li>\n<li>SHIMANO PEDAL BOX, BB-MT801, threaded<\/li>\n<li>PEDALS Shimano SLX, M7120, 30T chainring, 52 mm chain line, S2-S3: 165 mm, S4-S5: 170 mm<\/li>\n<li>SHIMANO SLX REAR DERAILLEUR, M7100, SGS, 12 speeds<\/li>\n<li>SHIMANO SLX HOUSING, CS-M7100, 12-speed, 10-51t<\/li>\n<li>SHIMANO SLX REAR DERAILLEUR GEARS, M7100, 12 speeds<\/li>\n<li>SWAT Diagonal tube internal storage SWAT<\/li>\n<li>SADDLE Alloy, 38.6 mm<\/li>\n<li>FRAME FACT 11m carbon chassis and rear axle, 29-inch Enduro Race geometry, SRAM universal shift pin, SWAT\u2122 gate integration, threaded bottom bracket, internal cable routing, 12 x 148 mm dropouts, sealed cartridge bearing pivots, 170 mm of travel<\/li>\n<li>RockShox Zeb Select FORK, Charger RC shock absorber, 15 x 110 mm, 44 mm setback, 170 mm travel<\/li>\n<li>SHOCK ABSORBER RockShox Vivid Select Plus, Ride Dynamics Trail Tune, adjustable hydraulic bump stop, adjustable rebound and compression, 205 x 60, Trunnion<\/li>\n<li>FRONT BRAKE TRP Trail EVO, 4-piston caliper, hydraulic disc, 220mm<\/li>\n<li>REAR BRAKE TRP Trail EVO, 4-piston caliper, hydraulic disc, 203mm<\/li>\n<li>REAR TIRES Butcher, GRID GRAVITY casing, GRIPTON\u00ae T9 compound, 2Bliss Ready, 29&#215;2.3<\/li>\n<li>TYRE. Butcher, GRID TRAIL casing, GRIPTON\u00ae T9 compound, 2Bliss Ready, 29&#215;2.3&#8243; <\/li>\n<li>RADIOS DT Swiss Industry<\/li>\n<li>REAR HUB Alloy, sealed cartridge bearings, 12x148mm thru-axle, 32h<\/li>\n<li>SPECIALIZED WHEELS, hookless alloy, 30mm inner width, tubeless ready<\/li>\n<li>FRONT HUB Alloy, sealed cartridge bearings, 15x110mm thru-axle, 28h<\/li>\n<li>CAMERAS Standard, Presta valve<\/li>\n<li>STEM Alloy Trail Stem, 35mm bar bore<\/li>\n<li>SADDLE Bridge Comp, Hollow Cr-mo rails, S2: 155mm, S3-S5: 143mm<\/li>\n<li>Specialized Trail Grips<\/li>\n<li>HANDLEBAR Speciailized, 6061 alloy, 6-degree upsweep, 8-degree backsweep, 30mm rise. S2: 780mm, S3-S5:800mm width <\/li>\n<li>SEAT SADDLE SADDLE X-Fusion Manic, infinite adjustable, two-bolt head, bottom mount cable routing, remote SRL LE lever, 34.9mm, S2-S3:150mm, S4-S5:170mm<\/li>\n<li>DINAMO 276011<\/li>\n<li>Weight 16.21kg (35 lb, 11.8 oz)<\/li>\n<\/ul>\n","protected":false},"excerpt":{"rendered":"<p>For value for money, the Enduro Comp is hard to beat. It&#8217;s built on our FACT 11M carbon chassis and equipped with great components like powerful TRP Trail EVO 4-piston disc brakes, a wide-range Shimano 1X drivetrain and high-capacity RockShox suspension. The frame includes SRAM&#8217;s Universal Derailleur Hub (UDH) for compatibility with direct mount shifters.  <\/p>\n","protected":false},"featured_media":408782,"comment_status":"open","ping_status":"closed","template":"","meta":{"_acf_changed":false,"_et_pb_use_builder":"","_et_pb_old_content":"","_et_gb_content_width":"","inline_featured_image":false},"product_brand":[],"product_cat":[5370,5368,5369,5367,5366,4347,358,359],"product_tag":[],"class_list":{"0":"post-425258","1":"product","2":"type-product","3":"status-publish","4":"has-post-thumbnail","6":"product_cat-bicicletas-montana-29-en","7":"product_cat-bicicletas-montana-carbono-en","8":"product_cat-bicicletas-montana-doble-suspension-en","9":"product_cat-bicicletas-montana-specialized-en","10":"product_cat-descuentos-en","11":"product_cat-black-friday-2-en","12":"product_cat-mountain","13":"product_cat-outlet-en","15":"first","16":"instock","17":"sale","18":"taxable","19":"shipping-taxable","20":"purchasable","21":"product-type-variable","22":"wvs-archive-product-wrapper"},"acf":[],"yoast_head":"<!-- This site is optimized with the Yoast SEO Premium plugin v26.7 (Yoast SEO v26.7) - https:\/\/yoast.com\/wordpress\/plugins\/seo\/ -->\n<title>Specialized Enduro Comp 25 GR-100 Specialized Enduro Comp 25<\/title>\n<meta name=\"description\" content=\"For value for money, the Enduro Comp is hard to beat. It&#039;s built on our FACT 11M carbon chassis.\" \/>\n<meta name=\"robots\" content=\"index, follow, max-snippet:-1, max-image-preview:large, max-video-preview:-1\" \/>\n<link rel=\"canonical\" href=\"https:\/\/gr-100.com\/en\/producto\/specialized-enduro-comp-25\/\" \/>\n<meta property=\"og:locale\" content=\"en_US\" \/>\n<meta property=\"og:type\" content=\"article\" \/>\n<meta property=\"og:title\" content=\"Specialized Enduro Comp 25\" \/>\n<meta property=\"og:description\" content=\"For value for money, the Enduro Comp is hard to beat. It&#039;s built on our FACT 11M carbon chassis.\" \/>\n<meta property=\"og:url\" content=\"https:\/\/gr-100.com\/en\/producto\/specialized-enduro-comp-25\/\" \/>\n<meta property=\"og:site_name\" content=\"Gr-100 Tienda de ciclismo Specialized\" \/>\n<meta property=\"article:publisher\" content=\"https:\/\/www.facebook.com\/Gr100Bikes\" \/>\n<meta property=\"og:image\" content=\"https:\/\/gr-100.com\/wp-content\/uploads\/2025\/05\/ENDURO-COMP-GUN-WHTMTN_HERO.jpg\" \/>\n\t<meta property=\"og:image:width\" content=\"1000\" \/>\n\t<meta property=\"og:image:height\" content=\"1000\" \/>\n\t<meta property=\"og:image:type\" content=\"image\/jpeg\" \/>\n<meta name=\"twitter:card\" content=\"summary_large_image\" \/>\n<meta name=\"twitter:label1\" content=\"Est. reading time\" \/>\n\t<meta name=\"twitter:data1\" content=\"3 minutes\" \/>\n<script type=\"application\/ld+json\" class=\"yoast-schema-graph\">{\"@context\":\"https:\/\/schema.org\",\"@graph\":[{\"@type\":\"WebPage\",\"@id\":\"https:\/\/gr-100.com\/en\/producto\/specialized-enduro-comp-25\/\",\"url\":\"https:\/\/gr-100.com\/en\/producto\/specialized-enduro-comp-25\/\",\"name\":\"Specialized Enduro Comp 25 GR-100 Specialized Enduro Comp 25\",\"isPartOf\":{\"@id\":\"https:\/\/gr-100.com\/#website\"},\"primaryImageOfPage\":{\"@id\":\"https:\/\/gr-100.com\/en\/producto\/specialized-enduro-comp-25\/#primaryimage\"},\"image\":{\"@id\":\"https:\/\/gr-100.com\/en\/producto\/specialized-enduro-comp-25\/#primaryimage\"},\"thumbnailUrl\":\"https:\/\/gr-100.com\/wp-content\/uploads\/2025\/05\/ENDURO-COMP-GUN-WHTMTN_HERO.jpg\",\"datePublished\":\"2025-05-15T11:54:22+00:00\",\"description\":\"For value for money, the Enduro Comp is hard to beat. It's built on our FACT 11M carbon chassis.\",\"breadcrumb\":{\"@id\":\"https:\/\/gr-100.com\/en\/producto\/specialized-enduro-comp-25\/#breadcrumb\"},\"inLanguage\":\"en-US\",\"potentialAction\":[{\"@type\":\"ReadAction\",\"target\":[\"https:\/\/gr-100.com\/en\/producto\/specialized-enduro-comp-25\/\"]}]},{\"@type\":\"ImageObject\",\"inLanguage\":\"en-US\",\"@id\":\"https:\/\/gr-100.com\/en\/producto\/specialized-enduro-comp-25\/#primaryimage\",\"url\":\"https:\/\/gr-100.com\/wp-content\/uploads\/2025\/05\/ENDURO-COMP-GUN-WHTMTN_HERO.jpg\",\"contentUrl\":\"https:\/\/gr-100.com\/wp-content\/uploads\/2025\/05\/ENDURO-COMP-GUN-WHTMTN_HERO.jpg\",\"width\":1000,\"height\":1000},{\"@type\":\"BreadcrumbList\",\"@id\":\"https:\/\/gr-100.com\/en\/producto\/specialized-enduro-comp-25\/#breadcrumb\",\"itemListElement\":[{\"@type\":\"ListItem\",\"position\":1,\"name\":\"Portada\",\"item\":\"https:\/\/gr-100.com\/pt-pt\/\"},{\"@type\":\"ListItem\",\"position\":2,\"name\":\"Productos\",\"item\":\"https:\/\/gr-100.com\/?post_type=product\"},{\"@type\":\"ListItem\",\"position\":3,\"name\":\"Specialized Enduro Comp 25\"}]},{\"@type\":\"WebSite\",\"@id\":\"https:\/\/gr-100.com\/#website\",\"url\":\"https:\/\/gr-100.com\/\",\"name\":\"Gr-100 Tienda de ciclismo Specialized\",\"description\":\"GR-100 tenemos todas las gamas de bicicletas Specialized al mejor precio.\",\"publisher\":{\"@id\":\"https:\/\/gr-100.com\/#organization\"},\"alternateName\":\"Gr-100 Bikes\",\"potentialAction\":[{\"@type\":\"SearchAction\",\"target\":{\"@type\":\"EntryPoint\",\"urlTemplate\":\"https:\/\/gr-100.com\/?s={search_term_string}\"},\"query-input\":{\"@type\":\"PropertyValueSpecification\",\"valueRequired\":true,\"valueName\":\"search_term_string\"}}],\"inLanguage\":\"en-US\"},{\"@type\":\"Organization\",\"@id\":\"https:\/\/gr-100.com\/#organization\",\"name\":\"Gr-100\",\"url\":\"https:\/\/gr-100.com\/\",\"logo\":{\"@type\":\"ImageObject\",\"inLanguage\":\"en-US\",\"@id\":\"https:\/\/gr-100.com\/#\/schema\/logo\/image\/\",\"url\":\"https:\/\/gr-100.com\/wp-content\/uploads\/2023\/08\/logo-gr-100-bikes.png\",\"contentUrl\":\"https:\/\/gr-100.com\/wp-content\/uploads\/2023\/08\/logo-gr-100-bikes.png\",\"width\":707,\"height\":284,\"caption\":\"Gr-100\"},\"image\":{\"@id\":\"https:\/\/gr-100.com\/#\/schema\/logo\/image\/\"},\"sameAs\":[\"https:\/\/www.facebook.com\/Gr100Bikes\",\"https:\/\/www.instagram.com\/gr100bikes\/\",\"https:\/\/www.tiktok.com\/@gr100bikes\",\"https:\/\/twitter.com\/gr100mtbteam\",\"https:\/\/www.youtube.com\/c\/GR100Specialized\"]}]}<\/script>\n<!-- \/ Yoast SEO Premium plugin. -->","yoast_head_json":{"title":"Specialized Enduro Comp 25 GR-100 Specialized Enduro Comp 25","description":"For value for money, the Enduro Comp is hard to beat. It's built on our FACT 11M carbon chassis.","robots":{"index":"index","follow":"follow","max-snippet":"max-snippet:-1","max-image-preview":"max-image-preview:large","max-video-preview":"max-video-preview:-1"},"canonical":"https:\/\/gr-100.com\/en\/producto\/specialized-enduro-comp-25\/","og_locale":"en_US","og_type":"article","og_title":"Specialized Enduro Comp 25","og_description":"For value for money, the Enduro Comp is hard to beat. It's built on our FACT 11M carbon chassis.","og_url":"https:\/\/gr-100.com\/en\/producto\/specialized-enduro-comp-25\/","og_site_name":"Gr-100 Tienda de ciclismo Specialized","article_publisher":"https:\/\/www.facebook.com\/Gr100Bikes","og_image":[{"width":1000,"height":1000,"url":"https:\/\/gr-100.com\/wp-content\/uploads\/2025\/05\/ENDURO-COMP-GUN-WHTMTN_HERO.jpg","type":"image\/jpeg"}],"twitter_card":"summary_large_image","twitter_misc":{"Est. reading time":"3 minutes"},"schema":{"@context":"https:\/\/schema.org","@graph":[{"@type":"WebPage","@id":"https:\/\/gr-100.com\/en\/producto\/specialized-enduro-comp-25\/","url":"https:\/\/gr-100.com\/en\/producto\/specialized-enduro-comp-25\/","name":"Specialized Enduro Comp 25 GR-100 Specialized Enduro Comp 25","isPartOf":{"@id":"https:\/\/gr-100.com\/#website"},"primaryImageOfPage":{"@id":"https:\/\/gr-100.com\/en\/producto\/specialized-enduro-comp-25\/#primaryimage"},"image":{"@id":"https:\/\/gr-100.com\/en\/producto\/specialized-enduro-comp-25\/#primaryimage"},"thumbnailUrl":"https:\/\/gr-100.com\/wp-content\/uploads\/2025\/05\/ENDURO-COMP-GUN-WHTMTN_HERO.jpg","datePublished":"2025-05-15T11:54:22+00:00","description":"For value for money, the Enduro Comp is hard to beat. It's built on our FACT 11M carbon chassis.","breadcrumb":{"@id":"https:\/\/gr-100.com\/en\/producto\/specialized-enduro-comp-25\/#breadcrumb"},"inLanguage":"en-US","potentialAction":[{"@type":"ReadAction","target":["https:\/\/gr-100.com\/en\/producto\/specialized-enduro-comp-25\/"]}]},{"@type":"ImageObject","inLanguage":"en-US","@id":"https:\/\/gr-100.com\/en\/producto\/specialized-enduro-comp-25\/#primaryimage","url":"https:\/\/gr-100.com\/wp-content\/uploads\/2025\/05\/ENDURO-COMP-GUN-WHTMTN_HERO.jpg","contentUrl":"https:\/\/gr-100.com\/wp-content\/uploads\/2025\/05\/ENDURO-COMP-GUN-WHTMTN_HERO.jpg","width":1000,"height":1000},{"@type":"BreadcrumbList","@id":"https:\/\/gr-100.com\/en\/producto\/specialized-enduro-comp-25\/#breadcrumb","itemListElement":[{"@type":"ListItem","position":1,"name":"Portada","item":"https:\/\/gr-100.com\/pt-pt\/"},{"@type":"ListItem","position":2,"name":"Productos","item":"https:\/\/gr-100.com\/?post_type=product"},{"@type":"ListItem","position":3,"name":"Specialized Enduro Comp 25"}]},{"@type":"WebSite","@id":"https:\/\/gr-100.com\/#website","url":"https:\/\/gr-100.com\/","name":"Gr-100 Tienda de ciclismo Specialized","description":"GR-100 tenemos todas las gamas de bicicletas Specialized al mejor precio.","publisher":{"@id":"https:\/\/gr-100.com\/#organization"},"alternateName":"Gr-100 Bikes","potentialAction":[{"@type":"SearchAction","target":{"@type":"EntryPoint","urlTemplate":"https:\/\/gr-100.com\/?s={search_term_string}"},"query-input":{"@type":"PropertyValueSpecification","valueRequired":true,"valueName":"search_term_string"}}],"inLanguage":"en-US"},{"@type":"Organization","@id":"https:\/\/gr-100.com\/#organization","name":"Gr-100","url":"https:\/\/gr-100.com\/","logo":{"@type":"ImageObject","inLanguage":"en-US","@id":"https:\/\/gr-100.com\/#\/schema\/logo\/image\/","url":"https:\/\/gr-100.com\/wp-content\/uploads\/2023\/08\/logo-gr-100-bikes.png","contentUrl":"https:\/\/gr-100.com\/wp-content\/uploads\/2023\/08\/logo-gr-100-bikes.png","width":707,"height":284,"caption":"Gr-100"},"image":{"@id":"https:\/\/gr-100.com\/#\/schema\/logo\/image\/"},"sameAs":["https:\/\/www.facebook.com\/Gr100Bikes","https:\/\/www.instagram.com\/gr100bikes\/","https:\/\/www.tiktok.com\/@gr100bikes","https:\/\/twitter.com\/gr100mtbteam","https:\/\/www.youtube.com\/c\/GR100Specialized"]}]}},"_links":{"self":[{"href":"https:\/\/gr-100.com\/en\/wp-json\/wp\/v2\/product\/425258","targetHints":{"allow":["GET"]}}],"collection":[{"href":"https:\/\/gr-100.com\/en\/wp-json\/wp\/v2\/product"}],"about":[{"href":"https:\/\/gr-100.com\/en\/wp-json\/wp\/v2\/types\/product"}],"replies":[{"embeddable":true,"href":"https:\/\/gr-100.com\/en\/wp-json\/wp\/v2\/comments?post=425258"}],"wp:featuredmedia":[{"embeddable":true,"href":"https:\/\/gr-100.com\/en\/wp-json\/wp\/v2\/media\/408782"}],"wp:attachment":[{"href":"https:\/\/gr-100.com\/en\/wp-json\/wp\/v2\/media?parent=425258"}],"wp:term":[{"taxonomy":"product_brand","embeddable":true,"href":"https:\/\/gr-100.com\/en\/wp-json\/wp\/v2\/product_brand?post=425258"},{"taxonomy":"product_cat","embeddable":true,"href":"https:\/\/gr-100.com\/en\/wp-json\/wp\/v2\/product_cat?post=425258"},{"taxonomy":"product_tag","embeddable":true,"href":"https:\/\/gr-100.com\/en\/wp-json\/wp\/v2\/product_tag?post=425258"}],"curies":[{"name":"wp","href":"https:\/\/api.w.org\/{rel}","templated":true}]}}