{"id":425290,"date":"2025-05-08T09:53:17","date_gmt":"2025-05-08T08:53:17","guid":{"rendered":"https:\/\/gr-100.com\/producto\/specialized-chisel-ht-comp-2025\/"},"modified":"2025-05-08T09:53:17","modified_gmt":"2025-05-08T07:53:17","slug":"specialized-chisel-ht-comp-2025","status":"publish","type":"product","link":"https:\/\/gr-100.com\/en\/producto\/specialized-chisel-ht-comp-2025\/","title":{"rendered":"Specialized Chisel HT Comp 2025"},"content":{"rendered":"<p>&nbsp;<\/p>\n<p>La Chisel ha sido dise\u00f1ado espec\u00edficamente para afrontar senderos modernos de cross-country y circuitos de carrera con la m\u00e1xima velocidad.<br \/>\nDe hecho, comparte muchas de las mismas caracter\u00edsticas modernas que su hermano Epic Hardtail, pero en un paquete m\u00e1s asequible, lo que lo convierte en el hardtail de aleaci\u00f3n m\u00e1s eficiente y capaz que existe.<\/p>\n<p>Este Chisel viene con el probado y verdadero sistema de transmisi\u00f3n SRAM NX Eagle 1&#215;12 y frenos de disco hidr\u00e1ulicos Level T, una horquilla RockShox Judy Gold, y ruedas de aleaci\u00f3n de 27 mm de ancho interno envueltas en neum\u00e1ticos de 2.35 Fast Track Control.<\/p>\n<p>Nos preguntamos, \u201c\u00bfC\u00f3mo podemos llevar el rendimiento de nivel profesional a un precio que m\u00e1s ciclistas puedan pagar?\u201d La respuesta es la Tecnolog\u00eda D&#8217;Aluisio Smartweld. Smartweld nos permite crear las soldaduras m\u00e1s consistentes y resistentes posibles mientras aprovechamos al m\u00e1ximo los tubos de aleaci\u00f3n hidroformados y flexibles. \u00bfEl resultado? Uno de los marcos de hardtail de aleaci\u00f3n m\u00e1s ligeros, con 1,350g, que tambi\u00e9n presenta rigidez ajustada por tama\u00f1o.<br \/>\nEl Chisel tambi\u00e9n incluye todas las caracter\u00edsticas modernas que esperas de una bicicleta de XC, como la Geometr\u00eda XC Progresiva con un \u00e1ngulo de tubo de direcci\u00f3n de 68 grados y un alcance m\u00e1s largo, enrutamiento interno de cables, un eje de pedalier roscado, espaciado boost, compatibilidad con postes de tija de 30.9 mm, y transmisiones solo 1x.    <\/p>\n<p>Specs<\/p>\n<ul>\n<li>Cuadro<br \/>\nSpecialized D&#8217;Aluisio Smartweld M5 Alloy, Hydroformed tubes, Progressive XC Geometry, internal cable routing, BSA BB, 12x148mm spacing, 30.9mm Dropper post compatible<\/li>\n<li>Horquilla<br \/>\nRockShox Judy Gold, Motion Control damper, Solo Air, 42mm offset, 15x110mm thru-axle, 100mm of travel (XS &#8211; 80mm travel)<\/li>\n<li>Material<br \/>\nAluminio<\/li>\n<li>Cockpit<\/li>\n<li>Manillar<br \/>\nSpecialized Alloy XC minirise, double-butted alloy, 8-degree backsweep, 6-degree upsweep, 10mm rise, 31.8mm<\/li>\n<li>Potencia<br \/>\nSpecialized, 3D-forged alloy, 4-bolt, 7-degree rise<\/li>\n<li>Pu\u00f1osSpecialized Trail Grips<\/li>\n<li>Brakes<\/li>\n<li>Freno Delantero<br \/>\nSRAM Level T hydraulic disc, 2-Piston Caliper<\/li>\n<li>Freno Trasero<br \/>\nSRAM Level T hydraulic disc, 2-Piston Caliper<\/li>\n<li>Saddle Components<\/li>\n<li>Sill\u00edn<br \/>\nBody Geometry Power Sport, steel rails<\/li>\n<li>Tija Sill\u00edn<br \/>\nSpecialized Alloy, Single Bolt, 30.9mm<\/li>\n<li>Abrazadera Sill\u00edn<br \/>\nSpecialized Alloy, 34.9mm<\/li>\n<li>Transmission<\/li>\n<li>Manetas Cambio<br \/>\nSRAM NX Eagle, trigger, 12-speed<\/li>\n<li>Cambio<br \/>\nSRAM NX Eagle, 12-speedPedalier<br \/>\nSRAM FC X1 1000 EAGLE B148 DUB 32ST<\/li>\n<li>Platos<br \/>\n32t<\/li>\n<li>Casete<br \/>\nSRAM NX Eagle, 12-speed, 11-50t<\/li>\n<li>Cadena<br \/>\nSRAM XX1 Eagle, 12-speed<\/li>\n<li>Wheels<\/li>\n<li>Llantas<br \/>\nSpecialized 29, 27mm inner width, 28h, tubeless ready<\/li>\n<li>Radios<br \/>\nStainless, 14g<\/li>\n<li>Neumatico Delantero<br \/>\nSpecialized Fast Trak, Control Casing, T7 Compound, 29&#215;2.35<\/li>\n<li>Neumatico Trasero<br \/>\nSpecialized Fast Trak, Control Casing, T5 Compound, 29&#215;2.35<\/li>\n<li>Camaras<br \/>\nStandard 40mm PV 29&#215;1.75-2.4<\/li>\n<li>Buje Delantero<br \/>\nAlloy front hub, sealed cartridge bearings, 6-bolt, 15x110mm thru-axle, 28h<\/li>\n<li>Buje Trasero<br \/>\nAlloy rear hub, sealed cartridge bearings, 12x148mm thru-axle, 6-bolt, 28h<\/li>\n<\/ul>\n","protected":false},"excerpt":{"rendered":"<p>La Chisel ha sido dise\u00f1ado espec\u00edficamente para afrontar senderos modernos de cross-country y circuitos de carrera con la m\u00e1xima velocidad.<br \/>\nDe hecho, comparte muchas de las mismas caracter\u00edsticas modernas que su hermano Epic Hardtail, pero en un paquete m\u00e1s asequible, lo que lo convierte en el hardtail de aleaci\u00f3n m\u00e1s eficiente y capaz que existe.<\/p>\n","protected":false},"featured_media":407305,"comment_status":"open","ping_status":"closed","template":"","meta":{"_acf_changed":false,"_et_pb_use_builder":"","_et_pb_old_content":"","_et_gb_content_width":"","inline_featured_image":false},"product_brand":[],"product_cat":[5370,5371,5367,5366,4347,2449,358,359],"product_tag":[],"class_list":{"0":"post-425290","1":"product","2":"type-product","3":"status-publish","4":"has-post-thumbnail","6":"product_cat-bicicletas-montana-29-en","7":"product_cat-bicicletas-montana-cross-country-xc-en","8":"product_cat-bicicletas-montana-specialized-en","9":"product_cat-descuentos-en","10":"product_cat-black-friday-2-en","11":"product_cat-bicycles","12":"product_cat-mountain","13":"product_cat-outlet-en","15":"first","16":"instock","17":"sale","18":"taxable","19":"shipping-taxable","20":"purchasable","21":"product-type-variable","22":"wvs-archive-product-wrapper"},"acf":[],"yoast_head":"<!-- This site is optimized with the Yoast SEO Premium plugin v26.7 (Yoast SEO v26.7) - https:\/\/yoast.com\/wordpress\/plugins\/seo\/ -->\n<title>Specialized Chisel HT Comp 2025<\/title>\n<meta name=\"robots\" content=\"index, follow, max-snippet:-1, max-image-preview:large, max-video-preview:-1\" \/>\n<link rel=\"canonical\" href=\"https:\/\/gr-100.com\/en\/producto\/specialized-chisel-ht-comp-2025\/\" \/>\n<meta property=\"og:locale\" content=\"en_US\" \/>\n<meta property=\"og:type\" content=\"article\" \/>\n<meta property=\"og:title\" content=\"Specialized Chisel HT Comp 2025\" \/>\n<meta property=\"og:description\" content=\"La Chisel ha sido dise\u00f1ado espec\u00edficamente para afrontar senderos modernos de cross-country y circuitos de carrera con la m\u00e1xima velocidad. De hecho, comparte muchas de las mismas caracter\u00edsticas modernas que su hermano Epic Hardtail, pero en un paquete m\u00e1s asequible, lo que lo convierte en el hardtail de aleaci\u00f3n m\u00e1s eficiente y capaz que existe.\" \/>\n<meta property=\"og:url\" content=\"https:\/\/gr-100.com\/en\/producto\/specialized-chisel-ht-comp-2025\/\" \/>\n<meta property=\"og:site_name\" content=\"Gr-100 Tienda de ciclismo Specialized\" \/>\n<meta property=\"article:publisher\" content=\"https:\/\/www.facebook.com\/Gr100Bikes\" \/>\n<meta property=\"og:image\" content=\"https:\/\/gr-100.com\/wp-content\/uploads\/2025\/05\/Diseno-sin-titulo-2025-05-07T125008.925.jpg\" \/>\n\t<meta property=\"og:image:width\" content=\"1000\" \/>\n\t<meta property=\"og:image:height\" content=\"1000\" \/>\n\t<meta property=\"og:image:type\" content=\"image\/jpeg\" \/>\n<meta name=\"twitter:card\" content=\"summary_large_image\" \/>\n<meta name=\"twitter:label1\" content=\"Est. reading time\" \/>\n\t<meta name=\"twitter:data1\" content=\"2 minutes\" \/>\n<script type=\"application\/ld+json\" class=\"yoast-schema-graph\">{\"@context\":\"https:\/\/schema.org\",\"@graph\":[{\"@type\":\"WebPage\",\"@id\":\"https:\/\/gr-100.com\/en\/producto\/specialized-chisel-ht-comp-2025\/\",\"url\":\"https:\/\/gr-100.com\/en\/producto\/specialized-chisel-ht-comp-2025\/\",\"name\":\"Specialized Chisel HT Comp 2025\",\"isPartOf\":{\"@id\":\"https:\/\/gr-100.com\/#website\"},\"primaryImageOfPage\":{\"@id\":\"https:\/\/gr-100.com\/en\/producto\/specialized-chisel-ht-comp-2025\/#primaryimage\"},\"image\":{\"@id\":\"https:\/\/gr-100.com\/en\/producto\/specialized-chisel-ht-comp-2025\/#primaryimage\"},\"thumbnailUrl\":\"https:\/\/gr-100.com\/wp-content\/uploads\/2025\/05\/Diseno-sin-titulo-2025-05-07T125008.925.jpg\",\"datePublished\":\"2025-05-08T08:53:17+00:00\",\"breadcrumb\":{\"@id\":\"https:\/\/gr-100.com\/en\/producto\/specialized-chisel-ht-comp-2025\/#breadcrumb\"},\"inLanguage\":\"en-US\",\"potentialAction\":[{\"@type\":\"ReadAction\",\"target\":[\"https:\/\/gr-100.com\/en\/producto\/specialized-chisel-ht-comp-2025\/\"]}]},{\"@type\":\"ImageObject\",\"inLanguage\":\"en-US\",\"@id\":\"https:\/\/gr-100.com\/en\/producto\/specialized-chisel-ht-comp-2025\/#primaryimage\",\"url\":\"https:\/\/gr-100.com\/wp-content\/uploads\/2025\/05\/Diseno-sin-titulo-2025-05-07T125008.925.jpg\",\"contentUrl\":\"https:\/\/gr-100.com\/wp-content\/uploads\/2025\/05\/Diseno-sin-titulo-2025-05-07T125008.925.jpg\",\"width\":1000,\"height\":1000},{\"@type\":\"BreadcrumbList\",\"@id\":\"https:\/\/gr-100.com\/en\/producto\/specialized-chisel-ht-comp-2025\/#breadcrumb\",\"itemListElement\":[{\"@type\":\"ListItem\",\"position\":1,\"name\":\"Portada\",\"item\":\"https:\/\/gr-100.com\/pt-pt\/\"},{\"@type\":\"ListItem\",\"position\":2,\"name\":\"Productos\",\"item\":\"https:\/\/gr-100.com\/?post_type=product\"},{\"@type\":\"ListItem\",\"position\":3,\"name\":\"Specialized Chisel HT Comp 2025\"}]},{\"@type\":\"WebSite\",\"@id\":\"https:\/\/gr-100.com\/#website\",\"url\":\"https:\/\/gr-100.com\/\",\"name\":\"Gr-100 Tienda de ciclismo Specialized\",\"description\":\"GR-100 tenemos todas las gamas de bicicletas Specialized al mejor precio.\",\"publisher\":{\"@id\":\"https:\/\/gr-100.com\/#organization\"},\"alternateName\":\"Gr-100 Bikes\",\"potentialAction\":[{\"@type\":\"SearchAction\",\"target\":{\"@type\":\"EntryPoint\",\"urlTemplate\":\"https:\/\/gr-100.com\/?s={search_term_string}\"},\"query-input\":{\"@type\":\"PropertyValueSpecification\",\"valueRequired\":true,\"valueName\":\"search_term_string\"}}],\"inLanguage\":\"en-US\"},{\"@type\":\"Organization\",\"@id\":\"https:\/\/gr-100.com\/#organization\",\"name\":\"Gr-100\",\"url\":\"https:\/\/gr-100.com\/\",\"logo\":{\"@type\":\"ImageObject\",\"inLanguage\":\"en-US\",\"@id\":\"https:\/\/gr-100.com\/#\/schema\/logo\/image\/\",\"url\":\"https:\/\/gr-100.com\/wp-content\/uploads\/2023\/08\/logo-gr-100-bikes.png\",\"contentUrl\":\"https:\/\/gr-100.com\/wp-content\/uploads\/2023\/08\/logo-gr-100-bikes.png\",\"width\":707,\"height\":284,\"caption\":\"Gr-100\"},\"image\":{\"@id\":\"https:\/\/gr-100.com\/#\/schema\/logo\/image\/\"},\"sameAs\":[\"https:\/\/www.facebook.com\/Gr100Bikes\",\"https:\/\/www.instagram.com\/gr100bikes\/\",\"https:\/\/www.tiktok.com\/@gr100bikes\",\"https:\/\/twitter.com\/gr100mtbteam\",\"https:\/\/www.youtube.com\/c\/GR100Specialized\"]}]}<\/script>\n<!-- \/ Yoast SEO Premium plugin. -->","yoast_head_json":{"title":"Specialized Chisel HT Comp 2025","robots":{"index":"index","follow":"follow","max-snippet":"max-snippet:-1","max-image-preview":"max-image-preview:large","max-video-preview":"max-video-preview:-1"},"canonical":"https:\/\/gr-100.com\/en\/producto\/specialized-chisel-ht-comp-2025\/","og_locale":"en_US","og_type":"article","og_title":"Specialized Chisel HT Comp 2025","og_description":"La Chisel ha sido dise\u00f1ado espec\u00edficamente para afrontar senderos modernos de cross-country y circuitos de carrera con la m\u00e1xima velocidad. De hecho, comparte muchas de las mismas caracter\u00edsticas modernas que su hermano Epic Hardtail, pero en un paquete m\u00e1s asequible, lo que lo convierte en el hardtail de aleaci\u00f3n m\u00e1s eficiente y capaz que existe.","og_url":"https:\/\/gr-100.com\/en\/producto\/specialized-chisel-ht-comp-2025\/","og_site_name":"Gr-100 Tienda de ciclismo Specialized","article_publisher":"https:\/\/www.facebook.com\/Gr100Bikes","og_image":[{"width":1000,"height":1000,"url":"https:\/\/gr-100.com\/wp-content\/uploads\/2025\/05\/Diseno-sin-titulo-2025-05-07T125008.925.jpg","type":"image\/jpeg"}],"twitter_card":"summary_large_image","twitter_misc":{"Est. reading time":"2 minutes"},"schema":{"@context":"https:\/\/schema.org","@graph":[{"@type":"WebPage","@id":"https:\/\/gr-100.com\/en\/producto\/specialized-chisel-ht-comp-2025\/","url":"https:\/\/gr-100.com\/en\/producto\/specialized-chisel-ht-comp-2025\/","name":"Specialized Chisel HT Comp 2025","isPartOf":{"@id":"https:\/\/gr-100.com\/#website"},"primaryImageOfPage":{"@id":"https:\/\/gr-100.com\/en\/producto\/specialized-chisel-ht-comp-2025\/#primaryimage"},"image":{"@id":"https:\/\/gr-100.com\/en\/producto\/specialized-chisel-ht-comp-2025\/#primaryimage"},"thumbnailUrl":"https:\/\/gr-100.com\/wp-content\/uploads\/2025\/05\/Diseno-sin-titulo-2025-05-07T125008.925.jpg","datePublished":"2025-05-08T08:53:17+00:00","breadcrumb":{"@id":"https:\/\/gr-100.com\/en\/producto\/specialized-chisel-ht-comp-2025\/#breadcrumb"},"inLanguage":"en-US","potentialAction":[{"@type":"ReadAction","target":["https:\/\/gr-100.com\/en\/producto\/specialized-chisel-ht-comp-2025\/"]}]},{"@type":"ImageObject","inLanguage":"en-US","@id":"https:\/\/gr-100.com\/en\/producto\/specialized-chisel-ht-comp-2025\/#primaryimage","url":"https:\/\/gr-100.com\/wp-content\/uploads\/2025\/05\/Diseno-sin-titulo-2025-05-07T125008.925.jpg","contentUrl":"https:\/\/gr-100.com\/wp-content\/uploads\/2025\/05\/Diseno-sin-titulo-2025-05-07T125008.925.jpg","width":1000,"height":1000},{"@type":"BreadcrumbList","@id":"https:\/\/gr-100.com\/en\/producto\/specialized-chisel-ht-comp-2025\/#breadcrumb","itemListElement":[{"@type":"ListItem","position":1,"name":"Portada","item":"https:\/\/gr-100.com\/pt-pt\/"},{"@type":"ListItem","position":2,"name":"Productos","item":"https:\/\/gr-100.com\/?post_type=product"},{"@type":"ListItem","position":3,"name":"Specialized Chisel HT Comp 2025"}]},{"@type":"WebSite","@id":"https:\/\/gr-100.com\/#website","url":"https:\/\/gr-100.com\/","name":"Gr-100 Tienda de ciclismo Specialized","description":"GR-100 tenemos todas las gamas de bicicletas Specialized al mejor precio.","publisher":{"@id":"https:\/\/gr-100.com\/#organization"},"alternateName":"Gr-100 Bikes","potentialAction":[{"@type":"SearchAction","target":{"@type":"EntryPoint","urlTemplate":"https:\/\/gr-100.com\/?s={search_term_string}"},"query-input":{"@type":"PropertyValueSpecification","valueRequired":true,"valueName":"search_term_string"}}],"inLanguage":"en-US"},{"@type":"Organization","@id":"https:\/\/gr-100.com\/#organization","name":"Gr-100","url":"https:\/\/gr-100.com\/","logo":{"@type":"ImageObject","inLanguage":"en-US","@id":"https:\/\/gr-100.com\/#\/schema\/logo\/image\/","url":"https:\/\/gr-100.com\/wp-content\/uploads\/2023\/08\/logo-gr-100-bikes.png","contentUrl":"https:\/\/gr-100.com\/wp-content\/uploads\/2023\/08\/logo-gr-100-bikes.png","width":707,"height":284,"caption":"Gr-100"},"image":{"@id":"https:\/\/gr-100.com\/#\/schema\/logo\/image\/"},"sameAs":["https:\/\/www.facebook.com\/Gr100Bikes","https:\/\/www.instagram.com\/gr100bikes\/","https:\/\/www.tiktok.com\/@gr100bikes","https:\/\/twitter.com\/gr100mtbteam","https:\/\/www.youtube.com\/c\/GR100Specialized"]}]}},"_links":{"self":[{"href":"https:\/\/gr-100.com\/en\/wp-json\/wp\/v2\/product\/425290","targetHints":{"allow":["GET"]}}],"collection":[{"href":"https:\/\/gr-100.com\/en\/wp-json\/wp\/v2\/product"}],"about":[{"href":"https:\/\/gr-100.com\/en\/wp-json\/wp\/v2\/types\/product"}],"replies":[{"embeddable":true,"href":"https:\/\/gr-100.com\/en\/wp-json\/wp\/v2\/comments?post=425290"}],"wp:featuredmedia":[{"embeddable":true,"href":"https:\/\/gr-100.com\/en\/wp-json\/wp\/v2\/media\/407305"}],"wp:attachment":[{"href":"https:\/\/gr-100.com\/en\/wp-json\/wp\/v2\/media?parent=425290"}],"wp:term":[{"taxonomy":"product_brand","embeddable":true,"href":"https:\/\/gr-100.com\/en\/wp-json\/wp\/v2\/product_brand?post=425290"},{"taxonomy":"product_cat","embeddable":true,"href":"https:\/\/gr-100.com\/en\/wp-json\/wp\/v2\/product_cat?post=425290"},{"taxonomy":"product_tag","embeddable":true,"href":"https:\/\/gr-100.com\/en\/wp-json\/wp\/v2\/product_tag?post=425290"}],"curies":[{"name":"wp","href":"https:\/\/api.w.org\/{rel}","templated":true}]}}