{"id":425342,"date":"2025-05-05T11:50:58","date_gmt":"2025-05-05T10:50:58","guid":{"rendered":"https:\/\/gr-100.com\/producto\/specialized-s-works-epic-8-frameset-2026\/"},"modified":"2025-05-05T11:50:58","modified_gmt":"2025-05-05T09:50:58","slug":"specialized-s-works-epic-8-frameset-2026","status":"publish","type":"product","link":"https:\/\/gr-100.com\/en\/producto\/specialized-s-works-epic-8-frameset-2026\/","title":{"rendered":"Specialized S-Works Epic 8 Frameset 2026"},"content":{"rendered":"<p>La nueva Epic 8 redefine la f\u00f3rmula de la velocidad a trav\u00e9s de la capacidad, eficiencia e integraci\u00f3n ligera. Los recorridos modernos de XC exigen cada vez m\u00e1s capacidad. Aqu\u00ed es donde entra en juego la Epic 8. Su cinem\u00e1tica mejorada la convierte en la bicicleta con el pedaleo m\u00e1s eficiente que hemos probado, mientras que los amortiguadores con v\u00e1lvulas personalizadas absorben cada impacto. Es un lobo con piel de lobo.    <\/p>\n<p>Si eres un corredor de XC o priorizas la m\u00e1xima velocidad en tus salidas, la Epic 8 es la bicicleta para ti.<\/p>\n<p>CAPACIDAD INIGUALABLE<br \/>\nLa bicicleta de 120 mm m\u00e1s capaz del planeta. Te sorprender\u00e1 c\u00f3mo la geometr\u00eda progresiva de la Epic 8 ofrece un rendimiento t\u00e9cnico excepcional en terrenos dif\u00edciles, adem\u00e1s de una aceleraci\u00f3n y escalada r\u00e1pidas y eficientes. La incre\u00edble rigidez lateral y torsional del cuadro se traduce tambi\u00e9n en una maniobrabilidad de alta precisi\u00f3n\u00bfIMPACTO? \u00bfQU\u00c9 IMPACTO?   <\/p>\n<p>Comparada con la generaci\u00f3n anterior, la nueva Epic 8 absorbe un 12 % m\u00e1s de impactos y vibraciones, lo que reduce la fatiga y te permite mantenerte fuerte por m\u00e1s tiempo. T\u00fa seguir\u00e1s pedaleando mientras los dem\u00e1s sufren. <\/p>\n<p>SUSPENSI\u00d3N AFINADA POR RIDE DYNAMICS<br \/>\nEl equipo Ride Dynamics de Specialized desarroll\u00f3 una v\u00e1lvula personalizada para el nuevo amortiguador de la Epic 8. Las caracter\u00edsticas de amortiguaci\u00f3n prescritas por Ride Dynamics mejoran la experiencia de conducci\u00f3n de forma integral. Al ajustar los amortiguadores junto con la cinem\u00e1tica y las tasas de apalancamiento del cuadro, logramos una bicicleta que rinde mucho m\u00e1s all\u00e1 de la suma de sus partes.  <\/p>\n<p>EFICIENCIA BIOMEC\u00c1NICA<br \/>\nOptimizando la cinem\u00e1tica de la suspensi\u00f3n, el equipo de Ride Dynamics logr\u00f3 reducir en un 20 % el bamboleo del pedaleo (pedal bob), manteniendo una suspensi\u00f3n activa para gestionar eficazmente los impactos, y asegurando que te mantengas en la posici\u00f3n m\u00e1s eficiente para pedalear. Es la bicicleta con suspensi\u00f3n m\u00e1s eficiente que hemos probado. <\/p>\n<p>M\u00c1S CON MENOS<br \/>\nCon la Epic 8, no a\u00f1adimos ni un solo gramo extra para lograr una capacidad incre\u00edble en el cuadro. Todos los modelos ahora incluyen SWAT 4.0 para llevar lo esencial del sendero, y un tope de direcci\u00f3n integrado para evitar la cl\u00e1sica marca en el tubo superior cuando te caes y giran los manillares. De hecho, el nuevo cuadro S-Works Epic 8 ha perdido 76 gramos, a pesar de todas estas nuevas incorporaciones.  <\/p>\n<p>COMPONENTES DESTACADOS<br \/>\nAmortiguador RockShox SIDLuxe ULTIMATE desarrollado por Ride Dynamics<\/p>\n<p>Amortiguador personalizado con 3 configuraciones \u00fanicas de amortiguaci\u00f3n<\/p>\n<p>Tija de sill\u00edn de carbono Roval Control SL, ligera y r\u00edgida<\/p>\n<p>Almacenamiento SWAT 4.0 en el tubo diagonal<\/p>\n<ul>\n<li>Especificaciones T\u00e9cnicas<br \/>\nCuadro<br \/>\nCuadro:<br \/>\nS-Works FACT 12m Carbon, geometr\u00eda progresiva de XC para competici\u00f3n, Rider-First Engineered\u2122, almacenamiento interno SWAT en el tubo diagonal, caja de pedalier roscada, puntera trasera compatible con UDH 12&#215;148 mm, guiado interno de cables, 120 mm de recorrido, optimizado para transmisiones y tijas inal\u00e1mbricas.<\/li>\n<li>SWAT:<br \/>\nAlmacenamiento interno SWAT en el tubo diagonal<\/li>\n<li>Abrazadera de sill\u00edn:<br \/>\nSpecialized de aleaci\u00f3n de aluminio 34.9 mm, tornillo de titanio<\/li>\n<li>Suspensi\u00f3n<br \/>\nAmortiguador trasero:<br \/>\nRockShox SIDLuxe ULTIMATE, desarrollado por Ride Dynamics, 3 posiciones de ajuste, ajuste remoto TwistLoc, Solo Air, 190&#215;45 mm<\/li>\n<li>Cockpit<br \/>\nTija de sill\u00edn:<br \/>\nRoval Control SL de carbono, abrazadera de dos tornillos, 0 mm de retroceso, 415\/370 mm x 30.9 mm<\/li>\n<li>Pu\u00f1os:<br \/>\nSRAM Slip-on con ajuste Twist-Loc<\/li>\n<li>Detalles del Producto<br \/>\nID del producto:<br \/>\n221526<\/li>\n<li>Peso:<br \/>\n2,13 kg (4 lb, 11.1 oz)<\/li>\n<li>Talla del peso:<br \/>\nMD (peso incluye la tija de sill\u00edn como se muestra en la imagen)<\/li>\n<\/ul>\n","protected":false},"excerpt":{"rendered":"<p>La nueva Epic 8 redefine la f\u00f3rmula de la velocidad a trav\u00e9s de la capacidad, eficiencia e integraci\u00f3n ligera. Los recorridos modernos de XC exigen cada vez m\u00e1s capacidad. Aqu\u00ed es donde entra en juego la Epic 8. Su cinem\u00e1tica mejorada la convierte en la bicicleta con el pedaleo m\u00e1s eficiente que hemos probado, mientras [&hellip;]<\/p>\n","protected":false},"featured_media":407106,"comment_status":"open","ping_status":"closed","template":"","meta":{"_acf_changed":false,"_et_pb_use_builder":"","_et_pb_old_content":"","_et_gb_content_width":"","inline_featured_image":false},"product_brand":[],"product_cat":[5368,5371,5369,5367,2449,358],"product_tag":[],"class_list":{"0":"post-425342","1":"product","2":"type-product","3":"status-publish","4":"has-post-thumbnail","6":"product_cat-bicicletas-montana-carbono-en","7":"product_cat-bicicletas-montana-cross-country-xc-en","8":"product_cat-bicicletas-montana-doble-suspension-en","9":"product_cat-bicicletas-montana-specialized-en","10":"product_cat-bicycles","11":"product_cat-mountain","13":"first","14":"instock","15":"taxable","16":"shipping-taxable","17":"purchasable","18":"product-type-variable","19":"wvs-archive-product-wrapper"},"acf":[],"yoast_head":"<!-- This site is optimized with the Yoast SEO Premium plugin v26.7 (Yoast SEO v26.7) - https:\/\/yoast.com\/wordpress\/plugins\/seo\/ -->\n<title>Specialized S-Works Epic 8 Frameset 2026<\/title>\n<meta name=\"description\" content=\"La nueva Epic 8 redefine la f\u00f3rmula de la velocidad a trav\u00e9s de la capacidad, eficiencia e integraci\u00f3n ligera. Los recorridos modernos de XC exigen cada vez m\u00e1s capacidad. Aqu\u00ed es donde entra en juego la Epic 8. Su cinem\u00e1tica mejorada la convierte en la bicicleta con el pedaleo m\u00e1s eficiente que hemos probado, mientras que los amortiguadores con v\u00e1lvulas personalizadas absorben cada impacto. Es un lobo con piel de lobo.\" \/>\n<meta name=\"robots\" content=\"index, follow, max-snippet:-1, max-image-preview:large, max-video-preview:-1\" \/>\n<link rel=\"canonical\" href=\"https:\/\/gr-100.com\/en\/producto\/specialized-s-works-epic-8-frameset-2026\/\" \/>\n<meta property=\"og:locale\" content=\"en_US\" \/>\n<meta property=\"og:type\" content=\"article\" \/>\n<meta property=\"og:title\" content=\"Specialized S-Works Epic 8 Frameset 2026\" \/>\n<meta property=\"og:description\" content=\"La nueva Epic 8 redefine la f\u00f3rmula de la velocidad a trav\u00e9s de la capacidad, eficiencia e integraci\u00f3n ligera. Los recorridos modernos de XC exigen cada vez m\u00e1s capacidad. Aqu\u00ed es donde entra en juego la Epic 8. Su cinem\u00e1tica mejorada la convierte en la bicicleta con el pedaleo m\u00e1s eficiente que hemos probado, mientras que los amortiguadores con v\u00e1lvulas personalizadas absorben cada impacto. Es un lobo con piel de lobo.\" \/>\n<meta property=\"og:url\" content=\"https:\/\/gr-100.com\/en\/producto\/specialized-s-works-epic-8-frameset-2026\/\" \/>\n<meta property=\"og:site_name\" content=\"Gr-100 Tienda de ciclismo Specialized\" \/>\n<meta property=\"article:publisher\" content=\"https:\/\/www.facebook.com\/Gr100Bikes\" \/>\n<meta property=\"og:image\" content=\"https:\/\/gr-100.com\/wp-content\/uploads\/2025\/04\/Diseno-sin-titulo-2025-04-29T131951.132.jpg\" \/>\n\t<meta property=\"og:image:width\" content=\"1000\" \/>\n\t<meta property=\"og:image:height\" content=\"1000\" \/>\n\t<meta property=\"og:image:type\" content=\"image\/jpeg\" \/>\n<meta name=\"twitter:card\" content=\"summary_large_image\" \/>\n<meta name=\"twitter:label1\" content=\"Est. reading time\" \/>\n\t<meta name=\"twitter:data1\" content=\"3 minutes\" \/>\n<script type=\"application\/ld+json\" class=\"yoast-schema-graph\">{\"@context\":\"https:\/\/schema.org\",\"@graph\":[{\"@type\":\"WebPage\",\"@id\":\"https:\/\/gr-100.com\/en\/producto\/specialized-s-works-epic-8-frameset-2026\/\",\"url\":\"https:\/\/gr-100.com\/en\/producto\/specialized-s-works-epic-8-frameset-2026\/\",\"name\":\"Specialized S-Works Epic 8 Frameset 2026\",\"isPartOf\":{\"@id\":\"https:\/\/gr-100.com\/#website\"},\"primaryImageOfPage\":{\"@id\":\"https:\/\/gr-100.com\/en\/producto\/specialized-s-works-epic-8-frameset-2026\/#primaryimage\"},\"image\":{\"@id\":\"https:\/\/gr-100.com\/en\/producto\/specialized-s-works-epic-8-frameset-2026\/#primaryimage\"},\"thumbnailUrl\":\"https:\/\/gr-100.com\/wp-content\/uploads\/2025\/04\/Diseno-sin-titulo-2025-04-29T131951.132.jpg\",\"datePublished\":\"2025-05-05T10:50:58+00:00\",\"description\":\"La nueva Epic 8 redefine la f\u00f3rmula de la velocidad a trav\u00e9s de la capacidad, eficiencia e integraci\u00f3n ligera. Los recorridos modernos de XC exigen cada vez m\u00e1s capacidad. Aqu\u00ed es donde entra en juego la Epic 8. Su cinem\u00e1tica mejorada la convierte en la bicicleta con el pedaleo m\u00e1s eficiente que hemos probado, mientras que los amortiguadores con v\u00e1lvulas personalizadas absorben cada impacto. Es un lobo con piel de lobo.\",\"breadcrumb\":{\"@id\":\"https:\/\/gr-100.com\/en\/producto\/specialized-s-works-epic-8-frameset-2026\/#breadcrumb\"},\"inLanguage\":\"en-US\",\"potentialAction\":[{\"@type\":\"ReadAction\",\"target\":[\"https:\/\/gr-100.com\/en\/producto\/specialized-s-works-epic-8-frameset-2026\/\"]}]},{\"@type\":\"ImageObject\",\"inLanguage\":\"en-US\",\"@id\":\"https:\/\/gr-100.com\/en\/producto\/specialized-s-works-epic-8-frameset-2026\/#primaryimage\",\"url\":\"https:\/\/gr-100.com\/wp-content\/uploads\/2025\/04\/Diseno-sin-titulo-2025-04-29T131951.132.jpg\",\"contentUrl\":\"https:\/\/gr-100.com\/wp-content\/uploads\/2025\/04\/Diseno-sin-titulo-2025-04-29T131951.132.jpg\",\"width\":1000,\"height\":1000},{\"@type\":\"BreadcrumbList\",\"@id\":\"https:\/\/gr-100.com\/en\/producto\/specialized-s-works-epic-8-frameset-2026\/#breadcrumb\",\"itemListElement\":[{\"@type\":\"ListItem\",\"position\":1,\"name\":\"Portada\",\"item\":\"https:\/\/gr-100.com\/pt-pt\/\"},{\"@type\":\"ListItem\",\"position\":2,\"name\":\"Productos\",\"item\":\"https:\/\/gr-100.com\/?post_type=product\"},{\"@type\":\"ListItem\",\"position\":3,\"name\":\"Specialized S-Works Epic 8 Frameset 2026\"}]},{\"@type\":\"WebSite\",\"@id\":\"https:\/\/gr-100.com\/#website\",\"url\":\"https:\/\/gr-100.com\/\",\"name\":\"Gr-100 Tienda de ciclismo Specialized\",\"description\":\"GR-100 tenemos todas las gamas de bicicletas Specialized al mejor precio.\",\"publisher\":{\"@id\":\"https:\/\/gr-100.com\/#organization\"},\"alternateName\":\"Gr-100 Bikes\",\"potentialAction\":[{\"@type\":\"SearchAction\",\"target\":{\"@type\":\"EntryPoint\",\"urlTemplate\":\"https:\/\/gr-100.com\/?s={search_term_string}\"},\"query-input\":{\"@type\":\"PropertyValueSpecification\",\"valueRequired\":true,\"valueName\":\"search_term_string\"}}],\"inLanguage\":\"en-US\"},{\"@type\":\"Organization\",\"@id\":\"https:\/\/gr-100.com\/#organization\",\"name\":\"Gr-100\",\"url\":\"https:\/\/gr-100.com\/\",\"logo\":{\"@type\":\"ImageObject\",\"inLanguage\":\"en-US\",\"@id\":\"https:\/\/gr-100.com\/#\/schema\/logo\/image\/\",\"url\":\"https:\/\/gr-100.com\/wp-content\/uploads\/2023\/08\/logo-gr-100-bikes.png\",\"contentUrl\":\"https:\/\/gr-100.com\/wp-content\/uploads\/2023\/08\/logo-gr-100-bikes.png\",\"width\":707,\"height\":284,\"caption\":\"Gr-100\"},\"image\":{\"@id\":\"https:\/\/gr-100.com\/#\/schema\/logo\/image\/\"},\"sameAs\":[\"https:\/\/www.facebook.com\/Gr100Bikes\",\"https:\/\/www.instagram.com\/gr100bikes\/\",\"https:\/\/www.tiktok.com\/@gr100bikes\",\"https:\/\/twitter.com\/gr100mtbteam\",\"https:\/\/www.youtube.com\/c\/GR100Specialized\"]}]}<\/script>\n<!-- \/ Yoast SEO Premium plugin. -->","yoast_head_json":{"title":"Specialized S-Works Epic 8 Frameset 2026","description":"La nueva Epic 8 redefine la f\u00f3rmula de la velocidad a trav\u00e9s de la capacidad, eficiencia e integraci\u00f3n ligera. Los recorridos modernos de XC exigen cada vez m\u00e1s capacidad. Aqu\u00ed es donde entra en juego la Epic 8. Su cinem\u00e1tica mejorada la convierte en la bicicleta con el pedaleo m\u00e1s eficiente que hemos probado, mientras que los amortiguadores con v\u00e1lvulas personalizadas absorben cada impacto. Es un lobo con piel de lobo.","robots":{"index":"index","follow":"follow","max-snippet":"max-snippet:-1","max-image-preview":"max-image-preview:large","max-video-preview":"max-video-preview:-1"},"canonical":"https:\/\/gr-100.com\/en\/producto\/specialized-s-works-epic-8-frameset-2026\/","og_locale":"en_US","og_type":"article","og_title":"Specialized S-Works Epic 8 Frameset 2026","og_description":"La nueva Epic 8 redefine la f\u00f3rmula de la velocidad a trav\u00e9s de la capacidad, eficiencia e integraci\u00f3n ligera. Los recorridos modernos de XC exigen cada vez m\u00e1s capacidad. Aqu\u00ed es donde entra en juego la Epic 8. Su cinem\u00e1tica mejorada la convierte en la bicicleta con el pedaleo m\u00e1s eficiente que hemos probado, mientras que los amortiguadores con v\u00e1lvulas personalizadas absorben cada impacto. Es un lobo con piel de lobo.","og_url":"https:\/\/gr-100.com\/en\/producto\/specialized-s-works-epic-8-frameset-2026\/","og_site_name":"Gr-100 Tienda de ciclismo Specialized","article_publisher":"https:\/\/www.facebook.com\/Gr100Bikes","og_image":[{"width":1000,"height":1000,"url":"https:\/\/gr-100.com\/wp-content\/uploads\/2025\/04\/Diseno-sin-titulo-2025-04-29T131951.132.jpg","type":"image\/jpeg"}],"twitter_card":"summary_large_image","twitter_misc":{"Est. reading time":"3 minutes"},"schema":{"@context":"https:\/\/schema.org","@graph":[{"@type":"WebPage","@id":"https:\/\/gr-100.com\/en\/producto\/specialized-s-works-epic-8-frameset-2026\/","url":"https:\/\/gr-100.com\/en\/producto\/specialized-s-works-epic-8-frameset-2026\/","name":"Specialized S-Works Epic 8 Frameset 2026","isPartOf":{"@id":"https:\/\/gr-100.com\/#website"},"primaryImageOfPage":{"@id":"https:\/\/gr-100.com\/en\/producto\/specialized-s-works-epic-8-frameset-2026\/#primaryimage"},"image":{"@id":"https:\/\/gr-100.com\/en\/producto\/specialized-s-works-epic-8-frameset-2026\/#primaryimage"},"thumbnailUrl":"https:\/\/gr-100.com\/wp-content\/uploads\/2025\/04\/Diseno-sin-titulo-2025-04-29T131951.132.jpg","datePublished":"2025-05-05T10:50:58+00:00","description":"La nueva Epic 8 redefine la f\u00f3rmula de la velocidad a trav\u00e9s de la capacidad, eficiencia e integraci\u00f3n ligera. Los recorridos modernos de XC exigen cada vez m\u00e1s capacidad. Aqu\u00ed es donde entra en juego la Epic 8. Su cinem\u00e1tica mejorada la convierte en la bicicleta con el pedaleo m\u00e1s eficiente que hemos probado, mientras que los amortiguadores con v\u00e1lvulas personalizadas absorben cada impacto. Es un lobo con piel de lobo.","breadcrumb":{"@id":"https:\/\/gr-100.com\/en\/producto\/specialized-s-works-epic-8-frameset-2026\/#breadcrumb"},"inLanguage":"en-US","potentialAction":[{"@type":"ReadAction","target":["https:\/\/gr-100.com\/en\/producto\/specialized-s-works-epic-8-frameset-2026\/"]}]},{"@type":"ImageObject","inLanguage":"en-US","@id":"https:\/\/gr-100.com\/en\/producto\/specialized-s-works-epic-8-frameset-2026\/#primaryimage","url":"https:\/\/gr-100.com\/wp-content\/uploads\/2025\/04\/Diseno-sin-titulo-2025-04-29T131951.132.jpg","contentUrl":"https:\/\/gr-100.com\/wp-content\/uploads\/2025\/04\/Diseno-sin-titulo-2025-04-29T131951.132.jpg","width":1000,"height":1000},{"@type":"BreadcrumbList","@id":"https:\/\/gr-100.com\/en\/producto\/specialized-s-works-epic-8-frameset-2026\/#breadcrumb","itemListElement":[{"@type":"ListItem","position":1,"name":"Portada","item":"https:\/\/gr-100.com\/pt-pt\/"},{"@type":"ListItem","position":2,"name":"Productos","item":"https:\/\/gr-100.com\/?post_type=product"},{"@type":"ListItem","position":3,"name":"Specialized S-Works Epic 8 Frameset 2026"}]},{"@type":"WebSite","@id":"https:\/\/gr-100.com\/#website","url":"https:\/\/gr-100.com\/","name":"Gr-100 Tienda de ciclismo Specialized","description":"GR-100 tenemos todas las gamas de bicicletas Specialized al mejor precio.","publisher":{"@id":"https:\/\/gr-100.com\/#organization"},"alternateName":"Gr-100 Bikes","potentialAction":[{"@type":"SearchAction","target":{"@type":"EntryPoint","urlTemplate":"https:\/\/gr-100.com\/?s={search_term_string}"},"query-input":{"@type":"PropertyValueSpecification","valueRequired":true,"valueName":"search_term_string"}}],"inLanguage":"en-US"},{"@type":"Organization","@id":"https:\/\/gr-100.com\/#organization","name":"Gr-100","url":"https:\/\/gr-100.com\/","logo":{"@type":"ImageObject","inLanguage":"en-US","@id":"https:\/\/gr-100.com\/#\/schema\/logo\/image\/","url":"https:\/\/gr-100.com\/wp-content\/uploads\/2023\/08\/logo-gr-100-bikes.png","contentUrl":"https:\/\/gr-100.com\/wp-content\/uploads\/2023\/08\/logo-gr-100-bikes.png","width":707,"height":284,"caption":"Gr-100"},"image":{"@id":"https:\/\/gr-100.com\/#\/schema\/logo\/image\/"},"sameAs":["https:\/\/www.facebook.com\/Gr100Bikes","https:\/\/www.instagram.com\/gr100bikes\/","https:\/\/www.tiktok.com\/@gr100bikes","https:\/\/twitter.com\/gr100mtbteam","https:\/\/www.youtube.com\/c\/GR100Specialized"]}]}},"_links":{"self":[{"href":"https:\/\/gr-100.com\/en\/wp-json\/wp\/v2\/product\/425342","targetHints":{"allow":["GET"]}}],"collection":[{"href":"https:\/\/gr-100.com\/en\/wp-json\/wp\/v2\/product"}],"about":[{"href":"https:\/\/gr-100.com\/en\/wp-json\/wp\/v2\/types\/product"}],"replies":[{"embeddable":true,"href":"https:\/\/gr-100.com\/en\/wp-json\/wp\/v2\/comments?post=425342"}],"wp:featuredmedia":[{"embeddable":true,"href":"https:\/\/gr-100.com\/en\/wp-json\/wp\/v2\/media\/407106"}],"wp:attachment":[{"href":"https:\/\/gr-100.com\/en\/wp-json\/wp\/v2\/media?parent=425342"}],"wp:term":[{"taxonomy":"product_brand","embeddable":true,"href":"https:\/\/gr-100.com\/en\/wp-json\/wp\/v2\/product_brand?post=425342"},{"taxonomy":"product_cat","embeddable":true,"href":"https:\/\/gr-100.com\/en\/wp-json\/wp\/v2\/product_cat?post=425342"},{"taxonomy":"product_tag","embeddable":true,"href":"https:\/\/gr-100.com\/en\/wp-json\/wp\/v2\/product_tag?post=425342"}],"curies":[{"name":"wp","href":"https:\/\/api.w.org\/{rel}","templated":true}]}}