{"id":425481,"date":"2025-04-23T11:15:58","date_gmt":"2025-04-23T10:15:58","guid":{"rendered":"https:\/\/gr-100.com\/producto\/specialized-s-works-epic-8-2026\/"},"modified":"2025-04-23T11:15:58","modified_gmt":"2025-04-23T09:15:58","slug":"specialized-s-works-epic-8-2026","status":"publish","type":"product","link":"https:\/\/gr-100.com\/en\/producto\/specialized-s-works-epic-8-2026\/","title":{"rendered":"Specialized S-Works Epic 8 2026"},"content":{"rendered":"<p>The all-new Epic 8 evolves the speed formula through capacity, efficiency and ultra-lightweight integration. Modern XC courses demand more and more capability. Enter the Epic 8. Its improved kinematics make it the most efficient pedaling bike we&#8217;ve ever tested, while valved shocks and custom settings soak up every bump. It&#8217;s a wolf in wolf&#8217;s clothing.    <\/p>\n<p>Si eres corredor de XC o priorizas la velocidad absoluta en tus rutas, la Epic 8 es tu bicicleta.<\/p>\n<p>CAPACIDAD SIN IGUAL:<br \/>\nLa bicicleta de 120 mm m\u00e1s capaz del planeta. Te sorprender\u00e1 c\u00f3mo la geometr\u00eda progresiva de la Epic 8 ofrece una capacidad t\u00e9cnica en terrenos complicados, junto con un rendimiento r\u00e1pido y eficiente en ascensos y aceleraciones. La absurda rigidez lateral y torsional del cuadro se traduce tambi\u00e9n en una precisi\u00f3n de manejo impresionante.  <\/p>\n<p>\u00bfY LOS BACHES?:<br \/>\nComparada con la generaci\u00f3n anterior, la nueva Epic 8 absorbe un 12% m\u00e1s de impactos y vibraciones, dej\u00e1ndote menos fatigado y con m\u00e1s potencia a lo largo del tiempo, para que t\u00fa sigas empujando mientras los dem\u00e1s sufren.<\/p>\n<p>DIN\u00c1MICA DE RODADA AJUSTADA:<br \/>\nEl equipo de Ride Dynamics de Specialized desarroll\u00f3 una v\u00e1lvula personalizada para el nuevo amortiguador de la Epic 8. Las caracter\u00edsticas de amortiguaci\u00f3n prescritas por Ride Dynamics elevan la experiencia de conducci\u00f3n de forma integral. Al ajustar los amortiguadores en conjunto con las tasas de palanca del cuadro y la nueva cinem\u00e1tica, logramos una bicicleta que va m\u00e1s all\u00e1 de la suma de sus partes.  <\/p>\n<p>EFICIENCIA BIOMEC\u00c1NICA:<br \/>\nAl optimizar la cinem\u00e1tica de la suspensi\u00f3n, el equipo de Ride Dynamics de Specialized redujo en un 20% el bamboleo inducido por el pedaleo, manteniendo al mismo tiempo una suspensi\u00f3n activa para gestionar eficazmente los impactos, asegurando que mantengas la posici\u00f3n de pedaleo m\u00e1s eficiente. Es la bicicleta con suspensi\u00f3n de pedaleo m\u00e1s eficiente que hemos probado. <\/p>\n<p>M\u00c1S CON MENOS:<br \/>\nCon la Epic 8, no se gast\u00f3 ni un solo gramo extra para conseguir una capacidad enorme desde el cuadro. Todos los modelos ahora cuentan con SWAT 4.0 para llevar tus esenciales de ruta, y un tope de direcci\u00f3n integrado que previene esa cl\u00e1sica cicatriz en el tubo superior la primera vez que te caes y giran los manillares. De hecho, el nuevo cuadro S-Works Epic 8 ha perdido 76 gramos, mientras suma todas estas novedades.  <\/p>\n<p>ROCKSHOX FLIGHT ATTENDANT:<br \/>\nLibera tu mente para concentrarte en ir r\u00e1pido en el momento m\u00e1s intenso. El sistema RockShox Flight Attendant ajustado por Ride Dynamics (en modelos S-Works) utiliza la tecnolog\u00eda inal\u00e1mbrica SRAM AXS para recopilar datos en tiempo real tuyos y del terreno, determinando los ajustes \u00f3ptimos de compresi\u00f3n para brindar una experiencia inigualable al ciclista. <\/p>\n<ul>\n<li>Picture<\/li>\n<li>Cuadro<br \/>\nS-Works FACT 12m Carbon, geometr\u00eda progresiva de XC de competici\u00f3n, tecnolog\u00eda Rider-First Engineered\u2122, almacenamiento SWAT en el tubo inferior, caja de pedalier roscada, puntera trasera compatible con UDH (12&#215;148 mm), guiado interno de cables, 120 mm de recorrido, optimizado para transmisi\u00f3n y tija inal\u00e1mbricas.<\/li>\n<li>SWAT<br \/>\nAlmacenamiento interno SWAT en el tubo inferior.<br \/>\nAbrazadera de sill\u00edn<br \/>\nSpecialized de aleaci\u00f3n de aluminio de 34,9 mm con tornillo de titanio.<\/li>\n<li>Suspensi\u00f3n<br \/>\nHorquilla<br \/>\nRockShox SID ULTIMATE Flight Attendant, desarrollada por Ride Dynamics, 3 posiciones, Debon Air, eje de 15&#215;110 mm, desplazamiento de 44 mm, recorrido de 120 mm.<\/li>\n<li>Amortiguador trasero<br \/>\nRockShox SIDLuxe ULTIMATE Flight Attendant, 3 posiciones, Solo Air, medida 190&#215;45 mm, desarrollado por Ride Dynamics.<\/li>\n<li>Frenos<br \/>\nFreno delantero<br \/>\nSRAM Motive Ultimate, pinza de 4 pistones, disco hidr\u00e1ulico, rotor de 180 mm.<br \/>\nFreno trasero<br \/>\nSRAM Motive Ultimate, pinza de 4 pistones, disco hidr\u00e1ulico, rotor de 160 mm.<\/li>\n<li>Transmisi\u00f3n<br \/>\nMandos de cambio<br \/>\nControlador SRAM AXS POD Ultimate.<br \/>\nCassette<br \/>\nSRAM CS-1299, 10-52 dientes.<br \/>\nCaja de pedalier<br \/>\nSRAM DUB, BSA 73 mm, roscada.<br \/>\nCadena<br \/>\nSRAM XX SL Eagle.<br \/>\nCambio trasero<br \/>\nSRAM XX SL Eagle AXS.<br \/>\nBielas<br \/>\nSRAM \/ Quarq XX SL Eagle con medidor de potencia, DUB 170 mm \/ 175 mm.<br \/>\nPlato<br \/>\n34 dientes.<\/li>\n<li>Ruedas y neum\u00e1ticosRueda delantera<br \/>\nRoval Control World Cup, carbono con dise\u00f1o mini-hooked, ancho interno de 28.5 mm, tubeless ready, buje Roval Control World Cup con rodamientos cer\u00e1micos DT Swiss, radios de carbono Roval con extremos de titanio.<br \/>\nRueda trasera<br \/>\nRoval Control World Cup, mismo dise\u00f1o y especificaciones que la delantera, con n\u00facleo DT Swiss 180.<br \/>\nNeum\u00e1tico delantero<br \/>\nSpecialized Fast Trak, carcasa Flex Lite, compuesto T5\/T7, tama\u00f1o 29&#215;2.35.<br \/>\nNeum\u00e1tico trasero<br \/>\nSpecialized Air Trak, carcasa Flex Lite, compuesto T5\/T7, tama\u00f1o 29&#215;2.35.<br \/>\nC\u00e1maras<br \/>\nSpecialized Turbo Tube.<\/li>\n<li>Cockpit<br \/>\nTija telesc\u00f3pica<br \/>\nRockShox Reverb AXS, 30.9 mm.<br \/>\nTama\u00f1os seg\u00fan talla del cuadro: S: 125 mm \/ M y L: 150 mm \/ XL: 175 mm.<br \/>\nManillar<br \/>\nCockpit integrado Roval Control SL, potencia integrada de 60 mm con -12\u00b0, retroceso de 8\u00b0, elevaci\u00f3n de 1\u00b0, ancho de 760 mm.<br \/>\nSill\u00edn<br \/>\nSpecialized S-Works Power Mirror, ra\u00edles de carbono, disponibles en 143 mm o 155 mm.<br \/>\nPu\u00f1os<br \/>\nSpecialized Trail Grips.<\/li>\n<li>Detalles del producto<\/li>\n<li>Pesokg (22 lb, 0.7 oz)<\/li>\n<li>Talla del peso especificado<br \/>\nTalla M<\/li>\n<\/ul>\n","protected":false},"excerpt":{"rendered":"<p>The all-new Epic 8 evolves the speed formula through capacity, efficiency and ultra-lightweight integration. Modern XC courses demand more and more capability. Enter the Epic 8. Its improved kinematics make it the most efficient pedaling bike we&#8217;ve ever tested, while valved shocks and custom settings soak up every bump. It&#8217;s a wolf in wolf&#8217;s clothing.    <\/p>\n","protected":false},"featured_media":406842,"comment_status":"open","ping_status":"closed","template":"","meta":{"_acf_changed":false,"_et_pb_use_builder":"","_et_pb_old_content":"","_et_gb_content_width":"","inline_featured_image":false},"product_brand":[],"product_cat":[5370,5368,5371,5369,5367,2449,358],"product_tag":[],"class_list":{"0":"post-425481","1":"product","2":"type-product","3":"status-publish","4":"has-post-thumbnail","6":"product_cat-bicicletas-montana-29-en","7":"product_cat-bicicletas-montana-carbono-en","8":"product_cat-bicicletas-montana-cross-country-xc-en","9":"product_cat-bicicletas-montana-doble-suspension-en","10":"product_cat-bicicletas-montana-specialized-en","11":"product_cat-bicycles","12":"product_cat-mountain","14":"first","15":"instock","16":"taxable","17":"shipping-taxable","18":"purchasable","19":"product-type-variable","20":"wvs-archive-product-wrapper"},"acf":[],"yoast_head":"<!-- This site is optimized with the Yoast SEO Premium plugin v26.7 (Yoast SEO v26.7) - https:\/\/yoast.com\/wordpress\/plugins\/seo\/ -->\n<title>Specialized S-Works Epic 8 2026 GR-100<\/title>\n<meta name=\"description\" content=\"La totalmente nueva Epic 8 evoluciona la f\u00f3rmula de la velocidad a trav\u00e9s de la capacidad, eficiencia e integraci\u00f3n ultraligera. Los circuitos modernos de XC exigen cada vez m\u00e1s capacidad. Entra en escena la Epic 8. Su cinem\u00e1tica mejorada la convierte en la bicicleta de pedaleo m\u00e1s eficiente que hemos probado, mientras que los amortiguadores con v\u00e1lvulas y ajustes personalizados absorben cada bache. Es un lobo con piel de lobo.\" \/>\n<meta name=\"robots\" content=\"index, follow, max-snippet:-1, max-image-preview:large, max-video-preview:-1\" \/>\n<link rel=\"canonical\" href=\"https:\/\/gr-100.com\/en\/producto\/specialized-s-works-epic-8-2026\/\" \/>\n<meta property=\"og:locale\" content=\"en_US\" \/>\n<meta property=\"og:type\" content=\"article\" \/>\n<meta property=\"og:title\" content=\"Specialized S-Works Epic 8 2026\" \/>\n<meta property=\"og:description\" content=\"La totalmente nueva Epic 8 evoluciona la f\u00f3rmula de la velocidad a trav\u00e9s de la capacidad, eficiencia e integraci\u00f3n ultraligera. Los circuitos modernos de XC exigen cada vez m\u00e1s capacidad. Entra en escena la Epic 8. Su cinem\u00e1tica mejorada la convierte en la bicicleta de pedaleo m\u00e1s eficiente que hemos probado, mientras que los amortiguadores con v\u00e1lvulas y ajustes personalizados absorben cada bache. Es un lobo con piel de lobo.\" \/>\n<meta property=\"og:url\" content=\"https:\/\/gr-100.com\/en\/producto\/specialized-s-works-epic-8-2026\/\" \/>\n<meta property=\"og:site_name\" content=\"Gr-100 Tienda de ciclismo Specialized\" \/>\n<meta property=\"article:publisher\" content=\"https:\/\/www.facebook.com\/Gr100Bikes\" \/>\n<meta property=\"og:image\" content=\"https:\/\/gr-100.com\/wp-content\/uploads\/2025\/04\/Diseno-sin-titulo-2025-04-23T124509.517.jpg\" \/>\n\t<meta property=\"og:image:width\" content=\"1000\" \/>\n\t<meta property=\"og:image:height\" content=\"1000\" \/>\n\t<meta property=\"og:image:type\" content=\"image\/jpeg\" \/>\n<meta name=\"twitter:card\" content=\"summary_large_image\" \/>\n<meta name=\"twitter:label1\" content=\"Est. reading time\" \/>\n\t<meta name=\"twitter:data1\" content=\"4 minutes\" \/>\n<script type=\"application\/ld+json\" class=\"yoast-schema-graph\">{\"@context\":\"https:\/\/schema.org\",\"@graph\":[{\"@type\":\"WebPage\",\"@id\":\"https:\/\/gr-100.com\/en\/producto\/specialized-s-works-epic-8-2026\/\",\"url\":\"https:\/\/gr-100.com\/en\/producto\/specialized-s-works-epic-8-2026\/\",\"name\":\"Specialized S-Works Epic 8 2026 GR-100\",\"isPartOf\":{\"@id\":\"https:\/\/gr-100.com\/#website\"},\"primaryImageOfPage\":{\"@id\":\"https:\/\/gr-100.com\/en\/producto\/specialized-s-works-epic-8-2026\/#primaryimage\"},\"image\":{\"@id\":\"https:\/\/gr-100.com\/en\/producto\/specialized-s-works-epic-8-2026\/#primaryimage\"},\"thumbnailUrl\":\"https:\/\/gr-100.com\/wp-content\/uploads\/2025\/04\/Diseno-sin-titulo-2025-04-23T124509.517.jpg\",\"datePublished\":\"2025-04-23T10:15:58+00:00\",\"description\":\"La totalmente nueva Epic 8 evoluciona la f\u00f3rmula de la velocidad a trav\u00e9s de la capacidad, eficiencia e integraci\u00f3n ultraligera. Los circuitos modernos de XC exigen cada vez m\u00e1s capacidad. Entra en escena la Epic 8. Su cinem\u00e1tica mejorada la convierte en la bicicleta de pedaleo m\u00e1s eficiente que hemos probado, mientras que los amortiguadores con v\u00e1lvulas y ajustes personalizados absorben cada bache. Es un lobo con piel de lobo.\",\"breadcrumb\":{\"@id\":\"https:\/\/gr-100.com\/en\/producto\/specialized-s-works-epic-8-2026\/#breadcrumb\"},\"inLanguage\":\"en-US\",\"potentialAction\":[{\"@type\":\"ReadAction\",\"target\":[\"https:\/\/gr-100.com\/en\/producto\/specialized-s-works-epic-8-2026\/\"]}]},{\"@type\":\"ImageObject\",\"inLanguage\":\"en-US\",\"@id\":\"https:\/\/gr-100.com\/en\/producto\/specialized-s-works-epic-8-2026\/#primaryimage\",\"url\":\"https:\/\/gr-100.com\/wp-content\/uploads\/2025\/04\/Diseno-sin-titulo-2025-04-23T124509.517.jpg\",\"contentUrl\":\"https:\/\/gr-100.com\/wp-content\/uploads\/2025\/04\/Diseno-sin-titulo-2025-04-23T124509.517.jpg\",\"width\":1000,\"height\":1000},{\"@type\":\"BreadcrumbList\",\"@id\":\"https:\/\/gr-100.com\/en\/producto\/specialized-s-works-epic-8-2026\/#breadcrumb\",\"itemListElement\":[{\"@type\":\"ListItem\",\"position\":1,\"name\":\"Portada\",\"item\":\"https:\/\/gr-100.com\/pt-pt\/\"},{\"@type\":\"ListItem\",\"position\":2,\"name\":\"Productos\",\"item\":\"https:\/\/gr-100.com\/?post_type=product\"},{\"@type\":\"ListItem\",\"position\":3,\"name\":\"Specialized S-Works Epic 8 2026\"}]},{\"@type\":\"WebSite\",\"@id\":\"https:\/\/gr-100.com\/#website\",\"url\":\"https:\/\/gr-100.com\/\",\"name\":\"Gr-100 Tienda de ciclismo Specialized\",\"description\":\"GR-100 tenemos todas las gamas de bicicletas Specialized al mejor precio.\",\"publisher\":{\"@id\":\"https:\/\/gr-100.com\/#organization\"},\"alternateName\":\"Gr-100 Bikes\",\"potentialAction\":[{\"@type\":\"SearchAction\",\"target\":{\"@type\":\"EntryPoint\",\"urlTemplate\":\"https:\/\/gr-100.com\/?s={search_term_string}\"},\"query-input\":{\"@type\":\"PropertyValueSpecification\",\"valueRequired\":true,\"valueName\":\"search_term_string\"}}],\"inLanguage\":\"en-US\"},{\"@type\":\"Organization\",\"@id\":\"https:\/\/gr-100.com\/#organization\",\"name\":\"Gr-100\",\"url\":\"https:\/\/gr-100.com\/\",\"logo\":{\"@type\":\"ImageObject\",\"inLanguage\":\"en-US\",\"@id\":\"https:\/\/gr-100.com\/#\/schema\/logo\/image\/\",\"url\":\"https:\/\/gr-100.com\/wp-content\/uploads\/2023\/08\/logo-gr-100-bikes.png\",\"contentUrl\":\"https:\/\/gr-100.com\/wp-content\/uploads\/2023\/08\/logo-gr-100-bikes.png\",\"width\":707,\"height\":284,\"caption\":\"Gr-100\"},\"image\":{\"@id\":\"https:\/\/gr-100.com\/#\/schema\/logo\/image\/\"},\"sameAs\":[\"https:\/\/www.facebook.com\/Gr100Bikes\",\"https:\/\/www.instagram.com\/gr100bikes\/\",\"https:\/\/www.tiktok.com\/@gr100bikes\",\"https:\/\/twitter.com\/gr100mtbteam\",\"https:\/\/www.youtube.com\/c\/GR100Specialized\"]}]}<\/script>\n<!-- \/ Yoast SEO Premium plugin. -->","yoast_head_json":{"title":"Specialized S-Works Epic 8 2026 GR-100","description":"La totalmente nueva Epic 8 evoluciona la f\u00f3rmula de la velocidad a trav\u00e9s de la capacidad, eficiencia e integraci\u00f3n ultraligera. Los circuitos modernos de XC exigen cada vez m\u00e1s capacidad. Entra en escena la Epic 8. Su cinem\u00e1tica mejorada la convierte en la bicicleta de pedaleo m\u00e1s eficiente que hemos probado, mientras que los amortiguadores con v\u00e1lvulas y ajustes personalizados absorben cada bache. Es un lobo con piel de lobo.","robots":{"index":"index","follow":"follow","max-snippet":"max-snippet:-1","max-image-preview":"max-image-preview:large","max-video-preview":"max-video-preview:-1"},"canonical":"https:\/\/gr-100.com\/en\/producto\/specialized-s-works-epic-8-2026\/","og_locale":"en_US","og_type":"article","og_title":"Specialized S-Works Epic 8 2026","og_description":"La totalmente nueva Epic 8 evoluciona la f\u00f3rmula de la velocidad a trav\u00e9s de la capacidad, eficiencia e integraci\u00f3n ultraligera. Los circuitos modernos de XC exigen cada vez m\u00e1s capacidad. Entra en escena la Epic 8. Su cinem\u00e1tica mejorada la convierte en la bicicleta de pedaleo m\u00e1s eficiente que hemos probado, mientras que los amortiguadores con v\u00e1lvulas y ajustes personalizados absorben cada bache. Es un lobo con piel de lobo.","og_url":"https:\/\/gr-100.com\/en\/producto\/specialized-s-works-epic-8-2026\/","og_site_name":"Gr-100 Tienda de ciclismo Specialized","article_publisher":"https:\/\/www.facebook.com\/Gr100Bikes","og_image":[{"width":1000,"height":1000,"url":"https:\/\/gr-100.com\/wp-content\/uploads\/2025\/04\/Diseno-sin-titulo-2025-04-23T124509.517.jpg","type":"image\/jpeg"}],"twitter_card":"summary_large_image","twitter_misc":{"Est. reading time":"4 minutes"},"schema":{"@context":"https:\/\/schema.org","@graph":[{"@type":"WebPage","@id":"https:\/\/gr-100.com\/en\/producto\/specialized-s-works-epic-8-2026\/","url":"https:\/\/gr-100.com\/en\/producto\/specialized-s-works-epic-8-2026\/","name":"Specialized S-Works Epic 8 2026 GR-100","isPartOf":{"@id":"https:\/\/gr-100.com\/#website"},"primaryImageOfPage":{"@id":"https:\/\/gr-100.com\/en\/producto\/specialized-s-works-epic-8-2026\/#primaryimage"},"image":{"@id":"https:\/\/gr-100.com\/en\/producto\/specialized-s-works-epic-8-2026\/#primaryimage"},"thumbnailUrl":"https:\/\/gr-100.com\/wp-content\/uploads\/2025\/04\/Diseno-sin-titulo-2025-04-23T124509.517.jpg","datePublished":"2025-04-23T10:15:58+00:00","description":"La totalmente nueva Epic 8 evoluciona la f\u00f3rmula de la velocidad a trav\u00e9s de la capacidad, eficiencia e integraci\u00f3n ultraligera. Los circuitos modernos de XC exigen cada vez m\u00e1s capacidad. Entra en escena la Epic 8. Su cinem\u00e1tica mejorada la convierte en la bicicleta de pedaleo m\u00e1s eficiente que hemos probado, mientras que los amortiguadores con v\u00e1lvulas y ajustes personalizados absorben cada bache. Es un lobo con piel de lobo.","breadcrumb":{"@id":"https:\/\/gr-100.com\/en\/producto\/specialized-s-works-epic-8-2026\/#breadcrumb"},"inLanguage":"en-US","potentialAction":[{"@type":"ReadAction","target":["https:\/\/gr-100.com\/en\/producto\/specialized-s-works-epic-8-2026\/"]}]},{"@type":"ImageObject","inLanguage":"en-US","@id":"https:\/\/gr-100.com\/en\/producto\/specialized-s-works-epic-8-2026\/#primaryimage","url":"https:\/\/gr-100.com\/wp-content\/uploads\/2025\/04\/Diseno-sin-titulo-2025-04-23T124509.517.jpg","contentUrl":"https:\/\/gr-100.com\/wp-content\/uploads\/2025\/04\/Diseno-sin-titulo-2025-04-23T124509.517.jpg","width":1000,"height":1000},{"@type":"BreadcrumbList","@id":"https:\/\/gr-100.com\/en\/producto\/specialized-s-works-epic-8-2026\/#breadcrumb","itemListElement":[{"@type":"ListItem","position":1,"name":"Portada","item":"https:\/\/gr-100.com\/pt-pt\/"},{"@type":"ListItem","position":2,"name":"Productos","item":"https:\/\/gr-100.com\/?post_type=product"},{"@type":"ListItem","position":3,"name":"Specialized S-Works Epic 8 2026"}]},{"@type":"WebSite","@id":"https:\/\/gr-100.com\/#website","url":"https:\/\/gr-100.com\/","name":"Gr-100 Tienda de ciclismo Specialized","description":"GR-100 tenemos todas las gamas de bicicletas Specialized al mejor precio.","publisher":{"@id":"https:\/\/gr-100.com\/#organization"},"alternateName":"Gr-100 Bikes","potentialAction":[{"@type":"SearchAction","target":{"@type":"EntryPoint","urlTemplate":"https:\/\/gr-100.com\/?s={search_term_string}"},"query-input":{"@type":"PropertyValueSpecification","valueRequired":true,"valueName":"search_term_string"}}],"inLanguage":"en-US"},{"@type":"Organization","@id":"https:\/\/gr-100.com\/#organization","name":"Gr-100","url":"https:\/\/gr-100.com\/","logo":{"@type":"ImageObject","inLanguage":"en-US","@id":"https:\/\/gr-100.com\/#\/schema\/logo\/image\/","url":"https:\/\/gr-100.com\/wp-content\/uploads\/2023\/08\/logo-gr-100-bikes.png","contentUrl":"https:\/\/gr-100.com\/wp-content\/uploads\/2023\/08\/logo-gr-100-bikes.png","width":707,"height":284,"caption":"Gr-100"},"image":{"@id":"https:\/\/gr-100.com\/#\/schema\/logo\/image\/"},"sameAs":["https:\/\/www.facebook.com\/Gr100Bikes","https:\/\/www.instagram.com\/gr100bikes\/","https:\/\/www.tiktok.com\/@gr100bikes","https:\/\/twitter.com\/gr100mtbteam","https:\/\/www.youtube.com\/c\/GR100Specialized"]}]}},"_links":{"self":[{"href":"https:\/\/gr-100.com\/en\/wp-json\/wp\/v2\/product\/425481","targetHints":{"allow":["GET"]}}],"collection":[{"href":"https:\/\/gr-100.com\/en\/wp-json\/wp\/v2\/product"}],"about":[{"href":"https:\/\/gr-100.com\/en\/wp-json\/wp\/v2\/types\/product"}],"replies":[{"embeddable":true,"href":"https:\/\/gr-100.com\/en\/wp-json\/wp\/v2\/comments?post=425481"}],"wp:featuredmedia":[{"embeddable":true,"href":"https:\/\/gr-100.com\/en\/wp-json\/wp\/v2\/media\/406842"}],"wp:attachment":[{"href":"https:\/\/gr-100.com\/en\/wp-json\/wp\/v2\/media?parent=425481"}],"wp:term":[{"taxonomy":"product_brand","embeddable":true,"href":"https:\/\/gr-100.com\/en\/wp-json\/wp\/v2\/product_brand?post=425481"},{"taxonomy":"product_cat","embeddable":true,"href":"https:\/\/gr-100.com\/en\/wp-json\/wp\/v2\/product_cat?post=425481"},{"taxonomy":"product_tag","embeddable":true,"href":"https:\/\/gr-100.com\/en\/wp-json\/wp\/v2\/product_tag?post=425481"}],"curies":[{"name":"wp","href":"https:\/\/api.w.org\/{rel}","templated":true}]}}