{"id":425593,"date":"2024-12-27T12:13:48","date_gmt":"2024-12-27T11:13:48","guid":{"rendered":"https:\/\/gr-100.com\/producto\/specialized-chisel-comp-2025\/"},"modified":"2024-12-27T12:13:48","modified_gmt":"2024-12-27T10:13:48","slug":"specialized-chisel-comp-2025","status":"publish","type":"product","link":"https:\/\/gr-100.com\/en\/producto\/specialized-chisel-comp-2025\/","title":{"rendered":"Specialized Chisel Comp 2025"},"content":{"rendered":"<p>MET\u00c1LICAMENTE R\u00c1PIDA: Gracias a D&#8217;Aluisio Smartweld, el Chisel es el cuadro de aluminio para XC m\u00e1s ligero de su clase. Cada tubo del cuadro, altamente manipulado, presenta una variaci\u00f3n continua del grosor de las paredes y una forma que proporciona rigidez donde la necesitas, para una mayor eficiencia, y suavidad de marcha donde la deseas, para una mayor comodidad y un control \u00f3ptimo. <\/p>\n<p>CAPACIDAD SIN L\u00cdMITES: Con 110 mm de suspensi\u00f3n con nuestra tecnolog\u00eda Ride Dynamics, el pedigr\u00ed de alto rendimiento de la Chisel se remonta directamente a la Epic 8, nuestra m\u00e1quina de carreras de la Copa del Mundo. El ADN de la cinem\u00e1tica de suspensi\u00f3n avanzada de la Epic 8, la suspensi\u00f3n Ride Dynamics y la geometr\u00eda progresiva perfeccionada en circuitos t\u00e9cnicos de la Copa del Mundo se encuentran en la Chisel, lo que la hace m\u00e1s que capaz de manejar terrenos variados con confianza y velocidad. <\/p>\n<p>INCRE\u00cdBLEMENTE EFICIENTE: La Chisel es la bicicleta pulmonar m\u00e1s eficiente de su clase, gracias a la que se ha aprovechado la geometr\u00eda y la cinem\u00e1tica que se utilizaron en nuestra plataforma Epic 8 ganadora de varias Copas del Mundo. El tubo de sill\u00edn inclinado coloca al ciclista en la posici\u00f3n de pedaleo \u00f3ptima. El anti-squat afilado reduce el &#8220;pedaleo falso&#8221;. Todo ello hace que la Chisel traduzca cada vatio aplicado a los pedales en el m\u00e1ximo movimiento hacia delante.   <\/p>\n<p>SMOOTHER IS FASTER: Hemos dise\u00f1ado una parte trasera con tirantes flexibles para obtener un rendimiento de la suspensi\u00f3n l\u00edder en su clase, eliminando al mismo tiempo el peso adicional y el mantenimiento asociado a los pivotes necesarios en un dise\u00f1o tradicional. M\u00e1s habitual en las bicicletas de carbono, las exhaustivas pruebas de campo y laboratorio demuestran que Chisel ha logrado lo imposible: la eficiencia, el control y la ligereza de un dise\u00f1o de tirante flexible en un aluminio avanzado. <\/p>\n<p>ALUMINIO HIDROFORMADO: La Chisel ahorra material y peso con un tubo de sill\u00edn hidroformado de una sola pieza que integra el pivote del tubo de sill\u00edn, el pivote principal y la caja del pedalier. En una bicicleta m\u00e1s tradicional, el tubo de sill\u00edn suele ser solo un \u00abtubo\u00bb con los pivotes y la caja del pedalier soldados. <\/p>\n<p>Cuadro &#8211; tubos hidroformados D&#8217;Alusio Smartweld y uniones de los tubos de ingenier\u00eda, ajuste de geometr\u00eda por Flip-Chip , 110mm de recorrido.<br \/>\nHorquilla RockShox SID 120mm, con amortiguador Rush<br \/>\namortiguador trasero Rockshox Deluxe Select + con Ride Dynamics<br \/>\nTija telesc\u00f3pica Tranzx<br \/>\nDesviador trasero Sram GX Eagle<\/p>\n<ul>\n<li>Material Aluminum<\/li>\n<li>Uso MTB, Trail<\/li>\n<li>Cadena SRAM SX Eagle<\/li>\n<li>Cassette SRAM PG-1230 Eagle<\/li>\n<li>Manetas de cambio SRAM GX<\/li>\n<li>Cambio trasero SRAM GX Eagle<\/li>\n<li>Biela SRAM X1000 Eagle<\/li>\n<li>Frenos SRAM Level T | 180\/160mm<\/li>\n<li>Tija de sillin modelo TranzX Dropper | 30.9mm | XS: 100mm | S-M: 125mm | L\/XL: 150mm<\/li>\n<li>Sill\u00edn Body Geometry Power Sport<\/li>\n<li>Manillar Specialized AL | 20mm Rise | 31.8mm | 760mm<\/li>\n<li>Potencia Specialized | AL | 7\u00b0<\/li>\n<li>Horquilla Rockshox SID SL | Rush<\/li>\n<li>Cuadro Specialized D&#8217;Aluisio Smartweld M5 AL<\/li>\n<li>Sistema de Cambio (Fabricante) SRAM<\/li>\n<li>Dientes del cassette 11-50<\/li>\n<li>N\u00famero de velocidades &#8211; delantero 1<\/li>\n<li>Tipo de Freno Freno de disco<\/li>\n<li>Tama\u00f1o de la rueda 29&#8243; (622mm)<\/li>\n<li>Pu\u00f1os Specialized Trail<\/li>\n<li>Amortiguador RockShox Deluxe Select+<\/li>\n<li>Tija de sill\u00edn Tija de sill\u00edn telesc\u00f3pica<\/li>\n<li>Tipo de cuadro Doble Suspensi\u00f3n<\/li>\n<li>Recorrido de la horquilla 120mm<\/li>\n<li>Cubiertas Specialized Ground Control (29&#215;2.35&#8243;) \/ Fast Trak (29&#215;2.35&#8243;)<\/li>\n<li>Accionamiento del freno Hidr\u00e1ulico<\/li>\n<\/ul>\n<p>&nbsp;<\/p>\n","protected":false},"excerpt":{"rendered":"<p>The lightest and fastest full-suspension aluminum bike in the world. 18.4% lighter than its nearest competitor and sharing the geometry and kinematics of our World Cup-ready Epic 8 mountain bike, the new Chisel delivers performance you can feel, whether you&#8217;re running &#8220;between the treadmills&#8221; or riding solo on your local trails. <\/p>\n","protected":false},"featured_media":399951,"comment_status":"open","ping_status":"closed","template":"","meta":{"_acf_changed":false,"_et_pb_use_builder":"","_et_pb_old_content":"","_et_gb_content_width":"","inline_featured_image":false},"product_brand":[],"product_cat":[5370,5371,5369,5367,5366,4347,2449,358,2472,2689,359],"product_tag":[],"class_list":{"0":"post-425593","1":"product","2":"type-product","3":"status-publish","4":"has-post-thumbnail","6":"product_cat-bicicletas-montana-29-en","7":"product_cat-bicicletas-montana-cross-country-xc-en","8":"product_cat-bicicletas-montana-doble-suspension-en","9":"product_cat-bicicletas-montana-specialized-en","10":"product_cat-descuentos-en","11":"product_cat-black-friday-2-en","12":"product_cat-bicycles","13":"product_cat-mountain","14":"product_cat-specialized-bikes","15":"product_cat-specialized-offers","16":"product_cat-outlet-en","18":"first","19":"instock","20":"sale","21":"taxable","22":"shipping-taxable","23":"purchasable","24":"product-type-variable","25":"wvs-archive-product-wrapper"},"acf":[],"yoast_head":"<!-- This site is optimized with the Yoast SEO Premium plugin v26.7 (Yoast SEO v26.7) - https:\/\/yoast.com\/wordpress\/plugins\/seo\/ -->\n<title>Specialized Chisel Comp 2025 GR-100<\/title>\n<meta name=\"description\" content=\"La bicicleta de aluminio de doble suspensi\u00f3n m\u00e1s ligera y r\u00e1pida del mundo. Un 18,4% m\u00e1s ligera que su competidora m\u00e1s cercana\" \/>\n<meta name=\"robots\" content=\"index, follow, max-snippet:-1, max-image-preview:large, max-video-preview:-1\" \/>\n<link rel=\"canonical\" href=\"https:\/\/gr-100.com\/en\/producto\/specialized-chisel-comp-2025\/\" \/>\n<meta property=\"og:locale\" content=\"en_US\" \/>\n<meta property=\"og:type\" content=\"article\" \/>\n<meta property=\"og:title\" content=\"Specialized Chisel Comp 2025\" \/>\n<meta property=\"og:description\" content=\"La bicicleta de aluminio de doble suspensi\u00f3n m\u00e1s ligera y r\u00e1pida del mundo. Un 18,4% m\u00e1s ligera que su competidora m\u00e1s cercana\" \/>\n<meta property=\"og:url\" content=\"https:\/\/gr-100.com\/en\/producto\/specialized-chisel-comp-2025\/\" \/>\n<meta property=\"og:site_name\" content=\"Gr-100 Tienda de ciclismo Specialized\" \/>\n<meta property=\"article:publisher\" content=\"https:\/\/www.facebook.com\/Gr100Bikes\" \/>\n<meta property=\"og:image\" content=\"https:\/\/gr-100.com\/wp-content\/uploads\/2024\/12\/Diseno-sin-titulo-2024-12-27T123506.884.jpg\" \/>\n\t<meta property=\"og:image:width\" content=\"1000\" \/>\n\t<meta property=\"og:image:height\" content=\"1000\" \/>\n\t<meta property=\"og:image:type\" content=\"image\/jpeg\" \/>\n<meta name=\"twitter:card\" content=\"summary_large_image\" \/>\n<meta name=\"twitter:label1\" content=\"Est. reading time\" \/>\n\t<meta name=\"twitter:data1\" content=\"3 minutes\" \/>\n<script type=\"application\/ld+json\" class=\"yoast-schema-graph\">{\"@context\":\"https:\/\/schema.org\",\"@graph\":[{\"@type\":\"WebPage\",\"@id\":\"https:\/\/gr-100.com\/en\/producto\/specialized-chisel-comp-2025\/\",\"url\":\"https:\/\/gr-100.com\/en\/producto\/specialized-chisel-comp-2025\/\",\"name\":\"Specialized Chisel Comp 2025 GR-100\",\"isPartOf\":{\"@id\":\"https:\/\/gr-100.com\/#website\"},\"primaryImageOfPage\":{\"@id\":\"https:\/\/gr-100.com\/en\/producto\/specialized-chisel-comp-2025\/#primaryimage\"},\"image\":{\"@id\":\"https:\/\/gr-100.com\/en\/producto\/specialized-chisel-comp-2025\/#primaryimage\"},\"thumbnailUrl\":\"https:\/\/gr-100.com\/wp-content\/uploads\/2024\/12\/Diseno-sin-titulo-2024-12-27T123506.884.jpg\",\"datePublished\":\"2024-12-27T11:13:48+00:00\",\"description\":\"La bicicleta de aluminio de doble suspensi\u00f3n m\u00e1s ligera y r\u00e1pida del mundo. Un 18,4% m\u00e1s ligera que su competidora m\u00e1s cercana\",\"breadcrumb\":{\"@id\":\"https:\/\/gr-100.com\/en\/producto\/specialized-chisel-comp-2025\/#breadcrumb\"},\"inLanguage\":\"en-US\",\"potentialAction\":[{\"@type\":\"ReadAction\",\"target\":[\"https:\/\/gr-100.com\/en\/producto\/specialized-chisel-comp-2025\/\"]}]},{\"@type\":\"ImageObject\",\"inLanguage\":\"en-US\",\"@id\":\"https:\/\/gr-100.com\/en\/producto\/specialized-chisel-comp-2025\/#primaryimage\",\"url\":\"https:\/\/gr-100.com\/wp-content\/uploads\/2024\/12\/Diseno-sin-titulo-2024-12-27T123506.884.jpg\",\"contentUrl\":\"https:\/\/gr-100.com\/wp-content\/uploads\/2024\/12\/Diseno-sin-titulo-2024-12-27T123506.884.jpg\",\"width\":1000,\"height\":1000},{\"@type\":\"BreadcrumbList\",\"@id\":\"https:\/\/gr-100.com\/en\/producto\/specialized-chisel-comp-2025\/#breadcrumb\",\"itemListElement\":[{\"@type\":\"ListItem\",\"position\":1,\"name\":\"Portada\",\"item\":\"https:\/\/gr-100.com\/pt-pt\/\"},{\"@type\":\"ListItem\",\"position\":2,\"name\":\"Productos\",\"item\":\"https:\/\/gr-100.com\/?post_type=product\"},{\"@type\":\"ListItem\",\"position\":3,\"name\":\"Specialized Chisel Comp 2025\"}]},{\"@type\":\"WebSite\",\"@id\":\"https:\/\/gr-100.com\/#website\",\"url\":\"https:\/\/gr-100.com\/\",\"name\":\"Gr-100 Tienda de ciclismo Specialized\",\"description\":\"GR-100 tenemos todas las gamas de bicicletas Specialized al mejor precio.\",\"publisher\":{\"@id\":\"https:\/\/gr-100.com\/#organization\"},\"alternateName\":\"Gr-100 Bikes\",\"potentialAction\":[{\"@type\":\"SearchAction\",\"target\":{\"@type\":\"EntryPoint\",\"urlTemplate\":\"https:\/\/gr-100.com\/?s={search_term_string}\"},\"query-input\":{\"@type\":\"PropertyValueSpecification\",\"valueRequired\":true,\"valueName\":\"search_term_string\"}}],\"inLanguage\":\"en-US\"},{\"@type\":\"Organization\",\"@id\":\"https:\/\/gr-100.com\/#organization\",\"name\":\"Gr-100\",\"url\":\"https:\/\/gr-100.com\/\",\"logo\":{\"@type\":\"ImageObject\",\"inLanguage\":\"en-US\",\"@id\":\"https:\/\/gr-100.com\/#\/schema\/logo\/image\/\",\"url\":\"https:\/\/gr-100.com\/wp-content\/uploads\/2023\/08\/logo-gr-100-bikes.png\",\"contentUrl\":\"https:\/\/gr-100.com\/wp-content\/uploads\/2023\/08\/logo-gr-100-bikes.png\",\"width\":707,\"height\":284,\"caption\":\"Gr-100\"},\"image\":{\"@id\":\"https:\/\/gr-100.com\/#\/schema\/logo\/image\/\"},\"sameAs\":[\"https:\/\/www.facebook.com\/Gr100Bikes\",\"https:\/\/www.instagram.com\/gr100bikes\/\",\"https:\/\/www.tiktok.com\/@gr100bikes\",\"https:\/\/twitter.com\/gr100mtbteam\",\"https:\/\/www.youtube.com\/c\/GR100Specialized\"]}]}<\/script>\n<!-- \/ Yoast SEO Premium plugin. -->","yoast_head_json":{"title":"Specialized Chisel Comp 2025 GR-100","description":"La bicicleta de aluminio de doble suspensi\u00f3n m\u00e1s ligera y r\u00e1pida del mundo. Un 18,4% m\u00e1s ligera que su competidora m\u00e1s cercana","robots":{"index":"index","follow":"follow","max-snippet":"max-snippet:-1","max-image-preview":"max-image-preview:large","max-video-preview":"max-video-preview:-1"},"canonical":"https:\/\/gr-100.com\/en\/producto\/specialized-chisel-comp-2025\/","og_locale":"en_US","og_type":"article","og_title":"Specialized Chisel Comp 2025","og_description":"La bicicleta de aluminio de doble suspensi\u00f3n m\u00e1s ligera y r\u00e1pida del mundo. Un 18,4% m\u00e1s ligera que su competidora m\u00e1s cercana","og_url":"https:\/\/gr-100.com\/en\/producto\/specialized-chisel-comp-2025\/","og_site_name":"Gr-100 Tienda de ciclismo Specialized","article_publisher":"https:\/\/www.facebook.com\/Gr100Bikes","og_image":[{"width":1000,"height":1000,"url":"https:\/\/gr-100.com\/wp-content\/uploads\/2024\/12\/Diseno-sin-titulo-2024-12-27T123506.884.jpg","type":"image\/jpeg"}],"twitter_card":"summary_large_image","twitter_misc":{"Est. reading time":"3 minutes"},"schema":{"@context":"https:\/\/schema.org","@graph":[{"@type":"WebPage","@id":"https:\/\/gr-100.com\/en\/producto\/specialized-chisel-comp-2025\/","url":"https:\/\/gr-100.com\/en\/producto\/specialized-chisel-comp-2025\/","name":"Specialized Chisel Comp 2025 GR-100","isPartOf":{"@id":"https:\/\/gr-100.com\/#website"},"primaryImageOfPage":{"@id":"https:\/\/gr-100.com\/en\/producto\/specialized-chisel-comp-2025\/#primaryimage"},"image":{"@id":"https:\/\/gr-100.com\/en\/producto\/specialized-chisel-comp-2025\/#primaryimage"},"thumbnailUrl":"https:\/\/gr-100.com\/wp-content\/uploads\/2024\/12\/Diseno-sin-titulo-2024-12-27T123506.884.jpg","datePublished":"2024-12-27T11:13:48+00:00","description":"La bicicleta de aluminio de doble suspensi\u00f3n m\u00e1s ligera y r\u00e1pida del mundo. Un 18,4% m\u00e1s ligera que su competidora m\u00e1s cercana","breadcrumb":{"@id":"https:\/\/gr-100.com\/en\/producto\/specialized-chisel-comp-2025\/#breadcrumb"},"inLanguage":"en-US","potentialAction":[{"@type":"ReadAction","target":["https:\/\/gr-100.com\/en\/producto\/specialized-chisel-comp-2025\/"]}]},{"@type":"ImageObject","inLanguage":"en-US","@id":"https:\/\/gr-100.com\/en\/producto\/specialized-chisel-comp-2025\/#primaryimage","url":"https:\/\/gr-100.com\/wp-content\/uploads\/2024\/12\/Diseno-sin-titulo-2024-12-27T123506.884.jpg","contentUrl":"https:\/\/gr-100.com\/wp-content\/uploads\/2024\/12\/Diseno-sin-titulo-2024-12-27T123506.884.jpg","width":1000,"height":1000},{"@type":"BreadcrumbList","@id":"https:\/\/gr-100.com\/en\/producto\/specialized-chisel-comp-2025\/#breadcrumb","itemListElement":[{"@type":"ListItem","position":1,"name":"Portada","item":"https:\/\/gr-100.com\/pt-pt\/"},{"@type":"ListItem","position":2,"name":"Productos","item":"https:\/\/gr-100.com\/?post_type=product"},{"@type":"ListItem","position":3,"name":"Specialized Chisel Comp 2025"}]},{"@type":"WebSite","@id":"https:\/\/gr-100.com\/#website","url":"https:\/\/gr-100.com\/","name":"Gr-100 Tienda de ciclismo Specialized","description":"GR-100 tenemos todas las gamas de bicicletas Specialized al mejor precio.","publisher":{"@id":"https:\/\/gr-100.com\/#organization"},"alternateName":"Gr-100 Bikes","potentialAction":[{"@type":"SearchAction","target":{"@type":"EntryPoint","urlTemplate":"https:\/\/gr-100.com\/?s={search_term_string}"},"query-input":{"@type":"PropertyValueSpecification","valueRequired":true,"valueName":"search_term_string"}}],"inLanguage":"en-US"},{"@type":"Organization","@id":"https:\/\/gr-100.com\/#organization","name":"Gr-100","url":"https:\/\/gr-100.com\/","logo":{"@type":"ImageObject","inLanguage":"en-US","@id":"https:\/\/gr-100.com\/#\/schema\/logo\/image\/","url":"https:\/\/gr-100.com\/wp-content\/uploads\/2023\/08\/logo-gr-100-bikes.png","contentUrl":"https:\/\/gr-100.com\/wp-content\/uploads\/2023\/08\/logo-gr-100-bikes.png","width":707,"height":284,"caption":"Gr-100"},"image":{"@id":"https:\/\/gr-100.com\/#\/schema\/logo\/image\/"},"sameAs":["https:\/\/www.facebook.com\/Gr100Bikes","https:\/\/www.instagram.com\/gr100bikes\/","https:\/\/www.tiktok.com\/@gr100bikes","https:\/\/twitter.com\/gr100mtbteam","https:\/\/www.youtube.com\/c\/GR100Specialized"]}]}},"_links":{"self":[{"href":"https:\/\/gr-100.com\/en\/wp-json\/wp\/v2\/product\/425593","targetHints":{"allow":["GET"]}}],"collection":[{"href":"https:\/\/gr-100.com\/en\/wp-json\/wp\/v2\/product"}],"about":[{"href":"https:\/\/gr-100.com\/en\/wp-json\/wp\/v2\/types\/product"}],"replies":[{"embeddable":true,"href":"https:\/\/gr-100.com\/en\/wp-json\/wp\/v2\/comments?post=425593"}],"wp:featuredmedia":[{"embeddable":true,"href":"https:\/\/gr-100.com\/en\/wp-json\/wp\/v2\/media\/399951"}],"wp:attachment":[{"href":"https:\/\/gr-100.com\/en\/wp-json\/wp\/v2\/media?parent=425593"}],"wp:term":[{"taxonomy":"product_brand","embeddable":true,"href":"https:\/\/gr-100.com\/en\/wp-json\/wp\/v2\/product_brand?post=425593"},{"taxonomy":"product_cat","embeddable":true,"href":"https:\/\/gr-100.com\/en\/wp-json\/wp\/v2\/product_cat?post=425593"},{"taxonomy":"product_tag","embeddable":true,"href":"https:\/\/gr-100.com\/en\/wp-json\/wp\/v2\/product_tag?post=425593"}],"curies":[{"name":"wp","href":"https:\/\/api.w.org\/{rel}","templated":true}]}}