{"id":425864,"date":"2024-11-27T11:33:21","date_gmt":"2024-11-27T10:33:21","guid":{"rendered":"https:\/\/gr-100.com\/producto\/specialized-rockhopper-expert-2025\/"},"modified":"2024-11-27T11:33:21","modified_gmt":"2024-11-27T09:33:21","slug":"specialized-rockhopper-expert-2025","status":"publish","type":"product","link":"https:\/\/gr-100.com\/en\/producto\/specialized-rockhopper-expert-2025\/","title":{"rendered":"Specialized Rockhopper Expert 2025"},"content":{"rendered":"<ul>\n<li>Aluminio A1 Premium ligero pero duradero, el cuadro de aluminio conificado de la Rockhopper cuenta con tubos superiores e inferiores hidroformados para mantener el peso bajo y la resistencia alta, todo ello a la vez que proporciona mayor espacio libre entre ejes, enrutamiento interno de cables elegante y compatibilidad con tijas telesc\u00f3picas.<\/li>\n<li>Para garantizar que la Rockhopper ofrezca tanto el mejor ajuste como el mejor rendimiento para cada persona, sin importar su medida, hemos emparejado cada tama\u00f1o de cuadro de la<\/li>\n<li>Rockhopper con el tama\u00f1o de rueda \u00f3ptimo. El resultado es una Rockhopper que se adapta a cada ciclista y la seguridad de que cada Rockhopper rueda sobre la rueda con el mejor manejo para su tama\u00f1o de cuadro. <\/li>\n<li>N\u00facleo F\u00f3rmula duradero junto al cassette SunRace de 9 velocidades que te mantiene rodando suavemente y prometen innumerables kil\u00f3metros de rendimiento sin complicaciones.<\/li>\n<li>Simplifica las cosas con una transmisi\u00f3n SRAM 1x duradera con amplio rango y un desviador trasero equipado con embrague que mantiene tu andar silencioso y tu cadena puesta.<\/li>\n<li>Combine los confiables bujes de Formula con nuestras llantas Stout sin gancho y de di\u00e1metro interno de 25 mil\u00edmetros para lograr un juego de ruedas resistente, liviano y duradero.<\/li>\n<li>ESPECIFICACIONES<br \/>\nCUADRO<br \/>\nSpecialized A1 premium butted alloy, zero-stack head tube, internal cable routing, 135x9mm forged dropouts, chainstay-mounted disc brake, replaceable alloy derailleur hanger, stealth rack mounts, dropper post compatible<br \/>\nABRAZ. SADDLE<br \/>\nAlloy, quick release, 34.9<br \/>\nSuspension<br \/>\nFORK<br \/>\nRockShox Judy, Solo Air, Turnkey damper, 46mm offset, QR, 80\/90\/100mm travel (size-specific), alloy steerer<br \/>\nBrakes<br \/>\nFRONT BRAKE<br \/>\nShimano BR-MT200, hydraulic disc, 180mm<br \/>\nREAR BRAKE<br \/>\nShimano BR-MT200, hydraulic disc, 180mm<br \/>\nDrivetrain<br \/>\nCHANGE<br \/>\nSRAM NX Eagle, 12-speed<br \/>\nSHIFT CONTROLS<br \/>\nSRAM SX Eagle, trigger, 12-speed<br \/>\nCASSETTE<br \/>\nSRAM PG-1210 Eagle, 11-50t<br \/>\nCHAIN<br \/>\nSRAM SX Eagle, 12-speed<br \/>\nBOTTOM BRACKET<br \/>\nStylo Cranks<br \/>\nBOTTOM BRACKET<br \/>\nSRAM Powerspline<br \/>\nWheels &amp; tires<br \/>\nTIRES<br \/>\nSpecialized Alloy, hookless, Tubeless ready, 25mm inner width<br \/>\nFRONT HUB<br \/>\nFormula DC-20, 6-Bolt, disc, 100x9mm spacing, quick-release<br \/>\nBUJE TRASERO<br \/>\nFormula DC-22, 6-Bolt freehub, disc, 135x9mm spacing, quick-release<br \/>\nRADIOS<br \/>\nStainless, 14g<br \/>\nNEUM\u00c1TICO DEL.<br \/>\nGround Control 2BR 27.5\/29X2.35<br \/>\nREAR TIRE<br \/>\nGround Control 2BR 27.5\/29X2.35<br \/>\nCAMERAS<br \/>\nStandard, Presta Valve<br \/>\nCockpit<br \/>\nPOWER<br \/>\n3D-forged alloy, 31.8mm, 7-degree rise<br \/>\nHANDLEBAR<br \/>\nAlloy Mini Rise, 9-degree backsweep, 15mm rise, 31.8mm<br \/>\nFISTS<br \/>\nSpecialized Trail Grips, lock-on<br \/>\nSADDLE<br \/>\nBridge Sport, Steel rails, 155\/143mm<br \/>\nSEATPOST<br \/>\nAlloy, 2-bolt clamp, 30.9mm<br \/>\nAccessories<br \/>\nPEDALS<br \/>\nSpecialized Body Geometry Fitness, Platform, Plastic<br \/>\nProduct details<br \/>\nDYNAMO<br \/>\n279941<br \/>\nWeight<br \/>\nWeight<br \/>\n13.12 kg (28 lb, 14.8 oz)<br \/>\nTalla<br \/>\nMD<\/li>\n<\/ul>\n","protected":false},"excerpt":{"rendered":"<p>La verdadera capacidad para dominar senderos no tiene por qu\u00e9 tener un precio intimidante, la Rockhopper Expert es la culminaci\u00f3n de 30 a\u00f1os de redefinici\u00f3n de la relaci\u00f3n entre valor y rendimiento.<\/p>\n<p>Comience con un cuadro de aluminio A1 Premium cuidadosamente dise\u00f1ado, agregue una geometr\u00eda moderna que se centra en la eficiencia y en la capacidad segura, y tendr\u00e1 la base s\u00f3lida como una roca de nuestra mejor Rockhopper hasta el momento.<\/p>\n","protected":false},"featured_media":397581,"comment_status":"open","ping_status":"closed","template":"","meta":{"_acf_changed":false,"_et_pb_use_builder":"","_et_pb_old_content":"","_et_gb_content_width":"","inline_featured_image":false},"product_brand":[],"product_cat":[5370,5371,5367,5366,4347,2449,358,2472,359],"product_tag":[],"class_list":{"0":"post-425864","1":"product","2":"type-product","3":"status-publish","4":"has-post-thumbnail","6":"product_cat-bicicletas-montana-29-en","7":"product_cat-bicicletas-montana-cross-country-xc-en","8":"product_cat-bicicletas-montana-specialized-en","9":"product_cat-descuentos-en","10":"product_cat-black-friday-2-en","11":"product_cat-bicycles","12":"product_cat-mountain","13":"product_cat-specialized-bikes","14":"product_cat-outlet-en","15":"product_shipping_class-bicicletas-en","17":"first","18":"instock","19":"sale","20":"taxable","21":"shipping-taxable","22":"purchasable","23":"product-type-variable","24":"wvs-archive-product-wrapper"},"acf":[],"yoast_head":"<!-- This site is optimized with the Yoast SEO Premium plugin v26.7 (Yoast SEO v26.7) - https:\/\/yoast.com\/wordpress\/plugins\/seo\/ -->\n<title>Specialized Rockhopper Expert 2025 GR-100<\/title>\n<meta name=\"description\" content=\"Cuadro de aluminio A1 Premium cuidadosamente dise\u00f1ado, agregue una geometr\u00eda moderna que se centra en la eficiencia y en la capacidad segura\" \/>\n<meta name=\"robots\" content=\"index, follow, max-snippet:-1, max-image-preview:large, max-video-preview:-1\" \/>\n<link rel=\"canonical\" href=\"https:\/\/gr-100.com\/en\/producto\/specialized-rockhopper-expert-2025\/\" \/>\n<meta property=\"og:locale\" content=\"en_US\" \/>\n<meta property=\"og:type\" content=\"article\" \/>\n<meta property=\"og:title\" content=\"Specialized Rockhopper Expert 2025\" \/>\n<meta property=\"og:description\" content=\"Cuadro de aluminio A1 Premium cuidadosamente dise\u00f1ado, agregue una geometr\u00eda moderna que se centra en la eficiencia y en la capacidad segura\" \/>\n<meta property=\"og:url\" content=\"https:\/\/gr-100.com\/en\/producto\/specialized-rockhopper-expert-2025\/\" \/>\n<meta property=\"og:site_name\" content=\"Gr-100 Tienda de ciclismo Specialized\" \/>\n<meta property=\"article:publisher\" content=\"https:\/\/www.facebook.com\/Gr100Bikes\" \/>\n<meta property=\"og:image\" content=\"https:\/\/gr-100.com\/wp-content\/uploads\/2024\/11\/Sin-titulo-2024-11-26T140835.360.jpeg\" \/>\n\t<meta property=\"og:image:width\" content=\"1000\" \/>\n\t<meta property=\"og:image:height\" content=\"1000\" \/>\n\t<meta property=\"og:image:type\" content=\"image\/jpeg\" \/>\n<meta name=\"twitter:card\" content=\"summary_large_image\" \/>\n<meta name=\"twitter:label1\" content=\"Est. reading time\" \/>\n\t<meta name=\"twitter:data1\" content=\"2 minutes\" \/>\n<script type=\"application\/ld+json\" class=\"yoast-schema-graph\">{\"@context\":\"https:\/\/schema.org\",\"@graph\":[{\"@type\":\"WebPage\",\"@id\":\"https:\/\/gr-100.com\/en\/producto\/specialized-rockhopper-expert-2025\/\",\"url\":\"https:\/\/gr-100.com\/en\/producto\/specialized-rockhopper-expert-2025\/\",\"name\":\"Specialized Rockhopper Expert 2025 GR-100\",\"isPartOf\":{\"@id\":\"https:\/\/gr-100.com\/#website\"},\"primaryImageOfPage\":{\"@id\":\"https:\/\/gr-100.com\/en\/producto\/specialized-rockhopper-expert-2025\/#primaryimage\"},\"image\":{\"@id\":\"https:\/\/gr-100.com\/en\/producto\/specialized-rockhopper-expert-2025\/#primaryimage\"},\"thumbnailUrl\":\"https:\/\/gr-100.com\/wp-content\/uploads\/2024\/11\/Sin-titulo-2024-11-26T140835.360.jpeg\",\"datePublished\":\"2024-11-27T10:33:21+00:00\",\"description\":\"Cuadro de aluminio A1 Premium cuidadosamente dise\u00f1ado, agregue una geometr\u00eda moderna que se centra en la eficiencia y en la capacidad segura\",\"breadcrumb\":{\"@id\":\"https:\/\/gr-100.com\/en\/producto\/specialized-rockhopper-expert-2025\/#breadcrumb\"},\"inLanguage\":\"en-US\",\"potentialAction\":[{\"@type\":\"ReadAction\",\"target\":[\"https:\/\/gr-100.com\/en\/producto\/specialized-rockhopper-expert-2025\/\"]}]},{\"@type\":\"ImageObject\",\"inLanguage\":\"en-US\",\"@id\":\"https:\/\/gr-100.com\/en\/producto\/specialized-rockhopper-expert-2025\/#primaryimage\",\"url\":\"https:\/\/gr-100.com\/wp-content\/uploads\/2024\/11\/Sin-titulo-2024-11-26T140835.360.jpeg\",\"contentUrl\":\"https:\/\/gr-100.com\/wp-content\/uploads\/2024\/11\/Sin-titulo-2024-11-26T140835.360.jpeg\",\"width\":1000,\"height\":1000},{\"@type\":\"BreadcrumbList\",\"@id\":\"https:\/\/gr-100.com\/en\/producto\/specialized-rockhopper-expert-2025\/#breadcrumb\",\"itemListElement\":[{\"@type\":\"ListItem\",\"position\":1,\"name\":\"Portada\",\"item\":\"https:\/\/gr-100.com\/pt-pt\/\"},{\"@type\":\"ListItem\",\"position\":2,\"name\":\"Productos\",\"item\":\"https:\/\/gr-100.com\/?post_type=product\"},{\"@type\":\"ListItem\",\"position\":3,\"name\":\"Specialized Rockhopper Expert 2025\"}]},{\"@type\":\"WebSite\",\"@id\":\"https:\/\/gr-100.com\/#website\",\"url\":\"https:\/\/gr-100.com\/\",\"name\":\"Gr-100 Tienda de ciclismo Specialized\",\"description\":\"GR-100 tenemos todas las gamas de bicicletas Specialized al mejor precio.\",\"publisher\":{\"@id\":\"https:\/\/gr-100.com\/#organization\"},\"alternateName\":\"Gr-100 Bikes\",\"potentialAction\":[{\"@type\":\"SearchAction\",\"target\":{\"@type\":\"EntryPoint\",\"urlTemplate\":\"https:\/\/gr-100.com\/?s={search_term_string}\"},\"query-input\":{\"@type\":\"PropertyValueSpecification\",\"valueRequired\":true,\"valueName\":\"search_term_string\"}}],\"inLanguage\":\"en-US\"},{\"@type\":\"Organization\",\"@id\":\"https:\/\/gr-100.com\/#organization\",\"name\":\"Gr-100\",\"url\":\"https:\/\/gr-100.com\/\",\"logo\":{\"@type\":\"ImageObject\",\"inLanguage\":\"en-US\",\"@id\":\"https:\/\/gr-100.com\/#\/schema\/logo\/image\/\",\"url\":\"https:\/\/gr-100.com\/wp-content\/uploads\/2023\/08\/logo-gr-100-bikes.png\",\"contentUrl\":\"https:\/\/gr-100.com\/wp-content\/uploads\/2023\/08\/logo-gr-100-bikes.png\",\"width\":707,\"height\":284,\"caption\":\"Gr-100\"},\"image\":{\"@id\":\"https:\/\/gr-100.com\/#\/schema\/logo\/image\/\"},\"sameAs\":[\"https:\/\/www.facebook.com\/Gr100Bikes\",\"https:\/\/www.instagram.com\/gr100bikes\/\",\"https:\/\/www.tiktok.com\/@gr100bikes\",\"https:\/\/twitter.com\/gr100mtbteam\",\"https:\/\/www.youtube.com\/c\/GR100Specialized\"]}]}<\/script>\n<!-- \/ Yoast SEO Premium plugin. -->","yoast_head_json":{"title":"Specialized Rockhopper Expert 2025 GR-100","description":"Cuadro de aluminio A1 Premium cuidadosamente dise\u00f1ado, agregue una geometr\u00eda moderna que se centra en la eficiencia y en la capacidad segura","robots":{"index":"index","follow":"follow","max-snippet":"max-snippet:-1","max-image-preview":"max-image-preview:large","max-video-preview":"max-video-preview:-1"},"canonical":"https:\/\/gr-100.com\/en\/producto\/specialized-rockhopper-expert-2025\/","og_locale":"en_US","og_type":"article","og_title":"Specialized Rockhopper Expert 2025","og_description":"Cuadro de aluminio A1 Premium cuidadosamente dise\u00f1ado, agregue una geometr\u00eda moderna que se centra en la eficiencia y en la capacidad segura","og_url":"https:\/\/gr-100.com\/en\/producto\/specialized-rockhopper-expert-2025\/","og_site_name":"Gr-100 Tienda de ciclismo Specialized","article_publisher":"https:\/\/www.facebook.com\/Gr100Bikes","og_image":[{"width":1000,"height":1000,"url":"https:\/\/gr-100.com\/wp-content\/uploads\/2024\/11\/Sin-titulo-2024-11-26T140835.360.jpeg","type":"image\/jpeg"}],"twitter_card":"summary_large_image","twitter_misc":{"Est. reading time":"2 minutes"},"schema":{"@context":"https:\/\/schema.org","@graph":[{"@type":"WebPage","@id":"https:\/\/gr-100.com\/en\/producto\/specialized-rockhopper-expert-2025\/","url":"https:\/\/gr-100.com\/en\/producto\/specialized-rockhopper-expert-2025\/","name":"Specialized Rockhopper Expert 2025 GR-100","isPartOf":{"@id":"https:\/\/gr-100.com\/#website"},"primaryImageOfPage":{"@id":"https:\/\/gr-100.com\/en\/producto\/specialized-rockhopper-expert-2025\/#primaryimage"},"image":{"@id":"https:\/\/gr-100.com\/en\/producto\/specialized-rockhopper-expert-2025\/#primaryimage"},"thumbnailUrl":"https:\/\/gr-100.com\/wp-content\/uploads\/2024\/11\/Sin-titulo-2024-11-26T140835.360.jpeg","datePublished":"2024-11-27T10:33:21+00:00","description":"Cuadro de aluminio A1 Premium cuidadosamente dise\u00f1ado, agregue una geometr\u00eda moderna que se centra en la eficiencia y en la capacidad segura","breadcrumb":{"@id":"https:\/\/gr-100.com\/en\/producto\/specialized-rockhopper-expert-2025\/#breadcrumb"},"inLanguage":"en-US","potentialAction":[{"@type":"ReadAction","target":["https:\/\/gr-100.com\/en\/producto\/specialized-rockhopper-expert-2025\/"]}]},{"@type":"ImageObject","inLanguage":"en-US","@id":"https:\/\/gr-100.com\/en\/producto\/specialized-rockhopper-expert-2025\/#primaryimage","url":"https:\/\/gr-100.com\/wp-content\/uploads\/2024\/11\/Sin-titulo-2024-11-26T140835.360.jpeg","contentUrl":"https:\/\/gr-100.com\/wp-content\/uploads\/2024\/11\/Sin-titulo-2024-11-26T140835.360.jpeg","width":1000,"height":1000},{"@type":"BreadcrumbList","@id":"https:\/\/gr-100.com\/en\/producto\/specialized-rockhopper-expert-2025\/#breadcrumb","itemListElement":[{"@type":"ListItem","position":1,"name":"Portada","item":"https:\/\/gr-100.com\/pt-pt\/"},{"@type":"ListItem","position":2,"name":"Productos","item":"https:\/\/gr-100.com\/?post_type=product"},{"@type":"ListItem","position":3,"name":"Specialized Rockhopper Expert 2025"}]},{"@type":"WebSite","@id":"https:\/\/gr-100.com\/#website","url":"https:\/\/gr-100.com\/","name":"Gr-100 Tienda de ciclismo Specialized","description":"GR-100 tenemos todas las gamas de bicicletas Specialized al mejor precio.","publisher":{"@id":"https:\/\/gr-100.com\/#organization"},"alternateName":"Gr-100 Bikes","potentialAction":[{"@type":"SearchAction","target":{"@type":"EntryPoint","urlTemplate":"https:\/\/gr-100.com\/?s={search_term_string}"},"query-input":{"@type":"PropertyValueSpecification","valueRequired":true,"valueName":"search_term_string"}}],"inLanguage":"en-US"},{"@type":"Organization","@id":"https:\/\/gr-100.com\/#organization","name":"Gr-100","url":"https:\/\/gr-100.com\/","logo":{"@type":"ImageObject","inLanguage":"en-US","@id":"https:\/\/gr-100.com\/#\/schema\/logo\/image\/","url":"https:\/\/gr-100.com\/wp-content\/uploads\/2023\/08\/logo-gr-100-bikes.png","contentUrl":"https:\/\/gr-100.com\/wp-content\/uploads\/2023\/08\/logo-gr-100-bikes.png","width":707,"height":284,"caption":"Gr-100"},"image":{"@id":"https:\/\/gr-100.com\/#\/schema\/logo\/image\/"},"sameAs":["https:\/\/www.facebook.com\/Gr100Bikes","https:\/\/www.instagram.com\/gr100bikes\/","https:\/\/www.tiktok.com\/@gr100bikes","https:\/\/twitter.com\/gr100mtbteam","https:\/\/www.youtube.com\/c\/GR100Specialized"]}]}},"_links":{"self":[{"href":"https:\/\/gr-100.com\/en\/wp-json\/wp\/v2\/product\/425864","targetHints":{"allow":["GET"]}}],"collection":[{"href":"https:\/\/gr-100.com\/en\/wp-json\/wp\/v2\/product"}],"about":[{"href":"https:\/\/gr-100.com\/en\/wp-json\/wp\/v2\/types\/product"}],"replies":[{"embeddable":true,"href":"https:\/\/gr-100.com\/en\/wp-json\/wp\/v2\/comments?post=425864"}],"wp:featuredmedia":[{"embeddable":true,"href":"https:\/\/gr-100.com\/en\/wp-json\/wp\/v2\/media\/397581"}],"wp:attachment":[{"href":"https:\/\/gr-100.com\/en\/wp-json\/wp\/v2\/media?parent=425864"}],"wp:term":[{"taxonomy":"product_brand","embeddable":true,"href":"https:\/\/gr-100.com\/en\/wp-json\/wp\/v2\/product_brand?post=425864"},{"taxonomy":"product_cat","embeddable":true,"href":"https:\/\/gr-100.com\/en\/wp-json\/wp\/v2\/product_cat?post=425864"},{"taxonomy":"product_tag","embeddable":true,"href":"https:\/\/gr-100.com\/en\/wp-json\/wp\/v2\/product_tag?post=425864"}],"curies":[{"name":"wp","href":"https:\/\/api.w.org\/{rel}","templated":true}]}}