{"id":425911,"date":"2024-11-26T12:31:33","date_gmt":"2024-11-26T11:31:33","guid":{"rendered":"https:\/\/gr-100.com\/producto\/specialized-rockhopper-expert-kh-2024\/"},"modified":"2024-11-26T12:31:33","modified_gmt":"2024-11-26T10:31:33","slug":"specialized-rockhopper-expert-kh-2024","status":"publish","type":"product","link":"https:\/\/gr-100.com\/en\/producto\/specialized-rockhopper-expert-kh-2024\/","title":{"rendered":"Specialized Rockhopper Expert KH 2024"},"content":{"rendered":"<ul>\n<li>\u2022 Un coraz\u00f3n de oro, presentado en nuestro aluminio Premium A1, ligero pero duradero, el cuadro de aluminio conificado de la Rockhopper cuenta con tubos superiores y diagonales hidroformados para mantener el peso bajo y la resistencia alta, al mismo tiempo que proporciona mayor espacio libre de soporte, enrutamiento interno de cables elegante y compatibilidad con tijas telesc\u00f3picas.<br \/>\n&#8211; To ensure that the Rockhopper offers the best fit and performance for everyone, no matter what size, we&#8217;ve matched each Rockhopper frame size with the optimal wheel size. The result is a Rockhopper that fits every rider and the assurance that every Rockhopper rides on the best handling wheel for its frame size.<br \/>\n&#8211; Beautifully beastly, Tektro hydraulic disc brakes have great bite but deliver their power with a refined, intuitive feel to create a package that far exceeds their price category.<br \/>\n&#8211; Simplify things with a durable Shimano 1x drivetrain with wide range and a clutch-equipped rear derailleur that keeps your ride quiet and your chain always in place.<br \/>\n\u2022 Combine los bujes totalmente confiables de Formula con nuestras llantas Stout sin gancho de 25 mil\u00edmetros de di\u00e1metro interno para lograr un triplete de juego de ruedas resistente, liviano y duradero.<\/li>\n<li>ESPECIFICACIONES<br \/>\nTransmisi\u00f3n<br \/>\nCADENA<br \/>\nShimano CN-LG500, W\/QUICK-LINK<br \/>\nMANDOS DE CAMBIO<br \/>\nShimano Deore M5100, 11-speed<br \/>\nCAMBIO<br \/>\nShimano Deore M5100, SGS, 11-speed<br \/>\nCASETE<br \/>\nShimano Deore, 11spd, 11-51t<br \/>\nCAJA PEDALIER<br \/>\nSquare-tapered, 73mm, internal bearings, 122.5mm shaft<br \/>\nPEDALIER<br \/>\nStout 1x, forged aluminum<br \/>\nCuadro<br \/>\nABRAZ. SADDLE<br \/>\nAleaci\u00f3n, cierre r\u00e1pido, 34,9<br \/>\nPICTURE<br \/>\nAleaci\u00f3n Specialized A1 premium conificada, tubo de direcci\u00f3n zero-stack, cableado interno, punteras forjadas de 135&#215;9 mm, freno de disco montado en la vaina, patilla de cambio de aleaci\u00f3n reemplazable, soportes para portabultos Stealth, compatible con tija telesc\u00f3pica<br \/>\nSuspension<br \/>\nFORK<br \/>\nRockShox Judy, Solo Air, amortiguador Turnkey, avance de 46 mm, cierre r\u00e1pido, recorrido de 80\/90\/100 mm (espec\u00edfico para la talla), tubo de direcci\u00f3n de aleaci\u00f3n<br \/>\nBrakes<br \/>\nFRONT BRAKE<br \/>\nShimano BR-MT200, disco hidr\u00e1ulico, 160,180 mm<br \/>\nFRENO TRASERO<br \/>\nShimano BR-MT200, disco hidr\u00e1ulico, 160 mm<br \/>\nRuedas y cubiertas<br \/>\nNEUM\u00c1TICO DEL.<br \/>\nGround Control 2BR, 650B\/29&#215;2.35, T5<br \/>\nREAR TIRE<br \/>\nGround Control 2BR, 650B\/29&#215;2.35, T5<br \/>\nFRONT HUB<br \/>\nFormula DC-20, 6-Bolt, disco, espaciado 100x9mm, liberaci\u00f3n r\u00e1pida<br \/>\nREAR HUB<br \/>\nFormula DC-22, 6-Bolt freehub, disco, espaciado 135x9mm, liberaci\u00f3n r\u00e1pida<br \/>\nCAMERAS<br \/>\n40mm PV 650B\/29&#215;1.75-2.4<br \/>\nTIRES<br \/>\nSpecialized Alloy, hookless, Tubeless ready, 25mm inner width<br \/>\nRADIOS<br \/>\nStainless, 14g<br \/>\nCockpit<br \/>\nSEATPOST<br \/>\nAlloy, 2-bolt clamp, 30.9mm<br \/>\nSADDLE<br \/>\nBridge Sport, Steel rails, 155\/143 mm<br \/>\nFISTS<br \/>\nPu\u00f1os Specialized Trail, con bloqueo<br \/>\nHANDLEBAR<br \/>\nStout Mini Rise, aleaci\u00f3n, retroceso de 9 grados, elevaci\u00f3n de 15 mm, 31,8 mm<br \/>\nPOWER<br \/>\nStout 3D-forged Alloy, 31,8 mm, elevaci\u00f3n de 6 grados<br \/>\nAccessories<br \/>\nPEDALS<br \/>\nPedales planos SBC-54<br \/>\nWeight<br \/>\nDYNAMO<br \/>\n12,67 kg (27 lb, 14,9 oz)<\/li>\n<\/ul>\n","protected":false},"excerpt":{"rendered":"<p>Comience con un cuadro de Aluminio Premium A1 minuciosamente dise\u00f1ado, agregue una geometr\u00eda moderna que pone un ojo en la eficiencia y el otro en la capacidad segura, y tendr\u00e1 la base s\u00f3lida de nuestra mejor Rockhopper hasta el momento.<br \/>\nCombine eso con una lista de componentes que simplemente no la abandonan (\u00bfpodemos recibir un reconocimiento para la horquilla Judy SoloAir de RockShox y los frenos de disco hidr\u00e1ulicos MT-200 siempre dispuestos de Shimano?), y tiene unas llantas tubeless-ready. Una Rockhopper equipada con el grupo Shimano Deore M5100 1&#215;11, absolutamente preparada para volar. <\/p>\n","protected":false},"featured_media":397515,"comment_status":"open","ping_status":"closed","template":"","meta":{"_acf_changed":false,"_et_pb_use_builder":"","_et_pb_old_content":"","_et_gb_content_width":"","inline_featured_image":false},"product_brand":[],"product_cat":[5370,5371,5367,5366,4347,2449,358,2472,359],"product_tag":[],"class_list":{"0":"post-425911","1":"product","2":"type-product","3":"status-publish","4":"has-post-thumbnail","6":"product_cat-bicicletas-montana-29-en","7":"product_cat-bicicletas-montana-cross-country-xc-en","8":"product_cat-bicicletas-montana-specialized-en","9":"product_cat-descuentos-en","10":"product_cat-black-friday-2-en","11":"product_cat-bicycles","12":"product_cat-mountain","13":"product_cat-specialized-bikes","14":"product_cat-outlet-en","15":"product_shipping_class-bicicletas-en","17":"first","18":"instock","19":"sale","20":"taxable","21":"shipping-taxable","22":"purchasable","23":"product-type-variable","24":"wvs-archive-product-wrapper"},"acf":[],"yoast_head":"<!-- This site is optimized with the Yoast SEO Premium plugin v26.7 (Yoast SEO v26.7) - https:\/\/yoast.com\/wordpress\/plugins\/seo\/ -->\n<title>Specialized Rockhopper Expert KH 2024 GR-100<\/title>\n<meta name=\"description\" content=\"Comience con un cuadro de Aluminio Premium A1 minuciosamente dise\u00f1ado, agregue una geometr\u00eda moderna que pone un ojo en la eficiencia y el otro en la capacidad segura, y tendr\u00e1 la base s\u00f3lida de nuestra mejor Rockhopper hasta el momento.Combine eso con una lista de componentes que simplemente no la abandonan (\u00bfpodemos recibir un reconocimiento para la horquilla Judy SoloAir de RockShox y los frenos de disco hidr\u00e1ulicos MT-200 siempre dispuestos de Shimano?), y tiene unas llantas tubeless-ready. Una Rockhopper equipada con el grupo Shimano Deore M5100 1x11, absolutamente preparada para volar.\" \/>\n<meta name=\"robots\" content=\"index, follow, max-snippet:-1, max-image-preview:large, max-video-preview:-1\" \/>\n<link rel=\"canonical\" href=\"https:\/\/gr-100.com\/en\/producto\/specialized-rockhopper-expert-kh-2024\/\" \/>\n<meta property=\"og:locale\" content=\"en_US\" \/>\n<meta property=\"og:type\" content=\"article\" \/>\n<meta property=\"og:title\" content=\"Specialized Rockhopper Expert KH 2024\" \/>\n<meta property=\"og:description\" content=\"Comience con un cuadro de Aluminio Premium A1 minuciosamente dise\u00f1ado, agregue una geometr\u00eda moderna que pone un ojo en la eficiencia y el otro en la capacidad segura, y tendr\u00e1 la base s\u00f3lida de nuestra mejor Rockhopper hasta el momento.Combine eso con una lista de componentes que simplemente no la abandonan (\u00bfpodemos recibir un reconocimiento para la horquilla Judy SoloAir de RockShox y los frenos de disco hidr\u00e1ulicos MT-200 siempre dispuestos de Shimano?), y tiene unas llantas tubeless-ready. Una Rockhopper equipada con el grupo Shimano Deore M5100 1x11, absolutamente preparada para volar.\" \/>\n<meta property=\"og:url\" content=\"https:\/\/gr-100.com\/en\/producto\/specialized-rockhopper-expert-kh-2024\/\" \/>\n<meta property=\"og:site_name\" content=\"Gr-100 Tienda de ciclismo Specialized\" \/>\n<meta property=\"article:publisher\" content=\"https:\/\/www.facebook.com\/Gr100Bikes\" \/>\n<meta property=\"og:image\" content=\"https:\/\/gr-100.com\/wp-content\/uploads\/2024\/11\/Sin-titulo-2024-11-26T125024.245.jpeg\" \/>\n\t<meta property=\"og:image:width\" content=\"1000\" \/>\n\t<meta property=\"og:image:height\" content=\"1000\" \/>\n\t<meta property=\"og:image:type\" content=\"image\/jpeg\" \/>\n<meta name=\"twitter:card\" content=\"summary_large_image\" \/>\n<meta name=\"twitter:label1\" content=\"Est. reading time\" \/>\n\t<meta name=\"twitter:data1\" content=\"2 minutes\" \/>\n<script type=\"application\/ld+json\" class=\"yoast-schema-graph\">{\"@context\":\"https:\/\/schema.org\",\"@graph\":[{\"@type\":\"WebPage\",\"@id\":\"https:\/\/gr-100.com\/en\/producto\/specialized-rockhopper-expert-kh-2024\/\",\"url\":\"https:\/\/gr-100.com\/en\/producto\/specialized-rockhopper-expert-kh-2024\/\",\"name\":\"Specialized Rockhopper Expert KH 2024 GR-100\",\"isPartOf\":{\"@id\":\"https:\/\/gr-100.com\/#website\"},\"primaryImageOfPage\":{\"@id\":\"https:\/\/gr-100.com\/en\/producto\/specialized-rockhopper-expert-kh-2024\/#primaryimage\"},\"image\":{\"@id\":\"https:\/\/gr-100.com\/en\/producto\/specialized-rockhopper-expert-kh-2024\/#primaryimage\"},\"thumbnailUrl\":\"https:\/\/gr-100.com\/wp-content\/uploads\/2024\/11\/Sin-titulo-2024-11-26T125024.245.jpeg\",\"datePublished\":\"2024-11-26T11:31:33+00:00\",\"description\":\"Comience con un cuadro de Aluminio Premium A1 minuciosamente dise\u00f1ado, agregue una geometr\u00eda moderna que pone un ojo en la eficiencia y el otro en la capacidad segura, y tendr\u00e1 la base s\u00f3lida de nuestra mejor Rockhopper hasta el momento.Combine eso con una lista de componentes que simplemente no la abandonan (\u00bfpodemos recibir un reconocimiento para la horquilla Judy SoloAir de RockShox y los frenos de disco hidr\u00e1ulicos MT-200 siempre dispuestos de Shimano?), y tiene unas llantas tubeless-ready. Una Rockhopper equipada con el grupo Shimano Deore M5100 1x11, absolutamente preparada para volar.\",\"breadcrumb\":{\"@id\":\"https:\/\/gr-100.com\/en\/producto\/specialized-rockhopper-expert-kh-2024\/#breadcrumb\"},\"inLanguage\":\"en-US\",\"potentialAction\":[{\"@type\":\"ReadAction\",\"target\":[\"https:\/\/gr-100.com\/en\/producto\/specialized-rockhopper-expert-kh-2024\/\"]}]},{\"@type\":\"ImageObject\",\"inLanguage\":\"en-US\",\"@id\":\"https:\/\/gr-100.com\/en\/producto\/specialized-rockhopper-expert-kh-2024\/#primaryimage\",\"url\":\"https:\/\/gr-100.com\/wp-content\/uploads\/2024\/11\/Sin-titulo-2024-11-26T125024.245.jpeg\",\"contentUrl\":\"https:\/\/gr-100.com\/wp-content\/uploads\/2024\/11\/Sin-titulo-2024-11-26T125024.245.jpeg\",\"width\":1000,\"height\":1000},{\"@type\":\"BreadcrumbList\",\"@id\":\"https:\/\/gr-100.com\/en\/producto\/specialized-rockhopper-expert-kh-2024\/#breadcrumb\",\"itemListElement\":[{\"@type\":\"ListItem\",\"position\":1,\"name\":\"Portada\",\"item\":\"https:\/\/gr-100.com\/pt-pt\/\"},{\"@type\":\"ListItem\",\"position\":2,\"name\":\"Productos\",\"item\":\"https:\/\/gr-100.com\/?post_type=product\"},{\"@type\":\"ListItem\",\"position\":3,\"name\":\"Specialized Rockhopper Expert KH 2024\"}]},{\"@type\":\"WebSite\",\"@id\":\"https:\/\/gr-100.com\/#website\",\"url\":\"https:\/\/gr-100.com\/\",\"name\":\"Gr-100 Tienda de ciclismo Specialized\",\"description\":\"GR-100 tenemos todas las gamas de bicicletas Specialized al mejor precio.\",\"publisher\":{\"@id\":\"https:\/\/gr-100.com\/#organization\"},\"alternateName\":\"Gr-100 Bikes\",\"potentialAction\":[{\"@type\":\"SearchAction\",\"target\":{\"@type\":\"EntryPoint\",\"urlTemplate\":\"https:\/\/gr-100.com\/?s={search_term_string}\"},\"query-input\":{\"@type\":\"PropertyValueSpecification\",\"valueRequired\":true,\"valueName\":\"search_term_string\"}}],\"inLanguage\":\"en-US\"},{\"@type\":\"Organization\",\"@id\":\"https:\/\/gr-100.com\/#organization\",\"name\":\"Gr-100\",\"url\":\"https:\/\/gr-100.com\/\",\"logo\":{\"@type\":\"ImageObject\",\"inLanguage\":\"en-US\",\"@id\":\"https:\/\/gr-100.com\/#\/schema\/logo\/image\/\",\"url\":\"https:\/\/gr-100.com\/wp-content\/uploads\/2023\/08\/logo-gr-100-bikes.png\",\"contentUrl\":\"https:\/\/gr-100.com\/wp-content\/uploads\/2023\/08\/logo-gr-100-bikes.png\",\"width\":707,\"height\":284,\"caption\":\"Gr-100\"},\"image\":{\"@id\":\"https:\/\/gr-100.com\/#\/schema\/logo\/image\/\"},\"sameAs\":[\"https:\/\/www.facebook.com\/Gr100Bikes\",\"https:\/\/www.instagram.com\/gr100bikes\/\",\"https:\/\/www.tiktok.com\/@gr100bikes\",\"https:\/\/twitter.com\/gr100mtbteam\",\"https:\/\/www.youtube.com\/c\/GR100Specialized\"]}]}<\/script>\n<!-- \/ Yoast SEO Premium plugin. -->","yoast_head_json":{"title":"Specialized Rockhopper Expert KH 2024 GR-100","description":"Comience con un cuadro de Aluminio Premium A1 minuciosamente dise\u00f1ado, agregue una geometr\u00eda moderna que pone un ojo en la eficiencia y el otro en la capacidad segura, y tendr\u00e1 la base s\u00f3lida de nuestra mejor Rockhopper hasta el momento.Combine eso con una lista de componentes que simplemente no la abandonan (\u00bfpodemos recibir un reconocimiento para la horquilla Judy SoloAir de RockShox y los frenos de disco hidr\u00e1ulicos MT-200 siempre dispuestos de Shimano?), y tiene unas llantas tubeless-ready. Una Rockhopper equipada con el grupo Shimano Deore M5100 1x11, absolutamente preparada para volar.","robots":{"index":"index","follow":"follow","max-snippet":"max-snippet:-1","max-image-preview":"max-image-preview:large","max-video-preview":"max-video-preview:-1"},"canonical":"https:\/\/gr-100.com\/en\/producto\/specialized-rockhopper-expert-kh-2024\/","og_locale":"en_US","og_type":"article","og_title":"Specialized Rockhopper Expert KH 2024","og_description":"Comience con un cuadro de Aluminio Premium A1 minuciosamente dise\u00f1ado, agregue una geometr\u00eda moderna que pone un ojo en la eficiencia y el otro en la capacidad segura, y tendr\u00e1 la base s\u00f3lida de nuestra mejor Rockhopper hasta el momento.Combine eso con una lista de componentes que simplemente no la abandonan (\u00bfpodemos recibir un reconocimiento para la horquilla Judy SoloAir de RockShox y los frenos de disco hidr\u00e1ulicos MT-200 siempre dispuestos de Shimano?), y tiene unas llantas tubeless-ready. Una Rockhopper equipada con el grupo Shimano Deore M5100 1x11, absolutamente preparada para volar.","og_url":"https:\/\/gr-100.com\/en\/producto\/specialized-rockhopper-expert-kh-2024\/","og_site_name":"Gr-100 Tienda de ciclismo Specialized","article_publisher":"https:\/\/www.facebook.com\/Gr100Bikes","og_image":[{"width":1000,"height":1000,"url":"https:\/\/gr-100.com\/wp-content\/uploads\/2024\/11\/Sin-titulo-2024-11-26T125024.245.jpeg","type":"image\/jpeg"}],"twitter_card":"summary_large_image","twitter_misc":{"Est. reading time":"2 minutes"},"schema":{"@context":"https:\/\/schema.org","@graph":[{"@type":"WebPage","@id":"https:\/\/gr-100.com\/en\/producto\/specialized-rockhopper-expert-kh-2024\/","url":"https:\/\/gr-100.com\/en\/producto\/specialized-rockhopper-expert-kh-2024\/","name":"Specialized Rockhopper Expert KH 2024 GR-100","isPartOf":{"@id":"https:\/\/gr-100.com\/#website"},"primaryImageOfPage":{"@id":"https:\/\/gr-100.com\/en\/producto\/specialized-rockhopper-expert-kh-2024\/#primaryimage"},"image":{"@id":"https:\/\/gr-100.com\/en\/producto\/specialized-rockhopper-expert-kh-2024\/#primaryimage"},"thumbnailUrl":"https:\/\/gr-100.com\/wp-content\/uploads\/2024\/11\/Sin-titulo-2024-11-26T125024.245.jpeg","datePublished":"2024-11-26T11:31:33+00:00","description":"Comience con un cuadro de Aluminio Premium A1 minuciosamente dise\u00f1ado, agregue una geometr\u00eda moderna que pone un ojo en la eficiencia y el otro en la capacidad segura, y tendr\u00e1 la base s\u00f3lida de nuestra mejor Rockhopper hasta el momento.Combine eso con una lista de componentes que simplemente no la abandonan (\u00bfpodemos recibir un reconocimiento para la horquilla Judy SoloAir de RockShox y los frenos de disco hidr\u00e1ulicos MT-200 siempre dispuestos de Shimano?), y tiene unas llantas tubeless-ready. Una Rockhopper equipada con el grupo Shimano Deore M5100 1x11, absolutamente preparada para volar.","breadcrumb":{"@id":"https:\/\/gr-100.com\/en\/producto\/specialized-rockhopper-expert-kh-2024\/#breadcrumb"},"inLanguage":"en-US","potentialAction":[{"@type":"ReadAction","target":["https:\/\/gr-100.com\/en\/producto\/specialized-rockhopper-expert-kh-2024\/"]}]},{"@type":"ImageObject","inLanguage":"en-US","@id":"https:\/\/gr-100.com\/en\/producto\/specialized-rockhopper-expert-kh-2024\/#primaryimage","url":"https:\/\/gr-100.com\/wp-content\/uploads\/2024\/11\/Sin-titulo-2024-11-26T125024.245.jpeg","contentUrl":"https:\/\/gr-100.com\/wp-content\/uploads\/2024\/11\/Sin-titulo-2024-11-26T125024.245.jpeg","width":1000,"height":1000},{"@type":"BreadcrumbList","@id":"https:\/\/gr-100.com\/en\/producto\/specialized-rockhopper-expert-kh-2024\/#breadcrumb","itemListElement":[{"@type":"ListItem","position":1,"name":"Portada","item":"https:\/\/gr-100.com\/pt-pt\/"},{"@type":"ListItem","position":2,"name":"Productos","item":"https:\/\/gr-100.com\/?post_type=product"},{"@type":"ListItem","position":3,"name":"Specialized Rockhopper Expert KH 2024"}]},{"@type":"WebSite","@id":"https:\/\/gr-100.com\/#website","url":"https:\/\/gr-100.com\/","name":"Gr-100 Tienda de ciclismo Specialized","description":"GR-100 tenemos todas las gamas de bicicletas Specialized al mejor precio.","publisher":{"@id":"https:\/\/gr-100.com\/#organization"},"alternateName":"Gr-100 Bikes","potentialAction":[{"@type":"SearchAction","target":{"@type":"EntryPoint","urlTemplate":"https:\/\/gr-100.com\/?s={search_term_string}"},"query-input":{"@type":"PropertyValueSpecification","valueRequired":true,"valueName":"search_term_string"}}],"inLanguage":"en-US"},{"@type":"Organization","@id":"https:\/\/gr-100.com\/#organization","name":"Gr-100","url":"https:\/\/gr-100.com\/","logo":{"@type":"ImageObject","inLanguage":"en-US","@id":"https:\/\/gr-100.com\/#\/schema\/logo\/image\/","url":"https:\/\/gr-100.com\/wp-content\/uploads\/2023\/08\/logo-gr-100-bikes.png","contentUrl":"https:\/\/gr-100.com\/wp-content\/uploads\/2023\/08\/logo-gr-100-bikes.png","width":707,"height":284,"caption":"Gr-100"},"image":{"@id":"https:\/\/gr-100.com\/#\/schema\/logo\/image\/"},"sameAs":["https:\/\/www.facebook.com\/Gr100Bikes","https:\/\/www.instagram.com\/gr100bikes\/","https:\/\/www.tiktok.com\/@gr100bikes","https:\/\/twitter.com\/gr100mtbteam","https:\/\/www.youtube.com\/c\/GR100Specialized"]}]}},"_links":{"self":[{"href":"https:\/\/gr-100.com\/en\/wp-json\/wp\/v2\/product\/425911","targetHints":{"allow":["GET"]}}],"collection":[{"href":"https:\/\/gr-100.com\/en\/wp-json\/wp\/v2\/product"}],"about":[{"href":"https:\/\/gr-100.com\/en\/wp-json\/wp\/v2\/types\/product"}],"replies":[{"embeddable":true,"href":"https:\/\/gr-100.com\/en\/wp-json\/wp\/v2\/comments?post=425911"}],"wp:featuredmedia":[{"embeddable":true,"href":"https:\/\/gr-100.com\/en\/wp-json\/wp\/v2\/media\/397515"}],"wp:attachment":[{"href":"https:\/\/gr-100.com\/en\/wp-json\/wp\/v2\/media?parent=425911"}],"wp:term":[{"taxonomy":"product_brand","embeddable":true,"href":"https:\/\/gr-100.com\/en\/wp-json\/wp\/v2\/product_brand?post=425911"},{"taxonomy":"product_cat","embeddable":true,"href":"https:\/\/gr-100.com\/en\/wp-json\/wp\/v2\/product_cat?post=425911"},{"taxonomy":"product_tag","embeddable":true,"href":"https:\/\/gr-100.com\/en\/wp-json\/wp\/v2\/product_tag?post=425911"}],"curies":[{"name":"wp","href":"https:\/\/api.w.org\/{rel}","templated":true}]}}