{"id":425943,"date":"2024-11-26T11:34:48","date_gmt":"2024-11-26T10:34:48","guid":{"rendered":"https:\/\/gr-100.com\/producto\/specialized-rockhopper-comp-vn-2025\/"},"modified":"2024-11-26T11:34:48","modified_gmt":"2024-11-26T09:34:48","slug":"specialized-rockhopper-comp-vn-2025","status":"publish","type":"product","link":"https:\/\/gr-100.com\/en\/producto\/specialized-rockhopper-comp-vn-2025\/","title":{"rendered":"Specialized Rockhopper Comp VN 2025"},"content":{"rendered":"<ul>\n<li>Aluminio Premium A1, el marco de aluminio del Rockhopper presenta tubos superiores e inferiores hidroformados para mantener el peso bajo y la resistencia alta, todo mientras proporciona mayor espacio de paso, enrutamiento interno de cables limpio y compatibilidad con postes de descenso.<\/li>\n<li>To ensure that the Rockhopper offers both the best fit and the best performance for every person, no matter their size, we&#8217;ve matched each Rockhopper frame size with the optimal wheel size. The result is a Rockhopper that fits every rider and the certainty that every Rockhopper rolls with the best handling for its frame size. <\/li>\n<li>Beautifully beastly, the Shimano BR-MT200 hydraulic disc brakes offer fierce bite but deliver their power with a refined, intuitive feel, creating a package that outperforms its class.<\/li>\n<li>Keep things simple with a durable Shimano 1x drivetrain with plenty of range and a clutch-equipped rear derailleur that keeps your ride quiet, and your chain in place.<\/li>\n<li>Combine trusted Formula hubs with our Specialized 25-millimeter inner diameter hookless alloy hoops for a strong, lightweight and durable wheelset.<\/li>\n<li>SPECIFICATIONS<br \/>\nFrame<br \/>\nFRAME<br \/>\nSpecialized A1 premium coned alloy, zero-stack head tube, internal cable routing, 135 x 9 mm forged dropouts, chainstay-mounted disc brake, replaceable alloy derailleur hanger, Stealth luggage rack mounts,<br \/>\nABRAZ telescopic seatpost compatible. SADDLE<br \/>\nAleaci\u00f3n, cierre r\u00e1pido, 34,9<br \/>\nSuspension<br \/>\nFORK<br \/>\nRockShox Judy, Solo Air, Turnkey shock, 46 mm advance, quick release, 80\/90\/100 mm travel (size specific), steel steerer tube<br \/>\nBrakes<br \/>\nFRONT BRAKE<br \/>\nShimano BR-MT200, hydraulic disc, 180 mm<br \/>\nREAR BRAKE<br \/>\nShimano BR-MT200, hydraulic disc, 180 mm<br \/>\nTransmission<br \/>\nCHANGE<br \/>\nShimano Deore, RD-M5120, 10-speed<br \/>\nSHIFT CONTROLS<br \/>\nShimano Deore, RapidFire Plus, 10-speed<br \/>\nBOOTH<br \/>\nSunrace, 11-46t, 10 speed<br \/>\nCHAIN<br \/>\nKMC, X10, EPT anti-corrosion coating, 10-speed with Missing Link\u2122.<br \/>\nBOTTOM BRACKET<br \/>\nStout 1x, forged alloy<br \/>\nBOTTOM BRACKET<br \/>\nSquare cone, 73 mm, inboard bearings, 122.5 mm shaft<br \/>\nWheels and tires<br \/>\nTIRES<br \/>\nSpecialized Alloy, hookless, Tubeless ready, 25 mm inside width<br \/>\nFRONT HUB<br \/>\nFormula DC-20, 6 screws, disc, 100 x 9 mm spacing, quick release<br \/>\nREAR HUB<br \/>\nFormula DC-22, 6-bolt freewheel hub, disc, 135 x 9 mm spacing, quick-release<br \/>\nRADIOS<br \/>\nStainless, 14 g<br \/>\nDEL.<br \/>\nFAST TRAK SPORT, 650B\/29&#215;2.35<br \/>\nREAR TIRE<br \/>\nFAST TRAK SPORT, 650B\/29&#215;2.35<br \/>\nCAMERAS<br \/>\nStandard 40mm PV 650B\/29&#215;1.75-2.4<br \/>\nCockpit<br \/>\nPOWER<br \/>\n3D-forged aluminum, 31.8mm, 7-degree rise<br \/>\nHANDLEBAR<br \/>\nAlloy Mini Rise, 9-degree backsweep, 15mm rise, 31.8mm<br \/>\nFISTS<br \/>\nSpecialized Trail Grips, lock-on<br \/>\nSADDLE<br \/>\nBridge Sport, Steel rails, 155\/143mm<br \/>\nSEATPOST<br \/>\nAlloy, 2-bolt clamp, 30.9mm<br \/>\nAccessories<br \/>\nPEDALS<br \/>\nPLATFORM PEDAL,VP,SBC-54,PP (POLYPROPYLENE) BODY, BEARING BUSHING, 10B21, 9\/16 INCH SPINDLE<\/li>\n<\/ul>\n","protected":false},"excerpt":{"rendered":"<p>Rockhopper Comp lives for intense action and fast-paced plot twists. It features a premium A1 aluminum frame that makes its debut on singletrack. <\/p>\n<p>Roll credits to reveal a RockShox Judy, a Specialized alloy wheelset, Shimano BR-MT200 hydraulic brakes and Shimano&#8217;s wide-range 1&#215;10 drivetrain groupset. You&#8217;ve got backup provided by a supporting cast that&#8217;s all thriller and no filler, but will never leave you hanging. <\/p>\n","protected":false},"featured_media":397476,"comment_status":"open","ping_status":"closed","template":"","meta":{"_acf_changed":false,"_et_pb_use_builder":"","_et_pb_old_content":"","_et_gb_content_width":"","inline_featured_image":false},"product_brand":[],"product_cat":[5370,5371,5367,5366,4347,2449,358,2472],"product_tag":[],"class_list":{"0":"post-425943","1":"product","2":"type-product","3":"status-publish","4":"has-post-thumbnail","6":"product_cat-bicicletas-montana-29-en","7":"product_cat-bicicletas-montana-cross-country-xc-en","8":"product_cat-bicicletas-montana-specialized-en","9":"product_cat-descuentos-en","10":"product_cat-black-friday-2-en","11":"product_cat-bicycles","12":"product_cat-mountain","13":"product_cat-specialized-bikes","14":"product_shipping_class-bicicletas-en","16":"first","17":"instock","18":"sale","19":"taxable","20":"shipping-taxable","21":"purchasable","22":"product-type-variable","23":"wvs-archive-product-wrapper"},"acf":[],"yoast_head":"<!-- This site is optimized with the Yoast SEO Premium plugin v26.7 (Yoast SEO v26.7) - https:\/\/yoast.com\/wordpress\/plugins\/seo\/ -->\n<title>Specialized Rockhopper Comp VN 2025 GR-100<\/title>\n<meta name=\"description\" content=\"Rockhopper Comp vive para la acci\u00f3n intensa y giros argumentales de ritmo r\u00e1pido. Presenta un marco de aluminio Premium A1 que hace su debut en senderos sencillos.Roll los cr\u00e9ditos para descubrir una RockShox Judy, un juego de ruedas de aleaci\u00f3n Specialized, frenos hidr\u00e1ulicos Shimano BR-MT200 y el grupo de transmisi\u00f3n de rango amplio 1x10 de Shimano. Tienes respaldo proporcionado por un elenco de apoyo que es todo thriller y sin relleno, pero nunca te dejar\u00e1 colgado.\" \/>\n<meta name=\"robots\" content=\"index, follow, max-snippet:-1, max-image-preview:large, max-video-preview:-1\" \/>\n<link rel=\"canonical\" href=\"https:\/\/gr-100.com\/en\/producto\/specialized-rockhopper-comp-vn-2025\/\" \/>\n<meta property=\"og:locale\" content=\"en_US\" \/>\n<meta property=\"og:type\" content=\"article\" \/>\n<meta property=\"og:title\" content=\"Specialized Rockhopper Comp VN 2025\" \/>\n<meta property=\"og:description\" content=\"Rockhopper Comp vive para la acci\u00f3n intensa y giros argumentales de ritmo r\u00e1pido. Presenta un marco de aluminio Premium A1 que hace su debut en senderos sencillos.Roll los cr\u00e9ditos para descubrir una RockShox Judy, un juego de ruedas de aleaci\u00f3n Specialized, frenos hidr\u00e1ulicos Shimano BR-MT200 y el grupo de transmisi\u00f3n de rango amplio 1x10 de Shimano. Tienes respaldo proporcionado por un elenco de apoyo que es todo thriller y sin relleno, pero nunca te dejar\u00e1 colgado.\" \/>\n<meta property=\"og:url\" content=\"https:\/\/gr-100.com\/en\/producto\/specialized-rockhopper-comp-vn-2025\/\" \/>\n<meta property=\"og:site_name\" content=\"Gr-100 Tienda de ciclismo Specialized\" \/>\n<meta property=\"article:publisher\" content=\"https:\/\/www.facebook.com\/Gr100Bikes\" \/>\n<meta property=\"og:image\" content=\"https:\/\/gr-100.com\/wp-content\/uploads\/2024\/11\/Sin-titulo-2024-11-26T120849.501.jpeg\" \/>\n\t<meta property=\"og:image:width\" content=\"1000\" \/>\n\t<meta property=\"og:image:height\" content=\"1000\" \/>\n\t<meta property=\"og:image:type\" content=\"image\/jpeg\" \/>\n<meta name=\"twitter:card\" content=\"summary_large_image\" \/>\n<meta name=\"twitter:label1\" content=\"Est. reading time\" \/>\n\t<meta name=\"twitter:data1\" content=\"2 minutes\" \/>\n<script type=\"application\/ld+json\" class=\"yoast-schema-graph\">{\"@context\":\"https:\/\/schema.org\",\"@graph\":[{\"@type\":\"WebPage\",\"@id\":\"https:\/\/gr-100.com\/en\/producto\/specialized-rockhopper-comp-vn-2025\/\",\"url\":\"https:\/\/gr-100.com\/en\/producto\/specialized-rockhopper-comp-vn-2025\/\",\"name\":\"Specialized Rockhopper Comp VN 2025 GR-100\",\"isPartOf\":{\"@id\":\"https:\/\/gr-100.com\/#website\"},\"primaryImageOfPage\":{\"@id\":\"https:\/\/gr-100.com\/en\/producto\/specialized-rockhopper-comp-vn-2025\/#primaryimage\"},\"image\":{\"@id\":\"https:\/\/gr-100.com\/en\/producto\/specialized-rockhopper-comp-vn-2025\/#primaryimage\"},\"thumbnailUrl\":\"https:\/\/gr-100.com\/wp-content\/uploads\/2024\/11\/Sin-titulo-2024-11-26T120849.501.jpeg\",\"datePublished\":\"2024-11-26T10:34:48+00:00\",\"description\":\"Rockhopper Comp vive para la acci\u00f3n intensa y giros argumentales de ritmo r\u00e1pido. Presenta un marco de aluminio Premium A1 que hace su debut en senderos sencillos.Roll los cr\u00e9ditos para descubrir una RockShox Judy, un juego de ruedas de aleaci\u00f3n Specialized, frenos hidr\u00e1ulicos Shimano BR-MT200 y el grupo de transmisi\u00f3n de rango amplio 1x10 de Shimano. Tienes respaldo proporcionado por un elenco de apoyo que es todo thriller y sin relleno, pero nunca te dejar\u00e1 colgado.\",\"breadcrumb\":{\"@id\":\"https:\/\/gr-100.com\/en\/producto\/specialized-rockhopper-comp-vn-2025\/#breadcrumb\"},\"inLanguage\":\"en-US\",\"potentialAction\":[{\"@type\":\"ReadAction\",\"target\":[\"https:\/\/gr-100.com\/en\/producto\/specialized-rockhopper-comp-vn-2025\/\"]}]},{\"@type\":\"ImageObject\",\"inLanguage\":\"en-US\",\"@id\":\"https:\/\/gr-100.com\/en\/producto\/specialized-rockhopper-comp-vn-2025\/#primaryimage\",\"url\":\"https:\/\/gr-100.com\/wp-content\/uploads\/2024\/11\/Sin-titulo-2024-11-26T120849.501.jpeg\",\"contentUrl\":\"https:\/\/gr-100.com\/wp-content\/uploads\/2024\/11\/Sin-titulo-2024-11-26T120849.501.jpeg\",\"width\":1000,\"height\":1000},{\"@type\":\"BreadcrumbList\",\"@id\":\"https:\/\/gr-100.com\/en\/producto\/specialized-rockhopper-comp-vn-2025\/#breadcrumb\",\"itemListElement\":[{\"@type\":\"ListItem\",\"position\":1,\"name\":\"Portada\",\"item\":\"https:\/\/gr-100.com\/pt-pt\/\"},{\"@type\":\"ListItem\",\"position\":2,\"name\":\"Productos\",\"item\":\"https:\/\/gr-100.com\/?post_type=product\"},{\"@type\":\"ListItem\",\"position\":3,\"name\":\"Specialized Rockhopper Comp VN 2025\"}]},{\"@type\":\"WebSite\",\"@id\":\"https:\/\/gr-100.com\/#website\",\"url\":\"https:\/\/gr-100.com\/\",\"name\":\"Gr-100 Tienda de ciclismo Specialized\",\"description\":\"GR-100 tenemos todas las gamas de bicicletas Specialized al mejor precio.\",\"publisher\":{\"@id\":\"https:\/\/gr-100.com\/#organization\"},\"alternateName\":\"Gr-100 Bikes\",\"potentialAction\":[{\"@type\":\"SearchAction\",\"target\":{\"@type\":\"EntryPoint\",\"urlTemplate\":\"https:\/\/gr-100.com\/?s={search_term_string}\"},\"query-input\":{\"@type\":\"PropertyValueSpecification\",\"valueRequired\":true,\"valueName\":\"search_term_string\"}}],\"inLanguage\":\"en-US\"},{\"@type\":\"Organization\",\"@id\":\"https:\/\/gr-100.com\/#organization\",\"name\":\"Gr-100\",\"url\":\"https:\/\/gr-100.com\/\",\"logo\":{\"@type\":\"ImageObject\",\"inLanguage\":\"en-US\",\"@id\":\"https:\/\/gr-100.com\/#\/schema\/logo\/image\/\",\"url\":\"https:\/\/gr-100.com\/wp-content\/uploads\/2023\/08\/logo-gr-100-bikes.png\",\"contentUrl\":\"https:\/\/gr-100.com\/wp-content\/uploads\/2023\/08\/logo-gr-100-bikes.png\",\"width\":707,\"height\":284,\"caption\":\"Gr-100\"},\"image\":{\"@id\":\"https:\/\/gr-100.com\/#\/schema\/logo\/image\/\"},\"sameAs\":[\"https:\/\/www.facebook.com\/Gr100Bikes\",\"https:\/\/www.instagram.com\/gr100bikes\/\",\"https:\/\/www.tiktok.com\/@gr100bikes\",\"https:\/\/twitter.com\/gr100mtbteam\",\"https:\/\/www.youtube.com\/c\/GR100Specialized\"]}]}<\/script>\n<!-- \/ Yoast SEO Premium plugin. -->","yoast_head_json":{"title":"Specialized Rockhopper Comp VN 2025 GR-100","description":"Rockhopper Comp vive para la acci\u00f3n intensa y giros argumentales de ritmo r\u00e1pido. Presenta un marco de aluminio Premium A1 que hace su debut en senderos sencillos.Roll los cr\u00e9ditos para descubrir una RockShox Judy, un juego de ruedas de aleaci\u00f3n Specialized, frenos hidr\u00e1ulicos Shimano BR-MT200 y el grupo de transmisi\u00f3n de rango amplio 1x10 de Shimano. Tienes respaldo proporcionado por un elenco de apoyo que es todo thriller y sin relleno, pero nunca te dejar\u00e1 colgado.","robots":{"index":"index","follow":"follow","max-snippet":"max-snippet:-1","max-image-preview":"max-image-preview:large","max-video-preview":"max-video-preview:-1"},"canonical":"https:\/\/gr-100.com\/en\/producto\/specialized-rockhopper-comp-vn-2025\/","og_locale":"en_US","og_type":"article","og_title":"Specialized Rockhopper Comp VN 2025","og_description":"Rockhopper Comp vive para la acci\u00f3n intensa y giros argumentales de ritmo r\u00e1pido. Presenta un marco de aluminio Premium A1 que hace su debut en senderos sencillos.Roll los cr\u00e9ditos para descubrir una RockShox Judy, un juego de ruedas de aleaci\u00f3n Specialized, frenos hidr\u00e1ulicos Shimano BR-MT200 y el grupo de transmisi\u00f3n de rango amplio 1x10 de Shimano. Tienes respaldo proporcionado por un elenco de apoyo que es todo thriller y sin relleno, pero nunca te dejar\u00e1 colgado.","og_url":"https:\/\/gr-100.com\/en\/producto\/specialized-rockhopper-comp-vn-2025\/","og_site_name":"Gr-100 Tienda de ciclismo Specialized","article_publisher":"https:\/\/www.facebook.com\/Gr100Bikes","og_image":[{"width":1000,"height":1000,"url":"https:\/\/gr-100.com\/wp-content\/uploads\/2024\/11\/Sin-titulo-2024-11-26T120849.501.jpeg","type":"image\/jpeg"}],"twitter_card":"summary_large_image","twitter_misc":{"Est. reading time":"2 minutes"},"schema":{"@context":"https:\/\/schema.org","@graph":[{"@type":"WebPage","@id":"https:\/\/gr-100.com\/en\/producto\/specialized-rockhopper-comp-vn-2025\/","url":"https:\/\/gr-100.com\/en\/producto\/specialized-rockhopper-comp-vn-2025\/","name":"Specialized Rockhopper Comp VN 2025 GR-100","isPartOf":{"@id":"https:\/\/gr-100.com\/#website"},"primaryImageOfPage":{"@id":"https:\/\/gr-100.com\/en\/producto\/specialized-rockhopper-comp-vn-2025\/#primaryimage"},"image":{"@id":"https:\/\/gr-100.com\/en\/producto\/specialized-rockhopper-comp-vn-2025\/#primaryimage"},"thumbnailUrl":"https:\/\/gr-100.com\/wp-content\/uploads\/2024\/11\/Sin-titulo-2024-11-26T120849.501.jpeg","datePublished":"2024-11-26T10:34:48+00:00","description":"Rockhopper Comp vive para la acci\u00f3n intensa y giros argumentales de ritmo r\u00e1pido. Presenta un marco de aluminio Premium A1 que hace su debut en senderos sencillos.Roll los cr\u00e9ditos para descubrir una RockShox Judy, un juego de ruedas de aleaci\u00f3n Specialized, frenos hidr\u00e1ulicos Shimano BR-MT200 y el grupo de transmisi\u00f3n de rango amplio 1x10 de Shimano. Tienes respaldo proporcionado por un elenco de apoyo que es todo thriller y sin relleno, pero nunca te dejar\u00e1 colgado.","breadcrumb":{"@id":"https:\/\/gr-100.com\/en\/producto\/specialized-rockhopper-comp-vn-2025\/#breadcrumb"},"inLanguage":"en-US","potentialAction":[{"@type":"ReadAction","target":["https:\/\/gr-100.com\/en\/producto\/specialized-rockhopper-comp-vn-2025\/"]}]},{"@type":"ImageObject","inLanguage":"en-US","@id":"https:\/\/gr-100.com\/en\/producto\/specialized-rockhopper-comp-vn-2025\/#primaryimage","url":"https:\/\/gr-100.com\/wp-content\/uploads\/2024\/11\/Sin-titulo-2024-11-26T120849.501.jpeg","contentUrl":"https:\/\/gr-100.com\/wp-content\/uploads\/2024\/11\/Sin-titulo-2024-11-26T120849.501.jpeg","width":1000,"height":1000},{"@type":"BreadcrumbList","@id":"https:\/\/gr-100.com\/en\/producto\/specialized-rockhopper-comp-vn-2025\/#breadcrumb","itemListElement":[{"@type":"ListItem","position":1,"name":"Portada","item":"https:\/\/gr-100.com\/pt-pt\/"},{"@type":"ListItem","position":2,"name":"Productos","item":"https:\/\/gr-100.com\/?post_type=product"},{"@type":"ListItem","position":3,"name":"Specialized Rockhopper Comp VN 2025"}]},{"@type":"WebSite","@id":"https:\/\/gr-100.com\/#website","url":"https:\/\/gr-100.com\/","name":"Gr-100 Tienda de ciclismo Specialized","description":"GR-100 tenemos todas las gamas de bicicletas Specialized al mejor precio.","publisher":{"@id":"https:\/\/gr-100.com\/#organization"},"alternateName":"Gr-100 Bikes","potentialAction":[{"@type":"SearchAction","target":{"@type":"EntryPoint","urlTemplate":"https:\/\/gr-100.com\/?s={search_term_string}"},"query-input":{"@type":"PropertyValueSpecification","valueRequired":true,"valueName":"search_term_string"}}],"inLanguage":"en-US"},{"@type":"Organization","@id":"https:\/\/gr-100.com\/#organization","name":"Gr-100","url":"https:\/\/gr-100.com\/","logo":{"@type":"ImageObject","inLanguage":"en-US","@id":"https:\/\/gr-100.com\/#\/schema\/logo\/image\/","url":"https:\/\/gr-100.com\/wp-content\/uploads\/2023\/08\/logo-gr-100-bikes.png","contentUrl":"https:\/\/gr-100.com\/wp-content\/uploads\/2023\/08\/logo-gr-100-bikes.png","width":707,"height":284,"caption":"Gr-100"},"image":{"@id":"https:\/\/gr-100.com\/#\/schema\/logo\/image\/"},"sameAs":["https:\/\/www.facebook.com\/Gr100Bikes","https:\/\/www.instagram.com\/gr100bikes\/","https:\/\/www.tiktok.com\/@gr100bikes","https:\/\/twitter.com\/gr100mtbteam","https:\/\/www.youtube.com\/c\/GR100Specialized"]}]}},"_links":{"self":[{"href":"https:\/\/gr-100.com\/en\/wp-json\/wp\/v2\/product\/425943","targetHints":{"allow":["GET"]}}],"collection":[{"href":"https:\/\/gr-100.com\/en\/wp-json\/wp\/v2\/product"}],"about":[{"href":"https:\/\/gr-100.com\/en\/wp-json\/wp\/v2\/types\/product"}],"replies":[{"embeddable":true,"href":"https:\/\/gr-100.com\/en\/wp-json\/wp\/v2\/comments?post=425943"}],"wp:featuredmedia":[{"embeddable":true,"href":"https:\/\/gr-100.com\/en\/wp-json\/wp\/v2\/media\/397476"}],"wp:attachment":[{"href":"https:\/\/gr-100.com\/en\/wp-json\/wp\/v2\/media?parent=425943"}],"wp:term":[{"taxonomy":"product_brand","embeddable":true,"href":"https:\/\/gr-100.com\/en\/wp-json\/wp\/v2\/product_brand?post=425943"},{"taxonomy":"product_cat","embeddable":true,"href":"https:\/\/gr-100.com\/en\/wp-json\/wp\/v2\/product_cat?post=425943"},{"taxonomy":"product_tag","embeddable":true,"href":"https:\/\/gr-100.com\/en\/wp-json\/wp\/v2\/product_tag?post=425943"}],"curies":[{"name":"wp","href":"https:\/\/api.w.org\/{rel}","templated":true}]}}