{"id":426044,"date":"2024-11-22T17:08:39","date_gmt":"2024-11-22T16:08:39","guid":{"rendered":"https:\/\/gr-100.com\/producto\/specialized-p-4-275-2023\/"},"modified":"2026-01-07T14:52:54","modified_gmt":"2026-01-07T12:52:54","slug":"specialized-p-4-275-2023","status":"publish","type":"product","link":"https:\/\/gr-100.com\/en\/producto\/specialized-p-4-275-2023\/","title":{"rendered":"Specialized P.4 27,5 2023"},"content":{"rendered":"<div class=\"ProductLongDescription__Html\">\n<p>Este cuadro P.Series totalmente redise\u00f1ado ofrece a los ciclistas de todas las tallas un punto de partida hacia una vida sobre ruedas. Su geometr\u00eda basada en el rendimiento y el cockpit hacen que los riders se sientan m\u00e1s c\u00f3modos tanto aprendiendo en el pumptrack como volando en los saltos de los senderos. Nuestro enfoque de estas robustas bicicletas se centra en ofrecer una plataforma sencilla y de alta calidad que sea vers\u00e1til para todos los riders, y que incluya caracter\u00edsticas pioneras en su categor\u00eda que marquen la diferencia. <\/p>\n<p><g id=\"gid_0\">ANTE TODO SIMPLICIDAD &#8211;<\/g> Para el ciclista que se centra en la progresi\u00f3n, eliminar cualquier otra variable es primordial. El cuadro de aluminio ligero y duradero de la P.Series resiste las duras exigencias del Dirt Jump e integra los cables en el interior. <\/p>\n<p><g id=\"gid_0\">TALLAS PARA TODOS &#8211;<\/g> En un nicho tan peque\u00f1o, una bicicleta tan espec\u00edfica como la P.Series sol\u00eda estar disponible en un n\u00famero m\u00ednimo de tallas. Por eso dimos un paso atr\u00e1s para dise\u00f1ar una nueva gama de tama\u00f1os. Desde una bicicleta de 20 pulgadas para saltos de tierra hasta una bicicleta de 27,5 pulgadas para aquellos que se atrevan con los backflips.  <\/p>\n<p>REIMAGINA TU BICICLETA &#8211; Los cuadros P.Series est\u00e1n listos para montar tija telesc\u00f3pica, y son compatibles con desviador para poner transmisi\u00f3n.<\/p>\n<p><g id=\"gid_0\">TECNOLOG\u00cdA DE ALTA RESISTENCIA &#8211;<\/g> El buje Boost en la parte trasera, el tubo de direcci\u00f3n c\u00f3nico y la caja de pedalier roscada hacen que las P.Series sean r\u00edgidas y f\u00e1ciles de mantener. La bici viene de serie con los nuevos neum\u00e1ticos Kicker 2.1&#8221; (aunque se pueden montar neum\u00e1ticos de hasta 2.35&#8221; de Trail, con los que podr\u00e1s encontrar velocidad y agarre en casi cualquier terreno. <\/p>\n<\/div>\n<div class=\"bulletPoints_Wrapper\">\n<ul class=\"bullet_points\">\n<li class=\"bullet_item\">Horquilla Marzocchi de alto rendimiento y ajustable.<\/li>\n<li class=\"bullet_item\">Ruedas de una \u00fanica marcha ligeras y resistentes.<\/li>\n<li class=\"bullet_item\">Neum\u00e1ticos Specialized Kicker de gran agarre tanto en tierra como asfalto.<\/li>\n<\/ul>\n<div class=\"product-specification\">\n<dl>\n<dt>POTENCIA<\/dt>\n<dd>Specialized Alloy Trail Stem<\/dd>\n<\/dl>\n<dl>\n<dt>SILL\u00cdN<\/dt>\n<dd>Specialized P.series, Steel Rails<\/dd>\n<\/dl>\n<dl>\n<dt>MANILLAR<\/dt>\n<dd>Specialized P.Series MTB Dirt, 6061 alloy, 9-degree backsweep, 6-degree upsweep, 38mm rise, 750mm width, 31.8mm clamp<\/dd>\n<\/dl>\n<dl>\n<dt>PU\u00d1OS<\/dt>\n<dd>Specialized Trail Grips, lock-on<\/dd>\n<\/dl>\n<dl>\n<dt>TIJA DE SILL\u00cdN<\/dt>\n<dd>Specialized, 6061 alloy, 2-bolt clamp, 0mm setback, 30.9mm<\/dd>\n<\/dl>\n<\/div>\n<div class=\"product-specification\">\n<p>Picture<\/p>\n<dl>\n<dt>HUGS. SADDLE <\/dt>\n<dd>Alloy, single-bolt, 34.9mm<\/dd>\n<\/dl>\n<dl>\n<dt>CUADRO<\/dt>\n<dd>Specialized P.4, A1 Premium Alloy, 27.5&#8243;, Fully Butted Tubing, Tapered Head Tube, BSA 73mm BB Shell, 12x148TA Sliding Dropouts, Single Speed or Geared Compatible, 52mm CL, Internal cable routing, 30.9 Seat Tube, Dropper Post Compatible, 26&#8243; Wheel Compatible<\/dd>\n<\/dl>\n<\/div>\n<div class=\"product-specification\">\n<p>Suspension<\/p>\n<dl>\n<dt>HORQUILLA<\/dt>\n<dd>Marzocchi Bomber Z1, 27.5&#8243;, 100mm Travel, Grip Damper, 1.5 Tapered Steerer, 15&#215;110 Boost, 44mm Offset<\/dd>\n<\/dl>\n<\/div>\n<div class=\"product-specification\">\n<p>Brakes<\/p>\n<dl>\n<dt>FRENO DELANTERO<\/dt>\n<dd>Radius CX7, Mechanical Disc, 180mm Rotor<\/dd>\n<\/dl>\n<dl>\n<dt>FRENO TRASERO<\/dt>\n<dd>Sram Level T, Hydraulic Disc, 160mm Rotor<\/dd>\n<\/dl>\n<\/div>\n<div class=\"product-specification\">\n<p>Drivetrain<\/p>\n<dl>\n<dt>CASETE<\/dt>\n<dd>13T SS Cog<\/dd>\n<\/dl>\n<dl>\n \t30T CHAINRINGS\n<\/dl>\n<dl>\n<dt>CAJA PEDALIER<\/dt>\n<dd>BSA 73mm<\/dd>\n<\/dl>\n<dl>\n<dt>PEDALIER<\/dt>\n<dd>Specialized P.series, Forged, 24mm Spindle, 52mm CL, 165mm Length<\/dd>\n<\/dl>\n<dl>\n<dt>CADENA<\/dt>\n<dd>KMC Z1, 1\/2&#215;3\/32&#8243;, Single Speed<\/dd>\n<\/dl>\n<\/div>\n<div class=\"product-specification\">\n<p>Wheels &amp; tires<\/p>\n<dl>\n<dt>BUJE DELANTERO<\/dt>\n<dd>Alloy, sealed cartridge bearings, 15x110mm thru-axle, 6-bolt, 32h<\/dd>\n<\/dl>\n<dl>\n<dt>BUJE TRASERO<\/dt>\n<dd>Alloy, Single Speed, sealed cartridge bearings, 12x148mm thru-axle, 6-bolt, 32h<\/dd>\n<\/dl>\n<dl>\n<dt>LLANTAS<\/dt>\n<dd>Specialized P.Series, 27.5&#8243;, 32h, 26mm ID, Disc Brake Only<\/dd>\n<\/dl>\n<dl>\n \tSchrader CAMERAS, 40mm valve\n<\/dl>\n<dl>\n<dt>TYRE.<\/dt>\n<dd>Specialized Kicker Sport, 27.5&#215;2.1&#8243;<\/dd>\n<\/dl>\n<dl>\n<dt>NEUM\u00c1TICO TRASERO<\/dt>\n<dd>Specialized Kicker Sport, 27.5&#215;2.1&#8243;<\/dd>\n<\/dl>\n<dl>\n \tStainless SPOKES, 14g\n<\/dl>\n<\/div>\n<div class=\"product-specification\">\n<p>Accessories<\/p>\n<dl>\n<dt>PEDALES<\/dt>\n<dd>Specialized Platform Pedal<\/dd>\n<\/dl>\n<\/div>\n<div class=\"product-specification\">\n<p>Weight<\/p>\n<dl>\n<dt>DINAMO<\/dt>\n<dd>12.0kg (26 lb, 7.3 oz)<\/dd>\n<\/dl>\n<\/div>\n<\/div>\n","protected":false},"excerpt":{"rendered":"<ul class=\"bullet_points\">\n<li class=\"bullet_item\">Horquilla Marzocchi de alto rendimiento y ajustable.<\/li>\n<li class=\"bullet_item\">Ruedas de una \u00fanica marcha ligeras y resistentes.<\/li>\n<li class=\"bullet_item\">Neum\u00e1ticos Specialized Kicker de gran agarre tanto en tierra como asfalto.<\/li>\n<\/ul>\n","protected":false},"featured_media":397222,"comment_status":"open","ping_status":"closed","template":"","meta":{"_acf_changed":false,"_et_pb_use_builder":"","_et_pb_old_content":"","_et_gb_content_width":"","inline_featured_image":false},"product_brand":[],"product_cat":[4347,2449,358,2472,2450,2689],"product_tag":[],"class_list":{"0":"post-426044","1":"product","2":"type-product","3":"status-publish","4":"has-post-thumbnail","6":"product_cat-black-friday-2-en","7":"product_cat-bicycles","8":"product_cat-mountain","9":"product_cat-specialized-bikes","10":"product_cat-offers","11":"product_cat-specialized-offers","12":"product_shipping_class-bicicletas-en","14":"first","15":"instock","16":"sale","17":"taxable","18":"shipping-taxable","19":"purchasable","20":"product-type-variable","21":"wvs-archive-product-wrapper"},"acf":[],"yoast_head":"<!-- This site is optimized with the Yoast SEO Premium plugin v26.7 (Yoast SEO v26.7) - https:\/\/yoast.com\/wordpress\/plugins\/seo\/ -->\n<title>Specialized P.4 27,5 2023 Specialized P.4 2023<\/title>\n<meta name=\"description\" content=\"Este cuadro P.Series totalmente redise\u00f1ado ofrece a los ciclistas de todas las tallas un punto de partida hacia una vida sobre ruedas.\" \/>\n<meta name=\"robots\" content=\"index, follow, max-snippet:-1, max-image-preview:large, max-video-preview:-1\" \/>\n<link rel=\"canonical\" href=\"https:\/\/gr-100.com\/en\/producto\/specialized-p-4-275-2023\/\" \/>\n<meta property=\"og:locale\" content=\"en_US\" \/>\n<meta property=\"og:type\" content=\"article\" \/>\n<meta property=\"og:title\" content=\"Specialized P.4 27,5 2023\" \/>\n<meta property=\"og:description\" content=\"Este cuadro P.Series totalmente redise\u00f1ado ofrece a los ciclistas de todas las tallas un punto de partida hacia una vida sobre ruedas.\" \/>\n<meta property=\"og:url\" content=\"https:\/\/gr-100.com\/en\/producto\/specialized-p-4-275-2023\/\" \/>\n<meta property=\"og:site_name\" content=\"Gr-100 Tienda de ciclismo Specialized\" \/>\n<meta property=\"article:publisher\" content=\"https:\/\/www.facebook.com\/Gr100Bikes\" \/>\n<meta property=\"article:modified_time\" content=\"2026-01-07T12:52:54+00:00\" \/>\n<meta property=\"og:image\" content=\"https:\/\/gr-100.com\/wp-content\/uploads\/2024\/11\/P.4-alum.png\" \/>\n\t<meta property=\"og:image:width\" content=\"1000\" \/>\n\t<meta property=\"og:image:height\" content=\"1000\" \/>\n\t<meta property=\"og:image:type\" content=\"image\/png\" \/>\n<meta name=\"twitter:card\" content=\"summary_large_image\" \/>\n<meta name=\"twitter:label1\" content=\"Est. reading time\" \/>\n\t<meta name=\"twitter:data1\" content=\"3 minutes\" \/>\n<script type=\"application\/ld+json\" class=\"yoast-schema-graph\">{\"@context\":\"https:\/\/schema.org\",\"@graph\":[{\"@type\":\"WebPage\",\"@id\":\"https:\/\/gr-100.com\/en\/producto\/specialized-p-4-275-2023\/\",\"url\":\"https:\/\/gr-100.com\/en\/producto\/specialized-p-4-275-2023\/\",\"name\":\"Specialized P.4 27,5 2023 Specialized P.4 2023\",\"isPartOf\":{\"@id\":\"https:\/\/gr-100.com\/#website\"},\"primaryImageOfPage\":{\"@id\":\"https:\/\/gr-100.com\/en\/producto\/specialized-p-4-275-2023\/#primaryimage\"},\"image\":{\"@id\":\"https:\/\/gr-100.com\/en\/producto\/specialized-p-4-275-2023\/#primaryimage\"},\"thumbnailUrl\":\"https:\/\/gr-100.com\/wp-content\/uploads\/2024\/11\/P.4-alum.png\",\"datePublished\":\"2024-11-22T16:08:39+00:00\",\"dateModified\":\"2026-01-07T12:52:54+00:00\",\"description\":\"Este cuadro P.Series totalmente redise\u00f1ado ofrece a los ciclistas de todas las tallas un punto de partida hacia una vida sobre ruedas.\",\"breadcrumb\":{\"@id\":\"https:\/\/gr-100.com\/en\/producto\/specialized-p-4-275-2023\/#breadcrumb\"},\"inLanguage\":\"en-US\",\"potentialAction\":[{\"@type\":\"ReadAction\",\"target\":[\"https:\/\/gr-100.com\/en\/producto\/specialized-p-4-275-2023\/\"]}]},{\"@type\":\"ImageObject\",\"inLanguage\":\"en-US\",\"@id\":\"https:\/\/gr-100.com\/en\/producto\/specialized-p-4-275-2023\/#primaryimage\",\"url\":\"https:\/\/gr-100.com\/wp-content\/uploads\/2024\/11\/P.4-alum.png\",\"contentUrl\":\"https:\/\/gr-100.com\/wp-content\/uploads\/2024\/11\/P.4-alum.png\",\"width\":1000,\"height\":1000},{\"@type\":\"BreadcrumbList\",\"@id\":\"https:\/\/gr-100.com\/en\/producto\/specialized-p-4-275-2023\/#breadcrumb\",\"itemListElement\":[{\"@type\":\"ListItem\",\"position\":1,\"name\":\"Portada\",\"item\":\"https:\/\/gr-100.com\/pt-pt\/\"},{\"@type\":\"ListItem\",\"position\":2,\"name\":\"Productos\",\"item\":\"https:\/\/gr-100.com\/?post_type=product\"},{\"@type\":\"ListItem\",\"position\":3,\"name\":\"Specialized P.4 27,5 2023\"}]},{\"@type\":\"WebSite\",\"@id\":\"https:\/\/gr-100.com\/#website\",\"url\":\"https:\/\/gr-100.com\/\",\"name\":\"Gr-100 Tienda de ciclismo Specialized\",\"description\":\"GR-100 tenemos todas las gamas de bicicletas Specialized al mejor precio.\",\"publisher\":{\"@id\":\"https:\/\/gr-100.com\/#organization\"},\"alternateName\":\"Gr-100 Bikes\",\"potentialAction\":[{\"@type\":\"SearchAction\",\"target\":{\"@type\":\"EntryPoint\",\"urlTemplate\":\"https:\/\/gr-100.com\/?s={search_term_string}\"},\"query-input\":{\"@type\":\"PropertyValueSpecification\",\"valueRequired\":true,\"valueName\":\"search_term_string\"}}],\"inLanguage\":\"en-US\"},{\"@type\":\"Organization\",\"@id\":\"https:\/\/gr-100.com\/#organization\",\"name\":\"Gr-100\",\"url\":\"https:\/\/gr-100.com\/\",\"logo\":{\"@type\":\"ImageObject\",\"inLanguage\":\"en-US\",\"@id\":\"https:\/\/gr-100.com\/#\/schema\/logo\/image\/\",\"url\":\"https:\/\/gr-100.com\/wp-content\/uploads\/2023\/08\/logo-gr-100-bikes.png\",\"contentUrl\":\"https:\/\/gr-100.com\/wp-content\/uploads\/2023\/08\/logo-gr-100-bikes.png\",\"width\":707,\"height\":284,\"caption\":\"Gr-100\"},\"image\":{\"@id\":\"https:\/\/gr-100.com\/#\/schema\/logo\/image\/\"},\"sameAs\":[\"https:\/\/www.facebook.com\/Gr100Bikes\",\"https:\/\/www.instagram.com\/gr100bikes\/\",\"https:\/\/www.tiktok.com\/@gr100bikes\",\"https:\/\/twitter.com\/gr100mtbteam\",\"https:\/\/www.youtube.com\/c\/GR100Specialized\"]}]}<\/script>\n<!-- \/ Yoast SEO Premium plugin. -->","yoast_head_json":{"title":"Specialized P.4 27,5 2023 Specialized P.4 2023","description":"Este cuadro P.Series totalmente redise\u00f1ado ofrece a los ciclistas de todas las tallas un punto de partida hacia una vida sobre ruedas.","robots":{"index":"index","follow":"follow","max-snippet":"max-snippet:-1","max-image-preview":"max-image-preview:large","max-video-preview":"max-video-preview:-1"},"canonical":"https:\/\/gr-100.com\/en\/producto\/specialized-p-4-275-2023\/","og_locale":"en_US","og_type":"article","og_title":"Specialized P.4 27,5 2023","og_description":"Este cuadro P.Series totalmente redise\u00f1ado ofrece a los ciclistas de todas las tallas un punto de partida hacia una vida sobre ruedas.","og_url":"https:\/\/gr-100.com\/en\/producto\/specialized-p-4-275-2023\/","og_site_name":"Gr-100 Tienda de ciclismo Specialized","article_publisher":"https:\/\/www.facebook.com\/Gr100Bikes","article_modified_time":"2026-01-07T12:52:54+00:00","og_image":[{"width":1000,"height":1000,"url":"https:\/\/gr-100.com\/wp-content\/uploads\/2024\/11\/P.4-alum.png","type":"image\/png"}],"twitter_card":"summary_large_image","twitter_misc":{"Est. reading time":"3 minutes"},"schema":{"@context":"https:\/\/schema.org","@graph":[{"@type":"WebPage","@id":"https:\/\/gr-100.com\/en\/producto\/specialized-p-4-275-2023\/","url":"https:\/\/gr-100.com\/en\/producto\/specialized-p-4-275-2023\/","name":"Specialized P.4 27,5 2023 Specialized P.4 2023","isPartOf":{"@id":"https:\/\/gr-100.com\/#website"},"primaryImageOfPage":{"@id":"https:\/\/gr-100.com\/en\/producto\/specialized-p-4-275-2023\/#primaryimage"},"image":{"@id":"https:\/\/gr-100.com\/en\/producto\/specialized-p-4-275-2023\/#primaryimage"},"thumbnailUrl":"https:\/\/gr-100.com\/wp-content\/uploads\/2024\/11\/P.4-alum.png","datePublished":"2024-11-22T16:08:39+00:00","dateModified":"2026-01-07T12:52:54+00:00","description":"Este cuadro P.Series totalmente redise\u00f1ado ofrece a los ciclistas de todas las tallas un punto de partida hacia una vida sobre ruedas.","breadcrumb":{"@id":"https:\/\/gr-100.com\/en\/producto\/specialized-p-4-275-2023\/#breadcrumb"},"inLanguage":"en-US","potentialAction":[{"@type":"ReadAction","target":["https:\/\/gr-100.com\/en\/producto\/specialized-p-4-275-2023\/"]}]},{"@type":"ImageObject","inLanguage":"en-US","@id":"https:\/\/gr-100.com\/en\/producto\/specialized-p-4-275-2023\/#primaryimage","url":"https:\/\/gr-100.com\/wp-content\/uploads\/2024\/11\/P.4-alum.png","contentUrl":"https:\/\/gr-100.com\/wp-content\/uploads\/2024\/11\/P.4-alum.png","width":1000,"height":1000},{"@type":"BreadcrumbList","@id":"https:\/\/gr-100.com\/en\/producto\/specialized-p-4-275-2023\/#breadcrumb","itemListElement":[{"@type":"ListItem","position":1,"name":"Portada","item":"https:\/\/gr-100.com\/pt-pt\/"},{"@type":"ListItem","position":2,"name":"Productos","item":"https:\/\/gr-100.com\/?post_type=product"},{"@type":"ListItem","position":3,"name":"Specialized P.4 27,5 2023"}]},{"@type":"WebSite","@id":"https:\/\/gr-100.com\/#website","url":"https:\/\/gr-100.com\/","name":"Gr-100 Tienda de ciclismo Specialized","description":"GR-100 tenemos todas las gamas de bicicletas Specialized al mejor precio.","publisher":{"@id":"https:\/\/gr-100.com\/#organization"},"alternateName":"Gr-100 Bikes","potentialAction":[{"@type":"SearchAction","target":{"@type":"EntryPoint","urlTemplate":"https:\/\/gr-100.com\/?s={search_term_string}"},"query-input":{"@type":"PropertyValueSpecification","valueRequired":true,"valueName":"search_term_string"}}],"inLanguage":"en-US"},{"@type":"Organization","@id":"https:\/\/gr-100.com\/#organization","name":"Gr-100","url":"https:\/\/gr-100.com\/","logo":{"@type":"ImageObject","inLanguage":"en-US","@id":"https:\/\/gr-100.com\/#\/schema\/logo\/image\/","url":"https:\/\/gr-100.com\/wp-content\/uploads\/2023\/08\/logo-gr-100-bikes.png","contentUrl":"https:\/\/gr-100.com\/wp-content\/uploads\/2023\/08\/logo-gr-100-bikes.png","width":707,"height":284,"caption":"Gr-100"},"image":{"@id":"https:\/\/gr-100.com\/#\/schema\/logo\/image\/"},"sameAs":["https:\/\/www.facebook.com\/Gr100Bikes","https:\/\/www.instagram.com\/gr100bikes\/","https:\/\/www.tiktok.com\/@gr100bikes","https:\/\/twitter.com\/gr100mtbteam","https:\/\/www.youtube.com\/c\/GR100Specialized"]}]}},"_links":{"self":[{"href":"https:\/\/gr-100.com\/en\/wp-json\/wp\/v2\/product\/426044","targetHints":{"allow":["GET"]}}],"collection":[{"href":"https:\/\/gr-100.com\/en\/wp-json\/wp\/v2\/product"}],"about":[{"href":"https:\/\/gr-100.com\/en\/wp-json\/wp\/v2\/types\/product"}],"replies":[{"embeddable":true,"href":"https:\/\/gr-100.com\/en\/wp-json\/wp\/v2\/comments?post=426044"}],"wp:featuredmedia":[{"embeddable":true,"href":"https:\/\/gr-100.com\/en\/wp-json\/wp\/v2\/media\/397222"}],"wp:attachment":[{"href":"https:\/\/gr-100.com\/en\/wp-json\/wp\/v2\/media?parent=426044"}],"wp:term":[{"taxonomy":"product_brand","embeddable":true,"href":"https:\/\/gr-100.com\/en\/wp-json\/wp\/v2\/product_brand?post=426044"},{"taxonomy":"product_cat","embeddable":true,"href":"https:\/\/gr-100.com\/en\/wp-json\/wp\/v2\/product_cat?post=426044"},{"taxonomy":"product_tag","embeddable":true,"href":"https:\/\/gr-100.com\/en\/wp-json\/wp\/v2\/product_tag?post=426044"}],"curies":[{"name":"wp","href":"https:\/\/api.w.org\/{rel}","templated":true}]}}