{"id":426167,"date":"2024-10-11T11:30:46","date_gmt":"2024-10-11T10:30:46","guid":{"rendered":"https:\/\/gr-100.com\/producto\/specialized-epic-8-comp-2025\/"},"modified":"2024-10-11T11:30:46","modified_gmt":"2024-10-11T09:30:46","slug":"specialized-epic-8-comp-2025","status":"publish","type":"product","link":"https:\/\/gr-100.com\/en\/producto\/specialized-epic-8-comp-2025\/","title":{"rendered":"Specialized Epic 8 Comp 2025"},"content":{"rendered":"<p>La bicicleta de 120 mm m\u00e1s capaz del planeta. Un 12% m\u00e1s de absorci\u00f3n de baches y un 20% menos de balanceo del pedal.<br \/>\nLos frenos SRAM Level Bronze Stealth de 4 pistones ofrecen una potencia de frenado apta para senderos en un sistema preparado para la competici\u00f3n.<br \/>\nFiable y duradero grupo GX Eagle de 12 velocidades<br \/>\nLlantas de aluminio Specialized ligeras y duraderas<br \/>\nAmortiguador RockShox SIDLuxe Select+ y horquilla SID Select desarrollados por Ride Dynamics<br \/>\nAmortiguador personalizado con 3 ajustes de amortiguaci\u00f3n \u00fanicos<br \/>\nSWAT 4.0 en el tubo diagonal para llevar lo esencial para el trail <\/p>\n<p>SPECS<\/p>\n<ul>\n<li>FACT 11m Carbon FRAME<br \/>\n, Progressive XC Race Geometry, Rider-First Engineered\u2122, SWAT downtube storage, threaded BB, 12x148mm UDH compatible rear dropout, internal cable routing, 120mm of travel<\/li>\n<li>SWAT<br \/>\nSWAT internal downtube storage<\/li>\n<li>HUGS. SILL\u00cdN<br \/>\nSpecialized Alloy, 34.9, Steel bolt<\/li>\n<li>HORQUILLA<br \/>\nRockShox SID Select, Ride Dynamics developed 3 position, TwistLoc remote adjust, Debon Air, 15x110mm, 44mm offset, 120mm Travel<\/li>\n<li>AMORTIGUADOR<br \/>\nRockShox SIDLuxe Select+, Ride Dynamics developed 3 position, TwistLoc remote adjust, Solo Air, 190x45mm<\/li>\n<li>FRENO DELANTERO<br \/>\nSRAM Level Bronze Stealth, 4-piston caliper, hydraulic disc, 180mm rotor<\/li>\n<li>FRENO TRASERO<br \/>\nSRAM Level Bronze Stealth, 4-piston caliper, hydraulic disc, 160mm rotor<\/li>\n<li>MANDOS DE CAMBIO<br \/>\nSram AXS POD Controller<\/li>\n<li>CADENA<br \/>\nSRAM GX Transmission<\/li>\n<li>CASETE<br \/>\nSRAM XS 1270 Transmission, 10-52t<\/li>\n<li>CAJA PEDALIER<br \/>\nSRAM DUB Threaded Wide<\/li>\n<li>PEDALIER<br \/>\nSRAM S1000 Eagle, DUB, 165\/170\/175mm, 34T<\/li>\n<li>CAMBIO<br \/>\nSRAM S-1000 Eagle Transmission<\/li>\n<li>REAR HUB<br \/>\nAlloy, sealed cartridge bearings, 12x148mm thru-axle, 32h<\/li>\n<li>DT Swiss Industry RADIOS\n<\/li>\n<li>NEUM\u00c1TICO DEL.<br \/>\nSpecialized Fast Trak, Control Casing, T7 Compound, 29&#215;2.35<\/li>\n<li>LLANTAS<br \/>\nSpecialized Alloy 29, 28mm internal width, tubeless<\/li>\n<li>NEUM\u00c1TICO TRASERO<br \/>\nSpecialized Renegade, Control Casing, T5 Compound, 29&#215;2.35<\/li>\n<li>CAMERAS<br \/>\nStandard 40mm PV 29&#215;1.75-2.4<\/li>\n<li>FRONT HUB<br \/>\nSpecialized alloy front hub disc, sealed cardridge bearings, 6-bolt, 15x110mm thru-axle, 32h<\/li>\n<li>Body Geometry Power Sport SADDLE<br \/>\n, steel rails<\/li>\n<li>TIJA DE SILL\u00cdN<br \/>\nX-Fusion Manic, 30.9, 125\/150\/170 Travel, 0mm offset<\/li>\n<li>PU\u00d1OS<br \/>\nSRAM Slip on with Twist-Loc<\/li>\n<li>MANILLAR<br \/>\nSpecialized Alloy Minirise, 10mm rise, 750mm, 31.8mm clamp<\/li>\n<li>POTENCIA<br \/>\nSpecialized, 3D-forged alloy, 4-bolt, 7-degree rise<\/li>\n<\/ul>\n","protected":false},"excerpt":{"rendered":"<p>La nueva Epic 8 evoluciona la f\u00f3rmula de la rapidez a trav\u00e9s de la capacidad, eficiencia e integraci\u00f3n ligera. Las pistas de XC modernas demandan cada vez m\u00e1s capacidad d\u00eda a d\u00eda <\/p>\n","protected":false},"featured_media":392673,"comment_status":"open","ping_status":"closed","template":"","meta":{"_acf_changed":false,"_et_pb_use_builder":"","_et_pb_old_content":"","_et_gb_content_width":"","inline_featured_image":false},"product_brand":[],"product_cat":[5370,5368,5371,5369,5367,5366,4347,358,359],"product_tag":[],"class_list":{"0":"post-426167","1":"product","2":"type-product","3":"status-publish","4":"has-post-thumbnail","6":"product_cat-bicicletas-montana-29-en","7":"product_cat-bicicletas-montana-carbono-en","8":"product_cat-bicicletas-montana-cross-country-xc-en","9":"product_cat-bicicletas-montana-doble-suspension-en","10":"product_cat-bicicletas-montana-specialized-en","11":"product_cat-descuentos-en","12":"product_cat-black-friday-2-en","13":"product_cat-mountain","14":"product_cat-outlet-en","15":"product_shipping_class-bicicletas-en","17":"first","18":"instock","19":"sale","20":"taxable","21":"shipping-taxable","22":"purchasable","23":"product-type-variable","24":"wvs-archive-product-wrapper"},"acf":[],"yoast_head":"<!-- This site is optimized with the Yoast SEO Premium plugin v26.7 (Yoast SEO v26.7) - https:\/\/yoast.com\/wordpress\/plugins\/seo\/ -->\n<title>Specialized Epic 8 Comp 2025 GR-100<\/title>\n<meta name=\"description\" content=\"La bicicleta de 120 mm m\u00e1s capaz del planeta. 12% m\u00e1s de absorci\u00f3n de baches y un 20% menos de balanceo del pedal. RockShox SID Select. SRAM S-1000 Eagle.\" \/>\n<meta name=\"robots\" content=\"index, follow, max-snippet:-1, max-image-preview:large, max-video-preview:-1\" \/>\n<link rel=\"canonical\" href=\"https:\/\/gr-100.com\/en\/producto\/specialized-epic-8-comp-2025\/\" \/>\n<meta property=\"og:locale\" content=\"en_US\" \/>\n<meta property=\"og:type\" content=\"article\" \/>\n<meta property=\"og:title\" content=\"Specialized Epic 8 Comp 2025\" \/>\n<meta property=\"og:description\" content=\"La bicicleta de 120 mm m\u00e1s capaz del planeta. 12% m\u00e1s de absorci\u00f3n de baches y un 20% menos de balanceo del pedal. RockShox SID Select. SRAM S-1000 Eagle.\" \/>\n<meta property=\"og:url\" content=\"https:\/\/gr-100.com\/en\/producto\/specialized-epic-8-comp-2025\/\" \/>\n<meta property=\"og:site_name\" content=\"Gr-100 Tienda de ciclismo Specialized\" \/>\n<meta property=\"article:publisher\" content=\"https:\/\/www.facebook.com\/Gr100Bikes\" \/>\n<meta property=\"og:image\" content=\"https:\/\/gr-100.com\/wp-content\/uploads\/2024\/10\/Epic-8-Comp_25_1.jpg\" \/>\n\t<meta property=\"og:image:width\" content=\"1000\" \/>\n\t<meta property=\"og:image:height\" content=\"1000\" \/>\n\t<meta property=\"og:image:type\" content=\"image\/jpeg\" \/>\n<meta name=\"twitter:card\" content=\"summary_large_image\" \/>\n<meta name=\"twitter:label1\" content=\"Est. reading time\" \/>\n\t<meta name=\"twitter:data1\" content=\"2 minutes\" \/>\n<script type=\"application\/ld+json\" class=\"yoast-schema-graph\">{\"@context\":\"https:\/\/schema.org\",\"@graph\":[{\"@type\":\"WebPage\",\"@id\":\"https:\/\/gr-100.com\/en\/producto\/specialized-epic-8-comp-2025\/\",\"url\":\"https:\/\/gr-100.com\/en\/producto\/specialized-epic-8-comp-2025\/\",\"name\":\"Specialized Epic 8 Comp 2025 GR-100\",\"isPartOf\":{\"@id\":\"https:\/\/gr-100.com\/#website\"},\"primaryImageOfPage\":{\"@id\":\"https:\/\/gr-100.com\/en\/producto\/specialized-epic-8-comp-2025\/#primaryimage\"},\"image\":{\"@id\":\"https:\/\/gr-100.com\/en\/producto\/specialized-epic-8-comp-2025\/#primaryimage\"},\"thumbnailUrl\":\"https:\/\/gr-100.com\/wp-content\/uploads\/2024\/10\/Epic-8-Comp_25_1.jpg\",\"datePublished\":\"2024-10-11T10:30:46+00:00\",\"description\":\"La bicicleta de 120 mm m\u00e1s capaz del planeta. 12% m\u00e1s de absorci\u00f3n de baches y un 20% menos de balanceo del pedal. RockShox SID Select. SRAM S-1000 Eagle.\",\"breadcrumb\":{\"@id\":\"https:\/\/gr-100.com\/en\/producto\/specialized-epic-8-comp-2025\/#breadcrumb\"},\"inLanguage\":\"en-US\",\"potentialAction\":[{\"@type\":\"ReadAction\",\"target\":[\"https:\/\/gr-100.com\/en\/producto\/specialized-epic-8-comp-2025\/\"]}]},{\"@type\":\"ImageObject\",\"inLanguage\":\"en-US\",\"@id\":\"https:\/\/gr-100.com\/en\/producto\/specialized-epic-8-comp-2025\/#primaryimage\",\"url\":\"https:\/\/gr-100.com\/wp-content\/uploads\/2024\/10\/Epic-8-Comp_25_1.jpg\",\"contentUrl\":\"https:\/\/gr-100.com\/wp-content\/uploads\/2024\/10\/Epic-8-Comp_25_1.jpg\",\"width\":1000,\"height\":1000},{\"@type\":\"BreadcrumbList\",\"@id\":\"https:\/\/gr-100.com\/en\/producto\/specialized-epic-8-comp-2025\/#breadcrumb\",\"itemListElement\":[{\"@type\":\"ListItem\",\"position\":1,\"name\":\"Portada\",\"item\":\"https:\/\/gr-100.com\/pt-pt\/\"},{\"@type\":\"ListItem\",\"position\":2,\"name\":\"Productos\",\"item\":\"https:\/\/gr-100.com\/?post_type=product\"},{\"@type\":\"ListItem\",\"position\":3,\"name\":\"Specialized Epic 8 Comp 2025\"}]},{\"@type\":\"WebSite\",\"@id\":\"https:\/\/gr-100.com\/#website\",\"url\":\"https:\/\/gr-100.com\/\",\"name\":\"Gr-100 Tienda de ciclismo Specialized\",\"description\":\"GR-100 tenemos todas las gamas de bicicletas Specialized al mejor precio.\",\"publisher\":{\"@id\":\"https:\/\/gr-100.com\/#organization\"},\"alternateName\":\"Gr-100 Bikes\",\"potentialAction\":[{\"@type\":\"SearchAction\",\"target\":{\"@type\":\"EntryPoint\",\"urlTemplate\":\"https:\/\/gr-100.com\/?s={search_term_string}\"},\"query-input\":{\"@type\":\"PropertyValueSpecification\",\"valueRequired\":true,\"valueName\":\"search_term_string\"}}],\"inLanguage\":\"en-US\"},{\"@type\":\"Organization\",\"@id\":\"https:\/\/gr-100.com\/#organization\",\"name\":\"Gr-100\",\"url\":\"https:\/\/gr-100.com\/\",\"logo\":{\"@type\":\"ImageObject\",\"inLanguage\":\"en-US\",\"@id\":\"https:\/\/gr-100.com\/#\/schema\/logo\/image\/\",\"url\":\"https:\/\/gr-100.com\/wp-content\/uploads\/2023\/08\/logo-gr-100-bikes.png\",\"contentUrl\":\"https:\/\/gr-100.com\/wp-content\/uploads\/2023\/08\/logo-gr-100-bikes.png\",\"width\":707,\"height\":284,\"caption\":\"Gr-100\"},\"image\":{\"@id\":\"https:\/\/gr-100.com\/#\/schema\/logo\/image\/\"},\"sameAs\":[\"https:\/\/www.facebook.com\/Gr100Bikes\",\"https:\/\/www.instagram.com\/gr100bikes\/\",\"https:\/\/www.tiktok.com\/@gr100bikes\",\"https:\/\/twitter.com\/gr100mtbteam\",\"https:\/\/www.youtube.com\/c\/GR100Specialized\"]}]}<\/script>\n<!-- \/ Yoast SEO Premium plugin. -->","yoast_head_json":{"title":"Specialized Epic 8 Comp 2025 GR-100","description":"La bicicleta de 120 mm m\u00e1s capaz del planeta. 12% m\u00e1s de absorci\u00f3n de baches y un 20% menos de balanceo del pedal. RockShox SID Select. SRAM S-1000 Eagle.","robots":{"index":"index","follow":"follow","max-snippet":"max-snippet:-1","max-image-preview":"max-image-preview:large","max-video-preview":"max-video-preview:-1"},"canonical":"https:\/\/gr-100.com\/en\/producto\/specialized-epic-8-comp-2025\/","og_locale":"en_US","og_type":"article","og_title":"Specialized Epic 8 Comp 2025","og_description":"La bicicleta de 120 mm m\u00e1s capaz del planeta. 12% m\u00e1s de absorci\u00f3n de baches y un 20% menos de balanceo del pedal. RockShox SID Select. SRAM S-1000 Eagle.","og_url":"https:\/\/gr-100.com\/en\/producto\/specialized-epic-8-comp-2025\/","og_site_name":"Gr-100 Tienda de ciclismo Specialized","article_publisher":"https:\/\/www.facebook.com\/Gr100Bikes","og_image":[{"width":1000,"height":1000,"url":"https:\/\/gr-100.com\/wp-content\/uploads\/2024\/10\/Epic-8-Comp_25_1.jpg","type":"image\/jpeg"}],"twitter_card":"summary_large_image","twitter_misc":{"Est. reading time":"2 minutes"},"schema":{"@context":"https:\/\/schema.org","@graph":[{"@type":"WebPage","@id":"https:\/\/gr-100.com\/en\/producto\/specialized-epic-8-comp-2025\/","url":"https:\/\/gr-100.com\/en\/producto\/specialized-epic-8-comp-2025\/","name":"Specialized Epic 8 Comp 2025 GR-100","isPartOf":{"@id":"https:\/\/gr-100.com\/#website"},"primaryImageOfPage":{"@id":"https:\/\/gr-100.com\/en\/producto\/specialized-epic-8-comp-2025\/#primaryimage"},"image":{"@id":"https:\/\/gr-100.com\/en\/producto\/specialized-epic-8-comp-2025\/#primaryimage"},"thumbnailUrl":"https:\/\/gr-100.com\/wp-content\/uploads\/2024\/10\/Epic-8-Comp_25_1.jpg","datePublished":"2024-10-11T10:30:46+00:00","description":"La bicicleta de 120 mm m\u00e1s capaz del planeta. 12% m\u00e1s de absorci\u00f3n de baches y un 20% menos de balanceo del pedal. RockShox SID Select. SRAM S-1000 Eagle.","breadcrumb":{"@id":"https:\/\/gr-100.com\/en\/producto\/specialized-epic-8-comp-2025\/#breadcrumb"},"inLanguage":"en-US","potentialAction":[{"@type":"ReadAction","target":["https:\/\/gr-100.com\/en\/producto\/specialized-epic-8-comp-2025\/"]}]},{"@type":"ImageObject","inLanguage":"en-US","@id":"https:\/\/gr-100.com\/en\/producto\/specialized-epic-8-comp-2025\/#primaryimage","url":"https:\/\/gr-100.com\/wp-content\/uploads\/2024\/10\/Epic-8-Comp_25_1.jpg","contentUrl":"https:\/\/gr-100.com\/wp-content\/uploads\/2024\/10\/Epic-8-Comp_25_1.jpg","width":1000,"height":1000},{"@type":"BreadcrumbList","@id":"https:\/\/gr-100.com\/en\/producto\/specialized-epic-8-comp-2025\/#breadcrumb","itemListElement":[{"@type":"ListItem","position":1,"name":"Portada","item":"https:\/\/gr-100.com\/pt-pt\/"},{"@type":"ListItem","position":2,"name":"Productos","item":"https:\/\/gr-100.com\/?post_type=product"},{"@type":"ListItem","position":3,"name":"Specialized Epic 8 Comp 2025"}]},{"@type":"WebSite","@id":"https:\/\/gr-100.com\/#website","url":"https:\/\/gr-100.com\/","name":"Gr-100 Tienda de ciclismo Specialized","description":"GR-100 tenemos todas las gamas de bicicletas Specialized al mejor precio.","publisher":{"@id":"https:\/\/gr-100.com\/#organization"},"alternateName":"Gr-100 Bikes","potentialAction":[{"@type":"SearchAction","target":{"@type":"EntryPoint","urlTemplate":"https:\/\/gr-100.com\/?s={search_term_string}"},"query-input":{"@type":"PropertyValueSpecification","valueRequired":true,"valueName":"search_term_string"}}],"inLanguage":"en-US"},{"@type":"Organization","@id":"https:\/\/gr-100.com\/#organization","name":"Gr-100","url":"https:\/\/gr-100.com\/","logo":{"@type":"ImageObject","inLanguage":"en-US","@id":"https:\/\/gr-100.com\/#\/schema\/logo\/image\/","url":"https:\/\/gr-100.com\/wp-content\/uploads\/2023\/08\/logo-gr-100-bikes.png","contentUrl":"https:\/\/gr-100.com\/wp-content\/uploads\/2023\/08\/logo-gr-100-bikes.png","width":707,"height":284,"caption":"Gr-100"},"image":{"@id":"https:\/\/gr-100.com\/#\/schema\/logo\/image\/"},"sameAs":["https:\/\/www.facebook.com\/Gr100Bikes","https:\/\/www.instagram.com\/gr100bikes\/","https:\/\/www.tiktok.com\/@gr100bikes","https:\/\/twitter.com\/gr100mtbteam","https:\/\/www.youtube.com\/c\/GR100Specialized"]}]}},"_links":{"self":[{"href":"https:\/\/gr-100.com\/en\/wp-json\/wp\/v2\/product\/426167","targetHints":{"allow":["GET"]}}],"collection":[{"href":"https:\/\/gr-100.com\/en\/wp-json\/wp\/v2\/product"}],"about":[{"href":"https:\/\/gr-100.com\/en\/wp-json\/wp\/v2\/types\/product"}],"replies":[{"embeddable":true,"href":"https:\/\/gr-100.com\/en\/wp-json\/wp\/v2\/comments?post=426167"}],"wp:featuredmedia":[{"embeddable":true,"href":"https:\/\/gr-100.com\/en\/wp-json\/wp\/v2\/media\/392673"}],"wp:attachment":[{"href":"https:\/\/gr-100.com\/en\/wp-json\/wp\/v2\/media?parent=426167"}],"wp:term":[{"taxonomy":"product_brand","embeddable":true,"href":"https:\/\/gr-100.com\/en\/wp-json\/wp\/v2\/product_brand?post=426167"},{"taxonomy":"product_cat","embeddable":true,"href":"https:\/\/gr-100.com\/en\/wp-json\/wp\/v2\/product_cat?post=426167"},{"taxonomy":"product_tag","embeddable":true,"href":"https:\/\/gr-100.com\/en\/wp-json\/wp\/v2\/product_tag?post=426167"}],"curies":[{"name":"wp","href":"https:\/\/api.w.org\/{rel}","templated":true}]}}