{"id":426301,"date":"2026-01-08T11:56:46","date_gmt":"2026-01-08T10:56:46","guid":{"rendered":"https:\/\/gr-100.com\/?post_type=product&#038;p=426301"},"modified":"2026-01-08T12:30:46","modified_gmt":"2026-01-08T10:30:46","slug":"specialized-rockhopper-base-kh-2026-275-copia","status":"publish","type":"product","link":"https:\/\/gr-100.com\/en\/producto\/specialized-rockhopper-base-kh-2026-275-copia\/","title":{"rendered":"Specialized ROCKHOPPER BASE KH 2026 27\u00b45\u00b4\u00b4 (copia)"},"content":{"rendered":"<ul>\n<li>Un coraz\u00f3n de oro, presentado en nuestro ligero pero duradero aluminio Premium A1. El cuadro de aluminio butted del Rockhopper cuenta con tubos superior e inferior hidroformados para mantener el peso bajo y la resistencia alta, al tiempo que ofrece mayor espacio para el paso de la pierna, un enrutamiento interno de cables limpio y compatibilidad con tija telesc\u00f3pica. <\/li>\n<li>Con el objetivo de asegurarnos de que el Rockhopper ofrezca tanto el mejor ajuste como el mejor rendimiento para cada persona, sin importar sus medidas, hemos emparejado cada tama\u00f1o de cuadro Rockhopper con el tama\u00f1o de rueda \u00f3ptimo. El resultado es un Rockhopper que se adapta a cada ciclista y la garant\u00eda de que cada Rockhopper rueda sobre la rueda con mejor manejo para su tama\u00f1o de cuadro. <\/li>\n<li>Llevando por primera vez nuestro ajuste Rx Tune al Rockhopper, la horquilla SR Suntour XCM con amortiguaci\u00f3n Multi-Circuit personalizada aporta recorridos y tarados de muelle espec\u00edficos seg\u00fan la talla, ofreciendo un rendimiento que sin duda impresiona y garantizando una geometr\u00eda, un manejo y un funcionamiento de la suspensi\u00f3n consistentes, independientemente del tama\u00f1o del cuadro o de la rueda.<\/li>\n<li>Combinamos los ejes ultraconfiables de Formula con nuestras llantas de 25 mil\u00edmetros de di\u00e1metro interno para lograr un tr\u00edo ganador en el juego de ruedas: fuertes, ligeras y duraderas.<\/li>\n<li>Technical specifications<\/li>\n<li>Cuadro<br \/>\nCuadro<br \/>\nSpecialized A1 premium butted alloy, zero-stack head tube, internal cable routing, 135x9mm forged dropouts, chainstay-mounted disc brake, replaceable alloy derailleur hanger, stealth rack mounts, dropper post compatible<br \/>\nAbrazadera del sill\u00edn<br \/>\nAlloy, quick release, 34.9<\/li>\n<li>Suspensi\u00f3n<br \/>\nHorquilla<br \/>\nSR Suntour XCE 26\/27.5\/29, 28mm stanchions, coil spring, QR, 80\/90\/100mm travel (size-specific), 42mm offset<\/li>\n<li>Frenos<br \/>\nFreno delantero<br \/>\nTektro HD-M280, 2-piston caliper, hydrailic disc<br \/>\nFreno trasero<br \/>\nTektro HD-M280, 2-piston caliper, hydrailic disc<\/li>\n<li>Transmisi\u00f3n<br \/>\nDesviador delantero<br \/>\nShimano Altus 2-speed<br \/>\nDesviador trasero<br \/>\nShimano Altus, 9-speed<br \/>\nManetas de cambio<br \/>\nShimano Altus, RapidFire Plus, 9-speed<br \/>\nCassette<br \/>\nSunRace, 9-Speed, 11-36t<br \/>\nCadena<br \/>\nKMC X9EPT, 9-speed, anti-corrosion coating w\/ reusable Missing Link\u2122<br \/>\nPlatos y bielas<br \/>\nStout 2x, forged alloy<br \/>\nCaja de pedalier<br \/>\nSquare-tapered, 73mm, internal bearings, 122.5mm spindle<\/li>\n<li>Ruedas y neum\u00e1ticos<br \/>\nLlantas<br \/>\nSpecialized alloy, disc only, double-wall, 25mm inner width, 32h<br \/>\nBuje delantero<br \/>\nAlloy, Sealed bearing, 6-Bolt, disc, 100x9mm spacing, quick-release<br \/>\nBuje trasero<br \/>\nAlloy Sealed bearing, 6-Bolt, disc, 135x9mm spacing, quick-release<br \/>\nRadios<br \/>\nStainless, 14g<br \/>\nNeum\u00e1tico delantero<br \/>\nGround Control 2BR, 650B\/29&#215;2.35, T5<br \/>\nNeum\u00e1tico trasero<br \/>\nGround Control 2BR, 650B\/29&#215;2.35, T5<br \/>\nC\u00e1maras<br \/>\nStandard, Schrader Valve<\/li>\n<li>Cockpit<br \/>\nPotencia<br \/>\nStout 3D-forged alloy, 31.8mm, 6-degree rise<br \/>\nManillar<br \/>\nAlloy Mini Rise, 9-degree backsweep, 15mm rise, 31.8mm<br \/>\nPu\u00f1os<br \/>\nSpecialized Trail Grips, lock-on<br \/>\nSill\u00edn<br \/>\nBridge Sport, Steel rails, 155\/143mm<br \/>\nTija del sill\u00edn<br \/>\nAlloy, 2-bolt clamp, 30.9mm<\/li>\n<li>Accesorios<br \/>\nPedales<br \/>\nSpecialized, platform<\/li>\n<li>Detalles del producto<br \/>\nIdentificador del producto<br \/>\n279922<\/li>\n<li>Peso<br \/>\nPeso<br \/>\n14.1 kg (31 lb, 1.4 oz)<br \/>\nTalla<br \/>\nMD<\/li>\n<\/ul>\n","protected":false},"excerpt":{"rendered":"<p>Mejor rendimiento. Mejor valor. Mejor Rockhopper. Al aprovechar las ventajas en ajuste y manejo que supone emparejar a cada ciclista con el tama\u00f1o de rueda ideal y una suspensi\u00f3n que trabaja al m\u00e1ximo para todos gracias a nuestro Rx Tune espec\u00edfico por talla, hemos incorporado un rendimiento adicional al Rockhopper sin aumentar el precio.   <\/p>\n","protected":false},"featured_media":426092,"comment_status":"open","ping_status":"closed","template":"","meta":{"_acf_changed":false,"_et_pb_use_builder":"","_et_pb_old_content":"","_et_gb_content_width":"","inline_featured_image":false},"product_brand":[],"product_cat":[5370,5371,5367,2449,358],"product_tag":[],"class_list":{"0":"post-426301","1":"product","2":"type-product","3":"status-publish","4":"has-post-thumbnail","6":"product_cat-bicicletas-montana-29-en","7":"product_cat-bicicletas-montana-cross-country-xc-en","8":"product_cat-bicicletas-montana-specialized-en","9":"product_cat-bicycles","10":"product_cat-mountain","12":"first","13":"instock","14":"taxable","15":"shipping-taxable","16":"purchasable","17":"product-type-variable","18":"wvs-archive-product-wrapper"},"acf":[],"yoast_head":"<!-- This site is optimized with the Yoast SEO Premium plugin v26.7 (Yoast SEO v26.7) - https:\/\/yoast.com\/wordpress\/plugins\/seo\/ -->\n<title>Specialized ROCKHOPPER BASE KH 2026 27\u00b45\u00b4\u00b4 (copia)<\/title>\n<meta name=\"description\" content=\"Mejor rendimiento. Mejor valor. Mejor Rockhopper. Al aprovechar las ventajas en ajuste y manejo que supone emparejar a cada ciclista con el tama\u00f1o de rueda ideal y una suspensi\u00f3n que trabaja al m\u00e1ximo para todos gracias a nuestro Rx Tune espec\u00edfico por talla, hemos incorporado un rendimiento adicional al Rockhopper sin aumentar el precio.\" \/>\n<meta name=\"robots\" content=\"index, follow, max-snippet:-1, max-image-preview:large, max-video-preview:-1\" \/>\n<link rel=\"canonical\" href=\"https:\/\/gr-100.com\/en\/producto\/specialized-rockhopper-base-kh-2026-275-copia\/\" \/>\n<meta property=\"og:locale\" content=\"en_US\" \/>\n<meta property=\"og:type\" content=\"article\" \/>\n<meta property=\"og:title\" content=\"Specialized ROCKHOPPER BASE KH 2026 27\u00b45\u00b4\u00b4 (copia)\" \/>\n<meta property=\"og:description\" content=\"Mejor rendimiento. Mejor valor. Mejor Rockhopper. Al aprovechar las ventajas en ajuste y manejo que supone emparejar a cada ciclista con el tama\u00f1o de rueda ideal y una suspensi\u00f3n que trabaja al m\u00e1ximo para todos gracias a nuestro Rx Tune espec\u00edfico por talla, hemos incorporado un rendimiento adicional al Rockhopper sin aumentar el precio.\" \/>\n<meta property=\"og:url\" content=\"https:\/\/gr-100.com\/en\/producto\/specialized-rockhopper-base-kh-2026-275-copia\/\" \/>\n<meta property=\"og:site_name\" content=\"Gr-100 Tienda de ciclismo Specialized\" \/>\n<meta property=\"article:publisher\" content=\"https:\/\/www.facebook.com\/Gr100Bikes\" \/>\n<meta property=\"og:image\" content=\"https:\/\/gr-100.com\/wp-content\/uploads\/2026\/01\/Diseno-sin-titulo-2026-01-07T140755.591.jpg\" \/>\n\t<meta property=\"og:image:width\" content=\"1000\" \/>\n\t<meta property=\"og:image:height\" content=\"1000\" \/>\n\t<meta property=\"og:image:type\" content=\"image\/jpeg\" \/>\n<meta name=\"twitter:card\" content=\"summary_large_image\" \/>\n<meta name=\"twitter:label1\" content=\"Est. reading time\" \/>\n\t<meta name=\"twitter:data1\" content=\"2 minutes\" \/>\n<script type=\"application\/ld+json\" class=\"yoast-schema-graph\">{\"@context\":\"https:\/\/schema.org\",\"@graph\":[{\"@type\":\"WebPage\",\"@id\":\"https:\/\/gr-100.com\/en\/producto\/specialized-rockhopper-base-kh-2026-275-copia\/\",\"url\":\"https:\/\/gr-100.com\/en\/producto\/specialized-rockhopper-base-kh-2026-275-copia\/\",\"name\":\"Specialized ROCKHOPPER BASE KH 2026 27\u00b45\u00b4\u00b4 (copia)\",\"isPartOf\":{\"@id\":\"https:\/\/gr-100.com\/#website\"},\"primaryImageOfPage\":{\"@id\":\"https:\/\/gr-100.com\/en\/producto\/specialized-rockhopper-base-kh-2026-275-copia\/#primaryimage\"},\"image\":{\"@id\":\"https:\/\/gr-100.com\/en\/producto\/specialized-rockhopper-base-kh-2026-275-copia\/#primaryimage\"},\"thumbnailUrl\":\"https:\/\/gr-100.com\/wp-content\/uploads\/2026\/01\/Diseno-sin-titulo-2026-01-07T140755.591.jpg\",\"datePublished\":\"2026-01-08T10:56:46+00:00\",\"description\":\"Mejor rendimiento. Mejor valor. Mejor Rockhopper. Al aprovechar las ventajas en ajuste y manejo que supone emparejar a cada ciclista con el tama\u00f1o de rueda ideal y una suspensi\u00f3n que trabaja al m\u00e1ximo para todos gracias a nuestro Rx Tune espec\u00edfico por talla, hemos incorporado un rendimiento adicional al Rockhopper sin aumentar el precio.\",\"breadcrumb\":{\"@id\":\"https:\/\/gr-100.com\/en\/producto\/specialized-rockhopper-base-kh-2026-275-copia\/#breadcrumb\"},\"inLanguage\":\"en-US\",\"potentialAction\":[{\"@type\":\"ReadAction\",\"target\":[\"https:\/\/gr-100.com\/en\/producto\/specialized-rockhopper-base-kh-2026-275-copia\/\"]}]},{\"@type\":\"ImageObject\",\"inLanguage\":\"en-US\",\"@id\":\"https:\/\/gr-100.com\/en\/producto\/specialized-rockhopper-base-kh-2026-275-copia\/#primaryimage\",\"url\":\"https:\/\/gr-100.com\/wp-content\/uploads\/2026\/01\/Diseno-sin-titulo-2026-01-07T140755.591.jpg\",\"contentUrl\":\"https:\/\/gr-100.com\/wp-content\/uploads\/2026\/01\/Diseno-sin-titulo-2026-01-07T140755.591.jpg\",\"width\":1000,\"height\":1000},{\"@type\":\"BreadcrumbList\",\"@id\":\"https:\/\/gr-100.com\/en\/producto\/specialized-rockhopper-base-kh-2026-275-copia\/#breadcrumb\",\"itemListElement\":[{\"@type\":\"ListItem\",\"position\":1,\"name\":\"Portada\",\"item\":\"https:\/\/gr-100.com\/pt-pt\/\"},{\"@type\":\"ListItem\",\"position\":2,\"name\":\"Productos\",\"item\":\"https:\/\/gr-100.com\/?post_type=product\"},{\"@type\":\"ListItem\",\"position\":3,\"name\":\"Specialized ROCKHOPPER BASE KH 2026 27\u00b45\u00b4\u00b4 (copia)\"}]},{\"@type\":\"WebSite\",\"@id\":\"https:\/\/gr-100.com\/#website\",\"url\":\"https:\/\/gr-100.com\/\",\"name\":\"Gr-100 Tienda de ciclismo Specialized\",\"description\":\"GR-100 tenemos todas las gamas de bicicletas Specialized al mejor precio.\",\"publisher\":{\"@id\":\"https:\/\/gr-100.com\/#organization\"},\"alternateName\":\"Gr-100 Bikes\",\"potentialAction\":[{\"@type\":\"SearchAction\",\"target\":{\"@type\":\"EntryPoint\",\"urlTemplate\":\"https:\/\/gr-100.com\/?s={search_term_string}\"},\"query-input\":{\"@type\":\"PropertyValueSpecification\",\"valueRequired\":true,\"valueName\":\"search_term_string\"}}],\"inLanguage\":\"en-US\"},{\"@type\":\"Organization\",\"@id\":\"https:\/\/gr-100.com\/#organization\",\"name\":\"Gr-100\",\"url\":\"https:\/\/gr-100.com\/\",\"logo\":{\"@type\":\"ImageObject\",\"inLanguage\":\"en-US\",\"@id\":\"https:\/\/gr-100.com\/#\/schema\/logo\/image\/\",\"url\":\"https:\/\/gr-100.com\/wp-content\/uploads\/2023\/08\/logo-gr-100-bikes.png\",\"contentUrl\":\"https:\/\/gr-100.com\/wp-content\/uploads\/2023\/08\/logo-gr-100-bikes.png\",\"width\":707,\"height\":284,\"caption\":\"Gr-100\"},\"image\":{\"@id\":\"https:\/\/gr-100.com\/#\/schema\/logo\/image\/\"},\"sameAs\":[\"https:\/\/www.facebook.com\/Gr100Bikes\",\"https:\/\/www.instagram.com\/gr100bikes\/\",\"https:\/\/www.tiktok.com\/@gr100bikes\",\"https:\/\/twitter.com\/gr100mtbteam\",\"https:\/\/www.youtube.com\/c\/GR100Specialized\"]}]}<\/script>\n<!-- \/ Yoast SEO Premium plugin. -->","yoast_head_json":{"title":"Specialized ROCKHOPPER BASE KH 2026 27\u00b45\u00b4\u00b4 (copia)","description":"Mejor rendimiento. Mejor valor. Mejor Rockhopper. Al aprovechar las ventajas en ajuste y manejo que supone emparejar a cada ciclista con el tama\u00f1o de rueda ideal y una suspensi\u00f3n que trabaja al m\u00e1ximo para todos gracias a nuestro Rx Tune espec\u00edfico por talla, hemos incorporado un rendimiento adicional al Rockhopper sin aumentar el precio.","robots":{"index":"index","follow":"follow","max-snippet":"max-snippet:-1","max-image-preview":"max-image-preview:large","max-video-preview":"max-video-preview:-1"},"canonical":"https:\/\/gr-100.com\/en\/producto\/specialized-rockhopper-base-kh-2026-275-copia\/","og_locale":"en_US","og_type":"article","og_title":"Specialized ROCKHOPPER BASE KH 2026 27\u00b45\u00b4\u00b4 (copia)","og_description":"Mejor rendimiento. Mejor valor. Mejor Rockhopper. Al aprovechar las ventajas en ajuste y manejo que supone emparejar a cada ciclista con el tama\u00f1o de rueda ideal y una suspensi\u00f3n que trabaja al m\u00e1ximo para todos gracias a nuestro Rx Tune espec\u00edfico por talla, hemos incorporado un rendimiento adicional al Rockhopper sin aumentar el precio.","og_url":"https:\/\/gr-100.com\/en\/producto\/specialized-rockhopper-base-kh-2026-275-copia\/","og_site_name":"Gr-100 Tienda de ciclismo Specialized","article_publisher":"https:\/\/www.facebook.com\/Gr100Bikes","og_image":[{"width":1000,"height":1000,"url":"https:\/\/gr-100.com\/wp-content\/uploads\/2026\/01\/Diseno-sin-titulo-2026-01-07T140755.591.jpg","type":"image\/jpeg"}],"twitter_card":"summary_large_image","twitter_misc":{"Est. reading time":"2 minutes"},"schema":{"@context":"https:\/\/schema.org","@graph":[{"@type":"WebPage","@id":"https:\/\/gr-100.com\/en\/producto\/specialized-rockhopper-base-kh-2026-275-copia\/","url":"https:\/\/gr-100.com\/en\/producto\/specialized-rockhopper-base-kh-2026-275-copia\/","name":"Specialized ROCKHOPPER BASE KH 2026 27\u00b45\u00b4\u00b4 (copia)","isPartOf":{"@id":"https:\/\/gr-100.com\/#website"},"primaryImageOfPage":{"@id":"https:\/\/gr-100.com\/en\/producto\/specialized-rockhopper-base-kh-2026-275-copia\/#primaryimage"},"image":{"@id":"https:\/\/gr-100.com\/en\/producto\/specialized-rockhopper-base-kh-2026-275-copia\/#primaryimage"},"thumbnailUrl":"https:\/\/gr-100.com\/wp-content\/uploads\/2026\/01\/Diseno-sin-titulo-2026-01-07T140755.591.jpg","datePublished":"2026-01-08T10:56:46+00:00","description":"Mejor rendimiento. Mejor valor. Mejor Rockhopper. Al aprovechar las ventajas en ajuste y manejo que supone emparejar a cada ciclista con el tama\u00f1o de rueda ideal y una suspensi\u00f3n que trabaja al m\u00e1ximo para todos gracias a nuestro Rx Tune espec\u00edfico por talla, hemos incorporado un rendimiento adicional al Rockhopper sin aumentar el precio.","breadcrumb":{"@id":"https:\/\/gr-100.com\/en\/producto\/specialized-rockhopper-base-kh-2026-275-copia\/#breadcrumb"},"inLanguage":"en-US","potentialAction":[{"@type":"ReadAction","target":["https:\/\/gr-100.com\/en\/producto\/specialized-rockhopper-base-kh-2026-275-copia\/"]}]},{"@type":"ImageObject","inLanguage":"en-US","@id":"https:\/\/gr-100.com\/en\/producto\/specialized-rockhopper-base-kh-2026-275-copia\/#primaryimage","url":"https:\/\/gr-100.com\/wp-content\/uploads\/2026\/01\/Diseno-sin-titulo-2026-01-07T140755.591.jpg","contentUrl":"https:\/\/gr-100.com\/wp-content\/uploads\/2026\/01\/Diseno-sin-titulo-2026-01-07T140755.591.jpg","width":1000,"height":1000},{"@type":"BreadcrumbList","@id":"https:\/\/gr-100.com\/en\/producto\/specialized-rockhopper-base-kh-2026-275-copia\/#breadcrumb","itemListElement":[{"@type":"ListItem","position":1,"name":"Portada","item":"https:\/\/gr-100.com\/pt-pt\/"},{"@type":"ListItem","position":2,"name":"Productos","item":"https:\/\/gr-100.com\/?post_type=product"},{"@type":"ListItem","position":3,"name":"Specialized ROCKHOPPER BASE KH 2026 27\u00b45\u00b4\u00b4 (copia)"}]},{"@type":"WebSite","@id":"https:\/\/gr-100.com\/#website","url":"https:\/\/gr-100.com\/","name":"Gr-100 Tienda de ciclismo Specialized","description":"GR-100 tenemos todas las gamas de bicicletas Specialized al mejor precio.","publisher":{"@id":"https:\/\/gr-100.com\/#organization"},"alternateName":"Gr-100 Bikes","potentialAction":[{"@type":"SearchAction","target":{"@type":"EntryPoint","urlTemplate":"https:\/\/gr-100.com\/?s={search_term_string}"},"query-input":{"@type":"PropertyValueSpecification","valueRequired":true,"valueName":"search_term_string"}}],"inLanguage":"en-US"},{"@type":"Organization","@id":"https:\/\/gr-100.com\/#organization","name":"Gr-100","url":"https:\/\/gr-100.com\/","logo":{"@type":"ImageObject","inLanguage":"en-US","@id":"https:\/\/gr-100.com\/#\/schema\/logo\/image\/","url":"https:\/\/gr-100.com\/wp-content\/uploads\/2023\/08\/logo-gr-100-bikes.png","contentUrl":"https:\/\/gr-100.com\/wp-content\/uploads\/2023\/08\/logo-gr-100-bikes.png","width":707,"height":284,"caption":"Gr-100"},"image":{"@id":"https:\/\/gr-100.com\/#\/schema\/logo\/image\/"},"sameAs":["https:\/\/www.facebook.com\/Gr100Bikes","https:\/\/www.instagram.com\/gr100bikes\/","https:\/\/www.tiktok.com\/@gr100bikes","https:\/\/twitter.com\/gr100mtbteam","https:\/\/www.youtube.com\/c\/GR100Specialized"]}]}},"_links":{"self":[{"href":"https:\/\/gr-100.com\/en\/wp-json\/wp\/v2\/product\/426301","targetHints":{"allow":["GET"]}}],"collection":[{"href":"https:\/\/gr-100.com\/en\/wp-json\/wp\/v2\/product"}],"about":[{"href":"https:\/\/gr-100.com\/en\/wp-json\/wp\/v2\/types\/product"}],"replies":[{"embeddable":true,"href":"https:\/\/gr-100.com\/en\/wp-json\/wp\/v2\/comments?post=426301"}],"wp:featuredmedia":[{"embeddable":true,"href":"https:\/\/gr-100.com\/en\/wp-json\/wp\/v2\/media\/426092"}],"wp:attachment":[{"href":"https:\/\/gr-100.com\/en\/wp-json\/wp\/v2\/media?parent=426301"}],"wp:term":[{"taxonomy":"product_brand","embeddable":true,"href":"https:\/\/gr-100.com\/en\/wp-json\/wp\/v2\/product_brand?post=426301"},{"taxonomy":"product_cat","embeddable":true,"href":"https:\/\/gr-100.com\/en\/wp-json\/wp\/v2\/product_cat?post=426301"},{"taxonomy":"product_tag","embeddable":true,"href":"https:\/\/gr-100.com\/en\/wp-json\/wp\/v2\/product_tag?post=426301"}],"curies":[{"name":"wp","href":"https:\/\/api.w.org\/{rel}","templated":true}]}}