{"id":427099,"date":"2025-10-02T17:59:12","date_gmt":"2025-10-02T16:59:12","guid":{"rendered":"https:\/\/gr-100.com\/producto\/specialized-s-works-aethos-2-red-axs-2026\/"},"modified":"2025-10-02T17:59:12","modified_gmt":"2025-10-02T15:59:12","slug":"specialized-s-works-aethos-2-red-axs-2026","status":"publish","type":"product","link":"https:\/\/gr-100.com\/en\/producto\/specialized-s-works-aethos-2-red-axs-2026\/","title":{"rendered":"Specialized S-Works Aethos 2 RED AXS 2026"},"content":{"rendered":"<ul>\n<li>Con solo 595 gramos, la S-Works Aethos 2 es el cuadro de carretera de producci\u00f3n m\u00e1s ligero del mundo. Pero ese nunca fue el objetivo. <\/li>\n<li>TECHNICAL SPECIFICATIONS<\/li>\n<li>Cuadro<br \/>\nCuadro: S-Works Aethos 2 FACT 12r Carbon, Rider First Engineered\u2122, caja de pedalier roscada (BB), guiado de cables interno, eje pasante 12&#215;142 mm, freno de disco flat-mount<\/li>\n<li>Suspensi\u00f3n<br \/>\nHorquilla: S-Works Aethos 2 FACT 12r Carbon, eje pasante 12&#215;100 mm, freno de disco flat-mount<\/li>\n<li>Frenos<br \/>\nFreno delantero: SRAM RED E1, disco hidr\u00e1ulico<br \/>\nFreno trasero: SRAM RED E1, disco hidr\u00e1ulico<\/li>\n<li>Transmisi\u00f3n<br \/>\nCaja de pedalier: SRAM DUB BSA 68<br \/>\nCadena: SRAM RED de 12 velocidades<br \/>\nBielas: SRAM RED AXS con potenci\u00f3metro, 48\/35<br \/>\nDesviador delantero: SRAM RED AXS E1, tipo braze-on<br \/>\nManetas de cambio: SRAM RED AXS E1, con frenos hidr\u00e1ulicos<br \/>\nCassette: SRAM RED XG-1290 E1, 12 velocidades, 10-33t<br \/>\nCambio trasero: SRAM RED AXS E1<\/li>\n<li>Ruedas y Neum\u00e1ticos<br \/>\nC\u00e1maras: 700&#215;25-35, v\u00e1lvula Presta de 50 mm, TPU<br \/>\nNeum\u00e1tico delantero: S-Works Turbo TLR Race, 700x28c<br \/>\nNeum\u00e1tico trasero: S-Works Turbo TLR Race, 700x28c<br \/>\nRueda delantera: Roval Alpinist CLX III, Tubeless, llanta de carbono con 33 mm de profundidad, 26,5 mm de ancho externo y 21 mm de ancho interno, buje Roval LF21-F de 21 radios con rodamientos cer\u00e1micos Sinc, radios aero compuestos Roval by ARRIS con terminales de titanio<br \/>\nRueda trasera: Roval Alpinist CLX III, Tubeless, llanta de carbono con 33 mm de profundidad, 26,5 mm de ancho externo y 21 mm de ancho interno, buje Roval LF19-R de 24 radios con rodamientos cer\u00e1micos Sinc, radios aero compuestos Roval by ARRIS con terminales de titanio<\/li>\n<li>Componentes (Cockpit)<br \/>\nManillar\/Potencia: Roval Alpinist Cockpit II, manillar y potencia integrados<br \/>\nTija de sill\u00edn: Roval Alpinist de carbono, con abrazadera ligera<br \/>\nSill\u00edn: S-Works Power con tecnolog\u00eda Mirror<br \/>\nAbrazadera de sill\u00edn: Specialized de aleaci\u00f3n, 30,0 mm, tornillo de titanio<br \/>\nCinta de manillar: Supacaz Super Sticky Kush<\/li>\n<li>Detalles del Producto<br \/>\nID del producto: 221563<br \/>\nPeso: 5,98 kg (13 lb, 2,9 oz), tubeless<br \/>\nTalla del peso: 56<\/li>\n<\/ul>\n","protected":false},"excerpt":{"rendered":"<p>Dise\u00f1ada rompiendo las reglas del ciclismo de competici\u00f3n para ofrecer una experiencia de conducci\u00f3n pura y placentera, la Aethos 2 est\u00e1 pensada para desaparecer bajo ti. Imposiblemente sensible, suave y sublime. Ahora, con mayor espacio para neum\u00e1ticos, componentes refinados y una geometr\u00eda mejorada basada en datos para un ajuste m\u00e1s preciso, ofrece esa sensaci\u00f3n de conducci\u00f3n trascendental a m\u00e1s ciclistas que nunca.  <\/p>\n","protected":false},"featured_media":418347,"comment_status":"open","ping_status":"closed","template":"","meta":{"_acf_changed":false,"_et_pb_use_builder":"","_et_pb_old_content":"","_et_gb_content_width":"","inline_featured_image":false},"product_brand":[],"product_cat":[2449,334,5319,5317,5318],"product_tag":[],"class_list":{"0":"post-427099","1":"product","2":"type-product","3":"status-publish","4":"has-post-thumbnail","6":"product_cat-bicycles","7":"product_cat-road","8":"product_cat-bicicletas-carretera-carbono-en","9":"product_cat-bicicletas-carretera-s-works-en","10":"product_cat-bicicletas-carretera-specialized-en","11":"product_shipping_class-bicicletas-en","13":"first","14":"instock","15":"taxable","16":"shipping-taxable","17":"purchasable","18":"product-type-variable","19":"wvs-archive-product-wrapper"},"acf":[],"yoast_head":"<!-- This site is optimized with the Yoast SEO Premium plugin v26.7 (Yoast SEO v26.7) - https:\/\/yoast.com\/wordpress\/plugins\/seo\/ -->\n<title>Specialized S-Works Aethos 2 RED AXS 2026 GR-100<\/title>\n<meta name=\"description\" content=\"Dise\u00f1ada rompiendo las reglas del ciclismo de competici\u00f3n, ofrece una experiencia de conducci\u00f3n pura y placentera, est\u00e1 pensada para desaparecer bajo ti\" \/>\n<meta name=\"robots\" content=\"index, follow, max-snippet:-1, max-image-preview:large, max-video-preview:-1\" \/>\n<link rel=\"canonical\" href=\"https:\/\/gr-100.com\/en\/producto\/specialized-s-works-aethos-2-red-axs-2026\/\" \/>\n<meta property=\"og:locale\" content=\"en_US\" \/>\n<meta property=\"og:type\" content=\"article\" \/>\n<meta property=\"og:title\" content=\"Specialized S-Works Aethos 2 RED AXS 2026\" \/>\n<meta property=\"og:description\" content=\"Dise\u00f1ada rompiendo las reglas del ciclismo de competici\u00f3n, ofrece una experiencia de conducci\u00f3n pura y placentera, est\u00e1 pensada para desaparecer bajo ti\" \/>\n<meta property=\"og:url\" content=\"https:\/\/gr-100.com\/en\/producto\/specialized-s-works-aethos-2-red-axs-2026\/\" \/>\n<meta property=\"og:site_name\" content=\"Gr-100 Tienda de ciclismo Specialized\" \/>\n<meta property=\"article:publisher\" content=\"https:\/\/www.facebook.com\/Gr100Bikes\" \/>\n<meta property=\"og:image\" content=\"https:\/\/gr-100.com\/wp-content\/uploads\/2025\/10\/aethos_26_1.jpg\" \/>\n\t<meta property=\"og:image:width\" content=\"1000\" \/>\n\t<meta property=\"og:image:height\" content=\"1000\" \/>\n\t<meta property=\"og:image:type\" content=\"image\/jpeg\" \/>\n<meta name=\"twitter:card\" content=\"summary_large_image\" \/>\n<meta name=\"twitter:label1\" content=\"Est. reading time\" \/>\n\t<meta name=\"twitter:data1\" content=\"2 minutes\" \/>\n<script type=\"application\/ld+json\" class=\"yoast-schema-graph\">{\"@context\":\"https:\/\/schema.org\",\"@graph\":[{\"@type\":\"WebPage\",\"@id\":\"https:\/\/gr-100.com\/en\/producto\/specialized-s-works-aethos-2-red-axs-2026\/\",\"url\":\"https:\/\/gr-100.com\/en\/producto\/specialized-s-works-aethos-2-red-axs-2026\/\",\"name\":\"Specialized S-Works Aethos 2 RED AXS 2026 GR-100\",\"isPartOf\":{\"@id\":\"https:\/\/gr-100.com\/#website\"},\"primaryImageOfPage\":{\"@id\":\"https:\/\/gr-100.com\/en\/producto\/specialized-s-works-aethos-2-red-axs-2026\/#primaryimage\"},\"image\":{\"@id\":\"https:\/\/gr-100.com\/en\/producto\/specialized-s-works-aethos-2-red-axs-2026\/#primaryimage\"},\"thumbnailUrl\":\"https:\/\/gr-100.com\/wp-content\/uploads\/2025\/10\/aethos_26_1.jpg\",\"datePublished\":\"2025-10-02T16:59:12+00:00\",\"description\":\"Dise\u00f1ada rompiendo las reglas del ciclismo de competici\u00f3n, ofrece una experiencia de conducci\u00f3n pura y placentera, est\u00e1 pensada para desaparecer bajo ti\",\"breadcrumb\":{\"@id\":\"https:\/\/gr-100.com\/en\/producto\/specialized-s-works-aethos-2-red-axs-2026\/#breadcrumb\"},\"inLanguage\":\"en-US\",\"potentialAction\":[{\"@type\":\"ReadAction\",\"target\":[\"https:\/\/gr-100.com\/en\/producto\/specialized-s-works-aethos-2-red-axs-2026\/\"]}]},{\"@type\":\"ImageObject\",\"inLanguage\":\"en-US\",\"@id\":\"https:\/\/gr-100.com\/en\/producto\/specialized-s-works-aethos-2-red-axs-2026\/#primaryimage\",\"url\":\"https:\/\/gr-100.com\/wp-content\/uploads\/2025\/10\/aethos_26_1.jpg\",\"contentUrl\":\"https:\/\/gr-100.com\/wp-content\/uploads\/2025\/10\/aethos_26_1.jpg\",\"width\":1000,\"height\":1000},{\"@type\":\"BreadcrumbList\",\"@id\":\"https:\/\/gr-100.com\/en\/producto\/specialized-s-works-aethos-2-red-axs-2026\/#breadcrumb\",\"itemListElement\":[{\"@type\":\"ListItem\",\"position\":1,\"name\":\"Portada\",\"item\":\"https:\/\/gr-100.com\/pt-pt\/\"},{\"@type\":\"ListItem\",\"position\":2,\"name\":\"Productos\",\"item\":\"https:\/\/gr-100.com\/?post_type=product\"},{\"@type\":\"ListItem\",\"position\":3,\"name\":\"Specialized S-Works Aethos 2 RED AXS 2026\"}]},{\"@type\":\"WebSite\",\"@id\":\"https:\/\/gr-100.com\/#website\",\"url\":\"https:\/\/gr-100.com\/\",\"name\":\"Gr-100 Tienda de ciclismo Specialized\",\"description\":\"GR-100 tenemos todas las gamas de bicicletas Specialized al mejor precio.\",\"publisher\":{\"@id\":\"https:\/\/gr-100.com\/#organization\"},\"alternateName\":\"Gr-100 Bikes\",\"potentialAction\":[{\"@type\":\"SearchAction\",\"target\":{\"@type\":\"EntryPoint\",\"urlTemplate\":\"https:\/\/gr-100.com\/?s={search_term_string}\"},\"query-input\":{\"@type\":\"PropertyValueSpecification\",\"valueRequired\":true,\"valueName\":\"search_term_string\"}}],\"inLanguage\":\"en-US\"},{\"@type\":\"Organization\",\"@id\":\"https:\/\/gr-100.com\/#organization\",\"name\":\"Gr-100\",\"url\":\"https:\/\/gr-100.com\/\",\"logo\":{\"@type\":\"ImageObject\",\"inLanguage\":\"en-US\",\"@id\":\"https:\/\/gr-100.com\/#\/schema\/logo\/image\/\",\"url\":\"https:\/\/gr-100.com\/wp-content\/uploads\/2023\/08\/logo-gr-100-bikes.png\",\"contentUrl\":\"https:\/\/gr-100.com\/wp-content\/uploads\/2023\/08\/logo-gr-100-bikes.png\",\"width\":707,\"height\":284,\"caption\":\"Gr-100\"},\"image\":{\"@id\":\"https:\/\/gr-100.com\/#\/schema\/logo\/image\/\"},\"sameAs\":[\"https:\/\/www.facebook.com\/Gr100Bikes\",\"https:\/\/www.instagram.com\/gr100bikes\/\",\"https:\/\/www.tiktok.com\/@gr100bikes\",\"https:\/\/twitter.com\/gr100mtbteam\",\"https:\/\/www.youtube.com\/c\/GR100Specialized\"]}]}<\/script>\n<!-- \/ Yoast SEO Premium plugin. -->","yoast_head_json":{"title":"Specialized S-Works Aethos 2 RED AXS 2026 GR-100","description":"Dise\u00f1ada rompiendo las reglas del ciclismo de competici\u00f3n, ofrece una experiencia de conducci\u00f3n pura y placentera, est\u00e1 pensada para desaparecer bajo ti","robots":{"index":"index","follow":"follow","max-snippet":"max-snippet:-1","max-image-preview":"max-image-preview:large","max-video-preview":"max-video-preview:-1"},"canonical":"https:\/\/gr-100.com\/en\/producto\/specialized-s-works-aethos-2-red-axs-2026\/","og_locale":"en_US","og_type":"article","og_title":"Specialized S-Works Aethos 2 RED AXS 2026","og_description":"Dise\u00f1ada rompiendo las reglas del ciclismo de competici\u00f3n, ofrece una experiencia de conducci\u00f3n pura y placentera, est\u00e1 pensada para desaparecer bajo ti","og_url":"https:\/\/gr-100.com\/en\/producto\/specialized-s-works-aethos-2-red-axs-2026\/","og_site_name":"Gr-100 Tienda de ciclismo Specialized","article_publisher":"https:\/\/www.facebook.com\/Gr100Bikes","og_image":[{"width":1000,"height":1000,"url":"https:\/\/gr-100.com\/wp-content\/uploads\/2025\/10\/aethos_26_1.jpg","type":"image\/jpeg"}],"twitter_card":"summary_large_image","twitter_misc":{"Est. reading time":"2 minutes"},"schema":{"@context":"https:\/\/schema.org","@graph":[{"@type":"WebPage","@id":"https:\/\/gr-100.com\/en\/producto\/specialized-s-works-aethos-2-red-axs-2026\/","url":"https:\/\/gr-100.com\/en\/producto\/specialized-s-works-aethos-2-red-axs-2026\/","name":"Specialized S-Works Aethos 2 RED AXS 2026 GR-100","isPartOf":{"@id":"https:\/\/gr-100.com\/#website"},"primaryImageOfPage":{"@id":"https:\/\/gr-100.com\/en\/producto\/specialized-s-works-aethos-2-red-axs-2026\/#primaryimage"},"image":{"@id":"https:\/\/gr-100.com\/en\/producto\/specialized-s-works-aethos-2-red-axs-2026\/#primaryimage"},"thumbnailUrl":"https:\/\/gr-100.com\/wp-content\/uploads\/2025\/10\/aethos_26_1.jpg","datePublished":"2025-10-02T16:59:12+00:00","description":"Dise\u00f1ada rompiendo las reglas del ciclismo de competici\u00f3n, ofrece una experiencia de conducci\u00f3n pura y placentera, est\u00e1 pensada para desaparecer bajo ti","breadcrumb":{"@id":"https:\/\/gr-100.com\/en\/producto\/specialized-s-works-aethos-2-red-axs-2026\/#breadcrumb"},"inLanguage":"en-US","potentialAction":[{"@type":"ReadAction","target":["https:\/\/gr-100.com\/en\/producto\/specialized-s-works-aethos-2-red-axs-2026\/"]}]},{"@type":"ImageObject","inLanguage":"en-US","@id":"https:\/\/gr-100.com\/en\/producto\/specialized-s-works-aethos-2-red-axs-2026\/#primaryimage","url":"https:\/\/gr-100.com\/wp-content\/uploads\/2025\/10\/aethos_26_1.jpg","contentUrl":"https:\/\/gr-100.com\/wp-content\/uploads\/2025\/10\/aethos_26_1.jpg","width":1000,"height":1000},{"@type":"BreadcrumbList","@id":"https:\/\/gr-100.com\/en\/producto\/specialized-s-works-aethos-2-red-axs-2026\/#breadcrumb","itemListElement":[{"@type":"ListItem","position":1,"name":"Portada","item":"https:\/\/gr-100.com\/pt-pt\/"},{"@type":"ListItem","position":2,"name":"Productos","item":"https:\/\/gr-100.com\/?post_type=product"},{"@type":"ListItem","position":3,"name":"Specialized S-Works Aethos 2 RED AXS 2026"}]},{"@type":"WebSite","@id":"https:\/\/gr-100.com\/#website","url":"https:\/\/gr-100.com\/","name":"Gr-100 Tienda de ciclismo Specialized","description":"GR-100 tenemos todas las gamas de bicicletas Specialized al mejor precio.","publisher":{"@id":"https:\/\/gr-100.com\/#organization"},"alternateName":"Gr-100 Bikes","potentialAction":[{"@type":"SearchAction","target":{"@type":"EntryPoint","urlTemplate":"https:\/\/gr-100.com\/?s={search_term_string}"},"query-input":{"@type":"PropertyValueSpecification","valueRequired":true,"valueName":"search_term_string"}}],"inLanguage":"en-US"},{"@type":"Organization","@id":"https:\/\/gr-100.com\/#organization","name":"Gr-100","url":"https:\/\/gr-100.com\/","logo":{"@type":"ImageObject","inLanguage":"en-US","@id":"https:\/\/gr-100.com\/#\/schema\/logo\/image\/","url":"https:\/\/gr-100.com\/wp-content\/uploads\/2023\/08\/logo-gr-100-bikes.png","contentUrl":"https:\/\/gr-100.com\/wp-content\/uploads\/2023\/08\/logo-gr-100-bikes.png","width":707,"height":284,"caption":"Gr-100"},"image":{"@id":"https:\/\/gr-100.com\/#\/schema\/logo\/image\/"},"sameAs":["https:\/\/www.facebook.com\/Gr100Bikes","https:\/\/www.instagram.com\/gr100bikes\/","https:\/\/www.tiktok.com\/@gr100bikes","https:\/\/twitter.com\/gr100mtbteam","https:\/\/www.youtube.com\/c\/GR100Specialized"]}]}},"_links":{"self":[{"href":"https:\/\/gr-100.com\/en\/wp-json\/wp\/v2\/product\/427099","targetHints":{"allow":["GET"]}}],"collection":[{"href":"https:\/\/gr-100.com\/en\/wp-json\/wp\/v2\/product"}],"about":[{"href":"https:\/\/gr-100.com\/en\/wp-json\/wp\/v2\/types\/product"}],"replies":[{"embeddable":true,"href":"https:\/\/gr-100.com\/en\/wp-json\/wp\/v2\/comments?post=427099"}],"wp:featuredmedia":[{"embeddable":true,"href":"https:\/\/gr-100.com\/en\/wp-json\/wp\/v2\/media\/418347"}],"wp:attachment":[{"href":"https:\/\/gr-100.com\/en\/wp-json\/wp\/v2\/media?parent=427099"}],"wp:term":[{"taxonomy":"product_brand","embeddable":true,"href":"https:\/\/gr-100.com\/en\/wp-json\/wp\/v2\/product_brand?post=427099"},{"taxonomy":"product_cat","embeddable":true,"href":"https:\/\/gr-100.com\/en\/wp-json\/wp\/v2\/product_cat?post=427099"},{"taxonomy":"product_tag","embeddable":true,"href":"https:\/\/gr-100.com\/en\/wp-json\/wp\/v2\/product_tag?post=427099"}],"curies":[{"name":"wp","href":"https:\/\/api.w.org\/{rel}","templated":true}]}}